

{"id":20333,"date":"2024-10-15T09:32:40","date_gmt":"2024-10-15T06:32:40","guid":{"rendered":"https:\/\/mirora.com\/?page_id=20333"},"modified":"2025-05-14T04:09:23","modified_gmt":"2025-05-14T01:09:23","slug":"sikca-sorulan-sorular","status":"publish","type":"page","link":"https:\/\/mirora.com\/en\/sikca-sorulan-sorular\/","title":{"rendered":"Frequently Asked Questions"},"content":{"rendered":"<div data-elementor-type=\"wp-page\" data-elementor-id=\"20333\" class=\"elementor elementor-20333\" data-elementor-post-type=\"page\">\n\t\t\t\t<div class=\"elementor-element elementor-element-79ffe5b e-flex e-con-boxed e-con e-parent\" data-id=\"79ffe5b\" data-element_type=\"container\" data-e-type=\"container\" data-settings=\"{&quot;background_background&quot;:&quot;classic&quot;}\">\n\t\t\t\t\t<div class=\"e-con-inner\">\n\t\t\t\t<div class=\"elementor-element elementor-element-66b026e elementor-widget elementor-widget-heading\" data-id=\"66b026e\" data-element_type=\"widget\" data-e-type=\"widget\" data-widget_type=\"heading.default\">\n\t\t\t\t\t<h1 class=\"elementor-heading-title elementor-size-default\">Footer One<\/h1>\t\t\t\t<\/div>\n\t\t\t\t\t<\/div>\n\t\t\t\t<\/div>\n\t\t\t\t<section class=\"elementor-section elementor-top-section elementor-element elementor-element-1965056 elementor-section-full_width elementor-section-height-default elementor-section-height-default\" data-id=\"1965056\" data-element_type=\"section\" data-e-type=\"section\">\n\t\t\t\t\t\t<div class=\"elementor-container elementor-column-gap-no\">\n\t\t\t\t\t<div class=\"elementor-column elementor-col-100 elementor-top-column elementor-element elementor-element-9cabd29\" data-id=\"9cabd29\" data-element_type=\"column\" data-e-type=\"column\">\n\t\t\t<div class=\"elementor-widget-wrap elementor-element-populated\">\n\t\t\t\t\t\t<section class=\"elementor-section elementor-inner-section elementor-element elementor-element-bdd87a4 elementor-reverse-tablet elementor-reverse-mobile elementor-section-boxed elementor-section-height-default elementor-section-height-default\" data-id=\"bdd87a4\" data-element_type=\"section\" data-e-type=\"section\">\n\t\t\t\t\t\t<div class=\"elementor-container elementor-column-gap-no\">\n\t\t\t\t\t<div class=\"elementor-column elementor-col-100 elementor-inner-column elementor-element elementor-element-ede560a\" data-id=\"ede560a\" data-element_type=\"column\" data-e-type=\"column\">\n\t\t\t<div class=\"elementor-widget-wrap elementor-element-populated\">\n\t\t\t\t\t\t<div class=\"elementor-element elementor-element-cbbe88d elementor-widget elementor-widget-text-editor\" data-id=\"cbbe88d\" data-element_type=\"widget\" data-e-type=\"widget\" data-widget_type=\"text-editor.default\">\n\t\t\t\t\t\t\t\t\t<p><span style=\"font-family: Roboto;\"><strong>1. What is your background in the translation industry?<\/strong><\/span><\/p><p class=\"translation-block\"><span style=\"font-family: Roboto\"><a href=\"http:\/\/mirora.com\/en\" target=\"_self\">As Mirora Translation<\/a> we have been offering our services as one of the leading companies in the industry since 1997. We showed our determination to grow by opening up to the world with our Ireland\/Dublin office in 2006 and the USA\/Texas\/Dallas office in 2016. Today, as a global translation company with over two hundred local\/foreign translators and business partners, we continue to offer professional solutions to our clients\u2019 translation, localization and language consultancy requirements with our offices in three continents.<\/p><p><span style=\"font-family: Roboto;\"><strong>2. In which languages do you offer translation services?<\/strong><\/span><\/p><p><span style=\"font-family: Roboto;\">In addition to English-Turkish language pairs, we provide services in more than forty language pairs related to English with our corporate partners who are native speakers of the target language at international standards. Like us, these partners are professional translation companies whose priority is quality. We offer accurate translation and localization services in every language and field of activity that our clients need.<\/span><\/p><p><span style=\"font-family: Roboto;\"><strong>3. Is there a confidentiality agreement in the translation services?<\/strong><\/span><\/p><p><span style=\"font-family: Roboto;\">Yes, a confidentiality agreement is absolutely necessary for the translation services. Privacy is one of the subjects that we remind our customers on all occasions and value the most. There is a confidentiality agreement to sign with Mirora about the subjects such as protection, storage, and destruction of, and sharing confidential information with third parties. We also do not conduct any business with our subcontractors without a confidentiality agreement.<\/span><\/p><p><span style=\"font-family: Roboto;\"><strong>4. Do you provide technical translation?<\/strong><\/span><\/p><p class=\"translation-block\">We have been providing technical translation services for over twenty years. <a href=\"https:\/\/mirora.com\/en\/technical-translation\/\" target=\"_self\">Technical translations<\/a> , which require clear and understandable sentences and are usually product- and service-oriented, are not open to interpretation; proper terminology and jargon must be used. At Mirora, we work with translators\/editors who are experts in their areas and have full knowledge of industry. We can create memory and term lists for our clients thanks to the advanced technology we use, and therefore we offer consistency in technical terminology and accurate translations.<\/p><p><span style=\"font-family: Roboto;\"><strong>5. What is a sworn translation?<\/strong><\/span><\/p><p><span style=\"font-family: Roboto;\"><a href=\"https:\/\/mirora.com\/en\/sworn-translation-3\/\" target=\"_self\">Sworn translation<\/a>, or certified translation, means translations signed and certified by a sworn translator. These types of documents are usually requested by private companies. Persons who graduated from relevant departments or can provide sufficient documents to prove to the notary that they have enough knowledge of the specific foreign la\/a&gt;nguage to translate is awarded the authority of a sworn translator by swearing in the presence of a notary. Sworn translators take the responsibility of the translation officially by signing the translated document.<\/span><\/p><p><span style=\"font-family: Roboto;\"><strong>6. What is the certificate of oath?<\/strong><\/span><\/p><p><span style=\"font-family: Roboto;\">The Turkish citizen translator who will officially perform translation works applies to the notary with documents showing that they know the source and target language. By reviewing these documents, the notary comes to a conclusion at its own discretion, and has the translator sign the certificate of oath. The translator takes an oath to translate both languages objectively, completely and accurately in the presence of the notary. Notaries are not accreditation agencies for the translation profession, and they do not administer exams and similar procedures for translators. They make a decision only based on the documents presented to them.<\/span><\/p><p><span style=\"font-family: Roboto;\"><strong>7. What is a notary certified translation?<\/strong><\/span><\/p><p class=\"translation-block\">A notary certified translation, also known as a notarized translation, is a translation that states that a document has been translated by a sworn translator in accordance with the source text and is also certified by a notary. The sworn translator signs each page of the source and target texts of the translation, and then the notary certifies authenticity of the translator\u2019s signature.<\/p><p><span style=\"font-family: Roboto;\"><strong>8. How long does it take to deliver written translations?<\/strong><\/span><\/p><p><span style=\"font-family: Roboto;\">Every translation company may give different information about delivery times of written translations. Delivery time is evaluated depending on different factors such as the type of translation, difficulty level, language pair, workload at hand, and the format of the source text. Here at Mirora, we provide a quality management system, in which all business processes, including stages of analysis and preparations prior to translation, and the tasks of translators\/editors are defined in detail. In this system, which operates smoothly from quoting to delivery, the daily word count that translators and editors will translate, edit and proofread can be determined at the beginning of the work. Depending on the area of specialty, the difficulty level of the text and the format of the source and target texts, a translator can translate 2500-3000 words on average daily (in eight hours of work) while an editor can redact around 5000 words. Mirora do not demand more from its team. Some companies or individuals may offer faster delivery times. We know that it means a compromise on quality, and we always make the necessary explanations to our clients about the possible consequences of being hasty with the delivery time.<\/span><\/p>\t\t\t\t\t\t\t\t<\/div>\n\t\t\t\t\t<\/div>\n\t\t<\/div>\n\t\t\t\t\t<\/div>\n\t\t<\/section>\n\t\t\t\t\t<\/div>\n\t\t<\/div>\n\t\t\t\t\t<\/div>\n\t\t<\/section>\n\t\t\t\t<\/div>","protected":false},"excerpt":{"rendered":"<p>1. What is your background in the translation industry? As Mirora Translation, we have been serving as one of the leading names in the sector since 1997. In 2006, Ireland\/Dublin...<\/p>","protected":false},"author":1,"featured_media":0,"parent":0,"menu_order":0,"comment_status":"closed","ping_status":"closed","template":"template-builder.php","meta":{"_monsterinsights_skip_tracking":false,"_monsterinsights_sitenote_active":false,"_monsterinsights_sitenote_note":"","_monsterinsights_sitenote_category":0,"footnotes":""},"class_list":["post-20333","page","type-page","status-publish","hentry"],"yoast_head":"<!-- This site is optimized with the Yoast SEO plugin v27.3 - https:\/\/yoast.com\/product\/yoast-seo-wordpress\/ -->\n<title>S\u0131k\u00e7a Sorulan Sorular - Mirora Translation<\/title>\n<meta name=\"description\" content=\"Mirora 2002 y\u0131l\u0131ndan beri m\u00fc\u015fteri \u00e7\u0131karlar\u0131n\u0131 koruyan, hi\u00e7 bir ku\u015fkuya ya da haks\u0131zl\u0131\u011fa a\u00e7\u0131k olmayan bir fiyatlama standard\u0131n\u0131 esas alm\u0131\u015ft\u0131r.\" \/>\n<meta name=\"robots\" content=\"index, follow, max-snippet:-1, max-image-preview:large, max-video-preview:-1\" \/>\n<link rel=\"canonical\" href=\"https:\/\/mirora.com\/en\/sikca-sorulan-sorular\/\" \/>\n<meta property=\"og:locale\" content=\"en_US\" \/>\n<meta property=\"og:type\" content=\"article\" \/>\n<meta property=\"og:title\" content=\"S\u0131k\u00e7a Sorulan Sorular - Mirora Translation\" \/>\n<meta property=\"og:description\" content=\"Mirora 2002 y\u0131l\u0131ndan beri m\u00fc\u015fteri \u00e7\u0131karlar\u0131n\u0131 koruyan, hi\u00e7 bir ku\u015fkuya ya da haks\u0131zl\u0131\u011fa a\u00e7\u0131k olmayan bir fiyatlama standard\u0131n\u0131 esas alm\u0131\u015ft\u0131r.\" \/>\n<meta property=\"og:url\" content=\"https:\/\/mirora.com\/en\/sikca-sorulan-sorular\/\" \/>\n<meta property=\"og:site_name\" content=\"Mirora Translation\" \/>\n<meta property=\"article:modified_time\" content=\"2025-05-14T01:09:23+00:00\" \/>\n<meta name=\"twitter:card\" content=\"summary_large_image\" \/>\n<meta name=\"twitter:label1\" content=\"Est. reading time\" \/>\n\t<meta name=\"twitter:data1\" content=\"3 minutes\" \/>\n<script type=\"application\/ld+json\" class=\"yoast-schema-graph\">{\"@context\":\"https:\\\/\\\/schema.org\",\"@graph\":[{\"@type\":\"WebPage\",\"@id\":\"https:\\\/\\\/mirora.com\\\/tr\\\/sikca-sorulan-sorular\\\/\",\"url\":\"https:\\\/\\\/mirora.com\\\/tr\\\/sikca-sorulan-sorular\\\/\",\"name\":\"S\u0131k\u00e7a Sorulan Sorular - Mirora Translation\",\"isPartOf\":{\"@id\":\"https:\\\/\\\/mirora.com\\\/#website\"},\"datePublished\":\"2024-10-15T06:32:40+00:00\",\"dateModified\":\"2025-05-14T01:09:23+00:00\",\"description\":\"Mirora 2002 y\u0131l\u0131ndan beri m\u00fc\u015fteri \u00e7\u0131karlar\u0131n\u0131 koruyan, hi\u00e7 bir ku\u015fkuya ya da haks\u0131zl\u0131\u011fa a\u00e7\u0131k olmayan bir fiyatlama standard\u0131n\u0131 esas alm\u0131\u015ft\u0131r.\",\"inLanguage\":\"en-US\",\"potentialAction\":[{\"@type\":\"ReadAction\",\"target\":[\"https:\\\/\\\/mirora.com\\\/tr\\\/sikca-sorulan-sorular\\\/\"]}]},{\"@type\":\"WebSite\",\"@id\":\"https:\\\/\\\/mirora.com\\\/#website\",\"url\":\"https:\\\/\\\/mirora.com\\\/\",\"name\":\"Mirora Translation\",\"description\":\"We Reflect Your Originals\",\"publisher\":{\"@id\":\"https:\\\/\\\/mirora.com\\\/#organization\"},\"potentialAction\":[{\"@type\":\"SearchAction\",\"target\":{\"@type\":\"EntryPoint\",\"urlTemplate\":\"https:\\\/\\\/mirora.com\\\/?s={search_term_string}\"},\"query-input\":{\"@type\":\"PropertyValueSpecification\",\"valueRequired\":true,\"valueName\":\"search_term_string\"}}],\"inLanguage\":\"en-US\"},{\"@type\":\"Organization\",\"@id\":\"https:\\\/\\\/mirora.com\\\/#organization\",\"name\":\"Mirora\",\"url\":\"https:\\\/\\\/mirora.com\\\/\",\"logo\":{\"@type\":\"ImageObject\",\"inLanguage\":\"en-US\",\"@id\":\"https:\\\/\\\/mirora.com\\\/#\\\/schema\\\/logo\\\/image\\\/\",\"url\":\"https:\\\/\\\/mirora.com\\\/wp-content\\\/uploads\\\/2023\\\/07\\\/MiroraLogo2.webp\",\"contentUrl\":\"https:\\\/\\\/mirora.com\\\/wp-content\\\/uploads\\\/2023\\\/07\\\/MiroraLogo2.webp\",\"width\":326,\"height\":108,\"caption\":\"Mirora\"},\"image\":{\"@id\":\"https:\\\/\\\/mirora.com\\\/#\\\/schema\\\/logo\\\/image\\\/\"}}]}<\/script>\n<!-- \/ Yoast SEO plugin. -->","yoast_head_json":{"title":"Frequently Asked Questions - Mirora Translation","description":"Since 2002, Mirora has been committed to a pricing standard that protects customer interests and is not open to any doubt or unfairness.","robots":{"index":"index","follow":"follow","max-snippet":"max-snippet:-1","max-image-preview":"max-image-preview:large","max-video-preview":"max-video-preview:-1"},"canonical":"https:\/\/mirora.com\/en\/sikca-sorulan-sorular\/","og_locale":"en_US","og_type":"article","og_title":"S\u0131k\u00e7a Sorulan Sorular - Mirora Translation","og_description":"Mirora 2002 y\u0131l\u0131ndan beri m\u00fc\u015fteri \u00e7\u0131karlar\u0131n\u0131 koruyan, hi\u00e7 bir ku\u015fkuya ya da haks\u0131zl\u0131\u011fa a\u00e7\u0131k olmayan bir fiyatlama standard\u0131n\u0131 esas alm\u0131\u015ft\u0131r.","og_url":"https:\/\/mirora.com\/en\/sikca-sorulan-sorular\/","og_site_name":"Mirora Translation","article_modified_time":"2025-05-14T01:09:23+00:00","twitter_card":"summary_large_image","twitter_misc":{"Est. reading time":"3 minutes"},"schema":{"@context":"https:\/\/schema.org","@graph":[{"@type":"WebPage","@id":"https:\/\/mirora.com\/tr\/sikca-sorulan-sorular\/","url":"https:\/\/mirora.com\/tr\/sikca-sorulan-sorular\/","name":"Frequently Asked Questions - Mirora Translation","isPartOf":{"@id":"https:\/\/mirora.com\/#website"},"datePublished":"2024-10-15T06:32:40+00:00","dateModified":"2025-05-14T01:09:23+00:00","description":"Since 2002, Mirora has been committed to a pricing standard that protects customer interests and is not open to any doubt or unfairness.","inLanguage":"en-US","potentialAction":[{"@type":"ReadAction","target":["https:\/\/mirora.com\/tr\/sikca-sorulan-sorular\/"]}]},{"@type":"WebSite","@id":"https:\/\/mirora.com\/#website","url":"https:\/\/mirora.com\/","name":"Mirora Translation","description":"We Reflect Your Originals","publisher":{"@id":"https:\/\/mirora.com\/#organization"},"potentialAction":[{"@type":"SearchAction","target":{"@type":"EntryPoint","urlTemplate":"https:\/\/mirora.com\/?s={search_term_string}"},"query-input":{"@type":"PropertyValueSpecification","valueRequired":true,"valueName":"search_term_string"}}],"inLanguage":"en-US"},{"@type":"Organization","@id":"https:\/\/mirora.com\/#organization","name":"Mirora","url":"https:\/\/mirora.com\/","logo":{"@type":"ImageObject","inLanguage":"en-US","@id":"https:\/\/mirora.com\/#\/schema\/logo\/image\/","url":"https:\/\/mirora.com\/wp-content\/uploads\/2023\/07\/MiroraLogo2.webp","contentUrl":"https:\/\/mirora.com\/wp-content\/uploads\/2023\/07\/MiroraLogo2.webp","width":326,"height":108,"caption":"Mirora"},"image":{"@id":"https:\/\/mirora.com\/#\/schema\/logo\/image\/"}}]}},"_links":{"self":[{"href":"https:\/\/mirora.com\/en\/wp-json\/wp\/v2\/pages\/20333","targetHints":{"allow":["GET"]}}],"collection":[{"href":"https:\/\/mirora.com\/en\/wp-json\/wp\/v2\/pages"}],"about":[{"href":"https:\/\/mirora.com\/en\/wp-json\/wp\/v2\/types\/page"}],"author":[{"embeddable":true,"href":"https:\/\/mirora.com\/en\/wp-json\/wp\/v2\/users\/1"}],"replies":[{"embeddable":true,"href":"https:\/\/mirora.com\/en\/wp-json\/wp\/v2\/comments?post=20333"}],"version-history":[{"count":10,"href":"https:\/\/mirora.com\/en\/wp-json\/wp\/v2\/pages\/20333\/revisions"}],"predecessor-version":[{"id":22290,"href":"https:\/\/mirora.com\/en\/wp-json\/wp\/v2\/pages\/20333\/revisions\/22290"}],"wp:attachment":[{"href":"https:\/\/mirora.com\/en\/wp-json\/wp\/v2\/media?parent=20333"}],"curies":[{"name":"wp","href":"https:\/\/api.w.org\/{rel}","templated":true}]}}