

{"id":21460,"date":"2025-03-07T09:49:19","date_gmt":"2025-03-07T06:49:19","guid":{"rendered":"https:\/\/mirora.com\/?page_id=21460"},"modified":"2026-01-28T12:09:41","modified_gmt":"2026-01-28T09:09:41","slug":"cerez-politikasi","status":"publish","type":"page","link":"https:\/\/mirora.com\/en\/cookie-policy\/","title":{"rendered":"Cookie Policy"},"content":{"rendered":"<div data-elementor-type=\"wp-page\" data-elementor-id=\"21460\" class=\"elementor elementor-21460\" data-elementor-post-type=\"page\">\n\t\t\t\t<div class=\"elementor-element elementor-element-d869f00 e-flex e-con-boxed e-con e-parent\" data-id=\"d869f00\" data-element_type=\"container\" data-e-type=\"container\" data-settings=\"{&quot;background_background&quot;:&quot;classic&quot;}\">\n\t\t\t\t\t<div class=\"e-con-inner\">\n\t\t\t\t<div class=\"elementor-element elementor-element-9a1ba63 elementor-widget elementor-widget-heading\" data-id=\"9a1ba63\" data-element_type=\"widget\" data-e-type=\"widget\" data-widget_type=\"heading.default\">\n\t\t\t\t\t<h1 class=\"elementor-heading-title elementor-size-default\">Footer One<\/h1>\t\t\t\t<\/div>\n\t\t\t\t\t<\/div>\n\t\t\t\t<\/div>\n\t\t\t\t<section class=\"elementor-section elementor-top-section elementor-element elementor-element-1965056 elementor-section-full_width elementor-section-height-default elementor-section-height-default\" data-id=\"1965056\" data-element_type=\"section\" data-e-type=\"section\">\n\t\t\t\t\t\t<div class=\"elementor-container elementor-column-gap-no\">\n\t\t\t\t\t<div class=\"elementor-column elementor-col-100 elementor-top-column elementor-element elementor-element-9cabd29\" data-id=\"9cabd29\" data-element_type=\"column\" data-e-type=\"column\">\n\t\t\t<div class=\"elementor-widget-wrap elementor-element-populated\">\n\t\t\t\t\t\t<section class=\"elementor-section elementor-inner-section elementor-element elementor-element-bdd87a4 elementor-reverse-tablet elementor-reverse-mobile elementor-section-boxed elementor-section-height-default elementor-section-height-default\" data-id=\"bdd87a4\" data-element_type=\"section\" data-e-type=\"section\">\n\t\t\t\t\t\t<div class=\"elementor-container elementor-column-gap-no\">\n\t\t\t\t\t<div class=\"elementor-column elementor-col-100 elementor-inner-column elementor-element elementor-element-ede560a\" data-id=\"ede560a\" data-element_type=\"column\" data-e-type=\"column\">\n\t\t\t<div class=\"elementor-widget-wrap elementor-element-populated\">\n\t\t\t\t\t\t<div class=\"elementor-element elementor-element-cbbe88d elementor-widget elementor-widget-text-editor\" data-id=\"cbbe88d\" data-element_type=\"widget\" data-e-type=\"widget\" data-widget_type=\"text-editor.default\">\n\t\t\t\t\t\t\t\t\t<h2><span style=\"font-family: Roboto; font-size: 22px;\">Website Privacy and Cookie Policy<\/span><\/h2><h3><span style=\"font-family: Roboto; font-size: 18px;\">Cookie Policy Text<\/span><\/h3><p class=\"translation-block\">Mirora respects your privacy and values the security of your data. As such, we process and protect the privacy of personal data of people who visit <a href=\"https:\/\/mirora.com\/en\/\" target=\"_self\">www.mirora.com<\/a> operated by Mirora in accordance with Law no. 6698 on the Protection of Personal Data. This Website Privacy and Cookie Policy determines the guidelines for processing visitors' personal information, cookie policy and privacy of the website.<\/p><h3><span style=\"font-family: Roboto; font-size: 16px;\">Information<\/span><\/h3><p><span style=\"font-family: Roboto;\">Many websites use Cookies to improve the technical, functional and experience quality and for other similar reasons. Below, we explain our use of Cookies and how users can manage these in various channels. The information described in this document should be evaluated as a whole with the Clarification Text and User Agreement which can be accessed from our site within the scope of the Law on the Protection of Personal Data.<\/span><\/p><h3><span style=\"font-family: Roboto; font-size: 16px;\">Our Privacy Policy<\/span><\/h3><p class=\"translation-block\">Your privacy is important to us, and your privacy and security rights are our basic principles. Within this scope, you can access our clarification text regarding the protection of personal data \u00a0<a href=\"https:\/\/www.fundomundo.com\/tr-tr\/kurumsal\/route('lighting')\" target=\"_self\">here.<\/a>\u00a0<\/span><\/p><h3><span style=\"font-family: Roboto; font-size: 16px;\">What is a Cookie and Why is it Used?<\/span><\/h3><p class=\"translation-block\">A Cookie is a type of identification file left on a computer by any Internet website. Information such as session information etc. is stored in cookie files. When a website containing cookies is visited, a request to leave one or more cookies on the hard disk is sent to the accessed browser. Cookies do not contain information such as the name, age, address or gender of the visitors. To get more detailed information about cookies, <a href=\"https:\/\/www.aboutcookies.org\/\" target=\"_self\">www.aboutcookies.org<\/a>\u00a0and\u00a0<a href=\"https:\/\/www.allaboutcookies.org\/verify\" target=\"_self\">www.allaboutcookies.org<\/a>\u00a0please visit <\/span><\/p><h3><span style=\"font-family: Roboto; font-size: 16px;\">Cookies can be used on a website for the following purposes:<\/span><\/h3><ul><li><span style=\"font-family: Roboto;\">Performing the functions needed to operate the website<\/span><\/li><li><span style=\"font-family: Roboto;\">Personalization of visit and experience, targeting, accurate and goal-oriented advertising, and promotion activities<\/span><\/li><li><span style=\"font-family: Roboto;\">Operating the website and its components in a correct, easy and more efficient manner<\/span><\/li><li><span style=\"font-family: Roboto;\">Increasing performance and improving user experience by analyzing information such as website and source use, visitor information and number, and determination of platforms<\/span><\/li><li><span style=\"font-family: Roboto;\">The fact that the Company needs your personal information, such as your IP address, in order to fulfill its legal and contractual obligations, especially those related to Law no. 5651 on the Regulation of Publications on the Internet and Suppression of Crimes Committed by Means of Such Publications and Legislation on the Procedures and Principles Related to the Regulation of Publications on the Internet.<\/span><\/li><\/ul><h3><span style=\"font-family: Roboto; font-size: 16px;\">What Type of Data Do We Process with Cookies?<\/span><\/h3><p><span style=\"font-family: Roboto;\">Depending on their type, cookies generally collect data related to your browsing and usage preferences on the device you use to access the website. These data include information regarding the pages you access, our services and products you review and your navigation on the website.<\/span><\/p><h3><span style=\"font-family: Roboto; font-size: 16px;\">How Do We Use Different Types of Cookies?<\/span><\/h3><p><span style=\"font-family: Roboto;\">We use different types of cookies on our website. These are cookies that are mandatory to operate the website, function cookies, analysis\/performance cookies and targeting\/advertisement cookies.<\/span><\/p><h3><span style=\"font-family: Roboto; font-size: 16px;\">Contact Us<\/span><\/h3><p><span style=\"font-family: Roboto;\">You can reach us at any time via info@mirora.com to send us all your questions and opinions regarding the policy.<\/span><\/p>\t\t\t\t\t\t\t\t<\/div>\n\t\t\t\t\t<\/div>\n\t\t<\/div>\n\t\t\t\t\t<\/div>\n\t\t<\/section>\n\t\t\t\t\t<\/div>\n\t\t<\/div>\n\t\t\t\t\t<\/div>\n\t\t<\/section>\n\t\t\t\t<\/div>","protected":false},"excerpt":{"rendered":"<p>Web Sitesi Gizlilik ve \u00c7erez Politikas\u0131 \u00c7erez (Cookie) Politikas\u0131 Metni Mirora gizlili\u011finize sayg\u0131 duyulmakta ve veri g\u00fcvenli\u011finize \u00f6nem verilmektedir. Bu&#8230;<\/p>","protected":false},"author":1,"featured_media":0,"parent":0,"menu_order":0,"comment_status":"closed","ping_status":"closed","template":"template-builder.php","meta":{"_monsterinsights_skip_tracking":false,"_monsterinsights_sitenote_active":false,"_monsterinsights_sitenote_note":"","_monsterinsights_sitenote_category":0,"footnotes":""},"class_list":["post-21460","page","type-page","status-publish","hentry"],"yoast_head":"<!-- This site is optimized with the Yoast SEO plugin v27.3 - https:\/\/yoast.com\/product\/yoast-seo-wordpress\/ -->\n<title>\u00c7erez Politikas\u0131 - Mirora Translation<\/title>\n<meta name=\"description\" content=\"Ayd\u0131nlatma ve r\u0131za metninin amac\u0131 ki\u015fisel bilgilerin ya da gizli nitelikli di\u011fer bilgilerin neler oldu\u011fu ve nas\u0131l i\u015flenece\u011fi, aktar\u0131laca\u011f\u0131, korunaca\u011f\u0131 veya imha edilece\u011fi konular\u0131nda sizi bilgilendirmektir.\" \/>\n<meta name=\"robots\" content=\"index, follow, max-snippet:-1, max-image-preview:large, max-video-preview:-1\" \/>\n<link rel=\"canonical\" href=\"https:\/\/mirora.com\/en\/cookie-policy\/\" \/>\n<meta property=\"og:locale\" content=\"en_US\" \/>\n<meta property=\"og:type\" content=\"article\" \/>\n<meta property=\"og:title\" content=\"\u00c7erez Politikas\u0131 - Mirora Translation\" \/>\n<meta property=\"og:description\" content=\"Ayd\u0131nlatma ve r\u0131za metninin amac\u0131 ki\u015fisel bilgilerin ya da gizli nitelikli di\u011fer bilgilerin neler oldu\u011fu ve nas\u0131l i\u015flenece\u011fi, aktar\u0131laca\u011f\u0131, korunaca\u011f\u0131 veya imha edilece\u011fi konular\u0131nda sizi bilgilendirmektir.\" \/>\n<meta property=\"og:url\" content=\"https:\/\/mirora.com\/en\/cookie-policy\/\" \/>\n<meta property=\"og:site_name\" content=\"Mirora Translation\" \/>\n<meta property=\"article:modified_time\" content=\"2026-01-28T09:09:41+00:00\" \/>\n<meta name=\"twitter:card\" content=\"summary_large_image\" \/>\n<meta name=\"twitter:label1\" content=\"Est. reading time\" \/>\n\t<meta name=\"twitter:data1\" content=\"2 minutes\" \/>\n<script type=\"application\/ld+json\" class=\"yoast-schema-graph\">{\"@context\":\"https:\\\/\\\/schema.org\",\"@graph\":[{\"@type\":\"WebPage\",\"@id\":\"https:\\\/\\\/mirora.com\\\/tr\\\/cerez-politikasi\\\/\",\"url\":\"https:\\\/\\\/mirora.com\\\/tr\\\/cerez-politikasi\\\/\",\"name\":\"\u00c7erez Politikas\u0131 - Mirora Translation\",\"isPartOf\":{\"@id\":\"https:\\\/\\\/mirora.com\\\/#website\"},\"datePublished\":\"2025-03-07T06:49:19+00:00\",\"dateModified\":\"2026-01-28T09:09:41+00:00\",\"description\":\"Ayd\u0131nlatma ve r\u0131za metninin amac\u0131 ki\u015fisel bilgilerin ya da gizli nitelikli di\u011fer bilgilerin neler oldu\u011fu ve nas\u0131l i\u015flenece\u011fi, aktar\u0131laca\u011f\u0131, korunaca\u011f\u0131 veya imha edilece\u011fi konular\u0131nda sizi bilgilendirmektir.\",\"inLanguage\":\"en-US\",\"potentialAction\":[{\"@type\":\"ReadAction\",\"target\":[\"https:\\\/\\\/mirora.com\\\/tr\\\/cerez-politikasi\\\/\"]}]},{\"@type\":\"WebSite\",\"@id\":\"https:\\\/\\\/mirora.com\\\/#website\",\"url\":\"https:\\\/\\\/mirora.com\\\/\",\"name\":\"Mirora Translation\",\"description\":\"We Reflect Your Originals\",\"publisher\":{\"@id\":\"https:\\\/\\\/mirora.com\\\/#organization\"},\"potentialAction\":[{\"@type\":\"SearchAction\",\"target\":{\"@type\":\"EntryPoint\",\"urlTemplate\":\"https:\\\/\\\/mirora.com\\\/?s={search_term_string}\"},\"query-input\":{\"@type\":\"PropertyValueSpecification\",\"valueRequired\":true,\"valueName\":\"search_term_string\"}}],\"inLanguage\":\"en-US\"},{\"@type\":\"Organization\",\"@id\":\"https:\\\/\\\/mirora.com\\\/#organization\",\"name\":\"Mirora\",\"url\":\"https:\\\/\\\/mirora.com\\\/\",\"logo\":{\"@type\":\"ImageObject\",\"inLanguage\":\"en-US\",\"@id\":\"https:\\\/\\\/mirora.com\\\/#\\\/schema\\\/logo\\\/image\\\/\",\"url\":\"https:\\\/\\\/mirora.com\\\/wp-content\\\/uploads\\\/2023\\\/07\\\/MiroraLogo2.webp\",\"contentUrl\":\"https:\\\/\\\/mirora.com\\\/wp-content\\\/uploads\\\/2023\\\/07\\\/MiroraLogo2.webp\",\"width\":326,\"height\":108,\"caption\":\"Mirora\"},\"image\":{\"@id\":\"https:\\\/\\\/mirora.com\\\/#\\\/schema\\\/logo\\\/image\\\/\"}}]}<\/script>\n<!-- \/ Yoast SEO plugin. -->","yoast_head_json":{"title":"Cookie Policy - Mirora Translation","description":"The purpose of the clarification and consent text is to inform you about what personal information or other confidential information is and how it will be processed, transferred, protected or destroyed.","robots":{"index":"index","follow":"follow","max-snippet":"max-snippet:-1","max-image-preview":"max-image-preview:large","max-video-preview":"max-video-preview:-1"},"canonical":"https:\/\/mirora.com\/en\/cookie-policy\/","og_locale":"en_US","og_type":"article","og_title":"\u00c7erez Politikas\u0131 - Mirora Translation","og_description":"Ayd\u0131nlatma ve r\u0131za metninin amac\u0131 ki\u015fisel bilgilerin ya da gizli nitelikli di\u011fer bilgilerin neler oldu\u011fu ve nas\u0131l i\u015flenece\u011fi, aktar\u0131laca\u011f\u0131, korunaca\u011f\u0131 veya imha edilece\u011fi konular\u0131nda sizi bilgilendirmektir.","og_url":"https:\/\/mirora.com\/en\/cookie-policy\/","og_site_name":"Mirora Translation","article_modified_time":"2026-01-28T09:09:41+00:00","twitter_card":"summary_large_image","twitter_misc":{"Est. reading time":"2 minutes"},"schema":{"@context":"https:\/\/schema.org","@graph":[{"@type":"WebPage","@id":"https:\/\/mirora.com\/tr\/cerez-politikasi\/","url":"https:\/\/mirora.com\/tr\/cerez-politikasi\/","name":"Cookie Policy - Mirora Translation","isPartOf":{"@id":"https:\/\/mirora.com\/#website"},"datePublished":"2025-03-07T06:49:19+00:00","dateModified":"2026-01-28T09:09:41+00:00","description":"The purpose of the clarification and consent text is to inform you about what personal information or other confidential information is and how it will be processed, transferred, protected or destroyed.","inLanguage":"en-US","potentialAction":[{"@type":"ReadAction","target":["https:\/\/mirora.com\/tr\/cerez-politikasi\/"]}]},{"@type":"WebSite","@id":"https:\/\/mirora.com\/#website","url":"https:\/\/mirora.com\/","name":"Mirora Translation","description":"We Reflect Your Originals","publisher":{"@id":"https:\/\/mirora.com\/#organization"},"potentialAction":[{"@type":"SearchAction","target":{"@type":"EntryPoint","urlTemplate":"https:\/\/mirora.com\/?s={search_term_string}"},"query-input":{"@type":"PropertyValueSpecification","valueRequired":true,"valueName":"search_term_string"}}],"inLanguage":"en-US"},{"@type":"Organization","@id":"https:\/\/mirora.com\/#organization","name":"Mirora","url":"https:\/\/mirora.com\/","logo":{"@type":"ImageObject","inLanguage":"en-US","@id":"https:\/\/mirora.com\/#\/schema\/logo\/image\/","url":"https:\/\/mirora.com\/wp-content\/uploads\/2023\/07\/MiroraLogo2.webp","contentUrl":"https:\/\/mirora.com\/wp-content\/uploads\/2023\/07\/MiroraLogo2.webp","width":326,"height":108,"caption":"Mirora"},"image":{"@id":"https:\/\/mirora.com\/#\/schema\/logo\/image\/"}}]}},"_links":{"self":[{"href":"https:\/\/mirora.com\/en\/wp-json\/wp\/v2\/pages\/21460","targetHints":{"allow":["GET"]}}],"collection":[{"href":"https:\/\/mirora.com\/en\/wp-json\/wp\/v2\/pages"}],"about":[{"href":"https:\/\/mirora.com\/en\/wp-json\/wp\/v2\/types\/page"}],"author":[{"embeddable":true,"href":"https:\/\/mirora.com\/en\/wp-json\/wp\/v2\/users\/1"}],"replies":[{"embeddable":true,"href":"https:\/\/mirora.com\/en\/wp-json\/wp\/v2\/comments?post=21460"}],"version-history":[{"count":10,"href":"https:\/\/mirora.com\/en\/wp-json\/wp\/v2\/pages\/21460\/revisions"}],"predecessor-version":[{"id":23099,"href":"https:\/\/mirora.com\/en\/wp-json\/wp\/v2\/pages\/21460\/revisions\/23099"}],"wp:attachment":[{"href":"https:\/\/mirora.com\/en\/wp-json\/wp\/v2\/media?parent=21460"}],"curies":[{"name":"wp","href":"https:\/\/api.w.org\/{rel}","templated":true}]}}