

{"id":22406,"date":"2025-05-19T14:41:52","date_gmt":"2025-05-19T11:41:52","guid":{"rendered":"https:\/\/mirora.com\/?page_id=22406"},"modified":"2025-05-19T14:42:24","modified_gmt":"2025-05-19T11:42:24","slug":"gurcuce-ceviri","status":"publish","type":"page","link":"https:\/\/mirora.com\/en\/georgian-translation\/","title":{"rendered":"Georgian Translation"},"content":{"rendered":"<div data-elementor-type=\"wp-page\" data-elementor-id=\"22406\" class=\"elementor elementor-22406\" data-elementor-post-type=\"page\">\n\t\t\t\t<div class=\"elementor-element elementor-element-b0953d2 e-flex e-con-boxed e-con e-parent\" data-id=\"b0953d2\" data-element_type=\"container\" data-e-type=\"container\" data-settings=\"{&quot;background_background&quot;:&quot;classic&quot;}\">\n\t\t\t\t\t<div class=\"e-con-inner\">\n\t\t\t\t<div class=\"elementor-element elementor-element-8f5b72a elementor-widget elementor-widget-heading\" data-id=\"8f5b72a\" data-element_type=\"widget\" data-e-type=\"widget\" data-widget_type=\"heading.default\">\n\t\t\t\t\t<h1 class=\"elementor-heading-title elementor-size-default\">Footer One<\/h1>\t\t\t\t<\/div>\n\t\t\t\t\t<\/div>\n\t\t\t\t<\/div>\n\t\t\t\t<section class=\"elementor-section elementor-top-section elementor-element elementor-element-7144dec elementor-section-full_width elementor-section-height-default elementor-section-height-default\" data-id=\"7144dec\" data-element_type=\"section\" data-e-type=\"section\">\n\t\t\t\t\t\t<div class=\"elementor-container elementor-column-gap-no\">\n\t\t\t\t\t<div class=\"elementor-column elementor-col-100 elementor-top-column elementor-element elementor-element-2ac3368\" data-id=\"2ac3368\" data-element_type=\"column\" data-e-type=\"column\">\n\t\t\t<div class=\"elementor-widget-wrap elementor-element-populated\">\n\t\t\t\t\t\t<section class=\"elementor-section elementor-inner-section elementor-element elementor-element-6cf5ae6 elementor-section-content-middle elementor-section-boxed elementor-section-height-default elementor-section-height-default\" data-id=\"6cf5ae6\" data-element_type=\"section\" data-e-type=\"section\">\n\t\t\t\t\t\t<div class=\"elementor-container elementor-column-gap-no\">\n\t\t\t\t\t<div class=\"elementor-column elementor-col-100 elementor-inner-column elementor-element elementor-element-309d6ce\" data-id=\"309d6ce\" data-element_type=\"column\" data-e-type=\"column\">\n\t\t\t<div class=\"elementor-widget-wrap elementor-element-populated\">\n\t\t\t\t\t\t<div class=\"elementor-element elementor-element-83a00e2 elementor-widget elementor-widget-text-editor\" data-id=\"83a00e2\" data-element_type=\"widget\" data-e-type=\"widget\" data-widget_type=\"text-editor.default\">\n\t\t\t\t\t\t\t\t\t<p>\u00a0<\/p><p>Echoing through the shadows of the Caucasus Mountains for millennia, Georgian stands as one of the world's oldest and most unique languages. Written in its distinctive alphabet, it forms the cultural bedrock of Georgia. Spoken by approximately 4.5 million people, Georgian is the primary representative of the Kartvelian language family.<\/p><p>The roots of Georgian trace back to the ancient kingdoms of Colchis and Iberia. Its alphabet (\u10db\u10ee\u10d4\u10d3\u10e0\u10e3\u10da\u10d8), developed in the 5th century AD, ranks among the world's 14 oldest writing systems still in use. The medieval golden age of Georgian literature produced Shota Rustaveli's \"The Knight in the Panther's Skin,\" a masterpiece showcasing the language's literary richness.<\/p><p>Linguistically, Georgian defies categorization with European or Asian languages. Its most striking feature is the ability to form words with up to eight consonants consecutively (like \"\u10d2\u10d5\u10e4\u10e0\u10ea\u10e5\u10d5\u10dc\u10d8\u10e1\" - gvprtskvnis). The verb system employs complex polypersonal agreement, simultaneously marking subject and object. Notably, Georgian lacks grammatical gender and letter case distinction.<\/p><p>Today, as Georgia's sole official language, Georgian thrives in both daily life and government institutions. Recognized by UNESCO as a protected language, it remains vital for cultural and political communication across the Caucasus region.<\/p><p>Through our local based language service partners, Mirora delivers specialized Georgian translation solutions. Our native teams, fluent in the language's intricate structure and versed in legal, medical, and tourism terminology, provide reliable translations for all technical and literary needs.<\/p><p>\u00a0<\/p>\t\t\t\t\t\t\t\t<\/div>\n\t\t\t\t\t<\/div>\n\t\t<\/div>\n\t\t\t\t\t<\/div>\n\t\t<\/section>\n\t\t\t\t\t<\/div>\n\t\t<\/div>\n\t\t\t\t\t<\/div>\n\t\t<\/section>\n\t\t\t\t<section class=\"elementor-section elementor-top-section elementor-element elementor-element-ccb76a8 elementor-section-full_width elementor-hidden-desktop elementor-hidden-tablet elementor-hidden-mobile elementor-section-height-default elementor-section-height-default\" data-id=\"ccb76a8\" data-element_type=\"section\" data-e-type=\"section\" data-settings=\"{&quot;background_background&quot;:&quot;classic&quot;}\">\n\t\t\t\t\t\t<div class=\"elementor-container elementor-column-gap-no\">\n\t\t\t\t\t<div class=\"elementor-column elementor-col-100 elementor-top-column elementor-element elementor-element-d111316\" data-id=\"d111316\" data-element_type=\"column\" data-e-type=\"column\">\n\t\t\t<div class=\"elementor-widget-wrap elementor-element-populated\">\n\t\t\t\t\t\t<section class=\"elementor-section elementor-inner-section elementor-element elementor-element-ca47f7a elementor-section-content-middle elementor-reverse-tablet elementor-reverse-mobile elementor-section-boxed elementor-section-height-default elementor-section-height-default\" data-id=\"ca47f7a\" data-element_type=\"section\" data-e-type=\"section\">\n\t\t\t\t\t\t<div class=\"elementor-container elementor-column-gap-no\">\n\t\t\t\t\t<div class=\"elementor-column elementor-col-100 elementor-inner-column elementor-element elementor-element-c81415a\" data-id=\"c81415a\" data-element_type=\"column\" data-e-type=\"column\">\n\t\t\t<div class=\"elementor-widget-wrap elementor-element-populated\">\n\t\t\t\t\t\t<div class=\"elementor-element elementor-element-a900d95 elementor-widget elementor-widget-edurasectiontitle\" data-id=\"a900d95\" data-element_type=\"widget\" data-e-type=\"widget\" data-widget_type=\"edurasectiontitle.default\">\n\t\t\t\t<div class=\"elementor-widget-container\">\n\t\t\t\t\t<div class=\"title-area mb-50\" ><span class=\"sub-title subtitle-selector\"><i class=\"fal fa-book me-2\"><\/i>FAQ<\/span><h2 class=\"sec-title title-selector\">Most Asked Questions\n<\/h2><\/div>\t\t\t\t<\/div>\n\t\t\t\t<\/div>\n\t\t\t\t<div class=\"elementor-element elementor-element-87e097c elementor-widget elementor-widget-edurafaq\" data-id=\"87e097c\" data-element_type=\"widget\" data-e-type=\"widget\" data-widget_type=\"edurafaq.default\">\n\t\t\t\t<div class=\"elementor-widget-container\">\n\t\t\t\t\t\r\n\t\t<div class=\"accordion-area accordion\" id=\"faqAccordion1\">\r\n\t\t\t            <div class=\"accordion-card style4\">\r\n            \t                <div class=\"accordion-header\" id=\"collapse-item-69e46857658b1\">\r\n                    <button class=\"accordion-button\" type=\"button\" data-bs-toggle=\"collapse\"\r\n                        data-bs-target=\"#collapse-69e46857658b1\" aria-expanded=\"true\" aria-controls=\"collapse-69e46857658b1\">How do you guarantee the accuracy of a translation into German?<\/button>\r\n                <\/div>\r\n                                                <div id=\"collapse-69e46857658b1\" class=\"accordion-collapse collapse show\"\r\n                    aria-labelledby=\"collapse-item-69e46857658b1\" data-bs-parent=\"#faqAccordion1\">\r\n                    <div class=\"accordion-body\">\r\n\t\t\t\t\t\t<p class=\"faq-text\"><div class=\"elementor-accordion-item\"><div id=\"elementor-tab-content-9851\" class=\"elementor-tab-content elementor-clearfix elementor-active\" role=\"region\" data-tab=\"1\" aria-labelledby=\"elementor-tab-title-9851\"><div class=\"ea-card ea-expand sp-ea-single\"><div id=\"collapse99120\" class=\"sp-collapse spcollapse collapsed show\" data-parent=\"#sp-ea-9912\"><div class=\"ea-body\"><div class=\"elementor-accordion-item\"><div id=\"elementor-tab-content-5231\" class=\"elementor-tab-content elementor-clearfix elementor-active\" role=\"region\" data-tab=\"1\" aria-labelledby=\"elementor-tab-title-5231\"><div class=\"elementor-accordion-item\"><div id=\"elementor-tab-content-1471\" class=\"elementor-tab-content elementor-clearfix elementor-active\" role=\"region\" data-tab=\"1\" aria-labelledby=\"elementor-tab-title-1471\"><div class=\"elementor-element elementor-element-c73943b elementor-widget elementor-widget-accordion\" data-id=\"c73943b\" data-element_type=\"widget\" data-widget_type=\"accordion.default\"><div class=\"elementor-widget-container\"><div class=\"elementor-accordion\"><div class=\"elementor-accordion-item\"><div id=\"elementor-tab-content-2081\" class=\"elementor-tab-content elementor-clearfix elementor-active\" role=\"region\" data-tab=\"1\" aria-labelledby=\"elementor-tab-title-2081\">Translations are done by native speakers of the target language as per international quality standards.\n\nAs Mirora, a company with experience of more than a quarter century, we provide services with our corporate business partners from around the world with quality certificates just like us.\n\nTranslations into German are done by these business partners who are native speakers of German (usually by using English as the buffer language).\n\nAfter completion of all control processes, such as editing and proofreading, the translation is delivered to the client with Mirora quality and assurance.<\/div><\/div><\/div><\/div><\/div><\/div><\/div><\/div><\/div><\/div><\/div><\/div><\/div><\/div><\/p>\r\n                    <\/div>\r\n                <\/div>\r\n                            <\/div>\r\n                    <\/div>\r\n\r\n    \t\t\t\t<\/div>\n\t\t\t\t<\/div>\n\t\t\t\t\t<\/div>\n\t\t<\/div>\n\t\t\t\t\t<\/div>\n\t\t<\/section>\n\t\t\t\t\t<\/div>\n\t\t<\/div>\n\t\t\t\t\t<\/div>\n\t\t<\/section>\n\t\t<div class=\"elementor-element elementor-element-11af725 e-flex e-con-boxed e-con e-parent\" data-id=\"11af725\" data-element_type=\"container\" data-e-type=\"container\">\n\t\t\t\t\t<div class=\"e-con-inner\">\n\t\t\t\t<div class=\"elementor-element elementor-element-0e0a559 elementor-widget elementor-widget-heading\" data-id=\"0e0a559\" data-element_type=\"widget\" data-e-type=\"widget\" data-widget_type=\"heading.default\">\n\t\t\t\t\t<h2 class=\"elementor-heading-title elementor-size-default\">These Articles May Interest You! Learn more about our service.<\/h2>\t\t\t\t<\/div>\n\t\t\t\t<div class=\"elementor-element elementor-element-8750193 elementor-widget-divider--view-line elementor-widget elementor-widget-divider\" data-id=\"8750193\" data-element_type=\"widget\" data-e-type=\"widget\" data-widget_type=\"divider.default\">\n\t\t\t\t\t\t\t<div class=\"elementor-divider\">\n\t\t\t<span class=\"elementor-divider-separator\">\n\t\t\t\t\t\t<\/span>\n\t\t<\/div>\n\t\t\t\t\t\t<\/div>\n\t\t\t\t\t<\/div>\n\t\t\t\t<\/div>\n\t\t<div class=\"elementor-element elementor-element-ffeea5b e-flex e-con-boxed e-con e-parent\" data-id=\"ffeea5b\" data-element_type=\"container\" data-e-type=\"container\">\n\t\t\t\t\t<div class=\"e-con-inner\">\n\t\t<div class=\"elementor-element elementor-element-d419971 e-con-full e-flex e-con e-child\" data-id=\"d419971\" data-element_type=\"container\" data-e-type=\"container\">\n\t\t\t\t<div class=\"elementor-element elementor-element-db803de premium-blog-align-left elementor-widget elementor-widget-premium-addon-blog\" data-id=\"db803de\" data-element_type=\"widget\" data-e-type=\"widget\" data-settings=\"{&quot;premium_blog_columns_number&quot;:&quot;100%&quot;,&quot;premium_blog_grid&quot;:&quot;yes&quot;,&quot;premium_blog_layout&quot;:&quot;even&quot;,&quot;premium_blog_columns_number_tablet&quot;:&quot;50%&quot;,&quot;premium_blog_columns_number_mobile&quot;:&quot;100%&quot;}\" data-widget_type=\"premium-addon-blog.default\">\n\t\t\t\t\t\n\t\t\n\n\t\t\t\t<div class=\"premium-blog-wrap  premium-blog-even\" data-page=\"22406\">\n\t\t\t\t\t\t\t\t\t<div class=\"premium-blog-post-outer-container\" data-total=\"1\">\n\t\t\t<div class=\"premium-blog-post-container premium-blog-skin-banner\">\n\t\t\t\t\t\t\t\t\t<div class=\"premium-blog-thumb-effect-wrapper\">\n\t\t\t\t\t\t<div class=\"premium-blog-thumbnail-container premium-blog-zoomin-effect\">\n\t\t\t\t\t\t\t<img fetchpriority=\"high\" decoding=\"async\" width=\"1620\" height=\"882\" src=\"https:\/\/mirora.com\/wp-content\/uploads\/2021\/07\/Almanca-ceviri-mirora-1.jpg\" class=\"attachment-full size-full wp-image-9090\" alt=\"German \u2013 Turkish Translation and Their Structural Worlds\" srcset=\"https:\/\/mirora.com\/wp-content\/uploads\/2021\/07\/Almanca-ceviri-mirora-1.jpg 1620w, https:\/\/mirora.com\/wp-content\/uploads\/2021\/07\/Almanca-ceviri-mirora-1-300x163.jpg 300w, https:\/\/mirora.com\/wp-content\/uploads\/2021\/07\/Almanca-ceviri-mirora-1-1024x558.jpg 1024w, https:\/\/mirora.com\/wp-content\/uploads\/2021\/07\/Almanca-ceviri-mirora-1-768x418.jpg 768w, https:\/\/mirora.com\/wp-content\/uploads\/2021\/07\/Almanca-ceviri-mirora-1-1536x836.jpg 1536w\" sizes=\"(max-width: 1620px) 100vw, 1620px\" \/>\t\t\t\t\t\t<\/div>\n\t\t\t\t\t\t\t\t\t\t\t\t\t<div class=\"premium-blog-thumbnail-overlay\">\n\t\t\t\t\t\t\t\t<a class=\"elementor-icon\" href=\"https:\/\/mirora.com\/en\/german-turkish-translation-and-the-structure-of-these-languages\/\" target=\"_blank\"><\/a>\n\t\t\t\t\t\t\t<\/div>\n\n\t\t\t\t\t\t\t\t\t\t\t\t\t\t\t\t\t\t<\/div>\n\t\t\t\t\t\t\t\t\t\t\t\t<div class=\"premium-blog-content-wrapper\">\n\n\t\t\t\t\t<div class=\"premium-blog-inner-container\">\n\n\t\t\t\t\t\t\t\t\t\t\t\t\t\t<h2 class=\"premium-blog-entry-title\">\n\t\t\t<a href=\"https:\/\/mirora.com\/en\/german-turkish-translation-and-the-structure-of-these-languages\/\" target=\"_blank\">\n\t\t\t\tGerman-Turkish Translation and the Structure of These Languages\t\t\t<\/a>\n\t\t<\/h2>\n\t\t\t\t<div class=\"premium-blog-entry-meta\">\n\t\t\t\n\t\t\t\n\t\t\t\n\t\t\t\t\t<\/div>\n\t\t\n\t\t\t\t\t<\/div>\n\n\t\t\t\t\t\t\t<div class=\"premium-blog-content-inner-wrapper\">\n\t\t<p class=\"premium-blog-post-content\">In this article, we will explore the impact of knowing the linguistic structure of languages on the translation process, and in this case, we will mainly focus on German \u2013 Turkish translation. When you step into the inflected world of the\u2026<\/p>\t\t<\/div>\n\t\t\t\t\t\t\t\n\t\t\t\t<\/div>\n\t\t\t<\/div>\n\t\t<\/div>\n\n\t\t\t\t\t\t\t<\/div>\n\n\t\t\n\t\t\n\t\t\t\t\t\t<\/div>\n\t\t\t\t<\/div>\n\t\t\t\t\t<\/div>\n\t\t\t\t<\/div>\n\t\t\t\t<section class=\"elementor-section elementor-top-section elementor-element elementor-element-91d946b elementor-section-full_width elementor-section-height-default elementor-section-height-default\" data-id=\"91d946b\" data-element_type=\"section\" data-e-type=\"section\">\n\t\t\t\t\t\t<div class=\"elementor-container elementor-column-gap-no\">\n\t\t\t\t\t<div class=\"elementor-column elementor-col-100 elementor-top-column elementor-element elementor-element-207c427\" data-id=\"207c427\" data-element_type=\"column\" data-e-type=\"column\">\n\t\t\t<div class=\"elementor-widget-wrap elementor-element-populated\">\n\t\t\t\t\t\t<div class=\"elementor-element elementor-element-b860bc1 elementor-widget elementor-widget-eduracta\" data-id=\"b860bc1\" data-element_type=\"widget\" data-e-type=\"widget\" data-widget_type=\"eduracta.default\">\n\t\t\t\t<div class=\"elementor-widget-container\">\n\t\t\t\t\t<div class=\"cta-area-1\" data-bg-src=\"https:\/\/themeholy.com\/wordpress\/edura\/wp-content\/uploads\/2023\/07\/cta-bg1.png\"><div class=\"container\"><div class=\"row align-items-center justify-content-between\"><div class=\"col-lg-8\"><div class=\"cta-wrap title-area mb-0\"><div class=\"cta-icon\"><img decoding=\"async\" src=\"https:\/\/themeholy.com\/wordpress\/edura\/wp-content\/uploads\/2023\/07\/cta-icon1.png\" alt=\"icon\"><\/div><div class=\"cta-content\"><h2 class=\"cta-title th-title sec-title\">Get Offer Now<\/h2><p class=\"cta-text th-desc\">Adding value to your brand is just a click away with Mirora.<\/p><\/div><a href=\"https:\/\/mirora.com\/en\/get-offer\/\" class=\"th-btn th_btn style8\">Get a Free Quote<i class=\"fa-regular fa-arrow-right ms-1\"><\/i><\/a><\/div><\/div><\/div><\/div><div class=\"cta-img-1\" data-overlay=\"title\" data-opacity=\"8\"><img decoding=\"async\" src=\"https:\/\/themeholy.com\/wordpress\/edura\/wp-content\/uploads\/2023\/07\/cta_1_1.png\" alt=\"Image\"><\/div><\/div>\t\t\t\t<\/div>\n\t\t\t\t<\/div>\n\t\t\t\t\t<\/div>\n\t\t<\/div>\n\t\t\t\t\t<\/div>\n\t\t<\/section>\n\t\t\t\t<\/div>","protected":false},"excerpt":{"rendered":"<p>\u00a0 Kafkas Da\u011flar\u0131&#8217;n\u0131n g\u00f6lgesinde bin y\u0131llard\u0131r yank\u0131lanan G\u00fcrc\u00fcce, d\u00fcnyan\u0131n en eski ve en benzersiz dillerinden biridir. Kendi alfabesiyle yaz\u0131lan bu&#8230;<\/p>","protected":false},"author":1,"featured_media":0,"parent":0,"menu_order":0,"comment_status":"closed","ping_status":"closed","template":"template-builder.php","meta":{"_monsterinsights_skip_tracking":false,"_monsterinsights_sitenote_active":false,"_monsterinsights_sitenote_note":"","_monsterinsights_sitenote_category":0,"footnotes":""},"class_list":["post-22406","page","type-page","status-publish","hentry","th-blog blog-single"],"yoast_head":"<!-- This site is optimized with the Yoast SEO plugin v27.3 - https:\/\/yoast.com\/product\/yoast-seo-wordpress\/ -->\n<title>G\u00fcrc\u00fcce \u00c7eviri - Mirora Translation<\/title>\n<meta name=\"description\" content=\"Almanca (Nem\u00e7ece), Hint-Avrupa dillerinin Cermen dilleri koluna ba\u011fl\u0131d\u0131r ve d\u00fcnyan\u0131n yayg\u0131n lisanlar\u0131ndan biridir.\" \/>\n<meta name=\"robots\" content=\"index, follow, max-snippet:-1, max-image-preview:large, max-video-preview:-1\" \/>\n<link rel=\"canonical\" href=\"https:\/\/mirora.com\/en\/georgian-translation\/\" \/>\n<meta property=\"og:locale\" content=\"en_US\" \/>\n<meta property=\"og:type\" content=\"article\" \/>\n<meta property=\"og:title\" content=\"G\u00fcrc\u00fcce \u00c7eviri - Mirora Translation\" \/>\n<meta property=\"og:description\" content=\"Almanca (Nem\u00e7ece), Hint-Avrupa dillerinin Cermen dilleri koluna ba\u011fl\u0131d\u0131r ve d\u00fcnyan\u0131n yayg\u0131n lisanlar\u0131ndan biridir.\" \/>\n<meta property=\"og:url\" content=\"https:\/\/mirora.com\/en\/georgian-translation\/\" \/>\n<meta property=\"og:site_name\" content=\"Mirora Translation\" \/>\n<meta property=\"article:modified_time\" content=\"2025-05-19T11:42:24+00:00\" \/>\n<meta property=\"og:image\" content=\"https:\/\/mirora.com\/wp-content\/uploads\/2021\/07\/Almanca-ceviri-mirora-1.jpg\" \/>\n<meta name=\"twitter:card\" content=\"summary_large_image\" \/>\n<meta name=\"twitter:label1\" content=\"Est. reading time\" \/>\n\t<meta name=\"twitter:data1\" content=\"2 minutes\" \/>\n<script type=\"application\/ld+json\" class=\"yoast-schema-graph\">{\"@context\":\"https:\\\/\\\/schema.org\",\"@graph\":[{\"@type\":\"WebPage\",\"@id\":\"https:\\\/\\\/mirora.com\\\/gurcuce-ceviri\\\/\",\"url\":\"https:\\\/\\\/mirora.com\\\/gurcuce-ceviri\\\/\",\"name\":\"G\u00fcrc\u00fcce \u00c7eviri - Mirora Translation\",\"isPartOf\":{\"@id\":\"https:\\\/\\\/mirora.com\\\/#website\"},\"primaryImageOfPage\":{\"@id\":\"https:\\\/\\\/mirora.com\\\/gurcuce-ceviri\\\/#primaryimage\"},\"image\":{\"@id\":\"https:\\\/\\\/mirora.com\\\/gurcuce-ceviri\\\/#primaryimage\"},\"thumbnailUrl\":\"https:\\\/\\\/mirora.com\\\/wp-content\\\/uploads\\\/2021\\\/07\\\/Almanca-ceviri-mirora-1.jpg\",\"datePublished\":\"2025-05-19T11:41:52+00:00\",\"dateModified\":\"2025-05-19T11:42:24+00:00\",\"description\":\"Almanca (Nem\u00e7ece), Hint-Avrupa dillerinin Cermen dilleri koluna ba\u011fl\u0131d\u0131r ve d\u00fcnyan\u0131n yayg\u0131n lisanlar\u0131ndan biridir.\",\"inLanguage\":\"en-US\",\"potentialAction\":[{\"@type\":\"ReadAction\",\"target\":[\"https:\\\/\\\/mirora.com\\\/gurcuce-ceviri\\\/\"]}]},{\"@type\":\"ImageObject\",\"inLanguage\":\"en-US\",\"@id\":\"https:\\\/\\\/mirora.com\\\/gurcuce-ceviri\\\/#primaryimage\",\"url\":\"https:\\\/\\\/mirora.com\\\/wp-content\\\/uploads\\\/2021\\\/07\\\/Almanca-ceviri-mirora-1.jpg\",\"contentUrl\":\"https:\\\/\\\/mirora.com\\\/wp-content\\\/uploads\\\/2021\\\/07\\\/Almanca-ceviri-mirora-1.jpg\"},{\"@type\":\"WebSite\",\"@id\":\"https:\\\/\\\/mirora.com\\\/#website\",\"url\":\"https:\\\/\\\/mirora.com\\\/\",\"name\":\"Mirora Translation\",\"description\":\"We Reflect Your Originals\",\"publisher\":{\"@id\":\"https:\\\/\\\/mirora.com\\\/#organization\"},\"potentialAction\":[{\"@type\":\"SearchAction\",\"target\":{\"@type\":\"EntryPoint\",\"urlTemplate\":\"https:\\\/\\\/mirora.com\\\/?s={search_term_string}\"},\"query-input\":{\"@type\":\"PropertyValueSpecification\",\"valueRequired\":true,\"valueName\":\"search_term_string\"}}],\"inLanguage\":\"en-US\"},{\"@type\":\"Organization\",\"@id\":\"https:\\\/\\\/mirora.com\\\/#organization\",\"name\":\"Mirora\",\"url\":\"https:\\\/\\\/mirora.com\\\/\",\"logo\":{\"@type\":\"ImageObject\",\"inLanguage\":\"en-US\",\"@id\":\"https:\\\/\\\/mirora.com\\\/#\\\/schema\\\/logo\\\/image\\\/\",\"url\":\"https:\\\/\\\/mirora.com\\\/wp-content\\\/uploads\\\/2023\\\/07\\\/MiroraLogo2.webp\",\"contentUrl\":\"https:\\\/\\\/mirora.com\\\/wp-content\\\/uploads\\\/2023\\\/07\\\/MiroraLogo2.webp\",\"width\":326,\"height\":108,\"caption\":\"Mirora\"},\"image\":{\"@id\":\"https:\\\/\\\/mirora.com\\\/#\\\/schema\\\/logo\\\/image\\\/\"}}]}<\/script>\n<!-- \/ Yoast SEO plugin. -->","yoast_head_json":{"title":"Georgian Translation - Mirora Translation","description":"German (Niddish) belongs to the Germanic branch of the Indo-European languages and is one of the world's most widespread languages.","robots":{"index":"index","follow":"follow","max-snippet":"max-snippet:-1","max-image-preview":"max-image-preview:large","max-video-preview":"max-video-preview:-1"},"canonical":"https:\/\/mirora.com\/en\/georgian-translation\/","og_locale":"en_US","og_type":"article","og_title":"G\u00fcrc\u00fcce \u00c7eviri - Mirora Translation","og_description":"Almanca (Nem\u00e7ece), Hint-Avrupa dillerinin Cermen dilleri koluna ba\u011fl\u0131d\u0131r ve d\u00fcnyan\u0131n yayg\u0131n lisanlar\u0131ndan biridir.","og_url":"https:\/\/mirora.com\/en\/georgian-translation\/","og_site_name":"Mirora Translation","article_modified_time":"2025-05-19T11:42:24+00:00","og_image":[{"url":"https:\/\/mirora.com\/wp-content\/uploads\/2021\/07\/Almanca-ceviri-mirora-1.jpg","type":"","width":"","height":""}],"twitter_card":"summary_large_image","twitter_misc":{"Est. reading time":"2 minutes"},"schema":{"@context":"https:\/\/schema.org","@graph":[{"@type":"WebPage","@id":"https:\/\/mirora.com\/gurcuce-ceviri\/","url":"https:\/\/mirora.com\/gurcuce-ceviri\/","name":"Georgian Translation - Mirora Translation","isPartOf":{"@id":"https:\/\/mirora.com\/#website"},"primaryImageOfPage":{"@id":"https:\/\/mirora.com\/gurcuce-ceviri\/#primaryimage"},"image":{"@id":"https:\/\/mirora.com\/gurcuce-ceviri\/#primaryimage"},"thumbnailUrl":"https:\/\/mirora.com\/wp-content\/uploads\/2021\/07\/Almanca-ceviri-mirora-1.jpg","datePublished":"2025-05-19T11:41:52+00:00","dateModified":"2025-05-19T11:42:24+00:00","description":"German (Niddish) belongs to the Germanic branch of the Indo-European languages and is one of the world's most widespread languages.","inLanguage":"en-US","potentialAction":[{"@type":"ReadAction","target":["https:\/\/mirora.com\/gurcuce-ceviri\/"]}]},{"@type":"ImageObject","inLanguage":"en-US","@id":"https:\/\/mirora.com\/gurcuce-ceviri\/#primaryimage","url":"https:\/\/mirora.com\/wp-content\/uploads\/2021\/07\/Almanca-ceviri-mirora-1.jpg","contentUrl":"https:\/\/mirora.com\/wp-content\/uploads\/2021\/07\/Almanca-ceviri-mirora-1.jpg"},{"@type":"WebSite","@id":"https:\/\/mirora.com\/#website","url":"https:\/\/mirora.com\/","name":"Mirora Translation","description":"We Reflect Your Originals","publisher":{"@id":"https:\/\/mirora.com\/#organization"},"potentialAction":[{"@type":"SearchAction","target":{"@type":"EntryPoint","urlTemplate":"https:\/\/mirora.com\/?s={search_term_string}"},"query-input":{"@type":"PropertyValueSpecification","valueRequired":true,"valueName":"search_term_string"}}],"inLanguage":"en-US"},{"@type":"Organization","@id":"https:\/\/mirora.com\/#organization","name":"Mirora","url":"https:\/\/mirora.com\/","logo":{"@type":"ImageObject","inLanguage":"en-US","@id":"https:\/\/mirora.com\/#\/schema\/logo\/image\/","url":"https:\/\/mirora.com\/wp-content\/uploads\/2023\/07\/MiroraLogo2.webp","contentUrl":"https:\/\/mirora.com\/wp-content\/uploads\/2023\/07\/MiroraLogo2.webp","width":326,"height":108,"caption":"Mirora"},"image":{"@id":"https:\/\/mirora.com\/#\/schema\/logo\/image\/"}}]}},"_links":{"self":[{"href":"https:\/\/mirora.com\/en\/wp-json\/wp\/v2\/pages\/22406","targetHints":{"allow":["GET"]}}],"collection":[{"href":"https:\/\/mirora.com\/en\/wp-json\/wp\/v2\/pages"}],"about":[{"href":"https:\/\/mirora.com\/en\/wp-json\/wp\/v2\/types\/page"}],"author":[{"embeddable":true,"href":"https:\/\/mirora.com\/en\/wp-json\/wp\/v2\/users\/1"}],"replies":[{"embeddable":true,"href":"https:\/\/mirora.com\/en\/wp-json\/wp\/v2\/comments?post=22406"}],"version-history":[{"count":4,"href":"https:\/\/mirora.com\/en\/wp-json\/wp\/v2\/pages\/22406\/revisions"}],"predecessor-version":[{"id":22411,"href":"https:\/\/mirora.com\/en\/wp-json\/wp\/v2\/pages\/22406\/revisions\/22411"}],"wp:attachment":[{"href":"https:\/\/mirora.com\/en\/wp-json\/wp\/v2\/media?parent=22406"}],"curies":[{"name":"wp","href":"https:\/\/api.w.org\/{rel}","templated":true}]}}