

{"id":6145,"date":"2024-05-28T13:52:26","date_gmt":"2024-05-28T10:52:26","guid":{"rendered":"https:\/\/mirora.com\/?page_id=6145"},"modified":"2025-05-14T04:12:30","modified_gmt":"2025-05-14T01:12:30","slug":"sorumluluk-ve-biz","status":"publish","type":"page","link":"https:\/\/mirora.com\/en\/responsibility-and-us\/","title":{"rendered":"Responsibility and Us"},"content":{"rendered":"<div data-elementor-type=\"wp-page\" data-elementor-id=\"6145\" class=\"elementor elementor-6145\" data-elementor-post-type=\"page\">\n\t\t\t\t<div class=\"elementor-element elementor-element-9c703f2 e-flex e-con-boxed e-con e-parent\" data-id=\"9c703f2\" data-element_type=\"container\" data-e-type=\"container\" data-settings=\"{&quot;background_background&quot;:&quot;classic&quot;}\">\n\t\t\t\t\t<div class=\"e-con-inner\">\n\t\t\t\t<div class=\"elementor-element elementor-element-dec43c2 elementor-widget elementor-widget-heading\" data-id=\"dec43c2\" data-element_type=\"widget\" data-e-type=\"widget\" data-widget_type=\"heading.default\">\n\t\t\t\t\t<h1 class=\"elementor-heading-title elementor-size-default\">Footer One<\/h1>\t\t\t\t<\/div>\n\t\t\t\t\t<\/div>\n\t\t\t\t<\/div>\n\t\t\t\t<section class=\"elementor-section elementor-top-section elementor-element elementor-element-1965056 elementor-section-full_width elementor-section-height-default elementor-section-height-default\" data-id=\"1965056\" data-element_type=\"section\" data-e-type=\"section\">\n\t\t\t\t\t\t<div class=\"elementor-container elementor-column-gap-no\">\n\t\t\t\t\t<div class=\"elementor-column elementor-col-100 elementor-top-column elementor-element elementor-element-9cabd29\" data-id=\"9cabd29\" data-element_type=\"column\" data-e-type=\"column\">\n\t\t\t<div class=\"elementor-widget-wrap elementor-element-populated\">\n\t\t\t\t\t\t<div class=\"shape-mockup elementor-element elementor-element-06cac30 elementor-widget elementor-widget-edurashapeimage\" data-id=\"06cac30\" data-element_type=\"widget\" data-e-type=\"widget\" data-widget_type=\"edurashapeimage.default\">\n\t\t\t\t<div class=\"elementor-widget-container\">\n\t\t\t\t\t<div class=\"shape-mockup jump-reverse d-lg-block d-none video-shape1\" data-top=\"-40%\" data-right=\"-35%\"><img decoding=\"async\" src=\"https:\/\/themeholy.com\/wordpress\/edura\/wp-content\/uploads\/2023\/08\/video-1_shape1.png\" alt=\"Mirora Translation\" ><\/div>\t\t\t\t<\/div>\n\t\t\t\t<\/div>\n\t\t\t\t<section class=\"elementor-section elementor-inner-section elementor-element elementor-element-bdd87a4 elementor-reverse-tablet elementor-reverse-mobile elementor-section-boxed elementor-section-height-default elementor-section-height-default\" data-id=\"bdd87a4\" data-element_type=\"section\" data-e-type=\"section\">\n\t\t\t\t\t\t<div class=\"elementor-container elementor-column-gap-no\">\n\t\t\t\t\t<div class=\"elementor-column elementor-col-50 elementor-inner-column elementor-element elementor-element-ede560a\" data-id=\"ede560a\" data-element_type=\"column\" data-e-type=\"column\">\n\t\t\t<div class=\"elementor-widget-wrap elementor-element-populated\">\n\t\t\t\t\t\t<div class=\"elementor-element elementor-element-80c10da elementor-widget elementor-widget-edurasectiontitle\" data-id=\"80c10da\" data-element_type=\"widget\" data-e-type=\"widget\" data-widget_type=\"edurasectiontitle.default\">\n\t\t\t\t<div class=\"elementor-widget-container\">\n\t\t\t\t\t<div class=\"title-area mb-25\" ><span class=\"sub-title subtitle-selector\"><i class=\"fal fa-book me-2\"><\/i>Towards a Barrier-Free Turkey!<\/span><h2 class=\"sec-title title-selector\">Mirora, Hand in Hand with AYDER\n<\/h2><p class=\"desc-selector\">Since 2005, Mirora has continually supported the Alternative Life Association (AYDER) which was established to accomplish its mission on the road to \u201cTurkey without Disability\u201d by offering alternative solutions for the disabled and all disadvantaged groups in \u201cDisability\u201d situations and producing innovative and sustainable projects. It has been transformed into a platform which will reintegrate a large number of disabled and socially disadvantaged groups into the economy as both producers and consumers. While most foundations try to develop products after their establishment, AYDER has become a society to streamline the works performed since 1997 under a single roof. AYDER, founded in 2002, has implemented products such as \u201cDiving is Freedom\u201d and \u201cAlternative Camp\u201d which had an overwhelming response in 1997. AYDER has planned and implemented many innovative projects such as \u201cReha Istanbul Fair\u201d in 2004, \u201cTourism without Disability\u201d in 2006, and \u201cDreams Academy\u201d in 2008.<\/p><\/div>\t\t\t\t<\/div>\n\t\t\t\t<\/div>\n\t\t\t\t\t<\/div>\n\t\t<\/div>\n\t\t\t\t<div class=\"elementor-column elementor-col-50 elementor-inner-column elementor-element elementor-element-c672ec9\" data-id=\"c672ec9\" data-element_type=\"column\" data-e-type=\"column\">\n\t\t\t<div class=\"elementor-widget-wrap elementor-element-populated\">\n\t\t\t\t\t\t<div class=\"elementor-element elementor-element-6750506 elementor-widget elementor-widget-video\" data-id=\"6750506\" data-element_type=\"widget\" data-e-type=\"widget\" data-settings=\"{&quot;youtube_url&quot;:&quot;https:\\\/\\\/youtu.be\\\/uqZD1mdsAA0?t=7&quot;,&quot;show_image_overlay&quot;:&quot;yes&quot;,&quot;image_overlay&quot;:{&quot;url&quot;:&quot;https:\\\/\\\/mirora.com\\\/wp-content\\\/uploads\\\/2024\\\/05\\\/sorumluluk-3.jpg&quot;,&quot;id&quot;:6167,&quot;size&quot;:&quot;&quot;,&quot;alt&quot;:&quot;&quot;,&quot;source&quot;:&quot;library&quot;},&quot;video_type&quot;:&quot;youtube&quot;}\" data-widget_type=\"video.default\">\n\t\t\t\t\t\t\t<div class=\"elementor-wrapper elementor-open-inline\">\n\t\t\t<div class=\"elementor-video\"><\/div>\t\t\t\t<div class=\"elementor-custom-embed-image-overlay\" style=\"background-image: url(https:\/\/mirora.com\/wp-content\/uploads\/2024\/05\/sorumluluk-3.jpg);\">\n\t\t\t\t\t\t\t\t\t\t\t\t\t\t\t\t<div class=\"elementor-custom-embed-play\" role=\"button\" aria-label=\"Play Video\" tabindex=\"0\">\n\t\t\t\t\t\t\t<svg aria-hidden=\"true\" class=\"e-font-icon-svg e-eicon-play\" viewbox=\"0 0 1000 1000\" xmlns=\"http:\/\/www.w3.org\/2000\/svg\"><path d=\"M838 162C746 71 633 25 500 25 371 25 258 71 163 162 71 254 25 367 25 500 25 633 71 746 163 837 254 929 367 979 500 979 633 979 746 933 838 837 929 746 975 633 975 500 975 367 929 254 838 162M808 192C892 279 933 379 933 500 933 621 892 725 808 808 725 892 621 938 500 938 379 938 279 896 196 808 113 725 67 621 67 500 67 379 108 279 196 192 279 108 383 62 500 62 621 62 721 108 808 192M438 392V642L642 517 438 392Z\"><\/path><\/svg>\t\t\t\t\t\t<\/div>\n\t\t\t\t\t\t\t\t\t<\/div>\n\t\t\t\t\t<\/div>\n\t\t\t\t\t\t<\/div>\n\t\t\t\t\t<\/div>\n\t\t<\/div>\n\t\t\t\t\t<\/div>\n\t\t<\/section>\n\t\t\t\t\t<\/div>\n\t\t<\/div>\n\t\t\t\t\t<\/div>\n\t\t<\/section>\n\t\t\t\t<section class=\"elementor-section elementor-top-section elementor-element elementor-element-940198e elementor-section-full_width elementor-section-height-default elementor-section-height-default\" data-id=\"940198e\" data-element_type=\"section\" data-e-type=\"section\" data-settings=\"{&quot;background_background&quot;:&quot;classic&quot;}\">\n\t\t\t\t\t\t<div class=\"elementor-container elementor-column-gap-no\">\n\t\t\t\t\t<div class=\"elementor-column elementor-col-100 elementor-top-column elementor-element elementor-element-6b84c09\" data-id=\"6b84c09\" data-element_type=\"column\" data-e-type=\"column\">\n\t\t\t<div class=\"elementor-widget-wrap elementor-element-populated\">\n\t\t\t\t\t\t<section class=\"elementor-section elementor-inner-section elementor-element elementor-element-3aa2bb8 elementor-section-boxed elementor-section-height-default elementor-section-height-default\" data-id=\"3aa2bb8\" data-element_type=\"section\" data-e-type=\"section\">\n\t\t\t\t\t\t<div class=\"elementor-container elementor-column-gap-no\">\n\t\t\t\t\t<div class=\"elementor-column elementor-col-50 elementor-inner-column elementor-element elementor-element-1152bc8\" data-id=\"1152bc8\" data-element_type=\"column\" data-e-type=\"column\">\n\t\t\t<div class=\"elementor-widget-wrap elementor-element-populated\">\n\t\t\t\t\t\t<div class=\"elementor-element elementor-element-d6a98bf elementor-widget elementor-widget-eduragroupimage\" data-id=\"d6a98bf\" data-element_type=\"widget\" data-e-type=\"widget\" data-widget_type=\"eduragroupimage.default\">\n\t\t\t\t<div class=\"elementor-widget-container\">\n\t\t\t\t\t<div class=\"wcu-img-1\"><div class=\"img1\"><img decoding=\"async\" src=\"https:\/\/mirora.com\/wp-content\/uploads\/2024\/05\/sosyal2.jpg\" alt=\"About\"><\/div><div class=\"student-count jump-reverse\"><img decoding=\"async\" src=\"https:\/\/mirora.com\/wp-content\/uploads\/2024\/05\/sosyal3.jpg\" alt=\"About\"><\/div><\/div>\t\t\t\t<\/div>\n\t\t\t\t<\/div>\n\t\t\t\t\t<\/div>\n\t\t<\/div>\n\t\t\t\t<div class=\"elementor-column elementor-col-50 elementor-inner-column elementor-element elementor-element-6f657f5\" data-id=\"6f657f5\" data-element_type=\"column\" data-e-type=\"column\">\n\t\t\t<div class=\"elementor-widget-wrap elementor-element-populated\">\n\t\t\t\t\t\t<div class=\"elementor-element elementor-element-e6f0b48 elementor-widget elementor-widget-edurasectiontitle\" data-id=\"e6f0b48\" data-element_type=\"widget\" data-e-type=\"widget\" data-widget_type=\"edurasectiontitle.default\">\n\t\t\t\t<div class=\"elementor-widget-container\">\n\t\t\t\t\t<div class=\"title-area mb-25\" ><p class=\"desc-selector\">When we allocated a part of our Kozyata\u011f\u0131 office to AYDER, we never anticipated just how much the pictures painted on the walls would motivate us. We were excited and inspired by all the photographs which reflected the enthusiasm of the visually impaired mountain climbers; the smiling faces of the spinal cord paralytics or persons with Down syndrome scuba diving; and the photographs of our brothers and sisters skydiving and freed of all disabilities by flying. For several years, we have been making efforts to transform our customer\/vendor satisfaction surveys into donation campaigns. We announced to our stakeholders that we would make a certain donation amount in return for each survey form filled out to evaluate us. Thus, we tried to go beyond making only material sharing with our stakeholders.\n<br>\n<br>\nAYDER is a member of the United Nations\u00a0<b>\"Global Compact\"<\/b>\u00a0(Global Compact), the first non-governmental organization to sign the Global Compact.\n<br>\n<br>\n<b>Dreams Academy<\/b>\n<br>\n<br>\nOur old friend, founder of AYDER and Dreams Academy\u00a0<b>Ercan Tutal<\/b>\u00a0He said:\n<br>\n<br>\n<b>\"Do the blind dream? They do... It is those who lose their dreams who become blind!..\"<\/b>\n<br>\n<br>\nWhere dreams end, there is no life anymore... \/ The reason for existence of human beings ends... \/ And life becomes a dark flow for some of us and a bright flow for others... \/ Fast, irresistible.\n<br>\n<br>\nDreams Academy has transformed into a permanent alternative art and culture academy that prepares young people for life. Please visit the Dreams Academy's website for more details about the projects.<\/p><\/div>\t\t\t\t<\/div>\n\t\t\t\t<\/div>\n\t\t\t\t\t<\/div>\n\t\t<\/div>\n\t\t\t\t\t<\/div>\n\t\t<\/section>\n\t\t\t\t\t<\/div>\n\t\t<\/div>\n\t\t\t\t\t<\/div>\n\t\t<\/section>\n\t\t\t\t<\/div>","protected":false},"excerpt":{"rendered":"<p>Towards a Barrier-Free Turkey! Mirora, AYDER Join Hands Mirora is an innovative and innovative organization that offers alternative solutions to the phenomenon of \"Disability\" for the disabled and all disadvantaged groups.<\/p>","protected":false},"author":1,"featured_media":0,"parent":0,"menu_order":0,"comment_status":"closed","ping_status":"closed","template":"template-builder.php","meta":{"_monsterinsights_skip_tracking":false,"_monsterinsights_sitenote_active":false,"_monsterinsights_sitenote_note":"","_monsterinsights_sitenote_category":0,"footnotes":""},"class_list":["post-6145","page","type-page","status-publish","hentry"],"yoast_head":"<!-- This site is optimized with the Yoast SEO plugin v27.4 - https:\/\/yoast.com\/product\/yoast-seo-wordpress\/ -->\n<title>Sorumluluk ve Biz - Mirora Translation<\/title>\n<meta name=\"description\" content=\"Mirora, engellilere ve b\u00fct\u00fcn dezavantajl\u0131 gruplara y\u00f6nelik \u201cEngellilik\u201d olgusuna alternatif \u00e7\u00f6z\u00fcmler \u00f6neren, yenilik\u00e7i ve s\u00fcrd\u00fcr\u00fclebilir projeler \u00fcretiyor.\" \/>\n<meta name=\"robots\" content=\"index, follow, max-snippet:-1, max-image-preview:large, max-video-preview:-1\" \/>\n<link rel=\"canonical\" href=\"https:\/\/cornflowerblue-wolverine-646520.hostingersite.com\/sorumluluk-ve-biz\/\" \/>\n<meta property=\"og:locale\" content=\"en_US\" \/>\n<meta property=\"og:type\" content=\"article\" \/>\n<meta property=\"og:title\" content=\"Sorumluluk ve Biz - Mirora Translation\" \/>\n<meta property=\"og:description\" content=\"Mirora, engellilere ve b\u00fct\u00fcn dezavantajl\u0131 gruplara y\u00f6nelik \u201cEngellilik\u201d olgusuna alternatif \u00e7\u00f6z\u00fcmler \u00f6neren, yenilik\u00e7i ve s\u00fcrd\u00fcr\u00fclebilir projeler \u00fcretiyor.\" \/>\n<meta property=\"og:url\" content=\"https:\/\/cornflowerblue-wolverine-646520.hostingersite.com\/sorumluluk-ve-biz\/\" \/>\n<meta property=\"og:site_name\" content=\"Mirora Translation\" \/>\n<meta property=\"article:modified_time\" content=\"2025-05-14T01:12:30+00:00\" \/>\n<meta property=\"og:image\" content=\"https:\/\/themeholy.com\/wordpress\/edura\/wp-content\/uploads\/2023\/08\/video-1_shape1.png\" \/>\n<meta name=\"twitter:card\" content=\"summary_large_image\" \/>\n<meta name=\"twitter:label1\" content=\"Est. reading time\" \/>\n\t<meta name=\"twitter:data1\" content=\"2 minutes\" \/>\n<script type=\"application\/ld+json\" class=\"yoast-schema-graph\">{\"@context\":\"https:\\\/\\\/schema.org\",\"@graph\":[{\"@type\":\"WebPage\",\"@id\":\"https:\\\/\\\/cornflowerblue-wolverine-646520.hostingersite.com\\\/sorumluluk-ve-biz\\\/\",\"url\":\"https:\\\/\\\/cornflowerblue-wolverine-646520.hostingersite.com\\\/sorumluluk-ve-biz\\\/\",\"name\":\"Sorumluluk ve Biz - Mirora Translation\",\"isPartOf\":{\"@id\":\"https:\\\/\\\/mirora.com\\\/#website\"},\"primaryImageOfPage\":{\"@id\":\"https:\\\/\\\/cornflowerblue-wolverine-646520.hostingersite.com\\\/sorumluluk-ve-biz\\\/#primaryimage\"},\"image\":{\"@id\":\"https:\\\/\\\/cornflowerblue-wolverine-646520.hostingersite.com\\\/sorumluluk-ve-biz\\\/#primaryimage\"},\"thumbnailUrl\":\"https:\\\/\\\/themeholy.com\\\/wordpress\\\/edura\\\/wp-content\\\/uploads\\\/2023\\\/08\\\/video-1_shape1.png\",\"datePublished\":\"2024-05-28T10:52:26+00:00\",\"dateModified\":\"2025-05-14T01:12:30+00:00\",\"description\":\"Mirora, engellilere ve b\u00fct\u00fcn dezavantajl\u0131 gruplara y\u00f6nelik \u201cEngellilik\u201d olgusuna alternatif \u00e7\u00f6z\u00fcmler \u00f6neren, yenilik\u00e7i ve s\u00fcrd\u00fcr\u00fclebilir projeler \u00fcretiyor.\",\"inLanguage\":\"en-US\",\"potentialAction\":[{\"@type\":\"ReadAction\",\"target\":[\"https:\\\/\\\/cornflowerblue-wolverine-646520.hostingersite.com\\\/sorumluluk-ve-biz\\\/\"]}]},{\"@type\":\"ImageObject\",\"inLanguage\":\"en-US\",\"@id\":\"https:\\\/\\\/cornflowerblue-wolverine-646520.hostingersite.com\\\/sorumluluk-ve-biz\\\/#primaryimage\",\"url\":\"https:\\\/\\\/themeholy.com\\\/wordpress\\\/edura\\\/wp-content\\\/uploads\\\/2023\\\/08\\\/video-1_shape1.png\",\"contentUrl\":\"https:\\\/\\\/themeholy.com\\\/wordpress\\\/edura\\\/wp-content\\\/uploads\\\/2023\\\/08\\\/video-1_shape1.png\"},{\"@type\":\"WebSite\",\"@id\":\"https:\\\/\\\/mirora.com\\\/#website\",\"url\":\"https:\\\/\\\/mirora.com\\\/\",\"name\":\"Mirora Translation\",\"description\":\"We Reflect Your Originals\",\"publisher\":{\"@id\":\"https:\\\/\\\/mirora.com\\\/#organization\"},\"potentialAction\":[{\"@type\":\"SearchAction\",\"target\":{\"@type\":\"EntryPoint\",\"urlTemplate\":\"https:\\\/\\\/mirora.com\\\/?s={search_term_string}\"},\"query-input\":{\"@type\":\"PropertyValueSpecification\",\"valueRequired\":true,\"valueName\":\"search_term_string\"}}],\"inLanguage\":\"en-US\"},{\"@type\":\"Organization\",\"@id\":\"https:\\\/\\\/mirora.com\\\/#organization\",\"name\":\"Mirora\",\"url\":\"https:\\\/\\\/mirora.com\\\/\",\"logo\":{\"@type\":\"ImageObject\",\"inLanguage\":\"en-US\",\"@id\":\"https:\\\/\\\/mirora.com\\\/#\\\/schema\\\/logo\\\/image\\\/\",\"url\":\"https:\\\/\\\/mirora.com\\\/wp-content\\\/uploads\\\/2023\\\/07\\\/MiroraLogo2.webp\",\"contentUrl\":\"https:\\\/\\\/mirora.com\\\/wp-content\\\/uploads\\\/2023\\\/07\\\/MiroraLogo2.webp\",\"width\":326,\"height\":108,\"caption\":\"Mirora\"},\"image\":{\"@id\":\"https:\\\/\\\/mirora.com\\\/#\\\/schema\\\/logo\\\/image\\\/\"}}]}<\/script>\n<!-- \/ Yoast SEO plugin. -->","yoast_head_json":{"title":"Responsibility and Us - Mirora Translation","description":"Mirora produces innovative and sustainable projects that offer alternative solutions to the phenomenon of \"Disability\" for the disabled and all disadvantaged groups.","robots":{"index":"index","follow":"follow","max-snippet":"max-snippet:-1","max-image-preview":"max-image-preview:large","max-video-preview":"max-video-preview:-1"},"canonical":"https:\/\/cornflowerblue-wolverine-646520.hostingersite.com\/sorumluluk-ve-biz\/","og_locale":"en_US","og_type":"article","og_title":"Sorumluluk ve Biz - Mirora Translation","og_description":"Mirora, engellilere ve b\u00fct\u00fcn dezavantajl\u0131 gruplara y\u00f6nelik \u201cEngellilik\u201d olgusuna alternatif \u00e7\u00f6z\u00fcmler \u00f6neren, yenilik\u00e7i ve s\u00fcrd\u00fcr\u00fclebilir projeler \u00fcretiyor.","og_url":"https:\/\/cornflowerblue-wolverine-646520.hostingersite.com\/sorumluluk-ve-biz\/","og_site_name":"Mirora Translation","article_modified_time":"2025-05-14T01:12:30+00:00","og_image":[{"url":"https:\/\/themeholy.com\/wordpress\/edura\/wp-content\/uploads\/2023\/08\/video-1_shape1.png","type":"","width":"","height":""}],"twitter_card":"summary_large_image","twitter_misc":{"Est. reading time":"2 minutes"},"schema":{"@context":"https:\/\/schema.org","@graph":[{"@type":"WebPage","@id":"https:\/\/cornflowerblue-wolverine-646520.hostingersite.com\/sorumluluk-ve-biz\/","url":"https:\/\/cornflowerblue-wolverine-646520.hostingersite.com\/sorumluluk-ve-biz\/","name":"Responsibility and Us - Mirora Translation","isPartOf":{"@id":"https:\/\/mirora.com\/#website"},"primaryImageOfPage":{"@id":"https:\/\/cornflowerblue-wolverine-646520.hostingersite.com\/sorumluluk-ve-biz\/#primaryimage"},"image":{"@id":"https:\/\/cornflowerblue-wolverine-646520.hostingersite.com\/sorumluluk-ve-biz\/#primaryimage"},"thumbnailUrl":"https:\/\/themeholy.com\/wordpress\/edura\/wp-content\/uploads\/2023\/08\/video-1_shape1.png","datePublished":"2024-05-28T10:52:26+00:00","dateModified":"2025-05-14T01:12:30+00:00","description":"Mirora produces innovative and sustainable projects that offer alternative solutions to the phenomenon of \"Disability\" for the disabled and all disadvantaged groups.","inLanguage":"en-US","potentialAction":[{"@type":"ReadAction","target":["https:\/\/cornflowerblue-wolverine-646520.hostingersite.com\/sorumluluk-ve-biz\/"]}]},{"@type":"ImageObject","inLanguage":"en-US","@id":"https:\/\/cornflowerblue-wolverine-646520.hostingersite.com\/sorumluluk-ve-biz\/#primaryimage","url":"https:\/\/themeholy.com\/wordpress\/edura\/wp-content\/uploads\/2023\/08\/video-1_shape1.png","contentUrl":"https:\/\/themeholy.com\/wordpress\/edura\/wp-content\/uploads\/2023\/08\/video-1_shape1.png"},{"@type":"WebSite","@id":"https:\/\/mirora.com\/#website","url":"https:\/\/mirora.com\/","name":"Mirora Translation","description":"We Reflect Your Originals","publisher":{"@id":"https:\/\/mirora.com\/#organization"},"potentialAction":[{"@type":"SearchAction","target":{"@type":"EntryPoint","urlTemplate":"https:\/\/mirora.com\/?s={search_term_string}"},"query-input":{"@type":"PropertyValueSpecification","valueRequired":true,"valueName":"search_term_string"}}],"inLanguage":"en-US"},{"@type":"Organization","@id":"https:\/\/mirora.com\/#organization","name":"Mirora","url":"https:\/\/mirora.com\/","logo":{"@type":"ImageObject","inLanguage":"en-US","@id":"https:\/\/mirora.com\/#\/schema\/logo\/image\/","url":"https:\/\/mirora.com\/wp-content\/uploads\/2023\/07\/MiroraLogo2.webp","contentUrl":"https:\/\/mirora.com\/wp-content\/uploads\/2023\/07\/MiroraLogo2.webp","width":326,"height":108,"caption":"Mirora"},"image":{"@id":"https:\/\/mirora.com\/#\/schema\/logo\/image\/"}}]}},"_links":{"self":[{"href":"https:\/\/mirora.com\/en\/wp-json\/wp\/v2\/pages\/6145","targetHints":{"allow":["GET"]}}],"collection":[{"href":"https:\/\/mirora.com\/en\/wp-json\/wp\/v2\/pages"}],"about":[{"href":"https:\/\/mirora.com\/en\/wp-json\/wp\/v2\/types\/page"}],"author":[{"embeddable":true,"href":"https:\/\/mirora.com\/en\/wp-json\/wp\/v2\/users\/1"}],"replies":[{"embeddable":true,"href":"https:\/\/mirora.com\/en\/wp-json\/wp\/v2\/comments?post=6145"}],"version-history":[{"count":76,"href":"https:\/\/mirora.com\/en\/wp-json\/wp\/v2\/pages\/6145\/revisions"}],"predecessor-version":[{"id":22308,"href":"https:\/\/mirora.com\/en\/wp-json\/wp\/v2\/pages\/6145\/revisions\/22308"}],"wp:attachment":[{"href":"https:\/\/mirora.com\/en\/wp-json\/wp\/v2\/media?parent=6145"}],"curies":[{"name":"wp","href":"https:\/\/api.w.org\/{rel}","templated":true}]}}