

{"id":6213,"date":"2024-05-28T15:09:17","date_gmt":"2024-05-28T12:09:17","guid":{"rendered":"https:\/\/mirora.com\/?page_id=6213"},"modified":"2026-02-19T11:15:04","modified_gmt":"2026-02-19T08:15:04","slug":"uyelikler","status":"publish","type":"page","link":"https:\/\/mirora.com\/en\/memberships\/","title":{"rendered":"Memberships"},"content":{"rendered":"<div data-elementor-type=\"wp-page\" data-elementor-id=\"6213\" class=\"elementor elementor-6213\" data-elementor-post-type=\"page\">\n\t\t\t\t<div class=\"elementor-element elementor-element-e2ecdab e-flex e-con-boxed e-con e-parent\" data-id=\"e2ecdab\" data-element_type=\"container\" data-e-type=\"container\" data-settings=\"{&quot;background_background&quot;:&quot;classic&quot;}\">\n\t\t\t\t\t<div class=\"e-con-inner\">\n\t\t\t\t<div class=\"elementor-element elementor-element-936df8b elementor-widget elementor-widget-heading\" data-id=\"936df8b\" data-element_type=\"widget\" data-e-type=\"widget\" data-widget_type=\"heading.default\">\n\t\t\t\t\t<h1 class=\"elementor-heading-title elementor-size-default\">Footer One<\/h1>\t\t\t\t<\/div>\n\t\t\t\t\t<\/div>\n\t\t\t\t<\/div>\n\t\t\t\t<section class=\"elementor-section elementor-top-section elementor-element elementor-element-1965056 elementor-section-full_width elementor-section-height-default elementor-section-height-default\" data-id=\"1965056\" data-element_type=\"section\" data-e-type=\"section\">\n\t\t\t\t\t\t<div class=\"elementor-container elementor-column-gap-no\">\n\t\t\t\t\t<div class=\"elementor-column elementor-col-100 elementor-top-column elementor-element elementor-element-9cabd29\" data-id=\"9cabd29\" data-element_type=\"column\" data-e-type=\"column\">\n\t\t\t<div class=\"elementor-widget-wrap elementor-element-populated\">\n\t\t\t\t\t\t<div class=\"shape-mockup elementor-element elementor-element-06cac30 elementor-widget elementor-widget-edurashapeimage\" data-id=\"06cac30\" data-element_type=\"widget\" data-e-type=\"widget\" data-widget_type=\"edurashapeimage.default\">\n\t\t\t\t<div class=\"elementor-widget-container\">\n\t\t\t\t\t<div class=\"shape-mockup jump-reverse d-lg-block d-none video-shape1\" data-top=\"-40%\" data-right=\"-35%\"><img decoding=\"async\" src=\"https:\/\/themeholy.com\/wordpress\/edura\/wp-content\/uploads\/2023\/08\/video-1_shape1.png\" alt=\"Mirora Translation\" ><\/div>\t\t\t\t<\/div>\n\t\t\t\t<\/div>\n\t\t\t\t<section class=\"elementor-section elementor-inner-section elementor-element elementor-element-bdd87a4 elementor-reverse-tablet elementor-reverse-mobile elementor-section-boxed elementor-section-height-default elementor-section-height-default\" data-id=\"bdd87a4\" data-element_type=\"section\" data-e-type=\"section\">\n\t\t\t\t\t\t<div class=\"elementor-container elementor-column-gap-no\">\n\t\t\t\t\t<div class=\"elementor-column elementor-col-50 elementor-inner-column elementor-element elementor-element-ede560a\" data-id=\"ede560a\" data-element_type=\"column\" data-e-type=\"column\">\n\t\t\t<div class=\"elementor-widget-wrap elementor-element-populated\">\n\t\t\t\t\t\t<div class=\"elementor-element elementor-element-cbbe88d elementor-widget elementor-widget-text-editor\" data-id=\"cbbe88d\" data-element_type=\"widget\" data-e-type=\"widget\" data-widget_type=\"text-editor.default\">\n\t\t\t\t\t\t\t\t\t<p class=\"lazyloaded translation-block\">Mirora has been offering professional solutions for its corporate customers\u2019 translation, localization and language consultancy needs since it was established in 1997. Through its twenty-three years of experience, Mirora has managed to survive and even to grow despite global and local economic hardships and all the crises experienced in the current period, and has become one of Turkey\u2019s best <strong>translation<\/strong> service providers.<\/p><p>Mirora, which has expanded into foreign markets quickly and determinedly since 2002, opened offices in Dublin, Ireland in 2006 and Dallas, USA in 2016. Maintaining its quality policy since its foundation, Mirora is a member of world-renowned organizations that operate globally, especially Eulogia. Undoubtedly, the most important reason why Mirora is able to become a member of these organizations is its standardized project processes and quality management system.<\/p>\t\t\t\t\t\t\t\t<\/div>\n\t\t\t\t\t<\/div>\n\t\t<\/div>\n\t\t\t\t<div class=\"elementor-column elementor-col-50 elementor-inner-column elementor-element elementor-element-c672ec9\" data-id=\"c672ec9\" data-element_type=\"column\" data-e-type=\"column\">\n\t\t\t<div class=\"elementor-widget-wrap elementor-element-populated\">\n\t\t\t\t\t\t<div class=\"elementor-element elementor-element-ddaf20e elementor-widget elementor-widget-image\" data-id=\"ddaf20e\" data-element_type=\"widget\" data-e-type=\"widget\" data-widget_type=\"image.default\">\n\t\t\t\t\t\t\t\t\t\t\t\t\t\t\t\t<a href=\"https:\/\/mirora.com\/wp-content\/uploads\/2026\/02\/Elia_Membership_Certificate_2026-Mirora-Translation.jpg\" data-elementor-open-lightbox=\"yes\" data-elementor-lightbox-title=\"Elia_Membership_Certificate_2026 Mirora Translation\" data-e-action-hash=\"#elementor-action%3Aaction%3Dlightbox%26settings%3DeyJpZCI6MjMxMjMsInVybCI6Imh0dHBzOlwvXC9taXJvcmEuY29tXC93cC1jb250ZW50XC91cGxvYWRzXC8yMDI2XC8wMlwvRWxpYV9NZW1iZXJzaGlwX0NlcnRpZmljYXRlXzIwMjYtTWlyb3JhLVRyYW5zbGF0aW9uLmpwZyJ9\">\n\t\t\t\t\t\t\t<img fetchpriority=\"high\" decoding=\"async\" width=\"1500\" height=\"1125\" src=\"https:\/\/mirora.com\/wp-content\/uploads\/2026\/02\/Elia_Membership_Certificate_2026-Mirora-Translation.jpg\" class=\"attachment-full size-full wp-image-23123\" alt=\"\" srcset=\"https:\/\/mirora.com\/wp-content\/uploads\/2026\/02\/Elia_Membership_Certificate_2026-Mirora-Translation.jpg 1500w, https:\/\/mirora.com\/wp-content\/uploads\/2026\/02\/Elia_Membership_Certificate_2026-Mirora-Translation-300x225.jpg 300w, https:\/\/mirora.com\/wp-content\/uploads\/2026\/02\/Elia_Membership_Certificate_2026-Mirora-Translation-1024x768.jpg 1024w, https:\/\/mirora.com\/wp-content\/uploads\/2026\/02\/Elia_Membership_Certificate_2026-Mirora-Translation-768x576.jpg 768w, https:\/\/mirora.com\/wp-content\/uploads\/2026\/02\/Elia_Membership_Certificate_2026-Mirora-Translation-16x12.jpg 16w\" sizes=\"(max-width: 1500px) 100vw, 1500px\" \/>\t\t\t\t\t\t\t\t<\/a>\n\t\t\t\t\t\t\t\t\t\t\t\t\t\t\t<\/div>\n\t\t\t\t\t<\/div>\n\t\t<\/div>\n\t\t\t\t\t<\/div>\n\t\t<\/section>\n\t\t\t\t\t<\/div>\n\t\t<\/div>\n\t\t\t\t\t<\/div>\n\t\t<\/section>\n\t\t<div class=\"elementor-element elementor-element-59a76d4 e-flex e-con-boxed e-con e-parent\" data-id=\"59a76d4\" data-element_type=\"container\" data-e-type=\"container\">\n\t\t\t\t\t<div class=\"e-con-inner\">\n\t\t\t\t<div class=\"elementor-element elementor-element-959816c elementor-widget elementor-widget-acadusectiondescription\" data-id=\"959816c\" data-element_type=\"widget\" data-e-type=\"widget\" data-widget_type=\"acadusectiondescription.default\">\n\t\t\t\t<div class=\"elementor-widget-container\">\n\t\t\t\t\t<div class=\"sec-desc-area\" ><div class=\"mb-35 mb-xl-5\" ><h2 class=\"fs-40 text-theme fw-light mb-0 subtitle-selector\">ELIA and Mirora\n<\/h2><\/div><p class=\"mt-n2 mb-35 desc-selector\">ELIA is a not-for-profit trade association of language service companies. ELIA was founded in 2005 with a mission to further their members\u2019 business success. It is committed to delivering a wide range of outstanding benefits to language service companies. ELIA\u2019s mission is to connect with stakeholders across the globe and support the business success of language service companies in every phase. Mirora is a member of this association of which few companies from Turkey are affiliates.\n\n<br><br>If you would like to get information about Mirora\u2019s services and processes that have also proven its superior quality services to clients in the global arena and you would like to benefit from these services, you may easily contact us by e-mail or telephone.<\/p><\/div>\t\t\t\t<\/div>\n\t\t\t\t<\/div>\n\t\t\t\t\t<\/div>\n\t\t\t\t<\/div>\n\t\t\t\t<\/div>","protected":false},"excerpt":{"rendered":"<p>Founded in 1997, Mirora provides professional solutions to clients' translation, localization and language consulting needs. With nearly twenty-three years of experience...<\/p>","protected":false},"author":1,"featured_media":0,"parent":0,"menu_order":0,"comment_status":"closed","ping_status":"closed","template":"template-builder.php","meta":{"_monsterinsights_skip_tracking":false,"_monsterinsights_sitenote_active":false,"_monsterinsights_sitenote_note":"","_monsterinsights_sitenote_category":0,"footnotes":""},"class_list":["post-6213","page","type-page","status-publish","hentry"],"yoast_head":"<!-- This site is optimized with the Yoast SEO plugin v27.3 - https:\/\/yoast.com\/product\/yoast-seo-wordpress\/ -->\n<title>\u00dcyelikler - Mirora Translation<\/title>\n<meta name=\"description\" content=\"Eulogia\u2019ya ba\u011fl\u0131 olan uzmanlar ve \u00e7eviri i\u015fletmeleri, tecr\u00fcbelerini, uzmanl\u0131k alanlar\u0131n\u0131 ve kulland\u0131klar\u0131 teknolojileri payla\u015fmak i\u00e7in d\u00fczenli olarak toplan\u0131rlar.\" \/>\n<meta name=\"robots\" content=\"index, follow, max-snippet:-1, max-image-preview:large, max-video-preview:-1\" \/>\n<link rel=\"canonical\" href=\"https:\/\/mirora.com\/en\/memberships\/\" \/>\n<meta property=\"og:locale\" content=\"en_US\" \/>\n<meta property=\"og:type\" content=\"article\" \/>\n<meta property=\"og:title\" content=\"\u00dcyelikler - Mirora Translation\" \/>\n<meta property=\"og:description\" content=\"Eulogia\u2019ya ba\u011fl\u0131 olan uzmanlar ve \u00e7eviri i\u015fletmeleri, tecr\u00fcbelerini, uzmanl\u0131k alanlar\u0131n\u0131 ve kulland\u0131klar\u0131 teknolojileri payla\u015fmak i\u00e7in d\u00fczenli olarak toplan\u0131rlar.\" \/>\n<meta property=\"og:url\" content=\"https:\/\/mirora.com\/en\/memberships\/\" \/>\n<meta property=\"og:site_name\" content=\"Mirora Translation\" \/>\n<meta property=\"article:modified_time\" content=\"2026-02-19T08:15:04+00:00\" \/>\n<meta property=\"og:image\" content=\"https:\/\/themeholy.com\/wordpress\/edura\/wp-content\/uploads\/2023\/08\/video-1_shape1.png\" \/>\n<meta name=\"twitter:card\" content=\"summary_large_image\" \/>\n<meta name=\"twitter:label1\" content=\"Est. reading time\" \/>\n\t<meta name=\"twitter:data1\" content=\"1 minute\" \/>\n<script type=\"application\/ld+json\" class=\"yoast-schema-graph\">{\"@context\":\"https:\\\/\\\/schema.org\",\"@graph\":[{\"@type\":\"WebPage\",\"@id\":\"https:\\\/\\\/mirora.com\\\/tr\\\/uyelikler\\\/\",\"url\":\"https:\\\/\\\/mirora.com\\\/tr\\\/uyelikler\\\/\",\"name\":\"\u00dcyelikler - Mirora Translation\",\"isPartOf\":{\"@id\":\"https:\\\/\\\/mirora.com\\\/#website\"},\"primaryImageOfPage\":{\"@id\":\"https:\\\/\\\/mirora.com\\\/tr\\\/uyelikler\\\/#primaryimage\"},\"image\":{\"@id\":\"https:\\\/\\\/mirora.com\\\/tr\\\/uyelikler\\\/#primaryimage\"},\"thumbnailUrl\":\"https:\\\/\\\/themeholy.com\\\/wordpress\\\/edura\\\/wp-content\\\/uploads\\\/2023\\\/08\\\/video-1_shape1.png\",\"datePublished\":\"2024-05-28T12:09:17+00:00\",\"dateModified\":\"2026-02-19T08:15:04+00:00\",\"description\":\"Eulogia\u2019ya ba\u011fl\u0131 olan uzmanlar ve \u00e7eviri i\u015fletmeleri, tecr\u00fcbelerini, uzmanl\u0131k alanlar\u0131n\u0131 ve kulland\u0131klar\u0131 teknolojileri payla\u015fmak i\u00e7in d\u00fczenli olarak toplan\u0131rlar.\",\"inLanguage\":\"en-US\",\"potentialAction\":[{\"@type\":\"ReadAction\",\"target\":[\"https:\\\/\\\/mirora.com\\\/tr\\\/uyelikler\\\/\"]}]},{\"@type\":\"ImageObject\",\"inLanguage\":\"en-US\",\"@id\":\"https:\\\/\\\/mirora.com\\\/tr\\\/uyelikler\\\/#primaryimage\",\"url\":\"https:\\\/\\\/themeholy.com\\\/wordpress\\\/edura\\\/wp-content\\\/uploads\\\/2023\\\/08\\\/video-1_shape1.png\",\"contentUrl\":\"https:\\\/\\\/themeholy.com\\\/wordpress\\\/edura\\\/wp-content\\\/uploads\\\/2023\\\/08\\\/video-1_shape1.png\"},{\"@type\":\"WebSite\",\"@id\":\"https:\\\/\\\/mirora.com\\\/#website\",\"url\":\"https:\\\/\\\/mirora.com\\\/\",\"name\":\"Mirora Translation\",\"description\":\"We Reflect Your Originals\",\"publisher\":{\"@id\":\"https:\\\/\\\/mirora.com\\\/#organization\"},\"potentialAction\":[{\"@type\":\"SearchAction\",\"target\":{\"@type\":\"EntryPoint\",\"urlTemplate\":\"https:\\\/\\\/mirora.com\\\/?s={search_term_string}\"},\"query-input\":{\"@type\":\"PropertyValueSpecification\",\"valueRequired\":true,\"valueName\":\"search_term_string\"}}],\"inLanguage\":\"en-US\"},{\"@type\":\"Organization\",\"@id\":\"https:\\\/\\\/mirora.com\\\/#organization\",\"name\":\"Mirora\",\"url\":\"https:\\\/\\\/mirora.com\\\/\",\"logo\":{\"@type\":\"ImageObject\",\"inLanguage\":\"en-US\",\"@id\":\"https:\\\/\\\/mirora.com\\\/#\\\/schema\\\/logo\\\/image\\\/\",\"url\":\"https:\\\/\\\/mirora.com\\\/wp-content\\\/uploads\\\/2023\\\/07\\\/MiroraLogo2.webp\",\"contentUrl\":\"https:\\\/\\\/mirora.com\\\/wp-content\\\/uploads\\\/2023\\\/07\\\/MiroraLogo2.webp\",\"width\":326,\"height\":108,\"caption\":\"Mirora\"},\"image\":{\"@id\":\"https:\\\/\\\/mirora.com\\\/#\\\/schema\\\/logo\\\/image\\\/\"}}]}<\/script>\n<!-- \/ Yoast SEO plugin. -->","yoast_head_json":{"title":"Memberships - Mirora","description":"Experts and translation companies affiliated to Eulogia meet regularly to share their experience, expertise and the technologies they use.","robots":{"index":"index","follow":"follow","max-snippet":"max-snippet:-1","max-image-preview":"max-image-preview:large","max-video-preview":"max-video-preview:-1"},"canonical":"https:\/\/mirora.com\/en\/memberships\/","og_locale":"en_US","og_type":"article","og_title":"\u00dcyelikler - Mirora Translation","og_description":"Eulogia\u2019ya ba\u011fl\u0131 olan uzmanlar ve \u00e7eviri i\u015fletmeleri, tecr\u00fcbelerini, uzmanl\u0131k alanlar\u0131n\u0131 ve kulland\u0131klar\u0131 teknolojileri payla\u015fmak i\u00e7in d\u00fczenli olarak toplan\u0131rlar.","og_url":"https:\/\/mirora.com\/en\/memberships\/","og_site_name":"Mirora Translation","article_modified_time":"2026-02-19T08:15:04+00:00","og_image":[{"url":"https:\/\/themeholy.com\/wordpress\/edura\/wp-content\/uploads\/2023\/08\/video-1_shape1.png","type":"","width":"","height":""}],"twitter_card":"summary_large_image","twitter_misc":{"Est. reading time":"1 minute"},"schema":{"@context":"https:\/\/schema.org","@graph":[{"@type":"WebPage","@id":"https:\/\/mirora.com\/tr\/uyelikler\/","url":"https:\/\/mirora.com\/tr\/uyelikler\/","name":"Memberships - Mirora","isPartOf":{"@id":"https:\/\/mirora.com\/#website"},"primaryImageOfPage":{"@id":"https:\/\/mirora.com\/tr\/uyelikler\/#primaryimage"},"image":{"@id":"https:\/\/mirora.com\/tr\/uyelikler\/#primaryimage"},"thumbnailUrl":"https:\/\/themeholy.com\/wordpress\/edura\/wp-content\/uploads\/2023\/08\/video-1_shape1.png","datePublished":"2024-05-28T12:09:17+00:00","dateModified":"2026-02-19T08:15:04+00:00","description":"Experts and translation companies affiliated to Eulogia meet regularly to share their experience, expertise and the technologies they use.","inLanguage":"en-US","potentialAction":[{"@type":"ReadAction","target":["https:\/\/mirora.com\/tr\/uyelikler\/"]}]},{"@type":"ImageObject","inLanguage":"en-US","@id":"https:\/\/mirora.com\/tr\/uyelikler\/#primaryimage","url":"https:\/\/themeholy.com\/wordpress\/edura\/wp-content\/uploads\/2023\/08\/video-1_shape1.png","contentUrl":"https:\/\/themeholy.com\/wordpress\/edura\/wp-content\/uploads\/2023\/08\/video-1_shape1.png"},{"@type":"WebSite","@id":"https:\/\/mirora.com\/#website","url":"https:\/\/mirora.com\/","name":"Mirora Translation","description":"We Reflect Your Originals","publisher":{"@id":"https:\/\/mirora.com\/#organization"},"potentialAction":[{"@type":"SearchAction","target":{"@type":"EntryPoint","urlTemplate":"https:\/\/mirora.com\/?s={search_term_string}"},"query-input":{"@type":"PropertyValueSpecification","valueRequired":true,"valueName":"search_term_string"}}],"inLanguage":"en-US"},{"@type":"Organization","@id":"https:\/\/mirora.com\/#organization","name":"Mirora","url":"https:\/\/mirora.com\/","logo":{"@type":"ImageObject","inLanguage":"en-US","@id":"https:\/\/mirora.com\/#\/schema\/logo\/image\/","url":"https:\/\/mirora.com\/wp-content\/uploads\/2023\/07\/MiroraLogo2.webp","contentUrl":"https:\/\/mirora.com\/wp-content\/uploads\/2023\/07\/MiroraLogo2.webp","width":326,"height":108,"caption":"Mirora"},"image":{"@id":"https:\/\/mirora.com\/#\/schema\/logo\/image\/"}}]}},"_links":{"self":[{"href":"https:\/\/mirora.com\/en\/wp-json\/wp\/v2\/pages\/6213","targetHints":{"allow":["GET"]}}],"collection":[{"href":"https:\/\/mirora.com\/en\/wp-json\/wp\/v2\/pages"}],"about":[{"href":"https:\/\/mirora.com\/en\/wp-json\/wp\/v2\/types\/page"}],"author":[{"embeddable":true,"href":"https:\/\/mirora.com\/en\/wp-json\/wp\/v2\/users\/1"}],"replies":[{"embeddable":true,"href":"https:\/\/mirora.com\/en\/wp-json\/wp\/v2\/comments?post=6213"}],"version-history":[{"count":16,"href":"https:\/\/mirora.com\/en\/wp-json\/wp\/v2\/pages\/6213\/revisions"}],"predecessor-version":[{"id":23126,"href":"https:\/\/mirora.com\/en\/wp-json\/wp\/v2\/pages\/6213\/revisions\/23126"}],"wp:attachment":[{"href":"https:\/\/mirora.com\/en\/wp-json\/wp\/v2\/media?parent=6213"}],"curies":[{"name":"wp","href":"https:\/\/api.w.org\/{rel}","templated":true}]}}