

{"id":6572,"date":"2024-05-30T00:12:11","date_gmt":"2024-05-29T21:12:11","guid":{"rendered":"https:\/\/mirora.com\/?page_id=6572"},"modified":"2025-12-15T10:39:09","modified_gmt":"2025-12-15T07:39:09","slug":"ceviride-duzeltme","status":"publish","type":"page","link":"https:\/\/mirora.com\/en\/translation-correction\/","title":{"rendered":"Translation Correction"},"content":{"rendered":"<div data-elementor-type=\"wp-page\" data-elementor-id=\"6572\" class=\"elementor elementor-6572\" data-elementor-post-type=\"page\">\n\t\t\t\t<div class=\"elementor-element elementor-element-2a96d47 e-flex e-con-boxed e-con e-parent\" data-id=\"2a96d47\" data-element_type=\"container\" data-e-type=\"container\" data-settings=\"{&quot;background_background&quot;:&quot;classic&quot;}\">\n\t\t\t\t\t<div class=\"e-con-inner\">\n\t\t\t\t<div class=\"elementor-element elementor-element-162a2d2 elementor-widget elementor-widget-heading\" data-id=\"162a2d2\" data-element_type=\"widget\" data-e-type=\"widget\" data-widget_type=\"heading.default\">\n\t\t\t\t\t<h1 class=\"elementor-heading-title elementor-size-default\">Footer One<\/h1>\t\t\t\t<\/div>\n\t\t\t\t\t<\/div>\n\t\t\t\t<\/div>\n\t\t\t\t<section class=\"elementor-section elementor-top-section elementor-element elementor-element-7144dec elementor-section-full_width elementor-section-height-default elementor-section-height-default\" data-id=\"7144dec\" data-element_type=\"section\" data-e-type=\"section\">\n\t\t\t\t\t\t<div class=\"elementor-container elementor-column-gap-no\">\n\t\t\t\t\t<div class=\"elementor-column elementor-col-100 elementor-top-column elementor-element elementor-element-2ac3368\" data-id=\"2ac3368\" data-element_type=\"column\" data-e-type=\"column\">\n\t\t\t<div class=\"elementor-widget-wrap elementor-element-populated\">\n\t\t\t\t\t\t<section class=\"elementor-section elementor-inner-section elementor-element elementor-element-6cf5ae6 elementor-section-content-middle elementor-section-boxed elementor-section-height-default elementor-section-height-default\" data-id=\"6cf5ae6\" data-element_type=\"section\" data-e-type=\"section\">\n\t\t\t\t\t\t<div class=\"elementor-container elementor-column-gap-no\">\n\t\t\t\t\t<div class=\"elementor-column elementor-col-100 elementor-inner-column elementor-element elementor-element-309d6ce\" data-id=\"309d6ce\" data-element_type=\"column\" data-e-type=\"column\">\n\t\t\t<div class=\"elementor-widget-wrap elementor-element-populated\">\n\t\t\t\t\t\t<div class=\"elementor-element elementor-element-83a00e2 elementor-widget elementor-widget-text-editor\" data-id=\"83a00e2\" data-element_type=\"widget\" data-e-type=\"widget\" data-widget_type=\"text-editor.default\">\n\t\t\t\t\t\t\t\t\t<p class=\"translation-block\">Most of the time, a long process is performed by specialists to come up with a perfect translation. After rendering source language content into the target language content, that is, upon the completion of the translation process, editing or redaction is an important checkpoint of the said process. Translators are human, and humans are not perfect. Even the most skilled translators may suddenly get distracted, they incorrectly know or use a term, or there may be an instruction that they have skipped. Therefore, a second translator reads the source language content against the target language content, and he\/she makes changes and corrections accordingly. It is aimed to transfer all the format and contextual characteristics of the source language content to the target language and culture when translating source language content from one language to another. Furthermore, the translation needs to be transferred accurately, fully, consistently and fluently. In order for the translation to become perfect and to have the same strong expression and phraseology in the translated language, each stage must be completed thoroughly.<\/p><p><span style=\"font-family: Roboto;\">At the first stage, the translator translates the entire source language content into the target language according to certain rules and instructions. During translation, he\/she pays strict attention to many different aspects, from spelling to the consistency of terms, from the full and complete translation of the source language content to the suitability for the translated language and culture. Upon the completion of the translation process, the translator fills out an online checklist specific to Mirora, and then the project manager delivers the translation to the editor. So, what is the proofreading process and how does this process function at Mirora?<\/span><\/p><p><span style=\"font-family: Roboto;\"><b>Editing or Redaction Process<\/b><\/span><\/p><p><span style=\"font-family: Roboto;\">The Turkish Language Association defines the word redaction as \u201cmaking the text ready for publication by making the necessary corrections on a text already written\u201d. The root of a word originated in French, \u201credacted\u201d also indicates an action. The translated language content must undergo a good editing process so that it may become complete and perfect. An editor working at Mirora should check and correct the translation, based on the source files, using the Translation Services Supplier Check List, and deliver the form to the project manager along with the relevant comments. He\/she makes corrections if necessary. The success and acceptance criteria should be re-checked before delivery of the target language content. Thus, the editing process is completed and the translation is now ready for the next stage, proofreading.<\/span><\/p><p><strong><span style=\"font-family: Roboto;\">Importance of the Editing Process<\/span><\/strong><\/p><p><span style=\"font-family: Roboto;\">Editing, which is of vital importance for any translation, ensures that the translation is accurate and that a high quality translation is prepared. Writers or translators who have been dealing with the same text for a long time may not easily notice errors in a translated text. No matter how well they have mastered the language, the translator can sometimes miss minor mistakes. For this reason, it is extremely important for another person to see the text and read it in a new light after the translation process has been completed. The editor will be involved exactly at this stage. He\/she reads and examines the translated text again against the source language content by considering many details such as word selection, spelling rules, client expectations, translation memory and term consistency. This process, which is performed on the translated text, results in an even better quality text. The international translation standard ISO 17100 (formerly EN15038) specifies that translations that do not undergo the proofreading process are unacceptable.<\/span><\/p><p class=\"translation-block\">If you would like to make use of the editing or redaction services offered by Mirora, which has been providing professional solutions for its corporate customers\u2019 translation, localization and language consultancy needs since it was established in August 1997, you may conveniently contact us.<\/p>\t\t\t\t\t\t\t\t<\/div>\n\t\t\t\t\t<\/div>\n\t\t<\/div>\n\t\t\t\t\t<\/div>\n\t\t<\/section>\n\t\t\t\t\t<\/div>\n\t\t<\/div>\n\t\t\t\t\t<\/div>\n\t\t<\/section>\n\t\t\t\t<section class=\"elementor-section elementor-top-section elementor-element elementor-element-20f6ffb elementor-section-full_width elementor-section-height-default elementor-section-height-default\" data-id=\"20f6ffb\" data-element_type=\"section\" data-e-type=\"section\">\n\t\t\t\t\t\t<div class=\"elementor-container elementor-column-gap-no\">\n\t\t\t\t\t<div class=\"elementor-column elementor-col-100 elementor-top-column elementor-element elementor-element-a7fe261\" data-id=\"a7fe261\" data-element_type=\"column\" data-e-type=\"column\">\n\t\t\t<div class=\"elementor-widget-wrap elementor-element-populated\">\n\t\t\t\t\t\t<div class=\"elementor-element elementor-element-4e8ce39 elementor-widget elementor-widget-eduracta\" data-id=\"4e8ce39\" data-element_type=\"widget\" data-e-type=\"widget\" data-widget_type=\"eduracta.default\">\n\t\t\t\t<div class=\"elementor-widget-container\">\n\t\t\t\t\t<div class=\"cta-area-1\" data-bg-src=\"https:\/\/mirora.com\/wp-content\/uploads\/2023\/07\/cta-bg1-2-1.png\"><div class=\"container\"><div class=\"row align-items-center justify-content-between\"><div class=\"col-lg-8\"><div class=\"cta-wrap title-area mb-0\"><div class=\"cta-icon\"><img decoding=\"async\" src=\"https:\/\/mirora.com\/wp-content\/uploads\/2023\/07\/cta-icon1-2-1.png\" alt=\"icon\"><\/div><div class=\"cta-content\"><h2 class=\"cta-title th-title sec-title\">Get Offer Now<\/h2><p class=\"cta-text th-desc\">Adding value to your brand is just a click away with Mirora.<\/p><\/div><a href=\"https:\/\/mirora.com\/en\/get-offer\/\" class=\"th-btn th_btn style8\">Get a Free Quote<i class=\"fa-regular fa-arrow-right ms-1\"><\/i><\/a><\/div><\/div><\/div><\/div><div class=\"cta-img-1\" data-overlay=\"title\" data-opacity=\"8\"><img decoding=\"async\" src=\"https:\/\/mirora.com\/wp-content\/uploads\/2024\/06\/mirora_anasayfa_3-3.jpg\" alt=\"Image\"><\/div><\/div>\t\t\t\t<\/div>\n\t\t\t\t<\/div>\n\t\t\t\t\t<\/div>\n\t\t<\/div>\n\t\t\t\t\t<\/div>\n\t\t<\/section>\n\t\t\t\t<\/div>","protected":false},"excerpt":{"rendered":"<p>Often a long process is carried out by experts to produce a perfect translation. From the transfer of the text into the target language...<\/p>","protected":false},"author":1,"featured_media":0,"parent":0,"menu_order":0,"comment_status":"closed","ping_status":"closed","template":"template-builder.php","meta":{"_monsterinsights_skip_tracking":false,"_monsterinsights_sitenote_active":false,"_monsterinsights_sitenote_note":"","_monsterinsights_sitenote_category":0,"footnotes":""},"class_list":["post-6572","page","type-page","status-publish","hentry"],"yoast_head":"<!-- This site is optimized with the Yoast SEO plugin v27.3 - https:\/\/yoast.com\/product\/yoast-seo-wordpress\/ -->\n<title>\u00c7eviride D\u00fczeltme - Mirora Translation<\/title>\n<meta name=\"description\" content=\"Metnin hedef dile aktar\u0131m\u0131ndan yani \u00e7eviri s\u00fcrecinden sonra ba\u015fka bir \u00e7evirmen taraf\u0131ndan ger\u00e7ekle\u015ftirilen\u00a0\u00e7eviride d\u00fczeltme\u00a0veya redaksiyon\u00a0bahsi ge\u00e7en s\u00fcrecin \u00f6nemli bir kontrol noktas\u0131d\u0131r.\" \/>\n<meta name=\"robots\" content=\"index, follow, max-snippet:-1, max-image-preview:large, max-video-preview:-1\" \/>\n<link rel=\"canonical\" href=\"https:\/\/cornflowerblue-wolverine-646520.hostingersite.com\/ceviride-duzeltme\/\" \/>\n<meta property=\"og:locale\" content=\"en_US\" \/>\n<meta property=\"og:type\" content=\"article\" \/>\n<meta property=\"og:title\" content=\"\u00c7eviride D\u00fczeltme - Mirora Translation\" \/>\n<meta property=\"og:description\" content=\"Metnin hedef dile aktar\u0131m\u0131ndan yani \u00e7eviri s\u00fcrecinden sonra ba\u015fka bir \u00e7evirmen taraf\u0131ndan ger\u00e7ekle\u015ftirilen\u00a0\u00e7eviride d\u00fczeltme\u00a0veya redaksiyon\u00a0bahsi ge\u00e7en s\u00fcrecin \u00f6nemli bir kontrol noktas\u0131d\u0131r.\" \/>\n<meta property=\"og:url\" content=\"https:\/\/cornflowerblue-wolverine-646520.hostingersite.com\/ceviride-duzeltme\/\" \/>\n<meta property=\"og:site_name\" content=\"Mirora Translation\" \/>\n<meta property=\"article:modified_time\" content=\"2025-12-15T07:39:09+00:00\" \/>\n<meta property=\"og:image\" content=\"https:\/\/mirora.com\/wp-content\/uploads\/2023\/07\/cta-icon1-2-1.png\" \/>\n<meta name=\"twitter:card\" content=\"summary_large_image\" \/>\n<meta name=\"twitter:label1\" content=\"Est. reading time\" \/>\n\t<meta name=\"twitter:data1\" content=\"1 minute\" \/>\n<script type=\"application\/ld+json\" class=\"yoast-schema-graph\">{\"@context\":\"https:\\\/\\\/schema.org\",\"@graph\":[{\"@type\":\"WebPage\",\"@id\":\"https:\\\/\\\/cornflowerblue-wolverine-646520.hostingersite.com\\\/ceviride-duzeltme\\\/\",\"url\":\"https:\\\/\\\/cornflowerblue-wolverine-646520.hostingersite.com\\\/ceviride-duzeltme\\\/\",\"name\":\"\u00c7eviride D\u00fczeltme - Mirora Translation\",\"isPartOf\":{\"@id\":\"https:\\\/\\\/mirora.com\\\/#website\"},\"primaryImageOfPage\":{\"@id\":\"https:\\\/\\\/cornflowerblue-wolverine-646520.hostingersite.com\\\/ceviride-duzeltme\\\/#primaryimage\"},\"image\":{\"@id\":\"https:\\\/\\\/cornflowerblue-wolverine-646520.hostingersite.com\\\/ceviride-duzeltme\\\/#primaryimage\"},\"thumbnailUrl\":\"https:\\\/\\\/mirora.com\\\/wp-content\\\/uploads\\\/2023\\\/07\\\/cta-icon1-2-1.png\",\"datePublished\":\"2024-05-29T21:12:11+00:00\",\"dateModified\":\"2025-12-15T07:39:09+00:00\",\"description\":\"Metnin hedef dile aktar\u0131m\u0131ndan yani \u00e7eviri s\u00fcrecinden sonra ba\u015fka bir \u00e7evirmen taraf\u0131ndan ger\u00e7ekle\u015ftirilen\u00a0\u00e7eviride d\u00fczeltme\u00a0veya redaksiyon\u00a0bahsi ge\u00e7en s\u00fcrecin \u00f6nemli bir kontrol noktas\u0131d\u0131r.\",\"inLanguage\":\"en-US\",\"potentialAction\":[{\"@type\":\"ReadAction\",\"target\":[\"https:\\\/\\\/cornflowerblue-wolverine-646520.hostingersite.com\\\/ceviride-duzeltme\\\/\"]}]},{\"@type\":\"ImageObject\",\"inLanguage\":\"en-US\",\"@id\":\"https:\\\/\\\/cornflowerblue-wolverine-646520.hostingersite.com\\\/ceviride-duzeltme\\\/#primaryimage\",\"url\":\"https:\\\/\\\/mirora.com\\\/wp-content\\\/uploads\\\/2023\\\/07\\\/cta-icon1-2-1.png\",\"contentUrl\":\"https:\\\/\\\/mirora.com\\\/wp-content\\\/uploads\\\/2023\\\/07\\\/cta-icon1-2-1.png\"},{\"@type\":\"WebSite\",\"@id\":\"https:\\\/\\\/mirora.com\\\/#website\",\"url\":\"https:\\\/\\\/mirora.com\\\/\",\"name\":\"Mirora Translation\",\"description\":\"We Reflect Your Originals\",\"publisher\":{\"@id\":\"https:\\\/\\\/mirora.com\\\/#organization\"},\"potentialAction\":[{\"@type\":\"SearchAction\",\"target\":{\"@type\":\"EntryPoint\",\"urlTemplate\":\"https:\\\/\\\/mirora.com\\\/?s={search_term_string}\"},\"query-input\":{\"@type\":\"PropertyValueSpecification\",\"valueRequired\":true,\"valueName\":\"search_term_string\"}}],\"inLanguage\":\"en-US\"},{\"@type\":\"Organization\",\"@id\":\"https:\\\/\\\/mirora.com\\\/#organization\",\"name\":\"Mirora\",\"url\":\"https:\\\/\\\/mirora.com\\\/\",\"logo\":{\"@type\":\"ImageObject\",\"inLanguage\":\"en-US\",\"@id\":\"https:\\\/\\\/mirora.com\\\/#\\\/schema\\\/logo\\\/image\\\/\",\"url\":\"https:\\\/\\\/mirora.com\\\/wp-content\\\/uploads\\\/2023\\\/07\\\/MiroraLogo2.webp\",\"contentUrl\":\"https:\\\/\\\/mirora.com\\\/wp-content\\\/uploads\\\/2023\\\/07\\\/MiroraLogo2.webp\",\"width\":326,\"height\":108,\"caption\":\"Mirora\"},\"image\":{\"@id\":\"https:\\\/\\\/mirora.com\\\/#\\\/schema\\\/logo\\\/image\\\/\"}}]}<\/script>\n<!-- \/ Yoast SEO plugin. -->","yoast_head_json":{"title":"Translation Correction - Mirora Translation","description":"After the transfer of the text into the target language, i.e. after the translation process, correction or proofreading is an important control point of the aforementioned process.","robots":{"index":"index","follow":"follow","max-snippet":"max-snippet:-1","max-image-preview":"max-image-preview:large","max-video-preview":"max-video-preview:-1"},"canonical":"https:\/\/cornflowerblue-wolverine-646520.hostingersite.com\/ceviride-duzeltme\/","og_locale":"en_US","og_type":"article","og_title":"\u00c7eviride D\u00fczeltme - Mirora Translation","og_description":"Metnin hedef dile aktar\u0131m\u0131ndan yani \u00e7eviri s\u00fcrecinden sonra ba\u015fka bir \u00e7evirmen taraf\u0131ndan ger\u00e7ekle\u015ftirilen\u00a0\u00e7eviride d\u00fczeltme\u00a0veya redaksiyon\u00a0bahsi ge\u00e7en s\u00fcrecin \u00f6nemli bir kontrol noktas\u0131d\u0131r.","og_url":"https:\/\/cornflowerblue-wolverine-646520.hostingersite.com\/ceviride-duzeltme\/","og_site_name":"Mirora Translation","article_modified_time":"2025-12-15T07:39:09+00:00","og_image":[{"url":"https:\/\/mirora.com\/wp-content\/uploads\/2023\/07\/cta-icon1-2-1.png","type":"","width":"","height":""}],"twitter_card":"summary_large_image","twitter_misc":{"Est. reading time":"1 minute"},"schema":{"@context":"https:\/\/schema.org","@graph":[{"@type":"WebPage","@id":"https:\/\/cornflowerblue-wolverine-646520.hostingersite.com\/ceviride-duzeltme\/","url":"https:\/\/cornflowerblue-wolverine-646520.hostingersite.com\/ceviride-duzeltme\/","name":"Translation Correction - Mirora Translation","isPartOf":{"@id":"https:\/\/mirora.com\/#website"},"primaryImageOfPage":{"@id":"https:\/\/cornflowerblue-wolverine-646520.hostingersite.com\/ceviride-duzeltme\/#primaryimage"},"image":{"@id":"https:\/\/cornflowerblue-wolverine-646520.hostingersite.com\/ceviride-duzeltme\/#primaryimage"},"thumbnailUrl":"https:\/\/mirora.com\/wp-content\/uploads\/2023\/07\/cta-icon1-2-1.png","datePublished":"2024-05-29T21:12:11+00:00","dateModified":"2025-12-15T07:39:09+00:00","description":"After the transfer of the text into the target language, i.e. after the translation process, correction or proofreading is an important control point of the aforementioned process.","inLanguage":"en-US","potentialAction":[{"@type":"ReadAction","target":["https:\/\/cornflowerblue-wolverine-646520.hostingersite.com\/ceviride-duzeltme\/"]}]},{"@type":"ImageObject","inLanguage":"en-US","@id":"https:\/\/cornflowerblue-wolverine-646520.hostingersite.com\/ceviride-duzeltme\/#primaryimage","url":"https:\/\/mirora.com\/wp-content\/uploads\/2023\/07\/cta-icon1-2-1.png","contentUrl":"https:\/\/mirora.com\/wp-content\/uploads\/2023\/07\/cta-icon1-2-1.png"},{"@type":"WebSite","@id":"https:\/\/mirora.com\/#website","url":"https:\/\/mirora.com\/","name":"Mirora Translation","description":"We Reflect Your Originals","publisher":{"@id":"https:\/\/mirora.com\/#organization"},"potentialAction":[{"@type":"SearchAction","target":{"@type":"EntryPoint","urlTemplate":"https:\/\/mirora.com\/?s={search_term_string}"},"query-input":{"@type":"PropertyValueSpecification","valueRequired":true,"valueName":"search_term_string"}}],"inLanguage":"en-US"},{"@type":"Organization","@id":"https:\/\/mirora.com\/#organization","name":"Mirora","url":"https:\/\/mirora.com\/","logo":{"@type":"ImageObject","inLanguage":"en-US","@id":"https:\/\/mirora.com\/#\/schema\/logo\/image\/","url":"https:\/\/mirora.com\/wp-content\/uploads\/2023\/07\/MiroraLogo2.webp","contentUrl":"https:\/\/mirora.com\/wp-content\/uploads\/2023\/07\/MiroraLogo2.webp","width":326,"height":108,"caption":"Mirora"},"image":{"@id":"https:\/\/mirora.com\/#\/schema\/logo\/image\/"}}]}},"_links":{"self":[{"href":"https:\/\/mirora.com\/en\/wp-json\/wp\/v2\/pages\/6572","targetHints":{"allow":["GET"]}}],"collection":[{"href":"https:\/\/mirora.com\/en\/wp-json\/wp\/v2\/pages"}],"about":[{"href":"https:\/\/mirora.com\/en\/wp-json\/wp\/v2\/types\/page"}],"author":[{"embeddable":true,"href":"https:\/\/mirora.com\/en\/wp-json\/wp\/v2\/users\/1"}],"replies":[{"embeddable":true,"href":"https:\/\/mirora.com\/en\/wp-json\/wp\/v2\/comments?post=6572"}],"version-history":[{"count":22,"href":"https:\/\/mirora.com\/en\/wp-json\/wp\/v2\/pages\/6572\/revisions"}],"predecessor-version":[{"id":22836,"href":"https:\/\/mirora.com\/en\/wp-json\/wp\/v2\/pages\/6572\/revisions\/22836"}],"wp:attachment":[{"href":"https:\/\/mirora.com\/en\/wp-json\/wp\/v2\/media?parent=6572"}],"curies":[{"name":"wp","href":"https:\/\/api.w.org\/{rel}","templated":true}]}}