{"id":6608,"date":"2024-05-30T00:22:52","date_gmt":"2024-05-29T21:22:52","guid":{"rendered":"https:\/\/mirora.com\/?page_id=6608"},"modified":"2025-12-15T10:42:51","modified_gmt":"2025-12-15T07:42:51","slug":"back-translation","status":"publish","type":"page","link":"https:\/\/mirora.com\/en\/back-translation\/","title":{"rendered":"Back Translation"},"content":{"rendered":"<div data-elementor-type=\"wp-page\" data-elementor-id=\"6608\" class=\"elementor elementor-6608\" data-elementor-post-type=\"page\">\n\t\t\t\t<div class=\"elementor-element elementor-element-d56d698 e-flex e-con-boxed e-con e-parent\" data-id=\"d56d698\" data-element_type=\"container\" data-e-type=\"container\" data-settings=\"{&quot;background_background&quot;:&quot;classic&quot;}\">\n\t\t\t\t\t<div class=\"e-con-inner\">\n\t\t\r\n\r\n\t\t<div class=\"elementor-element elementor-element-c03443a elementor-widget elementor-widget-heading\" data-id=\"c03443a\" data-element_type=\"widget\" data-e-type=\"widget\" data-widget_type=\"heading.default\">\n\t\t\t\t\t<h1 class=\"elementor-heading-title elementor-size-default\">Back Translation<\/h1>\t\t\t\t<\/div>\n\t\t\t\t\t<\/div>\n\t\t\t\t<\/div>\n\t\t\t\t<section class=\"elementor-section elementor-top-section elementor-element elementor-element-7144dec elementor-section-full_width elementor-section-height-default elementor-section-height-default\" data-id=\"7144dec\" data-element_type=\"section\" data-e-type=\"section\">\n\t\t\t\t\t\t<div class=\"elementor-container elementor-column-gap-no\">\n\t\t\t\t\t<div class=\"elementor-column elementor-col-100 elementor-top-column elementor-element elementor-element-2ac3368\" data-id=\"2ac3368\" data-element_type=\"column\" data-e-type=\"column\">\n\t\t\t<div class=\"elementor-widget-wrap elementor-element-populated\">\n\t\t\t\t\t\t<section class=\"elementor-section elementor-inner-section elementor-element elementor-element-6cf5ae6 elementor-section-content-middle elementor-section-boxed elementor-section-height-default elementor-section-height-default\" data-id=\"6cf5ae6\" data-element_type=\"section\" data-e-type=\"section\">\n\t\t\t\t\t\t<div class=\"elementor-container elementor-column-gap-no\">\n\t\t\t\t\t<div class=\"elementor-column elementor-col-100 elementor-inner-column elementor-element elementor-element-309d6ce\" data-id=\"309d6ce\" data-element_type=\"column\" data-e-type=\"column\">\n\t\t\t<div class=\"elementor-widget-wrap elementor-element-populated\">\n\t\t\t\t\t\t<div class=\"elementor-element elementor-element-83a00e2 elementor-widget elementor-widget-text-editor\" data-id=\"83a00e2\" data-element_type=\"widget\" data-e-type=\"widget\" data-widget_type=\"text-editor.default\">\n\t\t\t\t\t\t\t\t\t<p class=\"translation-block\"><span style=\"font-weight: 700\">Back translation<\/span> means that the text translated from the source language content to the target language content for use in research or any study is then translated again back into the source language by another translator. Thanks to the back translation, it can be understood how much the translation diverges from the source language content. In this way, the success of the translation is measured.<\/p><p class=\"translation-block\">Each language has its own aphorisms and apothegms, and cultural codes that are expressed accordingly. The translator may encounter various problems while translating the aphorisms and apothegms specific to the source language. For example, the target language may not include a word that meets that word or concept, or a word that meets the meaning literally may not match the style of the text. This is where <span style=\"font-weight: 700\">back translation<\/span> comes into play.<\/p><p><span style=\"font-family: Roboto;\">It allows for the sincerity and fluency in the language of the source text to be reflected in the target language. In other words, back translation acts as a control mechanism. It is mostly used to understand how successful the translation is. This translation quality control method, which has been used in many countries for many years, should be examined in a little more detail.<\/span><\/p><p><strong><span style=\"font-family: Roboto;\">Characteristics of the Back Translation Method<\/span><\/strong><\/p><p><span style=\"font-family: Roboto;\">Back translation can be requested by institutions and organizations that are willing to verify the content. For some institutions, it is a legal requirement to obtain such translation services. Thanks to back translation, all translations are delivered with high quality and in the most accurate way possible. The back translation method is also used automatically for texts containing valuable and sensitive information that must be completely accurate. At the same time, the back translation provides additional opportunities to correct and evaluate translation errors. This method is generally used in the translation of texts containing valuable information. The potential waste of money and time that may arise due to an inaccurate translation is eliminated by using the back translation method.<\/span><\/p><p><span style=\"font-family: Roboto;\">When implementing the back translation process, it is necessary to use a different translation team. Moreover, in order to obtain a reliable result, the former \u201ctranslation memory\u201d (TM) and list of terms used throughout the translation process should absolutely not be used.<\/span><\/p><p><span style=\"font-family: Roboto;\">Benefits of the Back Translation Method<\/span><\/p><ul><li><span style=\"font-family: Roboto;\">Possible semantic shifts between the source and target languages are eliminated. To make this point clearer, the translation becomes as perfect as possible thanks to this method.<\/span><\/li><li><span style=\"font-family: Roboto;\">It helps in the evaluation of the compatibility of meaning between the source and target languages.<\/span><\/li><li><span style=\"font-family: Roboto;\">It prevents the loss of money, time or energy that may occur due to an inaccurate translation.<\/span><\/li><li><span style=\"font-family: Roboto;\">Back translation is used in multilingual legal contracts, critical medical texts, marketing and advertising texts and in almost every domain where low-quality translations can pose big problems. Thus, any legal disputes and mistakes that may occur are eliminated.<\/span><\/li><\/ul><p>Mirora, which has determined its priority as offering quality services with its experienced and dynamic staff since its foundation in August 1997, also provides <span style=\"font-weight: 700\">back translation services.<\/span> If you would like to receive information about this service, you may conveniently contact us via phone or e-mail.<\/p>\t\t\t\t\t\t\t\t<\/div>\n\t\t\t\t\t<\/div>\n\t\t<\/div>\n\t\t\t\t\t<\/div>\n\t\t<\/section>\n\t\t\t\t\t<\/div>\n\t\t<\/div>\n\t\t\t\t\t<\/div>\n\t\t<\/section>\n\t\t\t\t<section class=\"elementor-section elementor-top-section elementor-element elementor-element-a0198a0 elementor-section-full_width elementor-section-height-default elementor-section-height-default\" data-id=\"a0198a0\" data-element_type=\"section\" data-e-type=\"section\">\n\t\t\t\t\t\t<div class=\"elementor-container elementor-column-gap-no\">\n\t\t\t\t\t<div class=\"elementor-column elementor-col-100 elementor-top-column elementor-element elementor-element-7106952\" data-id=\"7106952\" data-element_type=\"column\" data-e-type=\"column\">\n\t\t\t<div class=\"elementor-widget-wrap elementor-element-populated\">\n\t\t\t\t\t\t<div class=\"elementor-element elementor-element-b2ec78c elementor-widget elementor-widget-eduracta\" data-id=\"b2ec78c\" data-element_type=\"widget\" data-e-type=\"widget\" data-widget_type=\"eduracta.default\">\n\t\t\t\t<div class=\"elementor-widget-container\">\n\t\t\t\t\t<div class=\"cta-area-1\" data-bg-src=\"https:\/\/mirora.com\/wp-content\/uploads\/2023\/07\/cta-bg1-2-1.png\"><div class=\"container\"><div class=\"row align-items-center justify-content-between\"><div class=\"col-lg-8\"><div class=\"cta-wrap title-area mb-0\"><div class=\"cta-icon\"><img decoding=\"async\" src=\"https:\/\/mirora.com\/wp-content\/uploads\/2023\/07\/cta-icon1-2-1.png\" alt=\"icon\"><\/div><div class=\"cta-content\"><h2 class=\"cta-title th-title sec-title\">Get Offer Now<\/h2><p class=\"cta-text th-desc\">Adding value to your brand is just a click away with Mirora.<\/p><\/div><a href=\"https:\/\/mirora.com\/en\/get-offer\/\" class=\"th-btn th_btn style8\">Get a Free Quote<i class=\"fa-regular fa-arrow-right ms-1\"><\/i><\/a><\/div><\/div><\/div><\/div><div class=\"cta-img-1\" data-overlay=\"title\" data-opacity=\"8\"><img decoding=\"async\" src=\"https:\/\/mirora.com\/wp-content\/uploads\/2024\/06\/mirora_anasayfa_3-3.jpg\" alt=\"Image\"><\/div><\/div>\t\t\t\t<\/div>\n\t\t\t\t<\/div>\n\t\t\t\t\t<\/div>\n\t\t<\/div>\n\t\t\t\t\t<\/div>\n\t\t<\/section>\n\t\t<div class=\"elementor-element elementor-element-60000cd e-flex e-con-boxed e-con e-parent\" data-id=\"60000cd\" data-element_type=\"container\" data-e-type=\"container\">\n\t\t\t\t\t<div class=\"e-con-inner\">\n\t\t\t\t<div class=\"elementor-element elementor-element-7cc06b7 elementor-widget elementor-widget-heading\" data-id=\"7cc06b7\" data-element_type=\"widget\" data-e-type=\"widget\" data-widget_type=\"heading.default\">\n\t\t\t\t\t<h2 class=\"elementor-heading-title elementor-size-default\">These Articles May Interest You! Learn more about our service.<\/h2>\t\t\t\t<\/div>\n\t\t\t\t<div class=\"elementor-element elementor-element-e7b487b elementor-widget-divider--view-line elementor-widget elementor-widget-divider\" data-id=\"e7b487b\" data-element_type=\"widget\" data-e-type=\"widget\" data-widget_type=\"divider.default\">\n\t\t\t\t\t\t\t<div class=\"elementor-divider\">\n\t\t\t<span class=\"elementor-divider-separator\">\n\t\t\t\t\t\t<\/span>\n\t\t<\/div>\n\t\t\t\t\t\t<\/div>\n\t\t\t\t\t<\/div>\n\t\t\t\t<\/div>\n\t\t<div class=\"elementor-element elementor-element-48e91e4 e-flex e-con-boxed e-con e-parent\" data-id=\"48e91e4\" data-element_type=\"container\" data-e-type=\"container\">\n\t\t\t\t\t<div class=\"e-con-inner\">\n\t\t<div class=\"elementor-element elementor-element-8980d09 e-con-full e-flex e-con e-child\" data-id=\"8980d09\" data-element_type=\"container\" data-e-type=\"container\">\n\t\t\t\t<div class=\"elementor-element elementor-element-e869a65 premium-blog-align-left elementor-widget elementor-widget-premium-addon-blog\" data-id=\"e869a65\" data-element_type=\"widget\" data-e-type=\"widget\" data-settings=\"{&quot;premium_blog_columns_number&quot;:&quot;100%&quot;,&quot;premium_blog_grid&quot;:&quot;yes&quot;,&quot;premium_blog_layout&quot;:&quot;even&quot;,&quot;premium_blog_columns_number_tablet&quot;:&quot;50%&quot;,&quot;premium_blog_columns_number_mobile&quot;:&quot;100%&quot;}\" data-widget_type=\"premium-addon-blog.default\">\n\t\t\t\t\t\n\t\t\n\n\t\t\t\t<div class=\"premium-blog-wrap  premium-blog-even\" data-page=\"6608\">\n\t\t\t\t\t\t\t\t\t<div class=\"premium-blog-post-outer-container\" data-total=\"1\">\n\t\t\t<div class=\"premium-blog-post-container premium-blog-skin-banner\">\n\t\t\t\t\t\t\t\t\t<div class=\"premium-blog-thumb-effect-wrapper\">\n\t\t\t\t\t\t<div class=\"premium-blog-thumbnail-container premium-blog-zoomin-effect\">\n\t\t\t\t\t\t\t<img fetchpriority=\"high\" decoding=\"async\" width=\"850\" height=\"500\" src=\"https:\/\/mirora.com\/wp-content\/uploads\/2024\/08\/Mirora_What-is-Back-Translation-and-Why-Is-It-Useful.png\" class=\"attachment-full size-full wp-image-19214\" alt=\"\" srcset=\"https:\/\/mirora.com\/wp-content\/uploads\/2024\/08\/Mirora_What-is-Back-Translation-and-Why-Is-It-Useful.png 850w, https:\/\/mirora.com\/wp-content\/uploads\/2024\/08\/Mirora_What-is-Back-Translation-and-Why-Is-It-Useful-300x176.png 300w, https:\/\/mirora.com\/wp-content\/uploads\/2024\/08\/Mirora_What-is-Back-Translation-and-Why-Is-It-Useful-768x452.png 768w, https:\/\/mirora.com\/wp-content\/uploads\/2024\/08\/Mirora_What-is-Back-Translation-and-Why-Is-It-Useful-18x12.png 18w\" sizes=\"(max-width: 850px) 100vw, 850px\" \/>\t\t\t\t\t\t<\/div>\n\t\t\t\t\t\t\t\t\t\t\t\t\t<div class=\"premium-blog-thumbnail-overlay\">\n\t\t\t\t\t\t\t\t<a class=\"elementor-icon\" href=\"https:\/\/mirora.com\/en\/what-is-back-translation-and-why-is-it-useful\/\" target=\"_blank\"><\/a>\n\t\t\t\t\t\t\t<\/div>\n\n\t\t\t\t\t\t\t\t\t\t\t\t\t\t\t\t\t\t<\/div>\n\t\t\t\t\t\t\t\t\t\t\t\t<div class=\"premium-blog-content-wrapper\">\n\n\t\t\t\t\t<div class=\"premium-blog-inner-container\">\n\n\t\t\t\t\t\t\t\t\t\t\t\t\t\t<h2 class=\"premium-blog-entry-title\">\n\t\t\t<a href=\"https:\/\/mirora.com\/en\/what-is-back-translation-and-why-is-it-useful\/\" target=\"_blank\">\n\t\t\t\tWhat is Back Translation and Why Is It Useful?\t\t\t<\/a>\n\t\t<\/h2>\n\t\t\t\t<div class=\"premium-blog-entry-meta\">\n\t\t\t\n\t\t\t\n\t\t\t\n\t\t\t\t\t<\/div>\n\t\t\n\t\t\t\t\t<\/div>\n\n\t\t\t\t\t\t\t<div class=\"premium-blog-content-inner-wrapper\">\n\t\t<p class=\"premium-blog-post-content\">In translation and localization, ensuring the accuracy and effectiveness of a translated text is vital. One method that has gained prominence in quality control is back translation. Let\u2019s discuss the role and importance of back translation services in quality assurance.<\/p>\t\t<\/div>\n\t\t\t\t\t\t\t\n\t\t\t\t<\/div>\n\t\t\t<\/div>\n\t\t<\/div>\n\n\t\t\t\t\t\t\t<\/div>\n\n\t\t\n\t\t\n\t\t\t\t\t\t<\/div>\n\t\t\t\t<\/div>\n\t\t<div class=\"elementor-element elementor-element-80a881c e-con-full e-flex e-con e-child\" data-id=\"80a881c\" data-element_type=\"container\" data-e-type=\"container\">\n\t\t\t\t<\/div>\n\t\t<div class=\"elementor-element elementor-element-7cb0b71 e-con-full e-flex e-con e-child\" data-id=\"7cb0b71\" data-element_type=\"container\" data-e-type=\"container\">\n\t\t\t\t<\/div>\n\t\t<div class=\"elementor-element elementor-element-552ad87 e-con-full e-flex e-con e-child\" data-id=\"552ad87\" data-element_type=\"container\" data-e-type=\"container\">\n\t\t\t\t<\/div>\n\t\t\t\t\t<\/div>\n\t\t\t\t<\/div>\n\t\t\t\t<\/div>","protected":false},"excerpt":{"rendered":"<p>Back Translation Back translation (Tersine \u00c7eviri)\u00a0bir ara\u015ft\u0131rmada ya da herhangi bir \u00e7al\u0131\u015fmada kullanmak amac\u0131yla, kaynak dilden hedef dile \u00e7evrilmi\u015f bir&#8230;<\/p>","protected":false},"author":1,"featured_media":0,"parent":0,"menu_order":0,"comment_status":"closed","ping_status":"closed","template":"template-builder.php","meta":{"_monsterinsights_skip_tracking":false,"_monsterinsights_sitenote_active":false,"_monsterinsights_sitenote_note":"","_monsterinsights_sitenote_category":0,"footnotes":""},"class_list":["post-6608","page","type-page","status-publish","hentry","th-blog blog-single"],"yoast_head":"<!-- This site is optimized with the Yoast SEO plugin v27.3 - https:\/\/yoast.com\/product\/yoast-seo-wordpress\/ -->\n<title>Back Translat\u0131on - Mirora Translation<\/title>\n<meta name=\"description\" content=\"Back translation, i\u00e7eri\u011fi do\u011frulamak isteyen kurum ve kurulu\u015flarca talep edilebilir. Baz\u0131 kurumlar i\u00e7in bu t\u00fcr bir \u00e7eviri hizmeti almak, yasal gereklilik haline gelmi\u015ftir.\" \/>\n<meta name=\"robots\" content=\"index, follow, max-snippet:-1, max-image-preview:large, max-video-preview:-1\" \/>\n<link rel=\"canonical\" href=\"https:\/\/mirora.com\/en\/back-translation\/\" \/>\n<meta property=\"og:locale\" content=\"en_US\" \/>\n<meta property=\"og:type\" content=\"article\" \/>\n<meta property=\"og:title\" content=\"Back Translat\u0131on - Mirora Translation\" \/>\n<meta property=\"og:description\" content=\"Back translation, i\u00e7eri\u011fi do\u011frulamak isteyen kurum ve kurulu\u015flarca talep edilebilir. Baz\u0131 kurumlar i\u00e7in bu t\u00fcr bir \u00e7eviri hizmeti almak, yasal gereklilik haline gelmi\u015ftir.\" \/>\n<meta property=\"og:url\" content=\"https:\/\/mirora.com\/en\/back-translation\/\" \/>\n<meta property=\"og:site_name\" content=\"Mirora Translation\" \/>\n<meta property=\"article:modified_time\" content=\"2025-12-15T07:42:51+00:00\" \/>\n<meta property=\"og:image\" content=\"https:\/\/mirora.com\/wp-content\/uploads\/2023\/07\/cta-icon1-2-1.png\" \/>\n<meta name=\"twitter:card\" content=\"summary_large_image\" \/>\n<meta name=\"twitter:label1\" content=\"Est. reading time\" \/>\n\t<meta name=\"twitter:data1\" content=\"1 minute\" \/>\n<script type=\"application\/ld+json\" class=\"yoast-schema-graph\">{\"@context\":\"https:\\\/\\\/schema.org\",\"@graph\":[{\"@type\":\"WebPage\",\"@id\":\"https:\\\/\\\/mirora.com\\\/back-translation\\\/\",\"url\":\"https:\\\/\\\/mirora.com\\\/back-translation\\\/\",\"name\":\"Back Translat\u0131on - Mirora Translation\",\"isPartOf\":{\"@id\":\"https:\\\/\\\/mirora.com\\\/#website\"},\"primaryImageOfPage\":{\"@id\":\"https:\\\/\\\/mirora.com\\\/back-translation\\\/#primaryimage\"},\"image\":{\"@id\":\"https:\\\/\\\/mirora.com\\\/back-translation\\\/#primaryimage\"},\"thumbnailUrl\":\"https:\\\/\\\/mirora.com\\\/wp-content\\\/uploads\\\/2023\\\/07\\\/cta-icon1-2-1.png\",\"datePublished\":\"2024-05-29T21:22:52+00:00\",\"dateModified\":\"2025-12-15T07:42:51+00:00\",\"description\":\"Back translation, i\u00e7eri\u011fi do\u011frulamak isteyen kurum ve kurulu\u015flarca talep edilebilir. Baz\u0131 kurumlar i\u00e7in bu t\u00fcr bir \u00e7eviri hizmeti almak, yasal gereklilik haline gelmi\u015ftir.\",\"inLanguage\":\"en-US\",\"potentialAction\":[{\"@type\":\"ReadAction\",\"target\":[\"https:\\\/\\\/mirora.com\\\/back-translation\\\/\"]}]},{\"@type\":\"ImageObject\",\"inLanguage\":\"en-US\",\"@id\":\"https:\\\/\\\/mirora.com\\\/back-translation\\\/#primaryimage\",\"url\":\"https:\\\/\\\/mirora.com\\\/wp-content\\\/uploads\\\/2023\\\/07\\\/cta-icon1-2-1.png\",\"contentUrl\":\"https:\\\/\\\/mirora.com\\\/wp-content\\\/uploads\\\/2023\\\/07\\\/cta-icon1-2-1.png\"},{\"@type\":\"WebSite\",\"@id\":\"https:\\\/\\\/mirora.com\\\/#website\",\"url\":\"https:\\\/\\\/mirora.com\\\/\",\"name\":\"Mirora Translation\",\"description\":\"We Reflect Your Originals\",\"publisher\":{\"@id\":\"https:\\\/\\\/mirora.com\\\/#organization\"},\"potentialAction\":[{\"@type\":\"SearchAction\",\"target\":{\"@type\":\"EntryPoint\",\"urlTemplate\":\"https:\\\/\\\/mirora.com\\\/?s={search_term_string}\"},\"query-input\":{\"@type\":\"PropertyValueSpecification\",\"valueRequired\":true,\"valueName\":\"search_term_string\"}}],\"inLanguage\":\"en-US\"},{\"@type\":\"Organization\",\"@id\":\"https:\\\/\\\/mirora.com\\\/#organization\",\"name\":\"Mirora\",\"url\":\"https:\\\/\\\/mirora.com\\\/\",\"logo\":{\"@type\":\"ImageObject\",\"inLanguage\":\"en-US\",\"@id\":\"https:\\\/\\\/mirora.com\\\/#\\\/schema\\\/logo\\\/image\\\/\",\"url\":\"https:\\\/\\\/mirora.com\\\/wp-content\\\/uploads\\\/2023\\\/07\\\/MiroraLogo2.webp\",\"contentUrl\":\"https:\\\/\\\/mirora.com\\\/wp-content\\\/uploads\\\/2023\\\/07\\\/MiroraLogo2.webp\",\"width\":326,\"height\":108,\"caption\":\"Mirora\"},\"image\":{\"@id\":\"https:\\\/\\\/mirora.com\\\/#\\\/schema\\\/logo\\\/image\\\/\"}}]}<\/script>\n<!-- \/ Yoast SEO plugin. -->","yoast_head_json":{"title":"Back Translation - Mirora Translation","description":"Back translation may be requested by institutions and organizations that want to verify the content. For some organizations, this type of translation service has become a legal requirement.","robots":{"index":"index","follow":"follow","max-snippet":"max-snippet:-1","max-image-preview":"max-image-preview:large","max-video-preview":"max-video-preview:-1"},"canonical":"https:\/\/mirora.com\/en\/back-translation\/","og_locale":"en_US","og_type":"article","og_title":"Back Translat\u0131on - Mirora Translation","og_description":"Back translation, i\u00e7eri\u011fi do\u011frulamak isteyen kurum ve kurulu\u015flarca talep edilebilir. Baz\u0131 kurumlar i\u00e7in bu t\u00fcr bir \u00e7eviri hizmeti almak, yasal gereklilik haline gelmi\u015ftir.","og_url":"https:\/\/mirora.com\/en\/back-translation\/","og_site_name":"Mirora Translation","article_modified_time":"2025-12-15T07:42:51+00:00","og_image":[{"url":"https:\/\/mirora.com\/wp-content\/uploads\/2023\/07\/cta-icon1-2-1.png","type":"","width":"","height":""}],"twitter_card":"summary_large_image","twitter_misc":{"Est. reading time":"1 minute"},"schema":{"@context":"https:\/\/schema.org","@graph":[{"@type":"WebPage","@id":"https:\/\/mirora.com\/back-translation\/","url":"https:\/\/mirora.com\/back-translation\/","name":"Back Translation - Mirora Translation","isPartOf":{"@id":"https:\/\/mirora.com\/#website"},"primaryImageOfPage":{"@id":"https:\/\/mirora.com\/back-translation\/#primaryimage"},"image":{"@id":"https:\/\/mirora.com\/back-translation\/#primaryimage"},"thumbnailUrl":"https:\/\/mirora.com\/wp-content\/uploads\/2023\/07\/cta-icon1-2-1.png","datePublished":"2024-05-29T21:22:52+00:00","dateModified":"2025-12-15T07:42:51+00:00","description":"Back translation may be requested by institutions and organizations that want to verify the content. For some organizations, this type of translation service has become a legal requirement.","inLanguage":"en-US","potentialAction":[{"@type":"ReadAction","target":["https:\/\/mirora.com\/back-translation\/"]}]},{"@type":"ImageObject","inLanguage":"en-US","@id":"https:\/\/mirora.com\/back-translation\/#primaryimage","url":"https:\/\/mirora.com\/wp-content\/uploads\/2023\/07\/cta-icon1-2-1.png","contentUrl":"https:\/\/mirora.com\/wp-content\/uploads\/2023\/07\/cta-icon1-2-1.png"},{"@type":"WebSite","@id":"https:\/\/mirora.com\/#website","url":"https:\/\/mirora.com\/","name":"Mirora Translation","description":"We Reflect Your Originals","publisher":{"@id":"https:\/\/mirora.com\/#organization"},"potentialAction":[{"@type":"SearchAction","target":{"@type":"EntryPoint","urlTemplate":"https:\/\/mirora.com\/?s={search_term_string}"},"query-input":{"@type":"PropertyValueSpecification","valueRequired":true,"valueName":"search_term_string"}}],"inLanguage":"en-US"},{"@type":"Organization","@id":"https:\/\/mirora.com\/#organization","name":"Mirora","url":"https:\/\/mirora.com\/","logo":{"@type":"ImageObject","inLanguage":"en-US","@id":"https:\/\/mirora.com\/#\/schema\/logo\/image\/","url":"https:\/\/mirora.com\/wp-content\/uploads\/2023\/07\/MiroraLogo2.webp","contentUrl":"https:\/\/mirora.com\/wp-content\/uploads\/2023\/07\/MiroraLogo2.webp","width":326,"height":108,"caption":"Mirora"},"image":{"@id":"https:\/\/mirora.com\/#\/schema\/logo\/image\/"}}]}},"_links":{"self":[{"href":"https:\/\/mirora.com\/en\/wp-json\/wp\/v2\/pages\/6608","targetHints":{"allow":["GET"]}}],"collection":[{"href":"https:\/\/mirora.com\/en\/wp-json\/wp\/v2\/pages"}],"about":[{"href":"https:\/\/mirora.com\/en\/wp-json\/wp\/v2\/types\/page"}],"author":[{"embeddable":true,"href":"https:\/\/mirora.com\/en\/wp-json\/wp\/v2\/users\/1"}],"replies":[{"embeddable":true,"href":"https:\/\/mirora.com\/en\/wp-json\/wp\/v2\/comments?post=6608"}],"version-history":[{"count":26,"href":"https:\/\/mirora.com\/en\/wp-json\/wp\/v2\/pages\/6608\/revisions"}],"predecessor-version":[{"id":22848,"href":"https:\/\/mirora.com\/en\/wp-json\/wp\/v2\/pages\/6608\/revisions\/22848"}],"wp:attachment":[{"href":"https:\/\/mirora.com\/en\/wp-json\/wp\/v2\/media?parent=6608"}],"curies":[{"name":"wp","href":"https:\/\/api.w.org\/{rel}","templated":true}]}}