

{"id":6613,"date":"2024-05-30T00:23:49","date_gmt":"2024-05-29T21:23:49","guid":{"rendered":"https:\/\/mirora.com\/?page_id=6613"},"modified":"2026-04-16T15:08:13","modified_gmt":"2026-04-16T12:08:13","slug":"desifre","status":"publish","type":"page","link":"https:\/\/mirora.com\/en\/transcription\/","title":{"rendered":"Transcription"},"content":{"rendered":"<div data-elementor-type=\"wp-page\" data-elementor-id=\"6613\" class=\"elementor elementor-6613\" data-elementor-post-type=\"page\">\n\t\t\t\t<div class=\"elementor-element elementor-element-b0c2abe e-flex e-con-boxed e-con e-parent\" data-id=\"b0c2abe\" data-element_type=\"container\" data-e-type=\"container\" data-settings=\"{&quot;background_background&quot;:&quot;classic&quot;}\">\n\t\t\t\t\t<div class=\"e-con-inner\">\n\t\t\t\t<div class=\"elementor-element elementor-element-1a3be59 elementor-widget elementor-widget-heading\" data-id=\"1a3be59\" data-element_type=\"widget\" data-e-type=\"widget\" data-widget_type=\"heading.default\">\n\t\t\t\t\t<h1 class=\"elementor-heading-title elementor-size-default\">Footer One<\/h1>\t\t\t\t<\/div>\n\t\t\t\t\t<\/div>\n\t\t\t\t<\/div>\n\t\t\t\t<section class=\"elementor-section elementor-top-section elementor-element elementor-element-7144dec elementor-section-full_width elementor-section-height-default elementor-section-height-default\" data-id=\"7144dec\" data-element_type=\"section\" data-e-type=\"section\">\n\t\t\t\t\t\t<div class=\"elementor-container elementor-column-gap-no\">\n\t\t\t\t\t<div class=\"elementor-column elementor-col-100 elementor-top-column elementor-element elementor-element-2ac3368\" data-id=\"2ac3368\" data-element_type=\"column\" data-e-type=\"column\">\n\t\t\t<div class=\"elementor-widget-wrap elementor-element-populated\">\n\t\t\t\t\t\t<section class=\"elementor-section elementor-inner-section elementor-element elementor-element-6cf5ae6 elementor-section-content-middle elementor-section-boxed elementor-section-height-default elementor-section-height-default\" data-id=\"6cf5ae6\" data-element_type=\"section\" data-e-type=\"section\">\n\t\t\t\t\t\t<div class=\"elementor-container elementor-column-gap-no\">\n\t\t\t\t\t<div class=\"elementor-column elementor-col-100 elementor-inner-column elementor-element elementor-element-309d6ce\" data-id=\"309d6ce\" data-element_type=\"column\" data-e-type=\"column\">\n\t\t\t<div class=\"elementor-widget-wrap elementor-element-populated\">\n\t\t\t\t\t\t<div class=\"elementor-element elementor-element-83a00e2 elementor-widget elementor-widget-text-editor\" data-id=\"83a00e2\" data-element_type=\"widget\" data-e-type=\"widget\" data-widget_type=\"text-editor.default\">\n\t\t\t\t\t\t\t\t\t<p><strong><span style=\"font-family: Roboto;\">What is a Transcription Service?<\/span><\/strong><\/p><p class=\"translation-block\">As the information about the translation world increases, other operations that play a role in the translation process also come to the fore. Nowadays, a stage is often used before starting the translation process: transcription, that is, deciphering action.<\/p><p><span style=\"font-family: Roboto;\">Transcription is the act of transcribing any audio data. This audio data can be a voice recording of a conversation, or it can be in video format. We see many examples of this in everyday life: before subtitles are embedded in series and movies, the conversations are transcribed, that is, deciphered, and then this transcription goes through the translation process.<\/span><\/p><p><strong><span style=\"font-family: Roboto;\">How to Transcribe<\/span><\/strong><\/p><p><span style=\"font-family: Roboto;\">The transcription process is quite laborious. The deciphering process takes a long time, as writing speed remains slow compared to speaking. In addition, the recording must be listened to many times to transcribe accurately. This is important for a clear understanding of the content and not to omit any emphasis.<\/span><\/p><p><span style=\"font-family: Roboto;\">As can be understood, transcription is much more complex than deciphering pronounced words into writing. The stressed syllables, the speaker\u2019s hesitations, and all the emotions reflected in the audio should also be conveyed on paper.<\/span><\/p><p><span style=\"font-family: Roboto;\">First, the audio or video is viewed, so the transcriber becomes familiar with the content. After the listening process, the transcriber writes the dialogue meticulously. In the meantime, he\/she often stops the recording and ensures all conversations are written down to the last detail.<\/span><\/p><p><span style=\"font-family: Roboto;\">Sometimes the audio quality of the recordings in question may be low, and this will prolong the transcription process. Therefore, sound quality is an essential element affecting the act of transcription. However, audio quality can be improved through various computer programs, so the transcriber must be able to use these.<\/span><\/p><p><strong><span style=\"font-family: Roboto;\">Two Different Transcription Methods<\/span><\/strong><\/p><p><span style=\"font-family: Roboto;\">Two methods stand out in the transcription process: edited and one-to-one transcription. The preferred method depends on the needs of the customer.<\/span><\/p><p><strong><span style=\"font-family: Roboto;\">Edited Transcription<\/span><\/strong><\/p><p><span style=\"font-family: Roboto;\">The goal of the edited transcription is to preserve the meaning. Sentence structures are edited, unnecessary details are deleted, and meaning integrity is maintained. This method is suitable for more formal content. For example, a cough or speech errors should not be deciphered in audio recordings taken for academic studies.\u00a0<\/span><\/p><p><span style=\"font-family: Roboto;\">It would be more appropriate for the client\u2019s needs to continue with the edited transcription method for interviews, academic studies, conference records, and training videos.<\/span><\/p><p><strong><span style=\"font-family: Roboto;\">One-to-One Transcription<\/span><\/strong><\/p><p><span style=\"font-family: Roboto;\">The one-to-one transcription method is deciphering all kinds of audio elements in a recording. Exclamatory reactions, speech errors, movement sounds, and even coughing or sneezing sounds are noted. This method is frequently applied when deciphering scenarios.<\/span><\/p><p><strong><span style=\"font-family: Roboto;\">Usage Areas of Transcription<\/span><\/strong><\/p><p><span style=\"font-family: Roboto;\">It is seen that the transcription process is used in many areas. We even unconsciously see many examples of this in everyday life: movies and foreign TV series.<\/span><\/p><p><span style=\"font-family: Roboto;\">In addition, transcription service is of great importance for hearing-impaired individuals. All emphasis in speech needs to be transcribed so that context integrity can be maintained.<\/span><\/p><ul><li><span style=\"font-family: Roboto;\">Presentations and Meetings<\/span><\/li><li><span style=\"font-family: Roboto;\">Phone Records<\/span><\/li><li><span style=\"font-family: Roboto;\">Interviews and News<\/span><\/li><li><span style=\"font-family: Roboto;\">Audio Recordings<\/span><\/li><li><span style=\"font-family: Roboto;\">Movies and TV Shows<\/span><\/li><li><span style=\"font-family: Roboto;\">Documentary and Advertising Films<\/span><\/li><li><span style=\"font-family: Roboto;\">Digital Video Content<\/span><\/li><li><span style=\"font-family: Roboto;\">Conference, Seminar, Congress, and Training Records<\/span><\/li><li><span style=\"font-family: Roboto;\">Course Records<\/span><\/li><li><span style=\"font-family: Roboto;\">Records of Litigation, Hearing, and Interrogation<\/span><\/li><li><span style=\"font-family: Roboto;\">Television Records<\/span><\/li><li><span style=\"font-family: Roboto;\">Academic Records<\/span><\/li><\/ul><p class=\"translation-block\"><span style=\"font-family: Roboto\">We, as the <strong>Mirora<\/strong> family, work day and night to provide you with the best possible service and experience. You can safely entrust your records to us and you can be sure that we will work with great care for your privacy. <\/span><\/p>\t\t\t\t\t\t\t\t<\/div>\n\t\t\t\t\t<\/div>\n\t\t<\/div>\n\t\t\t\t\t<\/div>\n\t\t<\/section>\n\t\t\t\t\t<\/div>\n\t\t<\/div>\n\t\t\t\t\t<\/div>\n\t\t<\/section>\n\t\t\t\t<section class=\"elementor-section elementor-top-section elementor-element elementor-element-cea03ec elementor-section-full_width elementor-section-height-default elementor-section-height-default\" data-id=\"cea03ec\" data-element_type=\"section\" data-e-type=\"section\">\n\t\t\t\t\t\t<div class=\"elementor-container elementor-column-gap-no\">\n\t\t\t\t\t<div class=\"elementor-column elementor-col-100 elementor-top-column elementor-element elementor-element-1ba7abb\" data-id=\"1ba7abb\" data-element_type=\"column\" data-e-type=\"column\">\n\t\t\t<div class=\"elementor-widget-wrap elementor-element-populated\">\n\t\t\t\t\t\t<div class=\"elementor-element elementor-element-fb83e25 elementor-widget elementor-widget-eduracta\" data-id=\"fb83e25\" data-element_type=\"widget\" data-e-type=\"widget\" data-widget_type=\"eduracta.default\">\n\t\t\t\t<div class=\"elementor-widget-container\">\n\t\t\t\t\t<div class=\"cta-area-1\" data-bg-src=\"https:\/\/mirora.com\/wp-content\/uploads\/2023\/07\/cta-bg1-2-1.png\"><div class=\"container\"><div class=\"row align-items-center justify-content-between\"><div class=\"col-lg-8\"><div class=\"cta-wrap title-area mb-0\"><div class=\"cta-icon\"><img decoding=\"async\" src=\"https:\/\/mirora.com\/wp-content\/uploads\/2023\/07\/cta-icon1-2-1.png\" alt=\"icon\"><\/div><div class=\"cta-content\"><h2 class=\"cta-title th-title sec-title\">Get Offer Now<\/h2><p class=\"cta-text th-desc\">Adding value to your brand is just a click away with Mirora.<\/p><\/div><a href=\"https:\/\/mirora.com\/en\/get-offer\/\" class=\"th-btn th_btn style8\">Get a Free Quote<i class=\"fa-regular fa-arrow-right ms-1\"><\/i><\/a><\/div><\/div><\/div><\/div><div class=\"cta-img-1\" data-overlay=\"title\" data-opacity=\"8\"><img decoding=\"async\" src=\"https:\/\/mirora.com\/wp-content\/uploads\/2024\/06\/mirora_anasayfa_3-3.jpg\" alt=\"Image\"><\/div><\/div>\t\t\t\t<\/div>\n\t\t\t\t<\/div>\n\t\t\t\t\t<\/div>\n\t\t<\/div>\n\t\t\t\t\t<\/div>\n\t\t<\/section>\n\t\t<div class=\"elementor-element elementor-element-b24ad52 e-flex e-con-boxed e-con e-parent\" data-id=\"b24ad52\" data-element_type=\"container\" data-e-type=\"container\">\n\t\t\t\t\t<div class=\"e-con-inner\">\n\t\t\t\t<div class=\"elementor-element elementor-element-d57598e elementor-widget elementor-widget-heading\" data-id=\"d57598e\" data-element_type=\"widget\" data-e-type=\"widget\" data-widget_type=\"heading.default\">\n\t\t\t\t\t<h2 class=\"elementor-heading-title elementor-size-default\">These Articles May Interest You! Learn more about our service.<\/h2>\t\t\t\t<\/div>\n\t\t\t\t<div class=\"elementor-element elementor-element-227e728 elementor-widget-divider--view-line elementor-widget elementor-widget-divider\" data-id=\"227e728\" data-element_type=\"widget\" data-e-type=\"widget\" data-widget_type=\"divider.default\">\n\t\t\t\t\t\t\t<div class=\"elementor-divider\">\n\t\t\t<span class=\"elementor-divider-separator\">\n\t\t\t\t\t\t<\/span>\n\t\t<\/div>\n\t\t\t\t\t\t<\/div>\n\t\t\t\t\t<\/div>\n\t\t\t\t<\/div>\n\t\t<div class=\"elementor-element elementor-element-804fc4c e-flex e-con-boxed e-con e-parent\" data-id=\"804fc4c\" data-element_type=\"container\" data-e-type=\"container\">\n\t\t\t\t\t<div class=\"e-con-inner\">\n\t\t<div class=\"elementor-element elementor-element-92bbb1a e-con-full e-flex e-con e-child\" data-id=\"92bbb1a\" data-element_type=\"container\" data-e-type=\"container\">\n\t\t\t\t<div class=\"elementor-element elementor-element-e03a17e premium-blog-align-left elementor-widget elementor-widget-premium-addon-blog\" data-id=\"e03a17e\" data-element_type=\"widget\" data-e-type=\"widget\" data-settings=\"{&quot;premium_blog_columns_number&quot;:&quot;100%&quot;,&quot;premium_blog_grid&quot;:&quot;yes&quot;,&quot;premium_blog_layout&quot;:&quot;even&quot;,&quot;premium_blog_columns_number_tablet&quot;:&quot;50%&quot;,&quot;premium_blog_columns_number_mobile&quot;:&quot;100%&quot;}\" data-widget_type=\"premium-addon-blog.default\">\n\t\t\t\t\t\n\t\t\n\n\t\t\t\t<div class=\"premium-blog-wrap  premium-blog-even\" data-page=\"6613\">\n\t\t\t\t\t\t\t\t\t<div class=\"premium-blog-post-outer-container\" data-total=\"1\">\n\t\t\t<div class=\"premium-blog-post-container premium-blog-skin-banner\">\n\t\t\t\t\t\t\t\t\t<div class=\"premium-blog-thumb-effect-wrapper\">\n\t\t\t\t\t\t<div class=\"premium-blog-thumbnail-container premium-blog-zoomin-effect\">\n\t\t\t\t\t\t\t<img fetchpriority=\"high\" decoding=\"async\" width=\"850\" height=\"500\" src=\"https:\/\/mirora.com\/wp-content\/uploads\/2023\/04\/transcription-1-min.jpg\" class=\"attachment-full size-full wp-image-17148\" alt=\"\" srcset=\"https:\/\/mirora.com\/wp-content\/uploads\/2023\/04\/transcription-1-min.jpg 850w, https:\/\/mirora.com\/wp-content\/uploads\/2023\/04\/transcription-1-min-300x176.jpg 300w, https:\/\/mirora.com\/wp-content\/uploads\/2023\/04\/transcription-1-min-768x452.jpg 768w, https:\/\/mirora.com\/wp-content\/uploads\/2023\/04\/transcription-1-min-18x12.jpg 18w\" sizes=\"(max-width: 850px) 100vw, 850px\" \/>\t\t\t\t\t\t<\/div>\n\t\t\t\t\t\t\t\t\t\t\t\t\t<div class=\"premium-blog-thumbnail-overlay\">\n\t\t\t\t\t\t\t\t<a class=\"elementor-icon\" href=\"https:\/\/mirora.com\/en\/transcription-not-your-first-time-hearing-it\/\" target=\"_blank\"><\/a>\n\t\t\t\t\t\t\t<\/div>\n\n\t\t\t\t\t\t\t\t\t\t\t\t\t\t\t\t\t\t<\/div>\n\t\t\t\t\t\t\t\t\t\t\t\t<div class=\"premium-blog-content-wrapper\">\n\n\t\t\t\t\t<div class=\"premium-blog-inner-container\">\n\n\t\t\t\t\t\t\t\t\t\t\t\t\t\t<h2 class=\"premium-blog-entry-title\">\n\t\t\t<a href=\"https:\/\/mirora.com\/en\/transcription-not-your-first-time-hearing-it\/\" target=\"_blank\">\n\t\t\t\tTranscription, Not Your First Time Hearing It\t\t\t<\/a>\n\t\t<\/h2>\n\t\t\t\t<div class=\"premium-blog-entry-meta\">\n\t\t\t\n\t\t\t\n\t\t\t\n\t\t\t\t\t<\/div>\n\t\t\n\t\t\t\t\t<\/div>\n\n\t\t\t\t\t\t\t<div class=\"premium-blog-content-inner-wrapper\">\n\t\t<p class=\"premium-blog-post-content\">When you enter the world of translation, you will see it has many branches. Before starting the translation process, many actions are carried out on a project basis and in line with the customer's request. Transcription, also known as deciphering,\u2026<\/p>\t\t<\/div>\n\t\t\t\t\t\t\t\n\t\t\t\t<\/div>\n\t\t\t<\/div>\n\t\t<\/div>\n\n\t\t\t\t\t\t\t<\/div>\n\n\t\t\n\t\t\n\t\t\t\t\t\t<\/div>\n\t\t\t\t<\/div>\n\t\t<div class=\"elementor-element elementor-element-ef53c93 e-con-full e-flex e-con e-child\" data-id=\"ef53c93\" data-element_type=\"container\" data-e-type=\"container\">\n\t\t\t\t<div class=\"elementor-element elementor-element-b3ef914 premium-blog-align-left elementor-widget elementor-widget-premium-addon-blog\" data-id=\"b3ef914\" data-element_type=\"widget\" data-e-type=\"widget\" data-settings=\"{&quot;premium_blog_columns_number&quot;:&quot;100%&quot;,&quot;premium_blog_grid&quot;:&quot;yes&quot;,&quot;premium_blog_layout&quot;:&quot;even&quot;,&quot;premium_blog_columns_number_tablet&quot;:&quot;50%&quot;,&quot;premium_blog_columns_number_mobile&quot;:&quot;100%&quot;}\" data-widget_type=\"premium-addon-blog.default\">\n\t\t\t\t\t\n\t\t\n\n\t\t\t\t<div class=\"premium-blog-wrap  premium-blog-even\" data-page=\"6613\">\n\t\t\t\t\t\t\t\t\t<div class=\"premium-blog-post-outer-container\" data-total=\"1\">\n\t\t\t<div class=\"premium-blog-post-container premium-blog-skin-banner\">\n\t\t\t\t\t\t\t\t\t<div class=\"premium-blog-thumb-effect-wrapper\">\n\t\t\t\t\t\t<div class=\"premium-blog-thumbnail-container premium-blog-zoomin-effect\">\n\t\t\t\t\t\t\t<img decoding=\"async\" width=\"850\" height=\"500\" src=\"https:\/\/mirora.com\/wp-content\/uploads\/2025\/07\/The-Rise-of-AI-in-Transcription.png\" class=\"attachment-full size-full wp-image-22584\" alt=\"\" srcset=\"https:\/\/mirora.com\/wp-content\/uploads\/2025\/07\/The-Rise-of-AI-in-Transcription.png 850w, https:\/\/mirora.com\/wp-content\/uploads\/2025\/07\/The-Rise-of-AI-in-Transcription-300x176.png 300w, https:\/\/mirora.com\/wp-content\/uploads\/2025\/07\/The-Rise-of-AI-in-Transcription-768x452.png 768w, https:\/\/mirora.com\/wp-content\/uploads\/2025\/07\/The-Rise-of-AI-in-Transcription-18x12.png 18w\" sizes=\"(max-width: 850px) 100vw, 850px\" \/>\t\t\t\t\t\t<\/div>\n\t\t\t\t\t\t\t\t\t\t\t\t\t<div class=\"premium-blog-thumbnail-overlay\">\n\t\t\t\t\t\t\t\t<a class=\"elementor-icon\" href=\"https:\/\/mirora.com\/en\/the-rise-of-ai-in-transcription\/\" target=\"_blank\"><\/a>\n\t\t\t\t\t\t\t<\/div>\n\n\t\t\t\t\t\t\t\t\t\t\t\t\t\t\t\t\t\t<\/div>\n\t\t\t\t\t\t\t\t\t\t\t\t<div class=\"premium-blog-content-wrapper\">\n\n\t\t\t\t\t<div class=\"premium-blog-inner-container\">\n\n\t\t\t\t\t\t\t\t\t\t\t\t\t\t<h2 class=\"premium-blog-entry-title\">\n\t\t\t<a href=\"https:\/\/mirora.com\/en\/the-rise-of-ai-in-transcription\/\" target=\"_blank\">\n\t\t\t\tThe Rise of AI in Transcription\t\t\t<\/a>\n\t\t<\/h2>\n\t\t\t\t<div class=\"premium-blog-entry-meta\">\n\t\t\t\n\t\t\t\n\t\t\t\n\t\t\t\t\t<\/div>\n\t\t\n\t\t\t\t\t<\/div>\n\n\t\t\t\t\t\t\t<div class=\"premium-blog-content-inner-wrapper\">\n\t\t<p class=\"premium-blog-post-content\">In today\u2019s digital world, spoken content is everywhere\u2014meetings, podcasts, webinars, interviews, and product demos.<\/p>\t\t<\/div>\n\t\t\t\t\t\t\t\n\t\t\t\t<\/div>\n\t\t\t<\/div>\n\t\t<\/div>\n\n\t\t\t\t\t\t\t<\/div>\n\n\t\t\n\t\t\n\t\t\t\t\t\t<\/div>\n\t\t\t\t<\/div>\n\t\t\t\t\t<\/div>\n\t\t\t\t<\/div>\n\t\t\t\t<\/div>","protected":false},"excerpt":{"rendered":"<p>What is a Transcription Service? The more we learn about the world of translation, the more other processes that play a role in the translation process come to the fore. Today, translation...<\/p>","protected":false},"author":1,"featured_media":0,"parent":0,"menu_order":0,"comment_status":"closed","ping_status":"closed","template":"template-builder.php","meta":{"_monsterinsights_skip_tracking":false,"_monsterinsights_sitenote_active":false,"_monsterinsights_sitenote_note":"","_monsterinsights_sitenote_category":0,"footnotes":""},"class_list":["post-6613","page","type-page","status-publish","hentry","th-blog blog-single"],"yoast_head":"<!-- This site is optimized with the Yoast SEO plugin v27.4 - https:\/\/yoast.com\/product\/yoast-seo-wordpress\/ -->\n<title>De\u015fifre - Mirora Translation<\/title>\n<meta name=\"description\" content=\"De\u015fifre, herhangi bir sesli verinin yaz\u0131ya d\u00f6k\u00fclmesi eylemidir. Bu sesli veri, bir konu\u015fman\u0131n ses kayd\u0131 olabilece\u011fi gibi, video format\u0131nda da olabilir.\" \/>\n<meta name=\"robots\" content=\"index, follow, max-snippet:-1, max-image-preview:large, max-video-preview:-1\" \/>\n<link rel=\"canonical\" href=\"https:\/\/mirora.com\/en\/transcription\/\" \/>\n<meta property=\"og:locale\" content=\"en_US\" \/>\n<meta property=\"og:type\" content=\"article\" \/>\n<meta property=\"og:title\" content=\"De\u015fifre - Mirora Translation\" \/>\n<meta property=\"og:description\" content=\"De\u015fifre, herhangi bir sesli verinin yaz\u0131ya d\u00f6k\u00fclmesi eylemidir. Bu sesli veri, bir konu\u015fman\u0131n ses kayd\u0131 olabilece\u011fi gibi, video format\u0131nda da olabilir.\" \/>\n<meta property=\"og:url\" content=\"https:\/\/mirora.com\/en\/transcription\/\" \/>\n<meta property=\"og:site_name\" content=\"Mirora Translation\" \/>\n<meta property=\"article:modified_time\" content=\"2026-04-16T12:08:13+00:00\" \/>\n<meta property=\"og:image\" content=\"https:\/\/mirora.com\/wp-content\/uploads\/2023\/07\/cta-icon1-2-1.png\" \/>\n<meta name=\"twitter:card\" content=\"summary_large_image\" \/>\n<meta name=\"twitter:label1\" content=\"Est. reading time\" \/>\n\t<meta name=\"twitter:data1\" content=\"1 minute\" \/>\n<script type=\"application\/ld+json\" class=\"yoast-schema-graph\">{\"@context\":\"https:\\\/\\\/schema.org\",\"@graph\":[{\"@type\":\"WebPage\",\"@id\":\"https:\\\/\\\/mirora.com\\\/desifre\\\/\",\"url\":\"https:\\\/\\\/mirora.com\\\/desifre\\\/\",\"name\":\"De\u015fifre - Mirora Translation\",\"isPartOf\":{\"@id\":\"https:\\\/\\\/mirora.com\\\/#website\"},\"primaryImageOfPage\":{\"@id\":\"https:\\\/\\\/mirora.com\\\/desifre\\\/#primaryimage\"},\"image\":{\"@id\":\"https:\\\/\\\/mirora.com\\\/desifre\\\/#primaryimage\"},\"thumbnailUrl\":\"https:\\\/\\\/mirora.com\\\/wp-content\\\/uploads\\\/2023\\\/07\\\/cta-icon1-2-1.png\",\"datePublished\":\"2024-05-29T21:23:49+00:00\",\"dateModified\":\"2026-04-16T12:08:13+00:00\",\"description\":\"De\u015fifre, herhangi bir sesli verinin yaz\u0131ya d\u00f6k\u00fclmesi eylemidir. Bu sesli veri, bir konu\u015fman\u0131n ses kayd\u0131 olabilece\u011fi gibi, video format\u0131nda da olabilir.\",\"inLanguage\":\"en-US\",\"potentialAction\":[{\"@type\":\"ReadAction\",\"target\":[\"https:\\\/\\\/mirora.com\\\/desifre\\\/\"]}]},{\"@type\":\"ImageObject\",\"inLanguage\":\"en-US\",\"@id\":\"https:\\\/\\\/mirora.com\\\/desifre\\\/#primaryimage\",\"url\":\"https:\\\/\\\/mirora.com\\\/wp-content\\\/uploads\\\/2023\\\/07\\\/cta-icon1-2-1.png\",\"contentUrl\":\"https:\\\/\\\/mirora.com\\\/wp-content\\\/uploads\\\/2023\\\/07\\\/cta-icon1-2-1.png\"},{\"@type\":\"WebSite\",\"@id\":\"https:\\\/\\\/mirora.com\\\/#website\",\"url\":\"https:\\\/\\\/mirora.com\\\/\",\"name\":\"Mirora Translation\",\"description\":\"We Reflect Your Originals\",\"publisher\":{\"@id\":\"https:\\\/\\\/mirora.com\\\/#organization\"},\"potentialAction\":[{\"@type\":\"SearchAction\",\"target\":{\"@type\":\"EntryPoint\",\"urlTemplate\":\"https:\\\/\\\/mirora.com\\\/?s={search_term_string}\"},\"query-input\":{\"@type\":\"PropertyValueSpecification\",\"valueRequired\":true,\"valueName\":\"search_term_string\"}}],\"inLanguage\":\"en-US\"},{\"@type\":\"Organization\",\"@id\":\"https:\\\/\\\/mirora.com\\\/#organization\",\"name\":\"Mirora\",\"url\":\"https:\\\/\\\/mirora.com\\\/\",\"logo\":{\"@type\":\"ImageObject\",\"inLanguage\":\"en-US\",\"@id\":\"https:\\\/\\\/mirora.com\\\/#\\\/schema\\\/logo\\\/image\\\/\",\"url\":\"https:\\\/\\\/mirora.com\\\/wp-content\\\/uploads\\\/2023\\\/07\\\/MiroraLogo2.webp\",\"contentUrl\":\"https:\\\/\\\/mirora.com\\\/wp-content\\\/uploads\\\/2023\\\/07\\\/MiroraLogo2.webp\",\"width\":326,\"height\":108,\"caption\":\"Mirora\"},\"image\":{\"@id\":\"https:\\\/\\\/mirora.com\\\/#\\\/schema\\\/logo\\\/image\\\/\"}}]}<\/script>\n<!-- \/ Yoast SEO plugin. -->","yoast_head_json":{"title":"Transcription - Mirora Translation","description":"Transcription is the act of transcribing any audio data. This audio data may be an audio recording of a conversation or it may be in video format.","robots":{"index":"index","follow":"follow","max-snippet":"max-snippet:-1","max-image-preview":"max-image-preview:large","max-video-preview":"max-video-preview:-1"},"canonical":"https:\/\/mirora.com\/en\/transcription\/","og_locale":"en_US","og_type":"article","og_title":"De\u015fifre - Mirora Translation","og_description":"De\u015fifre, herhangi bir sesli verinin yaz\u0131ya d\u00f6k\u00fclmesi eylemidir. Bu sesli veri, bir konu\u015fman\u0131n ses kayd\u0131 olabilece\u011fi gibi, video format\u0131nda da olabilir.","og_url":"https:\/\/mirora.com\/en\/transcription\/","og_site_name":"Mirora Translation","article_modified_time":"2026-04-16T12:08:13+00:00","og_image":[{"url":"https:\/\/mirora.com\/wp-content\/uploads\/2023\/07\/cta-icon1-2-1.png","type":"","width":"","height":""}],"twitter_card":"summary_large_image","twitter_misc":{"Est. reading time":"1 minute"},"schema":{"@context":"https:\/\/schema.org","@graph":[{"@type":"WebPage","@id":"https:\/\/mirora.com\/desifre\/","url":"https:\/\/mirora.com\/desifre\/","name":"Transcription - Mirora Translation","isPartOf":{"@id":"https:\/\/mirora.com\/#website"},"primaryImageOfPage":{"@id":"https:\/\/mirora.com\/desifre\/#primaryimage"},"image":{"@id":"https:\/\/mirora.com\/desifre\/#primaryimage"},"thumbnailUrl":"https:\/\/mirora.com\/wp-content\/uploads\/2023\/07\/cta-icon1-2-1.png","datePublished":"2024-05-29T21:23:49+00:00","dateModified":"2026-04-16T12:08:13+00:00","description":"Transcription is the act of transcribing any audio data. This audio data may be an audio recording of a conversation or it may be in video format.","inLanguage":"en-US","potentialAction":[{"@type":"ReadAction","target":["https:\/\/mirora.com\/desifre\/"]}]},{"@type":"ImageObject","inLanguage":"en-US","@id":"https:\/\/mirora.com\/desifre\/#primaryimage","url":"https:\/\/mirora.com\/wp-content\/uploads\/2023\/07\/cta-icon1-2-1.png","contentUrl":"https:\/\/mirora.com\/wp-content\/uploads\/2023\/07\/cta-icon1-2-1.png"},{"@type":"WebSite","@id":"https:\/\/mirora.com\/#website","url":"https:\/\/mirora.com\/","name":"Mirora Translation","description":"We Reflect Your Originals","publisher":{"@id":"https:\/\/mirora.com\/#organization"},"potentialAction":[{"@type":"SearchAction","target":{"@type":"EntryPoint","urlTemplate":"https:\/\/mirora.com\/?s={search_term_string}"},"query-input":{"@type":"PropertyValueSpecification","valueRequired":true,"valueName":"search_term_string"}}],"inLanguage":"en-US"},{"@type":"Organization","@id":"https:\/\/mirora.com\/#organization","name":"Mirora","url":"https:\/\/mirora.com\/","logo":{"@type":"ImageObject","inLanguage":"en-US","@id":"https:\/\/mirora.com\/#\/schema\/logo\/image\/","url":"https:\/\/mirora.com\/wp-content\/uploads\/2023\/07\/MiroraLogo2.webp","contentUrl":"https:\/\/mirora.com\/wp-content\/uploads\/2023\/07\/MiroraLogo2.webp","width":326,"height":108,"caption":"Mirora"},"image":{"@id":"https:\/\/mirora.com\/#\/schema\/logo\/image\/"}}]}},"_links":{"self":[{"href":"https:\/\/mirora.com\/en\/wp-json\/wp\/v2\/pages\/6613","targetHints":{"allow":["GET"]}}],"collection":[{"href":"https:\/\/mirora.com\/en\/wp-json\/wp\/v2\/pages"}],"about":[{"href":"https:\/\/mirora.com\/en\/wp-json\/wp\/v2\/types\/page"}],"author":[{"embeddable":true,"href":"https:\/\/mirora.com\/en\/wp-json\/wp\/v2\/users\/1"}],"replies":[{"embeddable":true,"href":"https:\/\/mirora.com\/en\/wp-json\/wp\/v2\/comments?post=6613"}],"version-history":[{"count":25,"href":"https:\/\/mirora.com\/en\/wp-json\/wp\/v2\/pages\/6613\/revisions"}],"predecessor-version":[{"id":23234,"href":"https:\/\/mirora.com\/en\/wp-json\/wp\/v2\/pages\/6613\/revisions\/23234"}],"wp:attachment":[{"href":"https:\/\/mirora.com\/en\/wp-json\/wp\/v2\/media?parent=6613"}],"curies":[{"name":"wp","href":"https:\/\/api.w.org\/{rel}","templated":true}]}}