

{"id":6618,"date":"2024-05-30T00:24:38","date_gmt":"2024-05-29T21:24:38","guid":{"rendered":"https:\/\/mirora.com\/?page_id=6618"},"modified":"2026-04-16T15:23:33","modified_gmt":"2026-04-16T12:23:33","slug":"masaustu-yayincilik","status":"publish","type":"page","link":"https:\/\/mirora.com\/en\/desktop-publishing\/","title":{"rendered":"Desktop Publishing"},"content":{"rendered":"<div data-elementor-type=\"wp-page\" data-elementor-id=\"6618\" class=\"elementor elementor-6618\" data-elementor-post-type=\"page\">\n\t\t\t\t<div class=\"elementor-element elementor-element-296b263 e-flex e-con-boxed e-con e-parent\" data-id=\"296b263\" data-element_type=\"container\" data-e-type=\"container\" data-settings=\"{&quot;background_background&quot;:&quot;classic&quot;}\">\n\t\t\t\t\t<div class=\"e-con-inner\">\n\t\t\t\t<div class=\"elementor-element elementor-element-ea62991 elementor-widget elementor-widget-heading\" data-id=\"ea62991\" data-element_type=\"widget\" data-e-type=\"widget\" data-widget_type=\"heading.default\">\n\t\t\t\t\t<h1 class=\"elementor-heading-title elementor-size-default\">Footer One<\/h1>\t\t\t\t<\/div>\n\t\t\t\t\t<\/div>\n\t\t\t\t<\/div>\n\t\t\t\t<section class=\"elementor-section elementor-top-section elementor-element elementor-element-7144dec elementor-section-full_width elementor-section-height-default elementor-section-height-default\" data-id=\"7144dec\" data-element_type=\"section\" data-e-type=\"section\">\n\t\t\t\t\t\t<div class=\"elementor-container elementor-column-gap-no\">\n\t\t\t\t\t<div class=\"elementor-column elementor-col-100 elementor-top-column elementor-element elementor-element-2ac3368\" data-id=\"2ac3368\" data-element_type=\"column\" data-e-type=\"column\">\n\t\t\t<div class=\"elementor-widget-wrap elementor-element-populated\">\n\t\t\t\t\t\t<section class=\"elementor-section elementor-inner-section elementor-element elementor-element-6cf5ae6 elementor-section-content-middle elementor-section-boxed elementor-section-height-default elementor-section-height-default\" data-id=\"6cf5ae6\" data-element_type=\"section\" data-e-type=\"section\">\n\t\t\t\t\t\t<div class=\"elementor-container elementor-column-gap-no\">\n\t\t\t\t\t<div class=\"elementor-column elementor-col-100 elementor-inner-column elementor-element elementor-element-309d6ce\" data-id=\"309d6ce\" data-element_type=\"column\" data-e-type=\"column\">\n\t\t\t<div class=\"elementor-widget-wrap elementor-element-populated\">\n\t\t\t\t\t\t<div class=\"elementor-element elementor-element-83a00e2 elementor-widget elementor-widget-text-editor\" data-id=\"83a00e2\" data-element_type=\"widget\" data-e-type=\"widget\" data-widget_type=\"text-editor.default\">\n\t\t\t\t\t\t\t\t\t<p class=\"translation-block\">Desktop publishing can be defined as the job of producing printed or digital materials such as books, magazines, brochures, posters, and advertisements using a computer and software. Since it is generally carried out by using desktop computers at a desk, it is called and conceptualized as desktop publishing. Despite being a concept that we have heard more recently, desktop publishing actually appeared in 1985. This term used by Adobe, Aldus, Apple, Linotype and Quark companies also started to be expressed in the public domain. Many academics and specialists define desktop publishing as a new printing revolution.<\/p><p><span style=\"font-family: Roboto;\">The first Postscript developed by Adobe was an important step in recognizing pages. Later, the page setup program developed by Aldus was supported by the graphics-based operating system produced by Apple. Ultimately, postscript printers emerged. After 1992, printing services were moved to the electronic environment.<\/span><\/p><p><span style=\"font-family: Roboto;\">The printing press invented by Gutenberg nearly five hundred years ago has gained a new hallmark through desktop publishing. This is because desktop publishing shortens the process and requires less manpower. Printed materials, including the preliminary processes of printing, are produced in a computer-aided, electronic environment. The general view and format of texts translated and edited with desktop publishing can easily be altered.<\/span><\/p><p><strong><span style=\"font-family: Roboto;\">Characteristics of Desktop Publishing<\/span><\/strong><\/p><ul><li><span style=\"font-family: Roboto;\">Various types of computer software are used in desktop publishing.<\/span><\/li><li><span style=\"font-family: Roboto;\">With the desktop publishing method, a large number of printed or digital publications, such as books, magazines, brochures etc., can be produced in a very short time and if documents are translated by appropriate computer-aided translation (CAT) tools, then page designs will not be distorted in the text of the target language, thereby resulting in a very substantial cost saving.<\/span><\/li><li><span style=\"font-family: Roboto;\">Unlike conventional publishing, documents can be quickly brought to the printing stage in desktop publishing.<\/span><\/li><li><span style=\"font-family: Roboto;\">Desktop publishing provides more impressive documents with high graphic quality.<\/span><\/li><li><span style=\"font-family: Roboto;\">With a wide range of desktop applications, images and graphics can be created, resized, content can be placed on the page, and index pages can be prepared.<\/span><\/li><li><span style=\"font-family: Roboto;\">Desktop publishing requires less manpower compared to the former system.<\/span><br \/><span style=\"font-family: Roboto;\">Desktop publishing saves time.<\/span><\/li><li><span style=\"font-family: Roboto;\">Errors are corrected before the printed material goes to the printing press. Thus, loss of energy and money are also prevented.<\/span><\/li><\/ul><p><strong><span style=\"font-family: Roboto;\">Programs Used in Desktop Publishing<\/span><\/strong><\/p><p><span style=\"font-family: Roboto;\">A diverse range of computer software is used in desktop publishing. The most commonly used programs include Creative Cloud, InDesign, Photoshop, Illustrator, After Effects, etc. Thanks to these programs that allow the use of creative computer tools from both desktop and mobile devices, printed materials can easily achieve a fantastic and impeccable look. Apart from those mentioned above, many different programs are used as well.<\/span><\/p><p class=\"translation-block\">Mirora, working with successful and experienced specialists in its field since its foundation in August 1997, also offers desktop publishing services. If you would like to receive information about this service, you may contact us via e-mail or phone.<\/p>\t\t\t\t\t\t\t\t<\/div>\n\t\t\t\t\t<\/div>\n\t\t<\/div>\n\t\t\t\t\t<\/div>\n\t\t<\/section>\n\t\t\t\t\t<\/div>\n\t\t<\/div>\n\t\t\t\t\t<\/div>\n\t\t<\/section>\n\t\t\t\t<section class=\"elementor-section elementor-top-section elementor-element elementor-element-849531b elementor-section-full_width elementor-section-height-default elementor-section-height-default\" data-id=\"849531b\" data-element_type=\"section\" data-e-type=\"section\">\n\t\t\t\t\t\t<div class=\"elementor-container elementor-column-gap-no\">\n\t\t\t\t\t<div class=\"elementor-column elementor-col-100 elementor-top-column elementor-element elementor-element-28c8d23\" data-id=\"28c8d23\" data-element_type=\"column\" data-e-type=\"column\">\n\t\t\t<div class=\"elementor-widget-wrap elementor-element-populated\">\n\t\t\t\t\t\t<div class=\"elementor-element elementor-element-90616c7 elementor-widget elementor-widget-eduracta\" data-id=\"90616c7\" data-element_type=\"widget\" data-e-type=\"widget\" data-widget_type=\"eduracta.default\">\n\t\t\t\t<div class=\"elementor-widget-container\">\n\t\t\t\t\t<div class=\"cta-area-1\" data-bg-src=\"https:\/\/mirora.com\/wp-content\/uploads\/2023\/07\/cta-bg1-2-1.png\"><div class=\"container\"><div class=\"row align-items-center justify-content-between\"><div class=\"col-lg-8\"><div class=\"cta-wrap title-area mb-0\"><div class=\"cta-icon\"><img decoding=\"async\" src=\"https:\/\/mirora.com\/wp-content\/uploads\/2023\/07\/cta-icon1-2-1.png\" alt=\"icon\"><\/div><div class=\"cta-content\"><h2 class=\"cta-title th-title sec-title\">Get Offer Now<\/h2><p class=\"cta-text th-desc\">Adding value to your brand is just a click away with Mirora.<\/p><\/div><a href=\"https:\/\/mirora.com\/en\/get-offer\/\" class=\"th-btn th_btn style8\">Get a Free Quote<i class=\"fa-regular fa-arrow-right ms-1\"><\/i><\/a><\/div><\/div><\/div><\/div><div class=\"cta-img-1\" data-overlay=\"title\" data-opacity=\"8\"><img decoding=\"async\" src=\"https:\/\/mirora.com\/wp-content\/uploads\/2024\/06\/mirora_anasayfa_3-3.jpg\" alt=\"Image\"><\/div><\/div>\t\t\t\t<\/div>\n\t\t\t\t<\/div>\n\t\t\t\t\t<\/div>\n\t\t<\/div>\n\t\t\t\t\t<\/div>\n\t\t<\/section>\n\t\t<div class=\"elementor-element elementor-element-1746632 e-flex e-con-boxed e-con e-parent\" data-id=\"1746632\" data-element_type=\"container\" data-e-type=\"container\">\n\t\t\t\t\t<div class=\"e-con-inner\">\n\t\t\t\t<div class=\"elementor-element elementor-element-db8c769 elementor-widget elementor-widget-heading\" data-id=\"db8c769\" data-element_type=\"widget\" data-e-type=\"widget\" data-widget_type=\"heading.default\">\n\t\t\t\t\t<h2 class=\"elementor-heading-title elementor-size-default\">These Articles May Interest You! Learn more about our service.<\/h2>\t\t\t\t<\/div>\n\t\t\t\t<div class=\"elementor-element elementor-element-ec1daea elementor-widget-divider--view-line elementor-widget elementor-widget-divider\" data-id=\"ec1daea\" data-element_type=\"widget\" data-e-type=\"widget\" data-widget_type=\"divider.default\">\n\t\t\t\t\t\t\t<div class=\"elementor-divider\">\n\t\t\t<span class=\"elementor-divider-separator\">\n\t\t\t\t\t\t<\/span>\n\t\t<\/div>\n\t\t\t\t\t\t<\/div>\n\t\t\t\t\t<\/div>\n\t\t\t\t<\/div>\n\t\t<div class=\"elementor-element elementor-element-ba30ea5 e-flex e-con-boxed e-con e-parent\" data-id=\"ba30ea5\" data-element_type=\"container\" data-e-type=\"container\">\n\t\t\t\t\t<div class=\"e-con-inner\">\n\t\t<div class=\"elementor-element elementor-element-945a7b0 e-con-full e-flex e-con e-child\" data-id=\"945a7b0\" data-element_type=\"container\" data-e-type=\"container\">\n\t\t\t\t<div class=\"elementor-element elementor-element-45236e9 premium-blog-align-left elementor-widget elementor-widget-premium-addon-blog\" data-id=\"45236e9\" data-element_type=\"widget\" data-e-type=\"widget\" data-settings=\"{&quot;premium_blog_columns_number&quot;:&quot;100%&quot;,&quot;premium_blog_grid&quot;:&quot;yes&quot;,&quot;premium_blog_layout&quot;:&quot;even&quot;,&quot;premium_blog_columns_number_tablet&quot;:&quot;50%&quot;,&quot;premium_blog_columns_number_mobile&quot;:&quot;100%&quot;}\" data-widget_type=\"premium-addon-blog.default\">\n\t\t\t\t\t\n\t\t\n\n\t\t\t\t<div class=\"premium-blog-wrap  premium-blog-even\" data-page=\"6618\">\n\t\t\t\t\t\t\t\t\t<div class=\"premium-blog-post-outer-container\" data-total=\"1\">\n\t\t\t<div class=\"premium-blog-post-container premium-blog-skin-banner\">\n\t\t\t\t\t\t\t\t\t<div class=\"premium-blog-thumb-effect-wrapper\">\n\t\t\t\t\t\t<div class=\"premium-blog-thumbnail-container premium-blog-zoomin-effect\">\n\t\t\t\t\t\t\t<img fetchpriority=\"high\" decoding=\"async\" width=\"1380\" height=\"810\" src=\"https:\/\/mirora.com\/wp-content\/uploads\/2021\/05\/Mirora.jpg\" class=\"attachment-full size-full wp-image-8182\" alt=\"Professional translation service\" srcset=\"https:\/\/mirora.com\/wp-content\/uploads\/2021\/05\/Mirora.jpg 1380w, https:\/\/mirora.com\/wp-content\/uploads\/2021\/05\/Mirora-300x176.jpg 300w, https:\/\/mirora.com\/wp-content\/uploads\/2021\/05\/Mirora-1024x601.jpg 1024w, https:\/\/mirora.com\/wp-content\/uploads\/2021\/05\/Mirora-768x451.jpg 768w\" sizes=\"(max-width: 1380px) 100vw, 1380px\" \/>\t\t\t\t\t\t<\/div>\n\t\t\t\t\t\t\t\t\t\t\t\t\t<div class=\"premium-blog-thumbnail-overlay\">\n\t\t\t\t\t\t\t\t<a class=\"elementor-icon\" href=\"https:\/\/mirora.com\/en\/3-reasons-to-use-a-professional-translation-service\/\" target=\"_blank\"><\/a>\n\t\t\t\t\t\t\t<\/div>\n\n\t\t\t\t\t\t\t\t\t\t\t\t\t\t\t\t\t\t<\/div>\n\t\t\t\t\t\t\t\t\t\t\t\t<div class=\"premium-blog-content-wrapper\">\n\n\t\t\t\t\t<div class=\"premium-blog-inner-container\">\n\n\t\t\t\t\t\t\t\t\t\t\t\t\t\t<h2 class=\"premium-blog-entry-title\">\n\t\t\t<a href=\"https:\/\/mirora.com\/en\/3-reasons-to-use-a-professional-translation-service\/\" target=\"_blank\">\n\t\t\t\t3 Reasons to Use a Professional Translation Service\t\t\t<\/a>\n\t\t<\/h2>\n\t\t\t\t<div class=\"premium-blog-entry-meta\">\n\t\t\t\n\t\t\t\n\t\t\t\n\t\t\t\t\t<\/div>\n\t\t\n\t\t\t\t\t<\/div>\n\n\t\t\t\t\t\t\t<div class=\"premium-blog-content-inner-wrapper\">\n\t\t<p class=\"premium-blog-post-content\">We are living at the peak of the digital age. The online business community is continuing to break new barriers, and as the popularity of e-commerce business is growing around the world, more and more people are realizing the true\u2026<\/p>\t\t<\/div>\n\t\t\t\t\t\t\t\n\t\t\t\t<\/div>\n\t\t\t<\/div>\n\t\t<\/div>\n\n\t\t\t\t\t\t\t<\/div>\n\n\t\t\n\t\t\n\t\t\t\t\t\t<\/div>\n\t\t\t\t<\/div>\n\t\t<div class=\"elementor-element elementor-element-e16caa6 e-con-full e-flex e-con e-child\" data-id=\"e16caa6\" data-element_type=\"container\" data-e-type=\"container\">\n\t\t\t\t<div class=\"elementor-element elementor-element-98698f2 premium-blog-align-left elementor-widget elementor-widget-premium-addon-blog\" data-id=\"98698f2\" data-element_type=\"widget\" data-e-type=\"widget\" data-settings=\"{&quot;premium_blog_columns_number&quot;:&quot;100%&quot;,&quot;premium_blog_grid&quot;:&quot;yes&quot;,&quot;premium_blog_layout&quot;:&quot;even&quot;,&quot;premium_blog_columns_number_tablet&quot;:&quot;50%&quot;,&quot;premium_blog_columns_number_mobile&quot;:&quot;100%&quot;}\" data-widget_type=\"premium-addon-blog.default\">\n\t\t\t\t\t\n\t\t\n\n\t\t\t\t<div class=\"premium-blog-wrap  premium-blog-even\" data-page=\"6618\">\n\t\t\t\t\t\t\t\t\t<div class=\"premium-blog-post-outer-container\" data-total=\"1\">\n\t\t\t<div class=\"premium-blog-post-container premium-blog-skin-banner\">\n\t\t\t\t\t\t\t\t\t<div class=\"premium-blog-thumb-effect-wrapper\">\n\t\t\t\t\t\t<div class=\"premium-blog-thumbnail-container premium-blog-zoomin-effect\">\n\t\t\t\t\t\t\t<img decoding=\"async\" width=\"1639\" height=\"920\" src=\"https:\/\/mirora.com\/wp-content\/uploads\/2021\/08\/MIRORA.jpg\" class=\"attachment-full size-full wp-image-9148\" alt=\"MIRORA\" srcset=\"https:\/\/mirora.com\/wp-content\/uploads\/2021\/08\/MIRORA.jpg 1639w, https:\/\/mirora.com\/wp-content\/uploads\/2021\/08\/MIRORA-300x168.jpg 300w, https:\/\/mirora.com\/wp-content\/uploads\/2021\/08\/MIRORA-1024x575.jpg 1024w, https:\/\/mirora.com\/wp-content\/uploads\/2021\/08\/MIRORA-768x431.jpg 768w, https:\/\/mirora.com\/wp-content\/uploads\/2021\/08\/MIRORA-1536x862.jpg 1536w\" sizes=\"(max-width: 1639px) 100vw, 1639px\" \/>\t\t\t\t\t\t<\/div>\n\t\t\t\t\t\t\t\t\t\t\t\t\t<div class=\"premium-blog-thumbnail-overlay\">\n\t\t\t\t\t\t\t\t<a class=\"elementor-icon\" href=\"https:\/\/mirora.com\/en\/english-to-turkish-image-translation-technology\/\" target=\"_blank\"><\/a>\n\t\t\t\t\t\t\t<\/div>\n\n\t\t\t\t\t\t\t\t\t\t\t\t\t\t\t\t\t\t<\/div>\n\t\t\t\t\t\t\t\t\t\t\t\t<div class=\"premium-blog-content-wrapper\">\n\n\t\t\t\t\t<div class=\"premium-blog-inner-container\">\n\n\t\t\t\t\t\t\t\t\t\t\t\t\t\t<h2 class=\"premium-blog-entry-title\">\n\t\t\t<a href=\"https:\/\/mirora.com\/en\/english-to-turkish-image-translation-technology\/\" target=\"_blank\">\n\t\t\t\tEnglish to Turkish Image Translation Technology\t\t\t<\/a>\n\t\t<\/h2>\n\t\t\t\t<div class=\"premium-blog-entry-meta\">\n\t\t\t\n\t\t\t\n\t\t\t\n\t\t\t\t\t<\/div>\n\t\t\n\t\t\t\t\t<\/div>\n\n\t\t\t\t\t\t\t<div class=\"premium-blog-content-inner-wrapper\">\n\t\t<p class=\"premium-blog-post-content\">Nowadays, machine translation is improving rapidly. Image translation technology, which machine translation has focused on in recent years, offers users a practical translation method. The foundations of image translation technology were laid in 2003, and it has progressed exponentially since\u2026<\/p>\t\t<\/div>\n\t\t\t\t\t\t\t\n\t\t\t\t<\/div>\n\t\t\t<\/div>\n\t\t<\/div>\n\n\t\t\t\t\t\t\t<\/div>\n\n\t\t\n\t\t\n\t\t\t\t\t\t<\/div>\n\t\t\t\t<\/div>\n\t\t<div class=\"elementor-element elementor-element-450bdca e-con-full e-flex e-con e-child\" data-id=\"450bdca\" data-element_type=\"container\" data-e-type=\"container\">\n\t\t\t\t<\/div>\n\t\t<div class=\"elementor-element elementor-element-01033cf e-con-full e-flex e-con e-child\" data-id=\"01033cf\" data-element_type=\"container\" data-e-type=\"container\">\n\t\t\t\t<\/div>\n\t\t<div class=\"elementor-element elementor-element-b260089 e-con-full e-flex e-con e-child\" data-id=\"b260089\" data-element_type=\"container\" data-e-type=\"container\">\n\t\t\t\t<\/div>\n\t\t<div class=\"elementor-element elementor-element-a0aaa69 e-con-full e-flex e-con e-child\" data-id=\"a0aaa69\" data-element_type=\"container\" data-e-type=\"container\">\n\t\t\t\t<\/div>\n\t\t<div class=\"elementor-element elementor-element-c7da5a5 e-con-full e-flex e-con e-child\" data-id=\"c7da5a5\" data-element_type=\"container\" data-e-type=\"container\">\n\t\t\t\t<\/div>\n\t\t<div class=\"elementor-element elementor-element-4a89dae e-con-full e-flex e-con e-child\" data-id=\"4a89dae\" data-element_type=\"container\" data-e-type=\"container\">\n\t\t\t\t<\/div>\n\t\t<div class=\"elementor-element elementor-element-232bac7 e-con-full e-flex e-con e-child\" data-id=\"232bac7\" data-element_type=\"container\" data-e-type=\"container\">\n\t\t\t\t<\/div>\n\t\t\t\t\t<\/div>\n\t\t\t\t<\/div>\n\t\t\t\t<\/div>","protected":false},"excerpt":{"rendered":"<p>Desktop publishing is the computer-aided preparation of printed or digital materials such as books, magazines, brochures, brochures, posters and advertisements for publication.<\/p>","protected":false},"author":1,"featured_media":0,"parent":0,"menu_order":0,"comment_status":"closed","ping_status":"closed","template":"template-builder.php","meta":{"_monsterinsights_skip_tracking":false,"_monsterinsights_sitenote_active":false,"_monsterinsights_sitenote_note":"","_monsterinsights_sitenote_category":0,"footnotes":""},"class_list":["post-6618","page","type-page","status-publish","hentry","th-blog blog-single"],"yoast_head":"<!-- This site is optimized with the Yoast SEO plugin v27.4 - https:\/\/yoast.com\/product\/yoast-seo-wordpress\/ -->\n<title>Masa\u00fcst\u00fc Yay\u0131nc\u0131l\u0131k - Mirora Translation<\/title>\n<meta name=\"description\" content=\"Masa\u00fcst\u00fc yay\u0131nc\u0131l\u0131k,\u00a0kitap, dergi, bro\u015f\u00fcr, afi\u015f, ilan gibi bas\u0131l\u0131 ya da dijital materyallerin bilgisayar destekli olarak yay\u0131na haz\u0131rlanmas\u0131 i\u015fi olarak a\u00e7\u0131klanabilir.\" \/>\n<meta name=\"robots\" content=\"index, follow, max-snippet:-1, max-image-preview:large, max-video-preview:-1\" \/>\n<link rel=\"canonical\" href=\"https:\/\/mirora.com\/en\/desktop-publishing\/\" \/>\n<meta property=\"og:locale\" content=\"en_US\" \/>\n<meta property=\"og:type\" content=\"article\" \/>\n<meta property=\"og:title\" content=\"Masa\u00fcst\u00fc Yay\u0131nc\u0131l\u0131k - Mirora Translation\" \/>\n<meta property=\"og:description\" content=\"Masa\u00fcst\u00fc yay\u0131nc\u0131l\u0131k,\u00a0kitap, dergi, bro\u015f\u00fcr, afi\u015f, ilan gibi bas\u0131l\u0131 ya da dijital materyallerin bilgisayar destekli olarak yay\u0131na haz\u0131rlanmas\u0131 i\u015fi olarak a\u00e7\u0131klanabilir.\" \/>\n<meta property=\"og:url\" content=\"https:\/\/mirora.com\/en\/desktop-publishing\/\" \/>\n<meta property=\"og:site_name\" content=\"Mirora Translation\" \/>\n<meta property=\"article:modified_time\" content=\"2026-04-16T12:23:33+00:00\" \/>\n<meta property=\"og:image\" content=\"https:\/\/mirora.com\/wp-content\/uploads\/2023\/07\/cta-icon1-2-1.png\" \/>\n<meta name=\"twitter:card\" content=\"summary_large_image\" \/>\n<meta name=\"twitter:label1\" content=\"Est. reading time\" \/>\n\t<meta name=\"twitter:data1\" content=\"1 minute\" \/>\n<script type=\"application\/ld+json\" class=\"yoast-schema-graph\">{\"@context\":\"https:\\\/\\\/schema.org\",\"@graph\":[{\"@type\":\"WebPage\",\"@id\":\"https:\\\/\\\/mirora.com\\\/masaustu-yayincilik\\\/\",\"url\":\"https:\\\/\\\/mirora.com\\\/masaustu-yayincilik\\\/\",\"name\":\"Masa\u00fcst\u00fc Yay\u0131nc\u0131l\u0131k - Mirora Translation\",\"isPartOf\":{\"@id\":\"https:\\\/\\\/mirora.com\\\/#website\"},\"primaryImageOfPage\":{\"@id\":\"https:\\\/\\\/mirora.com\\\/masaustu-yayincilik\\\/#primaryimage\"},\"image\":{\"@id\":\"https:\\\/\\\/mirora.com\\\/masaustu-yayincilik\\\/#primaryimage\"},\"thumbnailUrl\":\"https:\\\/\\\/mirora.com\\\/wp-content\\\/uploads\\\/2023\\\/07\\\/cta-icon1-2-1.png\",\"datePublished\":\"2024-05-29T21:24:38+00:00\",\"dateModified\":\"2026-04-16T12:23:33+00:00\",\"description\":\"Masa\u00fcst\u00fc yay\u0131nc\u0131l\u0131k,\u00a0kitap, dergi, bro\u015f\u00fcr, afi\u015f, ilan gibi bas\u0131l\u0131 ya da dijital materyallerin bilgisayar destekli olarak yay\u0131na haz\u0131rlanmas\u0131 i\u015fi olarak a\u00e7\u0131klanabilir.\",\"inLanguage\":\"en-US\",\"potentialAction\":[{\"@type\":\"ReadAction\",\"target\":[\"https:\\\/\\\/mirora.com\\\/masaustu-yayincilik\\\/\"]}]},{\"@type\":\"ImageObject\",\"inLanguage\":\"en-US\",\"@id\":\"https:\\\/\\\/mirora.com\\\/masaustu-yayincilik\\\/#primaryimage\",\"url\":\"https:\\\/\\\/mirora.com\\\/wp-content\\\/uploads\\\/2023\\\/07\\\/cta-icon1-2-1.png\",\"contentUrl\":\"https:\\\/\\\/mirora.com\\\/wp-content\\\/uploads\\\/2023\\\/07\\\/cta-icon1-2-1.png\"},{\"@type\":\"WebSite\",\"@id\":\"https:\\\/\\\/mirora.com\\\/#website\",\"url\":\"https:\\\/\\\/mirora.com\\\/\",\"name\":\"Mirora Translation\",\"description\":\"We Reflect Your Originals\",\"publisher\":{\"@id\":\"https:\\\/\\\/mirora.com\\\/#organization\"},\"potentialAction\":[{\"@type\":\"SearchAction\",\"target\":{\"@type\":\"EntryPoint\",\"urlTemplate\":\"https:\\\/\\\/mirora.com\\\/?s={search_term_string}\"},\"query-input\":{\"@type\":\"PropertyValueSpecification\",\"valueRequired\":true,\"valueName\":\"search_term_string\"}}],\"inLanguage\":\"en-US\"},{\"@type\":\"Organization\",\"@id\":\"https:\\\/\\\/mirora.com\\\/#organization\",\"name\":\"Mirora\",\"url\":\"https:\\\/\\\/mirora.com\\\/\",\"logo\":{\"@type\":\"ImageObject\",\"inLanguage\":\"en-US\",\"@id\":\"https:\\\/\\\/mirora.com\\\/#\\\/schema\\\/logo\\\/image\\\/\",\"url\":\"https:\\\/\\\/mirora.com\\\/wp-content\\\/uploads\\\/2023\\\/07\\\/MiroraLogo2.webp\",\"contentUrl\":\"https:\\\/\\\/mirora.com\\\/wp-content\\\/uploads\\\/2023\\\/07\\\/MiroraLogo2.webp\",\"width\":326,\"height\":108,\"caption\":\"Mirora\"},\"image\":{\"@id\":\"https:\\\/\\\/mirora.com\\\/#\\\/schema\\\/logo\\\/image\\\/\"}}]}<\/script>\n<!-- \/ Yoast SEO plugin. -->","yoast_head_json":{"title":"Desktop Publishing - Mirora Translation","description":"Desktop publishing can be explained as the computer-aided preparation of printed or digital materials such as books, magazines, brochures, brochures, posters and advertisements for publication.","robots":{"index":"index","follow":"follow","max-snippet":"max-snippet:-1","max-image-preview":"max-image-preview:large","max-video-preview":"max-video-preview:-1"},"canonical":"https:\/\/mirora.com\/en\/desktop-publishing\/","og_locale":"en_US","og_type":"article","og_title":"Masa\u00fcst\u00fc Yay\u0131nc\u0131l\u0131k - Mirora Translation","og_description":"Masa\u00fcst\u00fc yay\u0131nc\u0131l\u0131k,\u00a0kitap, dergi, bro\u015f\u00fcr, afi\u015f, ilan gibi bas\u0131l\u0131 ya da dijital materyallerin bilgisayar destekli olarak yay\u0131na haz\u0131rlanmas\u0131 i\u015fi olarak a\u00e7\u0131klanabilir.","og_url":"https:\/\/mirora.com\/en\/desktop-publishing\/","og_site_name":"Mirora Translation","article_modified_time":"2026-04-16T12:23:33+00:00","og_image":[{"url":"https:\/\/mirora.com\/wp-content\/uploads\/2023\/07\/cta-icon1-2-1.png","type":"","width":"","height":""}],"twitter_card":"summary_large_image","twitter_misc":{"Est. reading time":"1 minute"},"schema":{"@context":"https:\/\/schema.org","@graph":[{"@type":"WebPage","@id":"https:\/\/mirora.com\/masaustu-yayincilik\/","url":"https:\/\/mirora.com\/masaustu-yayincilik\/","name":"Desktop Publishing - Mirora Translation","isPartOf":{"@id":"https:\/\/mirora.com\/#website"},"primaryImageOfPage":{"@id":"https:\/\/mirora.com\/masaustu-yayincilik\/#primaryimage"},"image":{"@id":"https:\/\/mirora.com\/masaustu-yayincilik\/#primaryimage"},"thumbnailUrl":"https:\/\/mirora.com\/wp-content\/uploads\/2023\/07\/cta-icon1-2-1.png","datePublished":"2024-05-29T21:24:38+00:00","dateModified":"2026-04-16T12:23:33+00:00","description":"Desktop publishing can be explained as the computer-aided preparation of printed or digital materials such as books, magazines, brochures, brochures, posters and advertisements for publication.","inLanguage":"en-US","potentialAction":[{"@type":"ReadAction","target":["https:\/\/mirora.com\/masaustu-yayincilik\/"]}]},{"@type":"ImageObject","inLanguage":"en-US","@id":"https:\/\/mirora.com\/masaustu-yayincilik\/#primaryimage","url":"https:\/\/mirora.com\/wp-content\/uploads\/2023\/07\/cta-icon1-2-1.png","contentUrl":"https:\/\/mirora.com\/wp-content\/uploads\/2023\/07\/cta-icon1-2-1.png"},{"@type":"WebSite","@id":"https:\/\/mirora.com\/#website","url":"https:\/\/mirora.com\/","name":"Mirora Translation","description":"We Reflect Your Originals","publisher":{"@id":"https:\/\/mirora.com\/#organization"},"potentialAction":[{"@type":"SearchAction","target":{"@type":"EntryPoint","urlTemplate":"https:\/\/mirora.com\/?s={search_term_string}"},"query-input":{"@type":"PropertyValueSpecification","valueRequired":true,"valueName":"search_term_string"}}],"inLanguage":"en-US"},{"@type":"Organization","@id":"https:\/\/mirora.com\/#organization","name":"Mirora","url":"https:\/\/mirora.com\/","logo":{"@type":"ImageObject","inLanguage":"en-US","@id":"https:\/\/mirora.com\/#\/schema\/logo\/image\/","url":"https:\/\/mirora.com\/wp-content\/uploads\/2023\/07\/MiroraLogo2.webp","contentUrl":"https:\/\/mirora.com\/wp-content\/uploads\/2023\/07\/MiroraLogo2.webp","width":326,"height":108,"caption":"Mirora"},"image":{"@id":"https:\/\/mirora.com\/#\/schema\/logo\/image\/"}}]}},"_links":{"self":[{"href":"https:\/\/mirora.com\/en\/wp-json\/wp\/v2\/pages\/6618","targetHints":{"allow":["GET"]}}],"collection":[{"href":"https:\/\/mirora.com\/en\/wp-json\/wp\/v2\/pages"}],"about":[{"href":"https:\/\/mirora.com\/en\/wp-json\/wp\/v2\/types\/page"}],"author":[{"embeddable":true,"href":"https:\/\/mirora.com\/en\/wp-json\/wp\/v2\/users\/1"}],"replies":[{"embeddable":true,"href":"https:\/\/mirora.com\/en\/wp-json\/wp\/v2\/comments?post=6618"}],"version-history":[{"count":25,"href":"https:\/\/mirora.com\/en\/wp-json\/wp\/v2\/pages\/6618\/revisions"}],"predecessor-version":[{"id":23247,"href":"https:\/\/mirora.com\/en\/wp-json\/wp\/v2\/pages\/6618\/revisions\/23247"}],"wp:attachment":[{"href":"https:\/\/mirora.com\/en\/wp-json\/wp\/v2\/media?parent=6618"}],"curies":[{"name":"wp","href":"https:\/\/api.w.org\/{rel}","templated":true}]}}