

{"id":6802,"date":"2024-05-31T01:48:18","date_gmt":"2024-05-30T22:48:18","guid":{"rendered":"https:\/\/mirora.com\/?page_id=6802"},"modified":"2025-05-14T03:58:01","modified_gmt":"2025-05-14T00:58:01","slug":"cince-ceviri","status":"publish","type":"page","link":"https:\/\/mirora.com\/en\/chinese-translation\/","title":{"rendered":"Chinese"},"content":{"rendered":"<div data-elementor-type=\"wp-page\" data-elementor-id=\"6802\" class=\"elementor elementor-6802\" data-elementor-post-type=\"page\">\n\t\t\t\t<div class=\"elementor-element elementor-element-8e71fbf e-flex e-con-boxed e-con e-parent\" data-id=\"8e71fbf\" data-element_type=\"container\" data-e-type=\"container\" data-settings=\"{&quot;background_background&quot;:&quot;classic&quot;}\">\n\t\t\t\t\t<div class=\"e-con-inner\">\n\t\t\t\t<div class=\"elementor-element elementor-element-d17986c elementor-widget elementor-widget-heading\" data-id=\"d17986c\" data-element_type=\"widget\" data-e-type=\"widget\" data-widget_type=\"heading.default\">\n\t\t\t\t\t<h1 class=\"elementor-heading-title elementor-size-default\">Footer One<\/h1>\t\t\t\t<\/div>\n\t\t\t\t\t<\/div>\n\t\t\t\t<\/div>\n\t\t\t\t<section class=\"elementor-section elementor-top-section elementor-element elementor-element-7144dec elementor-section-full_width elementor-section-height-default elementor-section-height-default\" data-id=\"7144dec\" data-element_type=\"section\" data-e-type=\"section\">\n\t\t\t\t\t\t<div class=\"elementor-container elementor-column-gap-no\">\n\t\t\t\t\t<div class=\"elementor-column elementor-col-100 elementor-top-column elementor-element elementor-element-2ac3368\" data-id=\"2ac3368\" data-element_type=\"column\" data-e-type=\"column\">\n\t\t\t<div class=\"elementor-widget-wrap elementor-element-populated\">\n\t\t\t\t\t\t<section class=\"elementor-section elementor-inner-section elementor-element elementor-element-6cf5ae6 elementor-section-content-middle elementor-section-boxed elementor-section-height-default elementor-section-height-default\" data-id=\"6cf5ae6\" data-element_type=\"section\" data-e-type=\"section\">\n\t\t\t\t\t\t<div class=\"elementor-container elementor-column-gap-no\">\n\t\t\t\t\t<div class=\"elementor-column elementor-col-100 elementor-inner-column elementor-element elementor-element-309d6ce\" data-id=\"309d6ce\" data-element_type=\"column\" data-e-type=\"column\">\n\t\t\t<div class=\"elementor-widget-wrap elementor-element-populated\">\n\t\t\t\t\t\t<div class=\"elementor-element elementor-element-83a00e2 elementor-widget elementor-widget-text-editor\" data-id=\"83a00e2\" data-element_type=\"widget\" data-e-type=\"widget\" data-widget_type=\"text-editor.default\">\n\t\t\t\t\t\t\t\t\t<p class=\"translation-block\">Chinese is the name given to all thousands of languages spoken by over a billion people living in and around China, and if all those languages are considered one language, it is the most spoken language in the world. Chinese, which one in five people in the world speaks as their native language, is composed of different languages, each of which can be regarded as a completely separate language. The most widely spoken is Mandarin, which is used by approximately 850 million people. Wu dialect takes the second place, spoken by 90 million people in and around Shanghai. Because the migrating Chinese are generally from South, Cantonese is the most commonly used in immigrant communities.<\/p><p><span style=\"font-family: Roboto;\">Countries Where Chinese is Accepted as Official Language<\/span><\/p><p class=\"translation-block\">Countries where Chinese is accepted as official language are: China, Hong Kong, Macao, Taiwan, Singapore and Burma. Canada, USA and Malaysia can be counted as countries where Chinese is defined as a minority language. Since Chinese is the most widely spoken language in the world, it has been accepted as one of the official languages of the United Nations.\n<br>\n<br>\nChinese script is a language-specific writing system, and has a history of over 3500 years. Logograms in Chinese do not line up together to create a word. There is a different logogram for each word in Chinese. Chinese has traditional and simplified characters commissioned by Mao. Before 1954, Chinese was written with logograms that evolved from traditional pictograms. The Cultural Revolution led by Mao made logograms easier and transformed into simplified characters. A well-educated Chinese reader knows about five to seven thousand characters. In order to read a newspaper, at least three thousand characters must be learned.\n<br>\n<br>\nThe first examples of Chinese script are the Oracle Bone Scripts from approximately 1600 BC, in the era of Shang Dynasty of China. Chinese logograms were later used in East and South Asia, Korea, Vietnam and Japan, other than China. In the 20th century, North Korea and Vietnam have completely stopped using Chinese characters. On the other hand, Chinese logograms are still partially used today in South Korea and Japan, although these countries have developed their own writing system.<\/p><p><span style=\"font-family: Roboto;\">Chinese Script Logograms<\/span><\/p><p><span style=\"font-family: Roboto;\">Chinese script logograms are derived from a type of pictograph and they are not used for describing a sound, as in the alphabet. For this reason, it can be read in different languages with various sounds but the meaning remains the same. This has been a tool that makes communication easier, and explains how the Chinese could speak hundreds of different Chinese dialects throughout history. The Japanese and the Koreans, on the other hand, speak syntactically completely different languages than Chinese. But after learning basic grammar rules, they were able to read documents such as Chinese Buddhist manuscripts. From this aspect, the Chinese character is the keystone of cultural exchange in the Far East.\n<br>\n<br>\nAfter 1956, Simplified Characters have started to be used in China. However, Traditional Characters are still used in Taiwan, Hong Kong and Macao.\n<br>\n<br>\nMirora has collaborated with translation companies in People\u2019s Republic of China for many years. Thus, Mirora offers high-quality, fast and reliable translation services in traditional and simplified Chinese from and to all languages worldwide with competitive prices, by our native translation teams.<\/span><\/p>\t\t\t\t\t\t\t\t<\/div>\n\t\t\t\t\t<\/div>\n\t\t<\/div>\n\t\t\t\t\t<\/div>\n\t\t<\/section>\n\t\t\t\t\t<\/div>\n\t\t<\/div>\n\t\t\t\t\t<\/div>\n\t\t<\/section>\n\t\t<div class=\"elementor-element elementor-element-8c5d345 e-flex e-con-boxed e-con e-parent\" data-id=\"8c5d345\" data-element_type=\"container\" data-e-type=\"container\">\n\t\t\t\t\t<div class=\"e-con-inner\">\n\t\t\t\t<div class=\"elementor-element elementor-element-3a24567 elementor-widget elementor-widget-heading\" data-id=\"3a24567\" data-element_type=\"widget\" data-e-type=\"widget\" data-widget_type=\"heading.default\">\n\t\t\t\t\t<h2 class=\"elementor-heading-title elementor-size-default\">These Articles May Interest You! Learn more about our service.<\/h2>\t\t\t\t<\/div>\n\t\t\t\t<div class=\"elementor-element elementor-element-70fb378 elementor-widget-divider--view-line elementor-widget elementor-widget-divider\" data-id=\"70fb378\" data-element_type=\"widget\" data-e-type=\"widget\" data-widget_type=\"divider.default\">\n\t\t\t\t\t\t\t<div class=\"elementor-divider\">\n\t\t\t<span class=\"elementor-divider-separator\">\n\t\t\t\t\t\t<\/span>\n\t\t<\/div>\n\t\t\t\t\t\t<\/div>\n\t\t\t\t\t<\/div>\n\t\t\t\t<\/div>\n\t\t<div class=\"elementor-element elementor-element-2a03fdc e-flex e-con-boxed e-con e-parent\" data-id=\"2a03fdc\" data-element_type=\"container\" data-e-type=\"container\">\n\t\t\t\t\t<div class=\"e-con-inner\">\n\t\t<div class=\"elementor-element elementor-element-6bdd19f e-con-full e-flex e-con e-child\" data-id=\"6bdd19f\" data-element_type=\"container\" data-e-type=\"container\">\n\t\t\t\t<div class=\"elementor-element elementor-element-53f1142 premium-blog-align-left elementor-widget elementor-widget-premium-addon-blog\" data-id=\"53f1142\" data-element_type=\"widget\" data-e-type=\"widget\" data-settings=\"{&quot;premium_blog_columns_number&quot;:&quot;100%&quot;,&quot;premium_blog_grid&quot;:&quot;yes&quot;,&quot;premium_blog_layout&quot;:&quot;even&quot;,&quot;premium_blog_columns_number_tablet&quot;:&quot;50%&quot;,&quot;premium_blog_columns_number_mobile&quot;:&quot;100%&quot;}\" data-widget_type=\"premium-addon-blog.default\">\n\t\t\t\t\t\n\t\t\n\n\t\t\t\t<div class=\"premium-blog-wrap  premium-blog-even\" data-page=\"6802\">\n\t\t\t\t\t\t\t\t\t<div class=\"premium-blog-post-outer-container\" data-total=\"1\">\n\t\t\t<div class=\"premium-blog-post-container premium-blog-skin-banner\">\n\t\t\t\t\t\t\t\t\t<div class=\"premium-blog-thumb-effect-wrapper\">\n\t\t\t\t\t\t<div class=\"premium-blog-thumbnail-container premium-blog-zoomin-effect\">\n\t\t\t\t\t\t\t<img fetchpriority=\"high\" decoding=\"async\" width=\"850\" height=\"500\" src=\"https:\/\/mirora.com\/wp-content\/uploads\/2023\/04\/cince-ceviri-min.jpg\" class=\"attachment-full size-full wp-image-17146\" alt=\"\" srcset=\"https:\/\/mirora.com\/wp-content\/uploads\/2023\/04\/cince-ceviri-min.jpg 850w, https:\/\/mirora.com\/wp-content\/uploads\/2023\/04\/cince-ceviri-min-300x176.jpg 300w, https:\/\/mirora.com\/wp-content\/uploads\/2023\/04\/cince-ceviri-min-768x452.jpg 768w, https:\/\/mirora.com\/wp-content\/uploads\/2023\/04\/cince-ceviri-min-18x12.jpg 18w\" sizes=\"(max-width: 850px) 100vw, 850px\" \/>\t\t\t\t\t\t<\/div>\n\t\t\t\t\t\t\t\t\t\t\t\t\t<div class=\"premium-blog-thumbnail-overlay\">\n\t\t\t\t\t\t\t\t<a class=\"elementor-icon\" href=\"https:\/\/mirora.com\/en\/chinese-translation-how-important-is-it-for-your-business\/\" target=\"_blank\"><\/a>\n\t\t\t\t\t\t\t<\/div>\n\n\t\t\t\t\t\t\t\t\t\t\t\t\t\t\t\t\t\t<\/div>\n\t\t\t\t\t\t\t\t\t\t\t\t<div class=\"premium-blog-content-wrapper\">\n\n\t\t\t\t\t<div class=\"premium-blog-inner-container\">\n\n\t\t\t\t\t\t\t\t\t\t\t\t\t\t<h2 class=\"premium-blog-entry-title\">\n\t\t\t<a href=\"https:\/\/mirora.com\/en\/chinese-translation-how-important-is-it-for-your-business\/\" target=\"_blank\">\n\t\t\t\tChinese Translation: How Important Is It for Your Business?\t\t\t<\/a>\n\t\t<\/h2>\n\t\t\t\t<div class=\"premium-blog-entry-meta\">\n\t\t\t\n\t\t\t\n\t\t\t\n\t\t\t\t\t<\/div>\n\t\t\n\t\t\t\t\t<\/div>\n\n\t\t\t\t\t\t\t<div class=\"premium-blog-content-inner-wrapper\">\n\t\t<p class=\"premium-blog-post-content\">If you are a business owner, it is important to understand how your business can use the services of Chinese translation to improve exposure. Chinese translation is not just a service that can be used by businesses located in China\u2026<\/p>\t\t<\/div>\n\t\t\t\t\t\t\t\n\t\t\t\t<\/div>\n\t\t\t<\/div>\n\t\t<\/div>\n\n\t\t\t\t\t\t\t<\/div>\n\n\t\t\n\t\t\n\t\t\t\t\t\t<\/div>\n\t\t\t\t<\/div>\n\t\t\t\t\t<\/div>\n\t\t\t\t<\/div>\n\t\t\t\t<section class=\"elementor-section elementor-top-section elementor-element elementor-element-91d946b elementor-section-full_width elementor-section-height-default elementor-section-height-default\" data-id=\"91d946b\" data-element_type=\"section\" data-e-type=\"section\">\n\t\t\t\t\t\t<div class=\"elementor-container elementor-column-gap-no\">\n\t\t\t\t\t<div class=\"elementor-column elementor-col-100 elementor-top-column elementor-element elementor-element-207c427\" data-id=\"207c427\" data-element_type=\"column\" data-e-type=\"column\">\n\t\t\t<div class=\"elementor-widget-wrap elementor-element-populated\">\n\t\t\t\t\t\t<div class=\"elementor-element elementor-element-b860bc1 elementor-widget elementor-widget-eduracta\" data-id=\"b860bc1\" data-element_type=\"widget\" data-e-type=\"widget\" data-widget_type=\"eduracta.default\">\n\t\t\t\t<div class=\"elementor-widget-container\">\n\t\t\t\t\t<div class=\"cta-area-1\" data-bg-src=\"https:\/\/themeholy.com\/wordpress\/edura\/wp-content\/uploads\/2023\/07\/cta-bg1.png\"><div class=\"container\"><div class=\"row align-items-center justify-content-between\"><div class=\"col-lg-8\"><div class=\"cta-wrap title-area mb-0\"><div class=\"cta-icon\"><img decoding=\"async\" src=\"https:\/\/themeholy.com\/wordpress\/edura\/wp-content\/uploads\/2023\/07\/cta-icon1.png\" alt=\"icon\"><\/div><div class=\"cta-content\"><h2 class=\"cta-title th-title sec-title\">Get Offer Now<\/h2><p class=\"cta-text th-desc\">Adding value to your brand is just a click away with Mirora.<\/p><\/div><a href=\"https:\/\/mirora.com\/en\/get-offer\/\" class=\"th-btn th_btn style8\">Get a Free Quote<i class=\"fa-regular fa-arrow-right ms-1\"><\/i><\/a><\/div><\/div><\/div><\/div><div class=\"cta-img-1\" data-overlay=\"title\" data-opacity=\"8\"><img decoding=\"async\" src=\"https:\/\/themeholy.com\/wordpress\/edura\/wp-content\/uploads\/2023\/07\/cta_1_1.png\" alt=\"Image\"><\/div><\/div>\t\t\t\t<\/div>\n\t\t\t\t<\/div>\n\t\t\t\t\t<\/div>\n\t\t<\/div>\n\t\t\t\t\t<\/div>\n\t\t<\/section>\n\t\t\t\t<\/div>","protected":false},"excerpt":{"rendered":"<p>Chinese is the name given to all of the thousands of languages spoken by more than a billion people living in and around China, and these languages...<\/p>","protected":false},"author":1,"featured_media":0,"parent":0,"menu_order":0,"comment_status":"closed","ping_status":"closed","template":"template-builder.php","meta":{"_monsterinsights_skip_tracking":false,"_monsterinsights_sitenote_active":false,"_monsterinsights_sitenote_note":"","_monsterinsights_sitenote_category":0,"footnotes":""},"class_list":["post-6802","page","type-page","status-publish","hentry","th-blog blog-single"],"yoast_head":"<!-- This site is optimized with the Yoast SEO plugin v27.3 - https:\/\/yoast.com\/product\/yoast-seo-wordpress\/ -->\n<title>\u00c7ince \u00c7eviri - Mirora Translation<\/title>\n<meta name=\"description\" content=\"\u00c7ince \u00c7in&#039;de ve \u00e7evresinde ya\u015fayan bir milyardan fazla ki\u015fi taraf\u0131ndan konu\u015fulan binlerce dilin t\u00fcm\u00fcne birden verilen add\u0131r.\" \/>\n<meta name=\"robots\" content=\"index, follow, max-snippet:-1, max-image-preview:large, max-video-preview:-1\" \/>\n<link rel=\"canonical\" href=\"https:\/\/mirora.com\/en\/chinese-translation\/\" \/>\n<meta property=\"og:locale\" content=\"en_US\" \/>\n<meta property=\"og:type\" content=\"article\" \/>\n<meta property=\"og:title\" content=\"\u00c7ince \u00c7eviri - Mirora Translation\" \/>\n<meta property=\"og:description\" content=\"\u00c7ince \u00c7in&#039;de ve \u00e7evresinde ya\u015fayan bir milyardan fazla ki\u015fi taraf\u0131ndan konu\u015fulan binlerce dilin t\u00fcm\u00fcne birden verilen add\u0131r.\" \/>\n<meta property=\"og:url\" content=\"https:\/\/mirora.com\/en\/chinese-translation\/\" \/>\n<meta property=\"og:site_name\" content=\"Mirora Translation\" \/>\n<meta property=\"article:modified_time\" content=\"2025-05-14T00:58:01+00:00\" \/>\n<meta property=\"og:image\" content=\"https:\/\/mirora.com\/wp-content\/uploads\/2023\/04\/cince-ceviri-min.jpg\" \/>\n<meta name=\"twitter:card\" content=\"summary_large_image\" \/>\n<meta name=\"twitter:label1\" content=\"Est. reading time\" \/>\n\t<meta name=\"twitter:data1\" content=\"1 minute\" \/>\n<script type=\"application\/ld+json\" class=\"yoast-schema-graph\">{\"@context\":\"https:\\\/\\\/schema.org\",\"@graph\":[{\"@type\":\"WebPage\",\"@id\":\"https:\\\/\\\/mirora.com\\\/cince-ceviri\\\/\",\"url\":\"https:\\\/\\\/mirora.com\\\/cince-ceviri\\\/\",\"name\":\"\u00c7ince \u00c7eviri - Mirora Translation\",\"isPartOf\":{\"@id\":\"https:\\\/\\\/mirora.com\\\/#website\"},\"primaryImageOfPage\":{\"@id\":\"https:\\\/\\\/mirora.com\\\/cince-ceviri\\\/#primaryimage\"},\"image\":{\"@id\":\"https:\\\/\\\/mirora.com\\\/cince-ceviri\\\/#primaryimage\"},\"thumbnailUrl\":\"https:\\\/\\\/mirora.com\\\/wp-content\\\/uploads\\\/2023\\\/04\\\/cince-ceviri-min.jpg\",\"datePublished\":\"2024-05-30T22:48:18+00:00\",\"dateModified\":\"2025-05-14T00:58:01+00:00\",\"description\":\"\u00c7ince \u00c7in'de ve \u00e7evresinde ya\u015fayan bir milyardan fazla ki\u015fi taraf\u0131ndan konu\u015fulan binlerce dilin t\u00fcm\u00fcne birden verilen add\u0131r.\",\"inLanguage\":\"en-US\",\"potentialAction\":[{\"@type\":\"ReadAction\",\"target\":[\"https:\\\/\\\/mirora.com\\\/cince-ceviri\\\/\"]}]},{\"@type\":\"ImageObject\",\"inLanguage\":\"en-US\",\"@id\":\"https:\\\/\\\/mirora.com\\\/cince-ceviri\\\/#primaryimage\",\"url\":\"https:\\\/\\\/mirora.com\\\/wp-content\\\/uploads\\\/2023\\\/04\\\/cince-ceviri-min.jpg\",\"contentUrl\":\"https:\\\/\\\/mirora.com\\\/wp-content\\\/uploads\\\/2023\\\/04\\\/cince-ceviri-min.jpg\"},{\"@type\":\"WebSite\",\"@id\":\"https:\\\/\\\/mirora.com\\\/#website\",\"url\":\"https:\\\/\\\/mirora.com\\\/\",\"name\":\"Mirora Translation\",\"description\":\"We Reflect Your Originals\",\"publisher\":{\"@id\":\"https:\\\/\\\/mirora.com\\\/#organization\"},\"potentialAction\":[{\"@type\":\"SearchAction\",\"target\":{\"@type\":\"EntryPoint\",\"urlTemplate\":\"https:\\\/\\\/mirora.com\\\/?s={search_term_string}\"},\"query-input\":{\"@type\":\"PropertyValueSpecification\",\"valueRequired\":true,\"valueName\":\"search_term_string\"}}],\"inLanguage\":\"en-US\"},{\"@type\":\"Organization\",\"@id\":\"https:\\\/\\\/mirora.com\\\/#organization\",\"name\":\"Mirora\",\"url\":\"https:\\\/\\\/mirora.com\\\/\",\"logo\":{\"@type\":\"ImageObject\",\"inLanguage\":\"en-US\",\"@id\":\"https:\\\/\\\/mirora.com\\\/#\\\/schema\\\/logo\\\/image\\\/\",\"url\":\"https:\\\/\\\/mirora.com\\\/wp-content\\\/uploads\\\/2023\\\/07\\\/MiroraLogo2.webp\",\"contentUrl\":\"https:\\\/\\\/mirora.com\\\/wp-content\\\/uploads\\\/2023\\\/07\\\/MiroraLogo2.webp\",\"width\":326,\"height\":108,\"caption\":\"Mirora\"},\"image\":{\"@id\":\"https:\\\/\\\/mirora.com\\\/#\\\/schema\\\/logo\\\/image\\\/\"}}]}<\/script>\n<!-- \/ Yoast SEO plugin. -->","yoast_head_json":{"title":"Chinese - Mirora Translation","description":"Chinese is the name given to all of the thousands of languages spoken by more than a billion people living in and around China.","robots":{"index":"index","follow":"follow","max-snippet":"max-snippet:-1","max-image-preview":"max-image-preview:large","max-video-preview":"max-video-preview:-1"},"canonical":"https:\/\/mirora.com\/en\/chinese-translation\/","og_locale":"en_US","og_type":"article","og_title":"\u00c7ince \u00c7eviri - Mirora Translation","og_description":"\u00c7ince \u00c7in'de ve \u00e7evresinde ya\u015fayan bir milyardan fazla ki\u015fi taraf\u0131ndan konu\u015fulan binlerce dilin t\u00fcm\u00fcne birden verilen add\u0131r.","og_url":"https:\/\/mirora.com\/en\/chinese-translation\/","og_site_name":"Mirora Translation","article_modified_time":"2025-05-14T00:58:01+00:00","og_image":[{"url":"https:\/\/mirora.com\/wp-content\/uploads\/2023\/04\/cince-ceviri-min.jpg","type":"","width":"","height":""}],"twitter_card":"summary_large_image","twitter_misc":{"Est. reading time":"1 minute"},"schema":{"@context":"https:\/\/schema.org","@graph":[{"@type":"WebPage","@id":"https:\/\/mirora.com\/cince-ceviri\/","url":"https:\/\/mirora.com\/cince-ceviri\/","name":"Chinese - Mirora Translation","isPartOf":{"@id":"https:\/\/mirora.com\/#website"},"primaryImageOfPage":{"@id":"https:\/\/mirora.com\/cince-ceviri\/#primaryimage"},"image":{"@id":"https:\/\/mirora.com\/cince-ceviri\/#primaryimage"},"thumbnailUrl":"https:\/\/mirora.com\/wp-content\/uploads\/2023\/04\/cince-ceviri-min.jpg","datePublished":"2024-05-30T22:48:18+00:00","dateModified":"2025-05-14T00:58:01+00:00","description":"Chinese is the name given to all of the thousands of languages spoken by more than a billion people living in and around China.","inLanguage":"en-US","potentialAction":[{"@type":"ReadAction","target":["https:\/\/mirora.com\/cince-ceviri\/"]}]},{"@type":"ImageObject","inLanguage":"en-US","@id":"https:\/\/mirora.com\/cince-ceviri\/#primaryimage","url":"https:\/\/mirora.com\/wp-content\/uploads\/2023\/04\/cince-ceviri-min.jpg","contentUrl":"https:\/\/mirora.com\/wp-content\/uploads\/2023\/04\/cince-ceviri-min.jpg"},{"@type":"WebSite","@id":"https:\/\/mirora.com\/#website","url":"https:\/\/mirora.com\/","name":"Mirora Translation","description":"We Reflect Your Originals","publisher":{"@id":"https:\/\/mirora.com\/#organization"},"potentialAction":[{"@type":"SearchAction","target":{"@type":"EntryPoint","urlTemplate":"https:\/\/mirora.com\/?s={search_term_string}"},"query-input":{"@type":"PropertyValueSpecification","valueRequired":true,"valueName":"search_term_string"}}],"inLanguage":"en-US"},{"@type":"Organization","@id":"https:\/\/mirora.com\/#organization","name":"Mirora","url":"https:\/\/mirora.com\/","logo":{"@type":"ImageObject","inLanguage":"en-US","@id":"https:\/\/mirora.com\/#\/schema\/logo\/image\/","url":"https:\/\/mirora.com\/wp-content\/uploads\/2023\/07\/MiroraLogo2.webp","contentUrl":"https:\/\/mirora.com\/wp-content\/uploads\/2023\/07\/MiroraLogo2.webp","width":326,"height":108,"caption":"Mirora"},"image":{"@id":"https:\/\/mirora.com\/#\/schema\/logo\/image\/"}}]}},"_links":{"self":[{"href":"https:\/\/mirora.com\/en\/wp-json\/wp\/v2\/pages\/6802","targetHints":{"allow":["GET"]}}],"collection":[{"href":"https:\/\/mirora.com\/en\/wp-json\/wp\/v2\/pages"}],"about":[{"href":"https:\/\/mirora.com\/en\/wp-json\/wp\/v2\/types\/page"}],"author":[{"embeddable":true,"href":"https:\/\/mirora.com\/en\/wp-json\/wp\/v2\/users\/1"}],"replies":[{"embeddable":true,"href":"https:\/\/mirora.com\/en\/wp-json\/wp\/v2\/comments?post=6802"}],"version-history":[{"count":13,"href":"https:\/\/mirora.com\/en\/wp-json\/wp\/v2\/pages\/6802\/revisions"}],"predecessor-version":[{"id":22211,"href":"https:\/\/mirora.com\/en\/wp-json\/wp\/v2\/pages\/6802\/revisions\/22211"}],"wp:attachment":[{"href":"https:\/\/mirora.com\/en\/wp-json\/wp\/v2\/media?parent=6802"}],"curies":[{"name":"wp","href":"https:\/\/api.w.org\/{rel}","templated":true}]}}