

{"id":6804,"date":"2024-05-31T01:49:44","date_gmt":"2024-05-30T22:49:44","guid":{"rendered":"https:\/\/mirora.com\/?page_id=6804"},"modified":"2025-05-14T03:58:17","modified_gmt":"2025-05-14T00:58:17","slug":"ermenice-ceviri","status":"publish","type":"page","link":"https:\/\/mirora.com\/en\/armenian-translation\/","title":{"rendered":"Armenian"},"content":{"rendered":"<div data-elementor-type=\"wp-page\" data-elementor-id=\"6804\" class=\"elementor elementor-6804\" data-elementor-post-type=\"page\">\n\t\t\t\t<div class=\"elementor-element elementor-element-83b08df e-flex e-con-boxed e-con e-parent\" data-id=\"83b08df\" data-element_type=\"container\" data-e-type=\"container\" data-settings=\"{&quot;background_background&quot;:&quot;classic&quot;}\">\n\t\t\t\t\t<div class=\"e-con-inner\">\n\t\t\t\t<div class=\"elementor-element elementor-element-3d5696f elementor-widget elementor-widget-heading\" data-id=\"3d5696f\" data-element_type=\"widget\" data-e-type=\"widget\" data-widget_type=\"heading.default\">\n\t\t\t\t\t<h1 class=\"elementor-heading-title elementor-size-default\">Footer One<\/h1>\t\t\t\t<\/div>\n\t\t\t\t\t<\/div>\n\t\t\t\t<\/div>\n\t\t\t\t<section class=\"elementor-section elementor-top-section elementor-element elementor-element-7144dec elementor-section-full_width elementor-section-height-default elementor-section-height-default\" data-id=\"7144dec\" data-element_type=\"section\" data-e-type=\"section\">\n\t\t\t\t\t\t<div class=\"elementor-container elementor-column-gap-no\">\n\t\t\t\t\t<div class=\"elementor-column elementor-col-100 elementor-top-column elementor-element elementor-element-2ac3368\" data-id=\"2ac3368\" data-element_type=\"column\" data-e-type=\"column\">\n\t\t\t<div class=\"elementor-widget-wrap elementor-element-populated\">\n\t\t\t\t\t\t<section class=\"elementor-section elementor-inner-section elementor-element elementor-element-6cf5ae6 elementor-section-content-middle elementor-section-boxed elementor-section-height-default elementor-section-height-default\" data-id=\"6cf5ae6\" data-element_type=\"section\" data-e-type=\"section\">\n\t\t\t\t\t\t<div class=\"elementor-container elementor-column-gap-no\">\n\t\t\t\t\t<div class=\"elementor-column elementor-col-100 elementor-inner-column elementor-element elementor-element-309d6ce\" data-id=\"309d6ce\" data-element_type=\"column\" data-e-type=\"column\">\n\t\t\t<div class=\"elementor-widget-wrap elementor-element-populated\">\n\t\t\t\t\t\t<div class=\"elementor-element elementor-element-83a00e2 elementor-widget elementor-widget-text-editor\" data-id=\"83a00e2\" data-element_type=\"widget\" data-e-type=\"widget\" data-widget_type=\"text-editor.default\">\n\t\t\t\t\t\t\t\t\t<p>Armenian belongs to the Indo-European language family, and is used by the Armenian people. The official language of Armenia and the Republic of Nagorno-Karabakh is Eastern Armenian. Western Armenian is mostly used in Turkey and the Armenian diaspora.<br \/>Eighteen percent of the Armenian community in Turkey speaks Armenian. This percentage is lower among younger people, of whom only 8 percent speaks Armenian. UNESCO\u2019s \u201cAtlas of the World\u2019s Languages in Danger\u201d designated Western Armenian as \u201cdefinitely endangered\u201d.<br \/>Armenian has an official status as a minority language in Cyprus, Poland, Romania, and Ukraine.<br \/>The Armenian literary language started to develop in the 19th century, and thus the difference between the Eastern Armenian (Yerevan) and Western Armenian (Istanbul) dialects began to become apparent. Armenian, which was regarded a dialect of Persian at that time, was later considered to be an original Indo-European language. Today, classical Armenian, Krapar, in which the oldest works were written, can only be understood by some religious scholars.<br \/>Mirora has many years of cooperation with companies in Armenia and Istanbul. Thus, Mirora offers high-quality, fast and reliable translation services in Western and Eastern Armenian (two dialects of Armenian) from and to all languages worldwide with competitive prices, by our professional translation teams, especially by using English as a bridge language.<\/p><p>Armenian Alphabet<\/p><p>In 405 A.D., St. Mesrop Mashtots, after examining some manuscripts in foreign languages, laid out Armenian letters and invented the Armenian alphabet. With this development, the literary activity increased considerably, and the Golden Age of Armenian literature began.<\/p>\t\t\t\t\t\t\t\t<\/div>\n\t\t\t\t\t<\/div>\n\t\t<\/div>\n\t\t\t\t\t<\/div>\n\t\t<\/section>\n\t\t\t\t\t<\/div>\n\t\t<\/div>\n\t\t\t\t\t<\/div>\n\t\t<\/section>\n\t\t\t\t<section class=\"elementor-section elementor-top-section elementor-element elementor-element-91d946b elementor-section-full_width elementor-section-height-default elementor-section-height-default\" data-id=\"91d946b\" data-element_type=\"section\" data-e-type=\"section\">\n\t\t\t\t\t\t<div class=\"elementor-container elementor-column-gap-no\">\n\t\t\t\t\t<div class=\"elementor-column elementor-col-100 elementor-top-column elementor-element elementor-element-207c427\" data-id=\"207c427\" data-element_type=\"column\" data-e-type=\"column\">\n\t\t\t<div class=\"elementor-widget-wrap elementor-element-populated\">\n\t\t\t\t\t\t<div class=\"elementor-element elementor-element-b860bc1 elementor-widget elementor-widget-eduracta\" data-id=\"b860bc1\" data-element_type=\"widget\" data-e-type=\"widget\" data-widget_type=\"eduracta.default\">\n\t\t\t\t<div class=\"elementor-widget-container\">\n\t\t\t\t\t<div class=\"cta-area-1\" data-bg-src=\"https:\/\/themeholy.com\/wordpress\/edura\/wp-content\/uploads\/2023\/07\/cta-bg1.png\"><div class=\"container\"><div class=\"row align-items-center justify-content-between\"><div class=\"col-lg-8\"><div class=\"cta-wrap title-area mb-0\"><div class=\"cta-icon\"><img decoding=\"async\" src=\"https:\/\/themeholy.com\/wordpress\/edura\/wp-content\/uploads\/2023\/07\/cta-icon1.png\" alt=\"icon\"><\/div><div class=\"cta-content\"><h2 class=\"cta-title th-title sec-title\">Get Offer Now<\/h2><p class=\"cta-text th-desc\">Adding value to your brand is just a click away with Mirora.<\/p><\/div><a href=\"https:\/\/mirora.com\/en\/get-offer\/\" class=\"th-btn th_btn style8\">Get a Free Quote<i class=\"fa-regular fa-arrow-right ms-1\"><\/i><\/a><\/div><\/div><\/div><\/div><div class=\"cta-img-1\" data-overlay=\"title\" data-opacity=\"8\"><img decoding=\"async\" src=\"https:\/\/themeholy.com\/wordpress\/edura\/wp-content\/uploads\/2023\/07\/cta_1_1.png\" alt=\"Image\"><\/div><\/div>\t\t\t\t<\/div>\n\t\t\t\t<\/div>\n\t\t\t\t\t<\/div>\n\t\t<\/div>\n\t\t\t\t\t<\/div>\n\t\t<\/section>\n\t\t\t\t<\/div>","protected":false},"excerpt":{"rendered":"<p>Armenian belongs to the Indo-European language family and is spoken by the Armenian people. The official language of Armenia and the Nagorno-Karabakh Republic is Eastern Armenian. Western<\/p>","protected":false},"author":1,"featured_media":0,"parent":0,"menu_order":0,"comment_status":"closed","ping_status":"closed","template":"template-builder.php","meta":{"_monsterinsights_skip_tracking":false,"_monsterinsights_sitenote_active":false,"_monsterinsights_sitenote_note":"","_monsterinsights_sitenote_category":0,"footnotes":""},"class_list":["post-6804","page","type-page","status-publish","hentry"],"yoast_head":"<!-- This site is optimized with the Yoast SEO plugin v27.3 - https:\/\/yoast.com\/product\/yoast-seo-wordpress\/ -->\n<title>Ermenice \u00c7eviri - Mirora Translation<\/title>\n<meta name=\"description\" content=\"Ermenice, Ermeni halk\u0131 taraf\u0131ndan kullan\u0131lan Hint-Avrupa dil ailesinden bir dildir. Kendi alfabesi ve Do\u011fu Ermenicesi ve Bat\u0131 Ermenicesi olarak iki leh\u00e7esi vard\u0131r.\" \/>\n<meta name=\"robots\" content=\"index, follow, max-snippet:-1, max-image-preview:large, max-video-preview:-1\" \/>\n<link rel=\"canonical\" href=\"https:\/\/mirora.com\/en\/armenian-translation\/\" \/>\n<meta property=\"og:locale\" content=\"en_US\" \/>\n<meta property=\"og:type\" content=\"article\" \/>\n<meta property=\"og:title\" content=\"Ermenice \u00c7eviri - Mirora Translation\" \/>\n<meta property=\"og:description\" content=\"Ermenice, Ermeni halk\u0131 taraf\u0131ndan kullan\u0131lan Hint-Avrupa dil ailesinden bir dildir. Kendi alfabesi ve Do\u011fu Ermenicesi ve Bat\u0131 Ermenicesi olarak iki leh\u00e7esi vard\u0131r.\" \/>\n<meta property=\"og:url\" content=\"https:\/\/mirora.com\/en\/armenian-translation\/\" \/>\n<meta property=\"og:site_name\" content=\"Mirora Translation\" \/>\n<meta property=\"article:modified_time\" content=\"2025-05-14T00:58:17+00:00\" \/>\n<meta property=\"og:image\" content=\"https:\/\/themeholy.com\/wordpress\/edura\/wp-content\/uploads\/2023\/07\/cta-icon1.png\" \/>\n<meta name=\"twitter:card\" content=\"summary_large_image\" \/>\n<meta name=\"twitter:label1\" content=\"Est. reading time\" \/>\n\t<meta name=\"twitter:data1\" content=\"1 minute\" \/>\n<script type=\"application\/ld+json\" class=\"yoast-schema-graph\">{\"@context\":\"https:\\\/\\\/schema.org\",\"@graph\":[{\"@type\":\"WebPage\",\"@id\":\"https:\\\/\\\/mirora.com\\\/ermenice-ceviri\\\/\",\"url\":\"https:\\\/\\\/mirora.com\\\/ermenice-ceviri\\\/\",\"name\":\"Ermenice \u00c7eviri - Mirora Translation\",\"isPartOf\":{\"@id\":\"https:\\\/\\\/mirora.com\\\/#website\"},\"primaryImageOfPage\":{\"@id\":\"https:\\\/\\\/mirora.com\\\/ermenice-ceviri\\\/#primaryimage\"},\"image\":{\"@id\":\"https:\\\/\\\/mirora.com\\\/ermenice-ceviri\\\/#primaryimage\"},\"thumbnailUrl\":\"https:\\\/\\\/themeholy.com\\\/wordpress\\\/edura\\\/wp-content\\\/uploads\\\/2023\\\/07\\\/cta-icon1.png\",\"datePublished\":\"2024-05-30T22:49:44+00:00\",\"dateModified\":\"2025-05-14T00:58:17+00:00\",\"description\":\"Ermenice, Ermeni halk\u0131 taraf\u0131ndan kullan\u0131lan Hint-Avrupa dil ailesinden bir dildir. Kendi alfabesi ve Do\u011fu Ermenicesi ve Bat\u0131 Ermenicesi olarak iki leh\u00e7esi vard\u0131r.\",\"inLanguage\":\"en-US\",\"potentialAction\":[{\"@type\":\"ReadAction\",\"target\":[\"https:\\\/\\\/mirora.com\\\/ermenice-ceviri\\\/\"]}]},{\"@type\":\"ImageObject\",\"inLanguage\":\"en-US\",\"@id\":\"https:\\\/\\\/mirora.com\\\/ermenice-ceviri\\\/#primaryimage\",\"url\":\"https:\\\/\\\/themeholy.com\\\/wordpress\\\/edura\\\/wp-content\\\/uploads\\\/2023\\\/07\\\/cta-icon1.png\",\"contentUrl\":\"https:\\\/\\\/themeholy.com\\\/wordpress\\\/edura\\\/wp-content\\\/uploads\\\/2023\\\/07\\\/cta-icon1.png\"},{\"@type\":\"WebSite\",\"@id\":\"https:\\\/\\\/mirora.com\\\/#website\",\"url\":\"https:\\\/\\\/mirora.com\\\/\",\"name\":\"Mirora Translation\",\"description\":\"We Reflect Your Originals\",\"publisher\":{\"@id\":\"https:\\\/\\\/mirora.com\\\/#organization\"},\"potentialAction\":[{\"@type\":\"SearchAction\",\"target\":{\"@type\":\"EntryPoint\",\"urlTemplate\":\"https:\\\/\\\/mirora.com\\\/?s={search_term_string}\"},\"query-input\":{\"@type\":\"PropertyValueSpecification\",\"valueRequired\":true,\"valueName\":\"search_term_string\"}}],\"inLanguage\":\"en-US\"},{\"@type\":\"Organization\",\"@id\":\"https:\\\/\\\/mirora.com\\\/#organization\",\"name\":\"Mirora\",\"url\":\"https:\\\/\\\/mirora.com\\\/\",\"logo\":{\"@type\":\"ImageObject\",\"inLanguage\":\"en-US\",\"@id\":\"https:\\\/\\\/mirora.com\\\/#\\\/schema\\\/logo\\\/image\\\/\",\"url\":\"https:\\\/\\\/mirora.com\\\/wp-content\\\/uploads\\\/2023\\\/07\\\/MiroraLogo2.webp\",\"contentUrl\":\"https:\\\/\\\/mirora.com\\\/wp-content\\\/uploads\\\/2023\\\/07\\\/MiroraLogo2.webp\",\"width\":326,\"height\":108,\"caption\":\"Mirora\"},\"image\":{\"@id\":\"https:\\\/\\\/mirora.com\\\/#\\\/schema\\\/logo\\\/image\\\/\"}}]}<\/script>\n<!-- \/ Yoast SEO plugin. -->","yoast_head_json":{"title":"Armenian - Mirora Translation","description":"Armenian is a language from the Indo-European language family used by the Armenian people. It has its own alphabet and two dialects, Eastern Armenian and Western Armenian.","robots":{"index":"index","follow":"follow","max-snippet":"max-snippet:-1","max-image-preview":"max-image-preview:large","max-video-preview":"max-video-preview:-1"},"canonical":"https:\/\/mirora.com\/en\/armenian-translation\/","og_locale":"en_US","og_type":"article","og_title":"Ermenice \u00c7eviri - Mirora Translation","og_description":"Ermenice, Ermeni halk\u0131 taraf\u0131ndan kullan\u0131lan Hint-Avrupa dil ailesinden bir dildir. Kendi alfabesi ve Do\u011fu Ermenicesi ve Bat\u0131 Ermenicesi olarak iki leh\u00e7esi vard\u0131r.","og_url":"https:\/\/mirora.com\/en\/armenian-translation\/","og_site_name":"Mirora Translation","article_modified_time":"2025-05-14T00:58:17+00:00","og_image":[{"url":"https:\/\/themeholy.com\/wordpress\/edura\/wp-content\/uploads\/2023\/07\/cta-icon1.png","type":"","width":"","height":""}],"twitter_card":"summary_large_image","twitter_misc":{"Est. reading time":"1 minute"},"schema":{"@context":"https:\/\/schema.org","@graph":[{"@type":"WebPage","@id":"https:\/\/mirora.com\/ermenice-ceviri\/","url":"https:\/\/mirora.com\/ermenice-ceviri\/","name":"Armenian - Mirora Translation","isPartOf":{"@id":"https:\/\/mirora.com\/#website"},"primaryImageOfPage":{"@id":"https:\/\/mirora.com\/ermenice-ceviri\/#primaryimage"},"image":{"@id":"https:\/\/mirora.com\/ermenice-ceviri\/#primaryimage"},"thumbnailUrl":"https:\/\/themeholy.com\/wordpress\/edura\/wp-content\/uploads\/2023\/07\/cta-icon1.png","datePublished":"2024-05-30T22:49:44+00:00","dateModified":"2025-05-14T00:58:17+00:00","description":"Armenian is a language from the Indo-European language family used by the Armenian people. It has its own alphabet and two dialects, Eastern Armenian and Western Armenian.","inLanguage":"en-US","potentialAction":[{"@type":"ReadAction","target":["https:\/\/mirora.com\/ermenice-ceviri\/"]}]},{"@type":"ImageObject","inLanguage":"en-US","@id":"https:\/\/mirora.com\/ermenice-ceviri\/#primaryimage","url":"https:\/\/themeholy.com\/wordpress\/edura\/wp-content\/uploads\/2023\/07\/cta-icon1.png","contentUrl":"https:\/\/themeholy.com\/wordpress\/edura\/wp-content\/uploads\/2023\/07\/cta-icon1.png"},{"@type":"WebSite","@id":"https:\/\/mirora.com\/#website","url":"https:\/\/mirora.com\/","name":"Mirora Translation","description":"We Reflect Your Originals","publisher":{"@id":"https:\/\/mirora.com\/#organization"},"potentialAction":[{"@type":"SearchAction","target":{"@type":"EntryPoint","urlTemplate":"https:\/\/mirora.com\/?s={search_term_string}"},"query-input":{"@type":"PropertyValueSpecification","valueRequired":true,"valueName":"search_term_string"}}],"inLanguage":"en-US"},{"@type":"Organization","@id":"https:\/\/mirora.com\/#organization","name":"Mirora","url":"https:\/\/mirora.com\/","logo":{"@type":"ImageObject","inLanguage":"en-US","@id":"https:\/\/mirora.com\/#\/schema\/logo\/image\/","url":"https:\/\/mirora.com\/wp-content\/uploads\/2023\/07\/MiroraLogo2.webp","contentUrl":"https:\/\/mirora.com\/wp-content\/uploads\/2023\/07\/MiroraLogo2.webp","width":326,"height":108,"caption":"Mirora"},"image":{"@id":"https:\/\/mirora.com\/#\/schema\/logo\/image\/"}}]}},"_links":{"self":[{"href":"https:\/\/mirora.com\/en\/wp-json\/wp\/v2\/pages\/6804","targetHints":{"allow":["GET"]}}],"collection":[{"href":"https:\/\/mirora.com\/en\/wp-json\/wp\/v2\/pages"}],"about":[{"href":"https:\/\/mirora.com\/en\/wp-json\/wp\/v2\/types\/page"}],"author":[{"embeddable":true,"href":"https:\/\/mirora.com\/en\/wp-json\/wp\/v2\/users\/1"}],"replies":[{"embeddable":true,"href":"https:\/\/mirora.com\/en\/wp-json\/wp\/v2\/comments?post=6804"}],"version-history":[{"count":13,"href":"https:\/\/mirora.com\/en\/wp-json\/wp\/v2\/pages\/6804\/revisions"}],"predecessor-version":[{"id":22214,"href":"https:\/\/mirora.com\/en\/wp-json\/wp\/v2\/pages\/6804\/revisions\/22214"}],"wp:attachment":[{"href":"https:\/\/mirora.com\/en\/wp-json\/wp\/v2\/media?parent=6804"}],"curies":[{"name":"wp","href":"https:\/\/api.w.org\/{rel}","templated":true}]}}