

{"id":6818,"date":"2024-05-31T01:52:48","date_gmt":"2024-05-30T22:52:48","guid":{"rendered":"https:\/\/mirora.com\/?page_id=6818"},"modified":"2025-05-14T03:58:48","modified_gmt":"2025-05-14T00:58:48","slug":"felemenkce-ceviri","status":"publish","type":"page","link":"https:\/\/mirora.com\/en\/dutch-translation\/","title":{"rendered":"Dutch Translation"},"content":{"rendered":"<div data-elementor-type=\"wp-page\" data-elementor-id=\"6818\" class=\"elementor elementor-6818\" data-elementor-post-type=\"page\">\n\t\t\t\t<div class=\"elementor-element elementor-element-9055047 e-flex e-con-boxed e-con e-parent\" data-id=\"9055047\" data-element_type=\"container\" data-e-type=\"container\" data-settings=\"{&quot;background_background&quot;:&quot;classic&quot;}\">\n\t\t\t\t\t<div class=\"e-con-inner\">\n\t\t\t\t<div class=\"elementor-element elementor-element-192b0c8 elementor-widget elementor-widget-heading\" data-id=\"192b0c8\" data-element_type=\"widget\" data-e-type=\"widget\" data-widget_type=\"heading.default\">\n\t\t\t\t\t<h1 class=\"elementor-heading-title elementor-size-default\">Footer One<\/h1>\t\t\t\t<\/div>\n\t\t\t\t\t<\/div>\n\t\t\t\t<\/div>\n\t\t\t\t<section class=\"elementor-section elementor-top-section elementor-element elementor-element-7144dec elementor-section-full_width elementor-section-height-default elementor-section-height-default\" data-id=\"7144dec\" data-element_type=\"section\" data-e-type=\"section\">\n\t\t\t\t\t\t<div class=\"elementor-container elementor-column-gap-no\">\n\t\t\t\t\t<div class=\"elementor-column elementor-col-100 elementor-top-column elementor-element elementor-element-2ac3368\" data-id=\"2ac3368\" data-element_type=\"column\" data-e-type=\"column\">\n\t\t\t<div class=\"elementor-widget-wrap elementor-element-populated\">\n\t\t\t\t\t\t<section class=\"elementor-section elementor-inner-section elementor-element elementor-element-6cf5ae6 elementor-section-content-middle elementor-section-boxed elementor-section-height-default elementor-section-height-default\" data-id=\"6cf5ae6\" data-element_type=\"section\" data-e-type=\"section\">\n\t\t\t\t\t\t<div class=\"elementor-container elementor-column-gap-no\">\n\t\t\t\t\t<div class=\"elementor-column elementor-col-100 elementor-inner-column elementor-element elementor-element-309d6ce\" data-id=\"309d6ce\" data-element_type=\"column\" data-e-type=\"column\">\n\t\t\t<div class=\"elementor-widget-wrap elementor-element-populated\">\n\t\t\t\t\t\t<div class=\"elementor-element elementor-element-83a00e2 elementor-widget elementor-widget-text-editor\" data-id=\"83a00e2\" data-element_type=\"widget\" data-e-type=\"widget\" data-widget_type=\"text-editor.default\">\n\t\t\t\t\t\t\t\t\t<p><span style=\"font-family: Roboto;\">Dutch language is a language from the Germanic branch of the Indo-European languages. The dialects of this language, which has two basic dialects, Hollandic and Flemish, have minor differences in the written language. Dutch and its dialects are spoken as an official language in the Netherlands, Belgium, Suriname and the Republic of South Africa. The dialect spoken in Belgium is called Flemish, and the other spoken in the Netherlands is called Hollandic. In Belgium, Flemish is spoken mostly in the Flemish region in the north while Dutch is close to Plattdeutsch and Frisian languages.<\/span><\/p><p><span style=\"font-family: Roboto;\">Dutch speakers can quickly recognize that the Dutch interlocutor is a Flemish due to the differences in their accent, some of the words they use, and the way they say it. As each region has its own way of speaking, it can be easily understood from which region, city or even the village they are from.<\/span><\/p><p><span style=\"font-family: Roboto;\">This is because the communities in this region are highly interconnected, strict, and dense although Dutch is spoken in a very small geographical area. Thus, the language can indicate a widely hetergenenous spread within the region where it is spoken, regardless of official boundaries.<\/span><\/p><p><span style=\"font-family: Roboto;\">According to official resources, it has been determined that 26 different Dutch languages, which can be defined as dialects, are spoken only within the Flemish region.<\/span><\/p><p><span style=\"font-family: Roboto;\">Countries where Dutch is spoken as an official language are Aruba, Belgium, Cura\u00e7ao, the Netherlands, Sint Maarten, Suriname, and Benelux. Also, international communities where Dutch is accepted as an official language are the European Union, UNASUR, and the Caribbean Community. It can be said that approximately 24 million people speak Dutch as an official language around the world.<\/span><\/p><p><span style=\"font-family: Roboto;\">Dutch Translation Service by Mirora<\/span><\/p><p><span style=\"font-family: Roboto;\">Mirora has been in collaboration for many years with translation companies in the Netherlands and Belgium. Thus, Mirora offers high-quality, fast and reliable translation services in Dutch from and to all languages worldwide with competitive prices, by professional translation teams, especially by using English as a pivot language.<\/span><\/p><p><span style=\"font-family: Roboto;\">Dutch alphabet includes all letters in the basic Latin alphabet from \u201cA\u201d to \u201cZ\u201d. Letters, which have the diacritical sign, are not included in the alphabet. While the alphabet includes 26 letters, sometimes the diphthong \u201cIJ\u201d, which has the feature of a single letter, increases the number of letters in the alphabet to 27. While this letter is generally not added to the alphabet, it is located between \u201cx\u201d and \u201cy\u201d, for instance in phone books or dictionaries.<\/span><\/p><p><span style=\"font-family: Roboto;\">A B C D E F G H I J K L M N O P Q R S T U V W X IJ Y Z a b c d e f g h i j k l m n o p q r s t u v w x ij y z<\/span><\/p>\t\t\t\t\t\t\t\t<\/div>\n\t\t\t\t\t<\/div>\n\t\t<\/div>\n\t\t\t\t\t<\/div>\n\t\t<\/section>\n\t\t\t\t\t<\/div>\n\t\t<\/div>\n\t\t\t\t\t<\/div>\n\t\t<\/section>\n\t\t<div class=\"elementor-element elementor-element-4a44616 e-flex e-con-boxed e-con e-parent\" data-id=\"4a44616\" data-element_type=\"container\" data-e-type=\"container\">\n\t\t\t\t\t<div class=\"e-con-inner\">\n\t\t\t\t<div class=\"elementor-element elementor-element-d74cbf4 elementor-widget elementor-widget-heading\" data-id=\"d74cbf4\" data-element_type=\"widget\" data-e-type=\"widget\" data-widget_type=\"heading.default\">\n\t\t\t\t\t<h2 class=\"elementor-heading-title elementor-size-default\">These Articles May Interest You! Learn more about our service.<\/h2>\t\t\t\t<\/div>\n\t\t\t\t<div class=\"elementor-element elementor-element-8650983 elementor-widget-divider--view-line elementor-widget elementor-widget-divider\" data-id=\"8650983\" data-element_type=\"widget\" data-e-type=\"widget\" data-widget_type=\"divider.default\">\n\t\t\t\t\t\t\t<div class=\"elementor-divider\">\n\t\t\t<span class=\"elementor-divider-separator\">\n\t\t\t\t\t\t<\/span>\n\t\t<\/div>\n\t\t\t\t\t\t<\/div>\n\t\t\t\t\t<\/div>\n\t\t\t\t<\/div>\n\t\t<div class=\"elementor-element elementor-element-0632c33 e-flex e-con-boxed e-con e-parent\" data-id=\"0632c33\" data-element_type=\"container\" data-e-type=\"container\">\n\t\t\t\t\t<div class=\"e-con-inner\">\n\t\t<div class=\"elementor-element elementor-element-535b989 e-con-full e-flex e-con e-child\" data-id=\"535b989\" data-element_type=\"container\" data-e-type=\"container\">\n\t\t\t\t<div class=\"elementor-element elementor-element-5bec401 premium-blog-align-left elementor-widget elementor-widget-premium-addon-blog\" data-id=\"5bec401\" data-element_type=\"widget\" data-e-type=\"widget\" data-settings=\"{&quot;premium_blog_columns_number&quot;:&quot;100%&quot;,&quot;premium_blog_grid&quot;:&quot;yes&quot;,&quot;premium_blog_layout&quot;:&quot;even&quot;,&quot;premium_blog_columns_number_tablet&quot;:&quot;50%&quot;,&quot;premium_blog_columns_number_mobile&quot;:&quot;100%&quot;}\" data-widget_type=\"premium-addon-blog.default\">\n\t\t\t\t\t\n\t\t\n\n\t\t\t\t<div class=\"premium-blog-wrap  premium-blog-even\" data-page=\"6818\">\n\t\t\t\t\t\t\t\t\t<div class=\"premium-blog-post-outer-container\" data-total=\"1\">\n\t\t\t<div class=\"premium-blog-post-container premium-blog-skin-banner\">\n\t\t\t\t\t\t\t\t\t<div class=\"premium-blog-thumb-effect-wrapper\">\n\t\t\t\t\t\t<div class=\"premium-blog-thumbnail-container premium-blog-zoomin-effect\">\n\t\t\t\t\t\t\t<img fetchpriority=\"high\" decoding=\"async\" width=\"850\" height=\"500\" src=\"https:\/\/mirora.com\/wp-content\/uploads\/2022\/08\/Netherlandic-vs.jpg\" class=\"attachment-full size-full wp-image-17201\" alt=\"\" srcset=\"https:\/\/mirora.com\/wp-content\/uploads\/2022\/08\/Netherlandic-vs.jpg 850w, https:\/\/mirora.com\/wp-content\/uploads\/2022\/08\/Netherlandic-vs-300x176.jpg 300w, https:\/\/mirora.com\/wp-content\/uploads\/2022\/08\/Netherlandic-vs-768x452.jpg 768w, https:\/\/mirora.com\/wp-content\/uploads\/2022\/08\/Netherlandic-vs-18x12.jpg 18w\" sizes=\"(max-width: 850px) 100vw, 850px\" \/>\t\t\t\t\t\t<\/div>\n\t\t\t\t\t\t\t\t\t\t\t\t\t<div class=\"premium-blog-thumbnail-overlay\">\n\t\t\t\t\t\t\t\t<a class=\"elementor-icon\" href=\"https:\/\/mirora.com\/en\/introducing-the-netherlanders-language\/\" target=\"_blank\"><\/a>\n\t\t\t\t\t\t\t<\/div>\n\n\t\t\t\t\t\t\t\t\t\t\t\t\t\t\t\t\t\t<\/div>\n\t\t\t\t\t\t\t\t\t\t\t\t<div class=\"premium-blog-content-wrapper\">\n\n\t\t\t\t\t<div class=\"premium-blog-inner-container\">\n\n\t\t\t\t\t\t\t\t\t\t\t\t\t\t<h2 class=\"premium-blog-entry-title\">\n\t\t\t<a href=\"https:\/\/mirora.com\/en\/introducing-the-netherlanders-language\/\" target=\"_blank\">\n\t\t\t\tIntroducing the Netherlander\u2019s Language\t\t\t<\/a>\n\t\t<\/h2>\n\t\t\t\t<div class=\"premium-blog-entry-meta\">\n\t\t\t\n\t\t\t\n\t\t\t\n\t\t\t\t\t<\/div>\n\t\t\n\t\t\t\t\t<\/div>\n\n\t\t\t\t\t\t\t<div class=\"premium-blog-content-inner-wrapper\">\n\t\t<p class=\"premium-blog-post-content\">Netherlandic vs. Dutch Different dialects and accents of Netherlandic are spoken in different regions, and this language is more commonly known as Dutch. Contrary to popular belief, Dutch is one of the dialects of Netherlandic other than Flemish. Netherlandic belongs\u2026<\/p>\t\t<\/div>\n\t\t\t\t\t\t\t\n\t\t\t\t<\/div>\n\t\t\t<\/div>\n\t\t<\/div>\n\n\t\t\t\t\t\t\t<\/div>\n\n\t\t\n\t\t\n\t\t\t\t\t\t<\/div>\n\t\t\t\t<\/div>\n\t\t\t\t\t<\/div>\n\t\t\t\t<\/div>\n\t\t\t\t<section class=\"elementor-section elementor-top-section elementor-element elementor-element-91d946b elementor-section-full_width elementor-section-height-default elementor-section-height-default\" data-id=\"91d946b\" data-element_type=\"section\" data-e-type=\"section\">\n\t\t\t\t\t\t<div class=\"elementor-container elementor-column-gap-no\">\n\t\t\t\t\t<div class=\"elementor-column elementor-col-100 elementor-top-column elementor-element elementor-element-207c427\" data-id=\"207c427\" data-element_type=\"column\" data-e-type=\"column\">\n\t\t\t<div class=\"elementor-widget-wrap elementor-element-populated\">\n\t\t\t\t\t\t<div class=\"elementor-element elementor-element-b860bc1 elementor-widget elementor-widget-eduracta\" data-id=\"b860bc1\" data-element_type=\"widget\" data-e-type=\"widget\" data-widget_type=\"eduracta.default\">\n\t\t\t\t<div class=\"elementor-widget-container\">\n\t\t\t\t\t<div class=\"cta-area-1\" data-bg-src=\"https:\/\/themeholy.com\/wordpress\/edura\/wp-content\/uploads\/2023\/07\/cta-bg1.png\"><div class=\"container\"><div class=\"row align-items-center justify-content-between\"><div class=\"col-lg-8\"><div class=\"cta-wrap title-area mb-0\"><div class=\"cta-icon\"><img decoding=\"async\" src=\"https:\/\/themeholy.com\/wordpress\/edura\/wp-content\/uploads\/2023\/07\/cta-icon1.png\" alt=\"icon\"><\/div><div class=\"cta-content\"><h2 class=\"cta-title th-title sec-title\">Get Offer Now<\/h2><p class=\"cta-text th-desc\">Adding value to your brand is just a click away with Mirora.<\/p><\/div><a href=\"https:\/\/mirora.com\/en\/get-offer\/\" class=\"th-btn th_btn style8\">Get a Free Quote<i class=\"fa-regular fa-arrow-right ms-1\"><\/i><\/a><\/div><\/div><\/div><\/div><div class=\"cta-img-1\" data-overlay=\"title\" data-opacity=\"8\"><img decoding=\"async\" src=\"https:\/\/themeholy.com\/wordpress\/edura\/wp-content\/uploads\/2023\/07\/cta_1_1.png\" alt=\"Image\"><\/div><\/div>\t\t\t\t<\/div>\n\t\t\t\t<\/div>\n\t\t\t\t\t<\/div>\n\t\t<\/div>\n\t\t\t\t\t<\/div>\n\t\t<\/section>\n\t\t\t\t<\/div>","protected":false},"excerpt":{"rendered":"<p>Dutch is a language from the Germanic languages group of the Indo-European language family. It has two main dialects, Dutch and Flemish. These dialects have written...<\/p>","protected":false},"author":1,"featured_media":0,"parent":0,"menu_order":0,"comment_status":"closed","ping_status":"closed","template":"template-builder.php","meta":{"_monsterinsights_skip_tracking":false,"_monsterinsights_sitenote_active":false,"_monsterinsights_sitenote_note":"","_monsterinsights_sitenote_category":0,"footnotes":""},"class_list":["post-6818","page","type-page","status-publish","hentry","th-blog blog-single"],"yoast_head":"<!-- This site is optimized with the Yoast SEO plugin v27.3 - https:\/\/yoast.com\/product\/yoast-seo-wordpress\/ -->\n<title>Felemenk\u00e7e \u00c7eviri - Mirora Translation<\/title>\n<meta name=\"description\" content=\"Felemenk\u00e7e Hint-Avrupa dil ailesinin Cermen dilleri grubundan bir dildir. Hollandaca ve Flamanca olarak iki temel leh\u00e7esi vard\u0131r.\" \/>\n<meta name=\"robots\" content=\"index, follow, max-snippet:-1, max-image-preview:large, max-video-preview:-1\" \/>\n<link rel=\"canonical\" href=\"https:\/\/mirora.com\/en\/dutch-translation\/\" \/>\n<meta property=\"og:locale\" content=\"en_US\" \/>\n<meta property=\"og:type\" content=\"article\" \/>\n<meta property=\"og:title\" content=\"Felemenk\u00e7e \u00c7eviri - Mirora Translation\" \/>\n<meta property=\"og:description\" content=\"Felemenk\u00e7e Hint-Avrupa dil ailesinin Cermen dilleri grubundan bir dildir. Hollandaca ve Flamanca olarak iki temel leh\u00e7esi vard\u0131r.\" \/>\n<meta property=\"og:url\" content=\"https:\/\/mirora.com\/en\/dutch-translation\/\" \/>\n<meta property=\"og:site_name\" content=\"Mirora Translation\" \/>\n<meta property=\"article:modified_time\" content=\"2025-05-14T00:58:48+00:00\" \/>\n<meta property=\"og:image\" content=\"https:\/\/mirora.com\/wp-content\/uploads\/2022\/08\/Netherlandic-vs.jpg\" \/>\n<meta name=\"twitter:card\" content=\"summary_large_image\" \/>\n<meta name=\"twitter:label1\" content=\"Est. reading time\" \/>\n\t<meta name=\"twitter:data1\" content=\"1 minute\" \/>\n<script type=\"application\/ld+json\" class=\"yoast-schema-graph\">{\"@context\":\"https:\\\/\\\/schema.org\",\"@graph\":[{\"@type\":\"WebPage\",\"@id\":\"https:\\\/\\\/mirora.com\\\/felemenkce-ceviri\\\/\",\"url\":\"https:\\\/\\\/mirora.com\\\/felemenkce-ceviri\\\/\",\"name\":\"Felemenk\u00e7e \u00c7eviri - Mirora Translation\",\"isPartOf\":{\"@id\":\"https:\\\/\\\/mirora.com\\\/#website\"},\"primaryImageOfPage\":{\"@id\":\"https:\\\/\\\/mirora.com\\\/felemenkce-ceviri\\\/#primaryimage\"},\"image\":{\"@id\":\"https:\\\/\\\/mirora.com\\\/felemenkce-ceviri\\\/#primaryimage\"},\"thumbnailUrl\":\"https:\\\/\\\/mirora.com\\\/wp-content\\\/uploads\\\/2022\\\/08\\\/Netherlandic-vs.jpg\",\"datePublished\":\"2024-05-30T22:52:48+00:00\",\"dateModified\":\"2025-05-14T00:58:48+00:00\",\"description\":\"Felemenk\u00e7e Hint-Avrupa dil ailesinin Cermen dilleri grubundan bir dildir. Hollandaca ve Flamanca olarak iki temel leh\u00e7esi vard\u0131r.\",\"inLanguage\":\"en-US\",\"potentialAction\":[{\"@type\":\"ReadAction\",\"target\":[\"https:\\\/\\\/mirora.com\\\/felemenkce-ceviri\\\/\"]}]},{\"@type\":\"ImageObject\",\"inLanguage\":\"en-US\",\"@id\":\"https:\\\/\\\/mirora.com\\\/felemenkce-ceviri\\\/#primaryimage\",\"url\":\"https:\\\/\\\/mirora.com\\\/wp-content\\\/uploads\\\/2022\\\/08\\\/Netherlandic-vs.jpg\",\"contentUrl\":\"https:\\\/\\\/mirora.com\\\/wp-content\\\/uploads\\\/2022\\\/08\\\/Netherlandic-vs.jpg\"},{\"@type\":\"WebSite\",\"@id\":\"https:\\\/\\\/mirora.com\\\/#website\",\"url\":\"https:\\\/\\\/mirora.com\\\/\",\"name\":\"Mirora Translation\",\"description\":\"We Reflect Your Originals\",\"publisher\":{\"@id\":\"https:\\\/\\\/mirora.com\\\/#organization\"},\"potentialAction\":[{\"@type\":\"SearchAction\",\"target\":{\"@type\":\"EntryPoint\",\"urlTemplate\":\"https:\\\/\\\/mirora.com\\\/?s={search_term_string}\"},\"query-input\":{\"@type\":\"PropertyValueSpecification\",\"valueRequired\":true,\"valueName\":\"search_term_string\"}}],\"inLanguage\":\"en-US\"},{\"@type\":\"Organization\",\"@id\":\"https:\\\/\\\/mirora.com\\\/#organization\",\"name\":\"Mirora\",\"url\":\"https:\\\/\\\/mirora.com\\\/\",\"logo\":{\"@type\":\"ImageObject\",\"inLanguage\":\"en-US\",\"@id\":\"https:\\\/\\\/mirora.com\\\/#\\\/schema\\\/logo\\\/image\\\/\",\"url\":\"https:\\\/\\\/mirora.com\\\/wp-content\\\/uploads\\\/2023\\\/07\\\/MiroraLogo2.webp\",\"contentUrl\":\"https:\\\/\\\/mirora.com\\\/wp-content\\\/uploads\\\/2023\\\/07\\\/MiroraLogo2.webp\",\"width\":326,\"height\":108,\"caption\":\"Mirora\"},\"image\":{\"@id\":\"https:\\\/\\\/mirora.com\\\/#\\\/schema\\\/logo\\\/image\\\/\"}}]}<\/script>\n<!-- \/ Yoast SEO plugin. -->","yoast_head_json":{"title":"Dutch - Mirora Translation","description":"Dutch is a language from the Germanic languages group of the Indo-European language family. It has two main dialects, Dutch and Flemish.","robots":{"index":"index","follow":"follow","max-snippet":"max-snippet:-1","max-image-preview":"max-image-preview:large","max-video-preview":"max-video-preview:-1"},"canonical":"https:\/\/mirora.com\/en\/dutch-translation\/","og_locale":"en_US","og_type":"article","og_title":"Felemenk\u00e7e \u00c7eviri - Mirora Translation","og_description":"Felemenk\u00e7e Hint-Avrupa dil ailesinin Cermen dilleri grubundan bir dildir. Hollandaca ve Flamanca olarak iki temel leh\u00e7esi vard\u0131r.","og_url":"https:\/\/mirora.com\/en\/dutch-translation\/","og_site_name":"Mirora Translation","article_modified_time":"2025-05-14T00:58:48+00:00","og_image":[{"url":"https:\/\/mirora.com\/wp-content\/uploads\/2022\/08\/Netherlandic-vs.jpg","type":"","width":"","height":""}],"twitter_card":"summary_large_image","twitter_misc":{"Est. reading time":"1 minute"},"schema":{"@context":"https:\/\/schema.org","@graph":[{"@type":"WebPage","@id":"https:\/\/mirora.com\/felemenkce-ceviri\/","url":"https:\/\/mirora.com\/felemenkce-ceviri\/","name":"Dutch - Mirora Translation","isPartOf":{"@id":"https:\/\/mirora.com\/#website"},"primaryImageOfPage":{"@id":"https:\/\/mirora.com\/felemenkce-ceviri\/#primaryimage"},"image":{"@id":"https:\/\/mirora.com\/felemenkce-ceviri\/#primaryimage"},"thumbnailUrl":"https:\/\/mirora.com\/wp-content\/uploads\/2022\/08\/Netherlandic-vs.jpg","datePublished":"2024-05-30T22:52:48+00:00","dateModified":"2025-05-14T00:58:48+00:00","description":"Dutch is a language from the Germanic languages group of the Indo-European language family. It has two main dialects, Dutch and Flemish.","inLanguage":"en-US","potentialAction":[{"@type":"ReadAction","target":["https:\/\/mirora.com\/felemenkce-ceviri\/"]}]},{"@type":"ImageObject","inLanguage":"en-US","@id":"https:\/\/mirora.com\/felemenkce-ceviri\/#primaryimage","url":"https:\/\/mirora.com\/wp-content\/uploads\/2022\/08\/Netherlandic-vs.jpg","contentUrl":"https:\/\/mirora.com\/wp-content\/uploads\/2022\/08\/Netherlandic-vs.jpg"},{"@type":"WebSite","@id":"https:\/\/mirora.com\/#website","url":"https:\/\/mirora.com\/","name":"Mirora Translation","description":"We Reflect Your Originals","publisher":{"@id":"https:\/\/mirora.com\/#organization"},"potentialAction":[{"@type":"SearchAction","target":{"@type":"EntryPoint","urlTemplate":"https:\/\/mirora.com\/?s={search_term_string}"},"query-input":{"@type":"PropertyValueSpecification","valueRequired":true,"valueName":"search_term_string"}}],"inLanguage":"en-US"},{"@type":"Organization","@id":"https:\/\/mirora.com\/#organization","name":"Mirora","url":"https:\/\/mirora.com\/","logo":{"@type":"ImageObject","inLanguage":"en-US","@id":"https:\/\/mirora.com\/#\/schema\/logo\/image\/","url":"https:\/\/mirora.com\/wp-content\/uploads\/2023\/07\/MiroraLogo2.webp","contentUrl":"https:\/\/mirora.com\/wp-content\/uploads\/2023\/07\/MiroraLogo2.webp","width":326,"height":108,"caption":"Mirora"},"image":{"@id":"https:\/\/mirora.com\/#\/schema\/logo\/image\/"}}]}},"_links":{"self":[{"href":"https:\/\/mirora.com\/en\/wp-json\/wp\/v2\/pages\/6818","targetHints":{"allow":["GET"]}}],"collection":[{"href":"https:\/\/mirora.com\/en\/wp-json\/wp\/v2\/pages"}],"about":[{"href":"https:\/\/mirora.com\/en\/wp-json\/wp\/v2\/types\/page"}],"author":[{"embeddable":true,"href":"https:\/\/mirora.com\/en\/wp-json\/wp\/v2\/users\/1"}],"replies":[{"embeddable":true,"href":"https:\/\/mirora.com\/en\/wp-json\/wp\/v2\/comments?post=6818"}],"version-history":[{"count":16,"href":"https:\/\/mirora.com\/en\/wp-json\/wp\/v2\/pages\/6818\/revisions"}],"predecessor-version":[{"id":22220,"href":"https:\/\/mirora.com\/en\/wp-json\/wp\/v2\/pages\/6818\/revisions\/22220"}],"wp:attachment":[{"href":"https:\/\/mirora.com\/en\/wp-json\/wp\/v2\/media?parent=6818"}],"curies":[{"name":"wp","href":"https:\/\/api.w.org\/{rel}","templated":true}]}}