

{"id":6841,"date":"2024-05-31T02:50:48","date_gmt":"2024-05-30T23:50:48","guid":{"rendered":"https:\/\/mirora.com\/?page_id=6841"},"modified":"2025-05-14T03:59:33","modified_gmt":"2025-05-14T00:59:33","slug":"irlandaca-ceviri","status":"publish","type":"page","link":"https:\/\/mirora.com\/en\/irish-translation\/","title":{"rendered":"Irish"},"content":{"rendered":"<div data-elementor-type=\"wp-page\" data-elementor-id=\"6841\" class=\"elementor elementor-6841\" data-elementor-post-type=\"page\">\n\t\t\t\t<div class=\"elementor-element elementor-element-a99b7ca e-flex e-con-boxed e-con e-parent\" data-id=\"a99b7ca\" data-element_type=\"container\" data-e-type=\"container\" data-settings=\"{&quot;background_background&quot;:&quot;classic&quot;}\">\n\t\t\t\t\t<div class=\"e-con-inner\">\n\t\t\t\t<div class=\"elementor-element elementor-element-4266475 elementor-widget elementor-widget-heading\" data-id=\"4266475\" data-element_type=\"widget\" data-e-type=\"widget\" data-widget_type=\"heading.default\">\n\t\t\t\t\t<h1 class=\"elementor-heading-title elementor-size-default\">Footer One<\/h1>\t\t\t\t<\/div>\n\t\t\t\t\t<\/div>\n\t\t\t\t<\/div>\n\t\t\t\t<section class=\"elementor-section elementor-top-section elementor-element elementor-element-7144dec elementor-section-full_width elementor-section-height-default elementor-section-height-default\" data-id=\"7144dec\" data-element_type=\"section\" data-e-type=\"section\">\n\t\t\t\t\t\t<div class=\"elementor-container elementor-column-gap-no\">\n\t\t\t\t\t<div class=\"elementor-column elementor-col-100 elementor-top-column elementor-element elementor-element-2ac3368\" data-id=\"2ac3368\" data-element_type=\"column\" data-e-type=\"column\">\n\t\t\t<div class=\"elementor-widget-wrap elementor-element-populated\">\n\t\t\t\t\t\t<section class=\"elementor-section elementor-inner-section elementor-element elementor-element-6cf5ae6 elementor-section-content-middle elementor-section-boxed elementor-section-height-default elementor-section-height-default\" data-id=\"6cf5ae6\" data-element_type=\"section\" data-e-type=\"section\">\n\t\t\t\t\t\t<div class=\"elementor-container elementor-column-gap-no\">\n\t\t\t\t\t<div class=\"elementor-column elementor-col-100 elementor-inner-column elementor-element elementor-element-309d6ce\" data-id=\"309d6ce\" data-element_type=\"column\" data-e-type=\"column\">\n\t\t\t<div class=\"elementor-widget-wrap elementor-element-populated\">\n\t\t\t\t\t\t<div class=\"elementor-element elementor-element-83a00e2 elementor-widget elementor-widget-text-editor\" data-id=\"83a00e2\" data-element_type=\"widget\" data-e-type=\"widget\" data-widget_type=\"text-editor.default\">\n\t\t\t\t\t\t\t\t\t<p class=\"translation-block\">Irish (Gaelige) is a language which belongs to the Celtic language group of the Indo-European language family. It is the official language of Ireland, Northern Ireland, which is a part of the United Kingdom, and the European Union. It has the oldest literature in terms of colloquial language in Western Europe. There are a great number of acknowledged Irish authors in modern English literature.<\/p><p>James Joyce, Samuel Beckett, W.B. Yeats, Bernard Shaw, Oscar Wilde, Jonathan Swift, Seamus Heaney and other famous Irish authors became the iconic names of English literature. Ireland stated that 36% of the people in the country can speak the Irish Language. Mainly spoken in the west coast of the country as a colloquial language, Irish is spoken as a second language in many regions of Ireland. Only 1.8% of the general public can speak Irish as a colloquial language. Irish is a native language in Galway, Kerry, Cork and Donegal, a small part of Waterford, and Mayo and Meath. Irish is defined as \u201cthe language whose future is brighter than its past\u201d, thanks to the native language education started recently, and its recognition as an official language.\u00a0<\/p><p>Mirora is Here to Provide You With Irish Translation Services<\/p><p class=\"translation-block\">You can trust Mirora with your Irish (Gaelic) translation requests. Opening a branch in Dublin in 2006, Mirora has cooperated with many translation companies, and freelance translators registered to translation association in Ireland. Since 2006, Mirora offers high-quality, fast and reliable translation services in Irish from and to all languages of the world with competitive prices, again by using English as a pivot language.<\/p>\t\t\t\t\t\t\t\t<\/div>\n\t\t\t\t\t<\/div>\n\t\t<\/div>\n\t\t\t\t\t<\/div>\n\t\t<\/section>\n\t\t\t\t\t<\/div>\n\t\t<\/div>\n\t\t\t\t\t<\/div>\n\t\t<\/section>\n\t\t\t\t<section class=\"elementor-section elementor-top-section elementor-element elementor-element-91d946b elementor-section-full_width elementor-section-height-default elementor-section-height-default\" data-id=\"91d946b\" data-element_type=\"section\" data-e-type=\"section\">\n\t\t\t\t\t\t<div class=\"elementor-container elementor-column-gap-no\">\n\t\t\t\t\t<div class=\"elementor-column elementor-col-100 elementor-top-column elementor-element elementor-element-207c427\" data-id=\"207c427\" data-element_type=\"column\" data-e-type=\"column\">\n\t\t\t<div class=\"elementor-widget-wrap elementor-element-populated\">\n\t\t\t\t\t\t<div class=\"elementor-element elementor-element-b860bc1 elementor-widget elementor-widget-eduracta\" data-id=\"b860bc1\" data-element_type=\"widget\" data-e-type=\"widget\" data-widget_type=\"eduracta.default\">\n\t\t\t\t<div class=\"elementor-widget-container\">\n\t\t\t\t\t<div class=\"cta-area-1\" data-bg-src=\"https:\/\/themeholy.com\/wordpress\/edura\/wp-content\/uploads\/2023\/07\/cta-bg1.png\"><div class=\"container\"><div class=\"row align-items-center justify-content-between\"><div class=\"col-lg-8\"><div class=\"cta-wrap title-area mb-0\"><div class=\"cta-icon\"><img decoding=\"async\" src=\"https:\/\/themeholy.com\/wordpress\/edura\/wp-content\/uploads\/2023\/07\/cta-icon1.png\" alt=\"icon\"><\/div><div class=\"cta-content\"><h2 class=\"cta-title th-title sec-title\">Get Offer Now<\/h2><p class=\"cta-text th-desc\">Adding value to your brand is just a click away with Mirora.<\/p><\/div><a href=\"https:\/\/mirora.com\/en\/get-offer\/\" class=\"th-btn th_btn style8\">Get a Free Quote<i class=\"fa-regular fa-arrow-right ms-1\"><\/i><\/a><\/div><\/div><\/div><\/div><div class=\"cta-img-1\" data-overlay=\"title\" data-opacity=\"8\"><img decoding=\"async\" src=\"https:\/\/themeholy.com\/wordpress\/edura\/wp-content\/uploads\/2023\/07\/cta_1_1.png\" alt=\"Image\"><\/div><\/div>\t\t\t\t<\/div>\n\t\t\t\t<\/div>\n\t\t\t\t\t<\/div>\n\t\t<\/div>\n\t\t\t\t\t<\/div>\n\t\t<\/section>\n\t\t\t\t<\/div>","protected":false},"excerpt":{"rendered":"<p>Irish (Gaelige) is a language of the Celtic branch of the Indo-European language family. It is the native language of Ireland, Northern Ireland in the United Kingdom and the...<\/p>","protected":false},"author":1,"featured_media":0,"parent":0,"menu_order":0,"comment_status":"closed","ping_status":"closed","template":"template-builder.php","meta":{"_monsterinsights_skip_tracking":false,"_monsterinsights_sitenote_active":false,"_monsterinsights_sitenote_note":"","_monsterinsights_sitenote_category":0,"footnotes":""},"class_list":["post-6841","page","type-page","status-publish","hentry"],"yoast_head":"<!-- This site is optimized with the Yoast SEO plugin v27.4 - https:\/\/yoast.com\/product\/yoast-seo-wordpress\/ -->\n<title>\u0130rlandaca \u00c7eviri - Mirora Translation<\/title>\n<meta name=\"description\" content=\"\u0130rlandaca, Hint-Avrupa dil ailesinin Kelt dilleri koluna ait bir dil. \u0130rlanda&#039;n\u0131n, Birle\u015fik Krall\u0131k&#039;a ba\u011fl\u0131 Kuzey \u0130rlanda&#039;n\u0131n ve Avrupa Birli\u011fi&#039;nin resm\u00ee dilidir.\" \/>\n<meta name=\"robots\" content=\"index, follow, max-snippet:-1, max-image-preview:large, max-video-preview:-1\" \/>\n<link rel=\"canonical\" href=\"https:\/\/mirora.com\/en\/irish-translation\/\" \/>\n<meta property=\"og:locale\" content=\"en_US\" \/>\n<meta property=\"og:type\" content=\"article\" \/>\n<meta property=\"og:title\" content=\"\u0130rlandaca \u00c7eviri - Mirora Translation\" \/>\n<meta property=\"og:description\" content=\"\u0130rlandaca, Hint-Avrupa dil ailesinin Kelt dilleri koluna ait bir dil. \u0130rlanda&#039;n\u0131n, Birle\u015fik Krall\u0131k&#039;a ba\u011fl\u0131 Kuzey \u0130rlanda&#039;n\u0131n ve Avrupa Birli\u011fi&#039;nin resm\u00ee dilidir.\" \/>\n<meta property=\"og:url\" content=\"https:\/\/mirora.com\/en\/irish-translation\/\" \/>\n<meta property=\"og:site_name\" content=\"Mirora Translation\" \/>\n<meta property=\"article:modified_time\" content=\"2025-05-14T00:59:33+00:00\" \/>\n<meta property=\"og:image\" content=\"https:\/\/themeholy.com\/wordpress\/edura\/wp-content\/uploads\/2023\/07\/cta-icon1.png\" \/>\n<meta name=\"twitter:card\" content=\"summary_large_image\" \/>\n<meta name=\"twitter:label1\" content=\"Est. reading time\" \/>\n\t<meta name=\"twitter:data1\" content=\"1 minute\" \/>\n<script type=\"application\/ld+json\" class=\"yoast-schema-graph\">{\"@context\":\"https:\\\/\\\/schema.org\",\"@graph\":[{\"@type\":\"WebPage\",\"@id\":\"https:\\\/\\\/mirora.com\\\/irlandaca-ceviri\\\/\",\"url\":\"https:\\\/\\\/mirora.com\\\/irlandaca-ceviri\\\/\",\"name\":\"\u0130rlandaca \u00c7eviri - Mirora Translation\",\"isPartOf\":{\"@id\":\"https:\\\/\\\/mirora.com\\\/#website\"},\"primaryImageOfPage\":{\"@id\":\"https:\\\/\\\/mirora.com\\\/irlandaca-ceviri\\\/#primaryimage\"},\"image\":{\"@id\":\"https:\\\/\\\/mirora.com\\\/irlandaca-ceviri\\\/#primaryimage\"},\"thumbnailUrl\":\"https:\\\/\\\/themeholy.com\\\/wordpress\\\/edura\\\/wp-content\\\/uploads\\\/2023\\\/07\\\/cta-icon1.png\",\"datePublished\":\"2024-05-30T23:50:48+00:00\",\"dateModified\":\"2025-05-14T00:59:33+00:00\",\"description\":\"\u0130rlandaca, Hint-Avrupa dil ailesinin Kelt dilleri koluna ait bir dil. \u0130rlanda'n\u0131n, Birle\u015fik Krall\u0131k'a ba\u011fl\u0131 Kuzey \u0130rlanda'n\u0131n ve Avrupa Birli\u011fi'nin resm\u00ee dilidir.\",\"inLanguage\":\"en-US\",\"potentialAction\":[{\"@type\":\"ReadAction\",\"target\":[\"https:\\\/\\\/mirora.com\\\/irlandaca-ceviri\\\/\"]}]},{\"@type\":\"ImageObject\",\"inLanguage\":\"en-US\",\"@id\":\"https:\\\/\\\/mirora.com\\\/irlandaca-ceviri\\\/#primaryimage\",\"url\":\"https:\\\/\\\/themeholy.com\\\/wordpress\\\/edura\\\/wp-content\\\/uploads\\\/2023\\\/07\\\/cta-icon1.png\",\"contentUrl\":\"https:\\\/\\\/themeholy.com\\\/wordpress\\\/edura\\\/wp-content\\\/uploads\\\/2023\\\/07\\\/cta-icon1.png\"},{\"@type\":\"WebSite\",\"@id\":\"https:\\\/\\\/mirora.com\\\/#website\",\"url\":\"https:\\\/\\\/mirora.com\\\/\",\"name\":\"Mirora Translation\",\"description\":\"We Reflect Your Originals\",\"publisher\":{\"@id\":\"https:\\\/\\\/mirora.com\\\/#organization\"},\"potentialAction\":[{\"@type\":\"SearchAction\",\"target\":{\"@type\":\"EntryPoint\",\"urlTemplate\":\"https:\\\/\\\/mirora.com\\\/?s={search_term_string}\"},\"query-input\":{\"@type\":\"PropertyValueSpecification\",\"valueRequired\":true,\"valueName\":\"search_term_string\"}}],\"inLanguage\":\"en-US\"},{\"@type\":\"Organization\",\"@id\":\"https:\\\/\\\/mirora.com\\\/#organization\",\"name\":\"Mirora\",\"url\":\"https:\\\/\\\/mirora.com\\\/\",\"logo\":{\"@type\":\"ImageObject\",\"inLanguage\":\"en-US\",\"@id\":\"https:\\\/\\\/mirora.com\\\/#\\\/schema\\\/logo\\\/image\\\/\",\"url\":\"https:\\\/\\\/mirora.com\\\/wp-content\\\/uploads\\\/2023\\\/07\\\/MiroraLogo2.webp\",\"contentUrl\":\"https:\\\/\\\/mirora.com\\\/wp-content\\\/uploads\\\/2023\\\/07\\\/MiroraLogo2.webp\",\"width\":326,\"height\":108,\"caption\":\"Mirora\"},\"image\":{\"@id\":\"https:\\\/\\\/mirora.com\\\/#\\\/schema\\\/logo\\\/image\\\/\"}}]}<\/script>\n<!-- \/ Yoast SEO plugin. -->","yoast_head_json":{"title":"Irish - Mirora Translation","description":"Irish is a language of the Celtic branch of the Indo-European language family. It is the official language of Ireland, Northern Ireland in the United Kingdom and the European Union.","robots":{"index":"index","follow":"follow","max-snippet":"max-snippet:-1","max-image-preview":"max-image-preview:large","max-video-preview":"max-video-preview:-1"},"canonical":"https:\/\/mirora.com\/en\/irish-translation\/","og_locale":"en_US","og_type":"article","og_title":"\u0130rlandaca \u00c7eviri - Mirora Translation","og_description":"\u0130rlandaca, Hint-Avrupa dil ailesinin Kelt dilleri koluna ait bir dil. \u0130rlanda'n\u0131n, Birle\u015fik Krall\u0131k'a ba\u011fl\u0131 Kuzey \u0130rlanda'n\u0131n ve Avrupa Birli\u011fi'nin resm\u00ee dilidir.","og_url":"https:\/\/mirora.com\/en\/irish-translation\/","og_site_name":"Mirora Translation","article_modified_time":"2025-05-14T00:59:33+00:00","og_image":[{"url":"https:\/\/themeholy.com\/wordpress\/edura\/wp-content\/uploads\/2023\/07\/cta-icon1.png","type":"","width":"","height":""}],"twitter_card":"summary_large_image","twitter_misc":{"Est. reading time":"1 minute"},"schema":{"@context":"https:\/\/schema.org","@graph":[{"@type":"WebPage","@id":"https:\/\/mirora.com\/irlandaca-ceviri\/","url":"https:\/\/mirora.com\/irlandaca-ceviri\/","name":"Irish - Mirora Translation","isPartOf":{"@id":"https:\/\/mirora.com\/#website"},"primaryImageOfPage":{"@id":"https:\/\/mirora.com\/irlandaca-ceviri\/#primaryimage"},"image":{"@id":"https:\/\/mirora.com\/irlandaca-ceviri\/#primaryimage"},"thumbnailUrl":"https:\/\/themeholy.com\/wordpress\/edura\/wp-content\/uploads\/2023\/07\/cta-icon1.png","datePublished":"2024-05-30T23:50:48+00:00","dateModified":"2025-05-14T00:59:33+00:00","description":"Irish is a language of the Celtic branch of the Indo-European language family. It is the official language of Ireland, Northern Ireland in the United Kingdom and the European Union.","inLanguage":"en-US","potentialAction":[{"@type":"ReadAction","target":["https:\/\/mirora.com\/irlandaca-ceviri\/"]}]},{"@type":"ImageObject","inLanguage":"en-US","@id":"https:\/\/mirora.com\/irlandaca-ceviri\/#primaryimage","url":"https:\/\/themeholy.com\/wordpress\/edura\/wp-content\/uploads\/2023\/07\/cta-icon1.png","contentUrl":"https:\/\/themeholy.com\/wordpress\/edura\/wp-content\/uploads\/2023\/07\/cta-icon1.png"},{"@type":"WebSite","@id":"https:\/\/mirora.com\/#website","url":"https:\/\/mirora.com\/","name":"Mirora Translation","description":"We Reflect Your Originals","publisher":{"@id":"https:\/\/mirora.com\/#organization"},"potentialAction":[{"@type":"SearchAction","target":{"@type":"EntryPoint","urlTemplate":"https:\/\/mirora.com\/?s={search_term_string}"},"query-input":{"@type":"PropertyValueSpecification","valueRequired":true,"valueName":"search_term_string"}}],"inLanguage":"en-US"},{"@type":"Organization","@id":"https:\/\/mirora.com\/#organization","name":"Mirora","url":"https:\/\/mirora.com\/","logo":{"@type":"ImageObject","inLanguage":"en-US","@id":"https:\/\/mirora.com\/#\/schema\/logo\/image\/","url":"https:\/\/mirora.com\/wp-content\/uploads\/2023\/07\/MiroraLogo2.webp","contentUrl":"https:\/\/mirora.com\/wp-content\/uploads\/2023\/07\/MiroraLogo2.webp","width":326,"height":108,"caption":"Mirora"},"image":{"@id":"https:\/\/mirora.com\/#\/schema\/logo\/image\/"}}]}},"_links":{"self":[{"href":"https:\/\/mirora.com\/en\/wp-json\/wp\/v2\/pages\/6841","targetHints":{"allow":["GET"]}}],"collection":[{"href":"https:\/\/mirora.com\/en\/wp-json\/wp\/v2\/pages"}],"about":[{"href":"https:\/\/mirora.com\/en\/wp-json\/wp\/v2\/types\/page"}],"author":[{"embeddable":true,"href":"https:\/\/mirora.com\/en\/wp-json\/wp\/v2\/users\/1"}],"replies":[{"embeddable":true,"href":"https:\/\/mirora.com\/en\/wp-json\/wp\/v2\/comments?post=6841"}],"version-history":[{"count":13,"href":"https:\/\/mirora.com\/en\/wp-json\/wp\/v2\/pages\/6841\/revisions"}],"predecessor-version":[{"id":22232,"href":"https:\/\/mirora.com\/en\/wp-json\/wp\/v2\/pages\/6841\/revisions\/22232"}],"wp:attachment":[{"href":"https:\/\/mirora.com\/en\/wp-json\/wp\/v2\/media?parent=6841"}],"curies":[{"name":"wp","href":"https:\/\/api.w.org\/{rel}","templated":true}]}}