

{"id":6842,"date":"2024-05-31T02:52:02","date_gmt":"2024-05-30T23:52:02","guid":{"rendered":"https:\/\/mirora.com\/?page_id=6842"},"modified":"2025-05-14T04:00:00","modified_gmt":"2025-05-14T01:00:00","slug":"ispanyolca-ceviri","status":"publish","type":"page","link":"https:\/\/mirora.com\/en\/spanish-translation\/","title":{"rendered":"Spanish"},"content":{"rendered":"\t\t<div data-elementor-type=\"wp-page\" data-elementor-id=\"6842\" class=\"elementor elementor-6842\" data-elementor-post-type=\"page\">\n\t\t\t\t<div class=\"elementor-element elementor-element-a55ce07 e-flex e-con-boxed e-con e-parent\" data-id=\"a55ce07\" data-element_type=\"container\" data-e-type=\"container\" data-settings=\"{&quot;background_background&quot;:&quot;classic&quot;}\">\n\t\t\t\t\t<div class=\"e-con-inner\">\n\t\t\t\t<div class=\"elementor-element elementor-element-780d5f8 elementor-widget elementor-widget-heading\" data-id=\"780d5f8\" data-element_type=\"widget\" data-e-type=\"widget\" data-widget_type=\"heading.default\">\n\t\t\t\t\t<h1 class=\"elementor-heading-title elementor-size-default\">Footer One<\/h1>\t\t\t\t<\/div>\n\t\t\t\t\t<\/div>\n\t\t\t\t<\/div>\n\t\t\t\t<section class=\"elementor-section elementor-top-section elementor-element elementor-element-7144dec elementor-section-full_width elementor-section-height-default elementor-section-height-default\" data-id=\"7144dec\" data-element_type=\"section\" data-e-type=\"section\">\n\t\t\t\t\t\t<div class=\"elementor-container elementor-column-gap-no\">\n\t\t\t\t\t<div class=\"elementor-column elementor-col-100 elementor-top-column elementor-element elementor-element-2ac3368\" data-id=\"2ac3368\" data-element_type=\"column\" data-e-type=\"column\">\n\t\t\t<div class=\"elementor-widget-wrap elementor-element-populated\">\n\t\t\t\t\t\t<section class=\"elementor-section elementor-inner-section elementor-element elementor-element-6cf5ae6 elementor-section-content-middle elementor-section-boxed elementor-section-height-default elementor-section-height-default\" data-id=\"6cf5ae6\" data-element_type=\"section\" data-e-type=\"section\">\n\t\t\t\t\t\t<div class=\"elementor-container elementor-column-gap-no\">\n\t\t\t\t\t<div class=\"elementor-column elementor-col-100 elementor-inner-column elementor-element elementor-element-309d6ce\" data-id=\"309d6ce\" data-element_type=\"column\" data-e-type=\"column\">\n\t\t\t<div class=\"elementor-widget-wrap elementor-element-populated\">\n\t\t\t\t\t\t<div class=\"elementor-element elementor-element-83a00e2 elementor-widget elementor-widget-text-editor\" data-id=\"83a00e2\" data-element_type=\"widget\" data-e-type=\"widget\" data-widget_type=\"text-editor.default\">\n\t\t\t\t\t\t\t\t\t<p>\u0130spanyolca\u00a0ya da Kastilya dili, Romen dillerinden biridir. K\u00f6keni \u0130spanya\u2019n\u0131n Kastilya b\u00f6lgesine dayan\u0131r. Hint-Avrupa dil ailesinin Romen dilleri koluna mensup oldu\u011fu i\u00e7in bu kategorideki di\u011fer diller olan Frans\u0131zca ve \u0130talyanca ile benzerlikler ta\u015f\u0131r ama en \u00e7ok benzerlik Portekizce iledir. 480 milyona yak\u0131n ki\u015finin anadili olarak konu\u015ftu\u011fu \u0130spanyolca, d\u00fcnyada en \u00e7ok konu\u015fulan ikinci dil olup, ayn\u0131 zamanda d\u00fcnyada en \u00e7ok \u00fclkede resm\u00ee dil olarak kabul edilen dildir.<\/p><p>Resm\u00ee dil olarak \u0130spanyolcay\u0131 kullanan \u00fclkeler: \u0130spanya, K\u00fcba, Arjantin, Bolivya, Kolombiya, Kosta Rika, \u015eili, Ekvator, Ekvator Ginesi, Guatemala, Honduras, Meksika, Nikaragua, Panama, Paraguay, Peru, Porto Riko, Dominik Cumhuriyeti, El Salvador, Uruguay, Bat\u0131 Sahra ve Venezuela\u2019d\u0131r.<\/p><p>Amerika Birle\u015fik Devletleri\u2019nde anadili \u0130spanyolca olan 41 milyon ki\u015fi ya\u015famaktad\u0131r. \u00dclkenin anayasas\u0131 resm\u00ee dil tan\u0131mlamamas\u0131na ra\u011fmen, \u0130ngilizceden sonra en \u00e7ok konu\u015fulan ikinci dil \u0130spanyolcad\u0131r. \u00d6zellikle g\u00fcneyde ya\u015fayanlar\u0131n neredeyse hepsi \u0130spanyolca konu\u015fur.<\/p><p>Birle\u015fmi\u015f Milletler, Avrupa Birli\u011fi, Amerikan Devletleri \u00d6rg\u00fct\u00fc, \u0130bero-Amerikan Devletleri \u00d6rg\u00fct\u00fc, Afrika Birli\u011fi, UNASUR, Antarktika Anla\u015fmas\u0131 Sekreterli\u011fi, Latin Birli\u011fi, Karayip Ortak Pazar\u0131 ve NAFTA gibi uluslararas\u0131 ve b\u00f6lgeleraras\u0131 organizasyonlarda resm\u00ee dil olarak kullan\u0131lmaktad\u0131r.<\/p><p>\u0130spanyolca Avrupa\u2019da sadece \u0130spanya\u2019n\u0131n resm\u00ee dildir. Bu dil Cebelitar\u0131k\u2019ta resm\u00ee dil olmamas\u0131na ra\u011fmen yo\u011fun \u015fekilde kullan\u0131l\u0131r. Ayn\u0131 \u015fekilde Andorra\u2019da da Katalanca resm\u00ee dil olmas\u0131na ra\u011fmen, halk\u0131n b\u00fcy\u00fck b\u00f6l\u00fcm\u00fcn\u00fcn konu\u015ftu\u011fu bir dildir.<\/p><p>Di\u011fer dillerde olmayan ve sadece \u0130spanyolcada bulunan bir \u00f6zellik; ters soru i\u015fareti \u201c\u00bf\u201d ve ters \u00fcnlem i\u015fareti \u201c\u00a1\u201d dir. \u0130spanyolcada evet\/hay\u0131r ile yan\u0131t verilebilecek soru c\u00fcmleleri ve soru olmayan c\u00fcmlelerin yap\u0131s\u0131 ayn\u0131 oldu\u011fu i\u00e7in, bu i\u015faretler bir metni okurken vurgulamay\u0131 kolayla\u015ft\u0131rmak i\u00e7in kullan\u0131lmaktad\u0131r.<\/p><p>\u0130spanyol alfabesi \u201ca\u201d dan \u201cz\u201d ye kadar 29 harften olu\u015fur. Vurgu ve umlaut i\u015fareti bulunan \u00fcnl\u00fc harfler alfabede yer almaz.<\/p><p>A B C CH D E F G H I J K L LL M N \u00d1 O P Q R S T U V W X Y Z a b c ch d e f g h i j k l ll m n \u00f1 o p q r s t u v w x y z<\/p><p>K ile W harfleri sadece \u0130spanyolcaya ge\u00e7en yabanc\u0131 kelimelerde kullan\u0131l\u0131r.<br \/>C harfi a, o, u harflerinin \u00f6n\u00fcnde bulundu\u011funda k [k\u02b0] olarak okunurken, e ve i den \u00f6nce \u0130ngilizcedeki th [\u03b8] \u015feklinde okunur.<br \/>CH harfi T\u00fcrk\u00e7edeki \u00e7 [\u02a7] gibi okunur.<br \/>H harfi okunmaz, sadece anlam ayr\u0131m\u0131 i\u00e7in kullan\u0131l\u0131r.<br \/>J harfi Latin Amerika ve g\u00fcney ispanyada h olarak okunurken, kuzey \u0130spanya\u2019da Almanca\u2019daki \u201cch\u201d [x] gibi okunur.<br \/>LL harfi T\u00fcrk\u00e7edeki y gibi okunur.<br \/>\u00d1 harfi ny [\u014b] \u015feklinde okunur.<br \/>V harfi, kelime ba\u015f\u0131nda ve \u2018m\u2019 harfinden sonra b olarak okunur.<br \/>Di\u011fer t\u00fcrl\u00fc T\u00fcrk\u00e7edeki v harfi ve b harfi aras\u0131nda bir ses olarak okunur.<\/p><p>\u0130spanyolca \u00c7eviri \u0130\u015flerinizde Mirora Yan\u0131n\u0131zda<\/p><p>Mirora olarak ABD ve \u0130spanya ba\u015fta olmak \u00fczere d\u00fcnyan\u0131n hemen her \u00fclkesinde profesyonel ve kurumsal \u00e7eviri kurumlar\u0131yla kurdu\u011fumuz ili\u015fkiler sayesinde d\u00fcnyan\u0131n b\u00fct\u00fcn dillerinden \u0130spanyolcan\u0131n t\u00fcm diyalektlerine ve \u0130spanyolcadan d\u00fcnyan\u0131n t\u00fcm dillerine anadili hedef dil olan \u00e7eviri ekiplerince, kaliteli, h\u0131zl\u0131 g\u00fcvenilir ve rekabet\u00e7i fiyatlarla \u00e7eviri hizmeti veriyoruz.<\/p>\t\t\t\t\t\t\t\t<\/div>\n\t\t\t\t\t<\/div>\n\t\t<\/div>\n\t\t\t\t\t<\/div>\n\t\t<\/section>\n\t\t\t\t\t<\/div>\n\t\t<\/div>\n\t\t\t\t\t<\/div>\n\t\t<\/section>\n\t\t<div class=\"elementor-element elementor-element-87289f1 e-flex e-con-boxed e-con e-parent\" data-id=\"87289f1\" data-element_type=\"container\" data-e-type=\"container\">\n\t\t\t\t\t<div class=\"e-con-inner\">\n\t\t\t\t<div class=\"elementor-element elementor-element-75d9d11 elementor-widget elementor-widget-heading\" data-id=\"75d9d11\" data-element_type=\"widget\" data-e-type=\"widget\" data-widget_type=\"heading.default\">\n\t\t\t\t\t<h2 class=\"elementor-heading-title elementor-size-default\">Bu Yaz\u0131lar\u0131m\u0131z \u0130lginizi \u00c7ekebilir ! Hizmetimiz ile ilgili daha fazla bilgi edinin.<\/h2>\t\t\t\t<\/div>\n\t\t\t\t<div class=\"elementor-element elementor-element-eadfb03 elementor-widget-divider--view-line elementor-widget elementor-widget-divider\" data-id=\"eadfb03\" data-element_type=\"widget\" data-e-type=\"widget\" data-widget_type=\"divider.default\">\n\t\t\t\t\t\t\t<div class=\"elementor-divider\">\n\t\t\t<span class=\"elementor-divider-separator\">\n\t\t\t\t\t\t<\/span>\n\t\t<\/div>\n\t\t\t\t\t\t<\/div>\n\t\t\t\t\t<\/div>\n\t\t\t\t<\/div>\n\t\t<div class=\"elementor-element elementor-element-e29ce47 e-flex e-con-boxed e-con e-parent\" data-id=\"e29ce47\" data-element_type=\"container\" data-e-type=\"container\">\n\t\t\t\t\t<div class=\"e-con-inner\">\n\t\t<div class=\"elementor-element elementor-element-ae3cfcf e-con-full e-flex e-con e-child\" data-id=\"ae3cfcf\" data-element_type=\"container\" data-e-type=\"container\">\n\t\t\t\t<div class=\"elementor-element elementor-element-dc20952 premium-blog-align-left elementor-widget elementor-widget-premium-addon-blog\" data-id=\"dc20952\" data-element_type=\"widget\" data-e-type=\"widget\" data-settings=\"{&quot;premium_blog_columns_number&quot;:&quot;100%&quot;,&quot;premium_blog_grid&quot;:&quot;yes&quot;,&quot;premium_blog_layout&quot;:&quot;even&quot;,&quot;premium_blog_columns_number_tablet&quot;:&quot;50%&quot;,&quot;premium_blog_columns_number_mobile&quot;:&quot;100%&quot;}\" data-widget_type=\"premium-addon-blog.default\">\n\t\t\t\t\t\n\t\t\n\n\t\t\t\t<div class=\"premium-blog-wrap  premium-blog-even\" data-page=\"6842\">\n\t\t\t\t\t\t\t\t\t<div class=\"premium-blog-post-outer-container\" data-total=\"1\">\n\t\t\t<div class=\"premium-blog-post-container premium-blog-skin-banner\">\n\t\t\t\t\t\t\t\t\t<div class=\"premium-blog-thumb-effect-wrapper\">\n\t\t\t\t\t\t<div class=\"premium-blog-thumbnail-container premium-blog-zoomin-effect\">\n\t\t\t\t\t\t\t<img fetchpriority=\"high\" decoding=\"async\" width=\"850\" height=\"500\" src=\"https:\/\/mirora.com\/wp-content\/uploads\/2022\/12\/blog_Ispanyolca-Ceviri-1-min.jpg\" class=\"attachment-full size-full wp-image-17166\" alt=\"\" srcset=\"https:\/\/mirora.com\/wp-content\/uploads\/2022\/12\/blog_Ispanyolca-Ceviri-1-min.jpg 850w, https:\/\/mirora.com\/wp-content\/uploads\/2022\/12\/blog_Ispanyolca-Ceviri-1-min-300x176.jpg 300w, https:\/\/mirora.com\/wp-content\/uploads\/2022\/12\/blog_Ispanyolca-Ceviri-1-min-768x452.jpg 768w, https:\/\/mirora.com\/wp-content\/uploads\/2022\/12\/blog_Ispanyolca-Ceviri-1-min-18x12.jpg 18w\" sizes=\"(max-width: 850px) 100vw, 850px\" \/>\t\t\t\t\t\t<\/div>\n\t\t\t\t\t\t\t\t\t\t\t\t\t<div class=\"premium-blog-thumbnail-overlay\">\n\t\t\t\t\t\t\t\t<a class=\"elementor-icon\" href=\"https:\/\/mirora.com\/en\/spanish-translation-what-is\/\" target=\"_blank\"><\/a>\n\t\t\t\t\t\t\t<\/div>\n\n\t\t\t\t\t\t\t\t\t\t\t\t\t\t\t\t\t\t<\/div>\n\t\t\t\t\t\t\t\t\t\t\t\t<div class=\"premium-blog-content-wrapper \">\n\n\t\t\t\t\t<div class=\"premium-blog-inner-container\">\n\n\t\t\t\t\t\t\t\t\t\t\t\t\t\t<h2 class=\"premium-blog-entry-title\">\n\t\t\t<a href=\"https:\/\/mirora.com\/en\/spanish-translation-what-is\/\" target=\"_blank\">\n\t\t\t\t\u0130spanyolca \u00c7eviri Nedir?\t\t\t<\/a>\n\t\t<\/h2>\n\t\t\t\t<div class=\"premium-blog-entry-meta\">\n\t\t\t\n\t\t\t\n\t\t\t\n\t\t\t\t\t<\/div>\n\t\t\n\t\t\t\t\t<\/div>\n\n\t\t\t\t\t\t\t<div class=\"premium-blog-content-inner-wrapper\">\n\t\t<p class=\"premium-blog-post-content\">470 milyondan fazlas\u0131 ana dil olmak \u00fczere 570 milyon \u0130spanyolca konu\u015fan ki\u015fi ile \u0130spanyolca, d\u00fcnyada en \u00e7ok konu\u015fulan diller aras\u0131nda...<\/p>\t\t<\/div>\n\t\t\t\t\t\t\t\n\t\t\t\t<\/div>\n\t\t\t<\/div>\n\t\t<\/div>\n\n\t\t\t\t\t\t\t<\/div>\n\n\t\t\n\t\t\n\t\t\t\t\t\t<\/div>\n\t\t\t\t<\/div>\n\t\t<div class=\"elementor-element elementor-element-c5be916 e-con-full e-flex e-con e-child\" data-id=\"c5be916\" data-element_type=\"container\" data-e-type=\"container\">\n\t\t\t\t<div class=\"elementor-element elementor-element-7ecd5cc premium-blog-align-left elementor-widget elementor-widget-premium-addon-blog\" data-id=\"7ecd5cc\" data-element_type=\"widget\" data-e-type=\"widget\" data-settings=\"{&quot;premium_blog_columns_number&quot;:&quot;100%&quot;,&quot;premium_blog_grid&quot;:&quot;yes&quot;,&quot;premium_blog_layout&quot;:&quot;even&quot;,&quot;premium_blog_columns_number_tablet&quot;:&quot;50%&quot;,&quot;premium_blog_columns_number_mobile&quot;:&quot;100%&quot;}\" data-widget_type=\"premium-addon-blog.default\">\n\t\t\t\t\t\n\t\t\n\n\t\t\t\t<div class=\"premium-blog-wrap  premium-blog-even\" data-page=\"6842\">\n\t\t\t\t\t\t\t\t\t<div class=\"premium-blog-post-outer-container\" data-total=\"1\">\n\t\t\t<div class=\"premium-blog-post-container premium-blog-skin-banner\">\n\t\t\t\t\t\t\t\t\t<div class=\"premium-blog-thumb-effect-wrapper\">\n\t\t\t\t\t\t<div class=\"premium-blog-thumbnail-container premium-blog-zoomin-effect\">\n\t\t\t\t\t\t\t<img decoding=\"async\" width=\"850\" height=\"500\" src=\"https:\/\/mirora.com\/wp-content\/uploads\/2023\/09\/The-Crucial-Role-of-Spanish-Translation-Services-in-Effective-Communication-1-min.jpg\" class=\"attachment-full size-full wp-image-17110\" alt=\"\" srcset=\"https:\/\/mirora.com\/wp-content\/uploads\/2023\/09\/The-Crucial-Role-of-Spanish-Translation-Services-in-Effective-Communication-1-min.jpg 850w, https:\/\/mirora.com\/wp-content\/uploads\/2023\/09\/The-Crucial-Role-of-Spanish-Translation-Services-in-Effective-Communication-1-min-300x176.jpg 300w, https:\/\/mirora.com\/wp-content\/uploads\/2023\/09\/The-Crucial-Role-of-Spanish-Translation-Services-in-Effective-Communication-1-min-768x452.jpg 768w, https:\/\/mirora.com\/wp-content\/uploads\/2023\/09\/The-Crucial-Role-of-Spanish-Translation-Services-in-Effective-Communication-1-min-18x12.jpg 18w\" sizes=\"(max-width: 850px) 100vw, 850px\" \/>\t\t\t\t\t\t<\/div>\n\t\t\t\t\t\t\t\t\t\t\t\t\t<div class=\"premium-blog-thumbnail-overlay\">\n\t\t\t\t\t\t\t\t<a class=\"elementor-icon\" href=\"https:\/\/mirora.com\/en\/the-crucial-role-of-spanish-translation-services-in-effective-communication\/\" target=\"_blank\"><\/a>\n\t\t\t\t\t\t\t<\/div>\n\n\t\t\t\t\t\t\t\t\t\t\t\t\t\t\t\t\t\t<\/div>\n\t\t\t\t\t\t\t\t\t\t\t\t<div class=\"premium-blog-content-wrapper \">\n\n\t\t\t\t\t<div class=\"premium-blog-inner-container\">\n\n\t\t\t\t\t\t\t\t\t\t\t\t\t\t<h2 class=\"premium-blog-entry-title\">\n\t\t\t<a href=\"https:\/\/mirora.com\/en\/the-crucial-role-of-spanish-translation-services-in-effective-communication\/\" target=\"_blank\">\n\t\t\t\tEtkili \u0130leti\u015fimde \u0130spanyolca \u00c7eviri Hizmetlerinin \u00d6nemli Rol\u00fc\t\t\t<\/a>\n\t\t<\/h2>\n\t\t\t\t<div class=\"premium-blog-entry-meta\">\n\t\t\t\n\t\t\t\n\t\t\t\n\t\t\t\t\t<\/div>\n\t\t\n\t\t\t\t\t<\/div>\n\n\t\t\t\t\t\t\t<div class=\"premium-blog-content-inner-wrapper\">\n\t\t<p class=\"premium-blog-post-content\">Mesaj\u0131n\u0131z\u0131 farkl\u0131 hedef kitlelere net bir \u015fekilde iletmek, g\u00fcn\u00fcm\u00fcz\u00fcn ileri d\u00fczeyde k\u00fcreselle\u015fmi\u015f d\u00fcnyas\u0131nda son derece \u00f6nemlidir ve bu noktada \u00e7eviri...<\/p>\t\t<\/div>\n\t\t\t\t\t\t\t\n\t\t\t\t<\/div>\n\t\t\t<\/div>\n\t\t<\/div>\n\n\t\t\t\t\t\t\t<\/div>\n\n\t\t\n\t\t\n\t\t\t\t\t\t<\/div>\n\t\t\t\t<\/div>\n\t\t\t\t\t<\/div>\n\t\t\t\t<\/div>\n\t\t\t\t<section class=\"elementor-section elementor-top-section elementor-element elementor-element-91d946b elementor-section-full_width elementor-section-height-default elementor-section-height-default\" data-id=\"91d946b\" data-element_type=\"section\" data-e-type=\"section\">\n\t\t\t\t\t\t<div class=\"elementor-container elementor-column-gap-no\">\n\t\t\t\t\t<div class=\"elementor-column elementor-col-100 elementor-top-column elementor-element elementor-element-207c427\" data-id=\"207c427\" data-element_type=\"column\" data-e-type=\"column\">\n\t\t\t<div class=\"elementor-widget-wrap elementor-element-populated\">\n\t\t\t\t\t\t<div class=\"elementor-element elementor-element-b860bc1 elementor-widget elementor-widget-eduracta\" data-id=\"b860bc1\" data-element_type=\"widget\" data-e-type=\"widget\" data-widget_type=\"eduracta.default\">\n\t\t\t\t<div class=\"elementor-widget-container\">\n\t\t\t\t\t<div class=\"cta-area-1\" data-bg-src=\"https:\/\/themeholy.com\/wordpress\/edura\/wp-content\/uploads\/2023\/07\/cta-bg1.png\"><div class=\"container\"><div class=\"row align-items-center justify-content-between\"><div class=\"col-lg-8\"><div class=\"cta-wrap title-area mb-0\"><div class=\"cta-icon\"><img decoding=\"async\" src=\"https:\/\/themeholy.com\/wordpress\/edura\/wp-content\/uploads\/2023\/07\/cta-icon1.png\" alt=\"icon\"><\/div><div class=\"cta-content\"><h2 class=\"cta-title th-title sec-title\">Hemen Teklif Al<\/h2><p class=\"cta-text th-desc\">Markana de\u011fer katmak Mirora ile bir t\u0131k uza\u011f\u0131nda.<\/p><\/div><a href=\"https:\/\/mirora.com\/teklif-al\/\" class=\"th-btn th_btn style8\">Teklif Al!<i class=\"fa-regular fa-arrow-right ms-1\"><\/i><\/a><\/div><\/div><\/div><\/div><div class=\"cta-img-1\" data-overlay=\"title\" data-opacity=\"8\"><img decoding=\"async\" src=\"https:\/\/themeholy.com\/wordpress\/edura\/wp-content\/uploads\/2023\/07\/cta_1_1.png\" alt=\"Image\"><\/div><\/div>\t\t\t\t<\/div>\n\t\t\t\t<\/div>\n\t\t\t\t\t<\/div>\n\t\t<\/div>\n\t\t\t\t\t<\/div>\n\t\t<\/section>\n\t\t\t\t<\/div>\n\t\t","protected":false},"excerpt":{"rendered":"<p>Spanish or Castilian is one of the Romance languages. It originates from the Castilian region of Spain. It belongs to the Romance languages branch of the Indo-European language family.<\/p>","protected":false},"author":1,"featured_media":0,"parent":0,"menu_order":0,"comment_status":"closed","ping_status":"closed","template":"template-builder.php","meta":{"_monsterinsights_skip_tracking":false,"_monsterinsights_sitenote_active":false,"_monsterinsights_sitenote_note":"","_monsterinsights_sitenote_category":0,"footnotes":""},"class_list":["post-6842","page","type-page","status-publish","hentry","th-blog blog-single"],"yoast_head":"<!-- This site is optimized with the Yoast SEO plugin v27.3 - https:\/\/yoast.com\/product\/yoast-seo-wordpress\/ -->\n<title>\u0130spanyolca \u00c7eviri - Mirora Translation<\/title>\n<meta name=\"description\" content=\"\u0130spanyolca sadece \u0130spanya&#039;da resm\u00ee dildir. Cebelitar\u0131k&#039;ta resm\u00ee dil \u0130ngilizce olmas\u0131na ra\u011fmen \u0130spanyolca yo\u011fun \u015fekilde konu\u015fulur.\" \/>\n<meta name=\"robots\" content=\"index, follow, max-snippet:-1, max-image-preview:large, max-video-preview:-1\" \/>\n<link rel=\"canonical\" href=\"https:\/\/mirora.com\/en\/spanish-translation\/\" \/>\n<meta property=\"og:locale\" content=\"en_US\" \/>\n<meta property=\"og:type\" content=\"article\" \/>\n<meta property=\"og:title\" content=\"\u0130spanyolca \u00c7eviri - Mirora Translation\" \/>\n<meta property=\"og:description\" content=\"\u0130spanyolca sadece \u0130spanya&#039;da resm\u00ee dildir. Cebelitar\u0131k&#039;ta resm\u00ee dil \u0130ngilizce olmas\u0131na ra\u011fmen \u0130spanyolca yo\u011fun \u015fekilde konu\u015fulur.\" \/>\n<meta property=\"og:url\" content=\"https:\/\/mirora.com\/en\/spanish-translation\/\" \/>\n<meta property=\"og:site_name\" content=\"Mirora Translation\" \/>\n<meta property=\"article:modified_time\" content=\"2025-05-14T01:00:00+00:00\" \/>\n<meta property=\"og:image\" content=\"https:\/\/mirora.com\/wp-content\/uploads\/2022\/12\/blog_Ispanyolca-Ceviri-1-min.jpg\" \/>\n<meta name=\"twitter:card\" content=\"summary_large_image\" \/>\n<meta name=\"twitter:label1\" content=\"Est. reading time\" \/>\n\t<meta name=\"twitter:data1\" content=\"1 minute\" \/>\n<script type=\"application\/ld+json\" class=\"yoast-schema-graph\">{\"@context\":\"https:\\\/\\\/schema.org\",\"@graph\":[{\"@type\":\"WebPage\",\"@id\":\"https:\\\/\\\/mirora.com\\\/ispanyolca-ceviri\\\/\",\"url\":\"https:\\\/\\\/mirora.com\\\/ispanyolca-ceviri\\\/\",\"name\":\"\u0130spanyolca \u00c7eviri - Mirora Translation\",\"isPartOf\":{\"@id\":\"https:\\\/\\\/mirora.com\\\/#website\"},\"primaryImageOfPage\":{\"@id\":\"https:\\\/\\\/mirora.com\\\/ispanyolca-ceviri\\\/#primaryimage\"},\"image\":{\"@id\":\"https:\\\/\\\/mirora.com\\\/ispanyolca-ceviri\\\/#primaryimage\"},\"thumbnailUrl\":\"https:\\\/\\\/mirora.com\\\/wp-content\\\/uploads\\\/2022\\\/12\\\/blog_Ispanyolca-Ceviri-1-min.jpg\",\"datePublished\":\"2024-05-30T23:52:02+00:00\",\"dateModified\":\"2025-05-14T01:00:00+00:00\",\"description\":\"\u0130spanyolca sadece \u0130spanya'da resm\u00ee dildir. Cebelitar\u0131k'ta resm\u00ee dil \u0130ngilizce olmas\u0131na ra\u011fmen \u0130spanyolca yo\u011fun \u015fekilde konu\u015fulur.\",\"inLanguage\":\"en-US\",\"potentialAction\":[{\"@type\":\"ReadAction\",\"target\":[\"https:\\\/\\\/mirora.com\\\/ispanyolca-ceviri\\\/\"]}]},{\"@type\":\"ImageObject\",\"inLanguage\":\"en-US\",\"@id\":\"https:\\\/\\\/mirora.com\\\/ispanyolca-ceviri\\\/#primaryimage\",\"url\":\"https:\\\/\\\/mirora.com\\\/wp-content\\\/uploads\\\/2022\\\/12\\\/blog_Ispanyolca-Ceviri-1-min.jpg\",\"contentUrl\":\"https:\\\/\\\/mirora.com\\\/wp-content\\\/uploads\\\/2022\\\/12\\\/blog_Ispanyolca-Ceviri-1-min.jpg\"},{\"@type\":\"WebSite\",\"@id\":\"https:\\\/\\\/mirora.com\\\/#website\",\"url\":\"https:\\\/\\\/mirora.com\\\/\",\"name\":\"Mirora Translation\",\"description\":\"We Reflect Your Originals\",\"publisher\":{\"@id\":\"https:\\\/\\\/mirora.com\\\/#organization\"},\"potentialAction\":[{\"@type\":\"SearchAction\",\"target\":{\"@type\":\"EntryPoint\",\"urlTemplate\":\"https:\\\/\\\/mirora.com\\\/?s={search_term_string}\"},\"query-input\":{\"@type\":\"PropertyValueSpecification\",\"valueRequired\":true,\"valueName\":\"search_term_string\"}}],\"inLanguage\":\"en-US\"},{\"@type\":\"Organization\",\"@id\":\"https:\\\/\\\/mirora.com\\\/#organization\",\"name\":\"Mirora\",\"url\":\"https:\\\/\\\/mirora.com\\\/\",\"logo\":{\"@type\":\"ImageObject\",\"inLanguage\":\"en-US\",\"@id\":\"https:\\\/\\\/mirora.com\\\/#\\\/schema\\\/logo\\\/image\\\/\",\"url\":\"https:\\\/\\\/mirora.com\\\/wp-content\\\/uploads\\\/2023\\\/07\\\/MiroraLogo2.webp\",\"contentUrl\":\"https:\\\/\\\/mirora.com\\\/wp-content\\\/uploads\\\/2023\\\/07\\\/MiroraLogo2.webp\",\"width\":326,\"height\":108,\"caption\":\"Mirora\"},\"image\":{\"@id\":\"https:\\\/\\\/mirora.com\\\/#\\\/schema\\\/logo\\\/image\\\/\"}}]}<\/script>\n<!-- \/ Yoast SEO plugin. -->","yoast_head_json":{"title":"Spanish - Mirora Translation","description":"Spanish is the official language only in Spain. In Gibraltar, although English is the official language, Spanish is widely spoken.","robots":{"index":"index","follow":"follow","max-snippet":"max-snippet:-1","max-image-preview":"max-image-preview:large","max-video-preview":"max-video-preview:-1"},"canonical":"https:\/\/mirora.com\/en\/spanish-translation\/","og_locale":"en_US","og_type":"article","og_title":"\u0130spanyolca \u00c7eviri - Mirora Translation","og_description":"\u0130spanyolca sadece \u0130spanya'da resm\u00ee dildir. Cebelitar\u0131k'ta resm\u00ee dil \u0130ngilizce olmas\u0131na ra\u011fmen \u0130spanyolca yo\u011fun \u015fekilde konu\u015fulur.","og_url":"https:\/\/mirora.com\/en\/spanish-translation\/","og_site_name":"Mirora Translation","article_modified_time":"2025-05-14T01:00:00+00:00","og_image":[{"url":"https:\/\/mirora.com\/wp-content\/uploads\/2022\/12\/blog_Ispanyolca-Ceviri-1-min.jpg","type":"","width":"","height":""}],"twitter_card":"summary_large_image","twitter_misc":{"Est. reading time":"1 minute"},"schema":{"@context":"https:\/\/schema.org","@graph":[{"@type":"WebPage","@id":"https:\/\/mirora.com\/ispanyolca-ceviri\/","url":"https:\/\/mirora.com\/ispanyolca-ceviri\/","name":"Spanish - Mirora Translation","isPartOf":{"@id":"https:\/\/mirora.com\/#website"},"primaryImageOfPage":{"@id":"https:\/\/mirora.com\/ispanyolca-ceviri\/#primaryimage"},"image":{"@id":"https:\/\/mirora.com\/ispanyolca-ceviri\/#primaryimage"},"thumbnailUrl":"https:\/\/mirora.com\/wp-content\/uploads\/2022\/12\/blog_Ispanyolca-Ceviri-1-min.jpg","datePublished":"2024-05-30T23:52:02+00:00","dateModified":"2025-05-14T01:00:00+00:00","description":"Spanish is the official language only in Spain. In Gibraltar, although English is the official language, Spanish is widely spoken.","inLanguage":"en-US","potentialAction":[{"@type":"ReadAction","target":["https:\/\/mirora.com\/ispanyolca-ceviri\/"]}]},{"@type":"ImageObject","inLanguage":"en-US","@id":"https:\/\/mirora.com\/ispanyolca-ceviri\/#primaryimage","url":"https:\/\/mirora.com\/wp-content\/uploads\/2022\/12\/blog_Ispanyolca-Ceviri-1-min.jpg","contentUrl":"https:\/\/mirora.com\/wp-content\/uploads\/2022\/12\/blog_Ispanyolca-Ceviri-1-min.jpg"},{"@type":"WebSite","@id":"https:\/\/mirora.com\/#website","url":"https:\/\/mirora.com\/","name":"Mirora Translation","description":"We Reflect Your Originals","publisher":{"@id":"https:\/\/mirora.com\/#organization"},"potentialAction":[{"@type":"SearchAction","target":{"@type":"EntryPoint","urlTemplate":"https:\/\/mirora.com\/?s={search_term_string}"},"query-input":{"@type":"PropertyValueSpecification","valueRequired":true,"valueName":"search_term_string"}}],"inLanguage":"en-US"},{"@type":"Organization","@id":"https:\/\/mirora.com\/#organization","name":"Mirora","url":"https:\/\/mirora.com\/","logo":{"@type":"ImageObject","inLanguage":"en-US","@id":"https:\/\/mirora.com\/#\/schema\/logo\/image\/","url":"https:\/\/mirora.com\/wp-content\/uploads\/2023\/07\/MiroraLogo2.webp","contentUrl":"https:\/\/mirora.com\/wp-content\/uploads\/2023\/07\/MiroraLogo2.webp","width":326,"height":108,"caption":"Mirora"},"image":{"@id":"https:\/\/mirora.com\/#\/schema\/logo\/image\/"}}]}},"_links":{"self":[{"href":"https:\/\/mirora.com\/en\/wp-json\/wp\/v2\/pages\/6842","targetHints":{"allow":["GET"]}}],"collection":[{"href":"https:\/\/mirora.com\/en\/wp-json\/wp\/v2\/pages"}],"about":[{"href":"https:\/\/mirora.com\/en\/wp-json\/wp\/v2\/types\/page"}],"author":[{"embeddable":true,"href":"https:\/\/mirora.com\/en\/wp-json\/wp\/v2\/users\/1"}],"replies":[{"embeddable":true,"href":"https:\/\/mirora.com\/en\/wp-json\/wp\/v2\/comments?post=6842"}],"version-history":[{"count":13,"href":"https:\/\/mirora.com\/en\/wp-json\/wp\/v2\/pages\/6842\/revisions"}],"predecessor-version":[{"id":22235,"href":"https:\/\/mirora.com\/en\/wp-json\/wp\/v2\/pages\/6842\/revisions\/22235"}],"wp:attachment":[{"href":"https:\/\/mirora.com\/en\/wp-json\/wp\/v2\/media?parent=6842"}],"curies":[{"name":"wp","href":"https:\/\/api.w.org\/{rel}","templated":true}]}}