

{"id":6845,"date":"2024-05-31T02:53:49","date_gmt":"2024-05-30T23:53:49","guid":{"rendered":"https:\/\/mirora.com\/?page_id=6845"},"modified":"2025-05-14T04:00:28","modified_gmt":"2025-05-14T01:00:28","slug":"korece-ceviri","status":"publish","type":"page","link":"https:\/\/mirora.com\/en\/korean-translation\/","title":{"rendered":"Korean"},"content":{"rendered":"<div data-elementor-type=\"wp-page\" data-elementor-id=\"6845\" class=\"elementor elementor-6845\" data-elementor-post-type=\"page\">\n\t\t\t\t<div class=\"elementor-element elementor-element-470cac7 e-flex e-con-boxed e-con e-parent\" data-id=\"470cac7\" data-element_type=\"container\" data-e-type=\"container\" data-settings=\"{&quot;background_background&quot;:&quot;classic&quot;}\">\n\t\t\t\t\t<div class=\"e-con-inner\">\n\t\t\t\t<div class=\"elementor-element elementor-element-7475998 elementor-widget elementor-widget-heading\" data-id=\"7475998\" data-element_type=\"widget\" data-e-type=\"widget\" data-widget_type=\"heading.default\">\n\t\t\t\t\t<h1 class=\"elementor-heading-title elementor-size-default\">Footer One<\/h1>\t\t\t\t<\/div>\n\t\t\t\t\t<\/div>\n\t\t\t\t<\/div>\n\t\t\t\t<section class=\"elementor-section elementor-top-section elementor-element elementor-element-7144dec elementor-section-full_width elementor-section-height-default elementor-section-height-default\" data-id=\"7144dec\" data-element_type=\"section\" data-e-type=\"section\">\n\t\t\t\t\t\t<div class=\"elementor-container elementor-column-gap-no\">\n\t\t\t\t\t<div class=\"elementor-column elementor-col-100 elementor-top-column elementor-element elementor-element-2ac3368\" data-id=\"2ac3368\" data-element_type=\"column\" data-e-type=\"column\">\n\t\t\t<div class=\"elementor-widget-wrap elementor-element-populated\">\n\t\t\t\t\t\t<section class=\"elementor-section elementor-inner-section elementor-element elementor-element-6cf5ae6 elementor-section-content-middle elementor-section-boxed elementor-section-height-default elementor-section-height-default\" data-id=\"6cf5ae6\" data-element_type=\"section\" data-e-type=\"section\">\n\t\t\t\t\t\t<div class=\"elementor-container elementor-column-gap-no\">\n\t\t\t\t\t<div class=\"elementor-column elementor-col-100 elementor-inner-column elementor-element elementor-element-309d6ce\" data-id=\"309d6ce\" data-element_type=\"column\" data-e-type=\"column\">\n\t\t\t<div class=\"elementor-widget-wrap elementor-element-populated\">\n\t\t\t\t\t\t<div class=\"elementor-element elementor-element-83a00e2 elementor-widget elementor-widget-text-editor\" data-id=\"83a00e2\" data-element_type=\"widget\" data-e-type=\"widget\" data-widget_type=\"text-editor.default\">\n\t\t\t\t\t\t\t\t\t<p>Korean is one of the Koreanic languages commonly spoken in the Korean peninsula and its neighbour, the Yanbian Korean Autonomous Prefecture of China. Today, it is known that there are more than 77 million people worldwide who speak Korean as a native language. It is the official language of both North Korea and South Korea. The written languages of Korean are the alphabetic syllabary, Hangul, and the Chinese logograms called Hanja. Korean is included in the Koreanic languages along with Jeju language spoken in Jeju Province.<\/p><p>There is no acknowledged theory which considers Koreanic languages under a language family, which are classified as isolated languages like Japanese. Although it was classified under the Ural-Altaic language family, and then under the Altaic languages in history, these arguments lost their academic validity after the 20th century. It is also claimed that Korean can be related to Japanese languages regarding its vocabulary and grammatical features.<\/p><p>Koreans today use the Korean alphabet, Hangul. This alphabet is characterized by the shape of the mouth and tongue. In South Korea, Chinese characters are still taught to children.<\/p><p>Korean Translation Service<\/p><p>Mirora has been in collaboration for many years with translation companies in South Korea. Thus, Mirora offers high-quality, fast and reliable translation services in Korean from and to all languages worldwide with competitive prices, by our professional translation teams, especially by using English as a pivot language.<\/p>\t\t\t\t\t\t\t\t<\/div>\n\t\t\t\t\t<\/div>\n\t\t<\/div>\n\t\t\t\t\t<\/div>\n\t\t<\/section>\n\t\t\t\t\t<\/div>\n\t\t<\/div>\n\t\t\t\t\t<\/div>\n\t\t<\/section>\n\t\t<div class=\"elementor-element elementor-element-850f730 e-flex e-con-boxed e-con e-parent\" data-id=\"850f730\" data-element_type=\"container\" data-e-type=\"container\">\n\t\t\t\t\t<div class=\"e-con-inner\">\n\t\t\t\t<div class=\"elementor-element elementor-element-b3ee4bc elementor-widget elementor-widget-heading\" data-id=\"b3ee4bc\" data-element_type=\"widget\" data-e-type=\"widget\" data-widget_type=\"heading.default\">\n\t\t\t\t\t<h2 class=\"elementor-heading-title elementor-size-default\">These Articles May Interest You! Learn more about our service.<\/h2>\t\t\t\t<\/div>\n\t\t\t\t<div class=\"elementor-element elementor-element-960d434 elementor-widget-divider--view-line elementor-widget elementor-widget-divider\" data-id=\"960d434\" data-element_type=\"widget\" data-e-type=\"widget\" data-widget_type=\"divider.default\">\n\t\t\t\t\t\t\t<div class=\"elementor-divider\">\n\t\t\t<span class=\"elementor-divider-separator\">\n\t\t\t\t\t\t<\/span>\n\t\t<\/div>\n\t\t\t\t\t\t<\/div>\n\t\t\t\t\t<\/div>\n\t\t\t\t<\/div>\n\t\t<div class=\"elementor-element elementor-element-e7b954a e-flex e-con-boxed e-con e-parent\" data-id=\"e7b954a\" data-element_type=\"container\" data-e-type=\"container\">\n\t\t\t\t\t<div class=\"e-con-inner\">\n\t\t<div class=\"elementor-element elementor-element-6454534 e-con-full e-flex e-con e-child\" data-id=\"6454534\" data-element_type=\"container\" data-e-type=\"container\">\n\t\t\t\t<div class=\"elementor-element elementor-element-a1ade64 premium-blog-align-left elementor-widget elementor-widget-premium-addon-blog\" data-id=\"a1ade64\" data-element_type=\"widget\" data-e-type=\"widget\" data-settings=\"{&quot;premium_blog_columns_number&quot;:&quot;100%&quot;,&quot;premium_blog_grid&quot;:&quot;yes&quot;,&quot;premium_blog_layout&quot;:&quot;even&quot;,&quot;premium_blog_columns_number_tablet&quot;:&quot;50%&quot;,&quot;premium_blog_columns_number_mobile&quot;:&quot;100%&quot;}\" data-widget_type=\"premium-addon-blog.default\">\n\t\t\t\t\t\n\t\t\n\n\t\t\t\t<div class=\"premium-blog-wrap  premium-blog-even\" data-page=\"6845\">\n\t\t\t\t\t\t\t\t\t<div class=\"premium-blog-post-outer-container\" data-total=\"1\">\n\t\t\t<div class=\"premium-blog-post-container premium-blog-skin-banner\">\n\t\t\t\t\t\t\t\t\t<div class=\"premium-blog-thumb-effect-wrapper\">\n\t\t\t\t\t\t<div class=\"premium-blog-thumbnail-container premium-blog-zoomin-effect\">\n\t\t\t\t\t\t\t<img fetchpriority=\"high\" decoding=\"async\" width=\"850\" height=\"500\" src=\"https:\/\/mirora.com\/wp-content\/uploads\/2022\/06\/korean-translation-1.jpg\" class=\"attachment-full size-full wp-image-17219\" alt=\"\" srcset=\"https:\/\/mirora.com\/wp-content\/uploads\/2022\/06\/korean-translation-1.jpg 850w, https:\/\/mirora.com\/wp-content\/uploads\/2022\/06\/korean-translation-1-300x176.jpg 300w, https:\/\/mirora.com\/wp-content\/uploads\/2022\/06\/korean-translation-1-768x452.jpg 768w, https:\/\/mirora.com\/wp-content\/uploads\/2022\/06\/korean-translation-1-18x12.jpg 18w\" sizes=\"(max-width: 850px) 100vw, 850px\" \/>\t\t\t\t\t\t<\/div>\n\t\t\t\t\t\t\t\t\t\t\t\t\t<div class=\"premium-blog-thumbnail-overlay\">\n\t\t\t\t\t\t\t\t<a class=\"elementor-icon\" href=\"https:\/\/mirora.com\/en\/what-is-korean-translation\/\" target=\"_blank\"><\/a>\n\t\t\t\t\t\t\t<\/div>\n\n\t\t\t\t\t\t\t\t\t\t\t\t\t\t\t\t\t\t<\/div>\n\t\t\t\t\t\t\t\t\t\t\t\t<div class=\"premium-blog-content-wrapper\">\n\n\t\t\t\t\t<div class=\"premium-blog-inner-container\">\n\n\t\t\t\t\t\t\t\t\t\t\t\t\t\t<h2 class=\"premium-blog-entry-title\">\n\t\t\t<a href=\"https:\/\/mirora.com\/en\/what-is-korean-translation\/\" target=\"_blank\">\n\t\t\t\tWhat is Korean Translation\t\t\t<\/a>\n\t\t<\/h2>\n\t\t\t\t<div class=\"premium-blog-entry-meta\">\n\t\t\t\n\t\t\t\n\t\t\t\n\t\t\t\t\t<\/div>\n\t\t\n\t\t\t\t\t<\/div>\n\n\t\t\t\t\t\t\t<div class=\"premium-blog-content-inner-wrapper\">\n\t\t<p class=\"premium-blog-post-content\">Did you know the Foreign Service Institute (FSI) has prepared a list of languages according to how difficult they are to learn and the approximate time an English speaker would have to spend to learn each language? Without a doubt,\u2026<\/p>\t\t<\/div>\n\t\t\t\t\t\t\t\n\t\t\t\t<\/div>\n\t\t\t<\/div>\n\t\t<\/div>\n\n\t\t\t\t\t\t\t<\/div>\n\n\t\t\n\t\t\n\t\t\t\t\t\t<\/div>\n\t\t\t\t<\/div>\n\t\t<div class=\"elementor-element elementor-element-93fde8a e-con-full e-flex e-con e-child\" data-id=\"93fde8a\" data-element_type=\"container\" data-e-type=\"container\">\n\t\t\t\t<div class=\"elementor-element elementor-element-5af94cd premium-blog-align-left elementor-widget elementor-widget-premium-addon-blog\" data-id=\"5af94cd\" data-element_type=\"widget\" data-e-type=\"widget\" data-settings=\"{&quot;premium_blog_columns_number&quot;:&quot;100%&quot;,&quot;premium_blog_grid&quot;:&quot;yes&quot;,&quot;premium_blog_layout&quot;:&quot;even&quot;,&quot;premium_blog_columns_number_tablet&quot;:&quot;50%&quot;,&quot;premium_blog_columns_number_mobile&quot;:&quot;100%&quot;}\" data-widget_type=\"premium-addon-blog.default\">\n\t\t\t\t\t\n\t\t\n\n\t\t\t\t<div class=\"premium-blog-wrap  premium-blog-even\" data-page=\"6845\">\n\t\t\t\t\t\t\t\t\t<div class=\"premium-blog-post-outer-container\" data-total=\"1\">\n\t\t\t<div class=\"premium-blog-post-container premium-blog-skin-banner\">\n\t\t\t\t\t\t\t\t\t<div class=\"premium-blog-thumb-effect-wrapper\">\n\t\t\t\t\t\t<div class=\"premium-blog-thumbnail-container premium-blog-zoomin-effect\">\n\t\t\t\t\t\t\t<img decoding=\"async\" width=\"1650\" height=\"921\" src=\"https:\/\/mirora.com\/wp-content\/uploads\/2021\/07\/Kore-ceviri.jpg\" class=\"attachment-full size-full wp-image-9096\" alt=\"Korean translation\" srcset=\"https:\/\/mirora.com\/wp-content\/uploads\/2021\/07\/Kore-ceviri.jpg 1650w, https:\/\/mirora.com\/wp-content\/uploads\/2021\/07\/Kore-ceviri-300x167.jpg 300w, https:\/\/mirora.com\/wp-content\/uploads\/2021\/07\/Kore-ceviri-1024x572.jpg 1024w, https:\/\/mirora.com\/wp-content\/uploads\/2021\/07\/Kore-ceviri-768x429.jpg 768w, https:\/\/mirora.com\/wp-content\/uploads\/2021\/07\/Kore-ceviri-1536x857.jpg 1536w\" sizes=\"(max-width: 1650px) 100vw, 1650px\" \/>\t\t\t\t\t\t<\/div>\n\t\t\t\t\t\t\t\t\t\t\t\t\t<div class=\"premium-blog-thumbnail-overlay\">\n\t\t\t\t\t\t\t\t<a class=\"elementor-icon\" href=\"https:\/\/mirora.com\/en\/translating-korean\/\" target=\"_blank\"><\/a>\n\t\t\t\t\t\t\t<\/div>\n\n\t\t\t\t\t\t\t\t\t\t\t\t\t\t\t\t\t\t<\/div>\n\t\t\t\t\t\t\t\t\t\t\t\t<div class=\"premium-blog-content-wrapper\">\n\n\t\t\t\t\t<div class=\"premium-blog-inner-container\">\n\n\t\t\t\t\t\t\t\t\t\t\t\t\t\t<h2 class=\"premium-blog-entry-title\">\n\t\t\t<a href=\"https:\/\/mirora.com\/en\/translating-korean\/\" target=\"_blank\">\n\t\t\t\tTranslating Korean\t\t\t<\/a>\n\t\t<\/h2>\n\t\t\t\t<div class=\"premium-blog-entry-meta\">\n\t\t\t\n\t\t\t\n\t\t\t\n\t\t\t\t\t<\/div>\n\t\t\n\t\t\t\t\t<\/div>\n\n\t\t\t\t\t\t\t<div class=\"premium-blog-content-inner-wrapper\">\n\t\t<p class=\"premium-blog-post-content\">Korean music and television series, which are quite popular today, increase the interest in the Korean language and, therefore, the demand for Korean translation. Although it is considered the simplest of the Asian languages, its alphabet, called Hangul, intimidates many people\u2026<\/p>\t\t<\/div>\n\t\t\t\t\t\t\t\n\t\t\t\t<\/div>\n\t\t\t<\/div>\n\t\t<\/div>\n\n\t\t\t\t\t\t\t<\/div>\n\n\t\t\n\t\t\n\t\t\t\t\t\t<\/div>\n\t\t\t\t<\/div>\n\t\t\t\t\t<\/div>\n\t\t\t\t<\/div>\n\t\t\t\t<section class=\"elementor-section elementor-top-section elementor-element elementor-element-91d946b elementor-section-full_width elementor-section-height-default elementor-section-height-default\" data-id=\"91d946b\" data-element_type=\"section\" data-e-type=\"section\">\n\t\t\t\t\t\t<div class=\"elementor-container elementor-column-gap-no\">\n\t\t\t\t\t<div class=\"elementor-column elementor-col-100 elementor-top-column elementor-element elementor-element-207c427\" data-id=\"207c427\" data-element_type=\"column\" data-e-type=\"column\">\n\t\t\t<div class=\"elementor-widget-wrap elementor-element-populated\">\n\t\t\t\t\t\t<div class=\"elementor-element elementor-element-b860bc1 elementor-widget elementor-widget-eduracta\" data-id=\"b860bc1\" data-element_type=\"widget\" data-e-type=\"widget\" data-widget_type=\"eduracta.default\">\n\t\t\t\t<div class=\"elementor-widget-container\">\n\t\t\t\t\t<div class=\"cta-area-1\" data-bg-src=\"https:\/\/themeholy.com\/wordpress\/edura\/wp-content\/uploads\/2023\/07\/cta-bg1.png\"><div class=\"container\"><div class=\"row align-items-center justify-content-between\"><div class=\"col-lg-8\"><div class=\"cta-wrap title-area mb-0\"><div class=\"cta-icon\"><img decoding=\"async\" src=\"https:\/\/themeholy.com\/wordpress\/edura\/wp-content\/uploads\/2023\/07\/cta-icon1.png\" alt=\"icon\"><\/div><div class=\"cta-content\"><h2 class=\"cta-title th-title sec-title\">Get Offer Now<\/h2><p class=\"cta-text th-desc\">Adding value to your brand is just a click away with Mirora.<\/p><\/div><a href=\"https:\/\/mirora.com\/en\/get-offer\/\" class=\"th-btn th_btn style8\">Get a Free Quote<i class=\"fa-regular fa-arrow-right ms-1\"><\/i><\/a><\/div><\/div><\/div><\/div><div class=\"cta-img-1\" data-overlay=\"title\" data-opacity=\"8\"><img decoding=\"async\" src=\"https:\/\/themeholy.com\/wordpress\/edura\/wp-content\/uploads\/2023\/07\/cta_1_1.png\" alt=\"Image\"><\/div><\/div>\t\t\t\t<\/div>\n\t\t\t\t<\/div>\n\t\t\t\t\t<\/div>\n\t\t<\/div>\n\t\t\t\t\t<\/div>\n\t\t<\/section>\n\t\t\t\t<\/div>","protected":false},"excerpt":{"rendered":"<p>Korean is a Korean language widely spoken on the Korean peninsula and in the Yanbian Korean Autonomous Prefecture of neighboring China. Today, Korean is spoken by native speakers...<\/p>","protected":false},"author":1,"featured_media":0,"parent":0,"menu_order":0,"comment_status":"closed","ping_status":"closed","template":"template-builder.php","meta":{"_monsterinsights_skip_tracking":false,"_monsterinsights_sitenote_active":false,"_monsterinsights_sitenote_note":"","_monsterinsights_sitenote_category":0,"footnotes":""},"class_list":["post-6845","page","type-page","status-publish","hentry","th-blog blog-single"],"yoast_head":"<!-- This site is optimized with the Yoast SEO plugin v27.3 - https:\/\/yoast.com\/product\/yoast-seo-wordpress\/ -->\n<title>Korece \u00c7eviri - Mirora Translation<\/title>\n<meta name=\"description\" content=\"Korece Kore yar\u0131madas\u0131nda ve kom\u015fusu \u00c7in&#039;e ba\u011fl\u0131 Yanbian Kore \u00d6zerk \u0130li&#039;nde yayg\u0131n olarak kullan\u0131lan bir Kore dilidir.\" \/>\n<meta name=\"robots\" content=\"index, follow, max-snippet:-1, max-image-preview:large, max-video-preview:-1\" \/>\n<link rel=\"canonical\" href=\"https:\/\/mirora.com\/en\/korean-translation\/\" \/>\n<meta property=\"og:locale\" content=\"en_US\" \/>\n<meta property=\"og:type\" content=\"article\" \/>\n<meta property=\"og:title\" content=\"Korece \u00c7eviri - Mirora Translation\" \/>\n<meta property=\"og:description\" content=\"Korece Kore yar\u0131madas\u0131nda ve kom\u015fusu \u00c7in&#039;e ba\u011fl\u0131 Yanbian Kore \u00d6zerk \u0130li&#039;nde yayg\u0131n olarak kullan\u0131lan bir Kore dilidir.\" \/>\n<meta property=\"og:url\" content=\"https:\/\/mirora.com\/en\/korean-translation\/\" \/>\n<meta property=\"og:site_name\" content=\"Mirora Translation\" \/>\n<meta property=\"article:modified_time\" content=\"2025-05-14T01:00:28+00:00\" \/>\n<meta property=\"og:image\" content=\"https:\/\/mirora.com\/wp-content\/uploads\/2022\/06\/korean-translation-1.jpg\" \/>\n<meta name=\"twitter:card\" content=\"summary_large_image\" \/>\n<meta name=\"twitter:label1\" content=\"Est. reading time\" \/>\n\t<meta name=\"twitter:data1\" content=\"1 minute\" \/>\n<script type=\"application\/ld+json\" class=\"yoast-schema-graph\">{\"@context\":\"https:\\\/\\\/schema.org\",\"@graph\":[{\"@type\":\"WebPage\",\"@id\":\"https:\\\/\\\/mirora.com\\\/korece-ceviri\\\/\",\"url\":\"https:\\\/\\\/mirora.com\\\/korece-ceviri\\\/\",\"name\":\"Korece \u00c7eviri - Mirora Translation\",\"isPartOf\":{\"@id\":\"https:\\\/\\\/mirora.com\\\/#website\"},\"primaryImageOfPage\":{\"@id\":\"https:\\\/\\\/mirora.com\\\/korece-ceviri\\\/#primaryimage\"},\"image\":{\"@id\":\"https:\\\/\\\/mirora.com\\\/korece-ceviri\\\/#primaryimage\"},\"thumbnailUrl\":\"https:\\\/\\\/mirora.com\\\/wp-content\\\/uploads\\\/2022\\\/06\\\/korean-translation-1.jpg\",\"datePublished\":\"2024-05-30T23:53:49+00:00\",\"dateModified\":\"2025-05-14T01:00:28+00:00\",\"description\":\"Korece Kore yar\u0131madas\u0131nda ve kom\u015fusu \u00c7in'e ba\u011fl\u0131 Yanbian Kore \u00d6zerk \u0130li'nde yayg\u0131n olarak kullan\u0131lan bir Kore dilidir.\",\"inLanguage\":\"en-US\",\"potentialAction\":[{\"@type\":\"ReadAction\",\"target\":[\"https:\\\/\\\/mirora.com\\\/korece-ceviri\\\/\"]}]},{\"@type\":\"ImageObject\",\"inLanguage\":\"en-US\",\"@id\":\"https:\\\/\\\/mirora.com\\\/korece-ceviri\\\/#primaryimage\",\"url\":\"https:\\\/\\\/mirora.com\\\/wp-content\\\/uploads\\\/2022\\\/06\\\/korean-translation-1.jpg\",\"contentUrl\":\"https:\\\/\\\/mirora.com\\\/wp-content\\\/uploads\\\/2022\\\/06\\\/korean-translation-1.jpg\"},{\"@type\":\"WebSite\",\"@id\":\"https:\\\/\\\/mirora.com\\\/#website\",\"url\":\"https:\\\/\\\/mirora.com\\\/\",\"name\":\"Mirora Translation\",\"description\":\"We Reflect Your Originals\",\"publisher\":{\"@id\":\"https:\\\/\\\/mirora.com\\\/#organization\"},\"potentialAction\":[{\"@type\":\"SearchAction\",\"target\":{\"@type\":\"EntryPoint\",\"urlTemplate\":\"https:\\\/\\\/mirora.com\\\/?s={search_term_string}\"},\"query-input\":{\"@type\":\"PropertyValueSpecification\",\"valueRequired\":true,\"valueName\":\"search_term_string\"}}],\"inLanguage\":\"en-US\"},{\"@type\":\"Organization\",\"@id\":\"https:\\\/\\\/mirora.com\\\/#organization\",\"name\":\"Mirora\",\"url\":\"https:\\\/\\\/mirora.com\\\/\",\"logo\":{\"@type\":\"ImageObject\",\"inLanguage\":\"en-US\",\"@id\":\"https:\\\/\\\/mirora.com\\\/#\\\/schema\\\/logo\\\/image\\\/\",\"url\":\"https:\\\/\\\/mirora.com\\\/wp-content\\\/uploads\\\/2023\\\/07\\\/MiroraLogo2.webp\",\"contentUrl\":\"https:\\\/\\\/mirora.com\\\/wp-content\\\/uploads\\\/2023\\\/07\\\/MiroraLogo2.webp\",\"width\":326,\"height\":108,\"caption\":\"Mirora\"},\"image\":{\"@id\":\"https:\\\/\\\/mirora.com\\\/#\\\/schema\\\/logo\\\/image\\\/\"}}]}<\/script>\n<!-- \/ Yoast SEO plugin. -->","yoast_head_json":{"title":"Korean - Mirora Translation","description":"Korean is a Korean language widely spoken on the Korean peninsula and in the Yanbian Korean Autonomous Prefecture in neighboring China.","robots":{"index":"index","follow":"follow","max-snippet":"max-snippet:-1","max-image-preview":"max-image-preview:large","max-video-preview":"max-video-preview:-1"},"canonical":"https:\/\/mirora.com\/en\/korean-translation\/","og_locale":"en_US","og_type":"article","og_title":"Korece \u00c7eviri - Mirora Translation","og_description":"Korece Kore yar\u0131madas\u0131nda ve kom\u015fusu \u00c7in'e ba\u011fl\u0131 Yanbian Kore \u00d6zerk \u0130li'nde yayg\u0131n olarak kullan\u0131lan bir Kore dilidir.","og_url":"https:\/\/mirora.com\/en\/korean-translation\/","og_site_name":"Mirora Translation","article_modified_time":"2025-05-14T01:00:28+00:00","og_image":[{"url":"https:\/\/mirora.com\/wp-content\/uploads\/2022\/06\/korean-translation-1.jpg","type":"","width":"","height":""}],"twitter_card":"summary_large_image","twitter_misc":{"Est. reading time":"1 minute"},"schema":{"@context":"https:\/\/schema.org","@graph":[{"@type":"WebPage","@id":"https:\/\/mirora.com\/korece-ceviri\/","url":"https:\/\/mirora.com\/korece-ceviri\/","name":"Korean - Mirora Translation","isPartOf":{"@id":"https:\/\/mirora.com\/#website"},"primaryImageOfPage":{"@id":"https:\/\/mirora.com\/korece-ceviri\/#primaryimage"},"image":{"@id":"https:\/\/mirora.com\/korece-ceviri\/#primaryimage"},"thumbnailUrl":"https:\/\/mirora.com\/wp-content\/uploads\/2022\/06\/korean-translation-1.jpg","datePublished":"2024-05-30T23:53:49+00:00","dateModified":"2025-05-14T01:00:28+00:00","description":"Korean is a Korean language widely spoken on the Korean peninsula and in the Yanbian Korean Autonomous Prefecture in neighboring China.","inLanguage":"en-US","potentialAction":[{"@type":"ReadAction","target":["https:\/\/mirora.com\/korece-ceviri\/"]}]},{"@type":"ImageObject","inLanguage":"en-US","@id":"https:\/\/mirora.com\/korece-ceviri\/#primaryimage","url":"https:\/\/mirora.com\/wp-content\/uploads\/2022\/06\/korean-translation-1.jpg","contentUrl":"https:\/\/mirora.com\/wp-content\/uploads\/2022\/06\/korean-translation-1.jpg"},{"@type":"WebSite","@id":"https:\/\/mirora.com\/#website","url":"https:\/\/mirora.com\/","name":"Mirora Translation","description":"We Reflect Your Originals","publisher":{"@id":"https:\/\/mirora.com\/#organization"},"potentialAction":[{"@type":"SearchAction","target":{"@type":"EntryPoint","urlTemplate":"https:\/\/mirora.com\/?s={search_term_string}"},"query-input":{"@type":"PropertyValueSpecification","valueRequired":true,"valueName":"search_term_string"}}],"inLanguage":"en-US"},{"@type":"Organization","@id":"https:\/\/mirora.com\/#organization","name":"Mirora","url":"https:\/\/mirora.com\/","logo":{"@type":"ImageObject","inLanguage":"en-US","@id":"https:\/\/mirora.com\/#\/schema\/logo\/image\/","url":"https:\/\/mirora.com\/wp-content\/uploads\/2023\/07\/MiroraLogo2.webp","contentUrl":"https:\/\/mirora.com\/wp-content\/uploads\/2023\/07\/MiroraLogo2.webp","width":326,"height":108,"caption":"Mirora"},"image":{"@id":"https:\/\/mirora.com\/#\/schema\/logo\/image\/"}}]}},"_links":{"self":[{"href":"https:\/\/mirora.com\/en\/wp-json\/wp\/v2\/pages\/6845","targetHints":{"allow":["GET"]}}],"collection":[{"href":"https:\/\/mirora.com\/en\/wp-json\/wp\/v2\/pages"}],"about":[{"href":"https:\/\/mirora.com\/en\/wp-json\/wp\/v2\/types\/page"}],"author":[{"embeddable":true,"href":"https:\/\/mirora.com\/en\/wp-json\/wp\/v2\/users\/1"}],"replies":[{"embeddable":true,"href":"https:\/\/mirora.com\/en\/wp-json\/wp\/v2\/comments?post=6845"}],"version-history":[{"count":13,"href":"https:\/\/mirora.com\/en\/wp-json\/wp\/v2\/pages\/6845\/revisions"}],"predecessor-version":[{"id":22241,"href":"https:\/\/mirora.com\/en\/wp-json\/wp\/v2\/pages\/6845\/revisions\/22241"}],"wp:attachment":[{"href":"https:\/\/mirora.com\/en\/wp-json\/wp\/v2\/media?parent=6845"}],"curies":[{"name":"wp","href":"https:\/\/api.w.org\/{rel}","templated":true}]}}