

{"id":6881,"date":"2024-05-31T02:56:29","date_gmt":"2024-05-30T23:56:29","guid":{"rendered":"https:\/\/mirora.com\/?page_id=6881"},"modified":"2025-12-15T10:37:53","modified_gmt":"2025-12-15T07:37:53","slug":"diller","status":"publish","type":"page","link":"https:\/\/mirora.com\/en\/languages\/","title":{"rendered":"Languages"},"content":{"rendered":"<div data-elementor-type=\"wp-page\" data-elementor-id=\"6881\" class=\"elementor elementor-6881\" data-elementor-post-type=\"page\">\n\t\t\t\t<div class=\"elementor-element elementor-element-f34c6d4 e-flex e-con-boxed e-con e-parent\" data-id=\"f34c6d4\" data-element_type=\"container\" data-e-type=\"container\" data-settings=\"{&quot;background_background&quot;:&quot;classic&quot;}\">\n\t\t\t\t\t<div class=\"e-con-inner\">\n\t\t\t\t<div class=\"elementor-element elementor-element-ca79b56 elementor-widget elementor-widget-heading\" data-id=\"ca79b56\" data-element_type=\"widget\" data-e-type=\"widget\" data-widget_type=\"heading.default\">\n\t\t\t\t\t<h1 class=\"elementor-heading-title elementor-size-default\">Footer One<\/h1>\t\t\t\t<\/div>\n\t\t\t\t\t<\/div>\n\t\t\t\t<\/div>\n\t\t\t\t<section class=\"elementor-section elementor-top-section elementor-element elementor-element-c3e09be elementor-section-full_width elementor-section-height-default elementor-section-height-default\" data-id=\"c3e09be\" data-element_type=\"section\" data-e-type=\"section\">\n\t\t\t\t\t\t<div class=\"elementor-container elementor-column-gap-no\">\n\t\t\t\t\t<div class=\"elementor-column elementor-col-100 elementor-top-column elementor-element elementor-element-483f55c\" data-id=\"483f55c\" data-element_type=\"column\" data-e-type=\"column\">\n\t\t\t<div class=\"elementor-widget-wrap elementor-element-populated\">\n\t\t\t\t\t\t<div class=\"elementor-element elementor-element-9e20f50 elementor-widget elementor-widget-text-editor\" data-id=\"9e20f50\" data-element_type=\"widget\" data-e-type=\"widget\" data-widget_type=\"text-editor.default\">\n\t\t\t\t\t\t\t\t\t<div class=\"shape-mockup why-shape-2\" data-bg-src=\"https:\/\/themeholy.com\/wordpress\/edura\/wp-content\/uploads\/2023\/07\/wcu_1_shape1.png\"><\/div>\t\t\t\t\t\t\t\t<\/div>\n\t\t\t\t<section class=\"elementor-section elementor-inner-section elementor-element elementor-element-29c73bc elementor-section-boxed elementor-section-height-default elementor-section-height-default\" data-id=\"29c73bc\" data-element_type=\"section\" data-e-type=\"section\">\n\t\t\t\t\t\t<div class=\"elementor-container elementor-column-gap-no\">\n\t\t\t\t\t<div class=\"elementor-column elementor-col-50 elementor-inner-column elementor-element elementor-element-418339e\" data-id=\"418339e\" data-element_type=\"column\" data-e-type=\"column\">\n\t\t\t<div class=\"elementor-widget-wrap elementor-element-populated\">\n\t\t\t\t\t\t<div class=\"elementor-element elementor-element-9b09e3e elementor-widget elementor-widget-eduragroupimage\" data-id=\"9b09e3e\" data-element_type=\"widget\" data-e-type=\"widget\" data-widget_type=\"eduragroupimage.default\">\n\t\t\t\t<div class=\"elementor-widget-container\">\n\t\t\t\t\t<div class=\"wcu-img-1\"><div class=\"img1\"><img decoding=\"async\" src=\"https:\/\/mirora.com\/wp-content\/uploads\/2024\/06\/anasa_diller-1.jpg\" alt=\"About\"><\/div><div class=\"student-count jump-reverse\"><h5 class=\"title\"><p><span class=\"text-theme\">50+<\/span> Language\u00a0<\/p><\/h5><img decoding=\"async\" src=\"https:\/\/mirora.com\/wp-content\/uploads\/2024\/06\/dil-1.png\" alt=\"About\"><\/div><\/div>\t\t\t\t<\/div>\n\t\t\t\t<\/div>\n\t\t\t\t\t<\/div>\n\t\t<\/div>\n\t\t\t\t<div class=\"elementor-column elementor-col-50 elementor-inner-column elementor-element elementor-element-f9d4284\" data-id=\"f9d4284\" data-element_type=\"column\" data-e-type=\"column\">\n\t\t\t<div class=\"elementor-widget-wrap elementor-element-populated\">\n\t\t\t\t\t\t<div class=\"elementor-element elementor-element-e772c90 elementor-widget elementor-widget-edurasectiontitle\" data-id=\"e772c90\" data-element_type=\"widget\" data-e-type=\"widget\" data-widget_type=\"edurasectiontitle.default\">\n\t\t\t\t<div class=\"elementor-widget-container\">\n\t\t\t\t\t<div class=\"title-area mb-25\" ><span class=\"sub-title subtitle-selector\"><i class=\"fal fa-book me-2\"><\/i>Our Strengths and Competitive Prices in Languages<\/span><p class=\"desc-selector\">If you can't find what you're looking for in our constantly updated language list, give us a call; if we can't help you, you're in for a hard time!<\/p><\/div>\t\t\t\t<\/div>\n\t\t\t\t<\/div>\n\t\t<div class=\"elementor-element elementor-element-091e7db e-con-full e-flex e-con e-parent\" data-id=\"091e7db\" data-element_type=\"container\" data-e-type=\"container\" data-no-translation=\"\">\n\t\t\t\t<div class=\"elementor-element elementor-element-e558409 elementor-widget elementor-widget-text-editor\" data-id=\"e558409\" data-element_type=\"widget\" data-e-type=\"widget\" data-widget_type=\"text-editor.default\">\n\t\t\t\t\t\t\t\t\t<p><a href=\"https:\/\/mirora.com\/en\/turkce-translation\/\">Turkish<\/a><br \/><a href=\"https:\/\/mirora.com\/en\/english-translation\/\">English<\/a><br \/><a href=\"https:\/\/mirora.com\/en\/albanian-translation\/\">Albanian<\/a><br \/><a href=\"https:\/\/mirora.com\/en\/arabic-translation\/\">Arabic<\/a><br \/><a href=\"https:\/\/mirora.com\/en\/indonesian-translation\/\">Armenian<\/a><br \/><a href=\"https:\/\/mirora.com\/en\/Azerbaijani-translation\/\">Azerbaijani<\/a><br \/><a href=\"https:\/\/mirora.com\/en\/brazilian-portuguese-translation\/\">Brazilian Portuguese<\/a><br \/><a href=\"https:\/\/mirora.com\/en\/bulgarian-translation\/\">Bulgarian<\/a><br \/><a href=\"https:\/\/mirora.com\/en\/czech-translation\/\">Czech<\/a><br \/><a href=\"https:\/\/mirora.com\/en\/chinese-translation\/\">Chinese<\/a><br \/><a href=\"https:\/\/mirora.com\/en\/danish-translation\/\">Danish<\/a><br \/><a href=\"https:\/\/mirora.com\/en\/dutch-translation\/\">Dutch<\/a><\/p>\t\t\t\t\t\t\t\t<\/div>\n\t\t\t\t<div class=\"elementor-element elementor-element-91b26af elementor-widget__width-initial elementor-widget-mobile__width-initial elementor-widget elementor-widget-text-editor\" data-id=\"91b26af\" data-element_type=\"widget\" data-e-type=\"widget\" data-widget_type=\"text-editor.default\">\n\t\t\t\t\t\t\t\t\t<p><a href=\"https:\/\/mirora.com\/en\/finnish-translation\/\">Finnish<\/a><br \/><a href=\"https:\/\/mirora.com\/en\/french-translation\/\">French<\/a><br \/><a href=\"https:\/\/mirora.com\/en\/georgian-translation\/\">Georgian<\/a><br \/><a href=\"https:\/\/mirora.com\/en\/greek-translation\/\">Greek<\/a><br \/><a href=\"https:\/\/mirora.com\/en\/german-translation\/\">German<\/a><br \/><a href=\"https:\/\/mirora.com\/en\/hebrew-translation\/\">Hebrew<\/a><br \/><a href=\"https:\/\/mirora.com\/en\/hindi-translation\/\">Hindi<\/a><br \/><a href=\"https:\/\/mirora.com\/en\/hungarian-translation\/\">Hungarian<\/a><br \/><a href=\"https:\/\/mirora.com\/en\/indonesian-translation\/\">Indonesian<\/a><br \/><a href=\"https:\/\/mirora.com\/en\/italian-translation\/\">Italian<\/a><br \/><a href=\"https:\/\/mirora.com\/en\/irish-translation\/\">Irish<\/a><br \/><a href=\"https:\/\/mirora.com\/en\/japanese-translation\/\">Japanese<\/a><br \/><a href=\"https:\/\/mirora.com\/en\/korean-translation\/\">Korean<\/a><\/p>\t\t\t\t\t\t\t\t<\/div>\n\t\t\t\t<div class=\"elementor-element elementor-element-0a8998f elementor-widget elementor-widget-text-editor\" data-id=\"0a8998f\" data-element_type=\"widget\" data-e-type=\"widget\" data-widget_type=\"text-editor.default\">\n\t\t\t\t\t\t\t\t\t<p><a href=\"https:\/\/mirora.com\/en\/kurdish-translation\/\">Kurdish<\/a><br \/><a href=\"https:\/\/mirora.com\/en\/latvian-translation\/\">Latvian<\/a><br \/><a href=\"https:\/\/mirora.com\/en\/lithuanian-translation\/\">Lithuanian<\/a><br \/><a href=\"https:\/\/mirora.com\/en\/malay-translation\/\">Malay<\/a><br \/><a href=\"https:\/\/mirora.com\/en\/norwegian-translation\/\">Norwegian <\/a><br \/><a href=\"https:\/\/mirora.com\/en\/polish-translation\/\">Polish<\/a><br \/><a href=\"https:\/\/mirora.com\/en\/persian-translation\/\">Persian<\/a><br \/><a href=\"https:\/\/mirora.com\/en\/portuguese-translation\/\">Portuguese<\/a><br \/><a href=\"https:\/\/mirora.com\/en\/romanian-translation\/\">Romanian<\/a><br \/><a href=\"https:\/\/mirora.com\/en\/russian-translation\/\">Russian<\/a><\/p>\t\t\t\t\t\t\t\t<\/div>\n\t\t\t\t<div class=\"elementor-element elementor-element-5433839 elementor-widget elementor-widget-text-editor\" data-id=\"5433839\" data-element_type=\"widget\" data-e-type=\"widget\" data-widget_type=\"text-editor.default\">\n\t\t\t\t\t\t\t\t\t<p><a href=\"https:\/\/mirora.com\/en\/spanish-translation\/\">Spanish<\/a><br \/><a href=\"https:\/\/mirora.com\/en\/spanish-latin-america-translation\/\">Spanish &#8211; Latin America<\/a><br \/><a href=\"https:\/\/mirora.com\/en\/swedish-translation\/\">Swedish<\/a><br \/><a href=\"https:\/\/mirora.com\/en\/serbian-translation\/\">Serbian<\/a><br \/><a href=\"https:\/\/mirora.com\/en\/slovak-translation\/\">Slovak<\/a><br \/><a href=\"https:\/\/mirora.com\/en\/slovenian-translation\/\">Slovenian<\/a><br \/><a href=\"https:\/\/mirora.com\/en\/thai-translation\/\">Thai<\/a><br \/><a href=\"https:\/\/mirora.com\/en\/ukrainian-translation\/\">Ukrainian<\/a><br \/><a href=\"https:\/\/mirora.com\/en\/urdu-translation\/\">Urdu<\/a><br \/><a href=\"https:\/\/mirora.com\/en\/uzbek-translation\/\">Uzbek<\/a><br \/><a href=\"https:\/\/mirora.com\/en\/vietnamese-translation\/\">Vietnamese<\/a><\/p>\t\t\t\t\t\t\t\t<\/div>\n\t\t\t\t<\/div>\n\t\t\t\t<div class=\"elementor-element elementor-element-b2d5a0b elementor-widget elementor-widget-edurabutton\" data-id=\"b2d5a0b\" data-element_type=\"widget\" data-e-type=\"widget\" data-widget_type=\"edurabutton.default\">\n\t\t\t\t<div class=\"elementor-widget-container\">\n\t\t\t\t\t<!-- Button --><div class=\"btn-wrapper center\"><a class=\"th-btn\" href=\"https:\/\/mirora.com\/en\/get-offer\/\">GET A FREE QUOTE<i class=\"fa-regular fa-arrow-right ms-2\"><\/i><\/a><\/div><!-- End Button -->\t\t\t\t<\/div>\n\t\t\t\t<\/div>\n\t\t\t\t\t<\/div>\n\t\t<\/div>\n\t\t\t\t\t<\/div>\n\t\t<\/section>\n\t\t\t\t\t<\/div>\n\t\t<\/div>\n\t\t\t\t\t<\/div>\n\t\t<\/section>\n\t\t\t\t<\/div>","protected":false},"excerpt":{"rendered":"<p>50+ Languages Our Strengths and Competitive Prices If you don't find what you are looking for in our constantly updated language list, give us a call anyway;...<\/p>","protected":false},"author":1,"featured_media":0,"parent":0,"menu_order":0,"comment_status":"closed","ping_status":"closed","template":"template-builder.php","meta":{"_monsterinsights_skip_tracking":false,"_monsterinsights_sitenote_active":false,"_monsterinsights_sitenote_note":"","_monsterinsights_sitenote_category":0,"footnotes":""},"class_list":["post-6881","page","type-page","status-publish","hentry"],"yoast_head":"<!-- This site is optimized with the Yoast SEO plugin v27.4 - https:\/\/yoast.com\/product\/yoast-seo-wordpress\/ -->\n<title>Diller - Mirora Translation<\/title>\n<meta name=\"description\" content=\"Mirora.com 53 adet dilde \u00e7evirmenlik hizmeti sunuyor. Onlarca dil aras\u0131ndan en profesyonel \u015fekilde \u00e7evirmenlik hizmeti alabilirsiniz.\" \/>\n<meta name=\"robots\" content=\"index, follow, max-snippet:-1, max-image-preview:large, max-video-preview:-1\" \/>\n<link rel=\"canonical\" href=\"https:\/\/mirora.com\/en\/languages\/\" \/>\n<meta property=\"og:locale\" content=\"en_US\" \/>\n<meta property=\"og:type\" content=\"article\" \/>\n<meta property=\"og:title\" content=\"Diller - Mirora Translation\" \/>\n<meta property=\"og:description\" content=\"Mirora.com 53 adet dilde \u00e7evirmenlik hizmeti sunuyor. Onlarca dil aras\u0131ndan en profesyonel \u015fekilde \u00e7evirmenlik hizmeti alabilirsiniz.\" \/>\n<meta property=\"og:url\" content=\"https:\/\/mirora.com\/en\/languages\/\" \/>\n<meta property=\"og:site_name\" content=\"Mirora Translation\" \/>\n<meta property=\"article:modified_time\" content=\"2025-12-15T07:37:53+00:00\" \/>\n<meta property=\"og:image\" content=\"https:\/\/mirora.com\/wp-content\/uploads\/2024\/06\/anasa_diller-1.jpg\" \/>\n<meta name=\"twitter:card\" content=\"summary_large_image\" \/>\n<meta name=\"twitter:label1\" content=\"Est. reading time\" \/>\n\t<meta name=\"twitter:data1\" content=\"1 minute\" \/>\n<script type=\"application\/ld+json\" class=\"yoast-schema-graph\">{\"@context\":\"https:\\\/\\\/schema.org\",\"@graph\":[{\"@type\":\"WebPage\",\"@id\":\"https:\\\/\\\/mirora.com\\\/diller\\\/\",\"url\":\"https:\\\/\\\/mirora.com\\\/diller\\\/\",\"name\":\"Diller - Mirora Translation\",\"isPartOf\":{\"@id\":\"https:\\\/\\\/mirora.com\\\/#website\"},\"primaryImageOfPage\":{\"@id\":\"https:\\\/\\\/mirora.com\\\/diller\\\/#primaryimage\"},\"image\":{\"@id\":\"https:\\\/\\\/mirora.com\\\/diller\\\/#primaryimage\"},\"thumbnailUrl\":\"https:\\\/\\\/mirora.com\\\/wp-content\\\/uploads\\\/2024\\\/06\\\/anasa_diller-1.jpg\",\"datePublished\":\"2024-05-30T23:56:29+00:00\",\"dateModified\":\"2025-12-15T07:37:53+00:00\",\"description\":\"Mirora.com 53 adet dilde \u00e7evirmenlik hizmeti sunuyor. Onlarca dil aras\u0131ndan en profesyonel \u015fekilde \u00e7evirmenlik hizmeti alabilirsiniz.\",\"inLanguage\":\"en-US\",\"potentialAction\":[{\"@type\":\"ReadAction\",\"target\":[\"https:\\\/\\\/mirora.com\\\/diller\\\/\"]}]},{\"@type\":\"ImageObject\",\"inLanguage\":\"en-US\",\"@id\":\"https:\\\/\\\/mirora.com\\\/diller\\\/#primaryimage\",\"url\":\"https:\\\/\\\/mirora.com\\\/wp-content\\\/uploads\\\/2024\\\/06\\\/anasa_diller-1.jpg\",\"contentUrl\":\"https:\\\/\\\/mirora.com\\\/wp-content\\\/uploads\\\/2024\\\/06\\\/anasa_diller-1.jpg\"},{\"@type\":\"WebSite\",\"@id\":\"https:\\\/\\\/mirora.com\\\/#website\",\"url\":\"https:\\\/\\\/mirora.com\\\/\",\"name\":\"Mirora Translation\",\"description\":\"We Reflect Your Originals\",\"publisher\":{\"@id\":\"https:\\\/\\\/mirora.com\\\/#organization\"},\"potentialAction\":[{\"@type\":\"SearchAction\",\"target\":{\"@type\":\"EntryPoint\",\"urlTemplate\":\"https:\\\/\\\/mirora.com\\\/?s={search_term_string}\"},\"query-input\":{\"@type\":\"PropertyValueSpecification\",\"valueRequired\":true,\"valueName\":\"search_term_string\"}}],\"inLanguage\":\"en-US\"},{\"@type\":\"Organization\",\"@id\":\"https:\\\/\\\/mirora.com\\\/#organization\",\"name\":\"Mirora\",\"url\":\"https:\\\/\\\/mirora.com\\\/\",\"logo\":{\"@type\":\"ImageObject\",\"inLanguage\":\"en-US\",\"@id\":\"https:\\\/\\\/mirora.com\\\/#\\\/schema\\\/logo\\\/image\\\/\",\"url\":\"https:\\\/\\\/mirora.com\\\/wp-content\\\/uploads\\\/2023\\\/07\\\/MiroraLogo2.webp\",\"contentUrl\":\"https:\\\/\\\/mirora.com\\\/wp-content\\\/uploads\\\/2023\\\/07\\\/MiroraLogo2.webp\",\"width\":326,\"height\":108,\"caption\":\"Mirora\"},\"image\":{\"@id\":\"https:\\\/\\\/mirora.com\\\/#\\\/schema\\\/logo\\\/image\\\/\"}}]}<\/script>\n<!-- \/ Yoast SEO plugin. -->","yoast_head_json":{"title":"Languages - Mirora Translation","description":"Mirora.com offers translation services in 53 languages. You can get the most professional translation service among dozens of languages.","robots":{"index":"index","follow":"follow","max-snippet":"max-snippet:-1","max-image-preview":"max-image-preview:large","max-video-preview":"max-video-preview:-1"},"canonical":"https:\/\/mirora.com\/en\/languages\/","og_locale":"en_US","og_type":"article","og_title":"Diller - Mirora Translation","og_description":"Mirora.com 53 adet dilde \u00e7evirmenlik hizmeti sunuyor. Onlarca dil aras\u0131ndan en profesyonel \u015fekilde \u00e7evirmenlik hizmeti alabilirsiniz.","og_url":"https:\/\/mirora.com\/en\/languages\/","og_site_name":"Mirora Translation","article_modified_time":"2025-12-15T07:37:53+00:00","og_image":[{"url":"https:\/\/mirora.com\/wp-content\/uploads\/2024\/06\/anasa_diller-1.jpg","type":"","width":"","height":""}],"twitter_card":"summary_large_image","twitter_misc":{"Est. reading time":"1 minute"},"schema":{"@context":"https:\/\/schema.org","@graph":[{"@type":"WebPage","@id":"https:\/\/mirora.com\/diller\/","url":"https:\/\/mirora.com\/diller\/","name":"Languages - Mirora Translation","isPartOf":{"@id":"https:\/\/mirora.com\/#website"},"primaryImageOfPage":{"@id":"https:\/\/mirora.com\/diller\/#primaryimage"},"image":{"@id":"https:\/\/mirora.com\/diller\/#primaryimage"},"thumbnailUrl":"https:\/\/mirora.com\/wp-content\/uploads\/2024\/06\/anasa_diller-1.jpg","datePublished":"2024-05-30T23:56:29+00:00","dateModified":"2025-12-15T07:37:53+00:00","description":"Mirora.com offers translation services in 53 languages. You can get the most professional translation service among dozens of languages.","inLanguage":"en-US","potentialAction":[{"@type":"ReadAction","target":["https:\/\/mirora.com\/diller\/"]}]},{"@type":"ImageObject","inLanguage":"en-US","@id":"https:\/\/mirora.com\/diller\/#primaryimage","url":"https:\/\/mirora.com\/wp-content\/uploads\/2024\/06\/anasa_diller-1.jpg","contentUrl":"https:\/\/mirora.com\/wp-content\/uploads\/2024\/06\/anasa_diller-1.jpg"},{"@type":"WebSite","@id":"https:\/\/mirora.com\/#website","url":"https:\/\/mirora.com\/","name":"Mirora Translation","description":"We Reflect Your Originals","publisher":{"@id":"https:\/\/mirora.com\/#organization"},"potentialAction":[{"@type":"SearchAction","target":{"@type":"EntryPoint","urlTemplate":"https:\/\/mirora.com\/?s={search_term_string}"},"query-input":{"@type":"PropertyValueSpecification","valueRequired":true,"valueName":"search_term_string"}}],"inLanguage":"en-US"},{"@type":"Organization","@id":"https:\/\/mirora.com\/#organization","name":"Mirora","url":"https:\/\/mirora.com\/","logo":{"@type":"ImageObject","inLanguage":"en-US","@id":"https:\/\/mirora.com\/#\/schema\/logo\/image\/","url":"https:\/\/mirora.com\/wp-content\/uploads\/2023\/07\/MiroraLogo2.webp","contentUrl":"https:\/\/mirora.com\/wp-content\/uploads\/2023\/07\/MiroraLogo2.webp","width":326,"height":108,"caption":"Mirora"},"image":{"@id":"https:\/\/mirora.com\/#\/schema\/logo\/image\/"}}]}},"_links":{"self":[{"href":"https:\/\/mirora.com\/en\/wp-json\/wp\/v2\/pages\/6881","targetHints":{"allow":["GET"]}}],"collection":[{"href":"https:\/\/mirora.com\/en\/wp-json\/wp\/v2\/pages"}],"about":[{"href":"https:\/\/mirora.com\/en\/wp-json\/wp\/v2\/types\/page"}],"author":[{"embeddable":true,"href":"https:\/\/mirora.com\/en\/wp-json\/wp\/v2\/users\/1"}],"replies":[{"embeddable":true,"href":"https:\/\/mirora.com\/en\/wp-json\/wp\/v2\/comments?post=6881"}],"version-history":[{"count":112,"href":"https:\/\/mirora.com\/en\/wp-json\/wp\/v2\/pages\/6881\/revisions"}],"predecessor-version":[{"id":22830,"href":"https:\/\/mirora.com\/en\/wp-json\/wp\/v2\/pages\/6881\/revisions\/22830"}],"wp:attachment":[{"href":"https:\/\/mirora.com\/en\/wp-json\/wp\/v2\/media?parent=6881"}],"curies":[{"name":"wp","href":"https:\/\/api.w.org\/{rel}","templated":true}]}}