

{"id":21460,"date":"2025-03-07T09:49:19","date_gmt":"2025-03-07T06:49:19","guid":{"rendered":"https:\/\/mirora.com\/?page_id=21460"},"modified":"2026-01-28T12:09:41","modified_gmt":"2026-01-28T09:09:41","slug":"cerez-politikasi","status":"publish","type":"page","link":"https:\/\/mirora.com\/tr\/cerez-politikasi\/","title":{"rendered":"\u00c7erez Politikas\u0131"},"content":{"rendered":"\t\t<div data-elementor-type=\"wp-page\" data-elementor-id=\"21460\" class=\"elementor elementor-21460\" data-elementor-post-type=\"page\">\n\t\t\t\t<div class=\"elementor-element elementor-element-d869f00 e-flex e-con-boxed e-con e-parent\" data-id=\"d869f00\" data-element_type=\"container\" data-e-type=\"container\" data-settings=\"{&quot;background_background&quot;:&quot;classic&quot;}\">\n\t\t\t\t\t<div class=\"e-con-inner\">\n\t\t\t\t<div class=\"elementor-element elementor-element-9a1ba63 elementor-widget elementor-widget-heading\" data-id=\"9a1ba63\" data-element_type=\"widget\" data-e-type=\"widget\" data-widget_type=\"heading.default\">\n\t\t\t\t\t<h1 class=\"elementor-heading-title elementor-size-default\">Footer One<\/h1>\t\t\t\t<\/div>\n\t\t\t\t\t<\/div>\n\t\t\t\t<\/div>\n\t\t\t\t<section class=\"elementor-section elementor-top-section elementor-element elementor-element-1965056 elementor-section-full_width elementor-section-height-default elementor-section-height-default\" data-id=\"1965056\" data-element_type=\"section\" data-e-type=\"section\">\n\t\t\t\t\t\t<div class=\"elementor-container elementor-column-gap-no\">\n\t\t\t\t\t<div class=\"elementor-column elementor-col-100 elementor-top-column elementor-element elementor-element-9cabd29\" data-id=\"9cabd29\" data-element_type=\"column\" data-e-type=\"column\">\n\t\t\t<div class=\"elementor-widget-wrap elementor-element-populated\">\n\t\t\t\t\t\t<section class=\"elementor-section elementor-inner-section elementor-element elementor-element-bdd87a4 elementor-reverse-tablet elementor-reverse-mobile elementor-section-boxed elementor-section-height-default elementor-section-height-default\" data-id=\"bdd87a4\" data-element_type=\"section\" data-e-type=\"section\">\n\t\t\t\t\t\t<div class=\"elementor-container elementor-column-gap-no\">\n\t\t\t\t\t<div class=\"elementor-column elementor-col-100 elementor-inner-column elementor-element elementor-element-ede560a\" data-id=\"ede560a\" data-element_type=\"column\" data-e-type=\"column\">\n\t\t\t<div class=\"elementor-widget-wrap elementor-element-populated\">\n\t\t\t\t\t\t<div class=\"elementor-element elementor-element-cbbe88d elementor-widget elementor-widget-text-editor\" data-id=\"cbbe88d\" data-element_type=\"widget\" data-e-type=\"widget\" data-widget_type=\"text-editor.default\">\n\t\t\t\t\t\t\t\t\t<h2><span style=\"font-family: Roboto; font-size: 22px;\">Web Sitesi Gizlilik ve \u00c7erez Politikas\u0131<\/span><\/h2><h3><span style=\"font-family: Roboto; font-size: 18px;\">\u00c7erez (Cookie) Politikas\u0131 Metni<\/span><\/h3><p><span style=\"font-family: Roboto;\">Mirora gizlili\u011finize sayg\u0131 duyulmakta ve veri g\u00fcvenli\u011finize \u00f6nem verilmektedir. Bu kapsamda Mirora taraf\u0131ndan i\u015fletilen\u00a0<a href=\"http:\/\/www.mirora.com\">www.mirora.com<\/a>\u00a0web sitesini ziyaret edenlerin ki\u015fisel verilerini 6698 say\u0131l\u0131 Ki\u015fisel Verilerin Korunmas\u0131 Kanunu uyar\u0131nca i\u015flemekte ve gizlili\u011fini korumaktay\u0131z. Bu Web Sitesi Gizlilik ve \u00c7erez Politikas\u0131 ile ziyaret\u00e7ilerin ki\u015fisel verilerinin i\u015flenmesi, \u00e7erez politikas\u0131 ve internet sitesi gizlilik ilkeleri belirlenmektedir.<\/span><\/p><h3><span style=\"font-family: Roboto; font-size: 16px;\">Bilgilendirme<\/span><\/h3><p><span style=\"font-family: Roboto;\">Bir\u00e7ok web sitesi, teknik, i\u015flevsel, deneyim kalitesini artt\u0131rmak ve benzeri bir\u00e7ok sebepten \u201c\u00c7erez\u201d (Cookie) kullanmaktad\u0131r. A\u015fa\u011f\u0131da \u201c\u00c7erez\u201d (Cookie) kullan\u0131m\u0131m\u0131z, kullan\u0131c\u0131lar\u0131n bu \u00e7erezleri \u00e7e\u015fitli mecralarda nas\u0131l y\u00f6netebilece\u011fi a\u00e7\u0131klanmaktad\u0131r. Bu dok\u00fcmanda a\u00e7\u0131klanan bilgiler, Ki\u015fisel Verilerin Korunmas\u0131 Kanunu \u00e7er\u00e7evesinde sitemizden eri\u015filebilen Ayd\u0131nlatma ve Kullan\u0131c\u0131 S\u00f6zle\u015fmesi ile bir b\u00fct\u00fcn olarak de\u011ferlendirilmelidir.<\/span><\/p><h3><span style=\"font-family: Roboto; font-size: 16px;\">Gizlilik Politikam\u0131z<\/span><\/h3><p><span style=\"font-family: Roboto;\">Gizlili\u011finiz bizim i\u00e7in \u00f6nemlidir, gizlilik ve g\u00fcvenlik haklar\u0131n\u0131z temel prensibimizdir. Bu kapsamda, ki\u015fisel verilerin korunmas\u0131na dair ayd\u0131nlatma metnimize\u00a0<a href=\"https:\/\/mirora.com\/tr\/kvkk-aydinlatma-metni\/\">buradan<\/a>\u00a0ula\u015fabilirsiniz.<\/span><\/p><h3><span style=\"font-family: Roboto; font-size: 16px;\">\u00c7erez (Cookie) Nedir ve Neden Kullan\u0131lmaktad\u0131r?<\/span><\/h3><p><span style=\"font-family: Roboto;\">\u00c7erez (Cookie), herhangi bir \u0130nternet sitesi taraf\u0131ndan bilgisayara b\u0131rak\u0131lan bir t\u00fcr tan\u0131mlama dosyas\u0131d\u0131r. \u00c7erez dosyalar\u0131nda oturum bilgileri ve benzeri veriler saklan\u0131r. \u00c7erez kullanan bir site ziyaret edildi\u011finde bu site, eri\u015fimin yap\u0131ld\u0131\u011f\u0131 taray\u0131c\u0131ya sabit diske bir ya da daha fazla \u00e7erez b\u0131rakma konusunda talep g\u00f6nderebilir. \u00c7erezler, siteyi ziyaret eden ki\u015filere ait isim, ya\u015f, adres, cinsiyet gibi ki\u015fisel verileri bar\u0131nd\u0131rmazlar. \u00c7erezler hakk\u0131nda daha detayl\u0131 bilgi edinmek i\u00e7in l\u00fctfen\u00a0<a href=\"https:\/\/www.aboutcookies.org\/\">www.aboutcookies.org<\/a>\u00a0ve\u00a0<a href=\"https:\/\/www.allaboutcookies.org\/verify\">www.allaboutcookies.org<\/a>\u00a0sitelerini ziyaret ediniz.<\/span><\/p><h3><span style=\"font-family: Roboto; font-size: 16px;\">Web sitesinde \u00e7erezler, a\u015fa\u011f\u0131daki ama\u00e7lar i\u00e7in kullan\u0131labilir:<\/span><\/h3><ul><li><span style=\"font-family: Roboto;\">Web sitesinin \u00e7al\u0131\u015fmas\u0131 i\u00e7in gerekli olan i\u015flevleri yerine getirilmesi<\/span><\/li><li><span style=\"font-family: Roboto;\">Ziyaret ve deneyim ki\u015fiselle\u015ftirme, hedefleme, do\u011fru ve amaca d\u00f6n\u00fck reklam ve tan\u0131t\u0131m faaliyetlerinin y\u00fcr\u00fct\u00fclmesi<\/span><\/li><li><span style=\"font-family: Roboto;\">Web sitesi ve bile\u015fenlerinin i\u015flevlerinin do\u011fru, kolay ve daha verimli \u00e7al\u0131\u015fmas\u0131<\/span><\/li><li><span style=\"font-family: Roboto;\">Web sitesini, kaynak kullan\u0131m\u0131, eri\u015fen bilgisi, ziyaret\u00e7i say\u0131s\u0131 ve platformlar\u0131n\u0131n tespiti gibi bilgileri analiz ederek performans\u0131n artt\u0131r\u0131lmas\u0131 ve kullan\u0131c\u0131 deneyiminin iyile\u015ftirilmesi<\/span><\/li><li><span style=\"font-family: Roboto;\">\u015eirket&#8217;in, 5651 say\u0131l\u0131 Internet Ortam\u0131nda Yap\u0131lan Yay\u0131nlar\u0131n D\u00fczenlenmesi ve Bu Yay\u0131nlar Yoluyla \u0130\u015flenen Su\u00e7larla M\u00fccadele Edilmesi Hakk\u0131nda Kanun ve Internet Ortam\u0131nda Yap\u0131lan Yay\u0131nlar\u0131n D\u00fczenlenmesine Dair Usul ve Esaslar Hakk\u0131nda Y\u00f6netmelik&#8217;ten kaynaklananlar ba\u015fta olmak \u00fczere, kanuni ve s\u00f6zle\u015fmesel y\u00fck\u00fcml\u00fcl\u00fcklerini yerine getirebilmesi i\u00e7in IP adresiniz gibi ki\u015fisel verilerinize ihtiya\u00e7 duymas\u0131<\/span><\/li><\/ul><h3><span style=\"font-family: Roboto; font-size: 16px;\">\u00c7erezlerle Hangi T\u00fcr Verilerinizi \u0130\u015fliyoruz?<\/span><\/h3><p><span style=\"font-family: Roboto;\">\u00c7erezler, t\u00fcrlerine ba\u011fl\u0131 olmak \u00fczere, genel olarak, Web Sitesi&#8217;ne eri\u015fti\u011finiz cihazda tarama ve kullan\u0131m tercihlerinize ili\u015fkin verileri toplamaktad\u0131r. Bu veriler, eri\u015fti\u011finiz sayfalar\u0131, inceledi\u011finiz hizmet ve \u00fcr\u00fcnlerimizi, Web Sitesi&#8217;nde yapt\u0131\u011f\u0131n\u0131z gezintiye ili\u015fkin bilgileri kapsamaktad\u0131r.<\/span><\/p><h3><span style=\"font-family: Roboto; font-size: 16px;\">Hangi T\u00fcr \u00c7erezleri Hangi \u015eekillerde Kullan\u0131yoruz?<\/span><\/h3><p><span style=\"font-family: Roboto;\">Web Sitesi&#8217;nde farkl\u0131 t\u00fcrlerde \u00e7erezler kullanmaktay\u0131z. Bunlar Web Sitesi&#8217;nin \u00e7al\u0131\u015fmas\u0131n\u0131 sa\u011flamak i\u00e7in kullan\u0131lmas\u0131 zorunlu olan \u00e7erezler, i\u015flev \u00e7erezleri, analiz\/performans \u00e7erezleri ve hedefleme\/reklam \u00e7erezleridir.<\/span><\/p><h3><span style=\"font-family: Roboto; font-size: 16px;\">Bizimle \u0130leti\u015fime Ge\u00e7in<\/span><\/h3><p><span style=\"font-family: Roboto;\">Politika ile ilgili t\u00fcm soru ve g\u00f6r\u00fc\u015flerinizi bize iletmek i\u00e7in info@mirora.com\u00a0e-posta adresinden diledi\u011finiz zaman ula\u015fabilirsiniz.<\/span><\/p>\t\t\t\t\t\t\t\t<\/div>\n\t\t\t\t\t<\/div>\n\t\t<\/div>\n\t\t\t\t\t<\/div>\n\t\t<\/section>\n\t\t\t\t\t<\/div>\n\t\t<\/div>\n\t\t\t\t\t<\/div>\n\t\t<\/section>\n\t\t\t\t<\/div>\n\t\t","protected":false},"excerpt":{"rendered":"<p>Web Sitesi Gizlilik ve \u00c7erez Politikas\u0131 \u00c7erez (Cookie) Politikas\u0131 Metni Mirora gizlili\u011finize sayg\u0131 duyulmakta ve veri g\u00fcvenli\u011finize \u00f6nem verilmektedir. Bu&#8230;<\/p>\n","protected":false},"author":1,"featured_media":0,"parent":0,"menu_order":0,"comment_status":"closed","ping_status":"closed","template":"template-builder.php","meta":{"_monsterinsights_skip_tracking":false,"_monsterinsights_sitenote_active":false,"_monsterinsights_sitenote_note":"","_monsterinsights_sitenote_category":0,"footnotes":""},"class_list":["post-21460","page","type-page","status-publish","hentry"],"yoast_head":"<!-- This site is optimized with the Yoast SEO plugin v27.4 - https:\/\/yoast.com\/product\/yoast-seo-wordpress\/ -->\n<title>\u00c7erez Politikas\u0131 - Mirora Translation<\/title>\n<meta name=\"description\" content=\"Ayd\u0131nlatma ve r\u0131za metninin amac\u0131 ki\u015fisel bilgilerin ya da gizli nitelikli di\u011fer bilgilerin neler oldu\u011fu ve nas\u0131l i\u015flenece\u011fi, aktar\u0131laca\u011f\u0131, korunaca\u011f\u0131 veya imha edilece\u011fi konular\u0131nda sizi bilgilendirmektir.\" \/>\n<meta name=\"robots\" content=\"index, follow, max-snippet:-1, max-image-preview:large, max-video-preview:-1\" \/>\n<link rel=\"canonical\" href=\"https:\/\/mirora.com\/tr\/cerez-politikasi\/\" \/>\n<meta property=\"og:locale\" content=\"tr_TR\" \/>\n<meta property=\"og:type\" content=\"article\" \/>\n<meta property=\"og:title\" content=\"\u00c7erez Politikas\u0131 - Mirora Translation\" \/>\n<meta property=\"og:description\" content=\"Ayd\u0131nlatma ve r\u0131za metninin amac\u0131 ki\u015fisel bilgilerin ya da gizli nitelikli di\u011fer bilgilerin neler oldu\u011fu ve nas\u0131l i\u015flenece\u011fi, aktar\u0131laca\u011f\u0131, korunaca\u011f\u0131 veya imha edilece\u011fi konular\u0131nda sizi bilgilendirmektir.\" \/>\n<meta property=\"og:url\" content=\"https:\/\/mirora.com\/tr\/cerez-politikasi\/\" \/>\n<meta property=\"og:site_name\" content=\"Mirora Translation\" \/>\n<meta property=\"article:modified_time\" content=\"2026-01-28T09:09:41+00:00\" \/>\n<meta name=\"twitter:card\" content=\"summary_large_image\" \/>\n<meta name=\"twitter:label1\" content=\"Tahmini okuma s\u00fcresi\" \/>\n\t<meta name=\"twitter:data1\" content=\"2 dakika\" \/>\n<script type=\"application\/ld+json\" class=\"yoast-schema-graph\">{\"@context\":\"https:\\\/\\\/schema.org\",\"@graph\":[{\"@type\":\"WebPage\",\"@id\":\"https:\\\/\\\/mirora.com\\\/tr\\\/cerez-politikasi\\\/\",\"url\":\"https:\\\/\\\/mirora.com\\\/tr\\\/cerez-politikasi\\\/\",\"name\":\"\u00c7erez Politikas\u0131 - Mirora Translation\",\"isPartOf\":{\"@id\":\"https:\\\/\\\/mirora.com\\\/#website\"},\"datePublished\":\"2025-03-07T06:49:19+00:00\",\"dateModified\":\"2026-01-28T09:09:41+00:00\",\"description\":\"Ayd\u0131nlatma ve r\u0131za metninin amac\u0131 ki\u015fisel bilgilerin ya da gizli nitelikli di\u011fer bilgilerin neler oldu\u011fu ve nas\u0131l i\u015flenece\u011fi, aktar\u0131laca\u011f\u0131, korunaca\u011f\u0131 veya imha edilece\u011fi konular\u0131nda sizi bilgilendirmektir.\",\"inLanguage\":\"tr\",\"potentialAction\":[{\"@type\":\"ReadAction\",\"target\":[\"https:\\\/\\\/mirora.com\\\/tr\\\/cerez-politikasi\\\/\"]}]},{\"@type\":\"WebSite\",\"@id\":\"https:\\\/\\\/mirora.com\\\/#website\",\"url\":\"https:\\\/\\\/mirora.com\\\/\",\"name\":\"Mirora Translation\",\"description\":\"We Reflect Your Originals\",\"publisher\":{\"@id\":\"https:\\\/\\\/mirora.com\\\/#organization\"},\"potentialAction\":[{\"@type\":\"SearchAction\",\"target\":{\"@type\":\"EntryPoint\",\"urlTemplate\":\"https:\\\/\\\/mirora.com\\\/?s={search_term_string}\"},\"query-input\":{\"@type\":\"PropertyValueSpecification\",\"valueRequired\":true,\"valueName\":\"search_term_string\"}}],\"inLanguage\":\"tr\"},{\"@type\":\"Organization\",\"@id\":\"https:\\\/\\\/mirora.com\\\/#organization\",\"name\":\"Mirora\",\"url\":\"https:\\\/\\\/mirora.com\\\/\",\"logo\":{\"@type\":\"ImageObject\",\"inLanguage\":\"tr\",\"@id\":\"https:\\\/\\\/mirora.com\\\/#\\\/schema\\\/logo\\\/image\\\/\",\"url\":\"https:\\\/\\\/mirora.com\\\/wp-content\\\/uploads\\\/2023\\\/07\\\/MiroraLogo2.webp\",\"contentUrl\":\"https:\\\/\\\/mirora.com\\\/wp-content\\\/uploads\\\/2023\\\/07\\\/MiroraLogo2.webp\",\"width\":326,\"height\":108,\"caption\":\"Mirora\"},\"image\":{\"@id\":\"https:\\\/\\\/mirora.com\\\/#\\\/schema\\\/logo\\\/image\\\/\"}}]}<\/script>\n<!-- \/ Yoast SEO plugin. -->","yoast_head_json":{"title":"\u00c7erez Politikas\u0131 - Mirora Translation","description":"Ayd\u0131nlatma ve r\u0131za metninin amac\u0131 ki\u015fisel bilgilerin ya da gizli nitelikli di\u011fer bilgilerin neler oldu\u011fu ve nas\u0131l i\u015flenece\u011fi, aktar\u0131laca\u011f\u0131, korunaca\u011f\u0131 veya imha edilece\u011fi konular\u0131nda sizi bilgilendirmektir.","robots":{"index":"index","follow":"follow","max-snippet":"max-snippet:-1","max-image-preview":"max-image-preview:large","max-video-preview":"max-video-preview:-1"},"canonical":"https:\/\/mirora.com\/tr\/cerez-politikasi\/","og_locale":"tr_TR","og_type":"article","og_title":"\u00c7erez Politikas\u0131 - Mirora Translation","og_description":"Ayd\u0131nlatma ve r\u0131za metninin amac\u0131 ki\u015fisel bilgilerin ya da gizli nitelikli di\u011fer bilgilerin neler oldu\u011fu ve nas\u0131l i\u015flenece\u011fi, aktar\u0131laca\u011f\u0131, korunaca\u011f\u0131 veya imha edilece\u011fi konular\u0131nda sizi bilgilendirmektir.","og_url":"https:\/\/mirora.com\/tr\/cerez-politikasi\/","og_site_name":"Mirora Translation","article_modified_time":"2026-01-28T09:09:41+00:00","twitter_card":"summary_large_image","twitter_misc":{"Tahmini okuma s\u00fcresi":"2 dakika"},"schema":{"@context":"https:\/\/schema.org","@graph":[{"@type":"WebPage","@id":"https:\/\/mirora.com\/tr\/cerez-politikasi\/","url":"https:\/\/mirora.com\/tr\/cerez-politikasi\/","name":"\u00c7erez Politikas\u0131 - Mirora Translation","isPartOf":{"@id":"https:\/\/mirora.com\/#website"},"datePublished":"2025-03-07T06:49:19+00:00","dateModified":"2026-01-28T09:09:41+00:00","description":"Ayd\u0131nlatma ve r\u0131za metninin amac\u0131 ki\u015fisel bilgilerin ya da gizli nitelikli di\u011fer bilgilerin neler oldu\u011fu ve nas\u0131l i\u015flenece\u011fi, aktar\u0131laca\u011f\u0131, korunaca\u011f\u0131 veya imha edilece\u011fi konular\u0131nda sizi bilgilendirmektir.","inLanguage":"tr","potentialAction":[{"@type":"ReadAction","target":["https:\/\/mirora.com\/tr\/cerez-politikasi\/"]}]},{"@type":"WebSite","@id":"https:\/\/mirora.com\/#website","url":"https:\/\/mirora.com\/","name":"Mirora Translation","description":"We Reflect Your Originals","publisher":{"@id":"https:\/\/mirora.com\/#organization"},"potentialAction":[{"@type":"SearchAction","target":{"@type":"EntryPoint","urlTemplate":"https:\/\/mirora.com\/?s={search_term_string}"},"query-input":{"@type":"PropertyValueSpecification","valueRequired":true,"valueName":"search_term_string"}}],"inLanguage":"tr"},{"@type":"Organization","@id":"https:\/\/mirora.com\/#organization","name":"Mirora","url":"https:\/\/mirora.com\/","logo":{"@type":"ImageObject","inLanguage":"tr","@id":"https:\/\/mirora.com\/#\/schema\/logo\/image\/","url":"https:\/\/mirora.com\/wp-content\/uploads\/2023\/07\/MiroraLogo2.webp","contentUrl":"https:\/\/mirora.com\/wp-content\/uploads\/2023\/07\/MiroraLogo2.webp","width":326,"height":108,"caption":"Mirora"},"image":{"@id":"https:\/\/mirora.com\/#\/schema\/logo\/image\/"}}]}},"_links":{"self":[{"href":"https:\/\/mirora.com\/tr\/wp-json\/wp\/v2\/pages\/21460","targetHints":{"allow":["GET"]}}],"collection":[{"href":"https:\/\/mirora.com\/tr\/wp-json\/wp\/v2\/pages"}],"about":[{"href":"https:\/\/mirora.com\/tr\/wp-json\/wp\/v2\/types\/page"}],"author":[{"embeddable":true,"href":"https:\/\/mirora.com\/tr\/wp-json\/wp\/v2\/users\/1"}],"replies":[{"embeddable":true,"href":"https:\/\/mirora.com\/tr\/wp-json\/wp\/v2\/comments?post=21460"}],"version-history":[{"count":10,"href":"https:\/\/mirora.com\/tr\/wp-json\/wp\/v2\/pages\/21460\/revisions"}],"predecessor-version":[{"id":23099,"href":"https:\/\/mirora.com\/tr\/wp-json\/wp\/v2\/pages\/21460\/revisions\/23099"}],"wp:attachment":[{"href":"https:\/\/mirora.com\/tr\/wp-json\/wp\/v2\/media?parent=21460"}],"curies":[{"name":"wp","href":"https:\/\/api.w.org\/{rel}","templated":true}]}}