

{"id":22440,"date":"2025-05-19T15:02:27","date_gmt":"2025-05-19T12:02:27","guid":{"rendered":"https:\/\/mirora.com\/?page_id=22440"},"modified":"2025-05-29T13:23:00","modified_gmt":"2025-05-29T10:23:00","slug":"litvanca-ceviri","status":"publish","type":"page","link":"https:\/\/mirora.com\/tr\/litvanca-ceviri\/","title":{"rendered":"Litvanca (Lietuvi\u0173 kalba) \u00c7eviri"},"content":{"rendered":"\t\t<div data-elementor-type=\"wp-page\" data-elementor-id=\"22440\" class=\"elementor elementor-22440\" data-elementor-post-type=\"page\">\n\t\t\t\t<div class=\"elementor-element elementor-element-b0953d2 e-flex e-con-boxed e-con e-parent\" data-id=\"b0953d2\" data-element_type=\"container\" data-e-type=\"container\" data-settings=\"{&quot;background_background&quot;:&quot;classic&quot;}\">\n\t\t\t\t\t<div class=\"e-con-inner\">\n\t\t\t\t<div class=\"elementor-element elementor-element-8f5b72a elementor-widget elementor-widget-heading\" data-id=\"8f5b72a\" data-element_type=\"widget\" data-e-type=\"widget\" data-widget_type=\"heading.default\">\n\t\t\t\t\t<h1 class=\"elementor-heading-title elementor-size-default\">Footer One<\/h1>\t\t\t\t<\/div>\n\t\t\t\t\t<\/div>\n\t\t\t\t<\/div>\n\t\t\t\t<section class=\"elementor-section elementor-top-section elementor-element elementor-element-7144dec elementor-section-full_width elementor-section-height-default elementor-section-height-default\" data-id=\"7144dec\" data-element_type=\"section\" data-e-type=\"section\">\n\t\t\t\t\t\t<div class=\"elementor-container elementor-column-gap-no\">\n\t\t\t\t\t<div class=\"elementor-column elementor-col-100 elementor-top-column elementor-element elementor-element-2ac3368\" data-id=\"2ac3368\" data-element_type=\"column\" data-e-type=\"column\">\n\t\t\t<div class=\"elementor-widget-wrap elementor-element-populated\">\n\t\t\t\t\t\t<section class=\"elementor-section elementor-inner-section elementor-element elementor-element-6cf5ae6 elementor-section-content-middle elementor-section-boxed elementor-section-height-default elementor-section-height-default\" data-id=\"6cf5ae6\" data-element_type=\"section\" data-e-type=\"section\">\n\t\t\t\t\t\t<div class=\"elementor-container elementor-column-gap-no\">\n\t\t\t\t\t<div class=\"elementor-column elementor-col-100 elementor-inner-column elementor-element elementor-element-309d6ce\" data-id=\"309d6ce\" data-element_type=\"column\" data-e-type=\"column\">\n\t\t\t<div class=\"elementor-widget-wrap elementor-element-populated\">\n\t\t\t\t\t\t<div class=\"elementor-element elementor-element-83a00e2 elementor-widget elementor-widget-text-editor\" data-id=\"83a00e2\" data-element_type=\"widget\" data-e-type=\"widget\" data-widget_type=\"text-editor.default\">\n\t\t\t\t\t\t\t\t\t<p>Balt\u0131k Denizi&#8217;nin do\u011fu k\u0131y\u0131lar\u0131nda, amber renkli ormanlarla \u00e7evrili Litvanya&#8217;n\u0131n dilsel hazinesi Litvanca, Hint-Avrupa dil ailesinin en eski ve en saf kalm\u0131\u015f \u00fcyesidir. Kendi dilindeki ad\u0131yla &#8220;Lietuvi\u0173 kalba&#8221;, yakla\u015f\u0131k 3 milyon ki\u015fi taraf\u0131ndan konu\u015fulmakta olup, Litvanya&#8217;n\u0131n yan\u0131 s\u0131ra Polonya, Belarus ve Letonya&#8217;n\u0131n baz\u0131 b\u00f6lgelerinde de hayat bulmaktad\u0131r.<\/p><p>Tarihin Dilinde Yolculuk<br \/>Litvancan\u0131n k\u00f6kenleri, M\u00d6 3500 y\u0131llar\u0131na kadar uzanan Proto-Hint-Avrupa diline dayan\u0131r. Dilbilimciler taraf\u0131ndan &#8220;ya\u015fayan bir dil fosili&#8221; olarak kabul edilen Litvanca, Sanskrit\u00e7e ve Latince ile \u015fa\u015f\u0131rt\u0131c\u0131 benzerlikler ta\u015f\u0131r. \u00d6rne\u011fin, &#8220;dievas&#8221; (tanr\u0131) &#8211; Sanskrit &#8220;deva&#8221;, &#8220;vyras&#8221; (adam) &#8211; Latince &#8220;vir&#8221; gibi. 16. y\u00fczy\u0131lda bas\u0131lan ilk Litvanca kitap olan &#8220;Katekizmas&#8221;, dilin yaz\u0131l\u0131 gelene\u011finin ba\u015flang\u0131c\u0131n\u0131 temsil eder.<\/p><p>Dilsel \u00d6zellikleri: Zaman\u0131n Donmu\u015f Anlar\u0131<br \/>Litvancan\u0131n en dikkat \u00e7ekici y\u00f6n\u00fc, binlerce y\u0131l \u00f6ncesinin dil \u00f6zelliklerini koruyabilmi\u015f olmas\u0131d\u0131r:<\/p><p>Arkaik fonetik yap\u0131: Sanskrit\u00e7e ve Eski Yunanca ile ortak ses \u00f6zellikleri<\/p><p>Karma\u015f\u0131k \u00e7ekim sistemi: 7 isim hali (vokatif hala aktif kullan\u0131mda)<\/p><p>Zengin fiil \u00e7ekimleri: 3 zaman, 4 fiil \u00e7at\u0131s\u0131, 6 s\u0131fat-fiil formu<\/p><p>Vurgu sistemindeki incelikler: Vurgunun yeri anlam de\u011fi\u015ftirebilir (&#8220;k\u00e1ltas&#8221; &#8211; \u00e7alan \/ &#8220;kalt\u00e0s&#8221; &#8211; \u00e7al\u0131nan)<\/p><p>Modern D\u00fcnyada Antik Bir Dil<br \/>G\u00fcn\u00fcm\u00fczde Litvanca, Litvanya&#8217;n\u0131n dinamik teknoloji sekt\u00f6r\u00fcnde ve Avrupa Birli\u011fi kurumlar\u0131nda aktif olarak kullan\u0131lmaktad\u0131r. Vilnius&#8217;taki &#8220;Silicon Valley of the Baltics&#8221; olarak an\u0131lan teknoloji merkezi, bu antik dilin dijital \u00e7a\u011fa uyum sa\u011flad\u0131\u011f\u0131n\u0131n en g\u00fczel kan\u0131t\u0131d\u0131r. UNESCO&#8217;nun koruma alt\u0131na ald\u0131\u011f\u0131 diller aras\u0131nda yer alan Litvanca, ayn\u0131 zamanda d\u00fcnyan\u0131n en uzun s\u00fcre ya\u015fayan pagan gelene\u011finin (Romuva) rit\u00fcel dilidir.<\/p><p>Mirora ile Litvanca \u00c7\u00f6z\u00fcmleri<br \/>Litvanya merkezli yerel uzman ekiplerimiz, Litvancan\u0131n antik k\u00f6klerini modern ihtiya\u00e7larla bulu\u015fturuyor. \u00d6zellikle finans teknolojileri (fintech) ve biyoteknoloji alanlar\u0131nda uzmanla\u015fm\u0131\u015f \u00e7evirmen ve edit\u00f6r kadrolar\u0131m\u0131z, bu karma\u015f\u0131k dilin inceliklerini en teknik metinlerde bile koruyor. Litvanya&#8217;n\u0131n h\u0131zla b\u00fcy\u00fcyen startup ekosistemine \u00f6zel olarak, yat\u0131r\u0131m dok\u00fcmanlar\u0131ndan kullan\u0131c\u0131 aray\u00fcz\u00fc yerelle\u015ftirmesine kadar geni\u015f bir yelpazede hizmet sunuyoruz.<\/p><p>\u00a0<\/p>\t\t\t\t\t\t\t\t<\/div>\n\t\t\t\t\t<\/div>\n\t\t<\/div>\n\t\t\t\t\t<\/div>\n\t\t<\/section>\n\t\t\t\t\t<\/div>\n\t\t<\/div>\n\t\t\t\t\t<\/div>\n\t\t<\/section>\n\t\t\t\t<section class=\"elementor-section elementor-top-section elementor-element elementor-element-ccb76a8 elementor-section-full_width elementor-hidden-desktop elementor-hidden-tablet elementor-hidden-mobile elementor-section-height-default elementor-section-height-default\" data-id=\"ccb76a8\" data-element_type=\"section\" data-e-type=\"section\" data-settings=\"{&quot;background_background&quot;:&quot;classic&quot;}\">\n\t\t\t\t\t\t<div class=\"elementor-container elementor-column-gap-no\">\n\t\t\t\t\t<div class=\"elementor-column elementor-col-100 elementor-top-column elementor-element elementor-element-d111316\" data-id=\"d111316\" data-element_type=\"column\" data-e-type=\"column\">\n\t\t\t<div class=\"elementor-widget-wrap elementor-element-populated\">\n\t\t\t\t\t\t<section class=\"elementor-section elementor-inner-section elementor-element elementor-element-ca47f7a elementor-section-content-middle elementor-reverse-tablet elementor-reverse-mobile elementor-section-boxed elementor-section-height-default elementor-section-height-default\" data-id=\"ca47f7a\" data-element_type=\"section\" data-e-type=\"section\">\n\t\t\t\t\t\t<div class=\"elementor-container elementor-column-gap-no\">\n\t\t\t\t\t<div class=\"elementor-column elementor-col-100 elementor-inner-column elementor-element elementor-element-c81415a\" data-id=\"c81415a\" data-element_type=\"column\" data-e-type=\"column\">\n\t\t\t<div class=\"elementor-widget-wrap elementor-element-populated\">\n\t\t\t\t\t\t<div class=\"elementor-element elementor-element-a900d95 elementor-widget elementor-widget-edurasectiontitle\" data-id=\"a900d95\" data-element_type=\"widget\" data-e-type=\"widget\" data-widget_type=\"edurasectiontitle.default\">\n\t\t\t\t<div class=\"elementor-widget-container\">\n\t\t\t\t\t<div class=\"title-area mb-50\" ><span class=\"sub-title subtitle-selector\"><i class=\"fal fa-book me-2\"><\/i>S\u0131k Sorulan Sorular<\/span><h2 class=\"sec-title title-selector\">En \u00c7ok Merak Ettikleriniz\n<\/h2><\/div>\t\t\t\t<\/div>\n\t\t\t\t<\/div>\n\t\t\t\t<div class=\"elementor-element elementor-element-87e097c elementor-widget elementor-widget-edurafaq\" data-id=\"87e097c\" data-element_type=\"widget\" data-e-type=\"widget\" data-widget_type=\"edurafaq.default\">\n\t\t\t\t<div class=\"elementor-widget-container\">\n\t\t\t\t\t\r\n\t\t<div class=\"accordion-area accordion\" id=\"faqAccordion1\">\r\n\t\t\t            <div class=\"accordion-card style4\">\r\n            \t                <div class=\"accordion-header\" id=\"collapse-item-69e448debfc33\">\r\n                    <button class=\"accordion-button \" type=\"button\" data-bs-toggle=\"collapse\"\r\n                        data-bs-target=\"#collapse-69e448debfc33\" aria-expanded=\"true\" aria-controls=\"collapse-69e448debfc33\">Almanca \u00e7evirinin do\u011frulu\u011funu nas\u0131l garanti ediyorsunuz?<\/button>\r\n                <\/div>\r\n                                                <div id=\"collapse-69e448debfc33\" class=\"accordion-collapse collapse show\"\r\n                    aria-labelledby=\"collapse-item-69e448debfc33\" data-bs-parent=\"#faqAccordion1\">\r\n                    <div class=\"accordion-body\">\r\n\t\t\t\t\t\t<p class=\"faq-text\"><div class=\"elementor-accordion-item\"><div id=\"elementor-tab-content-9851\" class=\"elementor-tab-content elementor-clearfix elementor-active\" role=\"region\" data-tab=\"1\" aria-labelledby=\"elementor-tab-title-9851\"><div class=\"ea-card ea-expand sp-ea-single\"><div id=\"collapse99120\" class=\"sp-collapse spcollapse collapsed show\" data-parent=\"#sp-ea-9912\"><div class=\"ea-body\"><div class=\"elementor-accordion-item\"><div id=\"elementor-tab-content-5231\" class=\"elementor-tab-content elementor-clearfix elementor-active\" role=\"region\" data-tab=\"1\" aria-labelledby=\"elementor-tab-title-5231\"><div class=\"elementor-accordion-item\"><div id=\"elementor-tab-content-1471\" class=\"elementor-tab-content elementor-clearfix elementor-active\" role=\"region\" data-tab=\"1\" aria-labelledby=\"elementor-tab-title-1471\"><div class=\"elementor-element elementor-element-c73943b elementor-widget elementor-widget-accordion\" data-id=\"c73943b\" data-element_type=\"widget\" data-widget_type=\"accordion.default\"><div class=\"elementor-widget-container\"><div class=\"elementor-accordion\"><div class=\"elementor-accordion-item\"><div id=\"elementor-tab-content-2081\" class=\"elementor-tab-content elementor-clearfix elementor-active\" role=\"region\" data-tab=\"1\" aria-labelledby=\"elementor-tab-title-2081\">\u00c7eviri, uluslararas\u0131 kalite standartlar\u0131nda anadili hedef dil olan ki\u015filer taraf\u0131ndan yap\u0131l\u0131r. Mirora olarak \u00e7eyrek y\u00fczy\u0131l\u0131 a\u015fk\u0131n deneyimimizle d\u00fcnyan\u0131n d\u00f6rt bir yan\u0131nda anla\u015fmal\u0131 oldu\u011fumuz bizim gibi kalite belgeli kurumsal i\u015f ortaklar\u0131m\u0131z hizmet vermekteyiz. Almanca \u00e7eviri de, bu i\u015f ortaklar\u0131m\u0131z taraf\u0131ndan (genellikle \u0130ngilizce tampon dil olarak kullan\u0131larak) anadili Almanca olan \u00e7evirmenler taraf\u0131ndan yap\u0131l\u0131r. Redaksiyon ve son okuma gibi t\u00fcm kontrol s\u00fcre\u00e7leri tamamlanan i\u015f Mirora kalite ve g\u00fcvencesiyle m\u00fc\u015fteriye teslim edilir.<\/div><\/div><\/div><\/div><\/div><\/div><\/div><\/div><\/div><\/div><\/div><\/div><\/div><\/div><\/p>\r\n                    <\/div>\r\n                <\/div>\r\n                            <\/div>\r\n                    <\/div>\r\n\r\n    \t\t\t\t<\/div>\n\t\t\t\t<\/div>\n\t\t\t\t\t<\/div>\n\t\t<\/div>\n\t\t\t\t\t<\/div>\n\t\t<\/section>\n\t\t\t\t\t<\/div>\n\t\t<\/div>\n\t\t\t\t\t<\/div>\n\t\t<\/section>\n\t\t<div class=\"elementor-element elementor-element-11af725 e-flex e-con-boxed e-con e-parent\" data-id=\"11af725\" data-element_type=\"container\" data-e-type=\"container\">\n\t\t\t\t\t<div class=\"e-con-inner\">\n\t\t\t\t<div class=\"elementor-element elementor-element-0e0a559 elementor-widget elementor-widget-heading\" data-id=\"0e0a559\" data-element_type=\"widget\" data-e-type=\"widget\" data-widget_type=\"heading.default\">\n\t\t\t\t\t<h2 class=\"elementor-heading-title elementor-size-default\">Bu Yaz\u0131lar\u0131m\u0131z \u0130lginizi \u00c7ekebilir ! Hizmetimiz ile ilgili daha fazla bilgi edinin.<\/h2>\t\t\t\t<\/div>\n\t\t\t\t<div class=\"elementor-element elementor-element-8750193 elementor-widget-divider--view-line elementor-widget elementor-widget-divider\" data-id=\"8750193\" data-element_type=\"widget\" data-e-type=\"widget\" data-widget_type=\"divider.default\">\n\t\t\t\t\t\t\t<div class=\"elementor-divider\">\n\t\t\t<span class=\"elementor-divider-separator\">\n\t\t\t\t\t\t<\/span>\n\t\t<\/div>\n\t\t\t\t\t\t<\/div>\n\t\t\t\t\t<\/div>\n\t\t\t\t<\/div>\n\t\t<div class=\"elementor-element elementor-element-ffeea5b e-flex e-con-boxed e-con e-parent\" data-id=\"ffeea5b\" data-element_type=\"container\" data-e-type=\"container\">\n\t\t\t\t\t<div class=\"e-con-inner\">\n\t\t<div class=\"elementor-element elementor-element-d419971 e-con-full e-flex e-con e-child\" data-id=\"d419971\" data-element_type=\"container\" data-e-type=\"container\">\n\t\t\t\t<div class=\"elementor-element elementor-element-db803de premium-blog-align-left elementor-widget elementor-widget-premium-addon-blog\" data-id=\"db803de\" data-element_type=\"widget\" data-e-type=\"widget\" data-settings=\"{&quot;premium_blog_columns_number&quot;:&quot;100%&quot;,&quot;premium_blog_grid&quot;:&quot;yes&quot;,&quot;premium_blog_layout&quot;:&quot;even&quot;,&quot;premium_blog_columns_number_tablet&quot;:&quot;50%&quot;,&quot;premium_blog_columns_number_mobile&quot;:&quot;100%&quot;}\" data-widget_type=\"premium-addon-blog.default\">\n\t\t\t\t\t\n\t\t\n\n\t\t\t\t<div class=\"premium-blog-wrap  premium-blog-even\" data-page=\"22440\">\n\t\t\t\t\t\t\t\t\t<div class=\"premium-blog-post-outer-container\" data-total=\"1\">\n\t\t\t<div class=\"premium-blog-post-container premium-blog-skin-banner\">\n\t\t\t\t\t\t\t\t\t<div class=\"premium-blog-thumb-effect-wrapper\">\n\t\t\t\t\t\t<div class=\"premium-blog-thumbnail-container premium-blog-zoomin-effect\">\n\t\t\t\t\t\t\t<img fetchpriority=\"high\" decoding=\"async\" width=\"1620\" height=\"882\" src=\"https:\/\/mirora.com\/wp-content\/uploads\/2021\/07\/Almanca-ceviri-mirora-1.jpg\" class=\"attachment-full size-full wp-image-9090\" alt=\"Almanca \u2013 T\u00fcrk\u00e7e \u00c7eviri ve Bu Dillerin Yap\u0131sal Evrenleri\" srcset=\"https:\/\/mirora.com\/wp-content\/uploads\/2021\/07\/Almanca-ceviri-mirora-1.jpg 1620w, https:\/\/mirora.com\/wp-content\/uploads\/2021\/07\/Almanca-ceviri-mirora-1-300x163.jpg 300w, https:\/\/mirora.com\/wp-content\/uploads\/2021\/07\/Almanca-ceviri-mirora-1-1024x558.jpg 1024w, https:\/\/mirora.com\/wp-content\/uploads\/2021\/07\/Almanca-ceviri-mirora-1-768x418.jpg 768w, https:\/\/mirora.com\/wp-content\/uploads\/2021\/07\/Almanca-ceviri-mirora-1-1536x836.jpg 1536w\" sizes=\"(max-width: 1620px) 100vw, 1620px\" \/>\t\t\t\t\t\t<\/div>\n\t\t\t\t\t\t\t\t\t\t\t\t\t<div class=\"premium-blog-thumbnail-overlay\">\n\t\t\t\t\t\t\t\t<a class=\"elementor-icon\" href=\"https:\/\/mirora.com\/tr\/almanca-turkce-ceviri-ve-bu-dillerin-yapisal-evrenleri\/\" target=\"_blank\"><\/a>\n\t\t\t\t\t\t\t<\/div>\n\n\t\t\t\t\t\t\t\t\t\t\t\t\t\t\t\t\t\t<\/div>\n\t\t\t\t\t\t\t\t\t\t\t\t<div class=\"premium-blog-content-wrapper \">\n\n\t\t\t\t\t<div class=\"premium-blog-inner-container\">\n\n\t\t\t\t\t\t\t\t\t\t\t\t\t\t<h2 class=\"premium-blog-entry-title\">\n\t\t\t<a href=\"https:\/\/mirora.com\/tr\/almanca-turkce-ceviri-ve-bu-dillerin-yapisal-evrenleri\/\" target=\"_blank\">\n\t\t\t\tAlmanca T\u00fcrk\u00e7e \u00c7eviri ve Bu Dillerin Yap\u0131s\u0131\t\t\t<\/a>\n\t\t<\/h2>\n\t\t\t\t<div class=\"premium-blog-entry-meta\">\n\t\t\t\n\t\t\t\n\t\t\t\n\t\t\t\t\t<\/div>\n\t\t\n\t\t\t\t\t<\/div>\n\n\t\t\t\t\t\t\t<div class=\"premium-blog-content-inner-wrapper\">\n\t\t<p class=\"premium-blog-post-content\">Bu makalede dil yap\u0131lar\u0131n\u0131 bilmenin \u00e7eviri s\u00fcrecine katk\u0131s\u0131na yo\u011funla\u015facak, konuyu Almanca-T\u00fcrk\u00e7e \u00e7eviri ba\u011flam\u0131nda, bu iki dilin yap\u0131lar\u0131na da de\u011finerek inceleyece\u011fiz....<\/p>\t\t<\/div>\n\t\t\t\t\t\t\t\n\t\t\t\t<\/div>\n\t\t\t<\/div>\n\t\t<\/div>\n\n\t\t\t\t\t\t\t<\/div>\n\n\t\t\n\t\t\n\t\t\t\t\t\t<\/div>\n\t\t\t\t<\/div>\n\t\t\t\t\t<\/div>\n\t\t\t\t<\/div>\n\t\t\t\t<section class=\"elementor-section elementor-top-section elementor-element elementor-element-91d946b elementor-section-full_width elementor-section-height-default elementor-section-height-default\" data-id=\"91d946b\" data-element_type=\"section\" data-e-type=\"section\">\n\t\t\t\t\t\t<div class=\"elementor-container elementor-column-gap-no\">\n\t\t\t\t\t<div class=\"elementor-column elementor-col-100 elementor-top-column elementor-element elementor-element-207c427\" data-id=\"207c427\" data-element_type=\"column\" data-e-type=\"column\">\n\t\t\t<div class=\"elementor-widget-wrap elementor-element-populated\">\n\t\t\t\t\t\t<div class=\"elementor-element elementor-element-b860bc1 elementor-widget elementor-widget-eduracta\" data-id=\"b860bc1\" data-element_type=\"widget\" data-e-type=\"widget\" data-widget_type=\"eduracta.default\">\n\t\t\t\t<div class=\"elementor-widget-container\">\n\t\t\t\t\t<div class=\"cta-area-1\" data-bg-src=\"https:\/\/themeholy.com\/wordpress\/edura\/wp-content\/uploads\/2023\/07\/cta-bg1.png\"><div class=\"container\"><div class=\"row align-items-center justify-content-between\"><div class=\"col-lg-8\"><div class=\"cta-wrap title-area mb-0\"><div class=\"cta-icon\"><img decoding=\"async\" src=\"https:\/\/themeholy.com\/wordpress\/edura\/wp-content\/uploads\/2023\/07\/cta-icon1.png\" alt=\"icon\"><\/div><div class=\"cta-content\"><h2 class=\"cta-title th-title sec-title\">Hemen Teklif Al<\/h2><p class=\"cta-text th-desc\">Markana de\u011fer katmak Mirora ile bir t\u0131k uza\u011f\u0131nda.<\/p><\/div><a href=\"https:\/\/mirora.com\/teklif-al\/\" class=\"th-btn th_btn style8\">Teklif Al!<i class=\"fa-regular fa-arrow-right ms-1\"><\/i><\/a><\/div><\/div><\/div><\/div><div class=\"cta-img-1\" data-overlay=\"title\" data-opacity=\"8\"><img decoding=\"async\" src=\"https:\/\/themeholy.com\/wordpress\/edura\/wp-content\/uploads\/2023\/07\/cta_1_1.png\" alt=\"Image\"><\/div><\/div>\t\t\t\t<\/div>\n\t\t\t\t<\/div>\n\t\t\t\t\t<\/div>\n\t\t<\/div>\n\t\t\t\t\t<\/div>\n\t\t<\/section>\n\t\t\t\t<\/div>\n\t\t","protected":false},"excerpt":{"rendered":"<p>Balt\u0131k Denizi&#8217;nin do\u011fu k\u0131y\u0131lar\u0131nda, amber renkli ormanlarla \u00e7evrili Litvanya&#8217;n\u0131n dilsel hazinesi Litvanca, Hint-Avrupa dil ailesinin en eski ve en saf&#8230;<\/p>\n","protected":false},"author":1,"featured_media":0,"parent":0,"menu_order":0,"comment_status":"closed","ping_status":"closed","template":"template-builder.php","meta":{"_monsterinsights_skip_tracking":false,"_monsterinsights_sitenote_active":false,"_monsterinsights_sitenote_note":"","_monsterinsights_sitenote_category":0,"footnotes":""},"class_list":["post-22440","page","type-page","status-publish","hentry","th-blog blog-single"],"yoast_head":"<!-- This site is optimized with the Yoast SEO plugin v27.3 - https:\/\/yoast.com\/product\/yoast-seo-wordpress\/ -->\n<title>Litvanca (Lietuvi\u0173 kalba) \u00c7eviri - Mirora Translation<\/title>\n<meta name=\"description\" content=\"Almanca (Nem\u00e7ece), Hint-Avrupa dillerinin Cermen dilleri koluna ba\u011fl\u0131d\u0131r ve d\u00fcnyan\u0131n yayg\u0131n lisanlar\u0131ndan biridir.\" \/>\n<meta name=\"robots\" content=\"index, follow, max-snippet:-1, max-image-preview:large, max-video-preview:-1\" \/>\n<link rel=\"canonical\" href=\"https:\/\/mirora.com\/tr\/litvanca-ceviri\/\" \/>\n<meta property=\"og:locale\" content=\"tr_TR\" \/>\n<meta property=\"og:type\" content=\"article\" \/>\n<meta property=\"og:title\" content=\"Litvanca (Lietuvi\u0173 kalba) \u00c7eviri - Mirora Translation\" \/>\n<meta property=\"og:description\" content=\"Almanca (Nem\u00e7ece), Hint-Avrupa dillerinin Cermen dilleri koluna ba\u011fl\u0131d\u0131r ve d\u00fcnyan\u0131n yayg\u0131n lisanlar\u0131ndan biridir.\" \/>\n<meta property=\"og:url\" content=\"https:\/\/mirora.com\/tr\/litvanca-ceviri\/\" \/>\n<meta property=\"og:site_name\" content=\"Mirora Translation\" \/>\n<meta property=\"article:modified_time\" content=\"2025-05-29T10:23:00+00:00\" \/>\n<meta property=\"og:image\" content=\"https:\/\/mirora.com\/wp-content\/uploads\/2021\/07\/Almanca-ceviri-mirora-1.jpg\" \/>\n<meta name=\"twitter:card\" content=\"summary_large_image\" \/>\n<meta name=\"twitter:label1\" content=\"Tahmini okuma s\u00fcresi\" \/>\n\t<meta name=\"twitter:data1\" content=\"3 dakika\" \/>\n<script type=\"application\/ld+json\" class=\"yoast-schema-graph\">{\"@context\":\"https:\\\/\\\/schema.org\",\"@graph\":[{\"@type\":\"WebPage\",\"@id\":\"https:\\\/\\\/mirora.com\\\/litvanca-ceviri\\\/\",\"url\":\"https:\\\/\\\/mirora.com\\\/litvanca-ceviri\\\/\",\"name\":\"Litvanca (Lietuvi\u0173 kalba) \u00c7eviri - Mirora Translation\",\"isPartOf\":{\"@id\":\"https:\\\/\\\/mirora.com\\\/#website\"},\"primaryImageOfPage\":{\"@id\":\"https:\\\/\\\/mirora.com\\\/litvanca-ceviri\\\/#primaryimage\"},\"image\":{\"@id\":\"https:\\\/\\\/mirora.com\\\/litvanca-ceviri\\\/#primaryimage\"},\"thumbnailUrl\":\"https:\\\/\\\/mirora.com\\\/wp-content\\\/uploads\\\/2021\\\/07\\\/Almanca-ceviri-mirora-1.jpg\",\"datePublished\":\"2025-05-19T12:02:27+00:00\",\"dateModified\":\"2025-05-29T10:23:00+00:00\",\"description\":\"Almanca (Nem\u00e7ece), Hint-Avrupa dillerinin Cermen dilleri koluna ba\u011fl\u0131d\u0131r ve d\u00fcnyan\u0131n yayg\u0131n lisanlar\u0131ndan biridir.\",\"inLanguage\":\"tr\",\"potentialAction\":[{\"@type\":\"ReadAction\",\"target\":[\"https:\\\/\\\/mirora.com\\\/litvanca-ceviri\\\/\"]}]},{\"@type\":\"ImageObject\",\"inLanguage\":\"tr\",\"@id\":\"https:\\\/\\\/mirora.com\\\/litvanca-ceviri\\\/#primaryimage\",\"url\":\"https:\\\/\\\/mirora.com\\\/wp-content\\\/uploads\\\/2021\\\/07\\\/Almanca-ceviri-mirora-1.jpg\",\"contentUrl\":\"https:\\\/\\\/mirora.com\\\/wp-content\\\/uploads\\\/2021\\\/07\\\/Almanca-ceviri-mirora-1.jpg\"},{\"@type\":\"WebSite\",\"@id\":\"https:\\\/\\\/mirora.com\\\/#website\",\"url\":\"https:\\\/\\\/mirora.com\\\/\",\"name\":\"Mirora Translation\",\"description\":\"We Reflect Your Originals\",\"publisher\":{\"@id\":\"https:\\\/\\\/mirora.com\\\/#organization\"},\"potentialAction\":[{\"@type\":\"SearchAction\",\"target\":{\"@type\":\"EntryPoint\",\"urlTemplate\":\"https:\\\/\\\/mirora.com\\\/?s={search_term_string}\"},\"query-input\":{\"@type\":\"PropertyValueSpecification\",\"valueRequired\":true,\"valueName\":\"search_term_string\"}}],\"inLanguage\":\"tr\"},{\"@type\":\"Organization\",\"@id\":\"https:\\\/\\\/mirora.com\\\/#organization\",\"name\":\"Mirora\",\"url\":\"https:\\\/\\\/mirora.com\\\/\",\"logo\":{\"@type\":\"ImageObject\",\"inLanguage\":\"tr\",\"@id\":\"https:\\\/\\\/mirora.com\\\/#\\\/schema\\\/logo\\\/image\\\/\",\"url\":\"https:\\\/\\\/mirora.com\\\/wp-content\\\/uploads\\\/2023\\\/07\\\/MiroraLogo2.webp\",\"contentUrl\":\"https:\\\/\\\/mirora.com\\\/wp-content\\\/uploads\\\/2023\\\/07\\\/MiroraLogo2.webp\",\"width\":326,\"height\":108,\"caption\":\"Mirora\"},\"image\":{\"@id\":\"https:\\\/\\\/mirora.com\\\/#\\\/schema\\\/logo\\\/image\\\/\"}}]}<\/script>\n<!-- \/ Yoast SEO plugin. -->","yoast_head_json":{"title":"Litvanca (Lietuvi\u0173 kalba) \u00c7eviri - Mirora Translation","description":"Almanca (Nem\u00e7ece), Hint-Avrupa dillerinin Cermen dilleri koluna ba\u011fl\u0131d\u0131r ve d\u00fcnyan\u0131n yayg\u0131n lisanlar\u0131ndan biridir.","robots":{"index":"index","follow":"follow","max-snippet":"max-snippet:-1","max-image-preview":"max-image-preview:large","max-video-preview":"max-video-preview:-1"},"canonical":"https:\/\/mirora.com\/tr\/litvanca-ceviri\/","og_locale":"tr_TR","og_type":"article","og_title":"Litvanca (Lietuvi\u0173 kalba) \u00c7eviri - Mirora Translation","og_description":"Almanca (Nem\u00e7ece), Hint-Avrupa dillerinin Cermen dilleri koluna ba\u011fl\u0131d\u0131r ve d\u00fcnyan\u0131n yayg\u0131n lisanlar\u0131ndan biridir.","og_url":"https:\/\/mirora.com\/tr\/litvanca-ceviri\/","og_site_name":"Mirora Translation","article_modified_time":"2025-05-29T10:23:00+00:00","og_image":[{"url":"https:\/\/mirora.com\/wp-content\/uploads\/2021\/07\/Almanca-ceviri-mirora-1.jpg","type":"","width":"","height":""}],"twitter_card":"summary_large_image","twitter_misc":{"Tahmini okuma s\u00fcresi":"3 dakika"},"schema":{"@context":"https:\/\/schema.org","@graph":[{"@type":"WebPage","@id":"https:\/\/mirora.com\/litvanca-ceviri\/","url":"https:\/\/mirora.com\/litvanca-ceviri\/","name":"Litvanca (Lietuvi\u0173 kalba) \u00c7eviri - Mirora Translation","isPartOf":{"@id":"https:\/\/mirora.com\/#website"},"primaryImageOfPage":{"@id":"https:\/\/mirora.com\/litvanca-ceviri\/#primaryimage"},"image":{"@id":"https:\/\/mirora.com\/litvanca-ceviri\/#primaryimage"},"thumbnailUrl":"https:\/\/mirora.com\/wp-content\/uploads\/2021\/07\/Almanca-ceviri-mirora-1.jpg","datePublished":"2025-05-19T12:02:27+00:00","dateModified":"2025-05-29T10:23:00+00:00","description":"Almanca (Nem\u00e7ece), Hint-Avrupa dillerinin Cermen dilleri koluna ba\u011fl\u0131d\u0131r ve d\u00fcnyan\u0131n yayg\u0131n lisanlar\u0131ndan biridir.","inLanguage":"tr","potentialAction":[{"@type":"ReadAction","target":["https:\/\/mirora.com\/litvanca-ceviri\/"]}]},{"@type":"ImageObject","inLanguage":"tr","@id":"https:\/\/mirora.com\/litvanca-ceviri\/#primaryimage","url":"https:\/\/mirora.com\/wp-content\/uploads\/2021\/07\/Almanca-ceviri-mirora-1.jpg","contentUrl":"https:\/\/mirora.com\/wp-content\/uploads\/2021\/07\/Almanca-ceviri-mirora-1.jpg"},{"@type":"WebSite","@id":"https:\/\/mirora.com\/#website","url":"https:\/\/mirora.com\/","name":"Mirora Translation","description":"We Reflect Your Originals","publisher":{"@id":"https:\/\/mirora.com\/#organization"},"potentialAction":[{"@type":"SearchAction","target":{"@type":"EntryPoint","urlTemplate":"https:\/\/mirora.com\/?s={search_term_string}"},"query-input":{"@type":"PropertyValueSpecification","valueRequired":true,"valueName":"search_term_string"}}],"inLanguage":"tr"},{"@type":"Organization","@id":"https:\/\/mirora.com\/#organization","name":"Mirora","url":"https:\/\/mirora.com\/","logo":{"@type":"ImageObject","inLanguage":"tr","@id":"https:\/\/mirora.com\/#\/schema\/logo\/image\/","url":"https:\/\/mirora.com\/wp-content\/uploads\/2023\/07\/MiroraLogo2.webp","contentUrl":"https:\/\/mirora.com\/wp-content\/uploads\/2023\/07\/MiroraLogo2.webp","width":326,"height":108,"caption":"Mirora"},"image":{"@id":"https:\/\/mirora.com\/#\/schema\/logo\/image\/"}}]}},"_links":{"self":[{"href":"https:\/\/mirora.com\/tr\/wp-json\/wp\/v2\/pages\/22440","targetHints":{"allow":["GET"]}}],"collection":[{"href":"https:\/\/mirora.com\/tr\/wp-json\/wp\/v2\/pages"}],"about":[{"href":"https:\/\/mirora.com\/tr\/wp-json\/wp\/v2\/types\/page"}],"author":[{"embeddable":true,"href":"https:\/\/mirora.com\/tr\/wp-json\/wp\/v2\/users\/1"}],"replies":[{"embeddable":true,"href":"https:\/\/mirora.com\/tr\/wp-json\/wp\/v2\/comments?post=22440"}],"version-history":[{"count":5,"href":"https:\/\/mirora.com\/tr\/wp-json\/wp\/v2\/pages\/22440\/revisions"}],"predecessor-version":[{"id":22525,"href":"https:\/\/mirora.com\/tr\/wp-json\/wp\/v2\/pages\/22440\/revisions\/22525"}],"wp:attachment":[{"href":"https:\/\/mirora.com\/tr\/wp-json\/wp\/v2\/media?parent=22440"}],"curies":[{"name":"wp","href":"https:\/\/api.w.org\/{rel}","templated":true}]}}