

{"id":6145,"date":"2024-05-28T13:52:26","date_gmt":"2024-05-28T10:52:26","guid":{"rendered":"https:\/\/mirora.com\/?page_id=6145"},"modified":"2025-05-14T04:12:30","modified_gmt":"2025-05-14T01:12:30","slug":"sorumluluk-ve-biz","status":"publish","type":"page","link":"https:\/\/mirora.com\/tr\/sorumluluk-ve-biz\/","title":{"rendered":"Sorumluluk ve Biz"},"content":{"rendered":"\t\t<div data-elementor-type=\"wp-page\" data-elementor-id=\"6145\" class=\"elementor elementor-6145\" data-elementor-post-type=\"page\">\n\t\t\t\t<div class=\"elementor-element elementor-element-9c703f2 e-flex e-con-boxed e-con e-parent\" data-id=\"9c703f2\" data-element_type=\"container\" data-e-type=\"container\" data-settings=\"{&quot;background_background&quot;:&quot;classic&quot;}\">\n\t\t\t\t\t<div class=\"e-con-inner\">\n\t\t\t\t<div class=\"elementor-element elementor-element-dec43c2 elementor-widget elementor-widget-heading\" data-id=\"dec43c2\" data-element_type=\"widget\" data-e-type=\"widget\" data-widget_type=\"heading.default\">\n\t\t\t\t\t<h1 class=\"elementor-heading-title elementor-size-default\">Footer One<\/h1>\t\t\t\t<\/div>\n\t\t\t\t\t<\/div>\n\t\t\t\t<\/div>\n\t\t\t\t<section class=\"elementor-section elementor-top-section elementor-element elementor-element-1965056 elementor-section-full_width elementor-section-height-default elementor-section-height-default\" data-id=\"1965056\" data-element_type=\"section\" data-e-type=\"section\">\n\t\t\t\t\t\t<div class=\"elementor-container elementor-column-gap-no\">\n\t\t\t\t\t<div class=\"elementor-column elementor-col-100 elementor-top-column elementor-element elementor-element-9cabd29\" data-id=\"9cabd29\" data-element_type=\"column\" data-e-type=\"column\">\n\t\t\t<div class=\"elementor-widget-wrap elementor-element-populated\">\n\t\t\t\t\t\t<div class=\"shape-mockup elementor-element elementor-element-06cac30 elementor-widget elementor-widget-edurashapeimage\" data-id=\"06cac30\" data-element_type=\"widget\" data-e-type=\"widget\" data-widget_type=\"edurashapeimage.default\">\n\t\t\t\t<div class=\"elementor-widget-container\">\n\t\t\t\t\t<div class=\"shape-mockup jump-reverse d-lg-block d-none video-shape1\" data-top=\"-40%\" data-right=\"-35%\"><img decoding=\"async\" src=\"https:\/\/themeholy.com\/wordpress\/edura\/wp-content\/uploads\/2023\/08\/video-1_shape1.png\" alt=\"Mirora Translation\" ><\/div>\t\t\t\t<\/div>\n\t\t\t\t<\/div>\n\t\t\t\t<section class=\"elementor-section elementor-inner-section elementor-element elementor-element-bdd87a4 elementor-reverse-tablet elementor-reverse-mobile elementor-section-boxed elementor-section-height-default elementor-section-height-default\" data-id=\"bdd87a4\" data-element_type=\"section\" data-e-type=\"section\">\n\t\t\t\t\t\t<div class=\"elementor-container elementor-column-gap-no\">\n\t\t\t\t\t<div class=\"elementor-column elementor-col-50 elementor-inner-column elementor-element elementor-element-ede560a\" data-id=\"ede560a\" data-element_type=\"column\" data-e-type=\"column\">\n\t\t\t<div class=\"elementor-widget-wrap elementor-element-populated\">\n\t\t\t\t\t\t<div class=\"elementor-element elementor-element-80c10da elementor-widget elementor-widget-edurasectiontitle\" data-id=\"80c10da\" data-element_type=\"widget\" data-e-type=\"widget\" data-widget_type=\"edurasectiontitle.default\">\n\t\t\t\t<div class=\"elementor-widget-container\">\n\t\t\t\t\t<div class=\"title-area mb-25\" ><span class=\"sub-title subtitle-selector\"><i class=\"fal fa-book me-2\"><\/i>Engelsiz T\u00fcrkiye'ye Do\u011fru!<\/span><h2 class=\"sec-title title-selector\">Mirora, AYDER Elele\n<\/h2><p class=\"desc-selector\">Mirora, engellilere ve b\u00fct\u00fcn dezavantajl\u0131 gruplara y\u00f6nelik \u201cEngellilik\u201d olgusuna alternatif \u00e7\u00f6z\u00fcmler \u00f6neren, yenilik\u00e7i ve s\u00fcrd\u00fcr\u00fclebilir projeler \u00fcreterek, \u201cEngelsiz T\u00fcrkiye\u201dye do\u011fru giden yolda \u00fczerine d\u00fc\u015fen g\u00f6revleri yerine getirmek \u00fczere kurulan Alternatif Ya\u015fam Derne\u011fini 2005 y\u0131l\u0131ndan itibaren kesintisiz desteklemektedir. \u00c7ok say\u0131da engelli ve sosyal dezavantajl\u0131 gruplar\u0131n hem \u00fcretici hem de t\u00fcketici olarak ekonomik hayata kazand\u0131r\u0131lmalar\u0131n\u0131 sa\u011flayacak bir platform haline gelmi\u015ftir. Pek \u00e7ok dernek kurulu\u015fundan sonra \u00fcr\u00fcn geli\u015ftirmeye \u00e7al\u0131\u015f\u0131rken AYDER 1997\u2019den itibaren yapt\u0131\u011f\u0131 \u00e7al\u0131\u015fmalara bir \u00e7at\u0131 olmak \u00fczere dernekle\u015fmi\u015ftir. 2002 y\u0131l\u0131nda kurulan AYDER\u2019\u0131n 1997\u2019de \u201cDalmak \u00d6zg\u00fcrl\u00fckt\u00fcr\u201d ve \u201cAlternative Camp\u201d gibi ses getiren \u00fcr\u00fcnleri \u00e7oktan hayata ge\u00e7irilmi\u015fti. Daha sonra 2004\u2019te \u201cReha Istanbul Fuar\u0131\u201d, 2006\u2019da \u201cEngelsiz Turizm\u201d ve 2008\u2019de \u201cD\u00fc\u015fler Akademisi\u201d gibi bir\u00e7ok yenilik\u00e7i proje planlanm\u0131\u015f ve hayata ge\u00e7irilmi\u015ftir.<\/p><\/div>\t\t\t\t<\/div>\n\t\t\t\t<\/div>\n\t\t\t\t\t<\/div>\n\t\t<\/div>\n\t\t\t\t<div class=\"elementor-column elementor-col-50 elementor-inner-column elementor-element elementor-element-c672ec9\" data-id=\"c672ec9\" data-element_type=\"column\" data-e-type=\"column\">\n\t\t\t<div class=\"elementor-widget-wrap elementor-element-populated\">\n\t\t\t\t\t\t<div class=\"elementor-element elementor-element-6750506 elementor-widget elementor-widget-video\" data-id=\"6750506\" data-element_type=\"widget\" data-e-type=\"widget\" data-settings=\"{&quot;youtube_url&quot;:&quot;https:\\\/\\\/youtu.be\\\/uqZD1mdsAA0?t=7&quot;,&quot;show_image_overlay&quot;:&quot;yes&quot;,&quot;image_overlay&quot;:{&quot;url&quot;:&quot;https:\\\/\\\/mirora.com\\\/wp-content\\\/uploads\\\/2024\\\/05\\\/sorumluluk-3.jpg&quot;,&quot;id&quot;:6167,&quot;size&quot;:&quot;&quot;,&quot;alt&quot;:&quot;&quot;,&quot;source&quot;:&quot;library&quot;},&quot;video_type&quot;:&quot;youtube&quot;}\" data-widget_type=\"video.default\">\n\t\t\t\t\t\t\t<div class=\"elementor-wrapper elementor-open-inline\">\n\t\t\t<div class=\"elementor-video\"><\/div>\t\t\t\t<div class=\"elementor-custom-embed-image-overlay\" style=\"background-image: url(https:\/\/mirora.com\/wp-content\/uploads\/2024\/05\/sorumluluk-3.jpg);\">\n\t\t\t\t\t\t\t\t\t\t\t\t\t\t\t\t<div class=\"elementor-custom-embed-play\" role=\"button\" aria-label=\"Videoyu Oynat\" tabindex=\"0\">\n\t\t\t\t\t\t\t<svg aria-hidden=\"true\" class=\"e-font-icon-svg e-eicon-play\" viewBox=\"0 0 1000 1000\" xmlns=\"http:\/\/www.w3.org\/2000\/svg\"><path d=\"M838 162C746 71 633 25 500 25 371 25 258 71 163 162 71 254 25 367 25 500 25 633 71 746 163 837 254 929 367 979 500 979 633 979 746 933 838 837 929 746 975 633 975 500 975 367 929 254 838 162M808 192C892 279 933 379 933 500 933 621 892 725 808 808 725 892 621 938 500 938 379 938 279 896 196 808 113 725 67 621 67 500 67 379 108 279 196 192 279 108 383 62 500 62 621 62 721 108 808 192M438 392V642L642 517 438 392Z\"><\/path><\/svg>\t\t\t\t\t\t<\/div>\n\t\t\t\t\t\t\t\t\t<\/div>\n\t\t\t\t\t<\/div>\n\t\t\t\t\t\t<\/div>\n\t\t\t\t\t<\/div>\n\t\t<\/div>\n\t\t\t\t\t<\/div>\n\t\t<\/section>\n\t\t\t\t\t<\/div>\n\t\t<\/div>\n\t\t\t\t\t<\/div>\n\t\t<\/section>\n\t\t\t\t<section class=\"elementor-section elementor-top-section elementor-element elementor-element-940198e elementor-section-full_width elementor-section-height-default elementor-section-height-default\" data-id=\"940198e\" data-element_type=\"section\" data-e-type=\"section\" data-settings=\"{&quot;background_background&quot;:&quot;classic&quot;}\">\n\t\t\t\t\t\t<div class=\"elementor-container elementor-column-gap-no\">\n\t\t\t\t\t<div class=\"elementor-column elementor-col-100 elementor-top-column elementor-element elementor-element-6b84c09\" data-id=\"6b84c09\" data-element_type=\"column\" data-e-type=\"column\">\n\t\t\t<div class=\"elementor-widget-wrap elementor-element-populated\">\n\t\t\t\t\t\t<section class=\"elementor-section elementor-inner-section elementor-element elementor-element-3aa2bb8 elementor-section-boxed elementor-section-height-default elementor-section-height-default\" data-id=\"3aa2bb8\" data-element_type=\"section\" data-e-type=\"section\">\n\t\t\t\t\t\t<div class=\"elementor-container elementor-column-gap-no\">\n\t\t\t\t\t<div class=\"elementor-column elementor-col-50 elementor-inner-column elementor-element elementor-element-1152bc8\" data-id=\"1152bc8\" data-element_type=\"column\" data-e-type=\"column\">\n\t\t\t<div class=\"elementor-widget-wrap elementor-element-populated\">\n\t\t\t\t\t\t<div class=\"elementor-element elementor-element-d6a98bf elementor-widget elementor-widget-eduragroupimage\" data-id=\"d6a98bf\" data-element_type=\"widget\" data-e-type=\"widget\" data-widget_type=\"eduragroupimage.default\">\n\t\t\t\t<div class=\"elementor-widget-container\">\n\t\t\t\t\t<div class=\"wcu-img-1\"><div class=\"img1\"><img decoding=\"async\" src=\"https:\/\/mirora.com\/wp-content\/uploads\/2024\/05\/sosyal2.jpg\" alt=\"About\"><\/div><div class=\"student-count jump-reverse\"><img decoding=\"async\" src=\"https:\/\/mirora.com\/wp-content\/uploads\/2024\/05\/sosyal3.jpg\" alt=\"About\"><\/div><\/div>\t\t\t\t<\/div>\n\t\t\t\t<\/div>\n\t\t\t\t\t<\/div>\n\t\t<\/div>\n\t\t\t\t<div class=\"elementor-column elementor-col-50 elementor-inner-column elementor-element elementor-element-6f657f5\" data-id=\"6f657f5\" data-element_type=\"column\" data-e-type=\"column\">\n\t\t\t<div class=\"elementor-widget-wrap elementor-element-populated\">\n\t\t\t\t\t\t<div class=\"elementor-element elementor-element-e6f0b48 elementor-widget elementor-widget-edurasectiontitle\" data-id=\"e6f0b48\" data-element_type=\"widget\" data-e-type=\"widget\" data-widget_type=\"edurasectiontitle.default\">\n\t\t\t\t<div class=\"elementor-widget-container\">\n\t\t\t\t\t<div class=\"title-area mb-25\" ><p class=\"desc-selector\">Kozyata\u011f\u0131\u2019ndaki ofisimizin bir b\u00f6l\u00fcm\u00fcn\u00fc AYDER\u2019e ay\u0131rd\u0131\u011f\u0131m\u0131zda duvarlar\u0131na yap\u0131lan resimlerin bizi ne kadar motive edece\u011fini tam olarak kestiremiyorduk asl\u0131nda. Da\u011flarda t\u0131rman\u0131\u015flar yapan g\u00f6rme engellilerin heyecan\u0131, scuba dal\u0131\u015f yapan omurili\u011fi fel\u00e7lilerinin ya da down sendromlular\u0131n g\u00fcle\u00e7 y\u00fczleri, para\u015f\u00fctle atlayan, u\u00e7man\u0131n tad\u0131yla t\u00fcm engellerinden ar\u0131nan karde\u015flerimizin boy boy foto\u011fraflar\u0131 bizleri de heyecanland\u0131rd\u0131 ve bize ilham verdi. Son birka\u00e7 y\u0131ld\u0131r m\u00fc\u015fteri\/tedarik\u00e7i memnuniyeti anketlerimizi ba\u011f\u0131\u015f kampanyalar\u0131na d\u00f6n\u00fc\u015ft\u00fcrmeye \u00e7al\u0131\u015ft\u0131k. Bizi de\u011ferlendiren her anket formu i\u00e7in bir miktar ba\u011f\u0131\u015f yapaca\u011f\u0131m\u0131z\u0131 duyurduk payda\u015flar\u0131m\u0131za. B\u00f6ylece payda\u015flar\u0131m\u0131zla sadece maddi payla\u015f\u0131mlar yapman\u0131n \u00f6tesine ge\u00e7meye \u00e7al\u0131\u015ft\u0131k.\n<br>\n<br>\nAYDER Birle\u015fmi\u015f Milletler\u2019in\u00a0<b>\u201cGlobal Compact\u201d<\/b>\u00a0(K\u00fcresel \u0130lkeler) s\u00f6zle\u015fmesini imzalayan ilk sivil toplum \u00f6rg\u00fct\u00fcd\u00fcr.\n<br>\n<br>\n<b>D\u00fc\u015fler Akademisi<\/b>\n<br>\n<br>\nKadim dostumuz, AYDER\u2019in ve D\u00fc\u015fler Akademisi\u2019nin kurucusu\u00a0<b>Ercan Tutal<\/b>\u00a0diyor ki:\n<br>\n<br>\n<b>\u201cK\u00f6rler d\u00fc\u015f g\u00f6r\u00fcr m\u00fc? G\u00f6r\u00fcrler\u2026 As\u0131l d\u00fc\u015flerini yitirenler k\u00f6rle\u015fir!..\u201d<\/b>\n<br>\n<br>\nD\u00fc\u015flerin bitti\u011fi yerde ya\u015fam yok demektir art\u0131k\u2026 \/ Var olma nedeni biter insano\u011flunun\u2026 \/ Ve ya\u015fam, d\u00fc\u015ften ger\u00e7e\u011fe kimimiz i\u00e7in karanl\u0131k, kimimiz i\u00e7in ayd\u0131nl\u0131k bir ak\u0131\u015f olur\u2026 \/ H\u0131zl\u0131, kar\u015f\u0131 konulmaz.\n<br>\n<br>\nD\u00fc\u015fler Akademisi, gen\u00e7leri hayata haz\u0131rlayan kal\u0131c\u0131 bir alternatif sanat ve k\u00fclt\u00fcr akademisine d\u00f6n\u00fc\u015fm\u00fc\u015ft\u00fcr. Projelerle ilgili ayr\u0131nt\u0131lara eri\u015febilmek i\u00e7in l\u00fctfen D\u00fc\u015fler Akademisi\u2019nin WEB sitesini ziyaret edin.<\/p><\/div>\t\t\t\t<\/div>\n\t\t\t\t<\/div>\n\t\t\t\t\t<\/div>\n\t\t<\/div>\n\t\t\t\t\t<\/div>\n\t\t<\/section>\n\t\t\t\t\t<\/div>\n\t\t<\/div>\n\t\t\t\t\t<\/div>\n\t\t<\/section>\n\t\t\t\t<\/div>\n\t\t","protected":false},"excerpt":{"rendered":"<p>Engelsiz T\u00fcrkiye&#8217;ye Do\u011fru! Mirora, AYDER Elele Mirora, engellilere ve b\u00fct\u00fcn dezavantajl\u0131 gruplara y\u00f6nelik \u201cEngellilik\u201d olgusuna alternatif \u00e7\u00f6z\u00fcmler \u00f6neren, yenilik\u00e7i ve&#8230;<\/p>\n","protected":false},"author":1,"featured_media":0,"parent":0,"menu_order":0,"comment_status":"closed","ping_status":"closed","template":"template-builder.php","meta":{"_monsterinsights_skip_tracking":false,"_monsterinsights_sitenote_active":false,"_monsterinsights_sitenote_note":"","_monsterinsights_sitenote_category":0,"footnotes":""},"class_list":["post-6145","page","type-page","status-publish","hentry"],"yoast_head":"<!-- This site is optimized with the Yoast SEO plugin v27.3 - https:\/\/yoast.com\/product\/yoast-seo-wordpress\/ -->\n<title>Sorumluluk ve Biz - Mirora Translation<\/title>\n<meta name=\"description\" content=\"Mirora, engellilere ve b\u00fct\u00fcn dezavantajl\u0131 gruplara y\u00f6nelik \u201cEngellilik\u201d olgusuna alternatif \u00e7\u00f6z\u00fcmler \u00f6neren, yenilik\u00e7i ve s\u00fcrd\u00fcr\u00fclebilir projeler \u00fcretiyor.\" \/>\n<meta name=\"robots\" content=\"index, follow, max-snippet:-1, max-image-preview:large, max-video-preview:-1\" \/>\n<link rel=\"canonical\" href=\"https:\/\/cornflowerblue-wolverine-646520.hostingersite.com\/sorumluluk-ve-biz\/\" \/>\n<meta property=\"og:locale\" content=\"tr_TR\" \/>\n<meta property=\"og:type\" content=\"article\" \/>\n<meta property=\"og:title\" content=\"Sorumluluk ve Biz - Mirora Translation\" \/>\n<meta property=\"og:description\" content=\"Mirora, engellilere ve b\u00fct\u00fcn dezavantajl\u0131 gruplara y\u00f6nelik \u201cEngellilik\u201d olgusuna alternatif \u00e7\u00f6z\u00fcmler \u00f6neren, yenilik\u00e7i ve s\u00fcrd\u00fcr\u00fclebilir projeler \u00fcretiyor.\" \/>\n<meta property=\"og:url\" content=\"https:\/\/cornflowerblue-wolverine-646520.hostingersite.com\/sorumluluk-ve-biz\/\" \/>\n<meta property=\"og:site_name\" content=\"Mirora Translation\" \/>\n<meta property=\"article:modified_time\" content=\"2025-05-14T01:12:30+00:00\" \/>\n<meta property=\"og:image\" content=\"https:\/\/themeholy.com\/wordpress\/edura\/wp-content\/uploads\/2023\/08\/video-1_shape1.png\" \/>\n<meta name=\"twitter:card\" content=\"summary_large_image\" \/>\n<meta name=\"twitter:label1\" content=\"Tahmini okuma s\u00fcresi\" \/>\n\t<meta name=\"twitter:data1\" content=\"2 dakika\" \/>\n<script type=\"application\/ld+json\" class=\"yoast-schema-graph\">{\"@context\":\"https:\\\/\\\/schema.org\",\"@graph\":[{\"@type\":\"WebPage\",\"@id\":\"https:\\\/\\\/cornflowerblue-wolverine-646520.hostingersite.com\\\/sorumluluk-ve-biz\\\/\",\"url\":\"https:\\\/\\\/cornflowerblue-wolverine-646520.hostingersite.com\\\/sorumluluk-ve-biz\\\/\",\"name\":\"Sorumluluk ve Biz - Mirora Translation\",\"isPartOf\":{\"@id\":\"https:\\\/\\\/mirora.com\\\/#website\"},\"primaryImageOfPage\":{\"@id\":\"https:\\\/\\\/cornflowerblue-wolverine-646520.hostingersite.com\\\/sorumluluk-ve-biz\\\/#primaryimage\"},\"image\":{\"@id\":\"https:\\\/\\\/cornflowerblue-wolverine-646520.hostingersite.com\\\/sorumluluk-ve-biz\\\/#primaryimage\"},\"thumbnailUrl\":\"https:\\\/\\\/themeholy.com\\\/wordpress\\\/edura\\\/wp-content\\\/uploads\\\/2023\\\/08\\\/video-1_shape1.png\",\"datePublished\":\"2024-05-28T10:52:26+00:00\",\"dateModified\":\"2025-05-14T01:12:30+00:00\",\"description\":\"Mirora, engellilere ve b\u00fct\u00fcn dezavantajl\u0131 gruplara y\u00f6nelik \u201cEngellilik\u201d olgusuna alternatif \u00e7\u00f6z\u00fcmler \u00f6neren, yenilik\u00e7i ve s\u00fcrd\u00fcr\u00fclebilir projeler \u00fcretiyor.\",\"inLanguage\":\"tr\",\"potentialAction\":[{\"@type\":\"ReadAction\",\"target\":[\"https:\\\/\\\/cornflowerblue-wolverine-646520.hostingersite.com\\\/sorumluluk-ve-biz\\\/\"]}]},{\"@type\":\"ImageObject\",\"inLanguage\":\"tr\",\"@id\":\"https:\\\/\\\/cornflowerblue-wolverine-646520.hostingersite.com\\\/sorumluluk-ve-biz\\\/#primaryimage\",\"url\":\"https:\\\/\\\/themeholy.com\\\/wordpress\\\/edura\\\/wp-content\\\/uploads\\\/2023\\\/08\\\/video-1_shape1.png\",\"contentUrl\":\"https:\\\/\\\/themeholy.com\\\/wordpress\\\/edura\\\/wp-content\\\/uploads\\\/2023\\\/08\\\/video-1_shape1.png\"},{\"@type\":\"WebSite\",\"@id\":\"https:\\\/\\\/mirora.com\\\/#website\",\"url\":\"https:\\\/\\\/mirora.com\\\/\",\"name\":\"Mirora Translation\",\"description\":\"We Reflect Your Originals\",\"publisher\":{\"@id\":\"https:\\\/\\\/mirora.com\\\/#organization\"},\"potentialAction\":[{\"@type\":\"SearchAction\",\"target\":{\"@type\":\"EntryPoint\",\"urlTemplate\":\"https:\\\/\\\/mirora.com\\\/?s={search_term_string}\"},\"query-input\":{\"@type\":\"PropertyValueSpecification\",\"valueRequired\":true,\"valueName\":\"search_term_string\"}}],\"inLanguage\":\"tr\"},{\"@type\":\"Organization\",\"@id\":\"https:\\\/\\\/mirora.com\\\/#organization\",\"name\":\"Mirora\",\"url\":\"https:\\\/\\\/mirora.com\\\/\",\"logo\":{\"@type\":\"ImageObject\",\"inLanguage\":\"tr\",\"@id\":\"https:\\\/\\\/mirora.com\\\/#\\\/schema\\\/logo\\\/image\\\/\",\"url\":\"https:\\\/\\\/mirora.com\\\/wp-content\\\/uploads\\\/2023\\\/07\\\/MiroraLogo2.webp\",\"contentUrl\":\"https:\\\/\\\/mirora.com\\\/wp-content\\\/uploads\\\/2023\\\/07\\\/MiroraLogo2.webp\",\"width\":326,\"height\":108,\"caption\":\"Mirora\"},\"image\":{\"@id\":\"https:\\\/\\\/mirora.com\\\/#\\\/schema\\\/logo\\\/image\\\/\"}}]}<\/script>\n<!-- \/ Yoast SEO plugin. -->","yoast_head_json":{"title":"Sorumluluk ve Biz - Mirora Translation","description":"Mirora, engellilere ve b\u00fct\u00fcn dezavantajl\u0131 gruplara y\u00f6nelik \u201cEngellilik\u201d olgusuna alternatif \u00e7\u00f6z\u00fcmler \u00f6neren, yenilik\u00e7i ve s\u00fcrd\u00fcr\u00fclebilir projeler \u00fcretiyor.","robots":{"index":"index","follow":"follow","max-snippet":"max-snippet:-1","max-image-preview":"max-image-preview:large","max-video-preview":"max-video-preview:-1"},"canonical":"https:\/\/cornflowerblue-wolverine-646520.hostingersite.com\/sorumluluk-ve-biz\/","og_locale":"tr_TR","og_type":"article","og_title":"Sorumluluk ve Biz - Mirora Translation","og_description":"Mirora, engellilere ve b\u00fct\u00fcn dezavantajl\u0131 gruplara y\u00f6nelik \u201cEngellilik\u201d olgusuna alternatif \u00e7\u00f6z\u00fcmler \u00f6neren, yenilik\u00e7i ve s\u00fcrd\u00fcr\u00fclebilir projeler \u00fcretiyor.","og_url":"https:\/\/cornflowerblue-wolverine-646520.hostingersite.com\/sorumluluk-ve-biz\/","og_site_name":"Mirora Translation","article_modified_time":"2025-05-14T01:12:30+00:00","og_image":[{"url":"https:\/\/themeholy.com\/wordpress\/edura\/wp-content\/uploads\/2023\/08\/video-1_shape1.png","type":"","width":"","height":""}],"twitter_card":"summary_large_image","twitter_misc":{"Tahmini okuma s\u00fcresi":"2 dakika"},"schema":{"@context":"https:\/\/schema.org","@graph":[{"@type":"WebPage","@id":"https:\/\/cornflowerblue-wolverine-646520.hostingersite.com\/sorumluluk-ve-biz\/","url":"https:\/\/cornflowerblue-wolverine-646520.hostingersite.com\/sorumluluk-ve-biz\/","name":"Sorumluluk ve Biz - Mirora Translation","isPartOf":{"@id":"https:\/\/mirora.com\/#website"},"primaryImageOfPage":{"@id":"https:\/\/cornflowerblue-wolverine-646520.hostingersite.com\/sorumluluk-ve-biz\/#primaryimage"},"image":{"@id":"https:\/\/cornflowerblue-wolverine-646520.hostingersite.com\/sorumluluk-ve-biz\/#primaryimage"},"thumbnailUrl":"https:\/\/themeholy.com\/wordpress\/edura\/wp-content\/uploads\/2023\/08\/video-1_shape1.png","datePublished":"2024-05-28T10:52:26+00:00","dateModified":"2025-05-14T01:12:30+00:00","description":"Mirora, engellilere ve b\u00fct\u00fcn dezavantajl\u0131 gruplara y\u00f6nelik \u201cEngellilik\u201d olgusuna alternatif \u00e7\u00f6z\u00fcmler \u00f6neren, yenilik\u00e7i ve s\u00fcrd\u00fcr\u00fclebilir projeler \u00fcretiyor.","inLanguage":"tr","potentialAction":[{"@type":"ReadAction","target":["https:\/\/cornflowerblue-wolverine-646520.hostingersite.com\/sorumluluk-ve-biz\/"]}]},{"@type":"ImageObject","inLanguage":"tr","@id":"https:\/\/cornflowerblue-wolverine-646520.hostingersite.com\/sorumluluk-ve-biz\/#primaryimage","url":"https:\/\/themeholy.com\/wordpress\/edura\/wp-content\/uploads\/2023\/08\/video-1_shape1.png","contentUrl":"https:\/\/themeholy.com\/wordpress\/edura\/wp-content\/uploads\/2023\/08\/video-1_shape1.png"},{"@type":"WebSite","@id":"https:\/\/mirora.com\/#website","url":"https:\/\/mirora.com\/","name":"Mirora Translation","description":"We Reflect Your Originals","publisher":{"@id":"https:\/\/mirora.com\/#organization"},"potentialAction":[{"@type":"SearchAction","target":{"@type":"EntryPoint","urlTemplate":"https:\/\/mirora.com\/?s={search_term_string}"},"query-input":{"@type":"PropertyValueSpecification","valueRequired":true,"valueName":"search_term_string"}}],"inLanguage":"tr"},{"@type":"Organization","@id":"https:\/\/mirora.com\/#organization","name":"Mirora","url":"https:\/\/mirora.com\/","logo":{"@type":"ImageObject","inLanguage":"tr","@id":"https:\/\/mirora.com\/#\/schema\/logo\/image\/","url":"https:\/\/mirora.com\/wp-content\/uploads\/2023\/07\/MiroraLogo2.webp","contentUrl":"https:\/\/mirora.com\/wp-content\/uploads\/2023\/07\/MiroraLogo2.webp","width":326,"height":108,"caption":"Mirora"},"image":{"@id":"https:\/\/mirora.com\/#\/schema\/logo\/image\/"}}]}},"_links":{"self":[{"href":"https:\/\/mirora.com\/tr\/wp-json\/wp\/v2\/pages\/6145","targetHints":{"allow":["GET"]}}],"collection":[{"href":"https:\/\/mirora.com\/tr\/wp-json\/wp\/v2\/pages"}],"about":[{"href":"https:\/\/mirora.com\/tr\/wp-json\/wp\/v2\/types\/page"}],"author":[{"embeddable":true,"href":"https:\/\/mirora.com\/tr\/wp-json\/wp\/v2\/users\/1"}],"replies":[{"embeddable":true,"href":"https:\/\/mirora.com\/tr\/wp-json\/wp\/v2\/comments?post=6145"}],"version-history":[{"count":76,"href":"https:\/\/mirora.com\/tr\/wp-json\/wp\/v2\/pages\/6145\/revisions"}],"predecessor-version":[{"id":22308,"href":"https:\/\/mirora.com\/tr\/wp-json\/wp\/v2\/pages\/6145\/revisions\/22308"}],"wp:attachment":[{"href":"https:\/\/mirora.com\/tr\/wp-json\/wp\/v2\/media?parent=6145"}],"curies":[{"name":"wp","href":"https:\/\/api.w.org\/{rel}","templated":true}]}}