

{"id":6213,"date":"2024-05-28T15:09:17","date_gmt":"2024-05-28T12:09:17","guid":{"rendered":"https:\/\/mirora.com\/?page_id=6213"},"modified":"2026-02-19T11:15:04","modified_gmt":"2026-02-19T08:15:04","slug":"uyelikler","status":"publish","type":"page","link":"https:\/\/mirora.com\/tr\/uyelikler\/","title":{"rendered":"\u00dcyelikler"},"content":{"rendered":"\t\t<div data-elementor-type=\"wp-page\" data-elementor-id=\"6213\" class=\"elementor elementor-6213\" data-elementor-post-type=\"page\">\n\t\t\t\t<div class=\"elementor-element elementor-element-e2ecdab e-flex e-con-boxed e-con e-parent\" data-id=\"e2ecdab\" data-element_type=\"container\" data-e-type=\"container\" data-settings=\"{&quot;background_background&quot;:&quot;classic&quot;}\">\n\t\t\t\t\t<div class=\"e-con-inner\">\n\t\t\t\t<div class=\"elementor-element elementor-element-936df8b elementor-widget elementor-widget-heading\" data-id=\"936df8b\" data-element_type=\"widget\" data-e-type=\"widget\" data-widget_type=\"heading.default\">\n\t\t\t\t\t<h1 class=\"elementor-heading-title elementor-size-default\">Footer One<\/h1>\t\t\t\t<\/div>\n\t\t\t\t\t<\/div>\n\t\t\t\t<\/div>\n\t\t\t\t<section class=\"elementor-section elementor-top-section elementor-element elementor-element-1965056 elementor-section-full_width elementor-section-height-default elementor-section-height-default\" data-id=\"1965056\" data-element_type=\"section\" data-e-type=\"section\">\n\t\t\t\t\t\t<div class=\"elementor-container elementor-column-gap-no\">\n\t\t\t\t\t<div class=\"elementor-column elementor-col-100 elementor-top-column elementor-element elementor-element-9cabd29\" data-id=\"9cabd29\" data-element_type=\"column\" data-e-type=\"column\">\n\t\t\t<div class=\"elementor-widget-wrap elementor-element-populated\">\n\t\t\t\t\t\t<div class=\"shape-mockup elementor-element elementor-element-06cac30 elementor-widget elementor-widget-edurashapeimage\" data-id=\"06cac30\" data-element_type=\"widget\" data-e-type=\"widget\" data-widget_type=\"edurashapeimage.default\">\n\t\t\t\t<div class=\"elementor-widget-container\">\n\t\t\t\t\t<div class=\"shape-mockup jump-reverse d-lg-block d-none video-shape1\" data-top=\"-40%\" data-right=\"-35%\"><img decoding=\"async\" src=\"https:\/\/themeholy.com\/wordpress\/edura\/wp-content\/uploads\/2023\/08\/video-1_shape1.png\" alt=\"Mirora Translation\" ><\/div>\t\t\t\t<\/div>\n\t\t\t\t<\/div>\n\t\t\t\t<section class=\"elementor-section elementor-inner-section elementor-element elementor-element-bdd87a4 elementor-reverse-tablet elementor-reverse-mobile elementor-section-boxed elementor-section-height-default elementor-section-height-default\" data-id=\"bdd87a4\" data-element_type=\"section\" data-e-type=\"section\">\n\t\t\t\t\t\t<div class=\"elementor-container elementor-column-gap-no\">\n\t\t\t\t\t<div class=\"elementor-column elementor-col-50 elementor-inner-column elementor-element elementor-element-ede560a\" data-id=\"ede560a\" data-element_type=\"column\" data-e-type=\"column\">\n\t\t\t<div class=\"elementor-widget-wrap elementor-element-populated\">\n\t\t\t\t\t\t<div class=\"elementor-element elementor-element-cbbe88d elementor-widget elementor-widget-text-editor\" data-id=\"cbbe88d\" data-element_type=\"widget\" data-e-type=\"widget\" data-widget_type=\"text-editor.default\">\n\t\t\t\t\t\t\t\t\t<p class=\"lazyloaded\">1997 y\u0131l\u0131nda kurulan Mirora, m\u00fc\u015fterilerinin \u00e7eviri, yerelle\u015ftirme ve dil dan\u0131\u015fmanl\u0131\u011f\u0131 gereksinimlerine y\u00f6nelik profesyonel \u00e7\u00f6z\u00fcmler sunmaktad\u0131r. Yirmi \u00fc\u00e7 y\u0131la yakla\u015fan tecr\u00fcbesi ile, Mirora global ve lokal ekonomik zorluklara ve bu s\u00fcre\u00e7te ya\u015fanan t\u00fcm krizlere ra\u011fmen ayakta kalmay\u0131 ve hatta b\u00fcy\u00fcmeyi ba\u015farm\u0131\u015f ve T\u00fcrkiye\u2019nin en iyi\u00a0<strong>\u00e7eviri<\/strong>\u00a0\u015firketlerinden biri haline gelmi\u015ftir.<\/p><p>2002 y\u0131l\u0131ndan itibaren h\u0131zl\u0131 ve kararl\u0131 bir \u015fekilde yurtd\u0131\u015f\u0131 pazarlar\u0131na a\u00e7\u0131lan Mirora, 2006 y\u0131l\u0131nda \u0130rlanda, Dublin ve 2016 y\u0131l\u0131nda ise ABD, Dallas\u2019ta ofisler a\u00e7m\u0131\u015ft\u0131r. Kurulu\u015fundan itibaren kalite politikas\u0131ndan \u00f6d\u00fcn vermeyen Mirora, Eulogia ba\u015fta olmak \u00fczere d\u00fcnya \u00e7ap\u0131nda \u00e7al\u0131\u015fmalar yapan se\u00e7kin \u00f6rg\u00fctlere \u00fcyedir. Hi\u00e7 \u015f\u00fcphesiz Mirora\u2019n\u0131n bu kurumlara \u00fcye olabilmesinin en \u00f6nemli nedeni, standart olarak uygulad\u0131\u011f\u0131 proje s\u00fcre\u00e7leri ve kalite y\u00f6netim sistemidir.<\/p>\t\t\t\t\t\t\t\t<\/div>\n\t\t\t\t\t<\/div>\n\t\t<\/div>\n\t\t\t\t<div class=\"elementor-column elementor-col-50 elementor-inner-column elementor-element elementor-element-c672ec9\" data-id=\"c672ec9\" data-element_type=\"column\" data-e-type=\"column\">\n\t\t\t<div class=\"elementor-widget-wrap elementor-element-populated\">\n\t\t\t\t\t\t<div class=\"elementor-element elementor-element-ddaf20e elementor-widget elementor-widget-image\" data-id=\"ddaf20e\" data-element_type=\"widget\" data-e-type=\"widget\" data-widget_type=\"image.default\">\n\t\t\t\t\t\t\t\t\t\t\t\t\t\t\t\t<a href=\"https:\/\/mirora.com\/wp-content\/uploads\/2026\/02\/Elia_Membership_Certificate_2026-Mirora-Translation.jpg\" data-elementor-open-lightbox=\"yes\" data-elementor-lightbox-title=\"Elia_Membership_Certificate_2026 Mirora Translation\" data-e-action-hash=\"#elementor-action%3Aaction%3Dlightbox%26settings%3DeyJpZCI6MjMxMjMsInVybCI6Imh0dHBzOlwvXC9taXJvcmEuY29tXC93cC1jb250ZW50XC91cGxvYWRzXC8yMDI2XC8wMlwvRWxpYV9NZW1iZXJzaGlwX0NlcnRpZmljYXRlXzIwMjYtTWlyb3JhLVRyYW5zbGF0aW9uLmpwZyJ9\">\n\t\t\t\t\t\t\t<img fetchpriority=\"high\" decoding=\"async\" width=\"1500\" height=\"1125\" src=\"https:\/\/mirora.com\/wp-content\/uploads\/2026\/02\/Elia_Membership_Certificate_2026-Mirora-Translation.jpg\" class=\"attachment-full size-full wp-image-23123\" alt=\"\" srcset=\"https:\/\/mirora.com\/wp-content\/uploads\/2026\/02\/Elia_Membership_Certificate_2026-Mirora-Translation.jpg 1500w, https:\/\/mirora.com\/wp-content\/uploads\/2026\/02\/Elia_Membership_Certificate_2026-Mirora-Translation-300x225.jpg 300w, https:\/\/mirora.com\/wp-content\/uploads\/2026\/02\/Elia_Membership_Certificate_2026-Mirora-Translation-1024x768.jpg 1024w, https:\/\/mirora.com\/wp-content\/uploads\/2026\/02\/Elia_Membership_Certificate_2026-Mirora-Translation-768x576.jpg 768w, https:\/\/mirora.com\/wp-content\/uploads\/2026\/02\/Elia_Membership_Certificate_2026-Mirora-Translation-16x12.jpg 16w\" sizes=\"(max-width: 1500px) 100vw, 1500px\" \/>\t\t\t\t\t\t\t\t<\/a>\n\t\t\t\t\t\t\t\t\t\t\t\t\t\t\t<\/div>\n\t\t\t\t\t<\/div>\n\t\t<\/div>\n\t\t\t\t\t<\/div>\n\t\t<\/section>\n\t\t\t\t\t<\/div>\n\t\t<\/div>\n\t\t\t\t\t<\/div>\n\t\t<\/section>\n\t\t<div class=\"elementor-element elementor-element-59a76d4 e-flex e-con-boxed e-con e-parent\" data-id=\"59a76d4\" data-element_type=\"container\" data-e-type=\"container\">\n\t\t\t\t\t<div class=\"e-con-inner\">\n\t\t\t\t<div class=\"elementor-element elementor-element-959816c elementor-widget elementor-widget-acadusectiondescription\" data-id=\"959816c\" data-element_type=\"widget\" data-e-type=\"widget\" data-widget_type=\"acadusectiondescription.default\">\n\t\t\t\t<div class=\"elementor-widget-container\">\n\t\t\t\t\t<div class=\"sec-desc-area\" ><div class=\"mb-35 mb-xl-5\" ><h2 class=\"fs-40 text-theme fw-light mb-0 subtitle-selector\">ELIA ve Mirora\n<\/h2><\/div><p class=\"mt-n2 mb-35 desc-selector\">ELIA, dil hizmeti veren \u015firketleri kar amac\u0131 g\u00fctmeden bir araya getiren bir \u00e7eviri \u00f6rg\u00fct\u00fcd\u00fcr. \u00dcyelerinin daha ba\u015far\u0131l\u0131 olmas\u0131n\u0131 sa\u011flamak amac\u0131yla yola \u00e7\u0131kan ELIA, 2005 y\u0131l\u0131nda kurulmu\u015ftur. \u00c7eviri hizmeti sunan firmalara, geni\u015f bir yelpazede \u00e7ok \u00e7e\u015fitli faydalar sa\u011flamaya \u00e7al\u0131\u015fmaktad\u0131r. D\u00fcnya \u00e7ap\u0131nda payda\u015flarla ba\u011flant\u0131 kuran ELIA\u2019n\u0131n misyonu, \u00e7eviri \u015firketlerini her a\u015famada destekleyen bir kurulu\u015f olmas\u0131d\u0131r. T\u00fcrkiye\u2019den az say\u0131da kurumun \u00fcye oldu\u011fu derne\u011fin \u00fcyelerinden biri de Mirora\u2019d\u0131r.\n\n<br><br>M\u00fc\u015fterilerine sundu\u011fu kaliteli hizmeti global alanda da kan\u0131tlam\u0131\u015f olan Mirora\u2019n\u0131n, hizmetleri ve s\u00fcre\u00e7leri hakk\u0131nda bilgi almak veya bu hizmetlerden yararlanmak isterseniz, bizimle e-mail veya telefon arac\u0131l\u0131\u011f\u0131 ile kolayca ileti\u015fime ge\u00e7ebilirsiniz.<\/p><\/div>\t\t\t\t<\/div>\n\t\t\t\t<\/div>\n\t\t\t\t\t<\/div>\n\t\t\t\t<\/div>\n\t\t\t\t<\/div>\n\t\t","protected":false},"excerpt":{"rendered":"<p>1997 y\u0131l\u0131nda kurulan Mirora, m\u00fc\u015fterilerinin \u00e7eviri, yerelle\u015ftirme ve dil dan\u0131\u015fmanl\u0131\u011f\u0131 gereksinimlerine y\u00f6nelik profesyonel \u00e7\u00f6z\u00fcmler sunmaktad\u0131r. Yirmi \u00fc\u00e7 y\u0131la yakla\u015fan tecr\u00fcbesi&#8230;<\/p>\n","protected":false},"author":1,"featured_media":0,"parent":0,"menu_order":0,"comment_status":"closed","ping_status":"closed","template":"template-builder.php","meta":{"_monsterinsights_skip_tracking":false,"_monsterinsights_sitenote_active":false,"_monsterinsights_sitenote_note":"","_monsterinsights_sitenote_category":0,"footnotes":""},"class_list":["post-6213","page","type-page","status-publish","hentry"],"yoast_head":"<!-- This site is optimized with the Yoast SEO plugin v27.3 - https:\/\/yoast.com\/product\/yoast-seo-wordpress\/ -->\n<title>\u00dcyelikler - Mirora Translation<\/title>\n<meta name=\"description\" content=\"Eulogia\u2019ya ba\u011fl\u0131 olan uzmanlar ve \u00e7eviri i\u015fletmeleri, tecr\u00fcbelerini, uzmanl\u0131k alanlar\u0131n\u0131 ve kulland\u0131klar\u0131 teknolojileri payla\u015fmak i\u00e7in d\u00fczenli olarak toplan\u0131rlar.\" \/>\n<meta name=\"robots\" content=\"index, follow, max-snippet:-1, max-image-preview:large, max-video-preview:-1\" \/>\n<link rel=\"canonical\" href=\"https:\/\/mirora.com\/tr\/uyelikler\/\" \/>\n<meta property=\"og:locale\" content=\"tr_TR\" \/>\n<meta property=\"og:type\" content=\"article\" \/>\n<meta property=\"og:title\" content=\"\u00dcyelikler - Mirora Translation\" \/>\n<meta property=\"og:description\" content=\"Eulogia\u2019ya ba\u011fl\u0131 olan uzmanlar ve \u00e7eviri i\u015fletmeleri, tecr\u00fcbelerini, uzmanl\u0131k alanlar\u0131n\u0131 ve kulland\u0131klar\u0131 teknolojileri payla\u015fmak i\u00e7in d\u00fczenli olarak toplan\u0131rlar.\" \/>\n<meta property=\"og:url\" content=\"https:\/\/mirora.com\/tr\/uyelikler\/\" \/>\n<meta property=\"og:site_name\" content=\"Mirora Translation\" \/>\n<meta property=\"article:modified_time\" content=\"2026-02-19T08:15:04+00:00\" \/>\n<meta property=\"og:image\" content=\"https:\/\/themeholy.com\/wordpress\/edura\/wp-content\/uploads\/2023\/08\/video-1_shape1.png\" \/>\n<meta name=\"twitter:card\" content=\"summary_large_image\" \/>\n<meta name=\"twitter:label1\" content=\"Tahmini okuma s\u00fcresi\" \/>\n\t<meta name=\"twitter:data1\" content=\"1 dakika\" \/>\n<script type=\"application\/ld+json\" class=\"yoast-schema-graph\">{\"@context\":\"https:\\\/\\\/schema.org\",\"@graph\":[{\"@type\":\"WebPage\",\"@id\":\"https:\\\/\\\/mirora.com\\\/tr\\\/uyelikler\\\/\",\"url\":\"https:\\\/\\\/mirora.com\\\/tr\\\/uyelikler\\\/\",\"name\":\"\u00dcyelikler - Mirora Translation\",\"isPartOf\":{\"@id\":\"https:\\\/\\\/mirora.com\\\/#website\"},\"primaryImageOfPage\":{\"@id\":\"https:\\\/\\\/mirora.com\\\/tr\\\/uyelikler\\\/#primaryimage\"},\"image\":{\"@id\":\"https:\\\/\\\/mirora.com\\\/tr\\\/uyelikler\\\/#primaryimage\"},\"thumbnailUrl\":\"https:\\\/\\\/themeholy.com\\\/wordpress\\\/edura\\\/wp-content\\\/uploads\\\/2023\\\/08\\\/video-1_shape1.png\",\"datePublished\":\"2024-05-28T12:09:17+00:00\",\"dateModified\":\"2026-02-19T08:15:04+00:00\",\"description\":\"Eulogia\u2019ya ba\u011fl\u0131 olan uzmanlar ve \u00e7eviri i\u015fletmeleri, tecr\u00fcbelerini, uzmanl\u0131k alanlar\u0131n\u0131 ve kulland\u0131klar\u0131 teknolojileri payla\u015fmak i\u00e7in d\u00fczenli olarak toplan\u0131rlar.\",\"inLanguage\":\"tr\",\"potentialAction\":[{\"@type\":\"ReadAction\",\"target\":[\"https:\\\/\\\/mirora.com\\\/tr\\\/uyelikler\\\/\"]}]},{\"@type\":\"ImageObject\",\"inLanguage\":\"tr\",\"@id\":\"https:\\\/\\\/mirora.com\\\/tr\\\/uyelikler\\\/#primaryimage\",\"url\":\"https:\\\/\\\/themeholy.com\\\/wordpress\\\/edura\\\/wp-content\\\/uploads\\\/2023\\\/08\\\/video-1_shape1.png\",\"contentUrl\":\"https:\\\/\\\/themeholy.com\\\/wordpress\\\/edura\\\/wp-content\\\/uploads\\\/2023\\\/08\\\/video-1_shape1.png\"},{\"@type\":\"WebSite\",\"@id\":\"https:\\\/\\\/mirora.com\\\/#website\",\"url\":\"https:\\\/\\\/mirora.com\\\/\",\"name\":\"Mirora Translation\",\"description\":\"We Reflect Your Originals\",\"publisher\":{\"@id\":\"https:\\\/\\\/mirora.com\\\/#organization\"},\"potentialAction\":[{\"@type\":\"SearchAction\",\"target\":{\"@type\":\"EntryPoint\",\"urlTemplate\":\"https:\\\/\\\/mirora.com\\\/?s={search_term_string}\"},\"query-input\":{\"@type\":\"PropertyValueSpecification\",\"valueRequired\":true,\"valueName\":\"search_term_string\"}}],\"inLanguage\":\"tr\"},{\"@type\":\"Organization\",\"@id\":\"https:\\\/\\\/mirora.com\\\/#organization\",\"name\":\"Mirora\",\"url\":\"https:\\\/\\\/mirora.com\\\/\",\"logo\":{\"@type\":\"ImageObject\",\"inLanguage\":\"tr\",\"@id\":\"https:\\\/\\\/mirora.com\\\/#\\\/schema\\\/logo\\\/image\\\/\",\"url\":\"https:\\\/\\\/mirora.com\\\/wp-content\\\/uploads\\\/2023\\\/07\\\/MiroraLogo2.webp\",\"contentUrl\":\"https:\\\/\\\/mirora.com\\\/wp-content\\\/uploads\\\/2023\\\/07\\\/MiroraLogo2.webp\",\"width\":326,\"height\":108,\"caption\":\"Mirora\"},\"image\":{\"@id\":\"https:\\\/\\\/mirora.com\\\/#\\\/schema\\\/logo\\\/image\\\/\"}}]}<\/script>\n<!-- \/ Yoast SEO plugin. -->","yoast_head_json":{"title":"\u00dcyelikler - Mirora Translation","description":"Eulogia\u2019ya ba\u011fl\u0131 olan uzmanlar ve \u00e7eviri i\u015fletmeleri, tecr\u00fcbelerini, uzmanl\u0131k alanlar\u0131n\u0131 ve kulland\u0131klar\u0131 teknolojileri payla\u015fmak i\u00e7in d\u00fczenli olarak toplan\u0131rlar.","robots":{"index":"index","follow":"follow","max-snippet":"max-snippet:-1","max-image-preview":"max-image-preview:large","max-video-preview":"max-video-preview:-1"},"canonical":"https:\/\/mirora.com\/tr\/uyelikler\/","og_locale":"tr_TR","og_type":"article","og_title":"\u00dcyelikler - Mirora Translation","og_description":"Eulogia\u2019ya ba\u011fl\u0131 olan uzmanlar ve \u00e7eviri i\u015fletmeleri, tecr\u00fcbelerini, uzmanl\u0131k alanlar\u0131n\u0131 ve kulland\u0131klar\u0131 teknolojileri payla\u015fmak i\u00e7in d\u00fczenli olarak toplan\u0131rlar.","og_url":"https:\/\/mirora.com\/tr\/uyelikler\/","og_site_name":"Mirora Translation","article_modified_time":"2026-02-19T08:15:04+00:00","og_image":[{"url":"https:\/\/themeholy.com\/wordpress\/edura\/wp-content\/uploads\/2023\/08\/video-1_shape1.png","type":"","width":"","height":""}],"twitter_card":"summary_large_image","twitter_misc":{"Tahmini okuma s\u00fcresi":"1 dakika"},"schema":{"@context":"https:\/\/schema.org","@graph":[{"@type":"WebPage","@id":"https:\/\/mirora.com\/tr\/uyelikler\/","url":"https:\/\/mirora.com\/tr\/uyelikler\/","name":"\u00dcyelikler - Mirora Translation","isPartOf":{"@id":"https:\/\/mirora.com\/#website"},"primaryImageOfPage":{"@id":"https:\/\/mirora.com\/tr\/uyelikler\/#primaryimage"},"image":{"@id":"https:\/\/mirora.com\/tr\/uyelikler\/#primaryimage"},"thumbnailUrl":"https:\/\/themeholy.com\/wordpress\/edura\/wp-content\/uploads\/2023\/08\/video-1_shape1.png","datePublished":"2024-05-28T12:09:17+00:00","dateModified":"2026-02-19T08:15:04+00:00","description":"Eulogia\u2019ya ba\u011fl\u0131 olan uzmanlar ve \u00e7eviri i\u015fletmeleri, tecr\u00fcbelerini, uzmanl\u0131k alanlar\u0131n\u0131 ve kulland\u0131klar\u0131 teknolojileri payla\u015fmak i\u00e7in d\u00fczenli olarak toplan\u0131rlar.","inLanguage":"tr","potentialAction":[{"@type":"ReadAction","target":["https:\/\/mirora.com\/tr\/uyelikler\/"]}]},{"@type":"ImageObject","inLanguage":"tr","@id":"https:\/\/mirora.com\/tr\/uyelikler\/#primaryimage","url":"https:\/\/themeholy.com\/wordpress\/edura\/wp-content\/uploads\/2023\/08\/video-1_shape1.png","contentUrl":"https:\/\/themeholy.com\/wordpress\/edura\/wp-content\/uploads\/2023\/08\/video-1_shape1.png"},{"@type":"WebSite","@id":"https:\/\/mirora.com\/#website","url":"https:\/\/mirora.com\/","name":"Mirora Translation","description":"We Reflect Your Originals","publisher":{"@id":"https:\/\/mirora.com\/#organization"},"potentialAction":[{"@type":"SearchAction","target":{"@type":"EntryPoint","urlTemplate":"https:\/\/mirora.com\/?s={search_term_string}"},"query-input":{"@type":"PropertyValueSpecification","valueRequired":true,"valueName":"search_term_string"}}],"inLanguage":"tr"},{"@type":"Organization","@id":"https:\/\/mirora.com\/#organization","name":"Mirora","url":"https:\/\/mirora.com\/","logo":{"@type":"ImageObject","inLanguage":"tr","@id":"https:\/\/mirora.com\/#\/schema\/logo\/image\/","url":"https:\/\/mirora.com\/wp-content\/uploads\/2023\/07\/MiroraLogo2.webp","contentUrl":"https:\/\/mirora.com\/wp-content\/uploads\/2023\/07\/MiroraLogo2.webp","width":326,"height":108,"caption":"Mirora"},"image":{"@id":"https:\/\/mirora.com\/#\/schema\/logo\/image\/"}}]}},"_links":{"self":[{"href":"https:\/\/mirora.com\/tr\/wp-json\/wp\/v2\/pages\/6213","targetHints":{"allow":["GET"]}}],"collection":[{"href":"https:\/\/mirora.com\/tr\/wp-json\/wp\/v2\/pages"}],"about":[{"href":"https:\/\/mirora.com\/tr\/wp-json\/wp\/v2\/types\/page"}],"author":[{"embeddable":true,"href":"https:\/\/mirora.com\/tr\/wp-json\/wp\/v2\/users\/1"}],"replies":[{"embeddable":true,"href":"https:\/\/mirora.com\/tr\/wp-json\/wp\/v2\/comments?post=6213"}],"version-history":[{"count":16,"href":"https:\/\/mirora.com\/tr\/wp-json\/wp\/v2\/pages\/6213\/revisions"}],"predecessor-version":[{"id":23126,"href":"https:\/\/mirora.com\/tr\/wp-json\/wp\/v2\/pages\/6213\/revisions\/23126"}],"wp:attachment":[{"href":"https:\/\/mirora.com\/tr\/wp-json\/wp\/v2\/media?parent=6213"}],"curies":[{"name":"wp","href":"https:\/\/api.w.org\/{rel}","templated":true}]}}