

{"id":6227,"date":"2024-05-28T15:20:43","date_gmt":"2024-05-28T12:20:43","guid":{"rendered":"https:\/\/mirora.com\/?page_id=6227"},"modified":"2025-05-14T04:11:44","modified_gmt":"2025-05-14T01:11:44","slug":"gizlilik","status":"publish","type":"page","link":"https:\/\/mirora.com\/tr\/gizlilik\/","title":{"rendered":"Gizlilik"},"content":{"rendered":"\t\t<div data-elementor-type=\"wp-page\" data-elementor-id=\"6227\" class=\"elementor elementor-6227\" data-elementor-post-type=\"page\">\n\t\t\t\t<div class=\"elementor-element elementor-element-312d65b e-flex e-con-boxed e-con e-parent\" data-id=\"312d65b\" data-element_type=\"container\" data-e-type=\"container\" data-settings=\"{&quot;background_background&quot;:&quot;classic&quot;}\">\n\t\t\t\t\t<div class=\"e-con-inner\">\n\t\t\t\t<div class=\"elementor-element elementor-element-586bc98 elementor-widget elementor-widget-heading\" data-id=\"586bc98\" data-element_type=\"widget\" data-e-type=\"widget\" data-widget_type=\"heading.default\">\n\t\t\t\t\t<h1 class=\"elementor-heading-title elementor-size-default\">Footer One<\/h1>\t\t\t\t<\/div>\n\t\t\t\t\t<\/div>\n\t\t\t\t<\/div>\n\t\t\t\t<section class=\"elementor-section elementor-top-section elementor-element elementor-element-1965056 elementor-section-full_width elementor-section-height-default elementor-section-height-default\" data-id=\"1965056\" data-element_type=\"section\" data-e-type=\"section\">\n\t\t\t\t\t\t<div class=\"elementor-container elementor-column-gap-no\">\n\t\t\t\t\t<div class=\"elementor-column elementor-col-100 elementor-top-column elementor-element elementor-element-9cabd29\" data-id=\"9cabd29\" data-element_type=\"column\" data-e-type=\"column\">\n\t\t\t<div class=\"elementor-widget-wrap elementor-element-populated\">\n\t\t\t\t\t\t<section class=\"elementor-section elementor-inner-section elementor-element elementor-element-bdd87a4 elementor-reverse-tablet elementor-reverse-mobile elementor-section-boxed elementor-section-height-default elementor-section-height-default\" data-id=\"bdd87a4\" data-element_type=\"section\" data-e-type=\"section\">\n\t\t\t\t\t\t<div class=\"elementor-container elementor-column-gap-no\">\n\t\t\t\t\t<div class=\"elementor-column elementor-col-100 elementor-inner-column elementor-element elementor-element-ede560a\" data-id=\"ede560a\" data-element_type=\"column\" data-e-type=\"column\">\n\t\t\t<div class=\"elementor-widget-wrap elementor-element-populated\">\n\t\t\t\t\t\t<div class=\"elementor-element elementor-element-cbbe88d elementor-widget elementor-widget-text-editor\" data-id=\"cbbe88d\" data-element_type=\"widget\" data-e-type=\"widget\" data-widget_type=\"text-editor.default\">\n\t\t\t\t\t\t\t\t\t<p><strong>Gizlilik<\/strong>\u00a0en \u00e7ok \u00f6nem verdi\u011fimiz konular\u0131n ba\u015f\u0131nda gelir. Pek \u00e7ok m\u00fc\u015fterimiz ayn\u0131 sekt\u00f6rde birbirlerine rakip firmalard\u0131r. Bu y\u00fczden \u00e7evirmenlerimizle ve di\u011fer personelimizle \u00f6zel gizlilik s\u00f6zle\u015fmeleri imzal\u0131yoruz. M\u00fc\u015fterilerimizle de talep edildi\u011fi takdirde gizlilik anla\u015fmalar\u0131 imzalayabiliriz. Baz\u0131 dok\u00fcmanlar\u0131n\u0131z ki\u015fiye \u00f6zel ya da ticari de\u011feri olan, gizli kalmas\u0131 gereken bilgiler i\u00e7erebilir. Kurumumuz ve s\u00f6zle\u015fmeli \u00e7evirmenlerimiz, hi\u00e7bir ko\u015ful alt\u0131nda bu bilgileri \u00fc\u00e7\u00fcnc\u00fc \u015fah\u0131slara a\u00e7\u0131klayamaz, kendilerinin ya da ba\u015fkalar\u0131n\u0131n \u00e7\u0131kar\u0131na kullanamaz ve kullan\u0131lmas\u0131na izin veremez ya da g\u00f6z yumamaz. \u0130sterseniz Mirora, s\u0131n\u0131rlar\u0131 taraf\u0131n\u0131zca belirlenebilecek \u00f6zel gizlilik anla\u015fmalar\u0131n\u0131 imzalayabilir.<\/p><p>\u00d6zel hayata sayg\u0131 ve gizli ticari bilgilerin saklanmas\u0131, kurumumuzun her personelinin uymas\u0131 gereken kurumsal bir zorunluluk oldu\u011fu kadar etik g\u00f6revimizdir.<\/p>\t\t\t\t\t\t\t\t<\/div>\n\t\t\t\t\t<\/div>\n\t\t<\/div>\n\t\t\t\t\t<\/div>\n\t\t<\/section>\n\t\t\t\t\t<\/div>\n\t\t<\/div>\n\t\t\t\t\t<\/div>\n\t\t<\/section>\n\t\t<div class=\"elementor-element elementor-element-8531434 e-flex e-con-boxed e-con e-parent\" data-id=\"8531434\" data-element_type=\"container\" data-e-type=\"container\">\n\t\t\t\t\t<div class=\"e-con-inner\">\n\t\t\t\t<div class=\"elementor-element elementor-element-627d0cf elementor-widget elementor-widget-heading\" data-id=\"627d0cf\" data-element_type=\"widget\" data-e-type=\"widget\" data-widget_type=\"heading.default\">\n\t\t\t\t\t<h2 class=\"elementor-heading-title elementor-size-default\">Bu Yaz\u0131lar\u0131m\u0131z \u0130lginizi \u00c7ekebilir ! Hizmetimiz ile ilgili daha fazla bilgi edinin.<\/h2>\t\t\t\t<\/div>\n\t\t\t\t<div class=\"elementor-element elementor-element-953d9ee elementor-widget-divider--view-line elementor-widget elementor-widget-divider\" data-id=\"953d9ee\" data-element_type=\"widget\" data-e-type=\"widget\" data-widget_type=\"divider.default\">\n\t\t\t\t\t\t\t<div class=\"elementor-divider\">\n\t\t\t<span class=\"elementor-divider-separator\">\n\t\t\t\t\t\t<\/span>\n\t\t<\/div>\n\t\t\t\t\t\t<\/div>\n\t\t\t\t\t<\/div>\n\t\t\t\t<\/div>\n\t\t<div class=\"elementor-element elementor-element-1bb5a1e e-flex e-con-boxed e-con e-parent\" data-id=\"1bb5a1e\" data-element_type=\"container\" data-e-type=\"container\">\n\t\t\t\t\t<div class=\"e-con-inner\">\n\t\t<div class=\"elementor-element elementor-element-7aacb83 e-con-full e-flex e-con e-child\" data-id=\"7aacb83\" data-element_type=\"container\" data-e-type=\"container\">\n\t\t\t\t<div class=\"elementor-element elementor-element-200b0c8 premium-blog-align-left elementor-widget elementor-widget-premium-addon-blog\" data-id=\"200b0c8\" data-element_type=\"widget\" data-e-type=\"widget\" data-settings=\"{&quot;premium_blog_columns_number&quot;:&quot;100%&quot;,&quot;premium_blog_grid&quot;:&quot;yes&quot;,&quot;premium_blog_layout&quot;:&quot;even&quot;,&quot;premium_blog_columns_number_tablet&quot;:&quot;50%&quot;,&quot;premium_blog_columns_number_mobile&quot;:&quot;100%&quot;}\" data-widget_type=\"premium-addon-blog.default\">\n\t\t\t\t\t\n\t\t\n\n\t\t\t\t<div class=\"premium-blog-wrap  premium-blog-even\" data-page=\"6227\">\n\t\t\t\t\t\t\t\t\t<div class=\"premium-blog-post-outer-container\" data-total=\"1\">\n\t\t\t<div class=\"premium-blog-post-container premium-blog-skin-banner\">\n\t\t\t\t\t\t\t\t\t<div class=\"premium-blog-thumb-effect-wrapper\">\n\t\t\t\t\t\t<div class=\"premium-blog-thumbnail-container premium-blog-zoomin-effect\">\n\t\t\t\t\t\t\t<img fetchpriority=\"high\" decoding=\"async\" width=\"850\" height=\"500\" src=\"https:\/\/mirora.com\/wp-content\/uploads\/2023\/09\/Translation-Efficiency-and-Quality-with-Translation-Memory-Systems-min.jpg\" class=\"attachment-full size-full wp-image-17108\" alt=\"\" srcset=\"https:\/\/mirora.com\/wp-content\/uploads\/2023\/09\/Translation-Efficiency-and-Quality-with-Translation-Memory-Systems-min.jpg 850w, https:\/\/mirora.com\/wp-content\/uploads\/2023\/09\/Translation-Efficiency-and-Quality-with-Translation-Memory-Systems-min-300x176.jpg 300w, https:\/\/mirora.com\/wp-content\/uploads\/2023\/09\/Translation-Efficiency-and-Quality-with-Translation-Memory-Systems-min-768x452.jpg 768w, https:\/\/mirora.com\/wp-content\/uploads\/2023\/09\/Translation-Efficiency-and-Quality-with-Translation-Memory-Systems-min-18x12.jpg 18w\" sizes=\"(max-width: 850px) 100vw, 850px\" \/>\t\t\t\t\t\t<\/div>\n\t\t\t\t\t\t\t\t\t\t\t\t\t<div class=\"premium-blog-thumbnail-overlay\">\n\t\t\t\t\t\t\t\t<a class=\"elementor-icon\" href=\"https:\/\/mirora.com\/tr\/ceviri-bellegi-sistemleriyle-ceviri-verimliligini-ve-kalitesini-artirma\/\" target=\"_blank\"><\/a>\n\t\t\t\t\t\t\t<\/div>\n\n\t\t\t\t\t\t\t\t\t\t\t\t\t\t\t\t\t\t<\/div>\n\t\t\t\t\t\t\t\t\t\t\t\t<div class=\"premium-blog-content-wrapper \">\n\n\t\t\t\t\t<div class=\"premium-blog-inner-container\">\n\n\t\t\t\t\t\t\t\t\t\t\t\t\t\t<h2 class=\"premium-blog-entry-title\">\n\t\t\t<a href=\"https:\/\/mirora.com\/tr\/ceviri-bellegi-sistemleriyle-ceviri-verimliligini-ve-kalitesini-artirma\/\" target=\"_blank\">\n\t\t\t\t\u00c7eviri Belle\u011fi Sistemleriyle \u00c7eviri Verimlili\u011fini ve Kalitesini Art\u0131rma\t\t\t<\/a>\n\t\t<\/h2>\n\t\t\t\t<div class=\"premium-blog-entry-meta\">\n\t\t\t\n\t\t\t\n\t\t\t\n\t\t\t\t\t<\/div>\n\t\t\n\t\t\t\t\t<\/div>\n\n\t\t\t\t\t\t\t<div class=\"premium-blog-content-inner-wrapper\">\n\t\t<p class=\"premium-blog-post-content\">\u00c7evirinin h\u0131zl\u0131 d\u00fcnyas\u0131nda, profesyonel \u00e7evirmenler s\u00fcreci h\u0131zland\u0131rmak ve en iyi sonu\u00e7lar\u0131 elde etmek i\u00e7in Bilgisayar Destekli \u00c7eviri (CAT) ara\u00e7lar\u0131na y\u00f6neliyor....<\/p>\t\t<\/div>\n\t\t\t\t\t\t\t\n\t\t\t\t<\/div>\n\t\t\t<\/div>\n\t\t<\/div>\n\n\t\t\t\t\t\t\t<\/div>\n\n\t\t\n\t\t\n\t\t\t\t\t\t<\/div>\n\t\t\t\t<\/div>\n\t\t<div class=\"elementor-element elementor-element-7533ba5 e-con-full e-flex e-con e-child\" data-id=\"7533ba5\" data-element_type=\"container\" data-e-type=\"container\">\n\t\t\t\t<\/div>\n\t\t<div class=\"elementor-element elementor-element-d6d5e98 e-con-full e-flex e-con e-child\" data-id=\"d6d5e98\" data-element_type=\"container\" data-e-type=\"container\">\n\t\t\t\t<\/div>\n\t\t<div class=\"elementor-element elementor-element-2ed80c7 e-con-full e-flex e-con e-child\" data-id=\"2ed80c7\" data-element_type=\"container\" data-e-type=\"container\">\n\t\t\t\t<\/div>\n\t\t\t\t\t<\/div>\n\t\t\t\t<\/div>\n\t\t\t\t<\/div>\n\t\t","protected":false},"excerpt":{"rendered":"<p>Gizlilik\u00a0en \u00e7ok \u00f6nem verdi\u011fimiz konular\u0131n ba\u015f\u0131nda gelir. Pek \u00e7ok m\u00fc\u015fterimiz ayn\u0131 sekt\u00f6rde birbirlerine rakip firmalard\u0131r. Bu y\u00fczden \u00e7evirmenlerimizle ve di\u011fer&#8230;<\/p>\n","protected":false},"author":1,"featured_media":0,"parent":0,"menu_order":0,"comment_status":"closed","ping_status":"closed","template":"template-builder.php","meta":{"_monsterinsights_skip_tracking":false,"_monsterinsights_sitenote_active":false,"_monsterinsights_sitenote_note":"","_monsterinsights_sitenote_category":0,"footnotes":""},"class_list":["post-6227","page","type-page","status-publish","hentry","th-blog blog-single"],"yoast_head":"<!-- This site is optimized with the Yoast SEO plugin v27.3 - https:\/\/yoast.com\/product\/yoast-seo-wordpress\/ -->\n<title>Gizlilik - Mirora Translation<\/title>\n<meta name=\"robots\" content=\"index, follow, max-snippet:-1, max-image-preview:large, max-video-preview:-1\" \/>\n<link rel=\"canonical\" href=\"https:\/\/cornflowerblue-wolverine-646520.hostingersite.com\/gizlilik\/\" \/>\n<meta property=\"og:locale\" content=\"tr_TR\" \/>\n<meta property=\"og:type\" content=\"article\" \/>\n<meta property=\"og:title\" content=\"Gizlilik - Mirora Translation\" \/>\n<meta property=\"og:description\" content=\"Gizlilik\u00a0en \u00e7ok \u00f6nem verdi\u011fimiz konular\u0131n ba\u015f\u0131nda gelir. Pek \u00e7ok m\u00fc\u015fterimiz ayn\u0131 sekt\u00f6rde birbirlerine rakip firmalard\u0131r. Bu y\u00fczden \u00e7evirmenlerimizle ve di\u011fer...\" \/>\n<meta property=\"og:url\" content=\"https:\/\/cornflowerblue-wolverine-646520.hostingersite.com\/gizlilik\/\" \/>\n<meta property=\"og:site_name\" content=\"Mirora Translation\" \/>\n<meta property=\"article:modified_time\" content=\"2025-05-14T01:11:44+00:00\" \/>\n<meta property=\"og:image\" content=\"https:\/\/mirora.com\/wp-content\/uploads\/2023\/09\/Translation-Efficiency-and-Quality-with-Translation-Memory-Systems-min.jpg\" \/>\n<meta name=\"twitter:card\" content=\"summary_large_image\" \/>\n<meta name=\"twitter:label1\" content=\"Tahmini okuma s\u00fcresi\" \/>\n\t<meta name=\"twitter:data1\" content=\"1 dakika\" \/>\n<script type=\"application\/ld+json\" class=\"yoast-schema-graph\">{\"@context\":\"https:\\\/\\\/schema.org\",\"@graph\":[{\"@type\":\"WebPage\",\"@id\":\"https:\\\/\\\/cornflowerblue-wolverine-646520.hostingersite.com\\\/gizlilik\\\/\",\"url\":\"https:\\\/\\\/cornflowerblue-wolverine-646520.hostingersite.com\\\/gizlilik\\\/\",\"name\":\"Gizlilik - Mirora Translation\",\"isPartOf\":{\"@id\":\"https:\\\/\\\/mirora.com\\\/#website\"},\"primaryImageOfPage\":{\"@id\":\"https:\\\/\\\/cornflowerblue-wolverine-646520.hostingersite.com\\\/gizlilik\\\/#primaryimage\"},\"image\":{\"@id\":\"https:\\\/\\\/cornflowerblue-wolverine-646520.hostingersite.com\\\/gizlilik\\\/#primaryimage\"},\"thumbnailUrl\":\"https:\\\/\\\/mirora.com\\\/wp-content\\\/uploads\\\/2023\\\/09\\\/Translation-Efficiency-and-Quality-with-Translation-Memory-Systems-min.jpg\",\"datePublished\":\"2024-05-28T12:20:43+00:00\",\"dateModified\":\"2025-05-14T01:11:44+00:00\",\"inLanguage\":\"tr\",\"potentialAction\":[{\"@type\":\"ReadAction\",\"target\":[\"https:\\\/\\\/cornflowerblue-wolverine-646520.hostingersite.com\\\/gizlilik\\\/\"]}]},{\"@type\":\"ImageObject\",\"inLanguage\":\"tr\",\"@id\":\"https:\\\/\\\/cornflowerblue-wolverine-646520.hostingersite.com\\\/gizlilik\\\/#primaryimage\",\"url\":\"https:\\\/\\\/mirora.com\\\/wp-content\\\/uploads\\\/2023\\\/09\\\/Translation-Efficiency-and-Quality-with-Translation-Memory-Systems-min.jpg\",\"contentUrl\":\"https:\\\/\\\/mirora.com\\\/wp-content\\\/uploads\\\/2023\\\/09\\\/Translation-Efficiency-and-Quality-with-Translation-Memory-Systems-min.jpg\"},{\"@type\":\"WebSite\",\"@id\":\"https:\\\/\\\/mirora.com\\\/#website\",\"url\":\"https:\\\/\\\/mirora.com\\\/\",\"name\":\"Mirora Translation\",\"description\":\"We Reflect Your Originals\",\"publisher\":{\"@id\":\"https:\\\/\\\/mirora.com\\\/#organization\"},\"potentialAction\":[{\"@type\":\"SearchAction\",\"target\":{\"@type\":\"EntryPoint\",\"urlTemplate\":\"https:\\\/\\\/mirora.com\\\/?s={search_term_string}\"},\"query-input\":{\"@type\":\"PropertyValueSpecification\",\"valueRequired\":true,\"valueName\":\"search_term_string\"}}],\"inLanguage\":\"tr\"},{\"@type\":\"Organization\",\"@id\":\"https:\\\/\\\/mirora.com\\\/#organization\",\"name\":\"Mirora\",\"url\":\"https:\\\/\\\/mirora.com\\\/\",\"logo\":{\"@type\":\"ImageObject\",\"inLanguage\":\"tr\",\"@id\":\"https:\\\/\\\/mirora.com\\\/#\\\/schema\\\/logo\\\/image\\\/\",\"url\":\"https:\\\/\\\/mirora.com\\\/wp-content\\\/uploads\\\/2023\\\/07\\\/MiroraLogo2.webp\",\"contentUrl\":\"https:\\\/\\\/mirora.com\\\/wp-content\\\/uploads\\\/2023\\\/07\\\/MiroraLogo2.webp\",\"width\":326,\"height\":108,\"caption\":\"Mirora\"},\"image\":{\"@id\":\"https:\\\/\\\/mirora.com\\\/#\\\/schema\\\/logo\\\/image\\\/\"}}]}<\/script>\n<!-- \/ Yoast SEO plugin. -->","yoast_head_json":{"title":"Gizlilik - Mirora Translation","robots":{"index":"index","follow":"follow","max-snippet":"max-snippet:-1","max-image-preview":"max-image-preview:large","max-video-preview":"max-video-preview:-1"},"canonical":"https:\/\/cornflowerblue-wolverine-646520.hostingersite.com\/gizlilik\/","og_locale":"tr_TR","og_type":"article","og_title":"Gizlilik - Mirora Translation","og_description":"Gizlilik\u00a0en \u00e7ok \u00f6nem verdi\u011fimiz konular\u0131n ba\u015f\u0131nda gelir. Pek \u00e7ok m\u00fc\u015fterimiz ayn\u0131 sekt\u00f6rde birbirlerine rakip firmalard\u0131r. Bu y\u00fczden \u00e7evirmenlerimizle ve di\u011fer...","og_url":"https:\/\/cornflowerblue-wolverine-646520.hostingersite.com\/gizlilik\/","og_site_name":"Mirora Translation","article_modified_time":"2025-05-14T01:11:44+00:00","og_image":[{"url":"https:\/\/mirora.com\/wp-content\/uploads\/2023\/09\/Translation-Efficiency-and-Quality-with-Translation-Memory-Systems-min.jpg","type":"","width":"","height":""}],"twitter_card":"summary_large_image","twitter_misc":{"Tahmini okuma s\u00fcresi":"1 dakika"},"schema":{"@context":"https:\/\/schema.org","@graph":[{"@type":"WebPage","@id":"https:\/\/cornflowerblue-wolverine-646520.hostingersite.com\/gizlilik\/","url":"https:\/\/cornflowerblue-wolverine-646520.hostingersite.com\/gizlilik\/","name":"Gizlilik - Mirora Translation","isPartOf":{"@id":"https:\/\/mirora.com\/#website"},"primaryImageOfPage":{"@id":"https:\/\/cornflowerblue-wolverine-646520.hostingersite.com\/gizlilik\/#primaryimage"},"image":{"@id":"https:\/\/cornflowerblue-wolverine-646520.hostingersite.com\/gizlilik\/#primaryimage"},"thumbnailUrl":"https:\/\/mirora.com\/wp-content\/uploads\/2023\/09\/Translation-Efficiency-and-Quality-with-Translation-Memory-Systems-min.jpg","datePublished":"2024-05-28T12:20:43+00:00","dateModified":"2025-05-14T01:11:44+00:00","inLanguage":"tr","potentialAction":[{"@type":"ReadAction","target":["https:\/\/cornflowerblue-wolverine-646520.hostingersite.com\/gizlilik\/"]}]},{"@type":"ImageObject","inLanguage":"tr","@id":"https:\/\/cornflowerblue-wolverine-646520.hostingersite.com\/gizlilik\/#primaryimage","url":"https:\/\/mirora.com\/wp-content\/uploads\/2023\/09\/Translation-Efficiency-and-Quality-with-Translation-Memory-Systems-min.jpg","contentUrl":"https:\/\/mirora.com\/wp-content\/uploads\/2023\/09\/Translation-Efficiency-and-Quality-with-Translation-Memory-Systems-min.jpg"},{"@type":"WebSite","@id":"https:\/\/mirora.com\/#website","url":"https:\/\/mirora.com\/","name":"Mirora Translation","description":"We Reflect Your Originals","publisher":{"@id":"https:\/\/mirora.com\/#organization"},"potentialAction":[{"@type":"SearchAction","target":{"@type":"EntryPoint","urlTemplate":"https:\/\/mirora.com\/?s={search_term_string}"},"query-input":{"@type":"PropertyValueSpecification","valueRequired":true,"valueName":"search_term_string"}}],"inLanguage":"tr"},{"@type":"Organization","@id":"https:\/\/mirora.com\/#organization","name":"Mirora","url":"https:\/\/mirora.com\/","logo":{"@type":"ImageObject","inLanguage":"tr","@id":"https:\/\/mirora.com\/#\/schema\/logo\/image\/","url":"https:\/\/mirora.com\/wp-content\/uploads\/2023\/07\/MiroraLogo2.webp","contentUrl":"https:\/\/mirora.com\/wp-content\/uploads\/2023\/07\/MiroraLogo2.webp","width":326,"height":108,"caption":"Mirora"},"image":{"@id":"https:\/\/mirora.com\/#\/schema\/logo\/image\/"}}]}},"_links":{"self":[{"href":"https:\/\/mirora.com\/tr\/wp-json\/wp\/v2\/pages\/6227","targetHints":{"allow":["GET"]}}],"collection":[{"href":"https:\/\/mirora.com\/tr\/wp-json\/wp\/v2\/pages"}],"about":[{"href":"https:\/\/mirora.com\/tr\/wp-json\/wp\/v2\/types\/page"}],"author":[{"embeddable":true,"href":"https:\/\/mirora.com\/tr\/wp-json\/wp\/v2\/users\/1"}],"replies":[{"embeddable":true,"href":"https:\/\/mirora.com\/tr\/wp-json\/wp\/v2\/comments?post=6227"}],"version-history":[{"count":13,"href":"https:\/\/mirora.com\/tr\/wp-json\/wp\/v2\/pages\/6227\/revisions"}],"predecessor-version":[{"id":22302,"href":"https:\/\/mirora.com\/tr\/wp-json\/wp\/v2\/pages\/6227\/revisions\/22302"}],"wp:attachment":[{"href":"https:\/\/mirora.com\/tr\/wp-json\/wp\/v2\/media?parent=6227"}],"curies":[{"name":"wp","href":"https:\/\/api.w.org\/{rel}","templated":true}]}}