

{"id":6583,"date":"2024-05-30T00:13:12","date_gmt":"2024-05-29T21:13:12","guid":{"rendered":"https:\/\/mirora.com\/?page_id=6583"},"modified":"2026-04-16T14:41:33","modified_gmt":"2026-04-16T11:41:33","slug":"ceviride-son-okuma","status":"publish","type":"page","link":"https:\/\/mirora.com\/tr\/ceviride-son-okuma\/","title":{"rendered":"\u00c7eviride Son Okuma"},"content":{"rendered":"\t\t<div data-elementor-type=\"wp-page\" data-elementor-id=\"6583\" class=\"elementor elementor-6583\" data-elementor-post-type=\"page\">\n\t\t\t\t<div class=\"elementor-element elementor-element-5b65c8d e-flex e-con-boxed e-con e-parent\" data-id=\"5b65c8d\" data-element_type=\"container\" data-e-type=\"container\" data-settings=\"{&quot;background_background&quot;:&quot;classic&quot;}\">\n\t\t\t\t\t<div class=\"e-con-inner\">\n\t\t\t\t<div class=\"elementor-element elementor-element-28c4b69 elementor-widget elementor-widget-heading\" data-id=\"28c4b69\" data-element_type=\"widget\" data-e-type=\"widget\" data-widget_type=\"heading.default\">\n\t\t\t\t\t<h1 class=\"elementor-heading-title elementor-size-default\">Footer One<\/h1>\t\t\t\t<\/div>\n\t\t\t\t\t<\/div>\n\t\t\t\t<\/div>\n\t\t\t\t<section class=\"elementor-section elementor-top-section elementor-element elementor-element-7144dec elementor-section-full_width elementor-section-height-default elementor-section-height-default\" data-id=\"7144dec\" data-element_type=\"section\" data-e-type=\"section\">\n\t\t\t\t\t\t<div class=\"elementor-container elementor-column-gap-no\">\n\t\t\t\t\t<div class=\"elementor-column elementor-col-100 elementor-top-column elementor-element elementor-element-2ac3368\" data-id=\"2ac3368\" data-element_type=\"column\" data-e-type=\"column\">\n\t\t\t<div class=\"elementor-widget-wrap elementor-element-populated\">\n\t\t\t\t\t\t<section class=\"elementor-section elementor-inner-section elementor-element elementor-element-6cf5ae6 elementor-section-content-middle elementor-section-boxed elementor-section-height-default elementor-section-height-default\" data-id=\"6cf5ae6\" data-element_type=\"section\" data-e-type=\"section\">\n\t\t\t\t\t\t<div class=\"elementor-container elementor-column-gap-no\">\n\t\t\t\t\t<div class=\"elementor-column elementor-col-100 elementor-inner-column elementor-element elementor-element-309d6ce\" data-id=\"309d6ce\" data-element_type=\"column\" data-e-type=\"column\">\n\t\t\t<div class=\"elementor-widget-wrap elementor-element-populated\">\n\t\t\t\t\t\t<div class=\"elementor-element elementor-element-83a00e2 elementor-widget elementor-widget-text-editor\" data-id=\"83a00e2\" data-element_type=\"widget\" data-e-type=\"widget\" data-widget_type=\"text-editor.default\">\n\t\t\t\t\t\t\t\t\t<p><span style=\"font-family: Roboto;\">Eksiksiz ve m\u00fckemmel bir \u00e7eviri, uzun bir \u00e7al\u0131\u015fma s\u00fcreci sonucunda ortaya \u00e7\u0131kar. Ba\u015far\u0131l\u0131 bir \u00e7evirinin son a\u015famas\u0131 ise\u00a0<strong>son okuma<\/strong>\u00a0olarak a\u00e7\u0131klanabilir. Bir dilden ba\u015fka bir dile kaynak metnin hem bi\u00e7imsel hem de anlamsal \u00f6zelliklerini yans\u0131tarak terc\u00fcme edilmesi olduk\u00e7a zahmetli bir i\u015ftir. \u00c7evirinin hedef dilin \u00f6zelliklerine ve k\u00fclt\u00fcrel yap\u0131s\u0131na uygun olmas\u0131 beklenir. Ayn\u0131 zamanda yarat\u0131lan i\u00e7erik, tutarl\u0131 ve ak\u0131c\u0131 bir \u00fcsluba sahip olmal\u0131d\u0131r. Birden \u00e7ok uzman\u0131n dahil oldu\u011fu \u00e7eviri de temelde \u00fc\u00e7 s\u00fcre\u00e7ten olu\u015fmaktad\u0131r. \u00c7eviri + Redaksiyon + Son okuma s\u00fcre\u00e7leri uluslararas\u0131 jargonda genellikle\u00a0<strong>TEP\u00a0<\/strong>olarak ifade edilir.<\/span><\/p><p><span style=\"font-family: Roboto;\">\u0130lk a\u015famada \u00e7evirmen metnin tamam\u0131n\u0131 baz\u0131 kurallar\u0131 ve talimatlar\u0131 baz alarak hedef dile\u00a0<strong>\u00e7evirir<\/strong>. \u00c7eviri esnas\u0131nda, imla, do\u011fruluk, hedef metne uygunluk gibi kriterleri g\u00f6z \u00f6n\u00fcnde bulundurur. Daha sonra \u00e7eviri, redakt\u00f6re iletilir. Redakt\u00f6r, kaynak metni esas alarak \u00e7eviriyi kontrol eder, gerekiyorsa d\u00fczeltmeler yapar. Redaksiyon s\u00fcrecinin sonundaysa hedef metin ana dili hedef dil olan bir ba\u015fka dil uzman\u0131na y\u00f6nlendirilir. Terc\u00fcmenin kalitesine dair fikir veren son a\u015famay\u0131 ise biraz daha detayland\u0131rmak gerekir.<\/span><\/p><p><strong><span style=\"font-family: Roboto;\">Son Okuma (Proofreading) S\u00fcreci<\/span><\/strong><\/p><p><span style=\"font-family: Roboto;\">\u00c7eviri ve redaksiyon a\u015famas\u0131 tamamland\u0131ktan sonra s\u0131ra son okuma s\u00fcrecine gelir.\u00a0<strong>Son okuyucu gerekti\u011finde<\/strong>\u00a0kaynak metni de kullanarak \u00e7eviriyi kontrol eder. Gerekli d\u00fczeltmeleri yapar. Bu d\u00fczeltmeler, s\u0131k yap\u0131lan dil bilgisi, imla, terim, format ya da \u00fcslup hatalar\u0131 olabilir. Bulunan hatalar ayr\u0131 bir dosyada ya da teslim yaz\u0131\u015fmas\u0131nda bildirilir.<\/span><\/p><p><span style=\"font-family: Roboto;\">\u00c7eviri s\u00fcre\u00e7leri genellikle bu \u00fc\u00e7 a\u015famada tamamlan\u0131r. Ancak m\u00fc\u015fterilerine eksiksiz ve kaliteli hizmet sunan Mirora\u2019da m\u00fc\u015fteri beklentileri, gereksinmeleri ve talimatlar\u0131 da dikkate al\u0131narak hedef metin daha pek \u00e7ok kontrol s\u00fcre\u00e7lerinden ge\u00e7irilebilir.<\/span><\/p><p><strong><span style=\"font-family: Roboto;\">Son Okuma Neden Gereklidir?<\/span><\/strong><\/p><p><span style=\"font-family: Roboto;\">\u00c7evirmenin g\u00f6remedi\u011fi hatay\u0131 redakt\u00f6r fark eder. Redakt\u00f6r\u00fcn g\u00f6z\u00fcnden ka\u00e7an \u00e7ok k\u00fc\u00e7\u00fck hatalar, son okuyucu taraf\u0131ndan fark edilir. B\u00f6ylece terc\u00fcme edilen metin, son a\u015famada m\u00fcmk\u00fcn olan en m\u00fckemmel hale d\u00f6n\u00fc\u015f\u00fcr. Do\u011fru terminolojinin kullan\u0131ld\u0131\u011f\u0131, ak\u0131c\u0131 ve \u00f6z\u00fcne uygun metinler ortaya \u00e7\u0131kar\u0131labilir. Bu s\u00fcre\u00e7 esas\u0131nda t\u00fcm payda\u015flar i\u00e7in \u00e7ok \u00f6nemlidir. S\u00fcre\u00e7 sonunda \u00e7evirmen yap\u0131lan d\u00fczeltmeleri g\u00f6rerek kendini geli\u015ftirme \u015fans\u0131 bulur. Redakt\u00f6r ba\u015fka bir g\u00f6zle bakarak metindeki k\u00fc\u00e7\u00fck hatalar\u0131 d\u00fczeltir. Son okuyucu ise i\u00e7eri\u011fe son halini vererek, m\u00fckemmel dokunu\u015fu tamamlar.<\/span><\/p><p><span style=\"font-family: Roboto;\">Kalitesi ve standart olarak uygulad\u0131\u011f\u0131 proje s\u00fcre\u00e7leri ile A\u011fustos 1997\u2019den beri m\u00fc\u015fterilerine en kaliteli hizmeti sunan Mirora\u2019dan\u00a0<strong>son okuma hizmeti<\/strong>\u00a0sat\u0131n almak isterseniz, bizimle \u00e7ok \u00e7e\u015fitli yollardan kolayca ileti\u015fime ge\u00e7ebilirsiniz.<\/span><\/p>\t\t\t\t\t\t\t\t<\/div>\n\t\t\t\t\t<\/div>\n\t\t<\/div>\n\t\t\t\t\t<\/div>\n\t\t<\/section>\n\t\t\t\t\t<\/div>\n\t\t<\/div>\n\t\t\t\t\t<\/div>\n\t\t<\/section>\n\t\t\t\t<section class=\"elementor-section elementor-top-section elementor-element elementor-element-c05510c elementor-section-full_width elementor-section-height-default elementor-section-height-default\" data-id=\"c05510c\" data-element_type=\"section\" data-e-type=\"section\">\n\t\t\t\t\t\t<div class=\"elementor-container elementor-column-gap-no\">\n\t\t\t\t\t<div class=\"elementor-column elementor-col-100 elementor-top-column elementor-element elementor-element-93f3722\" data-id=\"93f3722\" data-element_type=\"column\" data-e-type=\"column\">\n\t\t\t<div class=\"elementor-widget-wrap elementor-element-populated\">\n\t\t\t\t\t\t<div class=\"elementor-element elementor-element-7824225 elementor-widget elementor-widget-eduracta\" data-id=\"7824225\" data-element_type=\"widget\" data-e-type=\"widget\" data-widget_type=\"eduracta.default\">\n\t\t\t\t<div class=\"elementor-widget-container\">\n\t\t\t\t\t<div class=\"cta-area-1\" data-bg-src=\"https:\/\/mirora.com\/wp-content\/uploads\/2023\/07\/cta-bg1-2-1.png\"><div class=\"container\"><div class=\"row align-items-center justify-content-between\"><div class=\"col-lg-8\"><div class=\"cta-wrap title-area mb-0\"><div class=\"cta-icon\"><img decoding=\"async\" src=\"https:\/\/mirora.com\/wp-content\/uploads\/2023\/07\/cta-icon1-2-1.png\" alt=\"icon\"><\/div><div class=\"cta-content\"><h2 class=\"cta-title th-title sec-title\">Hemen Teklif Al<\/h2><p class=\"cta-text th-desc\">Markana de\u011fer katmak Mirora ile bir t\u0131k uza\u011f\u0131nda.<\/p><\/div><a href=\"https:\/\/mirora.com\/teklif-al\/\" class=\"th-btn th_btn style8\">Teklif Al!<i class=\"fa-regular fa-arrow-right ms-1\"><\/i><\/a><\/div><\/div><\/div><\/div><div class=\"cta-img-1\" data-overlay=\"title\" data-opacity=\"8\"><img decoding=\"async\" src=\"https:\/\/mirora.com\/wp-content\/uploads\/2024\/06\/mirora_anasayfa_3-3.jpg\" alt=\"Image\"><\/div><\/div>\t\t\t\t<\/div>\n\t\t\t\t<\/div>\n\t\t\t\t\t<\/div>\n\t\t<\/div>\n\t\t\t\t\t<\/div>\n\t\t<\/section>\n\t\t<div class=\"elementor-element elementor-element-0503566 e-flex e-con-boxed e-con e-parent\" data-id=\"0503566\" data-element_type=\"container\" data-e-type=\"container\">\n\t\t\t\t\t<div class=\"e-con-inner\">\n\t\t\t\t<div class=\"elementor-element elementor-element-27c30f1 elementor-widget elementor-widget-heading\" data-id=\"27c30f1\" data-element_type=\"widget\" data-e-type=\"widget\" data-widget_type=\"heading.default\">\n\t\t\t\t\t<h2 class=\"elementor-heading-title elementor-size-default\">Bu Yaz\u0131lar\u0131m\u0131z \u0130lginizi \u00c7ekebilir ! Hizmetimiz ile ilgili daha fazla bilgi edinin.<\/h2>\t\t\t\t<\/div>\n\t\t\t\t<div class=\"elementor-element elementor-element-11655fe elementor-widget-divider--view-line elementor-widget elementor-widget-divider\" data-id=\"11655fe\" data-element_type=\"widget\" data-e-type=\"widget\" data-widget_type=\"divider.default\">\n\t\t\t\t\t\t\t<div class=\"elementor-divider\">\n\t\t\t<span class=\"elementor-divider-separator\">\n\t\t\t\t\t\t<\/span>\n\t\t<\/div>\n\t\t\t\t\t\t<\/div>\n\t\t\t\t\t<\/div>\n\t\t\t\t<\/div>\n\t\t<div class=\"elementor-element elementor-element-5c36c17 e-flex e-con-boxed e-con e-parent\" data-id=\"5c36c17\" data-element_type=\"container\" data-e-type=\"container\">\n\t\t\t\t\t<div class=\"e-con-inner\">\n\t\t<div class=\"elementor-element elementor-element-6020c9c e-con-full e-flex e-con e-child\" data-id=\"6020c9c\" data-element_type=\"container\" data-e-type=\"container\">\n\t\t\t\t<div class=\"elementor-element elementor-element-7fd2dd0 premium-blog-align-left elementor-widget elementor-widget-premium-addon-blog\" data-id=\"7fd2dd0\" data-element_type=\"widget\" data-e-type=\"widget\" data-settings=\"{&quot;premium_blog_columns_number&quot;:&quot;100%&quot;,&quot;premium_blog_grid&quot;:&quot;yes&quot;,&quot;premium_blog_layout&quot;:&quot;even&quot;,&quot;premium_blog_columns_number_tablet&quot;:&quot;50%&quot;,&quot;premium_blog_columns_number_mobile&quot;:&quot;100%&quot;}\" data-widget_type=\"premium-addon-blog.default\">\n\t\t\t\t\t\n\t\t\n\n\t\t\t\t<div class=\"premium-blog-wrap  premium-blog-even\" data-page=\"6583\">\n\t\t\t\t\t\t\t\t\t<div class=\"premium-blog-post-outer-container\" data-total=\"1\">\n\t\t\t<div class=\"premium-blog-post-container premium-blog-skin-banner\">\n\t\t\t\t\t\t\t\t\t<div class=\"premium-blog-thumb-effect-wrapper\">\n\t\t\t\t\t\t<div class=\"premium-blog-thumbnail-container premium-blog-zoomin-effect\">\n\t\t\t\t\t\t\t<img fetchpriority=\"high\" decoding=\"async\" width=\"1920\" height=\"1080\" src=\"https:\/\/mirora.com\/wp-content\/uploads\/2021\/10\/Ceviride-Yeterlilikten-Dijital-Okuryazarliga.png\" class=\"attachment-full size-full wp-image-9235\" alt=\"\" srcset=\"https:\/\/mirora.com\/wp-content\/uploads\/2021\/10\/Ceviride-Yeterlilikten-Dijital-Okuryazarliga.png 1920w, https:\/\/mirora.com\/wp-content\/uploads\/2021\/10\/Ceviride-Yeterlilikten-Dijital-Okuryazarliga-300x169.png 300w\" sizes=\"(max-width: 1920px) 100vw, 1920px\" \/>\t\t\t\t\t\t<\/div>\n\t\t\t\t\t\t\t\t\t\t\t\t\t<div class=\"premium-blog-thumbnail-overlay\">\n\t\t\t\t\t\t\t\t<a class=\"elementor-icon\" href=\"https:\/\/mirora.com\/tr\/ceviride-yeterlilikten-dijital-okuryazarliga\/\" target=\"_blank\"><\/a>\n\t\t\t\t\t\t\t<\/div>\n\n\t\t\t\t\t\t\t\t\t\t\t\t\t\t\t\t\t\t<\/div>\n\t\t\t\t\t\t\t\t\t\t\t\t<div class=\"premium-blog-content-wrapper \">\n\n\t\t\t\t\t<div class=\"premium-blog-inner-container\">\n\n\t\t\t\t\t\t\t\t\t\t\t\t\t\t<h2 class=\"premium-blog-entry-title\">\n\t\t\t<a href=\"https:\/\/mirora.com\/tr\/ceviride-yeterlilikten-dijital-okuryazarliga\/\" target=\"_blank\">\n\t\t\t\t\u00c7eviride Yeterlilikten Dijital Okuryazarl\u0131\u011fa\t\t\t<\/a>\n\t\t<\/h2>\n\t\t\t\t<div class=\"premium-blog-entry-meta\">\n\t\t\t\n\t\t\t\n\t\t\t\n\t\t\t\t\t<\/div>\n\t\t\n\t\t\t\t\t<\/div>\n\n\t\t\t\t\t\t\t<div class=\"premium-blog-content-inner-wrapper\">\n\t\t<p class=\"premium-blog-post-content\">Dijital okuryazarl\u0131k 50\u2019lerle birlikte dijitalle\u015fmeye ba\u015flayan \u00e7a\u011f\u0131m\u0131z\u0131n olmazsa olmaz\u0131 haline geldi. Hele ki \u00e7evirmen, ara\u015ft\u0131rmac\u0131, akademisyen ya da bir siborgsan\u0131z...<\/p>\t\t<\/div>\n\t\t\t\t\t\t\t\n\t\t\t\t<\/div>\n\t\t\t<\/div>\n\t\t<\/div>\n\n\t\t\t\t\t\t\t<\/div>\n\n\t\t\n\t\t\n\t\t\t\t\t\t<\/div>\n\t\t\t\t<\/div>\n\t\t<div class=\"elementor-element elementor-element-66d6797 e-con-full e-flex e-con e-child\" data-id=\"66d6797\" data-element_type=\"container\" data-e-type=\"container\">\n\t\t\t\t<div class=\"elementor-element elementor-element-198d95d premium-blog-align-left elementor-widget elementor-widget-premium-addon-blog\" data-id=\"198d95d\" data-element_type=\"widget\" data-e-type=\"widget\" data-settings=\"{&quot;premium_blog_columns_number&quot;:&quot;100%&quot;,&quot;premium_blog_grid&quot;:&quot;yes&quot;,&quot;premium_blog_layout&quot;:&quot;even&quot;,&quot;premium_blog_columns_number_tablet&quot;:&quot;50%&quot;,&quot;premium_blog_columns_number_mobile&quot;:&quot;100%&quot;}\" data-widget_type=\"premium-addon-blog.default\">\n\t\t\t\t\t\n\t\t\n\n\t\t\t\t<div class=\"premium-blog-wrap  premium-blog-even\" data-page=\"6583\">\n\t\t\t\t\t\t\t\t\t<div class=\"premium-blog-post-outer-container\" data-total=\"1\">\n\t\t\t<div class=\"premium-blog-post-container premium-blog-skin-banner\">\n\t\t\t\t\t\t\t\t\t<div class=\"premium-blog-thumb-effect-wrapper\">\n\t\t\t\t\t\t<div class=\"premium-blog-thumbnail-container premium-blog-zoomin-effect\">\n\t\t\t\t\t\t\t<img decoding=\"async\" width=\"1020\" height=\"593\" src=\"https:\/\/mirora.com\/wp-content\/uploads\/2025\/11\/Makine-Cevirisi-Sonrasi-Duzeltmenin-Gercek-Maliyeti.png\" class=\"attachment-full size-full wp-image-22788\" alt=\"\" srcset=\"https:\/\/mirora.com\/wp-content\/uploads\/2025\/11\/Makine-Cevirisi-Sonrasi-Duzeltmenin-Gercek-Maliyeti.png 1020w, https:\/\/mirora.com\/wp-content\/uploads\/2025\/11\/Makine-Cevirisi-Sonrasi-Duzeltmenin-Gercek-Maliyeti-300x174.png 300w, https:\/\/mirora.com\/wp-content\/uploads\/2025\/11\/Makine-Cevirisi-Sonrasi-Duzeltmenin-Gercek-Maliyeti-768x446.png 768w, https:\/\/mirora.com\/wp-content\/uploads\/2025\/11\/Makine-Cevirisi-Sonrasi-Duzeltmenin-Gercek-Maliyeti-18x10.png 18w\" sizes=\"(max-width: 1020px) 100vw, 1020px\" \/>\t\t\t\t\t\t<\/div>\n\t\t\t\t\t\t\t\t\t\t\t\t\t<div class=\"premium-blog-thumbnail-overlay\">\n\t\t\t\t\t\t\t\t<a class=\"elementor-icon\" href=\"https:\/\/mirora.com\/tr\/makine-cevirisi-sonrasi-duzeltmenin-gercek-maliyeti\/\" target=\"_blank\"><\/a>\n\t\t\t\t\t\t\t<\/div>\n\n\t\t\t\t\t\t\t\t\t\t\t\t\t\t\t\t\t\t<\/div>\n\t\t\t\t\t\t\t\t\t\t\t\t<div class=\"premium-blog-content-wrapper \">\n\n\t\t\t\t\t<div class=\"premium-blog-inner-container\">\n\n\t\t\t\t\t\t\t\t\t\t\t\t\t\t<h2 class=\"premium-blog-entry-title\">\n\t\t\t<a href=\"https:\/\/mirora.com\/tr\/makine-cevirisi-sonrasi-duzeltmenin-gercek-maliyeti\/\" target=\"_blank\">\n\t\t\t\tMakine \u00c7evirisi Sonras\u0131 D\u00fczeltmenin Ger\u00e7ek Maliyeti\t\t\t<\/a>\n\t\t<\/h2>\n\t\t\t\t<div class=\"premium-blog-entry-meta\">\n\t\t\t\n\t\t\t\n\t\t\t\n\t\t\t\t\t<\/div>\n\t\t\n\t\t\t\t\t<\/div>\n\n\t\t\t\t\t\t\t<div class=\"premium-blog-content-inner-wrapper\">\n\t\t<p class=\"premium-blog-post-content\">Makine \u00c7evirisi Sonras\u0131 D\u00fczeltme (MTPE); h\u0131z, verimlilik ve maliyet avantaj\u0131 arayan \u015firketler i\u00e7in giderek daha pop\u00fcler bir se\u00e7enek haline geldi.\u00a0...<\/p>\t\t<\/div>\n\t\t\t\t\t\t\t\n\t\t\t\t<\/div>\n\t\t\t<\/div>\n\t\t<\/div>\n\n\t\t\t\t\t\t\t<\/div>\n\n\t\t\n\t\t\n\t\t\t\t\t\t<\/div>\n\t\t\t\t<\/div>\n\t\t<div class=\"elementor-element elementor-element-406ec85 e-con-full e-flex e-con e-child\" data-id=\"406ec85\" data-element_type=\"container\" data-e-type=\"container\">\n\t\t\t\t<\/div>\n\t\t<div class=\"elementor-element elementor-element-4b21152 e-con-full e-flex e-con e-child\" data-id=\"4b21152\" data-element_type=\"container\" data-e-type=\"container\">\n\t\t\t\t<\/div>\n\t\t<div class=\"elementor-element elementor-element-5662fe5 e-con-full e-flex e-con e-child\" data-id=\"5662fe5\" data-element_type=\"container\" data-e-type=\"container\">\n\t\t\t\t<\/div>\n\t\t<div class=\"elementor-element elementor-element-1b80053 e-con-full e-flex e-con e-child\" data-id=\"1b80053\" data-element_type=\"container\" data-e-type=\"container\">\n\t\t\t\t<\/div>\n\t\t<div class=\"elementor-element elementor-element-0084afc e-con-full e-flex e-con e-child\" data-id=\"0084afc\" data-element_type=\"container\" data-e-type=\"container\">\n\t\t\t\t<\/div>\n\t\t<div class=\"elementor-element elementor-element-c4a8d5f e-con-full e-flex e-con e-child\" data-id=\"c4a8d5f\" data-element_type=\"container\" data-e-type=\"container\">\n\t\t\t\t<\/div>\n\t\t<div class=\"elementor-element elementor-element-a95243e e-con-full e-flex e-con e-child\" data-id=\"a95243e\" data-element_type=\"container\" data-e-type=\"container\">\n\t\t\t\t<\/div>\n\t\t\t\t\t<\/div>\n\t\t\t\t<\/div>\n\t\t\t\t<\/div>\n\t\t","protected":false},"excerpt":{"rendered":"<p>Eksiksiz ve m\u00fckemmel bir \u00e7eviri, uzun bir \u00e7al\u0131\u015fma s\u00fcreci sonucunda ortaya \u00e7\u0131kar. Ba\u015far\u0131l\u0131 bir \u00e7evirinin son a\u015famas\u0131 ise\u00a0son okuma\u00a0olarak a\u00e7\u0131klanabilir&#8230;.<\/p>\n","protected":false},"author":1,"featured_media":0,"parent":0,"menu_order":0,"comment_status":"closed","ping_status":"closed","template":"template-builder.php","meta":{"_monsterinsights_skip_tracking":false,"_monsterinsights_sitenote_active":false,"_monsterinsights_sitenote_note":"","_monsterinsights_sitenote_category":0,"footnotes":""},"class_list":["post-6583","page","type-page","status-publish","hentry","th-blog blog-single"],"yoast_head":"<!-- This site is optimized with the Yoast SEO plugin v27.3 - https:\/\/yoast.com\/product\/yoast-seo-wordpress\/ -->\n<title>\u00c7eviride Son Okuma - Mirora Translation<\/title>\n<meta name=\"description\" content=\"Ba\u015far\u0131l\u0131 bir \u00e7evirinin son a\u015famas\u0131 ise son okuma olarak a\u00e7\u0131klanabilir. Son okuyucu gerekti\u011finde kaynak metni de kullanarak \u00e7eviriyi kontrol eder ve \u00e7eviri hizmetini tamamlar.\" \/>\n<meta name=\"robots\" content=\"index, follow, max-snippet:-1, max-image-preview:large, max-video-preview:-1\" \/>\n<link rel=\"canonical\" href=\"https:\/\/mirora.com\/tr\/ceviride-son-okuma\/\" \/>\n<meta property=\"og:locale\" content=\"tr_TR\" \/>\n<meta property=\"og:type\" content=\"article\" \/>\n<meta property=\"og:title\" content=\"\u00c7eviride Son Okuma - Mirora Translation\" \/>\n<meta property=\"og:description\" content=\"Ba\u015far\u0131l\u0131 bir \u00e7evirinin son a\u015famas\u0131 ise son okuma olarak a\u00e7\u0131klanabilir. Son okuyucu gerekti\u011finde kaynak metni de kullanarak \u00e7eviriyi kontrol eder ve \u00e7eviri hizmetini tamamlar.\" \/>\n<meta property=\"og:url\" content=\"https:\/\/mirora.com\/tr\/ceviride-son-okuma\/\" \/>\n<meta property=\"og:site_name\" content=\"Mirora Translation\" \/>\n<meta property=\"article:modified_time\" content=\"2026-04-16T11:41:33+00:00\" \/>\n<meta property=\"og:image\" content=\"https:\/\/mirora.com\/wp-content\/uploads\/2023\/07\/cta-icon1-2-1.png\" \/>\n<meta name=\"twitter:card\" content=\"summary_large_image\" \/>\n<meta name=\"twitter:label1\" content=\"Tahmini okuma s\u00fcresi\" \/>\n\t<meta name=\"twitter:data1\" content=\"1 dakika\" \/>\n<script type=\"application\/ld+json\" class=\"yoast-schema-graph\">{\"@context\":\"https:\\\/\\\/schema.org\",\"@graph\":[{\"@type\":\"WebPage\",\"@id\":\"https:\\\/\\\/mirora.com\\\/ceviride-son-okuma\\\/\",\"url\":\"https:\\\/\\\/mirora.com\\\/ceviride-son-okuma\\\/\",\"name\":\"\u00c7eviride Son Okuma - Mirora Translation\",\"isPartOf\":{\"@id\":\"https:\\\/\\\/mirora.com\\\/#website\"},\"primaryImageOfPage\":{\"@id\":\"https:\\\/\\\/mirora.com\\\/ceviride-son-okuma\\\/#primaryimage\"},\"image\":{\"@id\":\"https:\\\/\\\/mirora.com\\\/ceviride-son-okuma\\\/#primaryimage\"},\"thumbnailUrl\":\"https:\\\/\\\/mirora.com\\\/wp-content\\\/uploads\\\/2023\\\/07\\\/cta-icon1-2-1.png\",\"datePublished\":\"2024-05-29T21:13:12+00:00\",\"dateModified\":\"2026-04-16T11:41:33+00:00\",\"description\":\"Ba\u015far\u0131l\u0131 bir \u00e7evirinin son a\u015famas\u0131 ise son okuma olarak a\u00e7\u0131klanabilir. Son okuyucu gerekti\u011finde kaynak metni de kullanarak \u00e7eviriyi kontrol eder ve \u00e7eviri hizmetini tamamlar.\",\"inLanguage\":\"tr\",\"potentialAction\":[{\"@type\":\"ReadAction\",\"target\":[\"https:\\\/\\\/mirora.com\\\/ceviride-son-okuma\\\/\"]}]},{\"@type\":\"ImageObject\",\"inLanguage\":\"tr\",\"@id\":\"https:\\\/\\\/mirora.com\\\/ceviride-son-okuma\\\/#primaryimage\",\"url\":\"https:\\\/\\\/mirora.com\\\/wp-content\\\/uploads\\\/2023\\\/07\\\/cta-icon1-2-1.png\",\"contentUrl\":\"https:\\\/\\\/mirora.com\\\/wp-content\\\/uploads\\\/2023\\\/07\\\/cta-icon1-2-1.png\"},{\"@type\":\"WebSite\",\"@id\":\"https:\\\/\\\/mirora.com\\\/#website\",\"url\":\"https:\\\/\\\/mirora.com\\\/\",\"name\":\"Mirora Translation\",\"description\":\"We Reflect Your Originals\",\"publisher\":{\"@id\":\"https:\\\/\\\/mirora.com\\\/#organization\"},\"potentialAction\":[{\"@type\":\"SearchAction\",\"target\":{\"@type\":\"EntryPoint\",\"urlTemplate\":\"https:\\\/\\\/mirora.com\\\/?s={search_term_string}\"},\"query-input\":{\"@type\":\"PropertyValueSpecification\",\"valueRequired\":true,\"valueName\":\"search_term_string\"}}],\"inLanguage\":\"tr\"},{\"@type\":\"Organization\",\"@id\":\"https:\\\/\\\/mirora.com\\\/#organization\",\"name\":\"Mirora\",\"url\":\"https:\\\/\\\/mirora.com\\\/\",\"logo\":{\"@type\":\"ImageObject\",\"inLanguage\":\"tr\",\"@id\":\"https:\\\/\\\/mirora.com\\\/#\\\/schema\\\/logo\\\/image\\\/\",\"url\":\"https:\\\/\\\/mirora.com\\\/wp-content\\\/uploads\\\/2023\\\/07\\\/MiroraLogo2.webp\",\"contentUrl\":\"https:\\\/\\\/mirora.com\\\/wp-content\\\/uploads\\\/2023\\\/07\\\/MiroraLogo2.webp\",\"width\":326,\"height\":108,\"caption\":\"Mirora\"},\"image\":{\"@id\":\"https:\\\/\\\/mirora.com\\\/#\\\/schema\\\/logo\\\/image\\\/\"}}]}<\/script>\n<!-- \/ Yoast SEO plugin. -->","yoast_head_json":{"title":"\u00c7eviride Son Okuma - Mirora Translation","description":"Ba\u015far\u0131l\u0131 bir \u00e7evirinin son a\u015famas\u0131 ise son okuma olarak a\u00e7\u0131klanabilir. Son okuyucu gerekti\u011finde kaynak metni de kullanarak \u00e7eviriyi kontrol eder ve \u00e7eviri hizmetini tamamlar.","robots":{"index":"index","follow":"follow","max-snippet":"max-snippet:-1","max-image-preview":"max-image-preview:large","max-video-preview":"max-video-preview:-1"},"canonical":"https:\/\/mirora.com\/tr\/ceviride-son-okuma\/","og_locale":"tr_TR","og_type":"article","og_title":"\u00c7eviride Son Okuma - Mirora Translation","og_description":"Ba\u015far\u0131l\u0131 bir \u00e7evirinin son a\u015famas\u0131 ise son okuma olarak a\u00e7\u0131klanabilir. Son okuyucu gerekti\u011finde kaynak metni de kullanarak \u00e7eviriyi kontrol eder ve \u00e7eviri hizmetini tamamlar.","og_url":"https:\/\/mirora.com\/tr\/ceviride-son-okuma\/","og_site_name":"Mirora Translation","article_modified_time":"2026-04-16T11:41:33+00:00","og_image":[{"url":"https:\/\/mirora.com\/wp-content\/uploads\/2023\/07\/cta-icon1-2-1.png","type":"","width":"","height":""}],"twitter_card":"summary_large_image","twitter_misc":{"Tahmini okuma s\u00fcresi":"1 dakika"},"schema":{"@context":"https:\/\/schema.org","@graph":[{"@type":"WebPage","@id":"https:\/\/mirora.com\/ceviride-son-okuma\/","url":"https:\/\/mirora.com\/ceviride-son-okuma\/","name":"\u00c7eviride Son Okuma - Mirora Translation","isPartOf":{"@id":"https:\/\/mirora.com\/#website"},"primaryImageOfPage":{"@id":"https:\/\/mirora.com\/ceviride-son-okuma\/#primaryimage"},"image":{"@id":"https:\/\/mirora.com\/ceviride-son-okuma\/#primaryimage"},"thumbnailUrl":"https:\/\/mirora.com\/wp-content\/uploads\/2023\/07\/cta-icon1-2-1.png","datePublished":"2024-05-29T21:13:12+00:00","dateModified":"2026-04-16T11:41:33+00:00","description":"Ba\u015far\u0131l\u0131 bir \u00e7evirinin son a\u015famas\u0131 ise son okuma olarak a\u00e7\u0131klanabilir. Son okuyucu gerekti\u011finde kaynak metni de kullanarak \u00e7eviriyi kontrol eder ve \u00e7eviri hizmetini tamamlar.","inLanguage":"tr","potentialAction":[{"@type":"ReadAction","target":["https:\/\/mirora.com\/ceviride-son-okuma\/"]}]},{"@type":"ImageObject","inLanguage":"tr","@id":"https:\/\/mirora.com\/ceviride-son-okuma\/#primaryimage","url":"https:\/\/mirora.com\/wp-content\/uploads\/2023\/07\/cta-icon1-2-1.png","contentUrl":"https:\/\/mirora.com\/wp-content\/uploads\/2023\/07\/cta-icon1-2-1.png"},{"@type":"WebSite","@id":"https:\/\/mirora.com\/#website","url":"https:\/\/mirora.com\/","name":"Mirora Translation","description":"We Reflect Your Originals","publisher":{"@id":"https:\/\/mirora.com\/#organization"},"potentialAction":[{"@type":"SearchAction","target":{"@type":"EntryPoint","urlTemplate":"https:\/\/mirora.com\/?s={search_term_string}"},"query-input":{"@type":"PropertyValueSpecification","valueRequired":true,"valueName":"search_term_string"}}],"inLanguage":"tr"},{"@type":"Organization","@id":"https:\/\/mirora.com\/#organization","name":"Mirora","url":"https:\/\/mirora.com\/","logo":{"@type":"ImageObject","inLanguage":"tr","@id":"https:\/\/mirora.com\/#\/schema\/logo\/image\/","url":"https:\/\/mirora.com\/wp-content\/uploads\/2023\/07\/MiroraLogo2.webp","contentUrl":"https:\/\/mirora.com\/wp-content\/uploads\/2023\/07\/MiroraLogo2.webp","width":326,"height":108,"caption":"Mirora"},"image":{"@id":"https:\/\/mirora.com\/#\/schema\/logo\/image\/"}}]}},"_links":{"self":[{"href":"https:\/\/mirora.com\/tr\/wp-json\/wp\/v2\/pages\/6583","targetHints":{"allow":["GET"]}}],"collection":[{"href":"https:\/\/mirora.com\/tr\/wp-json\/wp\/v2\/pages"}],"about":[{"href":"https:\/\/mirora.com\/tr\/wp-json\/wp\/v2\/types\/page"}],"author":[{"embeddable":true,"href":"https:\/\/mirora.com\/tr\/wp-json\/wp\/v2\/users\/1"}],"replies":[{"embeddable":true,"href":"https:\/\/mirora.com\/tr\/wp-json\/wp\/v2\/comments?post=6583"}],"version-history":[{"count":22,"href":"https:\/\/mirora.com\/tr\/wp-json\/wp\/v2\/pages\/6583\/revisions"}],"predecessor-version":[{"id":23215,"href":"https:\/\/mirora.com\/tr\/wp-json\/wp\/v2\/pages\/6583\/revisions\/23215"}],"wp:attachment":[{"href":"https:\/\/mirora.com\/tr\/wp-json\/wp\/v2\/media?parent=6583"}],"curies":[{"name":"wp","href":"https:\/\/api.w.org\/{rel}","templated":true}]}}