{"id":6608,"date":"2024-05-30T00:22:52","date_gmt":"2024-05-29T21:22:52","guid":{"rendered":"https:\/\/mirora.com\/?page_id=6608"},"modified":"2025-12-15T10:42:51","modified_gmt":"2025-12-15T07:42:51","slug":"back-translation","status":"publish","type":"page","link":"https:\/\/mirora.com\/tr\/back-translation\/","title":{"rendered":"Back Translat\u0131on"},"content":{"rendered":"\t\t<div data-elementor-type=\"wp-page\" data-elementor-id=\"6608\" class=\"elementor elementor-6608\" data-elementor-post-type=\"page\">\n\t\t\t\t<div class=\"elementor-element elementor-element-d56d698 e-flex e-con-boxed e-con e-parent\" data-id=\"d56d698\" data-element_type=\"container\" data-e-type=\"container\" data-settings=\"{&quot;background_background&quot;:&quot;classic&quot;}\">\n\t\t\t\t\t<div class=\"e-con-inner\">\n\t\t\r\n\r\n\t\t<div class=\"elementor-element elementor-element-c03443a elementor-widget elementor-widget-heading\" data-id=\"c03443a\" data-element_type=\"widget\" data-e-type=\"widget\" data-widget_type=\"heading.default\">\n\t\t\t\t\t<h1 class=\"elementor-heading-title elementor-size-default\">Back Translation<\/h1>\t\t\t\t<\/div>\n\t\t\t\t\t<\/div>\n\t\t\t\t<\/div>\n\t\t\t\t<section class=\"elementor-section elementor-top-section elementor-element elementor-element-7144dec elementor-section-full_width elementor-section-height-default elementor-section-height-default\" data-id=\"7144dec\" data-element_type=\"section\" data-e-type=\"section\">\n\t\t\t\t\t\t<div class=\"elementor-container elementor-column-gap-no\">\n\t\t\t\t\t<div class=\"elementor-column elementor-col-100 elementor-top-column elementor-element elementor-element-2ac3368\" data-id=\"2ac3368\" data-element_type=\"column\" data-e-type=\"column\">\n\t\t\t<div class=\"elementor-widget-wrap elementor-element-populated\">\n\t\t\t\t\t\t<section class=\"elementor-section elementor-inner-section elementor-element elementor-element-6cf5ae6 elementor-section-content-middle elementor-section-boxed elementor-section-height-default elementor-section-height-default\" data-id=\"6cf5ae6\" data-element_type=\"section\" data-e-type=\"section\">\n\t\t\t\t\t\t<div class=\"elementor-container elementor-column-gap-no\">\n\t\t\t\t\t<div class=\"elementor-column elementor-col-100 elementor-inner-column elementor-element elementor-element-309d6ce\" data-id=\"309d6ce\" data-element_type=\"column\" data-e-type=\"column\">\n\t\t\t<div class=\"elementor-widget-wrap elementor-element-populated\">\n\t\t\t\t\t\t<div class=\"elementor-element elementor-element-83a00e2 elementor-widget elementor-widget-text-editor\" data-id=\"83a00e2\" data-element_type=\"widget\" data-e-type=\"widget\" data-widget_type=\"text-editor.default\">\n\t\t\t\t\t\t\t\t\t<p><span style=\"font-family: Roboto;\"><strong>Back translation (Tersine \u00c7eviri)<\/strong>\u00a0bir ara\u015ft\u0131rmada ya da herhangi bir \u00e7al\u0131\u015fmada kullanmak amac\u0131yla, kaynak dilden hedef dile \u00e7evrilmi\u015f bir metnin, daha sonra ba\u015fka bir ki\u015fi taraf\u0131ndan yeniden hedef dilden kaynak dile \u00e7evrilmesi anlam\u0131na gelmektedir. Back translation sayesinde yap\u0131lan \u00e7evirinde kaynak metinden ne kadar uzakla\u015f\u0131ld\u0131\u011f\u0131 anla\u015f\u0131labilir. Bu sayede, \u00e7evirinin ne kadar ba\u015far\u0131l\u0131 oldu\u011fu \u00f6l\u00e7\u00fcmlenir.<\/span><\/p><p><span style=\"font-family: Roboto;\">Her dilde kendine \u00f6zg\u00fc deyi\u015fler ve bunlara ba\u011fl\u0131 olarak ifade edilen k\u00fclt\u00fcrel kodlar bulunmaktad\u0131r. \u00c7evirmen kaynak dile \u00f6zg\u00fc \u00f6zdeyi\u015fleri, hedef dile \u00e7evirirken \u00e7e\u015fitli sorunlarla kar\u015f\u0131la\u015f\u0131labilir. \u00d6rne\u011fin hedef dilde, o s\u00f6zc\u00fck veya kavram\u0131 kar\u015f\u0131layan bir s\u00f6zc\u00fck bulunmayabilir veya anlam\u0131 birebir kar\u015f\u0131layan bir kelime, metnin \u00fcslubuna uygun olmayabilir. \u0130\u015fte, tersine \u00e7eviri ya da\u00a0<strong>geri \u00e7eviri<\/strong>\u00a0bu noktada devreye girer.<\/span><\/p><p><span style=\"font-family: Roboto;\">Kaynak metnin, kendi dilindeki samimiyeti ve ak\u0131c\u0131l\u0131\u011f\u0131 hedef dile aktarmay\u0131 sa\u011flar. Ba\u015fka bir deyi\u015fle, back translation bir kontrol mekanizmas\u0131 i\u015flevi g\u00f6r\u00fcr \u00c7o\u011funlukla \u00e7evirinin ne kadar ba\u015far\u0131l\u0131 oldu\u011funu anlayabilmek i\u00e7in kullan\u0131l\u0131r. Bir\u00e7ok \u00fclkede uzun y\u0131llard\u0131r kullan\u0131lan bu \u00e7eviri kalitesi kontrol y\u00f6ntemini biraz daha ayr\u0131nt\u0131l\u0131 incelemek gerekmektedir.<\/span><\/p><p><strong><span style=\"font-family: Roboto;\">Back Translation Y\u00f6nteminin \u00d6zellikleri<\/span><\/strong><\/p><p><span style=\"font-family: Roboto;\">Back translation, i\u00e7eri\u011fi do\u011frulamak isteyen kurum ve kurulu\u015flarca talep edilebilir. Baz\u0131 kurumlar i\u00e7in bu t\u00fcr bir \u00e7eviri hizmeti almak, yasal gereklilik haline gelmi\u015ftir. Back translation sayesinde, t\u00fcm \u00e7eviriler kaliteli ve m\u00fcmk\u00fcn olan en do\u011fru bir bi\u00e7imde teslim edilir. Tamamen do\u011fru olmas\u0131 gereken de\u011ferli ve hassas bilgileri i\u00e7eren metinlerde de otomatik olarak back translation y\u00f6nteminden faydalan\u0131l\u0131r. Back translation ayn\u0131 zamanda \u00e7eviri hatalar\u0131n\u0131 d\u00fczeltmek ve de\u011ferlendirmek i\u00e7in ek f\u0131rsatlar sunar. Genellikle \u00e7ok de\u011ferli bilgiler i\u00e7eren metinlerin terc\u00fcmesinde bu y\u00f6ntemden yararlan\u0131l\u0131r. Yanl\u0131\u015f \u00e7eviri nedeniyle do\u011fabilecek para ve zaman kayna\u011f\u0131, back translation y\u00f6ntemi kullan\u0131larak bertaraf edilir.<\/span><\/p><p><span style=\"font-family: Roboto;\">Tersine \u00e7eviri ya da geri \u00e7eviri s\u00fcrecini uygularken kesinlikle farkl\u0131 bir \u00e7eviri ekibi kullanmak gerekir. Ayr\u0131ca sa\u011fl\u0131kl\u0131 bir sonu\u00e7 al\u0131nabilmesi i\u00e7in daha \u00f6nce \u00e7eviri yap\u0131l\u0131rken kullan\u0131lan \u201c\u00e7eviri belle\u011fi\u201d (TM) ve terim listesi kesinlikle kullan\u0131lmamal\u0131d\u0131r.<\/span><\/p><p><span style=\"font-family: Roboto;\">Back Translation Metodunun Faydalar\u0131<\/span><\/p><ul><li><span style=\"font-family: Roboto;\">Kaynak ve hedef dil aras\u0131ndaki olas\u0131 anlam kaymalar\u0131 giderilir. Daha a\u00e7\u0131k bir ifade ile bu y\u00f6ntem sayesinde, \u00e7eviri en m\u00fckemmel halini al\u0131r.<\/span><\/li><li><span style=\"font-family: Roboto;\">Kaynak ve hedef dil aras\u0131ndaki anlam uyumlulu\u011funun de\u011ferlendirilmesini sa\u011flar.<\/span><\/li><li><span style=\"font-family: Roboto;\">Hatal\u0131 \u00e7eviri sebebiyle olu\u015fabilecek para, zaman veya enerji kay\u0131plar\u0131n\u0131 \u00f6nler.<\/span><\/li><li><span style=\"font-family: Roboto;\">Back translation, d\u00fc\u015f\u00fck kaliteye sahip \u00e7evirilerin b\u00fcy\u00fck sorunlar ortaya \u00e7\u0131karabilece\u011fi birden fazla dile sahip hukuki s\u00f6zle\u015fmelerde, kritik \u00f6neme haiz medikal metinlerde, pazarlama ve reklam metinlerinde ve neredeyse her t\u00fcr alanda kullan\u0131lmaktad\u0131r. Bu sayede olu\u015fabilecek hukuki anla\u015fmazl\u0131klar ve yanl\u0131\u015fl\u0131klar ortadan kald\u0131r\u0131lmaktad\u0131r.<\/span><\/li><\/ul><p>A\u011fustos 1997 y\u0131l\u0131nda kuruldu\u011fu andan itibaren, tecr\u00fcbeli ve dinamik kadrosu ile \u00f6nceli\u011fini kaliteli hizmet olarak belirleyen Mirora, back translation hizmeti de sunmaktad\u0131r. E\u011fer bu hizmet hakk\u0131nda bilgi almak isterseniz, telefon ya da e-mail arac\u0131l\u0131\u011f\u0131 ile bize kolayca ula\u015fabilirsiniz.<\/p>\t\t\t\t\t\t\t\t<\/div>\n\t\t\t\t\t<\/div>\n\t\t<\/div>\n\t\t\t\t\t<\/div>\n\t\t<\/section>\n\t\t\t\t\t<\/div>\n\t\t<\/div>\n\t\t\t\t\t<\/div>\n\t\t<\/section>\n\t\t\t\t<section class=\"elementor-section elementor-top-section elementor-element elementor-element-a0198a0 elementor-section-full_width elementor-section-height-default elementor-section-height-default\" data-id=\"a0198a0\" data-element_type=\"section\" data-e-type=\"section\">\n\t\t\t\t\t\t<div class=\"elementor-container elementor-column-gap-no\">\n\t\t\t\t\t<div class=\"elementor-column elementor-col-100 elementor-top-column elementor-element elementor-element-7106952\" data-id=\"7106952\" data-element_type=\"column\" data-e-type=\"column\">\n\t\t\t<div class=\"elementor-widget-wrap elementor-element-populated\">\n\t\t\t\t\t\t<div class=\"elementor-element elementor-element-b2ec78c elementor-widget elementor-widget-eduracta\" data-id=\"b2ec78c\" data-element_type=\"widget\" data-e-type=\"widget\" data-widget_type=\"eduracta.default\">\n\t\t\t\t<div class=\"elementor-widget-container\">\n\t\t\t\t\t<div class=\"cta-area-1\" data-bg-src=\"https:\/\/mirora.com\/wp-content\/uploads\/2023\/07\/cta-bg1-2-1.png\"><div class=\"container\"><div class=\"row align-items-center justify-content-between\"><div class=\"col-lg-8\"><div class=\"cta-wrap title-area mb-0\"><div class=\"cta-icon\"><img decoding=\"async\" src=\"https:\/\/mirora.com\/wp-content\/uploads\/2023\/07\/cta-icon1-2-1.png\" alt=\"icon\"><\/div><div class=\"cta-content\"><h2 class=\"cta-title th-title sec-title\">Hemen Teklif Al<\/h2><p class=\"cta-text th-desc\">Markana de\u011fer katmak Mirora ile bir t\u0131k uza\u011f\u0131nda.<\/p><\/div><a href=\"https:\/\/mirora.com\/teklif-al\/\" class=\"th-btn th_btn style8\">Teklif Al!<i class=\"fa-regular fa-arrow-right ms-1\"><\/i><\/a><\/div><\/div><\/div><\/div><div class=\"cta-img-1\" data-overlay=\"title\" data-opacity=\"8\"><img decoding=\"async\" src=\"https:\/\/mirora.com\/wp-content\/uploads\/2024\/06\/mirora_anasayfa_3-3.jpg\" alt=\"Image\"><\/div><\/div>\t\t\t\t<\/div>\n\t\t\t\t<\/div>\n\t\t\t\t\t<\/div>\n\t\t<\/div>\n\t\t\t\t\t<\/div>\n\t\t<\/section>\n\t\t<div class=\"elementor-element elementor-element-60000cd e-flex e-con-boxed e-con e-parent\" data-id=\"60000cd\" data-element_type=\"container\" data-e-type=\"container\">\n\t\t\t\t\t<div class=\"e-con-inner\">\n\t\t\t\t<div class=\"elementor-element elementor-element-7cc06b7 elementor-widget elementor-widget-heading\" data-id=\"7cc06b7\" data-element_type=\"widget\" data-e-type=\"widget\" data-widget_type=\"heading.default\">\n\t\t\t\t\t<h2 class=\"elementor-heading-title elementor-size-default\">Bu Yaz\u0131lar\u0131m\u0131z \u0130lginizi \u00c7ekebilir ! Hizmetimiz ile ilgili daha fazla bilgi edinin.<\/h2>\t\t\t\t<\/div>\n\t\t\t\t<div class=\"elementor-element elementor-element-e7b487b elementor-widget-divider--view-line elementor-widget elementor-widget-divider\" data-id=\"e7b487b\" data-element_type=\"widget\" data-e-type=\"widget\" data-widget_type=\"divider.default\">\n\t\t\t\t\t\t\t<div class=\"elementor-divider\">\n\t\t\t<span class=\"elementor-divider-separator\">\n\t\t\t\t\t\t<\/span>\n\t\t<\/div>\n\t\t\t\t\t\t<\/div>\n\t\t\t\t\t<\/div>\n\t\t\t\t<\/div>\n\t\t<div class=\"elementor-element elementor-element-48e91e4 e-flex e-con-boxed e-con e-parent\" data-id=\"48e91e4\" data-element_type=\"container\" data-e-type=\"container\">\n\t\t\t\t\t<div class=\"e-con-inner\">\n\t\t<div class=\"elementor-element elementor-element-8980d09 e-con-full e-flex e-con e-child\" data-id=\"8980d09\" data-element_type=\"container\" data-e-type=\"container\">\n\t\t\t\t<div class=\"elementor-element elementor-element-e869a65 premium-blog-align-left elementor-widget elementor-widget-premium-addon-blog\" data-id=\"e869a65\" data-element_type=\"widget\" data-e-type=\"widget\" data-settings=\"{&quot;premium_blog_columns_number&quot;:&quot;100%&quot;,&quot;premium_blog_grid&quot;:&quot;yes&quot;,&quot;premium_blog_layout&quot;:&quot;even&quot;,&quot;premium_blog_columns_number_tablet&quot;:&quot;50%&quot;,&quot;premium_blog_columns_number_mobile&quot;:&quot;100%&quot;}\" data-widget_type=\"premium-addon-blog.default\">\n\t\t\t\t\t\n\t\t\n\n\t\t\t\t<div class=\"premium-blog-wrap  premium-blog-even\" data-page=\"6608\">\n\t\t\t\t\t\t\t\t\t<div class=\"premium-blog-post-outer-container\" data-total=\"1\">\n\t\t\t<div class=\"premium-blog-post-container premium-blog-skin-banner\">\n\t\t\t\t\t\t\t\t\t<div class=\"premium-blog-thumb-effect-wrapper\">\n\t\t\t\t\t\t<div class=\"premium-blog-thumbnail-container premium-blog-zoomin-effect\">\n\t\t\t\t\t\t\t<img fetchpriority=\"high\" decoding=\"async\" width=\"850\" height=\"500\" src=\"https:\/\/mirora.com\/wp-content\/uploads\/2024\/08\/Mirora_What-is-Back-Translation-and-Why-Is-It-Useful.png\" class=\"attachment-full size-full wp-image-19214\" alt=\"\" srcset=\"https:\/\/mirora.com\/wp-content\/uploads\/2024\/08\/Mirora_What-is-Back-Translation-and-Why-Is-It-Useful.png 850w, https:\/\/mirora.com\/wp-content\/uploads\/2024\/08\/Mirora_What-is-Back-Translation-and-Why-Is-It-Useful-300x176.png 300w, https:\/\/mirora.com\/wp-content\/uploads\/2024\/08\/Mirora_What-is-Back-Translation-and-Why-Is-It-Useful-768x452.png 768w, https:\/\/mirora.com\/wp-content\/uploads\/2024\/08\/Mirora_What-is-Back-Translation-and-Why-Is-It-Useful-18x12.png 18w\" sizes=\"(max-width: 850px) 100vw, 850px\" \/>\t\t\t\t\t\t<\/div>\n\t\t\t\t\t\t\t\t\t\t\t\t\t<div class=\"premium-blog-thumbnail-overlay\">\n\t\t\t\t\t\t\t\t<a class=\"elementor-icon\" href=\"https:\/\/mirora.com\/tr\/tersine-ceviri-ve-kullanim-alanlari-nelerdir\/\" target=\"_blank\"><\/a>\n\t\t\t\t\t\t\t<\/div>\n\n\t\t\t\t\t\t\t\t\t\t\t\t\t\t\t\t\t\t<\/div>\n\t\t\t\t\t\t\t\t\t\t\t\t<div class=\"premium-blog-content-wrapper \">\n\n\t\t\t\t\t<div class=\"premium-blog-inner-container\">\n\n\t\t\t\t\t\t\t\t\t\t\t\t\t\t<h2 class=\"premium-blog-entry-title\">\n\t\t\t<a href=\"https:\/\/mirora.com\/tr\/tersine-ceviri-ve-kullanim-alanlari-nelerdir\/\" target=\"_blank\">\n\t\t\t\tTersine \u00c7eviri ve Kullan\u0131m Alanlar\u0131 Nelerdir?\t\t\t<\/a>\n\t\t<\/h2>\n\t\t\t\t<div class=\"premium-blog-entry-meta\">\n\t\t\t\n\t\t\t\n\t\t\t\n\t\t\t\t\t<\/div>\n\t\t\n\t\t\t\t\t<\/div>\n\n\t\t\t\t\t\t\t<div class=\"premium-blog-content-inner-wrapper\">\n\t\t<p class=\"premium-blog-post-content\">\u00c7eviri ve yerelle\u015ftirme alan\u0131nda, \u00e7evrilmi\u015f bir metnin do\u011frulu\u011funu ve verimlili\u011fini sa\u011flamak m\u00fchimdir. Kalite kontrol\u00fcnde \u00f6ne \u00e7\u0131kan y\u00f6ntemlerden biri de tersine...<\/p>\t\t<\/div>\n\t\t\t\t\t\t\t\n\t\t\t\t<\/div>\n\t\t\t<\/div>\n\t\t<\/div>\n\n\t\t\t\t\t\t\t<\/div>\n\n\t\t\n\t\t\n\t\t\t\t\t\t<\/div>\n\t\t\t\t<\/div>\n\t\t<div class=\"elementor-element elementor-element-80a881c e-con-full e-flex e-con e-child\" data-id=\"80a881c\" data-element_type=\"container\" data-e-type=\"container\">\n\t\t\t\t<\/div>\n\t\t<div class=\"elementor-element elementor-element-7cb0b71 e-con-full e-flex e-con e-child\" data-id=\"7cb0b71\" data-element_type=\"container\" data-e-type=\"container\">\n\t\t\t\t<\/div>\n\t\t<div class=\"elementor-element elementor-element-552ad87 e-con-full e-flex e-con e-child\" data-id=\"552ad87\" data-element_type=\"container\" data-e-type=\"container\">\n\t\t\t\t<\/div>\n\t\t\t\t\t<\/div>\n\t\t\t\t<\/div>\n\t\t\t\t<\/div>\n\t\t","protected":false},"excerpt":{"rendered":"<p>Back Translation Back translation (Tersine \u00c7eviri)\u00a0bir ara\u015ft\u0131rmada ya da herhangi bir \u00e7al\u0131\u015fmada kullanmak amac\u0131yla, kaynak dilden hedef dile \u00e7evrilmi\u015f bir&#8230;<\/p>\n","protected":false},"author":1,"featured_media":0,"parent":0,"menu_order":0,"comment_status":"closed","ping_status":"closed","template":"template-builder.php","meta":{"_monsterinsights_skip_tracking":false,"_monsterinsights_sitenote_active":false,"_monsterinsights_sitenote_note":"","_monsterinsights_sitenote_category":0,"footnotes":""},"class_list":["post-6608","page","type-page","status-publish","hentry","th-blog blog-single"],"yoast_head":"<!-- This site is optimized with the Yoast SEO plugin v27.3 - https:\/\/yoast.com\/product\/yoast-seo-wordpress\/ -->\n<title>Back Translat\u0131on - Mirora Translation<\/title>\n<meta name=\"description\" content=\"Back translation, i\u00e7eri\u011fi do\u011frulamak isteyen kurum ve kurulu\u015flarca talep edilebilir. Baz\u0131 kurumlar i\u00e7in bu t\u00fcr bir \u00e7eviri hizmeti almak, yasal gereklilik haline gelmi\u015ftir.\" \/>\n<meta name=\"robots\" content=\"index, follow, max-snippet:-1, max-image-preview:large, max-video-preview:-1\" \/>\n<link rel=\"canonical\" href=\"https:\/\/mirora.com\/tr\/back-translation\/\" \/>\n<meta property=\"og:locale\" content=\"tr_TR\" \/>\n<meta property=\"og:type\" content=\"article\" \/>\n<meta property=\"og:title\" content=\"Back Translat\u0131on - Mirora Translation\" \/>\n<meta property=\"og:description\" content=\"Back translation, i\u00e7eri\u011fi do\u011frulamak isteyen kurum ve kurulu\u015flarca talep edilebilir. Baz\u0131 kurumlar i\u00e7in bu t\u00fcr bir \u00e7eviri hizmeti almak, yasal gereklilik haline gelmi\u015ftir.\" \/>\n<meta property=\"og:url\" content=\"https:\/\/mirora.com\/tr\/back-translation\/\" \/>\n<meta property=\"og:site_name\" content=\"Mirora Translation\" \/>\n<meta property=\"article:modified_time\" content=\"2025-12-15T07:42:51+00:00\" \/>\n<meta property=\"og:image\" content=\"https:\/\/mirora.com\/wp-content\/uploads\/2023\/07\/cta-icon1-2-1.png\" \/>\n<meta name=\"twitter:card\" content=\"summary_large_image\" \/>\n<meta name=\"twitter:label1\" content=\"Tahmini okuma s\u00fcresi\" \/>\n\t<meta name=\"twitter:data1\" content=\"1 dakika\" \/>\n<script type=\"application\/ld+json\" class=\"yoast-schema-graph\">{\"@context\":\"https:\\\/\\\/schema.org\",\"@graph\":[{\"@type\":\"WebPage\",\"@id\":\"https:\\\/\\\/mirora.com\\\/back-translation\\\/\",\"url\":\"https:\\\/\\\/mirora.com\\\/back-translation\\\/\",\"name\":\"Back Translat\u0131on - Mirora Translation\",\"isPartOf\":{\"@id\":\"https:\\\/\\\/mirora.com\\\/#website\"},\"primaryImageOfPage\":{\"@id\":\"https:\\\/\\\/mirora.com\\\/back-translation\\\/#primaryimage\"},\"image\":{\"@id\":\"https:\\\/\\\/mirora.com\\\/back-translation\\\/#primaryimage\"},\"thumbnailUrl\":\"https:\\\/\\\/mirora.com\\\/wp-content\\\/uploads\\\/2023\\\/07\\\/cta-icon1-2-1.png\",\"datePublished\":\"2024-05-29T21:22:52+00:00\",\"dateModified\":\"2025-12-15T07:42:51+00:00\",\"description\":\"Back translation, i\u00e7eri\u011fi do\u011frulamak isteyen kurum ve kurulu\u015flarca talep edilebilir. Baz\u0131 kurumlar i\u00e7in bu t\u00fcr bir \u00e7eviri hizmeti almak, yasal gereklilik haline gelmi\u015ftir.\",\"inLanguage\":\"tr\",\"potentialAction\":[{\"@type\":\"ReadAction\",\"target\":[\"https:\\\/\\\/mirora.com\\\/back-translation\\\/\"]}]},{\"@type\":\"ImageObject\",\"inLanguage\":\"tr\",\"@id\":\"https:\\\/\\\/mirora.com\\\/back-translation\\\/#primaryimage\",\"url\":\"https:\\\/\\\/mirora.com\\\/wp-content\\\/uploads\\\/2023\\\/07\\\/cta-icon1-2-1.png\",\"contentUrl\":\"https:\\\/\\\/mirora.com\\\/wp-content\\\/uploads\\\/2023\\\/07\\\/cta-icon1-2-1.png\"},{\"@type\":\"WebSite\",\"@id\":\"https:\\\/\\\/mirora.com\\\/#website\",\"url\":\"https:\\\/\\\/mirora.com\\\/\",\"name\":\"Mirora Translation\",\"description\":\"We Reflect Your Originals\",\"publisher\":{\"@id\":\"https:\\\/\\\/mirora.com\\\/#organization\"},\"potentialAction\":[{\"@type\":\"SearchAction\",\"target\":{\"@type\":\"EntryPoint\",\"urlTemplate\":\"https:\\\/\\\/mirora.com\\\/?s={search_term_string}\"},\"query-input\":{\"@type\":\"PropertyValueSpecification\",\"valueRequired\":true,\"valueName\":\"search_term_string\"}}],\"inLanguage\":\"tr\"},{\"@type\":\"Organization\",\"@id\":\"https:\\\/\\\/mirora.com\\\/#organization\",\"name\":\"Mirora\",\"url\":\"https:\\\/\\\/mirora.com\\\/\",\"logo\":{\"@type\":\"ImageObject\",\"inLanguage\":\"tr\",\"@id\":\"https:\\\/\\\/mirora.com\\\/#\\\/schema\\\/logo\\\/image\\\/\",\"url\":\"https:\\\/\\\/mirora.com\\\/wp-content\\\/uploads\\\/2023\\\/07\\\/MiroraLogo2.webp\",\"contentUrl\":\"https:\\\/\\\/mirora.com\\\/wp-content\\\/uploads\\\/2023\\\/07\\\/MiroraLogo2.webp\",\"width\":326,\"height\":108,\"caption\":\"Mirora\"},\"image\":{\"@id\":\"https:\\\/\\\/mirora.com\\\/#\\\/schema\\\/logo\\\/image\\\/\"}}]}<\/script>\n<!-- \/ Yoast SEO plugin. -->","yoast_head_json":{"title":"Back Translat\u0131on - Mirora Translation","description":"Back translation, i\u00e7eri\u011fi do\u011frulamak isteyen kurum ve kurulu\u015flarca talep edilebilir. Baz\u0131 kurumlar i\u00e7in bu t\u00fcr bir \u00e7eviri hizmeti almak, yasal gereklilik haline gelmi\u015ftir.","robots":{"index":"index","follow":"follow","max-snippet":"max-snippet:-1","max-image-preview":"max-image-preview:large","max-video-preview":"max-video-preview:-1"},"canonical":"https:\/\/mirora.com\/tr\/back-translation\/","og_locale":"tr_TR","og_type":"article","og_title":"Back Translat\u0131on - Mirora Translation","og_description":"Back translation, i\u00e7eri\u011fi do\u011frulamak isteyen kurum ve kurulu\u015flarca talep edilebilir. Baz\u0131 kurumlar i\u00e7in bu t\u00fcr bir \u00e7eviri hizmeti almak, yasal gereklilik haline gelmi\u015ftir.","og_url":"https:\/\/mirora.com\/tr\/back-translation\/","og_site_name":"Mirora Translation","article_modified_time":"2025-12-15T07:42:51+00:00","og_image":[{"url":"https:\/\/mirora.com\/wp-content\/uploads\/2023\/07\/cta-icon1-2-1.png","type":"","width":"","height":""}],"twitter_card":"summary_large_image","twitter_misc":{"Tahmini okuma s\u00fcresi":"1 dakika"},"schema":{"@context":"https:\/\/schema.org","@graph":[{"@type":"WebPage","@id":"https:\/\/mirora.com\/back-translation\/","url":"https:\/\/mirora.com\/back-translation\/","name":"Back Translat\u0131on - Mirora Translation","isPartOf":{"@id":"https:\/\/mirora.com\/#website"},"primaryImageOfPage":{"@id":"https:\/\/mirora.com\/back-translation\/#primaryimage"},"image":{"@id":"https:\/\/mirora.com\/back-translation\/#primaryimage"},"thumbnailUrl":"https:\/\/mirora.com\/wp-content\/uploads\/2023\/07\/cta-icon1-2-1.png","datePublished":"2024-05-29T21:22:52+00:00","dateModified":"2025-12-15T07:42:51+00:00","description":"Back translation, i\u00e7eri\u011fi do\u011frulamak isteyen kurum ve kurulu\u015flarca talep edilebilir. Baz\u0131 kurumlar i\u00e7in bu t\u00fcr bir \u00e7eviri hizmeti almak, yasal gereklilik haline gelmi\u015ftir.","inLanguage":"tr","potentialAction":[{"@type":"ReadAction","target":["https:\/\/mirora.com\/back-translation\/"]}]},{"@type":"ImageObject","inLanguage":"tr","@id":"https:\/\/mirora.com\/back-translation\/#primaryimage","url":"https:\/\/mirora.com\/wp-content\/uploads\/2023\/07\/cta-icon1-2-1.png","contentUrl":"https:\/\/mirora.com\/wp-content\/uploads\/2023\/07\/cta-icon1-2-1.png"},{"@type":"WebSite","@id":"https:\/\/mirora.com\/#website","url":"https:\/\/mirora.com\/","name":"Mirora Translation","description":"We Reflect Your Originals","publisher":{"@id":"https:\/\/mirora.com\/#organization"},"potentialAction":[{"@type":"SearchAction","target":{"@type":"EntryPoint","urlTemplate":"https:\/\/mirora.com\/?s={search_term_string}"},"query-input":{"@type":"PropertyValueSpecification","valueRequired":true,"valueName":"search_term_string"}}],"inLanguage":"tr"},{"@type":"Organization","@id":"https:\/\/mirora.com\/#organization","name":"Mirora","url":"https:\/\/mirora.com\/","logo":{"@type":"ImageObject","inLanguage":"tr","@id":"https:\/\/mirora.com\/#\/schema\/logo\/image\/","url":"https:\/\/mirora.com\/wp-content\/uploads\/2023\/07\/MiroraLogo2.webp","contentUrl":"https:\/\/mirora.com\/wp-content\/uploads\/2023\/07\/MiroraLogo2.webp","width":326,"height":108,"caption":"Mirora"},"image":{"@id":"https:\/\/mirora.com\/#\/schema\/logo\/image\/"}}]}},"_links":{"self":[{"href":"https:\/\/mirora.com\/tr\/wp-json\/wp\/v2\/pages\/6608","targetHints":{"allow":["GET"]}}],"collection":[{"href":"https:\/\/mirora.com\/tr\/wp-json\/wp\/v2\/pages"}],"about":[{"href":"https:\/\/mirora.com\/tr\/wp-json\/wp\/v2\/types\/page"}],"author":[{"embeddable":true,"href":"https:\/\/mirora.com\/tr\/wp-json\/wp\/v2\/users\/1"}],"replies":[{"embeddable":true,"href":"https:\/\/mirora.com\/tr\/wp-json\/wp\/v2\/comments?post=6608"}],"version-history":[{"count":26,"href":"https:\/\/mirora.com\/tr\/wp-json\/wp\/v2\/pages\/6608\/revisions"}],"predecessor-version":[{"id":22848,"href":"https:\/\/mirora.com\/tr\/wp-json\/wp\/v2\/pages\/6608\/revisions\/22848"}],"wp:attachment":[{"href":"https:\/\/mirora.com\/tr\/wp-json\/wp\/v2\/media?parent=6608"}],"curies":[{"name":"wp","href":"https:\/\/api.w.org\/{rel}","templated":true}]}}