

{"id":6613,"date":"2024-05-30T00:23:49","date_gmt":"2024-05-29T21:23:49","guid":{"rendered":"https:\/\/mirora.com\/?page_id=6613"},"modified":"2025-12-15T10:46:27","modified_gmt":"2025-12-15T07:46:27","slug":"desifre","status":"publish","type":"page","link":"https:\/\/mirora.com\/tr\/desifre\/","title":{"rendered":"De\u015fifre"},"content":{"rendered":"\t\t<div data-elementor-type=\"wp-page\" data-elementor-id=\"6613\" class=\"elementor elementor-6613\" data-elementor-post-type=\"page\">\n\t\t\t\t<div class=\"elementor-element elementor-element-b0c2abe e-flex e-con-boxed e-con e-parent\" data-id=\"b0c2abe\" data-element_type=\"container\" data-e-type=\"container\" data-settings=\"{&quot;background_background&quot;:&quot;classic&quot;}\">\n\t\t\t\t\t<div class=\"e-con-inner\">\n\t\t\t\t<div class=\"elementor-element elementor-element-1a3be59 elementor-widget elementor-widget-heading\" data-id=\"1a3be59\" data-element_type=\"widget\" data-e-type=\"widget\" data-widget_type=\"heading.default\">\n\t\t\t\t\t<h1 class=\"elementor-heading-title elementor-size-default\">Footer One<\/h1>\t\t\t\t<\/div>\n\t\t\t\t\t<\/div>\n\t\t\t\t<\/div>\n\t\t\t\t<section class=\"elementor-section elementor-top-section elementor-element elementor-element-7144dec elementor-section-full_width elementor-section-height-default elementor-section-height-default\" data-id=\"7144dec\" data-element_type=\"section\" data-e-type=\"section\">\n\t\t\t\t\t\t<div class=\"elementor-container elementor-column-gap-no\">\n\t\t\t\t\t<div class=\"elementor-column elementor-col-100 elementor-top-column elementor-element elementor-element-2ac3368\" data-id=\"2ac3368\" data-element_type=\"column\" data-e-type=\"column\">\n\t\t\t<div class=\"elementor-widget-wrap elementor-element-populated\">\n\t\t\t\t\t\t<section class=\"elementor-section elementor-inner-section elementor-element elementor-element-6cf5ae6 elementor-section-content-middle elementor-section-boxed elementor-section-height-default elementor-section-height-default\" data-id=\"6cf5ae6\" data-element_type=\"section\" data-e-type=\"section\">\n\t\t\t\t\t\t<div class=\"elementor-container elementor-column-gap-no\">\n\t\t\t\t\t<div class=\"elementor-column elementor-col-100 elementor-inner-column elementor-element elementor-element-309d6ce\" data-id=\"309d6ce\" data-element_type=\"column\" data-e-type=\"column\">\n\t\t\t<div class=\"elementor-widget-wrap elementor-element-populated\">\n\t\t\t\t\t\t<div class=\"elementor-element elementor-element-83a00e2 elementor-widget elementor-widget-text-editor\" data-id=\"83a00e2\" data-element_type=\"widget\" data-e-type=\"widget\" data-widget_type=\"text-editor.default\">\n\t\t\t\t\t\t\t\t\t<p><strong><span style=\"font-family: Roboto;\">De\u015fifre Hizmeti Nedir?<\/span><\/strong><\/p><p><span style=\"font-family: Roboto;\">\u00c7eviri d\u00fcnyas\u0131 hakk\u0131nda verilen bilgiler artt\u0131k\u00e7a, \u00e7eviri s\u00fcrecinde rol oynayan di\u011fer s\u00fcre\u00e7ler de \u00f6ne \u00e7\u0131kmaktad\u0131r. G\u00fcn\u00fcm\u00fczde \u00e7eviri s\u00fcrecine ba\u015flamadan \u00f6nce s\u0131kl\u0131kla kullan\u0131lan bir a\u015fama vard\u0131r:\u00a0<strong>de\u015fifre<\/strong>, yani transkripsiyon eylemi.<\/span><\/p><p><span style=\"font-family: Roboto;\">De\u015fifre, herhangi bir sesli verinin yaz\u0131ya d\u00f6k\u00fclmesi eylemidir. Bu sesli veri, bir konu\u015fman\u0131n ses kayd\u0131 olabilece\u011fi gibi, video format\u0131nda da olabilir. G\u00fcnl\u00fck hayatta bunun bir\u00e7ok \u00f6rne\u011fini g\u00f6rmekteyiz: dizi ve filmlere alt yaz\u0131lar eklenmeden \u00f6nce konu\u015fmalar yaz\u0131ya d\u00f6k\u00fcl\u00fcr, yani de\u015fifre edilir ve daha sonra bu de\u015fifre \u00e7eviri s\u00fcrecinden ge\u00e7er.<\/span><\/p><p><strong><span style=\"font-family: Roboto;\">De\u015fifre Nas\u0131l Yap\u0131l\u0131r?<\/span><\/strong><\/p><p><span style=\"font-family: Roboto;\">De\u015fifre s\u00fcreci olduk\u00e7a zahmetlidir. Yazma h\u0131z\u0131, konu\u015fma h\u0131z\u0131na g\u00f6re yava\u015f kald\u0131\u011f\u0131ndan de\u015fifre s\u00fcreci olduk\u00e7a uzun s\u00fcrer. Buna ek olarak, de\u015fifre i\u015fleminin yap\u0131labilmesi i\u00e7in kayd\u0131n bir\u00e7ok defa dinlenmesi gerekir. Bu, i\u00e7eri\u011fin net bir \u015fekilde anla\u015f\u0131lmas\u0131 ve hi\u00e7bir vurgunun atlanmamas\u0131 i\u00e7in m\u00fchimdir.<\/span><\/p><p><span style=\"font-family: Roboto;\">Anla\u015f\u0131laca\u011f\u0131 \u00fczere de\u015fifre, telaffuz edilen kelimelerin yaz\u0131ya aktar\u0131lmas\u0131ndan \u00e7ok daha karma\u015f\u0131kt\u0131r. Vurgulanan heceler, konu\u015fmac\u0131n\u0131n teredd\u00fctleri ve yans\u0131tt\u0131\u011f\u0131 b\u00fct\u00fcn duygular, ka\u011f\u0131da da aktar\u0131lmal\u0131d\u0131r.<\/span><\/p><p><span style=\"font-family: Roboto;\">\u0130lk olarak ses kayd\u0131 veya video izlenir, b\u00f6ylelikle de\u015fifre yapan ki\u015fi i\u00e7eri\u011fe hakim olur. Dinleme i\u015fleminin ard\u0131ndan de\u015fifre eden ki\u015fi titizlikle konu\u015fmalar\u0131 yaz\u0131ya d\u00f6kmeye ba\u015flar. Bu esnada kayd\u0131 veya videoyu s\u0131kl\u0131kla durdurur ve b\u00fct\u00fcn konu\u015fmalar\u0131n en ince ayr\u0131nt\u0131s\u0131na kadar yaz\u0131ya d\u00f6k\u00fcld\u00fc\u011f\u00fcnden emin olur.<\/span><\/p><p><span style=\"font-family: Roboto;\">Kimi zaman s\u00f6z konusu kay\u0131tlar\u0131n ses kalitesi d\u00fc\u015f\u00fck olabilir ve bu durum, de\u015fifre i\u015fleminin s\u00fcresini uzatacakt\u0131r. Bu nedenle ses kalitesi, de\u015fifre eylemini etkileyen \u00f6nemli bir unsurudur. Fakat \u00e7e\u015fitli bilgisayar programlar\u0131 sayesinde ses kalitesi iyile\u015ftirilebilir, dolay\u0131s\u0131yla de\u015fifre i\u015flemini ger\u00e7ekle\u015ftiren ki\u015finin s\u00f6z konusu bilgisayar programlar\u0131n\u0131 kullanmaya hakim olmas\u0131 m\u00fchimdir.<\/span><\/p><p><strong><span style=\"font-family: Roboto;\">\u0130ki Farkl\u0131 De\u015fifre Y\u00f6ntemi<\/span><\/strong><\/p><p><span style=\"font-family: Roboto;\">De\u015fifre s\u00fcrecinde iki farkl\u0131 y\u00f6ntem \u00f6ne \u00e7\u0131kar: d\u00fczenlenmi\u015f ve birebir de\u015fifre. Burada hangi y\u00f6ntemin tercih edilece\u011fi m\u00fc\u015fterinin ihtiya\u00e7lar\u0131na ba\u011fl\u0131d\u0131r.<\/span><\/p><p><strong><span style=\"font-family: Roboto;\">D\u00fczenlenmi\u015f De\u015fifre<\/span><\/strong><\/p><p><span style=\"font-family: Roboto;\">D\u00fczenlenmi\u015f de\u015fifre, anlam\u0131 korumaya y\u00f6neliktir. C\u00fcmle yap\u0131lar\u0131 d\u00fczenlenir, gereksiz ayr\u0131nt\u0131lar \u00e7\u0131kar\u0131l\u0131r ve anlam b\u00fct\u00fcnl\u00fc\u011f\u00fc korunur. Bu y\u00f6ntem, daha resmi i\u00e7erikler i\u00e7in uygundur. \u00d6rne\u011fin akademik \u00e7al\u0131\u015fmalar i\u00e7in al\u0131nan ses kay\u0131tlar\u0131nda \u00f6ks\u00fcr\u00fck veya konu\u015fma hatalar\u0131n\u0131n de\u015fifre edilmemesi gerekir.\u00a0<\/span><\/p><p><span style=\"font-family: Roboto;\">R\u00f6portaj, akademik \u00e7al\u0131\u015fmalar, konferans kay\u0131tlar\u0131 ve e\u011fitim videolar\u0131 i\u00e7in d\u00fczenlenmi\u015f de\u015fifre y\u00f6ntemi ile devam etmek, m\u00fc\u015fterinin ihtiya\u00e7lar\u0131na daha uygun olacakt\u0131r.<\/span><\/p><p><strong><span style=\"font-family: Roboto;\">Birebir De\u015fifre<\/span><\/strong><\/p><p><span style=\"font-family: Roboto;\">Birebir de\u015fifre y\u00f6ntemi, bir kay\u0131tta yer alan her t\u00fcrl\u00fc sesli \u00f6genin yaz\u0131ya d\u00f6k\u00fclmesidir. \u00dcnlem i\u00e7eren tepkiler, konu\u015fma hatalar\u0131, hareket sesleri ve hatta \u00f6ks\u00fcr\u00fck veya hap\u015f\u0131r\u0131k sesleri bile not edilir. Senaryolar de\u015fifre edilirken bu y\u00f6ntem s\u0131kl\u0131kla uygulanmaktad\u0131r.<\/span><\/p><p><strong><span style=\"font-family: Roboto;\">De\u015fifre Kullan\u0131m Alanlar\u0131<\/span><\/strong><\/p><p><span style=\"font-family: Roboto;\">Bir\u00e7ok alanda de\u015fifre i\u015fleminin kullan\u0131ld\u0131\u011f\u0131 g\u00f6r\u00fcl\u00fcr. Hatta fark\u0131nda olmadan g\u00fcnl\u00fck hayatta bunun bir\u00e7ok \u00f6rne\u011fini g\u00f6r\u00fcr\u00fcz: filmler ve yabanc\u0131 diziler.<\/span><\/p><p><span style=\"font-family: Roboto;\">Ayr\u0131ca de\u015fifre hizmeti, i\u015fitme engelli bireyler i\u00e7in b\u00fcy\u00fck bir \u00f6nem arz eder. Konu\u015fmadaki b\u00fct\u00fcn vurgular\u0131n yaz\u0131ya aktar\u0131lmas\u0131 gerekir ki ba\u011flam b\u00fct\u00fcnl\u00fc\u011f\u00fc korunabilsin.<\/span><\/p><ul><li><span style=\"font-family: Roboto;\">Sunum ve Toplant\u0131lar<\/span><\/li><li><span style=\"font-family: Roboto;\">Telefon Kay\u0131tlar\u0131<\/span><\/li><li><span style=\"font-family: Roboto;\">R\u00f6portaj ve Haberler<\/span><\/li><li><span style=\"font-family: Roboto;\">Ses Kay\u0131tlar\u0131<\/span><\/li><li><span style=\"font-family: Roboto;\">Film ve Diziler<\/span><\/li><li><span style=\"font-family: Roboto;\">Belgesel ve Reklam Filmleri<\/span><\/li><li><span style=\"font-family: Roboto;\">Dijital Video \u0130\u00e7erikleri<\/span><\/li><li><span style=\"font-family: Roboto;\">Konferans, Seminer, Kongre ve E\u011fitim Kay\u0131tlar\u0131<\/span><\/li><li><span style=\"font-family: Roboto;\">Ders Kay\u0131tlar\u0131<\/span><\/li><li><span style=\"font-family: Roboto;\">Dava, Duru\u015fma ve Sorgu Kay\u0131tlar\u0131<\/span><\/li><li><span style=\"font-family: Roboto;\">Televizyon Kay\u0131tlar\u0131<\/span><\/li><li><span style=\"font-family: Roboto;\">Akademik Kay\u0131tlar<\/span><\/li><\/ul><p><span style=\"font-family: Roboto;\">Biz\u00a0<strong>Mirora<\/strong>\u00a0ailesi olarak size m\u00fcmk\u00fcn olan en iyi hizmeti ve deneyimi sunabilmek ad\u0131na hem gece g\u00fcnd\u00fcz emek veriyor hem de bu i\u015fin uzmanlar\u0131 ile \u00e7al\u0131\u015f\u0131yoruz. Kay\u0131tlar\u0131n\u0131z\u0131 bize g\u00fcvenle emanet edebilirsiniz, gizlili\u011finize b\u00fcy\u00fck bir \u00f6zen g\u00f6stererek \u00e7al\u0131\u015faca\u011f\u0131m\u0131zdan \u015f\u00fcpheniz olmas\u0131n.\u00a0\u00a0<\/span><\/p>\t\t\t\t\t\t\t\t<\/div>\n\t\t\t\t\t<\/div>\n\t\t<\/div>\n\t\t\t\t\t<\/div>\n\t\t<\/section>\n\t\t\t\t\t<\/div>\n\t\t<\/div>\n\t\t\t\t\t<\/div>\n\t\t<\/section>\n\t\t\t\t<section class=\"elementor-section elementor-top-section elementor-element elementor-element-cea03ec elementor-section-full_width elementor-section-height-default elementor-section-height-default\" data-id=\"cea03ec\" data-element_type=\"section\" data-e-type=\"section\">\n\t\t\t\t\t\t<div class=\"elementor-container elementor-column-gap-no\">\n\t\t\t\t\t<div class=\"elementor-column elementor-col-100 elementor-top-column elementor-element elementor-element-1ba7abb\" data-id=\"1ba7abb\" data-element_type=\"column\" data-e-type=\"column\">\n\t\t\t<div class=\"elementor-widget-wrap elementor-element-populated\">\n\t\t\t\t\t\t<div class=\"elementor-element elementor-element-fb83e25 elementor-widget elementor-widget-eduracta\" data-id=\"fb83e25\" data-element_type=\"widget\" data-e-type=\"widget\" data-widget_type=\"eduracta.default\">\n\t\t\t\t<div class=\"elementor-widget-container\">\n\t\t\t\t\t<div class=\"cta-area-1\" data-bg-src=\"https:\/\/mirora.com\/wp-content\/uploads\/2023\/07\/cta-bg1-2-1.png\"><div class=\"container\"><div class=\"row align-items-center justify-content-between\"><div class=\"col-lg-8\"><div class=\"cta-wrap title-area mb-0\"><div class=\"cta-icon\"><img decoding=\"async\" src=\"https:\/\/mirora.com\/wp-content\/uploads\/2023\/07\/cta-icon1-2-1.png\" alt=\"icon\"><\/div><div class=\"cta-content\"><h2 class=\"cta-title th-title sec-title\">Hemen Teklif Al<\/h2><p class=\"cta-text th-desc\">Markana de\u011fer katmak Mirora ile bir t\u0131k uza\u011f\u0131nda.<\/p><\/div><a href=\"https:\/\/mirora.com\/teklif-al\/\" class=\"th-btn th_btn style8\">Teklif Al!<i class=\"fa-regular fa-arrow-right ms-1\"><\/i><\/a><\/div><\/div><\/div><\/div><div class=\"cta-img-1\" data-overlay=\"title\" data-opacity=\"8\"><img decoding=\"async\" src=\"https:\/\/mirora.com\/wp-content\/uploads\/2024\/06\/mirora_anasayfa_3-3.jpg\" alt=\"Image\"><\/div><\/div>\t\t\t\t<\/div>\n\t\t\t\t<\/div>\n\t\t\t\t\t<\/div>\n\t\t<\/div>\n\t\t\t\t\t<\/div>\n\t\t<\/section>\n\t\t<div class=\"elementor-element elementor-element-b24ad52 e-flex e-con-boxed e-con e-parent\" data-id=\"b24ad52\" data-element_type=\"container\" data-e-type=\"container\">\n\t\t\t\t\t<div class=\"e-con-inner\">\n\t\t\t\t<div class=\"elementor-element elementor-element-d57598e elementor-widget elementor-widget-heading\" data-id=\"d57598e\" data-element_type=\"widget\" data-e-type=\"widget\" data-widget_type=\"heading.default\">\n\t\t\t\t\t<h2 class=\"elementor-heading-title elementor-size-default\">Bu Yaz\u0131lar\u0131m\u0131z \u0130lginizi \u00c7ekebilir ! Hizmetimiz ile ilgili daha fazla bilgi edinin.<\/h2>\t\t\t\t<\/div>\n\t\t\t\t<div class=\"elementor-element elementor-element-227e728 elementor-widget-divider--view-line elementor-widget elementor-widget-divider\" data-id=\"227e728\" data-element_type=\"widget\" data-e-type=\"widget\" data-widget_type=\"divider.default\">\n\t\t\t\t\t\t\t<div class=\"elementor-divider\">\n\t\t\t<span class=\"elementor-divider-separator\">\n\t\t\t\t\t\t<\/span>\n\t\t<\/div>\n\t\t\t\t\t\t<\/div>\n\t\t\t\t\t<\/div>\n\t\t\t\t<\/div>\n\t\t<div class=\"elementor-element elementor-element-804fc4c e-flex e-con-boxed e-con e-parent\" data-id=\"804fc4c\" data-element_type=\"container\" data-e-type=\"container\">\n\t\t\t\t\t<div class=\"e-con-inner\">\n\t\t<div class=\"elementor-element elementor-element-92bbb1a e-con-full e-flex e-con e-child\" data-id=\"92bbb1a\" data-element_type=\"container\" data-e-type=\"container\">\n\t\t\t\t<div class=\"elementor-element elementor-element-e03a17e premium-blog-align-left elementor-widget elementor-widget-premium-addon-blog\" data-id=\"e03a17e\" data-element_type=\"widget\" data-e-type=\"widget\" data-settings=\"{&quot;premium_blog_columns_number&quot;:&quot;100%&quot;,&quot;premium_blog_grid&quot;:&quot;yes&quot;,&quot;premium_blog_layout&quot;:&quot;even&quot;,&quot;premium_blog_columns_number_tablet&quot;:&quot;50%&quot;,&quot;premium_blog_columns_number_mobile&quot;:&quot;100%&quot;}\" data-widget_type=\"premium-addon-blog.default\">\n\t\t\t\t\t\n\t\t\n\n\t\t\t\t<div class=\"premium-blog-wrap  premium-blog-even\" data-page=\"6613\">\n\t\t\t\t\t\t\t\t\t<div class=\"premium-blog-post-outer-container\" data-total=\"1\">\n\t\t\t<div class=\"premium-blog-post-container premium-blog-skin-banner\">\n\t\t\t\t\t\t\t\t\t<div class=\"premium-blog-thumb-effect-wrapper\">\n\t\t\t\t\t\t<div class=\"premium-blog-thumbnail-container premium-blog-zoomin-effect\">\n\t\t\t\t\t\t\t<img fetchpriority=\"high\" decoding=\"async\" width=\"850\" height=\"500\" src=\"https:\/\/mirora.com\/wp-content\/uploads\/2023\/04\/transcription-1-min.jpg\" class=\"attachment-full size-full wp-image-17148\" alt=\"\" srcset=\"https:\/\/mirora.com\/wp-content\/uploads\/2023\/04\/transcription-1-min.jpg 850w, https:\/\/mirora.com\/wp-content\/uploads\/2023\/04\/transcription-1-min-300x176.jpg 300w, https:\/\/mirora.com\/wp-content\/uploads\/2023\/04\/transcription-1-min-768x452.jpg 768w, https:\/\/mirora.com\/wp-content\/uploads\/2023\/04\/transcription-1-min-18x12.jpg 18w\" sizes=\"(max-width: 850px) 100vw, 850px\" \/>\t\t\t\t\t\t<\/div>\n\t\t\t\t\t\t\t\t\t\t\t\t\t<div class=\"premium-blog-thumbnail-overlay\">\n\t\t\t\t\t\t\t\t<a class=\"elementor-icon\" href=\"https:\/\/mirora.com\/tr\/desifre-inanin-bu-ilk-duyusunuz-degil\/\" target=\"_blank\"><\/a>\n\t\t\t\t\t\t\t<\/div>\n\n\t\t\t\t\t\t\t\t\t\t\t\t\t\t\t\t\t\t<\/div>\n\t\t\t\t\t\t\t\t\t\t\t\t<div class=\"premium-blog-content-wrapper \">\n\n\t\t\t\t\t<div class=\"premium-blog-inner-container\">\n\n\t\t\t\t\t\t\t\t\t\t\t\t\t\t<h2 class=\"premium-blog-entry-title\">\n\t\t\t<a href=\"https:\/\/mirora.com\/tr\/desifre-inanin-bu-ilk-duyusunuz-degil\/\" target=\"_blank\">\n\t\t\t\tDe\u015fifre, \u0130nan\u0131n Bu \u0130lk Duyu\u015funuz De\u011fil\t\t\t<\/a>\n\t\t<\/h2>\n\t\t\t\t<div class=\"premium-blog-entry-meta\">\n\t\t\t\n\t\t\t\n\t\t\t\n\t\t\t\t\t<\/div>\n\t\t\n\t\t\t\t\t<\/div>\n\n\t\t\t\t\t\t\t<div class=\"premium-blog-content-inner-wrapper\">\n\t\t<p class=\"premium-blog-post-content\">\u00c7eviri d\u00fcnyas\u0131n\u0131n i\u00e7ine girdi\u011finizde asl\u0131nda ne kadar dall\u0131 budakl\u0131 bir alan oldu\u011funu g\u00f6r\u00fcrs\u00fcn\u00fcz. \u00c7eviri i\u015flemine ba\u015flamadan \u00f6nce proje baz\u0131nda ve...<\/p>\t\t<\/div>\n\t\t\t\t\t\t\t\n\t\t\t\t<\/div>\n\t\t\t<\/div>\n\t\t<\/div>\n\n\t\t\t\t\t\t\t<\/div>\n\n\t\t\n\t\t\n\t\t\t\t\t\t<\/div>\n\t\t\t\t<\/div>\n\t\t<div class=\"elementor-element elementor-element-ef53c93 e-con-full e-flex e-con e-child\" data-id=\"ef53c93\" data-element_type=\"container\" data-e-type=\"container\">\n\t\t\t\t<\/div>\n\t\t\t\t\t<\/div>\n\t\t\t\t<\/div>\n\t\t\t\t<\/div>\n\t\t","protected":false},"excerpt":{"rendered":"<p>De\u015fifre Hizmeti Nedir? \u00c7eviri d\u00fcnyas\u0131 hakk\u0131nda verilen bilgiler artt\u0131k\u00e7a, \u00e7eviri s\u00fcrecinde rol oynayan di\u011fer s\u00fcre\u00e7ler de \u00f6ne \u00e7\u0131kmaktad\u0131r. G\u00fcn\u00fcm\u00fczde \u00e7eviri&#8230;<\/p>\n","protected":false},"author":1,"featured_media":0,"parent":0,"menu_order":0,"comment_status":"closed","ping_status":"closed","template":"template-builder.php","meta":{"_monsterinsights_skip_tracking":false,"_monsterinsights_sitenote_active":false,"_monsterinsights_sitenote_note":"","_monsterinsights_sitenote_category":0,"footnotes":""},"class_list":["post-6613","page","type-page","status-publish","hentry","th-blog blog-single"],"yoast_head":"<!-- This site is optimized with the Yoast SEO plugin v27.3 - https:\/\/yoast.com\/product\/yoast-seo-wordpress\/ -->\n<title>De\u015fifre - Mirora Translation<\/title>\n<meta name=\"description\" content=\"De\u015fifre, herhangi bir sesli verinin yaz\u0131ya d\u00f6k\u00fclmesi eylemidir. Bu sesli veri, bir konu\u015fman\u0131n ses kayd\u0131 olabilece\u011fi gibi, video format\u0131nda da olabilir.\" \/>\n<meta name=\"robots\" content=\"index, follow, max-snippet:-1, max-image-preview:large, max-video-preview:-1\" \/>\n<link rel=\"canonical\" href=\"https:\/\/mirora.com\/tr\/desifre\/\" \/>\n<meta property=\"og:locale\" content=\"tr_TR\" \/>\n<meta property=\"og:type\" content=\"article\" \/>\n<meta property=\"og:title\" content=\"De\u015fifre - Mirora Translation\" \/>\n<meta property=\"og:description\" content=\"De\u015fifre, herhangi bir sesli verinin yaz\u0131ya d\u00f6k\u00fclmesi eylemidir. Bu sesli veri, bir konu\u015fman\u0131n ses kayd\u0131 olabilece\u011fi gibi, video format\u0131nda da olabilir.\" \/>\n<meta property=\"og:url\" content=\"https:\/\/mirora.com\/tr\/desifre\/\" \/>\n<meta property=\"og:site_name\" content=\"Mirora Translation\" \/>\n<meta property=\"article:modified_time\" content=\"2025-12-15T07:46:27+00:00\" \/>\n<meta property=\"og:image\" content=\"https:\/\/mirora.com\/wp-content\/uploads\/2023\/07\/cta-icon1-2-1.png\" \/>\n<meta name=\"twitter:card\" content=\"summary_large_image\" \/>\n<meta name=\"twitter:label1\" content=\"Tahmini okuma s\u00fcresi\" \/>\n\t<meta name=\"twitter:data1\" content=\"1 dakika\" \/>\n<script type=\"application\/ld+json\" class=\"yoast-schema-graph\">{\"@context\":\"https:\\\/\\\/schema.org\",\"@graph\":[{\"@type\":\"WebPage\",\"@id\":\"https:\\\/\\\/mirora.com\\\/desifre\\\/\",\"url\":\"https:\\\/\\\/mirora.com\\\/desifre\\\/\",\"name\":\"De\u015fifre - Mirora Translation\",\"isPartOf\":{\"@id\":\"https:\\\/\\\/mirora.com\\\/#website\"},\"primaryImageOfPage\":{\"@id\":\"https:\\\/\\\/mirora.com\\\/desifre\\\/#primaryimage\"},\"image\":{\"@id\":\"https:\\\/\\\/mirora.com\\\/desifre\\\/#primaryimage\"},\"thumbnailUrl\":\"https:\\\/\\\/mirora.com\\\/wp-content\\\/uploads\\\/2023\\\/07\\\/cta-icon1-2-1.png\",\"datePublished\":\"2024-05-29T21:23:49+00:00\",\"dateModified\":\"2025-12-15T07:46:27+00:00\",\"description\":\"De\u015fifre, herhangi bir sesli verinin yaz\u0131ya d\u00f6k\u00fclmesi eylemidir. Bu sesli veri, bir konu\u015fman\u0131n ses kayd\u0131 olabilece\u011fi gibi, video format\u0131nda da olabilir.\",\"inLanguage\":\"tr\",\"potentialAction\":[{\"@type\":\"ReadAction\",\"target\":[\"https:\\\/\\\/mirora.com\\\/desifre\\\/\"]}]},{\"@type\":\"ImageObject\",\"inLanguage\":\"tr\",\"@id\":\"https:\\\/\\\/mirora.com\\\/desifre\\\/#primaryimage\",\"url\":\"https:\\\/\\\/mirora.com\\\/wp-content\\\/uploads\\\/2023\\\/07\\\/cta-icon1-2-1.png\",\"contentUrl\":\"https:\\\/\\\/mirora.com\\\/wp-content\\\/uploads\\\/2023\\\/07\\\/cta-icon1-2-1.png\"},{\"@type\":\"WebSite\",\"@id\":\"https:\\\/\\\/mirora.com\\\/#website\",\"url\":\"https:\\\/\\\/mirora.com\\\/\",\"name\":\"Mirora Translation\",\"description\":\"We Reflect Your Originals\",\"publisher\":{\"@id\":\"https:\\\/\\\/mirora.com\\\/#organization\"},\"potentialAction\":[{\"@type\":\"SearchAction\",\"target\":{\"@type\":\"EntryPoint\",\"urlTemplate\":\"https:\\\/\\\/mirora.com\\\/?s={search_term_string}\"},\"query-input\":{\"@type\":\"PropertyValueSpecification\",\"valueRequired\":true,\"valueName\":\"search_term_string\"}}],\"inLanguage\":\"tr\"},{\"@type\":\"Organization\",\"@id\":\"https:\\\/\\\/mirora.com\\\/#organization\",\"name\":\"Mirora\",\"url\":\"https:\\\/\\\/mirora.com\\\/\",\"logo\":{\"@type\":\"ImageObject\",\"inLanguage\":\"tr\",\"@id\":\"https:\\\/\\\/mirora.com\\\/#\\\/schema\\\/logo\\\/image\\\/\",\"url\":\"https:\\\/\\\/mirora.com\\\/wp-content\\\/uploads\\\/2023\\\/07\\\/MiroraLogo2.webp\",\"contentUrl\":\"https:\\\/\\\/mirora.com\\\/wp-content\\\/uploads\\\/2023\\\/07\\\/MiroraLogo2.webp\",\"width\":326,\"height\":108,\"caption\":\"Mirora\"},\"image\":{\"@id\":\"https:\\\/\\\/mirora.com\\\/#\\\/schema\\\/logo\\\/image\\\/\"}}]}<\/script>\n<!-- \/ Yoast SEO plugin. -->","yoast_head_json":{"title":"De\u015fifre - Mirora Translation","description":"De\u015fifre, herhangi bir sesli verinin yaz\u0131ya d\u00f6k\u00fclmesi eylemidir. Bu sesli veri, bir konu\u015fman\u0131n ses kayd\u0131 olabilece\u011fi gibi, video format\u0131nda da olabilir.","robots":{"index":"index","follow":"follow","max-snippet":"max-snippet:-1","max-image-preview":"max-image-preview:large","max-video-preview":"max-video-preview:-1"},"canonical":"https:\/\/mirora.com\/tr\/desifre\/","og_locale":"tr_TR","og_type":"article","og_title":"De\u015fifre - Mirora Translation","og_description":"De\u015fifre, herhangi bir sesli verinin yaz\u0131ya d\u00f6k\u00fclmesi eylemidir. Bu sesli veri, bir konu\u015fman\u0131n ses kayd\u0131 olabilece\u011fi gibi, video format\u0131nda da olabilir.","og_url":"https:\/\/mirora.com\/tr\/desifre\/","og_site_name":"Mirora Translation","article_modified_time":"2025-12-15T07:46:27+00:00","og_image":[{"url":"https:\/\/mirora.com\/wp-content\/uploads\/2023\/07\/cta-icon1-2-1.png","type":"","width":"","height":""}],"twitter_card":"summary_large_image","twitter_misc":{"Tahmini okuma s\u00fcresi":"1 dakika"},"schema":{"@context":"https:\/\/schema.org","@graph":[{"@type":"WebPage","@id":"https:\/\/mirora.com\/desifre\/","url":"https:\/\/mirora.com\/desifre\/","name":"De\u015fifre - Mirora Translation","isPartOf":{"@id":"https:\/\/mirora.com\/#website"},"primaryImageOfPage":{"@id":"https:\/\/mirora.com\/desifre\/#primaryimage"},"image":{"@id":"https:\/\/mirora.com\/desifre\/#primaryimage"},"thumbnailUrl":"https:\/\/mirora.com\/wp-content\/uploads\/2023\/07\/cta-icon1-2-1.png","datePublished":"2024-05-29T21:23:49+00:00","dateModified":"2025-12-15T07:46:27+00:00","description":"De\u015fifre, herhangi bir sesli verinin yaz\u0131ya d\u00f6k\u00fclmesi eylemidir. Bu sesli veri, bir konu\u015fman\u0131n ses kayd\u0131 olabilece\u011fi gibi, video format\u0131nda da olabilir.","inLanguage":"tr","potentialAction":[{"@type":"ReadAction","target":["https:\/\/mirora.com\/desifre\/"]}]},{"@type":"ImageObject","inLanguage":"tr","@id":"https:\/\/mirora.com\/desifre\/#primaryimage","url":"https:\/\/mirora.com\/wp-content\/uploads\/2023\/07\/cta-icon1-2-1.png","contentUrl":"https:\/\/mirora.com\/wp-content\/uploads\/2023\/07\/cta-icon1-2-1.png"},{"@type":"WebSite","@id":"https:\/\/mirora.com\/#website","url":"https:\/\/mirora.com\/","name":"Mirora Translation","description":"We Reflect Your Originals","publisher":{"@id":"https:\/\/mirora.com\/#organization"},"potentialAction":[{"@type":"SearchAction","target":{"@type":"EntryPoint","urlTemplate":"https:\/\/mirora.com\/?s={search_term_string}"},"query-input":{"@type":"PropertyValueSpecification","valueRequired":true,"valueName":"search_term_string"}}],"inLanguage":"tr"},{"@type":"Organization","@id":"https:\/\/mirora.com\/#organization","name":"Mirora","url":"https:\/\/mirora.com\/","logo":{"@type":"ImageObject","inLanguage":"tr","@id":"https:\/\/mirora.com\/#\/schema\/logo\/image\/","url":"https:\/\/mirora.com\/wp-content\/uploads\/2023\/07\/MiroraLogo2.webp","contentUrl":"https:\/\/mirora.com\/wp-content\/uploads\/2023\/07\/MiroraLogo2.webp","width":326,"height":108,"caption":"Mirora"},"image":{"@id":"https:\/\/mirora.com\/#\/schema\/logo\/image\/"}}]}},"_links":{"self":[{"href":"https:\/\/mirora.com\/tr\/wp-json\/wp\/v2\/pages\/6613","targetHints":{"allow":["GET"]}}],"collection":[{"href":"https:\/\/mirora.com\/tr\/wp-json\/wp\/v2\/pages"}],"about":[{"href":"https:\/\/mirora.com\/tr\/wp-json\/wp\/v2\/types\/page"}],"author":[{"embeddable":true,"href":"https:\/\/mirora.com\/tr\/wp-json\/wp\/v2\/users\/1"}],"replies":[{"embeddable":true,"href":"https:\/\/mirora.com\/tr\/wp-json\/wp\/v2\/comments?post=6613"}],"version-history":[{"count":22,"href":"https:\/\/mirora.com\/tr\/wp-json\/wp\/v2\/pages\/6613\/revisions"}],"predecessor-version":[{"id":22890,"href":"https:\/\/mirora.com\/tr\/wp-json\/wp\/v2\/pages\/6613\/revisions\/22890"}],"wp:attachment":[{"href":"https:\/\/mirora.com\/tr\/wp-json\/wp\/v2\/media?parent=6613"}],"curies":[{"name":"wp","href":"https:\/\/api.w.org\/{rel}","templated":true}]}}