

{"id":6782,"date":"2024-05-31T01:34:04","date_gmt":"2024-05-30T22:34:04","guid":{"rendered":"https:\/\/mirora.com\/?page_id=6782"},"modified":"2025-05-14T03:55:56","modified_gmt":"2025-05-14T00:55:56","slug":"arnavutca-ceviri","status":"publish","type":"page","link":"https:\/\/mirora.com\/tr\/arnavutca-ceviri\/","title":{"rendered":"Arnavut\u00e7a \u00c7eviri"},"content":{"rendered":"\t\t<div data-elementor-type=\"wp-page\" data-elementor-id=\"6782\" class=\"elementor elementor-6782\" data-elementor-post-type=\"page\">\n\t\t\t\t<div class=\"elementor-element elementor-element-9d5beec e-flex e-con-boxed e-con e-parent\" data-id=\"9d5beec\" data-element_type=\"container\" data-e-type=\"container\" data-settings=\"{&quot;background_background&quot;:&quot;classic&quot;}\">\n\t\t\t\t\t<div class=\"e-con-inner\">\n\t\t\t\t<div class=\"elementor-element elementor-element-3313a75 elementor-widget elementor-widget-heading\" data-id=\"3313a75\" data-element_type=\"widget\" data-e-type=\"widget\" data-widget_type=\"heading.default\">\n\t\t\t\t\t<h1 class=\"elementor-heading-title elementor-size-default\">Footer One<\/h1>\t\t\t\t<\/div>\n\t\t\t\t\t<\/div>\n\t\t\t\t<\/div>\n\t\t\t\t<section class=\"elementor-section elementor-top-section elementor-element elementor-element-7144dec elementor-section-full_width elementor-section-height-default elementor-section-height-default\" data-id=\"7144dec\" data-element_type=\"section\" data-e-type=\"section\">\n\t\t\t\t\t\t<div class=\"elementor-container elementor-column-gap-no\">\n\t\t\t\t\t<div class=\"elementor-column elementor-col-100 elementor-top-column elementor-element elementor-element-2ac3368\" data-id=\"2ac3368\" data-element_type=\"column\" data-e-type=\"column\">\n\t\t\t<div class=\"elementor-widget-wrap elementor-element-populated\">\n\t\t\t\t\t\t<section class=\"elementor-section elementor-inner-section elementor-element elementor-element-6cf5ae6 elementor-section-content-middle elementor-section-boxed elementor-section-height-default elementor-section-height-default\" data-id=\"6cf5ae6\" data-element_type=\"section\" data-e-type=\"section\">\n\t\t\t\t\t\t<div class=\"elementor-container elementor-column-gap-no\">\n\t\t\t\t\t<div class=\"elementor-column elementor-col-100 elementor-inner-column elementor-element elementor-element-309d6ce\" data-id=\"309d6ce\" data-element_type=\"column\" data-e-type=\"column\">\n\t\t\t<div class=\"elementor-widget-wrap elementor-element-populated\">\n\t\t\t\t\t\t<div class=\"elementor-element elementor-element-83a00e2 elementor-widget elementor-widget-text-editor\" data-id=\"83a00e2\" data-element_type=\"widget\" data-e-type=\"widget\" data-widget_type=\"text-editor.default\">\n\t\t\t\t\t\t\t\t\t<p><span style=\"font-family: Roboto;\">Arnavut\u00e7a dili, Hint ve Avrupa dil ailesi i\u00e7erisinde \u00f6zg\u00fcn b\u00fck\u00fcml\u00fc ve eklemeli bir dildir. 5. y\u00fczy\u0131lda Roma Gotlarca y\u0131k\u0131ld\u0131ktan sonra, \u0130llirya b\u00f6lgesinde Slav i\u015fgali ger\u00e7ekle\u015fmi\u015f ve Arnavut\u00e7a Slav dilleri ile yak\u0131nla\u015fmaya ba\u015flam\u0131\u015ft\u0131r. O d\u00f6nemlerde 1000 y\u0131ldan fazla bir s\u00fcre\u00e7te Bizans y\u00f6netimi ge\u00e7erli oldu\u011fundan dil a\u00e7\u0131s\u0131ndan Yunanca ve 432 y\u0131l s\u00fcren Osmanl\u0131 y\u00f6netimi sonucu T\u00fcrk\u00e7e ve Arap\u00e7a dillerinden kelimeler de Arnavut\u00e7aya dahil olmu\u015ftur. Ancak Arnavut\u00e7an\u0131n en \u00e7ok etkilendi\u011fi dil, Orta \u00c7a\u011f boyunca y\u00f6netiminde bulundu\u011fu Venedik sebebiyle Latincedir.<\/span><\/p><p><span style=\"font-family: Roboto;\">Fonetik yap\u0131 olarak da bu dilin \u0130talyanca, Almanca, Frans\u0131zca, Rus\u00e7a ve Yunancan\u0131n kar\u0131\u015f\u0131m\u0131ndan olu\u015ftu\u011fu s\u00f6ylenebilir. G\u00fcn\u00fcm\u00fczde konu\u015fulan modern Arnavut\u00e7ada ise Latince k\u00f6kenli s\u00f6zc\u00fcklerin say\u0131s\u0131 her ge\u00e7en g\u00fcn artmaktad\u0131r. Ancak e\u011fitim alan\u0131nda Arnavut\u00e7an\u0131n modern hali \u00fclke genelinde e\u011fitim politikas\u0131ndan kaynakl\u0131 olarak Osmanl\u0131 d\u00f6neminde kendisiyle i\u00e7 i\u00e7e ge\u00e7en Arap\u00e7a ve T\u00fcrk\u00e7e kelimelerden ar\u0131nd\u0131r\u0131larak kullan\u0131lmaktad\u0131r.<\/span><\/p><p><span style=\"font-family: Roboto;\">Arnavut\u00e7an\u0131n Yayg\u0131nl\u0131\u011f\u0131 ve Az\u0131nl\u0131k Dili Olarak Kabul Edildi\u011fi Alanlar Nelerdir?<\/span><\/p><p><span style=\"font-family: Roboto;\">Arnavutluk\u2019ta resmi dil olan Arnavut\u00e7a, ayn\u0131 zamanda Kuzey Makedonya ve Kosova\u2019da da resmi dil olarak kabul g\u00f6rmektedir. D\u00fcnya genelinde a\u015fa\u011f\u0131 yukar\u0131 7.500.000 ki\u015fiden daha fazla say\u0131da Arnavut\u00e7a dilini konu\u015fan ki\u015fi oldu\u011fu tahmin edilmektedir. Bu dilin az\u0131nl\u0131k dili olarak kabul g\u00f6rd\u00fc\u011f\u00fc \u00fclkeler ise S\u0131rbistan, Karada\u011f, \u0130talya ve Bulgaristan\u2019d\u0131r.<\/span><\/p><p><span style=\"font-family: Roboto;\">Mirora\u2019n\u0131n Arnavutluk s\u0131n\u0131rlar\u0131nda kurumsal i\u015f ortaklar\u0131 yer almaktad\u0131r. D\u00fcnyan\u0131n b\u00fct\u00fcn dillerinden Arnavut\u00e7aya ve Arnavut\u00e7adan d\u00fcnyan\u0131n t\u00fcm dillerine, anadili hedef dil olan \u00e7eviri ekiplerince, kaliteli, h\u0131zl\u0131, g\u00fcvenilir ve rekabet\u00e7i fiyatlarla \u00e7eviri hizmeti veriyoruz.<\/span><\/p><p><span style=\"font-family: Roboto;\">Arnavut Alfabesi<\/span><\/p><p><span style=\"font-family: Roboto;\">A a, B b, C c, . \u00c7 \u00e7, D d, Dh dh, E e, \u00cb \u00eb, F f, G g, Gj gj, H h, I i, J j, K k, L l, Ll ll, M m, N n, Nj nj, O o, P p, Q q, R r, Rr rr, S s, Sh sh, T t, Th th, U u, V v, [W w], X x, Xh xh, Y y, Z z, Zh zh<\/span><\/p>\t\t\t\t\t\t\t\t<\/div>\n\t\t\t\t\t<\/div>\n\t\t<\/div>\n\t\t\t\t\t<\/div>\n\t\t<\/section>\n\t\t\t\t\t<\/div>\n\t\t<\/div>\n\t\t\t\t\t<\/div>\n\t\t<\/section>\n\t\t\t\t<section class=\"elementor-section elementor-top-section elementor-element elementor-element-91d946b elementor-section-full_width elementor-section-height-default elementor-section-height-default\" data-id=\"91d946b\" data-element_type=\"section\" data-e-type=\"section\">\n\t\t\t\t\t\t<div class=\"elementor-container elementor-column-gap-no\">\n\t\t\t\t\t<div class=\"elementor-column elementor-col-100 elementor-top-column elementor-element elementor-element-207c427\" data-id=\"207c427\" data-element_type=\"column\" data-e-type=\"column\">\n\t\t\t<div class=\"elementor-widget-wrap elementor-element-populated\">\n\t\t\t\t\t\t<div class=\"elementor-element elementor-element-b860bc1 elementor-widget elementor-widget-eduracta\" data-id=\"b860bc1\" data-element_type=\"widget\" data-e-type=\"widget\" data-widget_type=\"eduracta.default\">\n\t\t\t\t<div class=\"elementor-widget-container\">\n\t\t\t\t\t<div class=\"cta-area-1\" data-bg-src=\"https:\/\/themeholy.com\/wordpress\/edura\/wp-content\/uploads\/2023\/07\/cta-bg1.png\"><div class=\"container\"><div class=\"row align-items-center justify-content-between\"><div class=\"col-lg-8\"><div class=\"cta-wrap title-area mb-0\"><div class=\"cta-icon\"><img decoding=\"async\" src=\"https:\/\/themeholy.com\/wordpress\/edura\/wp-content\/uploads\/2023\/07\/cta-icon1.png\" alt=\"icon\"><\/div><div class=\"cta-content\"><h2 class=\"cta-title th-title sec-title\">Hemen Teklif Al<\/h2><p class=\"cta-text th-desc\">Markana de\u011fer katmak Mirora ile bir t\u0131k uza\u011f\u0131nda.<\/p><\/div><a href=\"https:\/\/mirora.com\/teklif-al\/\" class=\"th-btn th_btn style8\">Teklif Al!<i class=\"fa-regular fa-arrow-right ms-1\"><\/i><\/a><\/div><\/div><\/div><\/div><div class=\"cta-img-1\" data-overlay=\"title\" data-opacity=\"8\"><img decoding=\"async\" src=\"https:\/\/themeholy.com\/wordpress\/edura\/wp-content\/uploads\/2023\/07\/cta_1_1.png\" alt=\"Image\"><\/div><\/div>\t\t\t\t<\/div>\n\t\t\t\t<\/div>\n\t\t\t\t\t<\/div>\n\t\t<\/div>\n\t\t\t\t\t<\/div>\n\t\t<\/section>\n\t\t<div class=\"elementor-element elementor-element-3521fa0 e-flex e-con-boxed e-con e-parent\" data-id=\"3521fa0\" data-element_type=\"container\" data-e-type=\"container\" data-settings=\"{&quot;background_background&quot;:&quot;classic&quot;}\">\n\t\t\t\t\t<div class=\"e-con-inner\">\n\t\t\t\t<div class=\"elementor-element elementor-element-fcc9712 elementor-widget elementor-widget-heading\" data-id=\"fcc9712\" data-element_type=\"widget\" data-e-type=\"widget\" data-widget_type=\"heading.default\">\n\t\t\t\t\t<h1 class=\"elementor-heading-title elementor-size-default\">Footer One<\/h1>\t\t\t\t<\/div>\n\t\t\t\t\t<\/div>\n\t\t\t\t<\/div>\n\t\t\t\t<\/div>\n\t\t","protected":false},"excerpt":{"rendered":"<p>Arnavut\u00e7a dili, Hint ve Avrupa dil ailesi i\u00e7erisinde \u00f6zg\u00fcn b\u00fck\u00fcml\u00fc ve eklemeli bir dildir. 5. y\u00fczy\u0131lda Roma Gotlarca y\u0131k\u0131ld\u0131ktan sonra,&#8230;<\/p>\n","protected":false},"author":1,"featured_media":0,"parent":0,"menu_order":0,"comment_status":"closed","ping_status":"closed","template":"template-builder.php","meta":{"_monsterinsights_skip_tracking":false,"_monsterinsights_sitenote_active":false,"_monsterinsights_sitenote_note":"","_monsterinsights_sitenote_category":0,"footnotes":""},"class_list":["post-6782","page","type-page","status-publish","hentry"],"yoast_head":"<!-- This site is optimized with the Yoast SEO plugin v27.3 - https:\/\/yoast.com\/product\/yoast-seo-wordpress\/ -->\n<title>Arnavut\u00e7a \u00c7eviri - Mirora Translation<\/title>\n<meta name=\"description\" content=\"Arnavut\u00e7a, Hint-Avrupa dil ailesi i\u00e7inde \u00f6zg\u00fcn b\u00fck\u00fcml\u00fc ve eklemeli bir dildir. Arnavut\u00e7a Arnavutluk\u2019tan ba\u015fka Kosova ve Kuzey Makedonya\u2019da da resmi dil olarak kabul edilmi\u015ftir.\" \/>\n<meta name=\"robots\" content=\"index, follow, max-snippet:-1, max-image-preview:large, max-video-preview:-1\" \/>\n<link rel=\"canonical\" href=\"https:\/\/mirora.com\/tr\/arnavutca-ceviri\/\" \/>\n<meta property=\"og:locale\" content=\"tr_TR\" \/>\n<meta property=\"og:type\" content=\"article\" \/>\n<meta property=\"og:title\" content=\"Arnavut\u00e7a \u00c7eviri - Mirora Translation\" \/>\n<meta property=\"og:description\" content=\"Arnavut\u00e7a, Hint-Avrupa dil ailesi i\u00e7inde \u00f6zg\u00fcn b\u00fck\u00fcml\u00fc ve eklemeli bir dildir. Arnavut\u00e7a Arnavutluk\u2019tan ba\u015fka Kosova ve Kuzey Makedonya\u2019da da resmi dil olarak kabul edilmi\u015ftir.\" \/>\n<meta property=\"og:url\" content=\"https:\/\/mirora.com\/tr\/arnavutca-ceviri\/\" \/>\n<meta property=\"og:site_name\" content=\"Mirora Translation\" \/>\n<meta property=\"article:modified_time\" content=\"2025-05-14T00:55:56+00:00\" \/>\n<meta property=\"og:image\" content=\"https:\/\/themeholy.com\/wordpress\/edura\/wp-content\/uploads\/2023\/07\/cta-icon1.png\" \/>\n<meta name=\"twitter:card\" content=\"summary_large_image\" \/>\n<meta name=\"twitter:label1\" content=\"Tahmini okuma s\u00fcresi\" \/>\n\t<meta name=\"twitter:data1\" content=\"1 dakika\" \/>\n<script type=\"application\/ld+json\" class=\"yoast-schema-graph\">{\"@context\":\"https:\\\/\\\/schema.org\",\"@graph\":[{\"@type\":\"WebPage\",\"@id\":\"https:\\\/\\\/mirora.com\\\/arnavutca-ceviri\\\/\",\"url\":\"https:\\\/\\\/mirora.com\\\/arnavutca-ceviri\\\/\",\"name\":\"Arnavut\u00e7a \u00c7eviri - Mirora Translation\",\"isPartOf\":{\"@id\":\"https:\\\/\\\/mirora.com\\\/#website\"},\"primaryImageOfPage\":{\"@id\":\"https:\\\/\\\/mirora.com\\\/arnavutca-ceviri\\\/#primaryimage\"},\"image\":{\"@id\":\"https:\\\/\\\/mirora.com\\\/arnavutca-ceviri\\\/#primaryimage\"},\"thumbnailUrl\":\"https:\\\/\\\/themeholy.com\\\/wordpress\\\/edura\\\/wp-content\\\/uploads\\\/2023\\\/07\\\/cta-icon1.png\",\"datePublished\":\"2024-05-30T22:34:04+00:00\",\"dateModified\":\"2025-05-14T00:55:56+00:00\",\"description\":\"Arnavut\u00e7a, Hint-Avrupa dil ailesi i\u00e7inde \u00f6zg\u00fcn b\u00fck\u00fcml\u00fc ve eklemeli bir dildir. Arnavut\u00e7a Arnavutluk\u2019tan ba\u015fka Kosova ve Kuzey Makedonya\u2019da da resmi dil olarak kabul edilmi\u015ftir.\",\"inLanguage\":\"tr\",\"potentialAction\":[{\"@type\":\"ReadAction\",\"target\":[\"https:\\\/\\\/mirora.com\\\/arnavutca-ceviri\\\/\"]}]},{\"@type\":\"ImageObject\",\"inLanguage\":\"tr\",\"@id\":\"https:\\\/\\\/mirora.com\\\/arnavutca-ceviri\\\/#primaryimage\",\"url\":\"https:\\\/\\\/themeholy.com\\\/wordpress\\\/edura\\\/wp-content\\\/uploads\\\/2023\\\/07\\\/cta-icon1.png\",\"contentUrl\":\"https:\\\/\\\/themeholy.com\\\/wordpress\\\/edura\\\/wp-content\\\/uploads\\\/2023\\\/07\\\/cta-icon1.png\"},{\"@type\":\"WebSite\",\"@id\":\"https:\\\/\\\/mirora.com\\\/#website\",\"url\":\"https:\\\/\\\/mirora.com\\\/\",\"name\":\"Mirora Translation\",\"description\":\"We Reflect Your Originals\",\"publisher\":{\"@id\":\"https:\\\/\\\/mirora.com\\\/#organization\"},\"potentialAction\":[{\"@type\":\"SearchAction\",\"target\":{\"@type\":\"EntryPoint\",\"urlTemplate\":\"https:\\\/\\\/mirora.com\\\/?s={search_term_string}\"},\"query-input\":{\"@type\":\"PropertyValueSpecification\",\"valueRequired\":true,\"valueName\":\"search_term_string\"}}],\"inLanguage\":\"tr\"},{\"@type\":\"Organization\",\"@id\":\"https:\\\/\\\/mirora.com\\\/#organization\",\"name\":\"Mirora\",\"url\":\"https:\\\/\\\/mirora.com\\\/\",\"logo\":{\"@type\":\"ImageObject\",\"inLanguage\":\"tr\",\"@id\":\"https:\\\/\\\/mirora.com\\\/#\\\/schema\\\/logo\\\/image\\\/\",\"url\":\"https:\\\/\\\/mirora.com\\\/wp-content\\\/uploads\\\/2023\\\/07\\\/MiroraLogo2.webp\",\"contentUrl\":\"https:\\\/\\\/mirora.com\\\/wp-content\\\/uploads\\\/2023\\\/07\\\/MiroraLogo2.webp\",\"width\":326,\"height\":108,\"caption\":\"Mirora\"},\"image\":{\"@id\":\"https:\\\/\\\/mirora.com\\\/#\\\/schema\\\/logo\\\/image\\\/\"}}]}<\/script>\n<!-- \/ Yoast SEO plugin. -->","yoast_head_json":{"title":"Arnavut\u00e7a \u00c7eviri - Mirora Translation","description":"Arnavut\u00e7a, Hint-Avrupa dil ailesi i\u00e7inde \u00f6zg\u00fcn b\u00fck\u00fcml\u00fc ve eklemeli bir dildir. Arnavut\u00e7a Arnavutluk\u2019tan ba\u015fka Kosova ve Kuzey Makedonya\u2019da da resmi dil olarak kabul edilmi\u015ftir.","robots":{"index":"index","follow":"follow","max-snippet":"max-snippet:-1","max-image-preview":"max-image-preview:large","max-video-preview":"max-video-preview:-1"},"canonical":"https:\/\/mirora.com\/tr\/arnavutca-ceviri\/","og_locale":"tr_TR","og_type":"article","og_title":"Arnavut\u00e7a \u00c7eviri - Mirora Translation","og_description":"Arnavut\u00e7a, Hint-Avrupa dil ailesi i\u00e7inde \u00f6zg\u00fcn b\u00fck\u00fcml\u00fc ve eklemeli bir dildir. Arnavut\u00e7a Arnavutluk\u2019tan ba\u015fka Kosova ve Kuzey Makedonya\u2019da da resmi dil olarak kabul edilmi\u015ftir.","og_url":"https:\/\/mirora.com\/tr\/arnavutca-ceviri\/","og_site_name":"Mirora Translation","article_modified_time":"2025-05-14T00:55:56+00:00","og_image":[{"url":"https:\/\/themeholy.com\/wordpress\/edura\/wp-content\/uploads\/2023\/07\/cta-icon1.png","type":"","width":"","height":""}],"twitter_card":"summary_large_image","twitter_misc":{"Tahmini okuma s\u00fcresi":"1 dakika"},"schema":{"@context":"https:\/\/schema.org","@graph":[{"@type":"WebPage","@id":"https:\/\/mirora.com\/arnavutca-ceviri\/","url":"https:\/\/mirora.com\/arnavutca-ceviri\/","name":"Arnavut\u00e7a \u00c7eviri - Mirora Translation","isPartOf":{"@id":"https:\/\/mirora.com\/#website"},"primaryImageOfPage":{"@id":"https:\/\/mirora.com\/arnavutca-ceviri\/#primaryimage"},"image":{"@id":"https:\/\/mirora.com\/arnavutca-ceviri\/#primaryimage"},"thumbnailUrl":"https:\/\/themeholy.com\/wordpress\/edura\/wp-content\/uploads\/2023\/07\/cta-icon1.png","datePublished":"2024-05-30T22:34:04+00:00","dateModified":"2025-05-14T00:55:56+00:00","description":"Arnavut\u00e7a, Hint-Avrupa dil ailesi i\u00e7inde \u00f6zg\u00fcn b\u00fck\u00fcml\u00fc ve eklemeli bir dildir. Arnavut\u00e7a Arnavutluk\u2019tan ba\u015fka Kosova ve Kuzey Makedonya\u2019da da resmi dil olarak kabul edilmi\u015ftir.","inLanguage":"tr","potentialAction":[{"@type":"ReadAction","target":["https:\/\/mirora.com\/arnavutca-ceviri\/"]}]},{"@type":"ImageObject","inLanguage":"tr","@id":"https:\/\/mirora.com\/arnavutca-ceviri\/#primaryimage","url":"https:\/\/themeholy.com\/wordpress\/edura\/wp-content\/uploads\/2023\/07\/cta-icon1.png","contentUrl":"https:\/\/themeholy.com\/wordpress\/edura\/wp-content\/uploads\/2023\/07\/cta-icon1.png"},{"@type":"WebSite","@id":"https:\/\/mirora.com\/#website","url":"https:\/\/mirora.com\/","name":"Mirora Translation","description":"We Reflect Your Originals","publisher":{"@id":"https:\/\/mirora.com\/#organization"},"potentialAction":[{"@type":"SearchAction","target":{"@type":"EntryPoint","urlTemplate":"https:\/\/mirora.com\/?s={search_term_string}"},"query-input":{"@type":"PropertyValueSpecification","valueRequired":true,"valueName":"search_term_string"}}],"inLanguage":"tr"},{"@type":"Organization","@id":"https:\/\/mirora.com\/#organization","name":"Mirora","url":"https:\/\/mirora.com\/","logo":{"@type":"ImageObject","inLanguage":"tr","@id":"https:\/\/mirora.com\/#\/schema\/logo\/image\/","url":"https:\/\/mirora.com\/wp-content\/uploads\/2023\/07\/MiroraLogo2.webp","contentUrl":"https:\/\/mirora.com\/wp-content\/uploads\/2023\/07\/MiroraLogo2.webp","width":326,"height":108,"caption":"Mirora"},"image":{"@id":"https:\/\/mirora.com\/#\/schema\/logo\/image\/"}}]}},"_links":{"self":[{"href":"https:\/\/mirora.com\/tr\/wp-json\/wp\/v2\/pages\/6782","targetHints":{"allow":["GET"]}}],"collection":[{"href":"https:\/\/mirora.com\/tr\/wp-json\/wp\/v2\/pages"}],"about":[{"href":"https:\/\/mirora.com\/tr\/wp-json\/wp\/v2\/types\/page"}],"author":[{"embeddable":true,"href":"https:\/\/mirora.com\/tr\/wp-json\/wp\/v2\/users\/1"}],"replies":[{"embeddable":true,"href":"https:\/\/mirora.com\/tr\/wp-json\/wp\/v2\/comments?post=6782"}],"version-history":[{"count":13,"href":"https:\/\/mirora.com\/tr\/wp-json\/wp\/v2\/pages\/6782\/revisions"}],"predecessor-version":[{"id":22199,"href":"https:\/\/mirora.com\/tr\/wp-json\/wp\/v2\/pages\/6782\/revisions\/22199"}],"wp:attachment":[{"href":"https:\/\/mirora.com\/tr\/wp-json\/wp\/v2\/media?parent=6782"}],"curies":[{"name":"wp","href":"https:\/\/api.w.org\/{rel}","templated":true}]}}