

{"id":6787,"date":"2024-05-31T01:42:43","date_gmt":"2024-05-30T22:42:43","guid":{"rendered":"https:\/\/mirora.com\/?page_id=6787"},"modified":"2025-05-14T03:57:23","modified_gmt":"2025-05-14T00:57:23","slug":"bulgarca-ceviri","status":"publish","type":"page","link":"https:\/\/mirora.com\/tr\/bulgarca-ceviri\/","title":{"rendered":"Bulgarca \u00c7eviri"},"content":{"rendered":"\t\t<div data-elementor-type=\"wp-page\" data-elementor-id=\"6787\" class=\"elementor elementor-6787\" data-elementor-post-type=\"page\">\n\t\t\t\t<div class=\"elementor-element elementor-element-e944325 e-flex e-con-boxed e-con e-parent\" data-id=\"e944325\" data-element_type=\"container\" data-e-type=\"container\" data-settings=\"{&quot;background_background&quot;:&quot;classic&quot;}\">\n\t\t\t\t\t<div class=\"e-con-inner\">\n\t\t\t\t<div class=\"elementor-element elementor-element-07d5a65 elementor-widget elementor-widget-heading\" data-id=\"07d5a65\" data-element_type=\"widget\" data-e-type=\"widget\" data-widget_type=\"heading.default\">\n\t\t\t\t\t<h1 class=\"elementor-heading-title elementor-size-default\">Footer One<\/h1>\t\t\t\t<\/div>\n\t\t\t\t\t<\/div>\n\t\t\t\t<\/div>\n\t\t\t\t<section class=\"elementor-section elementor-top-section elementor-element elementor-element-7144dec elementor-section-full_width elementor-section-height-default elementor-section-height-default\" data-id=\"7144dec\" data-element_type=\"section\" data-e-type=\"section\">\n\t\t\t\t\t\t<div class=\"elementor-container elementor-column-gap-no\">\n\t\t\t\t\t<div class=\"elementor-column elementor-col-100 elementor-top-column elementor-element elementor-element-2ac3368\" data-id=\"2ac3368\" data-element_type=\"column\" data-e-type=\"column\">\n\t\t\t<div class=\"elementor-widget-wrap elementor-element-populated\">\n\t\t\t\t\t\t<section class=\"elementor-section elementor-inner-section elementor-element elementor-element-6cf5ae6 elementor-section-content-middle elementor-section-boxed elementor-section-height-default elementor-section-height-default\" data-id=\"6cf5ae6\" data-element_type=\"section\" data-e-type=\"section\">\n\t\t\t\t\t\t<div class=\"elementor-container elementor-column-gap-no\">\n\t\t\t\t\t<div class=\"elementor-column elementor-col-100 elementor-inner-column elementor-element elementor-element-309d6ce\" data-id=\"309d6ce\" data-element_type=\"column\" data-e-type=\"column\">\n\t\t\t<div class=\"elementor-widget-wrap elementor-element-populated\">\n\t\t\t\t\t\t<div class=\"elementor-element elementor-element-83a00e2 elementor-widget elementor-widget-text-editor\" data-id=\"83a00e2\" data-element_type=\"widget\" data-e-type=\"widget\" data-widget_type=\"text-editor.default\">\n\t\t\t\t\t\t\t\t\t<p>Bulgarca, Hint-Avrupa dilleri ailesinden, G\u00fcney Slav dillerine ba\u011fl\u0131 bir dildir. Bulgarcan\u0131n yakla\u015f\u0131k 12 milyon konu\u015fan\u0131 vard\u0131r. Bulgarca Bulgaristan\u2019\u0131n resmi dilidir.<\/p><p>Yaz\u0131 dili on dokuzuncu y\u00fczy\u0131lda olu\u015fmaya ba\u015flayan Bulgarca, Selanikli Aziz Kiril ve karde\u015fi Metodiy\u2019in taraf\u0131ndan 862 y\u0131l\u0131nda Bulgaristan\u2019\u0131n Preslav kasabas\u0131nda olu\u015fturulan Kiril alfabesi kullan\u0131larak yaz\u0131l\u0131r. Harflerin \u00e7o\u011fu Yunan alfabesinden ilham al\u0131narak haz\u0131rlanm\u0131\u015ft\u0131r. Yaz\u0131ya d\u00f6k\u00fclen ilk Slavik dil Bulgarcad\u0131r.<\/p><p>Mirora olarak Bulgaristan\u2019da pek \u00e7ok kurumsal i\u015f orta\u011f\u0131m\u0131z var. D\u00fcnyan\u0131n b\u00fct\u00fcn dillerinden Bulgarcaya ve Bulgarcadan d\u00fcnyan\u0131n t\u00fcm dillerine, anadili hedef dil olan \u00e7eviri ekiplerince, kaliteli, h\u0131zl\u0131, g\u00fcvenilir ve rekabet\u00e7i fiyatlarla \u00e7eviri hizmeti veriyoruz.<\/p><p>Bulgar Alfabesi<\/p><p>\u0410 \u0430<br \/>\/a\/ \u0411 \u0431<br \/>\/b\/ \u0412 \u0432<br \/>\/v\/ \u0413 \u0433<br \/>\/g\/ \u0414 \u0434<br \/>\/d\/ \u0415 \u0435<br \/>\/\u025b\/ \u0416 \u0436<br \/>\/\u0292\/ \u0417 \u0437<br \/>\/z\/ \u0418 \u0438<br \/>\/i\/ \u0419 \u0439<br \/>\/j\/<br \/>\u041a \u043a<br \/>\/k\/ \u041b \u043b<br \/>\/l\/ \u041c \u043c<br \/>\/m\/ \u041d \u043d<br \/>\/n\/ \u041e \u043e<br \/>\/\u0254\/ \u041f \u043f<br \/>\/p\/ \u0420 \u0440<br \/>\/r\/ \u0421 \u0441<br \/>\/s\/ \u0422 \u0442<br \/>\/t\/ \u0423 \u0443<br \/>\/u\/<br \/>\u0424 \u0444<br \/>\/f\/ \u0425 \u0445<br \/>\/x\/ \u0426 \u0446<br \/>\/\u02a6\/ \u0427 \u0447<br \/>\/t\u0283\/ \u0428 \u0448<br \/>\/\u0283\/ \u0429 \u0449<br \/>\/\u0283t\/ \u042a \u044a<br \/>\/\u0264\/, \/\u0259\/ \u042c \u044c<br \/>\/\u02b2\/ \u042e \u044e<br \/>\/ju\/ \u042f \u044f<br \/>\/ja\/<\/p>\t\t\t\t\t\t\t\t<\/div>\n\t\t\t\t\t<\/div>\n\t\t<\/div>\n\t\t\t\t\t<\/div>\n\t\t<\/section>\n\t\t\t\t\t<\/div>\n\t\t<\/div>\n\t\t\t\t\t<\/div>\n\t\t<\/section>\n\t\t\t\t<section class=\"elementor-section elementor-top-section elementor-element elementor-element-91d946b elementor-section-full_width elementor-section-height-default elementor-section-height-default\" data-id=\"91d946b\" data-element_type=\"section\" data-e-type=\"section\">\n\t\t\t\t\t\t<div class=\"elementor-container elementor-column-gap-no\">\n\t\t\t\t\t<div class=\"elementor-column elementor-col-100 elementor-top-column elementor-element elementor-element-207c427\" data-id=\"207c427\" data-element_type=\"column\" data-e-type=\"column\">\n\t\t\t<div class=\"elementor-widget-wrap elementor-element-populated\">\n\t\t\t\t\t\t<div class=\"elementor-element elementor-element-b860bc1 elementor-widget elementor-widget-eduracta\" data-id=\"b860bc1\" data-element_type=\"widget\" data-e-type=\"widget\" data-widget_type=\"eduracta.default\">\n\t\t\t\t<div class=\"elementor-widget-container\">\n\t\t\t\t\t<div class=\"cta-area-1\" data-bg-src=\"https:\/\/themeholy.com\/wordpress\/edura\/wp-content\/uploads\/2023\/07\/cta-bg1.png\"><div class=\"container\"><div class=\"row align-items-center justify-content-between\"><div class=\"col-lg-8\"><div class=\"cta-wrap title-area mb-0\"><div class=\"cta-icon\"><img decoding=\"async\" src=\"https:\/\/themeholy.com\/wordpress\/edura\/wp-content\/uploads\/2023\/07\/cta-icon1.png\" alt=\"icon\"><\/div><div class=\"cta-content\"><h2 class=\"cta-title th-title sec-title\">Hemen Teklif Al<\/h2><p class=\"cta-text th-desc\">Markana de\u011fer katmak Mirora ile bir t\u0131k uza\u011f\u0131nda.<\/p><\/div><a href=\"https:\/\/mirora.com\/teklif-al\/\" class=\"th-btn th_btn style8\">Teklif Al!<i class=\"fa-regular fa-arrow-right ms-1\"><\/i><\/a><\/div><\/div><\/div><\/div><div class=\"cta-img-1\" data-overlay=\"title\" data-opacity=\"8\"><img decoding=\"async\" src=\"https:\/\/themeholy.com\/wordpress\/edura\/wp-content\/uploads\/2023\/07\/cta_1_1.png\" alt=\"Image\"><\/div><\/div>\t\t\t\t<\/div>\n\t\t\t\t<\/div>\n\t\t\t\t\t<\/div>\n\t\t<\/div>\n\t\t\t\t\t<\/div>\n\t\t<\/section>\n\t\t\t\t<\/div>\n\t\t","protected":false},"excerpt":{"rendered":"<p>Bulgarca, Hint-Avrupa dilleri ailesinden, G\u00fcney Slav dillerine ba\u011fl\u0131 bir dildir. Bulgarcan\u0131n yakla\u015f\u0131k 12 milyon konu\u015fan\u0131 vard\u0131r. Bulgarca Bulgaristan\u2019\u0131n resmi dilidir&#8230;.<\/p>\n","protected":false},"author":1,"featured_media":0,"parent":0,"menu_order":0,"comment_status":"closed","ping_status":"closed","template":"template-builder.php","meta":{"_monsterinsights_skip_tracking":false,"_monsterinsights_sitenote_active":false,"_monsterinsights_sitenote_note":"","_monsterinsights_sitenote_category":0,"footnotes":""},"class_list":["post-6787","page","type-page","status-publish","hentry"],"yoast_head":"<!-- This site is optimized with the Yoast SEO plugin v27.3 - https:\/\/yoast.com\/product\/yoast-seo-wordpress\/ -->\n<title>Bulgarca \u00c7eviri - Mirora Translation<\/title>\n<meta name=\"description\" content=\"Bulgarca, Hint-Avrupa dilleri ailesinden, G\u00fcney Slav dillerine ba\u011fl\u0131 bir dildir. Bulgarcan\u0131n yakla\u015f\u0131k 12 milyon konu\u015fan\u0131 vard\u0131r.\" \/>\n<meta name=\"robots\" content=\"index, follow, max-snippet:-1, max-image-preview:large, max-video-preview:-1\" \/>\n<link rel=\"canonical\" href=\"https:\/\/mirora.com\/tr\/bulgarca-ceviri\/\" \/>\n<meta property=\"og:locale\" content=\"tr_TR\" \/>\n<meta property=\"og:type\" content=\"article\" \/>\n<meta property=\"og:title\" content=\"Bulgarca \u00c7eviri - Mirora Translation\" \/>\n<meta property=\"og:description\" content=\"Bulgarca, Hint-Avrupa dilleri ailesinden, G\u00fcney Slav dillerine ba\u011fl\u0131 bir dildir. Bulgarcan\u0131n yakla\u015f\u0131k 12 milyon konu\u015fan\u0131 vard\u0131r.\" \/>\n<meta property=\"og:url\" content=\"https:\/\/mirora.com\/tr\/bulgarca-ceviri\/\" \/>\n<meta property=\"og:site_name\" content=\"Mirora Translation\" \/>\n<meta property=\"article:modified_time\" content=\"2025-05-14T00:57:23+00:00\" \/>\n<meta property=\"og:image\" content=\"https:\/\/themeholy.com\/wordpress\/edura\/wp-content\/uploads\/2023\/07\/cta-icon1.png\" \/>\n<meta name=\"twitter:card\" content=\"summary_large_image\" \/>\n<meta name=\"twitter:label1\" content=\"Tahmini okuma s\u00fcresi\" \/>\n\t<meta name=\"twitter:data1\" content=\"1 dakika\" \/>\n<script type=\"application\/ld+json\" class=\"yoast-schema-graph\">{\"@context\":\"https:\\\/\\\/schema.org\",\"@graph\":[{\"@type\":\"WebPage\",\"@id\":\"https:\\\/\\\/mirora.com\\\/bulgarca-ceviri\\\/\",\"url\":\"https:\\\/\\\/mirora.com\\\/bulgarca-ceviri\\\/\",\"name\":\"Bulgarca \u00c7eviri - Mirora Translation\",\"isPartOf\":{\"@id\":\"https:\\\/\\\/mirora.com\\\/#website\"},\"primaryImageOfPage\":{\"@id\":\"https:\\\/\\\/mirora.com\\\/bulgarca-ceviri\\\/#primaryimage\"},\"image\":{\"@id\":\"https:\\\/\\\/mirora.com\\\/bulgarca-ceviri\\\/#primaryimage\"},\"thumbnailUrl\":\"https:\\\/\\\/themeholy.com\\\/wordpress\\\/edura\\\/wp-content\\\/uploads\\\/2023\\\/07\\\/cta-icon1.png\",\"datePublished\":\"2024-05-30T22:42:43+00:00\",\"dateModified\":\"2025-05-14T00:57:23+00:00\",\"description\":\"Bulgarca, Hint-Avrupa dilleri ailesinden, G\u00fcney Slav dillerine ba\u011fl\u0131 bir dildir. Bulgarcan\u0131n yakla\u015f\u0131k 12 milyon konu\u015fan\u0131 vard\u0131r.\",\"inLanguage\":\"tr\",\"potentialAction\":[{\"@type\":\"ReadAction\",\"target\":[\"https:\\\/\\\/mirora.com\\\/bulgarca-ceviri\\\/\"]}]},{\"@type\":\"ImageObject\",\"inLanguage\":\"tr\",\"@id\":\"https:\\\/\\\/mirora.com\\\/bulgarca-ceviri\\\/#primaryimage\",\"url\":\"https:\\\/\\\/themeholy.com\\\/wordpress\\\/edura\\\/wp-content\\\/uploads\\\/2023\\\/07\\\/cta-icon1.png\",\"contentUrl\":\"https:\\\/\\\/themeholy.com\\\/wordpress\\\/edura\\\/wp-content\\\/uploads\\\/2023\\\/07\\\/cta-icon1.png\"},{\"@type\":\"WebSite\",\"@id\":\"https:\\\/\\\/mirora.com\\\/#website\",\"url\":\"https:\\\/\\\/mirora.com\\\/\",\"name\":\"Mirora Translation\",\"description\":\"We Reflect Your Originals\",\"publisher\":{\"@id\":\"https:\\\/\\\/mirora.com\\\/#organization\"},\"potentialAction\":[{\"@type\":\"SearchAction\",\"target\":{\"@type\":\"EntryPoint\",\"urlTemplate\":\"https:\\\/\\\/mirora.com\\\/?s={search_term_string}\"},\"query-input\":{\"@type\":\"PropertyValueSpecification\",\"valueRequired\":true,\"valueName\":\"search_term_string\"}}],\"inLanguage\":\"tr\"},{\"@type\":\"Organization\",\"@id\":\"https:\\\/\\\/mirora.com\\\/#organization\",\"name\":\"Mirora\",\"url\":\"https:\\\/\\\/mirora.com\\\/\",\"logo\":{\"@type\":\"ImageObject\",\"inLanguage\":\"tr\",\"@id\":\"https:\\\/\\\/mirora.com\\\/#\\\/schema\\\/logo\\\/image\\\/\",\"url\":\"https:\\\/\\\/mirora.com\\\/wp-content\\\/uploads\\\/2023\\\/07\\\/MiroraLogo2.webp\",\"contentUrl\":\"https:\\\/\\\/mirora.com\\\/wp-content\\\/uploads\\\/2023\\\/07\\\/MiroraLogo2.webp\",\"width\":326,\"height\":108,\"caption\":\"Mirora\"},\"image\":{\"@id\":\"https:\\\/\\\/mirora.com\\\/#\\\/schema\\\/logo\\\/image\\\/\"}}]}<\/script>\n<!-- \/ Yoast SEO plugin. -->","yoast_head_json":{"title":"Bulgarca \u00c7eviri - Mirora Translation","description":"Bulgarca, Hint-Avrupa dilleri ailesinden, G\u00fcney Slav dillerine ba\u011fl\u0131 bir dildir. Bulgarcan\u0131n yakla\u015f\u0131k 12 milyon konu\u015fan\u0131 vard\u0131r.","robots":{"index":"index","follow":"follow","max-snippet":"max-snippet:-1","max-image-preview":"max-image-preview:large","max-video-preview":"max-video-preview:-1"},"canonical":"https:\/\/mirora.com\/tr\/bulgarca-ceviri\/","og_locale":"tr_TR","og_type":"article","og_title":"Bulgarca \u00c7eviri - Mirora Translation","og_description":"Bulgarca, Hint-Avrupa dilleri ailesinden, G\u00fcney Slav dillerine ba\u011fl\u0131 bir dildir. Bulgarcan\u0131n yakla\u015f\u0131k 12 milyon konu\u015fan\u0131 vard\u0131r.","og_url":"https:\/\/mirora.com\/tr\/bulgarca-ceviri\/","og_site_name":"Mirora Translation","article_modified_time":"2025-05-14T00:57:23+00:00","og_image":[{"url":"https:\/\/themeholy.com\/wordpress\/edura\/wp-content\/uploads\/2023\/07\/cta-icon1.png","type":"","width":"","height":""}],"twitter_card":"summary_large_image","twitter_misc":{"Tahmini okuma s\u00fcresi":"1 dakika"},"schema":{"@context":"https:\/\/schema.org","@graph":[{"@type":"WebPage","@id":"https:\/\/mirora.com\/bulgarca-ceviri\/","url":"https:\/\/mirora.com\/bulgarca-ceviri\/","name":"Bulgarca \u00c7eviri - Mirora Translation","isPartOf":{"@id":"https:\/\/mirora.com\/#website"},"primaryImageOfPage":{"@id":"https:\/\/mirora.com\/bulgarca-ceviri\/#primaryimage"},"image":{"@id":"https:\/\/mirora.com\/bulgarca-ceviri\/#primaryimage"},"thumbnailUrl":"https:\/\/themeholy.com\/wordpress\/edura\/wp-content\/uploads\/2023\/07\/cta-icon1.png","datePublished":"2024-05-30T22:42:43+00:00","dateModified":"2025-05-14T00:57:23+00:00","description":"Bulgarca, Hint-Avrupa dilleri ailesinden, G\u00fcney Slav dillerine ba\u011fl\u0131 bir dildir. Bulgarcan\u0131n yakla\u015f\u0131k 12 milyon konu\u015fan\u0131 vard\u0131r.","inLanguage":"tr","potentialAction":[{"@type":"ReadAction","target":["https:\/\/mirora.com\/bulgarca-ceviri\/"]}]},{"@type":"ImageObject","inLanguage":"tr","@id":"https:\/\/mirora.com\/bulgarca-ceviri\/#primaryimage","url":"https:\/\/themeholy.com\/wordpress\/edura\/wp-content\/uploads\/2023\/07\/cta-icon1.png","contentUrl":"https:\/\/themeholy.com\/wordpress\/edura\/wp-content\/uploads\/2023\/07\/cta-icon1.png"},{"@type":"WebSite","@id":"https:\/\/mirora.com\/#website","url":"https:\/\/mirora.com\/","name":"Mirora Translation","description":"We Reflect Your Originals","publisher":{"@id":"https:\/\/mirora.com\/#organization"},"potentialAction":[{"@type":"SearchAction","target":{"@type":"EntryPoint","urlTemplate":"https:\/\/mirora.com\/?s={search_term_string}"},"query-input":{"@type":"PropertyValueSpecification","valueRequired":true,"valueName":"search_term_string"}}],"inLanguage":"tr"},{"@type":"Organization","@id":"https:\/\/mirora.com\/#organization","name":"Mirora","url":"https:\/\/mirora.com\/","logo":{"@type":"ImageObject","inLanguage":"tr","@id":"https:\/\/mirora.com\/#\/schema\/logo\/image\/","url":"https:\/\/mirora.com\/wp-content\/uploads\/2023\/07\/MiroraLogo2.webp","contentUrl":"https:\/\/mirora.com\/wp-content\/uploads\/2023\/07\/MiroraLogo2.webp","width":326,"height":108,"caption":"Mirora"},"image":{"@id":"https:\/\/mirora.com\/#\/schema\/logo\/image\/"}}]}},"_links":{"self":[{"href":"https:\/\/mirora.com\/tr\/wp-json\/wp\/v2\/pages\/6787","targetHints":{"allow":["GET"]}}],"collection":[{"href":"https:\/\/mirora.com\/tr\/wp-json\/wp\/v2\/pages"}],"about":[{"href":"https:\/\/mirora.com\/tr\/wp-json\/wp\/v2\/types\/page"}],"author":[{"embeddable":true,"href":"https:\/\/mirora.com\/tr\/wp-json\/wp\/v2\/users\/1"}],"replies":[{"embeddable":true,"href":"https:\/\/mirora.com\/tr\/wp-json\/wp\/v2\/comments?post=6787"}],"version-history":[{"count":13,"href":"https:\/\/mirora.com\/tr\/wp-json\/wp\/v2\/pages\/6787\/revisions"}],"predecessor-version":[{"id":22205,"href":"https:\/\/mirora.com\/tr\/wp-json\/wp\/v2\/pages\/6787\/revisions\/22205"}],"wp:attachment":[{"href":"https:\/\/mirora.com\/tr\/wp-json\/wp\/v2\/media?parent=6787"}],"curies":[{"name":"wp","href":"https:\/\/api.w.org\/{rel}","templated":true}]}}