

{"id":6797,"date":"2024-05-31T01:43:35","date_gmt":"2024-05-30T22:43:35","guid":{"rendered":"https:\/\/mirora.com\/?page_id=6797"},"modified":"2025-05-14T03:57:44","modified_gmt":"2025-05-14T00:57:44","slug":"cekce-ceviri","status":"publish","type":"page","link":"https:\/\/mirora.com\/tr\/cekce-ceviri\/","title":{"rendered":"\u00c7ek\u00e7e \u00c7eviri"},"content":{"rendered":"\t\t<div data-elementor-type=\"wp-page\" data-elementor-id=\"6797\" class=\"elementor elementor-6797\" data-elementor-post-type=\"page\">\n\t\t\t\t<div class=\"elementor-element elementor-element-876f84d e-flex e-con-boxed e-con e-parent\" data-id=\"876f84d\" data-element_type=\"container\" data-e-type=\"container\" data-settings=\"{&quot;background_background&quot;:&quot;classic&quot;}\">\n\t\t\t\t\t<div class=\"e-con-inner\">\n\t\t\t\t<div class=\"elementor-element elementor-element-f263774 elementor-widget elementor-widget-heading\" data-id=\"f263774\" data-element_type=\"widget\" data-e-type=\"widget\" data-widget_type=\"heading.default\">\n\t\t\t\t\t<h1 class=\"elementor-heading-title elementor-size-default\">Footer One<\/h1>\t\t\t\t<\/div>\n\t\t\t\t\t<\/div>\n\t\t\t\t<\/div>\n\t\t\t\t<section class=\"elementor-section elementor-top-section elementor-element elementor-element-7144dec elementor-section-full_width elementor-section-height-default elementor-section-height-default\" data-id=\"7144dec\" data-element_type=\"section\" data-e-type=\"section\">\n\t\t\t\t\t\t<div class=\"elementor-container elementor-column-gap-no\">\n\t\t\t\t\t<div class=\"elementor-column elementor-col-100 elementor-top-column elementor-element elementor-element-2ac3368\" data-id=\"2ac3368\" data-element_type=\"column\" data-e-type=\"column\">\n\t\t\t<div class=\"elementor-widget-wrap elementor-element-populated\">\n\t\t\t\t\t\t<section class=\"elementor-section elementor-inner-section elementor-element elementor-element-6cf5ae6 elementor-section-content-middle elementor-section-boxed elementor-section-height-default elementor-section-height-default\" data-id=\"6cf5ae6\" data-element_type=\"section\" data-e-type=\"section\">\n\t\t\t\t\t\t<div class=\"elementor-container elementor-column-gap-no\">\n\t\t\t\t\t<div class=\"elementor-column elementor-col-100 elementor-inner-column elementor-element elementor-element-309d6ce\" data-id=\"309d6ce\" data-element_type=\"column\" data-e-type=\"column\">\n\t\t\t<div class=\"elementor-widget-wrap elementor-element-populated\">\n\t\t\t\t\t\t<div class=\"elementor-element elementor-element-83a00e2 elementor-widget elementor-widget-text-editor\" data-id=\"83a00e2\" data-element_type=\"widget\" data-e-type=\"widget\" data-widget_type=\"text-editor.default\">\n\t\t\t\t\t\t\t\t\t<p><span style=\"font-family: Roboto;\">\u00c7ek\u00e7e, Slovak\u00e7a, Leh\u00e7e ve\u00a0 Sorb dili ile birlikte, Hint-Avrupa Dilleri\u2019ne ba\u011fl\u0131 Slav dillerinin Bat\u0131 kolunu olu\u015fturan dildir. \u00c7ek\u00e7eyi, \u00e7o\u011fu \u00c7ek Cumhuriyeti\u2019nde ya\u015fayan yakla\u015f\u0131k 12 milyon \u00c7ek konu\u015fur.\u00c7ekoslovakya ikiye b\u00f6l\u00fcnmeden \u00f6nce Slovakya ile s\u00fcrekli ileti\u015fim i\u00e7inde olduklar\u0131ndan, bu iki taraf birbirlerini anlamakta s\u0131k\u0131nt\u0131 ya\u015famaz. Slovak\u00e7a ve \u00c7ek\u00e7e benzer diller olmas\u0131na ra\u011fmen, yeni nesil, h\u0131zla de\u011fi\u015fen kelimeleri anlamakta zorluk ya\u015fayabilir. \u00c7ek\u00e7e h\u0131zl\u0131 konu\u015fulur ve dil yap\u0131s\u0131 karma\u015f\u0131kt\u0131r. Bu nedenle zor \u00f6\u011frenilen dillerdendir. \u00c7o\u011fu Slav dilinde oldu\u011fu gibi \u00c7ek\u00e7enin de serbest yap\u0131da olmas\u0131 ve farkl\u0131 \u00e7ekimlerinin bulunmas\u0131 dilin karma\u015f\u0131kl\u0131\u011f\u0131na sebep olmaktad\u0131r. T\u00fcm d\u00fcnya dillerine ge\u00e7mi\u015f, en tan\u0131nan \u00c7ek\u00e7e s\u00f6zc\u00fck olarak \u201crobot\u201d bilinir.\u00a0\u00c7ek\u00e7e dilinde isimler\u00a0eril, di\u015fil, n\u00f6tr hallerinin yan\u0131 s\u0131ra, bir de eril kendi i\u00e7inde canl\u0131 ve cans\u0131z diye ikiye ayr\u0131l\u0131r. Ayr\u0131ca isimlerin t\u00fcrlerine g\u00f6re \u00e7o\u011ful halleri de farkl\u0131 olup, ba\u015flar\u0131na gelen s\u0131fatlar\u0131n sonlar\u0131 farkl\u0131la\u015f\u0131r. \u00c7ek\u00e7ede en zor say\u0131lan noktalardan biri de yedi farkl\u0131 p\u00e1d yani ismin hali olmas\u0131d\u0131r. Bunun haricinde \u00c7ek\u00e7e telaffuzda zorlananlar olabilmektedir. \u00c7ek\u00e7ede bol bol \u201c\u010d\u201d ve \u201c\u0161\u201d harfleri duyabilirsiniz. T\u00fcrk\u00e7edeki \u201c\u00e7\u201d ve \u201c\u015f\u201d harfleri gibi okundu\u011fundan, bu sesler T\u00fcrk\u00e7e bilenleri hi\u00e7 zorlamaz.<\/span><\/p><p><span style=\"font-family: Roboto;\">Mirora \u00c7ek\u00e7e \u00c7eviri Hizmeti<\/span><\/p><p><span style=\"font-family: Roboto;\">Mirora \u00c7ek Cumhuriyeti\u2019ndeki kurumsal \u00e7eviri \u015firketleriyle uzun y\u0131llard\u0131r i\u015fbirli\u011fi sa\u011flam\u0131\u015ft\u0131r. Bu sayede Mirora, \u00f6zellikle \u0130ngilizceyi tampon dil olarak kullanarak, d\u00fcnyan\u0131n b\u00fct\u00fcn dillerinden \u00c7ek\u00e7eye ve \u00c7ek\u00e7eden d\u00fcnyan\u0131n t\u00fcm dillerine profesyonel \u00e7eviri ekiplerince, kaliteli, h\u0131zl\u0131, g\u00fcvenilir ve rekabet\u00e7i fiyatlarla \u00e7eviri hizmeti vermektedir.<\/span><\/p>\t\t\t\t\t\t\t\t<\/div>\n\t\t\t\t\t<\/div>\n\t\t<\/div>\n\t\t\t\t\t<\/div>\n\t\t<\/section>\n\t\t\t\t\t<\/div>\n\t\t<\/div>\n\t\t\t\t\t<\/div>\n\t\t<\/section>\n\t\t\t\t<section class=\"elementor-section elementor-top-section elementor-element elementor-element-91d946b elementor-section-full_width elementor-section-height-default elementor-section-height-default\" data-id=\"91d946b\" data-element_type=\"section\" data-e-type=\"section\">\n\t\t\t\t\t\t<div class=\"elementor-container elementor-column-gap-no\">\n\t\t\t\t\t<div class=\"elementor-column elementor-col-100 elementor-top-column elementor-element elementor-element-207c427\" data-id=\"207c427\" data-element_type=\"column\" data-e-type=\"column\">\n\t\t\t<div class=\"elementor-widget-wrap elementor-element-populated\">\n\t\t\t\t\t\t<div class=\"elementor-element elementor-element-b860bc1 elementor-widget elementor-widget-eduracta\" data-id=\"b860bc1\" data-element_type=\"widget\" data-e-type=\"widget\" data-widget_type=\"eduracta.default\">\n\t\t\t\t<div class=\"elementor-widget-container\">\n\t\t\t\t\t<div class=\"cta-area-1\" data-bg-src=\"https:\/\/themeholy.com\/wordpress\/edura\/wp-content\/uploads\/2023\/07\/cta-bg1.png\"><div class=\"container\"><div class=\"row align-items-center justify-content-between\"><div class=\"col-lg-8\"><div class=\"cta-wrap title-area mb-0\"><div class=\"cta-icon\"><img decoding=\"async\" src=\"https:\/\/themeholy.com\/wordpress\/edura\/wp-content\/uploads\/2023\/07\/cta-icon1.png\" alt=\"icon\"><\/div><div class=\"cta-content\"><h2 class=\"cta-title th-title sec-title\">Hemen Teklif Al<\/h2><p class=\"cta-text th-desc\">Markana de\u011fer katmak Mirora ile bir t\u0131k uza\u011f\u0131nda.<\/p><\/div><a href=\"https:\/\/mirora.com\/teklif-al\/\" class=\"th-btn th_btn style8\">Teklif Al!<i class=\"fa-regular fa-arrow-right ms-1\"><\/i><\/a><\/div><\/div><\/div><\/div><div class=\"cta-img-1\" data-overlay=\"title\" data-opacity=\"8\"><img decoding=\"async\" src=\"https:\/\/themeholy.com\/wordpress\/edura\/wp-content\/uploads\/2023\/07\/cta_1_1.png\" alt=\"Image\"><\/div><\/div>\t\t\t\t<\/div>\n\t\t\t\t<\/div>\n\t\t\t\t\t<\/div>\n\t\t<\/div>\n\t\t\t\t\t<\/div>\n\t\t<\/section>\n\t\t\t\t<\/div>\n\t\t","protected":false},"excerpt":{"rendered":"<p>\u00c7ek\u00e7e, Slovak\u00e7a, Leh\u00e7e ve\u00a0 Sorb dili ile birlikte, Hint-Avrupa Dilleri\u2019ne ba\u011fl\u0131 Slav dillerinin Bat\u0131 kolunu olu\u015fturan dildir. \u00c7ek\u00e7eyi, \u00e7o\u011fu \u00c7ek&#8230;<\/p>\n","protected":false},"author":1,"featured_media":0,"parent":0,"menu_order":0,"comment_status":"closed","ping_status":"closed","template":"template-builder.php","meta":{"_monsterinsights_skip_tracking":false,"_monsterinsights_sitenote_active":false,"_monsterinsights_sitenote_note":"","_monsterinsights_sitenote_category":0,"footnotes":""},"class_list":["post-6797","page","type-page","status-publish","hentry"],"yoast_head":"<!-- This site is optimized with the Yoast SEO plugin v27.4 - https:\/\/yoast.com\/product\/yoast-seo-wordpress\/ -->\n<title>\u00c7ek\u00e7e \u00c7eviri - Mirora Translation<\/title>\n<meta name=\"description\" content=\"Slovak\u00e7a, Leh\u00e7e ve Sorb dili ile birlikte, Hint-Avrupa Dilleri&#039;ne ba\u011fl\u0131 Slav dillerinin Bat\u0131 kolunu olu\u015fturan dildir.\" \/>\n<meta name=\"robots\" content=\"index, follow, max-snippet:-1, max-image-preview:large, max-video-preview:-1\" \/>\n<link rel=\"canonical\" href=\"https:\/\/mirora.com\/tr\/cekce-ceviri\/\" \/>\n<meta property=\"og:locale\" content=\"tr_TR\" \/>\n<meta property=\"og:type\" content=\"article\" \/>\n<meta property=\"og:title\" content=\"\u00c7ek\u00e7e \u00c7eviri - Mirora Translation\" \/>\n<meta property=\"og:description\" content=\"Slovak\u00e7a, Leh\u00e7e ve Sorb dili ile birlikte, Hint-Avrupa Dilleri&#039;ne ba\u011fl\u0131 Slav dillerinin Bat\u0131 kolunu olu\u015fturan dildir.\" \/>\n<meta property=\"og:url\" content=\"https:\/\/mirora.com\/tr\/cekce-ceviri\/\" \/>\n<meta property=\"og:site_name\" content=\"Mirora Translation\" \/>\n<meta property=\"article:modified_time\" content=\"2025-05-14T00:57:44+00:00\" \/>\n<meta property=\"og:image\" content=\"https:\/\/themeholy.com\/wordpress\/edura\/wp-content\/uploads\/2023\/07\/cta-icon1.png\" \/>\n<meta name=\"twitter:card\" content=\"summary_large_image\" \/>\n<meta name=\"twitter:label1\" content=\"Tahmini okuma s\u00fcresi\" \/>\n\t<meta name=\"twitter:data1\" content=\"1 dakika\" \/>\n<script type=\"application\/ld+json\" class=\"yoast-schema-graph\">{\"@context\":\"https:\\\/\\\/schema.org\",\"@graph\":[{\"@type\":\"WebPage\",\"@id\":\"https:\\\/\\\/mirora.com\\\/cekce-ceviri\\\/\",\"url\":\"https:\\\/\\\/mirora.com\\\/cekce-ceviri\\\/\",\"name\":\"\u00c7ek\u00e7e \u00c7eviri - Mirora Translation\",\"isPartOf\":{\"@id\":\"https:\\\/\\\/mirora.com\\\/#website\"},\"primaryImageOfPage\":{\"@id\":\"https:\\\/\\\/mirora.com\\\/cekce-ceviri\\\/#primaryimage\"},\"image\":{\"@id\":\"https:\\\/\\\/mirora.com\\\/cekce-ceviri\\\/#primaryimage\"},\"thumbnailUrl\":\"https:\\\/\\\/themeholy.com\\\/wordpress\\\/edura\\\/wp-content\\\/uploads\\\/2023\\\/07\\\/cta-icon1.png\",\"datePublished\":\"2024-05-30T22:43:35+00:00\",\"dateModified\":\"2025-05-14T00:57:44+00:00\",\"description\":\"Slovak\u00e7a, Leh\u00e7e ve Sorb dili ile birlikte, Hint-Avrupa Dilleri'ne ba\u011fl\u0131 Slav dillerinin Bat\u0131 kolunu olu\u015fturan dildir.\",\"inLanguage\":\"tr\",\"potentialAction\":[{\"@type\":\"ReadAction\",\"target\":[\"https:\\\/\\\/mirora.com\\\/cekce-ceviri\\\/\"]}]},{\"@type\":\"ImageObject\",\"inLanguage\":\"tr\",\"@id\":\"https:\\\/\\\/mirora.com\\\/cekce-ceviri\\\/#primaryimage\",\"url\":\"https:\\\/\\\/themeholy.com\\\/wordpress\\\/edura\\\/wp-content\\\/uploads\\\/2023\\\/07\\\/cta-icon1.png\",\"contentUrl\":\"https:\\\/\\\/themeholy.com\\\/wordpress\\\/edura\\\/wp-content\\\/uploads\\\/2023\\\/07\\\/cta-icon1.png\"},{\"@type\":\"WebSite\",\"@id\":\"https:\\\/\\\/mirora.com\\\/#website\",\"url\":\"https:\\\/\\\/mirora.com\\\/\",\"name\":\"Mirora Translation\",\"description\":\"We Reflect Your Originals\",\"publisher\":{\"@id\":\"https:\\\/\\\/mirora.com\\\/#organization\"},\"potentialAction\":[{\"@type\":\"SearchAction\",\"target\":{\"@type\":\"EntryPoint\",\"urlTemplate\":\"https:\\\/\\\/mirora.com\\\/?s={search_term_string}\"},\"query-input\":{\"@type\":\"PropertyValueSpecification\",\"valueRequired\":true,\"valueName\":\"search_term_string\"}}],\"inLanguage\":\"tr\"},{\"@type\":\"Organization\",\"@id\":\"https:\\\/\\\/mirora.com\\\/#organization\",\"name\":\"Mirora\",\"url\":\"https:\\\/\\\/mirora.com\\\/\",\"logo\":{\"@type\":\"ImageObject\",\"inLanguage\":\"tr\",\"@id\":\"https:\\\/\\\/mirora.com\\\/#\\\/schema\\\/logo\\\/image\\\/\",\"url\":\"https:\\\/\\\/mirora.com\\\/wp-content\\\/uploads\\\/2023\\\/07\\\/MiroraLogo2.webp\",\"contentUrl\":\"https:\\\/\\\/mirora.com\\\/wp-content\\\/uploads\\\/2023\\\/07\\\/MiroraLogo2.webp\",\"width\":326,\"height\":108,\"caption\":\"Mirora\"},\"image\":{\"@id\":\"https:\\\/\\\/mirora.com\\\/#\\\/schema\\\/logo\\\/image\\\/\"}}]}<\/script>\n<!-- \/ Yoast SEO plugin. -->","yoast_head_json":{"title":"\u00c7ek\u00e7e \u00c7eviri - Mirora Translation","description":"Slovak\u00e7a, Leh\u00e7e ve Sorb dili ile birlikte, Hint-Avrupa Dilleri'ne ba\u011fl\u0131 Slav dillerinin Bat\u0131 kolunu olu\u015fturan dildir.","robots":{"index":"index","follow":"follow","max-snippet":"max-snippet:-1","max-image-preview":"max-image-preview:large","max-video-preview":"max-video-preview:-1"},"canonical":"https:\/\/mirora.com\/tr\/cekce-ceviri\/","og_locale":"tr_TR","og_type":"article","og_title":"\u00c7ek\u00e7e \u00c7eviri - Mirora Translation","og_description":"Slovak\u00e7a, Leh\u00e7e ve Sorb dili ile birlikte, Hint-Avrupa Dilleri'ne ba\u011fl\u0131 Slav dillerinin Bat\u0131 kolunu olu\u015fturan dildir.","og_url":"https:\/\/mirora.com\/tr\/cekce-ceviri\/","og_site_name":"Mirora Translation","article_modified_time":"2025-05-14T00:57:44+00:00","og_image":[{"url":"https:\/\/themeholy.com\/wordpress\/edura\/wp-content\/uploads\/2023\/07\/cta-icon1.png","type":"","width":"","height":""}],"twitter_card":"summary_large_image","twitter_misc":{"Tahmini okuma s\u00fcresi":"1 dakika"},"schema":{"@context":"https:\/\/schema.org","@graph":[{"@type":"WebPage","@id":"https:\/\/mirora.com\/cekce-ceviri\/","url":"https:\/\/mirora.com\/cekce-ceviri\/","name":"\u00c7ek\u00e7e \u00c7eviri - Mirora Translation","isPartOf":{"@id":"https:\/\/mirora.com\/#website"},"primaryImageOfPage":{"@id":"https:\/\/mirora.com\/cekce-ceviri\/#primaryimage"},"image":{"@id":"https:\/\/mirora.com\/cekce-ceviri\/#primaryimage"},"thumbnailUrl":"https:\/\/themeholy.com\/wordpress\/edura\/wp-content\/uploads\/2023\/07\/cta-icon1.png","datePublished":"2024-05-30T22:43:35+00:00","dateModified":"2025-05-14T00:57:44+00:00","description":"Slovak\u00e7a, Leh\u00e7e ve Sorb dili ile birlikte, Hint-Avrupa Dilleri'ne ba\u011fl\u0131 Slav dillerinin Bat\u0131 kolunu olu\u015fturan dildir.","inLanguage":"tr","potentialAction":[{"@type":"ReadAction","target":["https:\/\/mirora.com\/cekce-ceviri\/"]}]},{"@type":"ImageObject","inLanguage":"tr","@id":"https:\/\/mirora.com\/cekce-ceviri\/#primaryimage","url":"https:\/\/themeholy.com\/wordpress\/edura\/wp-content\/uploads\/2023\/07\/cta-icon1.png","contentUrl":"https:\/\/themeholy.com\/wordpress\/edura\/wp-content\/uploads\/2023\/07\/cta-icon1.png"},{"@type":"WebSite","@id":"https:\/\/mirora.com\/#website","url":"https:\/\/mirora.com\/","name":"Mirora Translation","description":"We Reflect Your Originals","publisher":{"@id":"https:\/\/mirora.com\/#organization"},"potentialAction":[{"@type":"SearchAction","target":{"@type":"EntryPoint","urlTemplate":"https:\/\/mirora.com\/?s={search_term_string}"},"query-input":{"@type":"PropertyValueSpecification","valueRequired":true,"valueName":"search_term_string"}}],"inLanguage":"tr"},{"@type":"Organization","@id":"https:\/\/mirora.com\/#organization","name":"Mirora","url":"https:\/\/mirora.com\/","logo":{"@type":"ImageObject","inLanguage":"tr","@id":"https:\/\/mirora.com\/#\/schema\/logo\/image\/","url":"https:\/\/mirora.com\/wp-content\/uploads\/2023\/07\/MiroraLogo2.webp","contentUrl":"https:\/\/mirora.com\/wp-content\/uploads\/2023\/07\/MiroraLogo2.webp","width":326,"height":108,"caption":"Mirora"},"image":{"@id":"https:\/\/mirora.com\/#\/schema\/logo\/image\/"}}]}},"_links":{"self":[{"href":"https:\/\/mirora.com\/tr\/wp-json\/wp\/v2\/pages\/6797","targetHints":{"allow":["GET"]}}],"collection":[{"href":"https:\/\/mirora.com\/tr\/wp-json\/wp\/v2\/pages"}],"about":[{"href":"https:\/\/mirora.com\/tr\/wp-json\/wp\/v2\/types\/page"}],"author":[{"embeddable":true,"href":"https:\/\/mirora.com\/tr\/wp-json\/wp\/v2\/users\/1"}],"replies":[{"embeddable":true,"href":"https:\/\/mirora.com\/tr\/wp-json\/wp\/v2\/comments?post=6797"}],"version-history":[{"count":13,"href":"https:\/\/mirora.com\/tr\/wp-json\/wp\/v2\/pages\/6797\/revisions"}],"predecessor-version":[{"id":22208,"href":"https:\/\/mirora.com\/tr\/wp-json\/wp\/v2\/pages\/6797\/revisions\/22208"}],"wp:attachment":[{"href":"https:\/\/mirora.com\/tr\/wp-json\/wp\/v2\/media?parent=6797"}],"curies":[{"name":"wp","href":"https:\/\/api.w.org\/{rel}","templated":true}]}}