

{"id":6802,"date":"2024-05-31T01:48:18","date_gmt":"2024-05-30T22:48:18","guid":{"rendered":"https:\/\/mirora.com\/?page_id=6802"},"modified":"2025-05-14T03:58:01","modified_gmt":"2025-05-14T00:58:01","slug":"cince-ceviri","status":"publish","type":"page","link":"https:\/\/mirora.com\/tr\/cince-ceviri\/","title":{"rendered":"\u00c7ince \u00c7eviri"},"content":{"rendered":"\t\t<div data-elementor-type=\"wp-page\" data-elementor-id=\"6802\" class=\"elementor elementor-6802\" data-elementor-post-type=\"page\">\n\t\t\t\t<div class=\"elementor-element elementor-element-8e71fbf e-flex e-con-boxed e-con e-parent\" data-id=\"8e71fbf\" data-element_type=\"container\" data-e-type=\"container\" data-settings=\"{&quot;background_background&quot;:&quot;classic&quot;}\">\n\t\t\t\t\t<div class=\"e-con-inner\">\n\t\t\t\t<div class=\"elementor-element elementor-element-d17986c elementor-widget elementor-widget-heading\" data-id=\"d17986c\" data-element_type=\"widget\" data-e-type=\"widget\" data-widget_type=\"heading.default\">\n\t\t\t\t\t<h1 class=\"elementor-heading-title elementor-size-default\">Footer One<\/h1>\t\t\t\t<\/div>\n\t\t\t\t\t<\/div>\n\t\t\t\t<\/div>\n\t\t\t\t<section class=\"elementor-section elementor-top-section elementor-element elementor-element-7144dec elementor-section-full_width elementor-section-height-default elementor-section-height-default\" data-id=\"7144dec\" data-element_type=\"section\" data-e-type=\"section\">\n\t\t\t\t\t\t<div class=\"elementor-container elementor-column-gap-no\">\n\t\t\t\t\t<div class=\"elementor-column elementor-col-100 elementor-top-column elementor-element elementor-element-2ac3368\" data-id=\"2ac3368\" data-element_type=\"column\" data-e-type=\"column\">\n\t\t\t<div class=\"elementor-widget-wrap elementor-element-populated\">\n\t\t\t\t\t\t<section class=\"elementor-section elementor-inner-section elementor-element elementor-element-6cf5ae6 elementor-section-content-middle elementor-section-boxed elementor-section-height-default elementor-section-height-default\" data-id=\"6cf5ae6\" data-element_type=\"section\" data-e-type=\"section\">\n\t\t\t\t\t\t<div class=\"elementor-container elementor-column-gap-no\">\n\t\t\t\t\t<div class=\"elementor-column elementor-col-100 elementor-inner-column elementor-element elementor-element-309d6ce\" data-id=\"309d6ce\" data-element_type=\"column\" data-e-type=\"column\">\n\t\t\t<div class=\"elementor-widget-wrap elementor-element-populated\">\n\t\t\t\t\t\t<div class=\"elementor-element elementor-element-83a00e2 elementor-widget elementor-widget-text-editor\" data-id=\"83a00e2\" data-element_type=\"widget\" data-e-type=\"widget\" data-widget_type=\"text-editor.default\">\n\t\t\t\t\t\t\t\t\t<p><span style=\"font-family: Roboto;\">\u00c7ince, \u00c7in\u2019de ve \u00e7evresinde ya\u015fayan bir milyardan fazla ki\u015fi taraf\u0131ndan konu\u015fulan binlerce dilin t\u00fcm\u00fcne birden verilen add\u0131r ve bu diller tek bir dil say\u0131l\u0131rsa, d\u00fcnyada en \u00e7ok konu\u015fulan dildir. D\u00fcnyadaki her be\u015f ki\u015fiden birinin anadili olarak konu\u015ftu\u011fu \u00c7ince, tamamen ayr\u0131 birer dil olarak kabul edilebilecek kadar farkl\u0131 dillerden olu\u015fmu\u015ftur. En \u00e7ok konu\u015fulan\u0131 yakla\u015f\u0131k 850 milyon ki\u015finin kulland\u0131\u011f\u0131 Mandarin dilidir. \u015eanghay ve civar\u0131ndaki 90 Milyon insan taraf\u0131ndan konu\u015fulan Wu leh\u00e7esi ise ikinci s\u0131rada yer al\u0131r. G\u00f6\u00e7 eden \u00c7inliler genellikle g\u00fcney taraf\u0131ndan oldu\u011fundan, g\u00f6\u00e7men topluluklarda en \u00e7ok Kantonca kullan\u0131l\u0131r.<\/span><\/p><p><span style=\"font-family: Roboto;\">\u00c7incenin Resmi Dil Olarak Kabul Edildi\u011fi \u00dclkeler<\/span><\/p><p><span style=\"font-family: Roboto;\">\u00c7incenin Resmi dil\u00a0olarak kabul edildi\u011fi \u00fclkeler: \u00c7in, Hong Kong, Makao, Tayvan, Singapur, Burma\u2019d\u0131r. \u00c7incenin bir az\u0131nl\u0131k dili olarak tan\u0131mland\u0131\u011f\u0131 \u00fclkeler aras\u0131nda Kanada, ABD ve Malezya say\u0131labilir. \u00c7ince, d\u00fcnyan\u0131n en \u00e7ok konu\u015fulan dili oldu\u011fundan Birle\u015fmi\u015f Milletler\u2019in resm\u00ee dillerinden biri olarak kabul edilmi\u015ftir.\u00c7in yaz\u0131s\u0131 bu dile has bir yaz\u0131 sistemidir ve 3500 y\u0131l\u0131 a\u015fan bir tarihi vard\u0131r. \u00c7incedeki logogramlar yan yana gelerek kelimeyi olu\u015fturmazlar. \u00c7incede her s\u00f6zc\u00fck i\u00e7in farkl\u0131 bir logogram vard\u0131r. \u00c7incenin geleneksel ve Mao taraf\u0131ndan yapt\u0131r\u0131lan basitle\u015ftirilmi\u015f karakterleri vard\u0131r. 1954 y\u0131l\u0131ndan \u00f6nce \u00c7ince, geleneksel piktogramlardan evrilmi\u015f logogramlarla yaz\u0131l\u0131yordu. Mao liderli\u011finde yap\u0131lan K\u00fclt\u00fcr Devrimiyle logogramlar kolayla\u015ft\u0131rm\u0131\u015f ve basitle\u015ftirilmi\u015f karakterlere d\u00f6n\u00fc\u015ft\u00fcrm\u00fc\u015ft\u00fcr. \u00c7inli bir okuyucu iyi e\u011fitimliyse, be\u015f bin il\u00e2 yedi bin civar\u0131nda karakter bilir. \u00c7ince bir gazete okuyabilmek i\u00e7in ise en az \u00fc\u00e7 bin karakter \u00f6\u011frenilmesi gerekir.\u00c7in yaz\u0131s\u0131n\u0131n ilk \u00f6rnekleri \u00c7in\u2019in Shang Hanedanl\u0131\u011f\u0131 d\u00f6neminde, yakla\u015f\u0131k M\u00d6 1600 y\u0131llar\u0131na ait Fal Yaz\u0131tlar\u0131d\u0131r. \u00c7in logogramlar\u0131 daha sonra \u00c7in d\u0131\u015f\u0131nda Do\u011fu ve G\u00fcney Asya\u2019da Kore, Vietnam ve Japonya\u2019da kullan\u0131lmaya ba\u015flanm\u0131\u015ft\u0131r. 20. y\u00fczy\u0131lda Kuzey Kore ve Vietnam, \u00c7in logogramlar\u0131n\u0131 kullanmay\u0131 tamam\u0131yla b\u0131rakm\u0131\u015flard\u0131r. Bug\u00fcn G\u00fcney Kore ve Japonya\u2019da ise bu \u00fclkeler kendi yaz\u0131m sistemlerini geli\u015ftirmi\u015f olmalar\u0131na kar\u015f\u0131n \u00c7in logogramlar\u0131 h\u00e2l\u00e2 k\u0131smen kullan\u0131lmaktad\u0131r.<\/span><\/p><p><span style=\"font-family: Roboto;\">\u00c7in Yaz\u0131 Logogramlar\u0131<\/span><\/p><p><span style=\"font-family: Roboto;\">\u00c7in yaz\u0131 logogramlar\u0131 bir \u00e7e\u015fit resim yaz\u0131s\u0131ndan t\u00fcremi\u015ftir, alfabedeki gibi ses belirtmek i\u00e7in kullan\u0131lmaz. Bu nedenle farkl\u0131 dillerde de\u011fi\u015fik seslerle okunabilir; ancak anlam de\u011fi\u015fmez. Bu, ileti\u015fimi kolayla\u015ft\u0131ran bir ara\u00e7 olmu\u015ftur ve \u00c7inlilerin nas\u0131l tarih boyunca y\u00fczlerce farkl\u0131 \u00c7in leh\u00e7esini konu\u015fabildi\u011fini a\u00e7\u0131klar. Japonlar ve Koreliler ise s\u00f6z dizimi olarak \u00c7inceden tamamen farkl\u0131 dilleri konu\u015fur. Ancak temel dilbilgisi kurallar\u0131n\u0131 \u00f6\u011frendikten sonra \u00c7ince Budist yazmalar gibi belgeleri okuyabilmi\u015flerdir. Bu y\u00f6n\u00fcyle \u00c7in karakteri Uzak Do\u011fu\u2019da k\u00fclt\u00fcrel al\u0131\u015fveri\u015fin temel ta\u015f\u0131d\u0131r.1956 senesinden sonra \u00c7in\u2019de Basitle\u015ftirilmi\u015f Karakterler kullan\u0131lmaya ba\u015flanm\u0131\u015ft\u0131r. Tayvan, Hong Kong ve Makao\u2019da ise h\u00e2len Geleneksel Karakterler kullan\u0131lmaktad\u0131r.Mirora, \u00c7in halk Cumhuriyeti\u2019nde kurumsal \u00e7eviri \u015firketleriyle uzun y\u0131llard\u0131r i\u015fbirli\u011fi sa\u011flam\u0131\u015ft\u0131r. Bu sayede Mirora, d\u00fcnyan\u0131n b\u00fct\u00fcn dillerinden geleneksel ve sadele\u015ftirilmi\u015f \u00c7inceye ve \u00c7inceden d\u00fcnyan\u0131n t\u00fcm dillerine anadili hedef dil olan \u00e7eviri ekiplerince, kaliteli, h\u0131zl\u0131 g\u00fcvenilir ve rekabet\u00e7i fiyatlarla \u00e7eviri hizmeti vermektedir.<\/span><\/p>\t\t\t\t\t\t\t\t<\/div>\n\t\t\t\t\t<\/div>\n\t\t<\/div>\n\t\t\t\t\t<\/div>\n\t\t<\/section>\n\t\t\t\t\t<\/div>\n\t\t<\/div>\n\t\t\t\t\t<\/div>\n\t\t<\/section>\n\t\t<div class=\"elementor-element elementor-element-8c5d345 e-flex e-con-boxed e-con e-parent\" data-id=\"8c5d345\" data-element_type=\"container\" data-e-type=\"container\">\n\t\t\t\t\t<div class=\"e-con-inner\">\n\t\t\t\t<div class=\"elementor-element elementor-element-3a24567 elementor-widget elementor-widget-heading\" data-id=\"3a24567\" data-element_type=\"widget\" data-e-type=\"widget\" data-widget_type=\"heading.default\">\n\t\t\t\t\t<h2 class=\"elementor-heading-title elementor-size-default\">Bu Yaz\u0131lar\u0131m\u0131z \u0130lginizi \u00c7ekebilir ! Hizmetimiz ile ilgili daha fazla bilgi edinin.<\/h2>\t\t\t\t<\/div>\n\t\t\t\t<div class=\"elementor-element elementor-element-70fb378 elementor-widget-divider--view-line elementor-widget elementor-widget-divider\" data-id=\"70fb378\" data-element_type=\"widget\" data-e-type=\"widget\" data-widget_type=\"divider.default\">\n\t\t\t\t\t\t\t<div class=\"elementor-divider\">\n\t\t\t<span class=\"elementor-divider-separator\">\n\t\t\t\t\t\t<\/span>\n\t\t<\/div>\n\t\t\t\t\t\t<\/div>\n\t\t\t\t\t<\/div>\n\t\t\t\t<\/div>\n\t\t<div class=\"elementor-element elementor-element-2a03fdc e-flex e-con-boxed e-con e-parent\" data-id=\"2a03fdc\" data-element_type=\"container\" data-e-type=\"container\">\n\t\t\t\t\t<div class=\"e-con-inner\">\n\t\t<div class=\"elementor-element elementor-element-6bdd19f e-con-full e-flex e-con e-child\" data-id=\"6bdd19f\" data-element_type=\"container\" data-e-type=\"container\">\n\t\t\t\t<div class=\"elementor-element elementor-element-53f1142 premium-blog-align-left elementor-widget elementor-widget-premium-addon-blog\" data-id=\"53f1142\" data-element_type=\"widget\" data-e-type=\"widget\" data-settings=\"{&quot;premium_blog_columns_number&quot;:&quot;100%&quot;,&quot;premium_blog_grid&quot;:&quot;yes&quot;,&quot;premium_blog_layout&quot;:&quot;even&quot;,&quot;premium_blog_columns_number_tablet&quot;:&quot;50%&quot;,&quot;premium_blog_columns_number_mobile&quot;:&quot;100%&quot;}\" data-widget_type=\"premium-addon-blog.default\">\n\t\t\t\t\t\n\t\t\n\n\t\t\t\t<div class=\"premium-blog-wrap  premium-blog-even\" data-page=\"6802\">\n\t\t\t\t\t\t\t\t\t<div class=\"premium-blog-post-outer-container\" data-total=\"1\">\n\t\t\t<div class=\"premium-blog-post-container premium-blog-skin-banner\">\n\t\t\t\t\t\t\t\t\t<div class=\"premium-blog-thumb-effect-wrapper\">\n\t\t\t\t\t\t<div class=\"premium-blog-thumbnail-container premium-blog-zoomin-effect\">\n\t\t\t\t\t\t\t<img fetchpriority=\"high\" decoding=\"async\" width=\"850\" height=\"500\" src=\"https:\/\/mirora.com\/wp-content\/uploads\/2023\/04\/cince-ceviri-min.jpg\" class=\"attachment-full size-full wp-image-17146\" alt=\"\" srcset=\"https:\/\/mirora.com\/wp-content\/uploads\/2023\/04\/cince-ceviri-min.jpg 850w, https:\/\/mirora.com\/wp-content\/uploads\/2023\/04\/cince-ceviri-min-300x176.jpg 300w, https:\/\/mirora.com\/wp-content\/uploads\/2023\/04\/cince-ceviri-min-768x452.jpg 768w, https:\/\/mirora.com\/wp-content\/uploads\/2023\/04\/cince-ceviri-min-18x12.jpg 18w\" sizes=\"(max-width: 850px) 100vw, 850px\" \/>\t\t\t\t\t\t<\/div>\n\t\t\t\t\t\t\t\t\t\t\t\t\t<div class=\"premium-blog-thumbnail-overlay\">\n\t\t\t\t\t\t\t\t<a class=\"elementor-icon\" href=\"https:\/\/mirora.com\/tr\/cince-ceviri-isletmeniz-icin-ne-kadar-onemli\/\" target=\"_blank\"><\/a>\n\t\t\t\t\t\t\t<\/div>\n\n\t\t\t\t\t\t\t\t\t\t\t\t\t\t\t\t\t\t<\/div>\n\t\t\t\t\t\t\t\t\t\t\t\t<div class=\"premium-blog-content-wrapper \">\n\n\t\t\t\t\t<div class=\"premium-blog-inner-container\">\n\n\t\t\t\t\t\t\t\t\t\t\t\t\t\t<h2 class=\"premium-blog-entry-title\">\n\t\t\t<a href=\"https:\/\/mirora.com\/tr\/cince-ceviri-isletmeniz-icin-ne-kadar-onemli\/\" target=\"_blank\">\n\t\t\t\t\u00c7ince \u00c7eviri: \u0130\u015fletmeniz \u0130\u00e7in Ne Kadar \u00d6nemli?\t\t\t<\/a>\n\t\t<\/h2>\n\t\t\t\t<div class=\"premium-blog-entry-meta\">\n\t\t\t\n\t\t\t\n\t\t\t\n\t\t\t\t\t<\/div>\n\t\t\n\t\t\t\t\t<\/div>\n\n\t\t\t\t\t\t\t<div class=\"premium-blog-content-inner-wrapper\">\n\t\t<p class=\"premium-blog-post-content\">Bir i\u015fletme sahibiyseniz, i\u015fletmenizin g\u00f6r\u00fcn\u00fcrl\u00fc\u011f\u00fc art\u0131rmak i\u00e7in \u00c7ince \u00e7eviri hizmetlerini nas\u0131l kullanabilece\u011fini anlaman\u0131z \u00f6nemlidir. \u00c7ince \u00e7eviri, yaln\u0131zca \u00c7in&#8217;de yerle\u015fik i\u015fletmelerin...<\/p>\t\t<\/div>\n\t\t\t\t\t\t\t\n\t\t\t\t<\/div>\n\t\t\t<\/div>\n\t\t<\/div>\n\n\t\t\t\t\t\t\t<\/div>\n\n\t\t\n\t\t\n\t\t\t\t\t\t<\/div>\n\t\t\t\t<\/div>\n\t\t\t\t\t<\/div>\n\t\t\t\t<\/div>\n\t\t\t\t<section class=\"elementor-section elementor-top-section elementor-element elementor-element-91d946b elementor-section-full_width elementor-section-height-default elementor-section-height-default\" data-id=\"91d946b\" data-element_type=\"section\" data-e-type=\"section\">\n\t\t\t\t\t\t<div class=\"elementor-container elementor-column-gap-no\">\n\t\t\t\t\t<div class=\"elementor-column elementor-col-100 elementor-top-column elementor-element elementor-element-207c427\" data-id=\"207c427\" data-element_type=\"column\" data-e-type=\"column\">\n\t\t\t<div class=\"elementor-widget-wrap elementor-element-populated\">\n\t\t\t\t\t\t<div class=\"elementor-element elementor-element-b860bc1 elementor-widget elementor-widget-eduracta\" data-id=\"b860bc1\" data-element_type=\"widget\" data-e-type=\"widget\" data-widget_type=\"eduracta.default\">\n\t\t\t\t<div class=\"elementor-widget-container\">\n\t\t\t\t\t<div class=\"cta-area-1\" data-bg-src=\"https:\/\/themeholy.com\/wordpress\/edura\/wp-content\/uploads\/2023\/07\/cta-bg1.png\"><div class=\"container\"><div class=\"row align-items-center justify-content-between\"><div class=\"col-lg-8\"><div class=\"cta-wrap title-area mb-0\"><div class=\"cta-icon\"><img decoding=\"async\" src=\"https:\/\/themeholy.com\/wordpress\/edura\/wp-content\/uploads\/2023\/07\/cta-icon1.png\" alt=\"icon\"><\/div><div class=\"cta-content\"><h2 class=\"cta-title th-title sec-title\">Hemen Teklif Al<\/h2><p class=\"cta-text th-desc\">Markana de\u011fer katmak Mirora ile bir t\u0131k uza\u011f\u0131nda.<\/p><\/div><a href=\"https:\/\/mirora.com\/teklif-al\/\" class=\"th-btn th_btn style8\">Teklif Al!<i class=\"fa-regular fa-arrow-right ms-1\"><\/i><\/a><\/div><\/div><\/div><\/div><div class=\"cta-img-1\" data-overlay=\"title\" data-opacity=\"8\"><img decoding=\"async\" src=\"https:\/\/themeholy.com\/wordpress\/edura\/wp-content\/uploads\/2023\/07\/cta_1_1.png\" alt=\"Image\"><\/div><\/div>\t\t\t\t<\/div>\n\t\t\t\t<\/div>\n\t\t\t\t\t<\/div>\n\t\t<\/div>\n\t\t\t\t\t<\/div>\n\t\t<\/section>\n\t\t\t\t<\/div>\n\t\t","protected":false},"excerpt":{"rendered":"<p>\u00c7ince, \u00c7in\u2019de ve \u00e7evresinde ya\u015fayan bir milyardan fazla ki\u015fi taraf\u0131ndan konu\u015fulan binlerce dilin t\u00fcm\u00fcne birden verilen add\u0131r ve bu diller&#8230;<\/p>\n","protected":false},"author":1,"featured_media":0,"parent":0,"menu_order":0,"comment_status":"closed","ping_status":"closed","template":"template-builder.php","meta":{"_monsterinsights_skip_tracking":false,"_monsterinsights_sitenote_active":false,"_monsterinsights_sitenote_note":"","_monsterinsights_sitenote_category":0,"footnotes":""},"class_list":["post-6802","page","type-page","status-publish","hentry","th-blog blog-single"],"yoast_head":"<!-- This site is optimized with the Yoast SEO plugin v27.3 - https:\/\/yoast.com\/product\/yoast-seo-wordpress\/ -->\n<title>\u00c7ince \u00c7eviri - Mirora Translation<\/title>\n<meta name=\"description\" content=\"\u00c7ince \u00c7in&#039;de ve \u00e7evresinde ya\u015fayan bir milyardan fazla ki\u015fi taraf\u0131ndan konu\u015fulan binlerce dilin t\u00fcm\u00fcne birden verilen add\u0131r.\" \/>\n<meta name=\"robots\" content=\"index, follow, max-snippet:-1, max-image-preview:large, max-video-preview:-1\" \/>\n<link rel=\"canonical\" href=\"https:\/\/mirora.com\/tr\/cince-ceviri\/\" \/>\n<meta property=\"og:locale\" content=\"tr_TR\" \/>\n<meta property=\"og:type\" content=\"article\" \/>\n<meta property=\"og:title\" content=\"\u00c7ince \u00c7eviri - Mirora Translation\" \/>\n<meta property=\"og:description\" content=\"\u00c7ince \u00c7in&#039;de ve \u00e7evresinde ya\u015fayan bir milyardan fazla ki\u015fi taraf\u0131ndan konu\u015fulan binlerce dilin t\u00fcm\u00fcne birden verilen add\u0131r.\" \/>\n<meta property=\"og:url\" content=\"https:\/\/mirora.com\/tr\/cince-ceviri\/\" \/>\n<meta property=\"og:site_name\" content=\"Mirora Translation\" \/>\n<meta property=\"article:modified_time\" content=\"2025-05-14T00:58:01+00:00\" \/>\n<meta property=\"og:image\" content=\"https:\/\/mirora.com\/wp-content\/uploads\/2023\/04\/cince-ceviri-min.jpg\" \/>\n<meta name=\"twitter:card\" content=\"summary_large_image\" \/>\n<meta name=\"twitter:label1\" content=\"Tahmini okuma s\u00fcresi\" \/>\n\t<meta name=\"twitter:data1\" content=\"1 dakika\" \/>\n<script type=\"application\/ld+json\" class=\"yoast-schema-graph\">{\"@context\":\"https:\\\/\\\/schema.org\",\"@graph\":[{\"@type\":\"WebPage\",\"@id\":\"https:\\\/\\\/mirora.com\\\/cince-ceviri\\\/\",\"url\":\"https:\\\/\\\/mirora.com\\\/cince-ceviri\\\/\",\"name\":\"\u00c7ince \u00c7eviri - Mirora Translation\",\"isPartOf\":{\"@id\":\"https:\\\/\\\/mirora.com\\\/#website\"},\"primaryImageOfPage\":{\"@id\":\"https:\\\/\\\/mirora.com\\\/cince-ceviri\\\/#primaryimage\"},\"image\":{\"@id\":\"https:\\\/\\\/mirora.com\\\/cince-ceviri\\\/#primaryimage\"},\"thumbnailUrl\":\"https:\\\/\\\/mirora.com\\\/wp-content\\\/uploads\\\/2023\\\/04\\\/cince-ceviri-min.jpg\",\"datePublished\":\"2024-05-30T22:48:18+00:00\",\"dateModified\":\"2025-05-14T00:58:01+00:00\",\"description\":\"\u00c7ince \u00c7in'de ve \u00e7evresinde ya\u015fayan bir milyardan fazla ki\u015fi taraf\u0131ndan konu\u015fulan binlerce dilin t\u00fcm\u00fcne birden verilen add\u0131r.\",\"inLanguage\":\"tr\",\"potentialAction\":[{\"@type\":\"ReadAction\",\"target\":[\"https:\\\/\\\/mirora.com\\\/cince-ceviri\\\/\"]}]},{\"@type\":\"ImageObject\",\"inLanguage\":\"tr\",\"@id\":\"https:\\\/\\\/mirora.com\\\/cince-ceviri\\\/#primaryimage\",\"url\":\"https:\\\/\\\/mirora.com\\\/wp-content\\\/uploads\\\/2023\\\/04\\\/cince-ceviri-min.jpg\",\"contentUrl\":\"https:\\\/\\\/mirora.com\\\/wp-content\\\/uploads\\\/2023\\\/04\\\/cince-ceviri-min.jpg\"},{\"@type\":\"WebSite\",\"@id\":\"https:\\\/\\\/mirora.com\\\/#website\",\"url\":\"https:\\\/\\\/mirora.com\\\/\",\"name\":\"Mirora Translation\",\"description\":\"We Reflect Your Originals\",\"publisher\":{\"@id\":\"https:\\\/\\\/mirora.com\\\/#organization\"},\"potentialAction\":[{\"@type\":\"SearchAction\",\"target\":{\"@type\":\"EntryPoint\",\"urlTemplate\":\"https:\\\/\\\/mirora.com\\\/?s={search_term_string}\"},\"query-input\":{\"@type\":\"PropertyValueSpecification\",\"valueRequired\":true,\"valueName\":\"search_term_string\"}}],\"inLanguage\":\"tr\"},{\"@type\":\"Organization\",\"@id\":\"https:\\\/\\\/mirora.com\\\/#organization\",\"name\":\"Mirora\",\"url\":\"https:\\\/\\\/mirora.com\\\/\",\"logo\":{\"@type\":\"ImageObject\",\"inLanguage\":\"tr\",\"@id\":\"https:\\\/\\\/mirora.com\\\/#\\\/schema\\\/logo\\\/image\\\/\",\"url\":\"https:\\\/\\\/mirora.com\\\/wp-content\\\/uploads\\\/2023\\\/07\\\/MiroraLogo2.webp\",\"contentUrl\":\"https:\\\/\\\/mirora.com\\\/wp-content\\\/uploads\\\/2023\\\/07\\\/MiroraLogo2.webp\",\"width\":326,\"height\":108,\"caption\":\"Mirora\"},\"image\":{\"@id\":\"https:\\\/\\\/mirora.com\\\/#\\\/schema\\\/logo\\\/image\\\/\"}}]}<\/script>\n<!-- \/ Yoast SEO plugin. -->","yoast_head_json":{"title":"\u00c7ince \u00c7eviri - Mirora Translation","description":"\u00c7ince \u00c7in'de ve \u00e7evresinde ya\u015fayan bir milyardan fazla ki\u015fi taraf\u0131ndan konu\u015fulan binlerce dilin t\u00fcm\u00fcne birden verilen add\u0131r.","robots":{"index":"index","follow":"follow","max-snippet":"max-snippet:-1","max-image-preview":"max-image-preview:large","max-video-preview":"max-video-preview:-1"},"canonical":"https:\/\/mirora.com\/tr\/cince-ceviri\/","og_locale":"tr_TR","og_type":"article","og_title":"\u00c7ince \u00c7eviri - Mirora Translation","og_description":"\u00c7ince \u00c7in'de ve \u00e7evresinde ya\u015fayan bir milyardan fazla ki\u015fi taraf\u0131ndan konu\u015fulan binlerce dilin t\u00fcm\u00fcne birden verilen add\u0131r.","og_url":"https:\/\/mirora.com\/tr\/cince-ceviri\/","og_site_name":"Mirora Translation","article_modified_time":"2025-05-14T00:58:01+00:00","og_image":[{"url":"https:\/\/mirora.com\/wp-content\/uploads\/2023\/04\/cince-ceviri-min.jpg","type":"","width":"","height":""}],"twitter_card":"summary_large_image","twitter_misc":{"Tahmini okuma s\u00fcresi":"1 dakika"},"schema":{"@context":"https:\/\/schema.org","@graph":[{"@type":"WebPage","@id":"https:\/\/mirora.com\/cince-ceviri\/","url":"https:\/\/mirora.com\/cince-ceviri\/","name":"\u00c7ince \u00c7eviri - Mirora Translation","isPartOf":{"@id":"https:\/\/mirora.com\/#website"},"primaryImageOfPage":{"@id":"https:\/\/mirora.com\/cince-ceviri\/#primaryimage"},"image":{"@id":"https:\/\/mirora.com\/cince-ceviri\/#primaryimage"},"thumbnailUrl":"https:\/\/mirora.com\/wp-content\/uploads\/2023\/04\/cince-ceviri-min.jpg","datePublished":"2024-05-30T22:48:18+00:00","dateModified":"2025-05-14T00:58:01+00:00","description":"\u00c7ince \u00c7in'de ve \u00e7evresinde ya\u015fayan bir milyardan fazla ki\u015fi taraf\u0131ndan konu\u015fulan binlerce dilin t\u00fcm\u00fcne birden verilen add\u0131r.","inLanguage":"tr","potentialAction":[{"@type":"ReadAction","target":["https:\/\/mirora.com\/cince-ceviri\/"]}]},{"@type":"ImageObject","inLanguage":"tr","@id":"https:\/\/mirora.com\/cince-ceviri\/#primaryimage","url":"https:\/\/mirora.com\/wp-content\/uploads\/2023\/04\/cince-ceviri-min.jpg","contentUrl":"https:\/\/mirora.com\/wp-content\/uploads\/2023\/04\/cince-ceviri-min.jpg"},{"@type":"WebSite","@id":"https:\/\/mirora.com\/#website","url":"https:\/\/mirora.com\/","name":"Mirora Translation","description":"We Reflect Your Originals","publisher":{"@id":"https:\/\/mirora.com\/#organization"},"potentialAction":[{"@type":"SearchAction","target":{"@type":"EntryPoint","urlTemplate":"https:\/\/mirora.com\/?s={search_term_string}"},"query-input":{"@type":"PropertyValueSpecification","valueRequired":true,"valueName":"search_term_string"}}],"inLanguage":"tr"},{"@type":"Organization","@id":"https:\/\/mirora.com\/#organization","name":"Mirora","url":"https:\/\/mirora.com\/","logo":{"@type":"ImageObject","inLanguage":"tr","@id":"https:\/\/mirora.com\/#\/schema\/logo\/image\/","url":"https:\/\/mirora.com\/wp-content\/uploads\/2023\/07\/MiroraLogo2.webp","contentUrl":"https:\/\/mirora.com\/wp-content\/uploads\/2023\/07\/MiroraLogo2.webp","width":326,"height":108,"caption":"Mirora"},"image":{"@id":"https:\/\/mirora.com\/#\/schema\/logo\/image\/"}}]}},"_links":{"self":[{"href":"https:\/\/mirora.com\/tr\/wp-json\/wp\/v2\/pages\/6802","targetHints":{"allow":["GET"]}}],"collection":[{"href":"https:\/\/mirora.com\/tr\/wp-json\/wp\/v2\/pages"}],"about":[{"href":"https:\/\/mirora.com\/tr\/wp-json\/wp\/v2\/types\/page"}],"author":[{"embeddable":true,"href":"https:\/\/mirora.com\/tr\/wp-json\/wp\/v2\/users\/1"}],"replies":[{"embeddable":true,"href":"https:\/\/mirora.com\/tr\/wp-json\/wp\/v2\/comments?post=6802"}],"version-history":[{"count":13,"href":"https:\/\/mirora.com\/tr\/wp-json\/wp\/v2\/pages\/6802\/revisions"}],"predecessor-version":[{"id":22211,"href":"https:\/\/mirora.com\/tr\/wp-json\/wp\/v2\/pages\/6802\/revisions\/22211"}],"wp:attachment":[{"href":"https:\/\/mirora.com\/tr\/wp-json\/wp\/v2\/media?parent=6802"}],"curies":[{"name":"wp","href":"https:\/\/api.w.org\/{rel}","templated":true}]}}