

{"id":6808,"date":"2024-05-31T01:50:51","date_gmt":"2024-05-30T22:50:51","guid":{"rendered":"https:\/\/mirora.com\/?page_id=6808"},"modified":"2025-05-14T03:58:35","modified_gmt":"2025-05-14T00:58:35","slug":"farsca-ceviri","status":"publish","type":"page","link":"https:\/\/mirora.com\/tr\/farsca-ceviri\/","title":{"rendered":"Fars\u00e7a \u00c7eviri"},"content":{"rendered":"\t\t<div data-elementor-type=\"wp-page\" data-elementor-id=\"6808\" class=\"elementor elementor-6808\" data-elementor-post-type=\"page\">\n\t\t\t\t<div class=\"elementor-element elementor-element-447783f e-flex e-con-boxed e-con e-parent\" data-id=\"447783f\" data-element_type=\"container\" data-e-type=\"container\" data-settings=\"{&quot;background_background&quot;:&quot;classic&quot;}\">\n\t\t\t\t\t<div class=\"e-con-inner\">\n\t\t\t\t<div class=\"elementor-element elementor-element-a5029ae elementor-widget elementor-widget-heading\" data-id=\"a5029ae\" data-element_type=\"widget\" data-e-type=\"widget\" data-widget_type=\"heading.default\">\n\t\t\t\t\t<h1 class=\"elementor-heading-title elementor-size-default\">Footer One<\/h1>\t\t\t\t<\/div>\n\t\t\t\t\t<\/div>\n\t\t\t\t<\/div>\n\t\t\t\t<section class=\"elementor-section elementor-top-section elementor-element elementor-element-7144dec elementor-section-full_width elementor-section-height-default elementor-section-height-default\" data-id=\"7144dec\" data-element_type=\"section\" data-e-type=\"section\">\n\t\t\t\t\t\t<div class=\"elementor-container elementor-column-gap-no\">\n\t\t\t\t\t<div class=\"elementor-column elementor-col-100 elementor-top-column elementor-element elementor-element-2ac3368\" data-id=\"2ac3368\" data-element_type=\"column\" data-e-type=\"column\">\n\t\t\t<div class=\"elementor-widget-wrap elementor-element-populated\">\n\t\t\t\t\t\t<section class=\"elementor-section elementor-inner-section elementor-element elementor-element-6cf5ae6 elementor-section-content-middle elementor-section-boxed elementor-section-height-default elementor-section-height-default\" data-id=\"6cf5ae6\" data-element_type=\"section\" data-e-type=\"section\">\n\t\t\t\t\t\t<div class=\"elementor-container elementor-column-gap-no\">\n\t\t\t\t\t<div class=\"elementor-column elementor-col-100 elementor-inner-column elementor-element elementor-element-309d6ce\" data-id=\"309d6ce\" data-element_type=\"column\" data-e-type=\"column\">\n\t\t\t<div class=\"elementor-widget-wrap elementor-element-populated\">\n\t\t\t\t\t\t<div class=\"elementor-element elementor-element-83a00e2 elementor-widget elementor-widget-text-editor\" data-id=\"83a00e2\" data-element_type=\"widget\" data-e-type=\"widget\" data-widget_type=\"text-editor.default\">\n\t\t\t\t\t\t\t\t\t<p>Fars\u00e7a, \u0130ran, Afganistan, Tacikistan, \u00d6zbekistan ve Basra K\u00f6rfezi \u00fclkelerinde konu\u015fulan Hint-Avrupa dil ailesine mensup dildir. Hint-Avrupa dil ailesinin bir kolu olan Hint-\u0130ran dillerinin \u0130ran \u00f6be\u011fine ba\u011fl\u0131d\u0131r. Antik Pers halk\u0131n\u0131n konu\u015ftu\u011fu dilden t\u00fcremi\u015ftir. Fars\u00e7a ve leh\u00e7eleri \u0130ran, Afganistan ve Tacikistan\u2019da resm\u00ee dil stat\u00fcs\u00fcndedir. Yakla\u015f\u0131k y\u00fcz milyon ki\u015finin anadili Fars\u00e7ad\u0131r. Hindistan ve Pakistan ba\u015fta olmak \u00fczere di\u011fer \u00fclkelerde de bir o kadar daha ki\u015finin bu dili konu\u015ftu\u011fu tahmin edilmektedir.<\/p><p>Fars\u00e7a, y\u00fczy\u0131llar boyunca Orta Asya, G\u00fcney Asya ve Orta Do\u011fu\u2019da sayg\u0131n bir k\u00fclt\u00fcr dili olmu\u015ftur ve kom\u015fu \u00fclkelerin dillerini, \u00f6zellikle de Orta Asya, Kafkasya ve Anadolu\u2019daki T\u00fcrk dillerini etkilemi\u015ftir. Arap\u00e7a ve Mezopotamya dilleri \u00fczerindeki etkisi ise daha azd\u0131r.<\/p><p>Fars\u00e7a, \u0130slam D\u00fcnyas\u0131\u2019n\u0131n ikinci k\u00fclt\u00fcr dilidir. \u0130slam kl\u00e2siklerinin \u00f6zellikle tasavvufla ilgili olanlar\u0131 bu dilde yaz\u0131lm\u0131\u015ft\u0131r. \u015eiirsel ve melodik a\u011f\u0131rl\u0131\u011f\u0131 olan bir dildir. \u0130ngiliz s\u00f6m\u00fcrgecili\u011finden be\u015f y\u00fcz y\u0131l \u00f6nce Hindistan ve civar\u0131nda ikinci dil olarak yayg\u0131n bir \u015fekilde kullan\u0131lmaktayd\u0131. G\u00fcney Asya\u2019da k\u00fclt\u00fcr ve edebiyat dili kabul edilmi\u015fti. Mo\u011fol \u0130mparatorlu\u011fu zaman\u0131nda ise resm\u00ee dil oldu.<\/p><p>Fars\u00e7a\u2019n\u0131n b\u00f6lgedeki tarihsel etkilerinin kan\u0131t\u0131 Hindustani, Ke\u015fmirce, Punjabi, Sindhi, Gujarati, Bengali ve hatta Telugu dilleri \u00fczerindeki s\u00fcregelen etkisinden ve b\u00f6lgede \u0130ran edebiyat\u0131n\u0131n h\u00e2l\u00e2 sevilmesinden anla\u015f\u0131labilir. \u00d6zellikle Urduca, Fars\u00e7an\u0131n Arap\u00e7a, T\u00fcrk\u00e7e ve G\u00fcney Asya\u2019n\u0131n b\u00f6lgesel dillerinin kombinasyonudur. Hindistan Mo\u011fol \u0130mparatorlu\u011fu\u2019nun M\u00fcsl\u00fcman b\u00f6lgelerinde yo\u011fun bir \u015fekilde kullan\u0131lm\u0131\u015ft\u0131r. Fars\u00e7a, M.\u00d6. 550-330 y\u0131llar\u0131 aras\u0131nda \u0130ran\u2019da h\u00fck\u00fcm s\u00fcren Pers halk\u0131n\u0131n konu\u015ftu\u011fu dilden gelmektedir. Osmanl\u0131\u2019da F\u00e2ris\u00ee, Fars\u00ee, Pars\u00e7a, Pars\u00ee olarak adland\u0131r\u0131lm\u0131\u015ft\u0131r. Pers \u0130mparatorlu\u011funun resm\u00ee dili oldu\u011fu d\u00f6nemde imparatorluk s\u0131n\u0131rlar\u0131 i\u00e7erisinde \u00e7ok geni\u015f bir b\u00f6lgede konu\u015fulmaktayd\u0131. 18. y\u00fczy\u0131lda \u0130ngilizler yasaklayana kadar Hindistan\u2019daki mahkemelerde resm\u00ee dildi.<\/p><p>Fars\u00e7a \u00c7eviri Hizmeti<\/p><p>Mirora \u0130ran\u2019daki kurumsal \u00e7eviri \u015firketleriyle uzun y\u0131llard\u0131r i\u015fbirli\u011fi sa\u011flam\u0131\u015ft\u0131r. Bu sayede Mirora, \u00f6zellikle \u0130ngilizceyi tampon dil olarak kullanarak, d\u00fcnyan\u0131n b\u00fct\u00fcn dillerinden Fars\u00e7aya ve Fars\u00e7adan d\u00fcnyan\u0131n t\u00fcm dillerine profesyonel \u00e7eviri ekiplerince, kaliteli, h\u0131zl\u0131, g\u00fcvenilir ve rekabet\u00e7i fiyatlarla \u00e7eviri hizmeti vermektedir.<\/p>\t\t\t\t\t\t\t\t<\/div>\n\t\t\t\t\t<\/div>\n\t\t<\/div>\n\t\t\t\t\t<\/div>\n\t\t<\/section>\n\t\t\t\t\t<\/div>\n\t\t<\/div>\n\t\t\t\t\t<\/div>\n\t\t<\/section>\n\t\t<div class=\"elementor-element elementor-element-eb1095e e-flex e-con-boxed e-con e-parent\" data-id=\"eb1095e\" data-element_type=\"container\" data-e-type=\"container\">\n\t\t\t\t\t<div class=\"e-con-inner\">\n\t\t\t\t<div class=\"elementor-element elementor-element-690bbdc elementor-widget elementor-widget-heading\" data-id=\"690bbdc\" data-element_type=\"widget\" data-e-type=\"widget\" data-widget_type=\"heading.default\">\n\t\t\t\t\t<h2 class=\"elementor-heading-title elementor-size-default\">Bu Yaz\u0131lar\u0131m\u0131z \u0130lginizi \u00c7ekebilir ! Hizmetimiz ile ilgili daha fazla bilgi edinin.<\/h2>\t\t\t\t<\/div>\n\t\t\t\t<div class=\"elementor-element elementor-element-ecad38d elementor-widget-divider--view-line elementor-widget elementor-widget-divider\" data-id=\"ecad38d\" data-element_type=\"widget\" data-e-type=\"widget\" data-widget_type=\"divider.default\">\n\t\t\t\t\t\t\t<div class=\"elementor-divider\">\n\t\t\t<span class=\"elementor-divider-separator\">\n\t\t\t\t\t\t<\/span>\n\t\t<\/div>\n\t\t\t\t\t\t<\/div>\n\t\t\t\t\t<\/div>\n\t\t\t\t<\/div>\n\t\t<div class=\"elementor-element elementor-element-94e95b3 e-flex e-con-boxed e-con e-parent\" data-id=\"94e95b3\" data-element_type=\"container\" data-e-type=\"container\">\n\t\t\t\t\t<div class=\"e-con-inner\">\n\t\t<div class=\"elementor-element elementor-element-6a4bcc3 e-con-full e-flex e-con e-child\" data-id=\"6a4bcc3\" data-element_type=\"container\" data-e-type=\"container\">\n\t\t\t\t<div class=\"elementor-element elementor-element-b705c89 premium-blog-align-left elementor-widget elementor-widget-premium-addon-blog\" data-id=\"b705c89\" data-element_type=\"widget\" data-e-type=\"widget\" data-settings=\"{&quot;premium_blog_columns_number&quot;:&quot;100%&quot;,&quot;premium_blog_grid&quot;:&quot;yes&quot;,&quot;premium_blog_layout&quot;:&quot;even&quot;,&quot;premium_blog_columns_number_tablet&quot;:&quot;50%&quot;,&quot;premium_blog_columns_number_mobile&quot;:&quot;100%&quot;}\" data-widget_type=\"premium-addon-blog.default\">\n\t\t\t\t\t\n\t\t\n\n\t\t\t\t<div class=\"premium-blog-wrap  premium-blog-even\" data-page=\"6808\">\n\t\t\t\t\t\t\t\t\t<div class=\"premium-blog-post-outer-container\" data-total=\"1\">\n\t\t\t<div class=\"premium-blog-post-container premium-blog-skin-banner\">\n\t\t\t\t\t\t\t\t\t<div class=\"premium-blog-thumb-effect-wrapper\">\n\t\t\t\t\t\t<div class=\"premium-blog-thumbnail-container premium-blog-zoomin-effect\">\n\t\t\t\t\t\t\t<img fetchpriority=\"high\" decoding=\"async\" width=\"1024\" height=\"576\" src=\"https:\/\/mirora.com\/wp-content\/uploads\/2021\/11\/blog-turkceden-farscaya-ceviri-min-1024x576-1.jpg\" class=\"attachment-full size-full wp-image-17288\" alt=\"\" srcset=\"https:\/\/mirora.com\/wp-content\/uploads\/2021\/11\/blog-turkceden-farscaya-ceviri-min-1024x576-1.jpg 1024w, https:\/\/mirora.com\/wp-content\/uploads\/2021\/11\/blog-turkceden-farscaya-ceviri-min-1024x576-1-300x169.jpg 300w, https:\/\/mirora.com\/wp-content\/uploads\/2021\/11\/blog-turkceden-farscaya-ceviri-min-1024x576-1-768x432.jpg 768w, https:\/\/mirora.com\/wp-content\/uploads\/2021\/11\/blog-turkceden-farscaya-ceviri-min-1024x576-1-18x10.jpg 18w\" sizes=\"(max-width: 1024px) 100vw, 1024px\" \/>\t\t\t\t\t\t<\/div>\n\t\t\t\t\t\t\t\t\t\t\t\t\t<div class=\"premium-blog-thumbnail-overlay\">\n\t\t\t\t\t\t\t\t<a class=\"elementor-icon\" href=\"https:\/\/mirora.com\/tr\/turkce-farsca-ceviri\/\" target=\"_blank\"><\/a>\n\t\t\t\t\t\t\t<\/div>\n\n\t\t\t\t\t\t\t\t\t\t\t\t\t\t\t\t\t\t<\/div>\n\t\t\t\t\t\t\t\t\t\t\t\t<div class=\"premium-blog-content-wrapper \">\n\n\t\t\t\t\t<div class=\"premium-blog-inner-container\">\n\n\t\t\t\t\t\t\t\t\t\t\t\t\t\t<h2 class=\"premium-blog-entry-title\">\n\t\t\t<a href=\"https:\/\/mirora.com\/tr\/turkce-farsca-ceviri\/\" target=\"_blank\">\n\t\t\t\tT\u00fcrk\u00e7e Fars\u00e7a \u00c7eviri\t\t\t<\/a>\n\t\t<\/h2>\n\t\t\t\t<div class=\"premium-blog-entry-meta\">\n\t\t\t\n\t\t\t\n\t\t\t\n\t\t\t\t\t<\/div>\n\t\t\n\t\t\t\t\t<\/div>\n\n\t\t\t\t\t\t\t<div class=\"premium-blog-content-inner-wrapper\">\n\t\t<p class=\"premium-blog-post-content\">Diller, toplumlar\u0131n tarih boyunca ya\u015fad\u0131\u011f\u0131 olaylar\u0131 bizlere aktarmada \u00f6nemli bir ara\u00e7t\u0131r ve tarih ve dil birbirlerinden ba\u011f\u0131ms\u0131z d\u00fc\u015f\u00fcn\u00fcl\u00fcrse birinden biri...<\/p>\t\t<\/div>\n\t\t\t\t\t\t\t\n\t\t\t\t<\/div>\n\t\t\t<\/div>\n\t\t<\/div>\n\n\t\t\t\t\t\t\t<\/div>\n\n\t\t\n\t\t\n\t\t\t\t\t\t<\/div>\n\t\t\t\t<\/div>\n\t\t\t\t\t<\/div>\n\t\t\t\t<\/div>\n\t\t\t\t<section class=\"elementor-section elementor-top-section elementor-element elementor-element-91d946b elementor-section-full_width elementor-section-height-default elementor-section-height-default\" data-id=\"91d946b\" data-element_type=\"section\" data-e-type=\"section\">\n\t\t\t\t\t\t<div class=\"elementor-container elementor-column-gap-no\">\n\t\t\t\t\t<div class=\"elementor-column elementor-col-100 elementor-top-column elementor-element elementor-element-207c427\" data-id=\"207c427\" data-element_type=\"column\" data-e-type=\"column\">\n\t\t\t<div class=\"elementor-widget-wrap elementor-element-populated\">\n\t\t\t\t\t\t<div class=\"elementor-element elementor-element-b860bc1 elementor-widget elementor-widget-eduracta\" data-id=\"b860bc1\" data-element_type=\"widget\" data-e-type=\"widget\" data-widget_type=\"eduracta.default\">\n\t\t\t\t<div class=\"elementor-widget-container\">\n\t\t\t\t\t<div class=\"cta-area-1\" data-bg-src=\"https:\/\/themeholy.com\/wordpress\/edura\/wp-content\/uploads\/2023\/07\/cta-bg1.png\"><div class=\"container\"><div class=\"row align-items-center justify-content-between\"><div class=\"col-lg-8\"><div class=\"cta-wrap title-area mb-0\"><div class=\"cta-icon\"><img decoding=\"async\" src=\"https:\/\/themeholy.com\/wordpress\/edura\/wp-content\/uploads\/2023\/07\/cta-icon1.png\" alt=\"icon\"><\/div><div class=\"cta-content\"><h2 class=\"cta-title th-title sec-title\">Hemen Teklif Al<\/h2><p class=\"cta-text th-desc\">Markana de\u011fer katmak Mirora ile bir t\u0131k uza\u011f\u0131nda.<\/p><\/div><a href=\"https:\/\/mirora.com\/teklif-al\/\" class=\"th-btn th_btn style8\">Teklif Al!<i class=\"fa-regular fa-arrow-right ms-1\"><\/i><\/a><\/div><\/div><\/div><\/div><div class=\"cta-img-1\" data-overlay=\"title\" data-opacity=\"8\"><img decoding=\"async\" src=\"https:\/\/themeholy.com\/wordpress\/edura\/wp-content\/uploads\/2023\/07\/cta_1_1.png\" alt=\"Image\"><\/div><\/div>\t\t\t\t<\/div>\n\t\t\t\t<\/div>\n\t\t\t\t\t<\/div>\n\t\t<\/div>\n\t\t\t\t\t<\/div>\n\t\t<\/section>\n\t\t\t\t<\/div>\n\t\t","protected":false},"excerpt":{"rendered":"<p>Fars\u00e7a, \u0130ran, Afganistan, Tacikistan, \u00d6zbekistan ve Basra K\u00f6rfezi \u00fclkelerinde konu\u015fulan Hint-Avrupa dil ailesine mensup dildir. Hint-Avrupa dil ailesinin bir kolu&#8230;<\/p>\n","protected":false},"author":1,"featured_media":0,"parent":0,"menu_order":0,"comment_status":"closed","ping_status":"closed","template":"template-builder.php","meta":{"_monsterinsights_skip_tracking":false,"_monsterinsights_sitenote_active":false,"_monsterinsights_sitenote_note":"","_monsterinsights_sitenote_category":0,"footnotes":""},"class_list":["post-6808","page","type-page","status-publish","hentry","th-blog blog-single"],"yoast_head":"<!-- This site is optimized with the Yoast SEO plugin v27.3 - https:\/\/yoast.com\/product\/yoast-seo-wordpress\/ -->\n<title>Fars\u00e7a \u00c7eviri - Mirora Translation<\/title>\n<meta name=\"description\" content=\"Fars\u00e7a, \u0130ran, Afganistan, Tacikistan, \u00d6zbekistan ve Basra K\u00f6rfezi \u00fclkelerinde konu\u015fulan Hint-Avrupa dil ailesine mensup dildir.\" \/>\n<meta name=\"robots\" content=\"index, follow, max-snippet:-1, max-image-preview:large, max-video-preview:-1\" \/>\n<link rel=\"canonical\" href=\"https:\/\/mirora.com\/tr\/farsca-ceviri\/\" \/>\n<meta property=\"og:locale\" content=\"tr_TR\" \/>\n<meta property=\"og:type\" content=\"article\" \/>\n<meta property=\"og:title\" content=\"Fars\u00e7a \u00c7eviri - Mirora Translation\" \/>\n<meta property=\"og:description\" content=\"Fars\u00e7a, \u0130ran, Afganistan, Tacikistan, \u00d6zbekistan ve Basra K\u00f6rfezi \u00fclkelerinde konu\u015fulan Hint-Avrupa dil ailesine mensup dildir.\" \/>\n<meta property=\"og:url\" content=\"https:\/\/mirora.com\/tr\/farsca-ceviri\/\" \/>\n<meta property=\"og:site_name\" content=\"Mirora Translation\" \/>\n<meta property=\"article:modified_time\" content=\"2025-05-14T00:58:35+00:00\" \/>\n<meta property=\"og:image\" content=\"https:\/\/mirora.com\/wp-content\/uploads\/2021\/11\/blog-turkceden-farscaya-ceviri-min-1024x576-1.jpg\" \/>\n<meta name=\"twitter:card\" content=\"summary_large_image\" \/>\n<meta name=\"twitter:label1\" content=\"Tahmini okuma s\u00fcresi\" \/>\n\t<meta name=\"twitter:data1\" content=\"1 dakika\" \/>\n<script type=\"application\/ld+json\" class=\"yoast-schema-graph\">{\"@context\":\"https:\\\/\\\/schema.org\",\"@graph\":[{\"@type\":\"WebPage\",\"@id\":\"https:\\\/\\\/mirora.com\\\/farsca-ceviri\\\/\",\"url\":\"https:\\\/\\\/mirora.com\\\/farsca-ceviri\\\/\",\"name\":\"Fars\u00e7a \u00c7eviri - Mirora Translation\",\"isPartOf\":{\"@id\":\"https:\\\/\\\/mirora.com\\\/#website\"},\"primaryImageOfPage\":{\"@id\":\"https:\\\/\\\/mirora.com\\\/farsca-ceviri\\\/#primaryimage\"},\"image\":{\"@id\":\"https:\\\/\\\/mirora.com\\\/farsca-ceviri\\\/#primaryimage\"},\"thumbnailUrl\":\"https:\\\/\\\/mirora.com\\\/wp-content\\\/uploads\\\/2021\\\/11\\\/blog-turkceden-farscaya-ceviri-min-1024x576-1.jpg\",\"datePublished\":\"2024-05-30T22:50:51+00:00\",\"dateModified\":\"2025-05-14T00:58:35+00:00\",\"description\":\"Fars\u00e7a, \u0130ran, Afganistan, Tacikistan, \u00d6zbekistan ve Basra K\u00f6rfezi \u00fclkelerinde konu\u015fulan Hint-Avrupa dil ailesine mensup dildir.\",\"inLanguage\":\"tr\",\"potentialAction\":[{\"@type\":\"ReadAction\",\"target\":[\"https:\\\/\\\/mirora.com\\\/farsca-ceviri\\\/\"]}]},{\"@type\":\"ImageObject\",\"inLanguage\":\"tr\",\"@id\":\"https:\\\/\\\/mirora.com\\\/farsca-ceviri\\\/#primaryimage\",\"url\":\"https:\\\/\\\/mirora.com\\\/wp-content\\\/uploads\\\/2021\\\/11\\\/blog-turkceden-farscaya-ceviri-min-1024x576-1.jpg\",\"contentUrl\":\"https:\\\/\\\/mirora.com\\\/wp-content\\\/uploads\\\/2021\\\/11\\\/blog-turkceden-farscaya-ceviri-min-1024x576-1.jpg\"},{\"@type\":\"WebSite\",\"@id\":\"https:\\\/\\\/mirora.com\\\/#website\",\"url\":\"https:\\\/\\\/mirora.com\\\/\",\"name\":\"Mirora Translation\",\"description\":\"We Reflect Your Originals\",\"publisher\":{\"@id\":\"https:\\\/\\\/mirora.com\\\/#organization\"},\"potentialAction\":[{\"@type\":\"SearchAction\",\"target\":{\"@type\":\"EntryPoint\",\"urlTemplate\":\"https:\\\/\\\/mirora.com\\\/?s={search_term_string}\"},\"query-input\":{\"@type\":\"PropertyValueSpecification\",\"valueRequired\":true,\"valueName\":\"search_term_string\"}}],\"inLanguage\":\"tr\"},{\"@type\":\"Organization\",\"@id\":\"https:\\\/\\\/mirora.com\\\/#organization\",\"name\":\"Mirora\",\"url\":\"https:\\\/\\\/mirora.com\\\/\",\"logo\":{\"@type\":\"ImageObject\",\"inLanguage\":\"tr\",\"@id\":\"https:\\\/\\\/mirora.com\\\/#\\\/schema\\\/logo\\\/image\\\/\",\"url\":\"https:\\\/\\\/mirora.com\\\/wp-content\\\/uploads\\\/2023\\\/07\\\/MiroraLogo2.webp\",\"contentUrl\":\"https:\\\/\\\/mirora.com\\\/wp-content\\\/uploads\\\/2023\\\/07\\\/MiroraLogo2.webp\",\"width\":326,\"height\":108,\"caption\":\"Mirora\"},\"image\":{\"@id\":\"https:\\\/\\\/mirora.com\\\/#\\\/schema\\\/logo\\\/image\\\/\"}}]}<\/script>\n<!-- \/ Yoast SEO plugin. -->","yoast_head_json":{"title":"Fars\u00e7a \u00c7eviri - Mirora Translation","description":"Fars\u00e7a, \u0130ran, Afganistan, Tacikistan, \u00d6zbekistan ve Basra K\u00f6rfezi \u00fclkelerinde konu\u015fulan Hint-Avrupa dil ailesine mensup dildir.","robots":{"index":"index","follow":"follow","max-snippet":"max-snippet:-1","max-image-preview":"max-image-preview:large","max-video-preview":"max-video-preview:-1"},"canonical":"https:\/\/mirora.com\/tr\/farsca-ceviri\/","og_locale":"tr_TR","og_type":"article","og_title":"Fars\u00e7a \u00c7eviri - Mirora Translation","og_description":"Fars\u00e7a, \u0130ran, Afganistan, Tacikistan, \u00d6zbekistan ve Basra K\u00f6rfezi \u00fclkelerinde konu\u015fulan Hint-Avrupa dil ailesine mensup dildir.","og_url":"https:\/\/mirora.com\/tr\/farsca-ceviri\/","og_site_name":"Mirora Translation","article_modified_time":"2025-05-14T00:58:35+00:00","og_image":[{"url":"https:\/\/mirora.com\/wp-content\/uploads\/2021\/11\/blog-turkceden-farscaya-ceviri-min-1024x576-1.jpg","type":"","width":"","height":""}],"twitter_card":"summary_large_image","twitter_misc":{"Tahmini okuma s\u00fcresi":"1 dakika"},"schema":{"@context":"https:\/\/schema.org","@graph":[{"@type":"WebPage","@id":"https:\/\/mirora.com\/farsca-ceviri\/","url":"https:\/\/mirora.com\/farsca-ceviri\/","name":"Fars\u00e7a \u00c7eviri - Mirora Translation","isPartOf":{"@id":"https:\/\/mirora.com\/#website"},"primaryImageOfPage":{"@id":"https:\/\/mirora.com\/farsca-ceviri\/#primaryimage"},"image":{"@id":"https:\/\/mirora.com\/farsca-ceviri\/#primaryimage"},"thumbnailUrl":"https:\/\/mirora.com\/wp-content\/uploads\/2021\/11\/blog-turkceden-farscaya-ceviri-min-1024x576-1.jpg","datePublished":"2024-05-30T22:50:51+00:00","dateModified":"2025-05-14T00:58:35+00:00","description":"Fars\u00e7a, \u0130ran, Afganistan, Tacikistan, \u00d6zbekistan ve Basra K\u00f6rfezi \u00fclkelerinde konu\u015fulan Hint-Avrupa dil ailesine mensup dildir.","inLanguage":"tr","potentialAction":[{"@type":"ReadAction","target":["https:\/\/mirora.com\/farsca-ceviri\/"]}]},{"@type":"ImageObject","inLanguage":"tr","@id":"https:\/\/mirora.com\/farsca-ceviri\/#primaryimage","url":"https:\/\/mirora.com\/wp-content\/uploads\/2021\/11\/blog-turkceden-farscaya-ceviri-min-1024x576-1.jpg","contentUrl":"https:\/\/mirora.com\/wp-content\/uploads\/2021\/11\/blog-turkceden-farscaya-ceviri-min-1024x576-1.jpg"},{"@type":"WebSite","@id":"https:\/\/mirora.com\/#website","url":"https:\/\/mirora.com\/","name":"Mirora Translation","description":"We Reflect Your Originals","publisher":{"@id":"https:\/\/mirora.com\/#organization"},"potentialAction":[{"@type":"SearchAction","target":{"@type":"EntryPoint","urlTemplate":"https:\/\/mirora.com\/?s={search_term_string}"},"query-input":{"@type":"PropertyValueSpecification","valueRequired":true,"valueName":"search_term_string"}}],"inLanguage":"tr"},{"@type":"Organization","@id":"https:\/\/mirora.com\/#organization","name":"Mirora","url":"https:\/\/mirora.com\/","logo":{"@type":"ImageObject","inLanguage":"tr","@id":"https:\/\/mirora.com\/#\/schema\/logo\/image\/","url":"https:\/\/mirora.com\/wp-content\/uploads\/2023\/07\/MiroraLogo2.webp","contentUrl":"https:\/\/mirora.com\/wp-content\/uploads\/2023\/07\/MiroraLogo2.webp","width":326,"height":108,"caption":"Mirora"},"image":{"@id":"https:\/\/mirora.com\/#\/schema\/logo\/image\/"}}]}},"_links":{"self":[{"href":"https:\/\/mirora.com\/tr\/wp-json\/wp\/v2\/pages\/6808","targetHints":{"allow":["GET"]}}],"collection":[{"href":"https:\/\/mirora.com\/tr\/wp-json\/wp\/v2\/pages"}],"about":[{"href":"https:\/\/mirora.com\/tr\/wp-json\/wp\/v2\/types\/page"}],"author":[{"embeddable":true,"href":"https:\/\/mirora.com\/tr\/wp-json\/wp\/v2\/users\/1"}],"replies":[{"embeddable":true,"href":"https:\/\/mirora.com\/tr\/wp-json\/wp\/v2\/comments?post=6808"}],"version-history":[{"count":13,"href":"https:\/\/mirora.com\/tr\/wp-json\/wp\/v2\/pages\/6808\/revisions"}],"predecessor-version":[{"id":22217,"href":"https:\/\/mirora.com\/tr\/wp-json\/wp\/v2\/pages\/6808\/revisions\/22217"}],"wp:attachment":[{"href":"https:\/\/mirora.com\/tr\/wp-json\/wp\/v2\/media?parent=6808"}],"curies":[{"name":"wp","href":"https:\/\/api.w.org\/{rel}","templated":true}]}}