

{"id":6818,"date":"2024-05-31T01:52:48","date_gmt":"2024-05-30T22:52:48","guid":{"rendered":"https:\/\/mirora.com\/?page_id=6818"},"modified":"2025-05-14T03:58:48","modified_gmt":"2025-05-14T00:58:48","slug":"felemenkce-ceviri","status":"publish","type":"page","link":"https:\/\/mirora.com\/tr\/felemenkce-ceviri\/","title":{"rendered":"Felemenk\u00e7e \u00c7eviri"},"content":{"rendered":"\t\t<div data-elementor-type=\"wp-page\" data-elementor-id=\"6818\" class=\"elementor elementor-6818\" data-elementor-post-type=\"page\">\n\t\t\t\t<div class=\"elementor-element elementor-element-9055047 e-flex e-con-boxed e-con e-parent\" data-id=\"9055047\" data-element_type=\"container\" data-e-type=\"container\" data-settings=\"{&quot;background_background&quot;:&quot;classic&quot;}\">\n\t\t\t\t\t<div class=\"e-con-inner\">\n\t\t\t\t<div class=\"elementor-element elementor-element-192b0c8 elementor-widget elementor-widget-heading\" data-id=\"192b0c8\" data-element_type=\"widget\" data-e-type=\"widget\" data-widget_type=\"heading.default\">\n\t\t\t\t\t<h1 class=\"elementor-heading-title elementor-size-default\">Footer One<\/h1>\t\t\t\t<\/div>\n\t\t\t\t\t<\/div>\n\t\t\t\t<\/div>\n\t\t\t\t<section class=\"elementor-section elementor-top-section elementor-element elementor-element-7144dec elementor-section-full_width elementor-section-height-default elementor-section-height-default\" data-id=\"7144dec\" data-element_type=\"section\" data-e-type=\"section\">\n\t\t\t\t\t\t<div class=\"elementor-container elementor-column-gap-no\">\n\t\t\t\t\t<div class=\"elementor-column elementor-col-100 elementor-top-column elementor-element elementor-element-2ac3368\" data-id=\"2ac3368\" data-element_type=\"column\" data-e-type=\"column\">\n\t\t\t<div class=\"elementor-widget-wrap elementor-element-populated\">\n\t\t\t\t\t\t<section class=\"elementor-section elementor-inner-section elementor-element elementor-element-6cf5ae6 elementor-section-content-middle elementor-section-boxed elementor-section-height-default elementor-section-height-default\" data-id=\"6cf5ae6\" data-element_type=\"section\" data-e-type=\"section\">\n\t\t\t\t\t\t<div class=\"elementor-container elementor-column-gap-no\">\n\t\t\t\t\t<div class=\"elementor-column elementor-col-100 elementor-inner-column elementor-element elementor-element-309d6ce\" data-id=\"309d6ce\" data-element_type=\"column\" data-e-type=\"column\">\n\t\t\t<div class=\"elementor-widget-wrap elementor-element-populated\">\n\t\t\t\t\t\t<div class=\"elementor-element elementor-element-83a00e2 elementor-widget elementor-widget-text-editor\" data-id=\"83a00e2\" data-element_type=\"widget\" data-e-type=\"widget\" data-widget_type=\"text-editor.default\">\n\t\t\t\t\t\t\t\t\t<p><span style=\"font-family: Roboto;\">Felemenk\u00e7e Hint-Avrupa dil ailesinin Cermen dilleri grubundan bir dildir. Hollandaca ve Flamanca olarak iki temel leh\u00e7esi vard\u0131r. Bu leh\u00e7elerin yaz\u0131l\u0131 dilde \u00e7ok az farklar\u0131 vard\u0131r. Felemenk\u00e7e ve leh\u00e7eleri; Hollanda, Bel\u00e7ika, Surinam ve G\u00fcney Afrika Cumhuriyeti\u2019nde resm\u00ee dil konumundad\u0131r. Bel\u00e7ika\u2019da konu\u015fulan leh\u00e7esine Flamanca, Hollanda\u2019da konu\u015fulana ise Hollandaca denir. Bel\u00e7ika\u2019da daha \u00e7ok kuzeyde bulunan Flaman b\u00f6lgesinde konu\u015fulur. Felemenk\u00e7e ise Plattdeutsch ve Friz diline yak\u0131nd\u0131r.<\/span><\/p><p><span style=\"font-family: Roboto;\">Felemenk\u00e7e konu\u015fanlar\u0131n\u0131n aksan farklar\u0131, kulland\u0131klar\u0131 baz\u0131 kelimeler ve s\u00f6yleyi\u015f tarzlar\u0131ndan \u00f6t\u00fcr\u00fc bir Hollandal\u0131 muhatab\u0131n\u0131n bir Flaman oldu\u011funu hemen anlayabilir. Her y\u00f6renin kendine ait bir konu\u015fma \u015fekli oldu\u011fundan hangi b\u00f6lgeden, \u015fehirden hatta k\u00f6yden geldi\u011fini de \u00e7\u0131karabilir. Bunun sebebi Felemenk\u00e7enin co\u011fraf\u00ee olarak \u00e7ok k\u00fc\u00e7\u00fck bir b\u00f6lgede konu\u015fulsa da, topluluklar olduk\u00e7a birbirine ba\u011fl\u0131 yo\u011fun ve s\u0131k bir dokuda olmas\u0131d\u0131r. B\u00f6ylelikle dil, konu\u015fuldu\u011fu b\u00f6lge i\u00e7inde resm\u00ee s\u0131n\u0131rlardan ba\u011f\u0131ms\u0131z olarak, olduk\u00e7a heterojen bir yay\u0131l\u0131m g\u00f6sterir. Resm\u00ee kaynaklara g\u00f6re yaln\u0131zca Flaman B\u00f6lgesi i\u00e7inde leh\u00e7e olarak tan\u0131mlanabilecek 26 farkl\u0131 Felemenk\u00e7enin konu\u015fuldu\u011fu tespit edilmi\u015ftir.<\/span><\/p><p><span style=\"font-family: Roboto;\">Felemenk\u00e7enin resmi dil olarak konu\u015fuldu\u011fu \u00fclkeler; Aruba, Bel\u00e7ika, Cura\u00e7ao, Hollanda, Sint Maarten, Surinam ve Benel\u00fcks\u2019t\u00fcr. Ayr\u0131ca Felemenk\u00e7enin resmi dil olarak kabul edildi\u011fi uluslararas\u0131 topluklar; Avrupa Birli\u011fi, UNASUR ve Karayip Ortak Pazar\u0131\u2019d\u0131r. D\u00fcnyada yakla\u015f\u0131k 24 milyon insan resm\u00ee dil olarak Felemenk\u00e7e konu\u015fmaktad\u0131r.<\/span><\/p><p><span style=\"font-family: Roboto;\">Genel\/Ortak Felemenk\u00e7e ise T\u00fcrkiye\u2019de b\u00f6lgeler aras\u0131 leh\u00e7elerden ve \u015fivelerden ba\u011f\u0131ms\u0131z olarak konu\u015fulan modern T\u00fcrk\u00e7e ile k\u0131yaslanabilir. Her y\u00f6re kendine \u00f6zg\u00fc bir leh\u00e7e ve \u015five ile konu\u015fsa da e\u011fitim, \u00f6\u011fretim, bas\u0131n, yay\u0131n, radyo, TV, yaz\u0131m ve devlet i\u015flerinde hep standartla\u015ft\u0131r\u0131lm\u0131\u015f ortak resm\u00ee dil kullan\u0131l\u0131r. Ancak halk kendi y\u00f6resel aksan ve leh\u00e7elerini bir k\u00fclt\u00fcrel de\u011fer olarak g\u00f6rerek ya\u015far, ya\u015fat\u0131r ve korurlar. Bu y\u00fczden her y\u00f6re kendine ait olan leh\u00e7elerde gazete ve dergiler \u00e7\u0131kar\u0131r yerel radyo, televizyonlarda kendi leh\u00e7eleri ile yay\u0131n yaparlar.<\/span><\/p><p><span style=\"font-family: Roboto;\">Leh\u00e7eler aras\u0131ndaki fark o kadar g\u00fc\u00e7l\u00fcd\u00fcr ki co\u011fraf\u00ee olarak Limburgcan\u0131n konu\u015fuldu\u011fu Limburg B\u00f6lgesi ile Bat\u0131 Flandra B\u00f6lgesi\u2019nin konu\u015fuldu\u011fu y\u00f6re aras\u0131ndaki mesafe 100 km\u2019yi a\u015fmamas\u0131na kar\u015f\u0131n her iki leh\u00e7enin konu\u015fanlar\u0131 birbirlerini anlamakta b\u00fcy\u00fck g\u00fc\u00e7l\u00fck \u00e7eker. Bu anlamadaki g\u00fc\u00e7l\u00fck bir bak\u0131ma T\u00fcrk\u00e7e ile Azerice ile kar\u015f\u0131la\u015ft\u0131r\u0131labilir. Bu sebepten devlet televizyonlar\u0131 genelde halk\u0131n konu\u015fmalar\u0131n\u0131 b\u00fcy\u00fck \u00e7o\u011funlukla Genel Felemenk\u00e7e alt yaz\u0131 ile verir. Ayn\u0131 \u015fey Bel\u00e7ika\u2019da yay\u0131nlanan Hollanda filmleri ve dizileri ile Hollanda\u2019da yay\u0131nlanan Flaman dizi ve filmleri i\u00e7in de ge\u00e7erlidir ve genelde Genel Felemenk\u00e7e alt yaz\u0131 ile verilir.<\/span><\/p><p><span style=\"font-family: Roboto;\">Mirora Felemenk\u00e7e \u00c7eviri Hizmeti<\/span><\/p><p><span style=\"font-family: Roboto;\">Mirora Hollanda ve Bel\u00e7ika\u2019daki kurumsal \u00e7eviri \u015firketleriyle uzun y\u0131llard\u0131r i\u015fbirli\u011fi sa\u011flam\u0131\u015ft\u0131r. Bu sayede Mirora, \u00f6zellikle \u0130ngilizceyi tampon dil olarak kullanarak, d\u00fcnyan\u0131n b\u00fct\u00fcn dillerinden Felemenk\u00e7eye ve Felemenk\u00e7eden d\u00fcnyan\u0131n t\u00fcm dillerine profesyonel \u00e7eviri ekiplerince, kaliteli, h\u0131zl\u0131, g\u00fcvenilir ve rekabet\u00e7i fiyatlarla \u00e7eviri hizmeti vermektedir.<\/span><\/p><p><span style=\"font-family: Roboto;\">Felemenk\u00e7e alfabesi \u201ca\u201d dan \u201cz\u201d ye kadar Temel Latin alfabesinde bulunan t\u00fcm harfleri i\u00e7erir. Diyakritik i\u015fareti bulunan harfler alfabede yer almaz. Alfabe b\u00f6ylece 26 harften olu\u015furken, bazen kendisinde tek harf \u00f6zelli\u011fi verilen diftong \u201cIJ\u201d ile alfabedeki harf say\u0131s\u0131 27 ye \u00e7\u0131kar. Bu harf genellikle alfabeye eklenmezken, \u00f6rne\u011fin telefon defterlerinde veya s\u00f6zl\u00fcklerde \u201cx\u201d ve \u201cy\u201d aras\u0131nda yer al\u0131r.<\/span><\/p><p><span style=\"font-family: Roboto;\">A B C D E F G H I J K L M N O P Q R S T U V W X IJ Y Z a b c d e f g h i j k l m n o p q r s t u v w x ij y z<\/span><\/p>\t\t\t\t\t\t\t\t<\/div>\n\t\t\t\t\t<\/div>\n\t\t<\/div>\n\t\t\t\t\t<\/div>\n\t\t<\/section>\n\t\t\t\t\t<\/div>\n\t\t<\/div>\n\t\t\t\t\t<\/div>\n\t\t<\/section>\n\t\t<div class=\"elementor-element elementor-element-4a44616 e-flex e-con-boxed e-con e-parent\" data-id=\"4a44616\" data-element_type=\"container\" data-e-type=\"container\">\n\t\t\t\t\t<div class=\"e-con-inner\">\n\t\t\t\t<div class=\"elementor-element elementor-element-d74cbf4 elementor-widget elementor-widget-heading\" data-id=\"d74cbf4\" data-element_type=\"widget\" data-e-type=\"widget\" data-widget_type=\"heading.default\">\n\t\t\t\t\t<h2 class=\"elementor-heading-title elementor-size-default\">Bu Yaz\u0131lar\u0131m\u0131z \u0130lginizi \u00c7ekebilir ! Hizmetimiz ile ilgili daha fazla bilgi edinin.<\/h2>\t\t\t\t<\/div>\n\t\t\t\t<div class=\"elementor-element elementor-element-8650983 elementor-widget-divider--view-line elementor-widget elementor-widget-divider\" data-id=\"8650983\" data-element_type=\"widget\" data-e-type=\"widget\" data-widget_type=\"divider.default\">\n\t\t\t\t\t\t\t<div class=\"elementor-divider\">\n\t\t\t<span class=\"elementor-divider-separator\">\n\t\t\t\t\t\t<\/span>\n\t\t<\/div>\n\t\t\t\t\t\t<\/div>\n\t\t\t\t\t<\/div>\n\t\t\t\t<\/div>\n\t\t<div class=\"elementor-element elementor-element-0632c33 e-flex e-con-boxed e-con e-parent\" data-id=\"0632c33\" data-element_type=\"container\" data-e-type=\"container\">\n\t\t\t\t\t<div class=\"e-con-inner\">\n\t\t<div class=\"elementor-element elementor-element-535b989 e-con-full e-flex e-con e-child\" data-id=\"535b989\" data-element_type=\"container\" data-e-type=\"container\">\n\t\t\t\t<div class=\"elementor-element elementor-element-5bec401 premium-blog-align-left elementor-widget elementor-widget-premium-addon-blog\" data-id=\"5bec401\" data-element_type=\"widget\" data-e-type=\"widget\" data-settings=\"{&quot;premium_blog_columns_number&quot;:&quot;100%&quot;,&quot;premium_blog_grid&quot;:&quot;yes&quot;,&quot;premium_blog_layout&quot;:&quot;even&quot;,&quot;premium_blog_columns_number_tablet&quot;:&quot;50%&quot;,&quot;premium_blog_columns_number_mobile&quot;:&quot;100%&quot;}\" data-widget_type=\"premium-addon-blog.default\">\n\t\t\t\t\t\n\t\t\n\n\t\t\t\t<div class=\"premium-blog-wrap  premium-blog-even\" data-page=\"6818\">\n\t\t\t\t\t\t\t\t\t<div class=\"premium-blog-post-outer-container\" data-total=\"1\">\n\t\t\t<div class=\"premium-blog-post-container premium-blog-skin-banner\">\n\t\t\t\t\t\t\t\t\t<div class=\"premium-blog-thumb-effect-wrapper\">\n\t\t\t\t\t\t<div class=\"premium-blog-thumbnail-container premium-blog-zoomin-effect\">\n\t\t\t\t\t\t\t<img fetchpriority=\"high\" decoding=\"async\" width=\"850\" height=\"500\" src=\"https:\/\/mirora.com\/wp-content\/uploads\/2022\/08\/Netherlandic-vs.jpg\" class=\"attachment-full size-full wp-image-17201\" alt=\"\" srcset=\"https:\/\/mirora.com\/wp-content\/uploads\/2022\/08\/Netherlandic-vs.jpg 850w, https:\/\/mirora.com\/wp-content\/uploads\/2022\/08\/Netherlandic-vs-300x176.jpg 300w, https:\/\/mirora.com\/wp-content\/uploads\/2022\/08\/Netherlandic-vs-768x452.jpg 768w, https:\/\/mirora.com\/wp-content\/uploads\/2022\/08\/Netherlandic-vs-18x12.jpg 18w\" sizes=\"(max-width: 850px) 100vw, 850px\" \/>\t\t\t\t\t\t<\/div>\n\t\t\t\t\t\t\t\t\t\t\t\t\t<div class=\"premium-blog-thumbnail-overlay\">\n\t\t\t\t\t\t\t\t<a class=\"elementor-icon\" href=\"https:\/\/mirora.com\/tr\/hollandalinin-dili-felemenkce\/\" target=\"_blank\"><\/a>\n\t\t\t\t\t\t\t<\/div>\n\n\t\t\t\t\t\t\t\t\t\t\t\t\t\t\t\t\t\t<\/div>\n\t\t\t\t\t\t\t\t\t\t\t\t<div class=\"premium-blog-content-wrapper \">\n\n\t\t\t\t\t<div class=\"premium-blog-inner-container\">\n\n\t\t\t\t\t\t\t\t\t\t\t\t\t\t<h2 class=\"premium-blog-entry-title\">\n\t\t\t<a href=\"https:\/\/mirora.com\/tr\/hollandalinin-dili-felemenkce\/\" target=\"_blank\">\n\t\t\t\tHollandal\u0131n\u0131n Dili: Felemenk\u00e7e\t\t\t<\/a>\n\t\t<\/h2>\n\t\t\t\t<div class=\"premium-blog-entry-meta\">\n\t\t\t\n\t\t\t\n\t\t\t\n\t\t\t\t\t<\/div>\n\t\t\n\t\t\t\t\t<\/div>\n\n\t\t\t\t\t\t\t<div class=\"premium-blog-content-inner-wrapper\">\n\t\t<p class=\"premium-blog-post-content\">Felemenk\u00e7e mi ve Hollandaca m\u0131? Farkl\u0131 b\u00f6lgelerde farkl\u0131 leh\u00e7elerinin ve \u015fivelerinin konu\u015fuldu\u011fu Felemenk\u00e7e, halk aras\u0131nda Hollandaca olarak bilinir. Ancak yayg\u0131n...<\/p>\t\t<\/div>\n\t\t\t\t\t\t\t\n\t\t\t\t<\/div>\n\t\t\t<\/div>\n\t\t<\/div>\n\n\t\t\t\t\t\t\t<\/div>\n\n\t\t\n\t\t\n\t\t\t\t\t\t<\/div>\n\t\t\t\t<\/div>\n\t\t\t\t\t<\/div>\n\t\t\t\t<\/div>\n\t\t\t\t<section class=\"elementor-section elementor-top-section elementor-element elementor-element-91d946b elementor-section-full_width elementor-section-height-default elementor-section-height-default\" data-id=\"91d946b\" data-element_type=\"section\" data-e-type=\"section\">\n\t\t\t\t\t\t<div class=\"elementor-container elementor-column-gap-no\">\n\t\t\t\t\t<div class=\"elementor-column elementor-col-100 elementor-top-column elementor-element elementor-element-207c427\" data-id=\"207c427\" data-element_type=\"column\" data-e-type=\"column\">\n\t\t\t<div class=\"elementor-widget-wrap elementor-element-populated\">\n\t\t\t\t\t\t<div class=\"elementor-element elementor-element-b860bc1 elementor-widget elementor-widget-eduracta\" data-id=\"b860bc1\" data-element_type=\"widget\" data-e-type=\"widget\" data-widget_type=\"eduracta.default\">\n\t\t\t\t<div class=\"elementor-widget-container\">\n\t\t\t\t\t<div class=\"cta-area-1\" data-bg-src=\"https:\/\/themeholy.com\/wordpress\/edura\/wp-content\/uploads\/2023\/07\/cta-bg1.png\"><div class=\"container\"><div class=\"row align-items-center justify-content-between\"><div class=\"col-lg-8\"><div class=\"cta-wrap title-area mb-0\"><div class=\"cta-icon\"><img decoding=\"async\" src=\"https:\/\/themeholy.com\/wordpress\/edura\/wp-content\/uploads\/2023\/07\/cta-icon1.png\" alt=\"icon\"><\/div><div class=\"cta-content\"><h2 class=\"cta-title th-title sec-title\">Hemen Teklif Al<\/h2><p class=\"cta-text th-desc\">Markana de\u011fer katmak Mirora ile bir t\u0131k uza\u011f\u0131nda.<\/p><\/div><a href=\"https:\/\/mirora.com\/teklif-al\/\" class=\"th-btn th_btn style8\">Teklif Al!<i class=\"fa-regular fa-arrow-right ms-1\"><\/i><\/a><\/div><\/div><\/div><\/div><div class=\"cta-img-1\" data-overlay=\"title\" data-opacity=\"8\"><img decoding=\"async\" src=\"https:\/\/themeholy.com\/wordpress\/edura\/wp-content\/uploads\/2023\/07\/cta_1_1.png\" alt=\"Image\"><\/div><\/div>\t\t\t\t<\/div>\n\t\t\t\t<\/div>\n\t\t\t\t\t<\/div>\n\t\t<\/div>\n\t\t\t\t\t<\/div>\n\t\t<\/section>\n\t\t\t\t<\/div>\n\t\t","protected":false},"excerpt":{"rendered":"<p>Felemenk\u00e7e Hint-Avrupa dil ailesinin Cermen dilleri grubundan bir dildir. Hollandaca ve Flamanca olarak iki temel leh\u00e7esi vard\u0131r. Bu leh\u00e7elerin yaz\u0131l\u0131&#8230;<\/p>\n","protected":false},"author":1,"featured_media":0,"parent":0,"menu_order":0,"comment_status":"closed","ping_status":"closed","template":"template-builder.php","meta":{"_monsterinsights_skip_tracking":false,"_monsterinsights_sitenote_active":false,"_monsterinsights_sitenote_note":"","_monsterinsights_sitenote_category":0,"footnotes":""},"class_list":["post-6818","page","type-page","status-publish","hentry","th-blog blog-single"],"yoast_head":"<!-- This site is optimized with the Yoast SEO plugin v27.3 - https:\/\/yoast.com\/product\/yoast-seo-wordpress\/ -->\n<title>Felemenk\u00e7e \u00c7eviri - Mirora Translation<\/title>\n<meta name=\"description\" content=\"Felemenk\u00e7e Hint-Avrupa dil ailesinin Cermen dilleri grubundan bir dildir. Hollandaca ve Flamanca olarak iki temel leh\u00e7esi vard\u0131r.\" \/>\n<meta name=\"robots\" content=\"index, follow, max-snippet:-1, max-image-preview:large, max-video-preview:-1\" \/>\n<link rel=\"canonical\" href=\"https:\/\/mirora.com\/tr\/felemenkce-ceviri\/\" \/>\n<meta property=\"og:locale\" content=\"tr_TR\" \/>\n<meta property=\"og:type\" content=\"article\" \/>\n<meta property=\"og:title\" content=\"Felemenk\u00e7e \u00c7eviri - Mirora Translation\" \/>\n<meta property=\"og:description\" content=\"Felemenk\u00e7e Hint-Avrupa dil ailesinin Cermen dilleri grubundan bir dildir. Hollandaca ve Flamanca olarak iki temel leh\u00e7esi vard\u0131r.\" \/>\n<meta property=\"og:url\" content=\"https:\/\/mirora.com\/tr\/felemenkce-ceviri\/\" \/>\n<meta property=\"og:site_name\" content=\"Mirora Translation\" \/>\n<meta property=\"article:modified_time\" content=\"2025-05-14T00:58:48+00:00\" \/>\n<meta property=\"og:image\" content=\"https:\/\/mirora.com\/wp-content\/uploads\/2022\/08\/Netherlandic-vs.jpg\" \/>\n<meta name=\"twitter:card\" content=\"summary_large_image\" \/>\n<meta name=\"twitter:label1\" content=\"Tahmini okuma s\u00fcresi\" \/>\n\t<meta name=\"twitter:data1\" content=\"1 dakika\" \/>\n<script type=\"application\/ld+json\" class=\"yoast-schema-graph\">{\"@context\":\"https:\\\/\\\/schema.org\",\"@graph\":[{\"@type\":\"WebPage\",\"@id\":\"https:\\\/\\\/mirora.com\\\/felemenkce-ceviri\\\/\",\"url\":\"https:\\\/\\\/mirora.com\\\/felemenkce-ceviri\\\/\",\"name\":\"Felemenk\u00e7e \u00c7eviri - Mirora Translation\",\"isPartOf\":{\"@id\":\"https:\\\/\\\/mirora.com\\\/#website\"},\"primaryImageOfPage\":{\"@id\":\"https:\\\/\\\/mirora.com\\\/felemenkce-ceviri\\\/#primaryimage\"},\"image\":{\"@id\":\"https:\\\/\\\/mirora.com\\\/felemenkce-ceviri\\\/#primaryimage\"},\"thumbnailUrl\":\"https:\\\/\\\/mirora.com\\\/wp-content\\\/uploads\\\/2022\\\/08\\\/Netherlandic-vs.jpg\",\"datePublished\":\"2024-05-30T22:52:48+00:00\",\"dateModified\":\"2025-05-14T00:58:48+00:00\",\"description\":\"Felemenk\u00e7e Hint-Avrupa dil ailesinin Cermen dilleri grubundan bir dildir. Hollandaca ve Flamanca olarak iki temel leh\u00e7esi vard\u0131r.\",\"inLanguage\":\"tr\",\"potentialAction\":[{\"@type\":\"ReadAction\",\"target\":[\"https:\\\/\\\/mirora.com\\\/felemenkce-ceviri\\\/\"]}]},{\"@type\":\"ImageObject\",\"inLanguage\":\"tr\",\"@id\":\"https:\\\/\\\/mirora.com\\\/felemenkce-ceviri\\\/#primaryimage\",\"url\":\"https:\\\/\\\/mirora.com\\\/wp-content\\\/uploads\\\/2022\\\/08\\\/Netherlandic-vs.jpg\",\"contentUrl\":\"https:\\\/\\\/mirora.com\\\/wp-content\\\/uploads\\\/2022\\\/08\\\/Netherlandic-vs.jpg\"},{\"@type\":\"WebSite\",\"@id\":\"https:\\\/\\\/mirora.com\\\/#website\",\"url\":\"https:\\\/\\\/mirora.com\\\/\",\"name\":\"Mirora Translation\",\"description\":\"We Reflect Your Originals\",\"publisher\":{\"@id\":\"https:\\\/\\\/mirora.com\\\/#organization\"},\"potentialAction\":[{\"@type\":\"SearchAction\",\"target\":{\"@type\":\"EntryPoint\",\"urlTemplate\":\"https:\\\/\\\/mirora.com\\\/?s={search_term_string}\"},\"query-input\":{\"@type\":\"PropertyValueSpecification\",\"valueRequired\":true,\"valueName\":\"search_term_string\"}}],\"inLanguage\":\"tr\"},{\"@type\":\"Organization\",\"@id\":\"https:\\\/\\\/mirora.com\\\/#organization\",\"name\":\"Mirora\",\"url\":\"https:\\\/\\\/mirora.com\\\/\",\"logo\":{\"@type\":\"ImageObject\",\"inLanguage\":\"tr\",\"@id\":\"https:\\\/\\\/mirora.com\\\/#\\\/schema\\\/logo\\\/image\\\/\",\"url\":\"https:\\\/\\\/mirora.com\\\/wp-content\\\/uploads\\\/2023\\\/07\\\/MiroraLogo2.webp\",\"contentUrl\":\"https:\\\/\\\/mirora.com\\\/wp-content\\\/uploads\\\/2023\\\/07\\\/MiroraLogo2.webp\",\"width\":326,\"height\":108,\"caption\":\"Mirora\"},\"image\":{\"@id\":\"https:\\\/\\\/mirora.com\\\/#\\\/schema\\\/logo\\\/image\\\/\"}}]}<\/script>\n<!-- \/ Yoast SEO plugin. -->","yoast_head_json":{"title":"Felemenk\u00e7e \u00c7eviri - Mirora Translation","description":"Felemenk\u00e7e Hint-Avrupa dil ailesinin Cermen dilleri grubundan bir dildir. Hollandaca ve Flamanca olarak iki temel leh\u00e7esi vard\u0131r.","robots":{"index":"index","follow":"follow","max-snippet":"max-snippet:-1","max-image-preview":"max-image-preview:large","max-video-preview":"max-video-preview:-1"},"canonical":"https:\/\/mirora.com\/tr\/felemenkce-ceviri\/","og_locale":"tr_TR","og_type":"article","og_title":"Felemenk\u00e7e \u00c7eviri - Mirora Translation","og_description":"Felemenk\u00e7e Hint-Avrupa dil ailesinin Cermen dilleri grubundan bir dildir. Hollandaca ve Flamanca olarak iki temel leh\u00e7esi vard\u0131r.","og_url":"https:\/\/mirora.com\/tr\/felemenkce-ceviri\/","og_site_name":"Mirora Translation","article_modified_time":"2025-05-14T00:58:48+00:00","og_image":[{"url":"https:\/\/mirora.com\/wp-content\/uploads\/2022\/08\/Netherlandic-vs.jpg","type":"","width":"","height":""}],"twitter_card":"summary_large_image","twitter_misc":{"Tahmini okuma s\u00fcresi":"1 dakika"},"schema":{"@context":"https:\/\/schema.org","@graph":[{"@type":"WebPage","@id":"https:\/\/mirora.com\/felemenkce-ceviri\/","url":"https:\/\/mirora.com\/felemenkce-ceviri\/","name":"Felemenk\u00e7e \u00c7eviri - Mirora Translation","isPartOf":{"@id":"https:\/\/mirora.com\/#website"},"primaryImageOfPage":{"@id":"https:\/\/mirora.com\/felemenkce-ceviri\/#primaryimage"},"image":{"@id":"https:\/\/mirora.com\/felemenkce-ceviri\/#primaryimage"},"thumbnailUrl":"https:\/\/mirora.com\/wp-content\/uploads\/2022\/08\/Netherlandic-vs.jpg","datePublished":"2024-05-30T22:52:48+00:00","dateModified":"2025-05-14T00:58:48+00:00","description":"Felemenk\u00e7e Hint-Avrupa dil ailesinin Cermen dilleri grubundan bir dildir. Hollandaca ve Flamanca olarak iki temel leh\u00e7esi vard\u0131r.","inLanguage":"tr","potentialAction":[{"@type":"ReadAction","target":["https:\/\/mirora.com\/felemenkce-ceviri\/"]}]},{"@type":"ImageObject","inLanguage":"tr","@id":"https:\/\/mirora.com\/felemenkce-ceviri\/#primaryimage","url":"https:\/\/mirora.com\/wp-content\/uploads\/2022\/08\/Netherlandic-vs.jpg","contentUrl":"https:\/\/mirora.com\/wp-content\/uploads\/2022\/08\/Netherlandic-vs.jpg"},{"@type":"WebSite","@id":"https:\/\/mirora.com\/#website","url":"https:\/\/mirora.com\/","name":"Mirora Translation","description":"We Reflect Your Originals","publisher":{"@id":"https:\/\/mirora.com\/#organization"},"potentialAction":[{"@type":"SearchAction","target":{"@type":"EntryPoint","urlTemplate":"https:\/\/mirora.com\/?s={search_term_string}"},"query-input":{"@type":"PropertyValueSpecification","valueRequired":true,"valueName":"search_term_string"}}],"inLanguage":"tr"},{"@type":"Organization","@id":"https:\/\/mirora.com\/#organization","name":"Mirora","url":"https:\/\/mirora.com\/","logo":{"@type":"ImageObject","inLanguage":"tr","@id":"https:\/\/mirora.com\/#\/schema\/logo\/image\/","url":"https:\/\/mirora.com\/wp-content\/uploads\/2023\/07\/MiroraLogo2.webp","contentUrl":"https:\/\/mirora.com\/wp-content\/uploads\/2023\/07\/MiroraLogo2.webp","width":326,"height":108,"caption":"Mirora"},"image":{"@id":"https:\/\/mirora.com\/#\/schema\/logo\/image\/"}}]}},"_links":{"self":[{"href":"https:\/\/mirora.com\/tr\/wp-json\/wp\/v2\/pages\/6818","targetHints":{"allow":["GET"]}}],"collection":[{"href":"https:\/\/mirora.com\/tr\/wp-json\/wp\/v2\/pages"}],"about":[{"href":"https:\/\/mirora.com\/tr\/wp-json\/wp\/v2\/types\/page"}],"author":[{"embeddable":true,"href":"https:\/\/mirora.com\/tr\/wp-json\/wp\/v2\/users\/1"}],"replies":[{"embeddable":true,"href":"https:\/\/mirora.com\/tr\/wp-json\/wp\/v2\/comments?post=6818"}],"version-history":[{"count":16,"href":"https:\/\/mirora.com\/tr\/wp-json\/wp\/v2\/pages\/6818\/revisions"}],"predecessor-version":[{"id":22220,"href":"https:\/\/mirora.com\/tr\/wp-json\/wp\/v2\/pages\/6818\/revisions\/22220"}],"wp:attachment":[{"href":"https:\/\/mirora.com\/tr\/wp-json\/wp\/v2\/media?parent=6818"}],"curies":[{"name":"wp","href":"https:\/\/api.w.org\/{rel}","templated":true}]}}