

{"id":6823,"date":"2024-05-31T01:54:36","date_gmt":"2024-05-30T22:54:36","guid":{"rendered":"https:\/\/mirora.com\/?page_id=6823"},"modified":"2025-05-14T03:58:58","modified_gmt":"2025-05-14T00:58:58","slug":"fransizca-ceviri","status":"publish","type":"page","link":"https:\/\/mirora.com\/tr\/fransizca-ceviri\/","title":{"rendered":"Frans\u0131zca \u00c7eviri"},"content":{"rendered":"\t\t<div data-elementor-type=\"wp-page\" data-elementor-id=\"6823\" class=\"elementor elementor-6823\" data-elementor-post-type=\"page\">\n\t\t\t\t<div class=\"elementor-element elementor-element-485c471 e-flex e-con-boxed e-con e-parent\" data-id=\"485c471\" data-element_type=\"container\" data-e-type=\"container\" data-settings=\"{&quot;background_background&quot;:&quot;classic&quot;}\">\n\t\t\t\t\t<div class=\"e-con-inner\">\n\t\t\t\t<div class=\"elementor-element elementor-element-14adda6 elementor-widget elementor-widget-heading\" data-id=\"14adda6\" data-element_type=\"widget\" data-e-type=\"widget\" data-widget_type=\"heading.default\">\n\t\t\t\t\t<h1 class=\"elementor-heading-title elementor-size-default\">Footer One<\/h1>\t\t\t\t<\/div>\n\t\t\t\t\t<\/div>\n\t\t\t\t<\/div>\n\t\t\t\t<section class=\"elementor-section elementor-top-section elementor-element elementor-element-7144dec elementor-section-full_width elementor-section-height-default elementor-section-height-default\" data-id=\"7144dec\" data-element_type=\"section\" data-e-type=\"section\">\n\t\t\t\t\t\t<div class=\"elementor-container elementor-column-gap-no\">\n\t\t\t\t\t<div class=\"elementor-column elementor-col-100 elementor-top-column elementor-element elementor-element-2ac3368\" data-id=\"2ac3368\" data-element_type=\"column\" data-e-type=\"column\">\n\t\t\t<div class=\"elementor-widget-wrap elementor-element-populated\">\n\t\t\t\t\t\t<section class=\"elementor-section elementor-inner-section elementor-element elementor-element-6cf5ae6 elementor-section-content-middle elementor-section-boxed elementor-section-height-default elementor-section-height-default\" data-id=\"6cf5ae6\" data-element_type=\"section\" data-e-type=\"section\">\n\t\t\t\t\t\t<div class=\"elementor-container elementor-column-gap-no\">\n\t\t\t\t\t<div class=\"elementor-column elementor-col-100 elementor-inner-column elementor-element elementor-element-309d6ce\" data-id=\"309d6ce\" data-element_type=\"column\" data-e-type=\"column\">\n\t\t\t<div class=\"elementor-widget-wrap elementor-element-populated\">\n\t\t\t\t\t\t<div class=\"elementor-element elementor-element-83a00e2 elementor-widget elementor-widget-text-editor\" data-id=\"83a00e2\" data-element_type=\"widget\" data-e-type=\"widget\" data-widget_type=\"text-editor.default\">\n\t\t\t\t\t\t\t\t\t<p>Frans\u0131zca, Hint-Avrupa dil ailesinin Romen dilleri olarak adland\u0131r\u0131lan alt biriminden, Fransa ve Frans\u0131z uygarl\u0131\u011f\u0131n\u0131 benimsemi\u015f \u00fclkelerinde ve eski Frans\u0131z s\u00f6m\u00fcrgesi olan \u00fclkelerde konu\u015fulan dil olarak bilinir. Frans\u0131zca; \u0130spanyolca, Portekizce, \u0130talyanca, Katalanca ve Rumence gibi Roma \u0130mparatorlu\u011fu\u2019nun dili olan Latincenin devam dillerindendir.<\/p><p>Avrupa Birli\u011fi verilerine g\u00f6re; toplam 27 \u00fcye \u00fclkedeki 129 milyon insan (497.198.740 %26\u2019s\u0131) Frans\u0131zca dilini bilmekte ve bunun 65 milyonu (%12) bu dili anadili \u015feklinde, 69 milyonu (%14) ise ikinci dili olarak konu\u015fmaktad\u0131r. Bu verilere g\u00f6re Frans\u0131zca birlik i\u00e7erisinde \u0130ngilizce ve Almancadan sonra en s\u0131k konu\u015fulan \u00fc\u00e7\u00fcnc\u00fc dildir.<\/p><p>Avrupa\u2019da Fransa ve Monako d\u0131\u015f\u0131nda Bel\u00e7ika, \u0130svi\u00e7re ve L\u00fcksemburg \u00fclkelerinin belirli b\u00f6lgelerinde olmak \u00fczere, Afrika ve Amerika k\u0131tas\u0131 d\u00e2hil, 29 \u00fclkede Frans\u0131zca resm\u00ee dil konumundad\u0131r. La \u201cFrancophonie\u201d denilen Frankofon, Frans\u0131zca konu\u015fan uluslar toplulu\u011fudur. Birle\u015fmi\u015f Milletlerin b\u00fct\u00fcn alt kurumlar\u0131nda ve uluslararas\u0131 kurulu\u015flar\u0131n \u00e7o\u011funda resm\u00ee dil olarak da Frans\u0131zca konu\u015fulmaktad\u0131r.<\/p><p>Frans\u0131zca Konu\u015fulan Di\u011fer Frankofonlar<\/p><p>Son y\u0131llarda Cezayir, \u00f6zellikle e\u011fitim dilinde Frans\u0131zcan\u0131n yerine Arap\u00e7an\u0131n kullan\u0131m\u0131n\u0131 yayg\u0131nla\u015ft\u0131rmak i\u00e7in dille ilgili \u00e7e\u015fitli d\u00fczenlemeler yapm\u0131\u015ft\u0131r. M\u0131s\u0131r\u2019da \u00e7o\u011funlukla kullan\u0131lan yabanc\u0131 dil \u0130ngilizce olmas\u0131na kar\u015f\u0131n \u00fcst ve orta s\u0131n\u0131flarda Frans\u0131zca daha yayg\u0131n olarak bilinir ve konu\u015fulur. Bu y\u00fczden e\u011fitim s\u00fcreci i\u00e7erisinde bir M\u0131s\u0131rl\u0131 \u0130ngilizceye ek olarak Frans\u0131zca da \u00f6\u011frenir. M\u0131s\u0131r, Frans\u0131zca konu\u015fan \u00fclkeler toplulu\u011fu (Frankofon) i\u00e7erisinde yer al\u0131r.<\/p><p>Fransa\u2019n\u0131n Hint Okyanusu\u2019nda yer alan iki deniza\u015f\u0131r\u0131 b\u00f6lgesi Mayotte ve R\u00e9union\u2019da da resm\u00ee dil Frans\u0131zca olarak kabul edilmi\u015ftir. Asya\u2019da; eski Frans\u0131z s\u00f6m\u00fcrgeleri olan Hindistan\u2019\u0131n Pudu\u00e7eri \u015fehrinde, Vietnam, Kambo\u00e7ya ve Laos\u2019ta ticaret ve az\u0131nl\u0131k dili Frans\u0131zca olarak kabul edilir. Ayr\u0131ca Asya\u2019daki di\u011fer eski Frans\u0131z s\u00f6m\u00fcrgeleri olan Suriye ve L\u00fcbnan\u2019da \u00e7o\u011funlukla kullan\u0131lan yabanc\u0131 dil \u0130ngilizce olmas\u0131na kar\u015f\u0131n \u00fcst ve orta s\u0131n\u0131flarda Frans\u0131zca daha yayg\u0131n olarak bilinir ve konu\u015fulur. L\u00fcbnan da Frans\u0131zca konu\u015fan \u00fclkeler toplulu\u011fu (Frankofon) i\u00e7erisinde yer al\u0131r.<\/p><p>Mirora olarak, Fransa ba\u015fta olmak \u00fczere, d\u00fcnyan\u0131n hemen her \u00fclkesinde profesyonel ve kurumsal \u00e7eviri kurumlar\u0131yla kurdu\u011fumuz ili\u015fkiler sayesinde d\u00fcnyan\u0131n b\u00fct\u00fcn dillerinden Frans\u0131zcaya ve Frans\u0131zcadan d\u00fcnyan\u0131n t\u00fcm dillerine anadili hedef dil olan \u00e7eviri ekiplerince, kaliteli, h\u0131zl\u0131 g\u00fcvenilir ve rekabet\u00e7i fiyatlarla \u00e7eviri hizmeti veriyoruz.<\/p>\t\t\t\t\t\t\t\t<\/div>\n\t\t\t\t\t<\/div>\n\t\t<\/div>\n\t\t\t\t\t<\/div>\n\t\t<\/section>\n\t\t\t\t\t<\/div>\n\t\t<\/div>\n\t\t\t\t\t<\/div>\n\t\t<\/section>\n\t\t\t\t<section class=\"elementor-section elementor-top-section elementor-element elementor-element-91d946b elementor-section-full_width elementor-section-height-default elementor-section-height-default\" data-id=\"91d946b\" data-element_type=\"section\" data-e-type=\"section\">\n\t\t\t\t\t\t<div class=\"elementor-container elementor-column-gap-no\">\n\t\t\t\t\t<div class=\"elementor-column elementor-col-100 elementor-top-column elementor-element elementor-element-207c427\" data-id=\"207c427\" data-element_type=\"column\" data-e-type=\"column\">\n\t\t\t<div class=\"elementor-widget-wrap elementor-element-populated\">\n\t\t\t\t\t\t<div class=\"elementor-element elementor-element-b860bc1 elementor-widget elementor-widget-eduracta\" data-id=\"b860bc1\" data-element_type=\"widget\" data-e-type=\"widget\" data-widget_type=\"eduracta.default\">\n\t\t\t\t<div class=\"elementor-widget-container\">\n\t\t\t\t\t<div class=\"cta-area-1\" data-bg-src=\"https:\/\/themeholy.com\/wordpress\/edura\/wp-content\/uploads\/2023\/07\/cta-bg1.png\"><div class=\"container\"><div class=\"row align-items-center justify-content-between\"><div class=\"col-lg-8\"><div class=\"cta-wrap title-area mb-0\"><div class=\"cta-icon\"><img decoding=\"async\" src=\"https:\/\/themeholy.com\/wordpress\/edura\/wp-content\/uploads\/2023\/07\/cta-icon1.png\" alt=\"icon\"><\/div><div class=\"cta-content\"><h2 class=\"cta-title th-title sec-title\">Hemen Teklif Al<\/h2><p class=\"cta-text th-desc\">Markana de\u011fer katmak Mirora ile bir t\u0131k uza\u011f\u0131nda.<\/p><\/div><a href=\"https:\/\/mirora.com\/teklif-al\/\" class=\"th-btn th_btn style8\">Teklif Al!<i class=\"fa-regular fa-arrow-right ms-1\"><\/i><\/a><\/div><\/div><\/div><\/div><div class=\"cta-img-1\" data-overlay=\"title\" data-opacity=\"8\"><img decoding=\"async\" src=\"https:\/\/themeholy.com\/wordpress\/edura\/wp-content\/uploads\/2023\/07\/cta_1_1.png\" alt=\"Image\"><\/div><\/div>\t\t\t\t<\/div>\n\t\t\t\t<\/div>\n\t\t\t\t\t<\/div>\n\t\t<\/div>\n\t\t\t\t\t<\/div>\n\t\t<\/section>\n\t\t\t\t<\/div>\n\t\t","protected":false},"excerpt":{"rendered":"<p>Frans\u0131zca, Hint-Avrupa dil ailesinin Romen dilleri olarak adland\u0131r\u0131lan alt biriminden, Fransa ve Frans\u0131z uygarl\u0131\u011f\u0131n\u0131 benimsemi\u015f \u00fclkelerinde ve eski Frans\u0131z s\u00f6m\u00fcrgesi&#8230;<\/p>\n","protected":false},"author":1,"featured_media":0,"parent":0,"menu_order":0,"comment_status":"closed","ping_status":"closed","template":"template-builder.php","meta":{"_monsterinsights_skip_tracking":false,"_monsterinsights_sitenote_active":false,"_monsterinsights_sitenote_note":"","_monsterinsights_sitenote_category":0,"footnotes":""},"class_list":["post-6823","page","type-page","status-publish","hentry"],"yoast_head":"<!-- This site is optimized with the Yoast SEO plugin v27.4 - https:\/\/yoast.com\/product\/yoast-seo-wordpress\/ -->\n<title>Frans\u0131zca \u00c7eviri - Mirora Translation<\/title>\n<meta name=\"description\" content=\"Frans\u0131zca, Hint-Avrupa dil ailesinin Romen dilleri alt biriminden, Fransa ve Frans\u0131z uygarl\u0131\u011f\u0131n\u0131 benimsemi\u015f ve eski Frans\u0131z s\u00f6m\u00fcrgesi \u00fclkelerde konu\u015fulan dildir.\" \/>\n<meta name=\"robots\" content=\"index, follow, max-snippet:-1, max-image-preview:large, max-video-preview:-1\" \/>\n<link rel=\"canonical\" href=\"https:\/\/mirora.com\/tr\/fransizca-ceviri\/\" \/>\n<meta property=\"og:locale\" content=\"tr_TR\" \/>\n<meta property=\"og:type\" content=\"article\" \/>\n<meta property=\"og:title\" content=\"Frans\u0131zca \u00c7eviri - Mirora Translation\" \/>\n<meta property=\"og:description\" content=\"Frans\u0131zca, Hint-Avrupa dil ailesinin Romen dilleri alt biriminden, Fransa ve Frans\u0131z uygarl\u0131\u011f\u0131n\u0131 benimsemi\u015f ve eski Frans\u0131z s\u00f6m\u00fcrgesi \u00fclkelerde konu\u015fulan dildir.\" \/>\n<meta property=\"og:url\" content=\"https:\/\/mirora.com\/tr\/fransizca-ceviri\/\" \/>\n<meta property=\"og:site_name\" content=\"Mirora Translation\" \/>\n<meta property=\"article:modified_time\" content=\"2025-05-14T00:58:58+00:00\" \/>\n<meta property=\"og:image\" content=\"https:\/\/themeholy.com\/wordpress\/edura\/wp-content\/uploads\/2023\/07\/cta-icon1.png\" \/>\n<meta name=\"twitter:card\" content=\"summary_large_image\" \/>\n<meta name=\"twitter:label1\" content=\"Tahmini okuma s\u00fcresi\" \/>\n\t<meta name=\"twitter:data1\" content=\"1 dakika\" \/>\n<script type=\"application\/ld+json\" class=\"yoast-schema-graph\">{\"@context\":\"https:\\\/\\\/schema.org\",\"@graph\":[{\"@type\":\"WebPage\",\"@id\":\"https:\\\/\\\/mirora.com\\\/fransizca-ceviri\\\/\",\"url\":\"https:\\\/\\\/mirora.com\\\/fransizca-ceviri\\\/\",\"name\":\"Frans\u0131zca \u00c7eviri - Mirora Translation\",\"isPartOf\":{\"@id\":\"https:\\\/\\\/mirora.com\\\/#website\"},\"primaryImageOfPage\":{\"@id\":\"https:\\\/\\\/mirora.com\\\/fransizca-ceviri\\\/#primaryimage\"},\"image\":{\"@id\":\"https:\\\/\\\/mirora.com\\\/fransizca-ceviri\\\/#primaryimage\"},\"thumbnailUrl\":\"https:\\\/\\\/themeholy.com\\\/wordpress\\\/edura\\\/wp-content\\\/uploads\\\/2023\\\/07\\\/cta-icon1.png\",\"datePublished\":\"2024-05-30T22:54:36+00:00\",\"dateModified\":\"2025-05-14T00:58:58+00:00\",\"description\":\"Frans\u0131zca, Hint-Avrupa dil ailesinin Romen dilleri alt biriminden, Fransa ve Frans\u0131z uygarl\u0131\u011f\u0131n\u0131 benimsemi\u015f ve eski Frans\u0131z s\u00f6m\u00fcrgesi \u00fclkelerde konu\u015fulan dildir.\",\"inLanguage\":\"tr\",\"potentialAction\":[{\"@type\":\"ReadAction\",\"target\":[\"https:\\\/\\\/mirora.com\\\/fransizca-ceviri\\\/\"]}]},{\"@type\":\"ImageObject\",\"inLanguage\":\"tr\",\"@id\":\"https:\\\/\\\/mirora.com\\\/fransizca-ceviri\\\/#primaryimage\",\"url\":\"https:\\\/\\\/themeholy.com\\\/wordpress\\\/edura\\\/wp-content\\\/uploads\\\/2023\\\/07\\\/cta-icon1.png\",\"contentUrl\":\"https:\\\/\\\/themeholy.com\\\/wordpress\\\/edura\\\/wp-content\\\/uploads\\\/2023\\\/07\\\/cta-icon1.png\"},{\"@type\":\"WebSite\",\"@id\":\"https:\\\/\\\/mirora.com\\\/#website\",\"url\":\"https:\\\/\\\/mirora.com\\\/\",\"name\":\"Mirora Translation\",\"description\":\"We Reflect Your Originals\",\"publisher\":{\"@id\":\"https:\\\/\\\/mirora.com\\\/#organization\"},\"potentialAction\":[{\"@type\":\"SearchAction\",\"target\":{\"@type\":\"EntryPoint\",\"urlTemplate\":\"https:\\\/\\\/mirora.com\\\/?s={search_term_string}\"},\"query-input\":{\"@type\":\"PropertyValueSpecification\",\"valueRequired\":true,\"valueName\":\"search_term_string\"}}],\"inLanguage\":\"tr\"},{\"@type\":\"Organization\",\"@id\":\"https:\\\/\\\/mirora.com\\\/#organization\",\"name\":\"Mirora\",\"url\":\"https:\\\/\\\/mirora.com\\\/\",\"logo\":{\"@type\":\"ImageObject\",\"inLanguage\":\"tr\",\"@id\":\"https:\\\/\\\/mirora.com\\\/#\\\/schema\\\/logo\\\/image\\\/\",\"url\":\"https:\\\/\\\/mirora.com\\\/wp-content\\\/uploads\\\/2023\\\/07\\\/MiroraLogo2.webp\",\"contentUrl\":\"https:\\\/\\\/mirora.com\\\/wp-content\\\/uploads\\\/2023\\\/07\\\/MiroraLogo2.webp\",\"width\":326,\"height\":108,\"caption\":\"Mirora\"},\"image\":{\"@id\":\"https:\\\/\\\/mirora.com\\\/#\\\/schema\\\/logo\\\/image\\\/\"}}]}<\/script>\n<!-- \/ Yoast SEO plugin. -->","yoast_head_json":{"title":"Frans\u0131zca \u00c7eviri - Mirora Translation","description":"Frans\u0131zca, Hint-Avrupa dil ailesinin Romen dilleri alt biriminden, Fransa ve Frans\u0131z uygarl\u0131\u011f\u0131n\u0131 benimsemi\u015f ve eski Frans\u0131z s\u00f6m\u00fcrgesi \u00fclkelerde konu\u015fulan dildir.","robots":{"index":"index","follow":"follow","max-snippet":"max-snippet:-1","max-image-preview":"max-image-preview:large","max-video-preview":"max-video-preview:-1"},"canonical":"https:\/\/mirora.com\/tr\/fransizca-ceviri\/","og_locale":"tr_TR","og_type":"article","og_title":"Frans\u0131zca \u00c7eviri - Mirora Translation","og_description":"Frans\u0131zca, Hint-Avrupa dil ailesinin Romen dilleri alt biriminden, Fransa ve Frans\u0131z uygarl\u0131\u011f\u0131n\u0131 benimsemi\u015f ve eski Frans\u0131z s\u00f6m\u00fcrgesi \u00fclkelerde konu\u015fulan dildir.","og_url":"https:\/\/mirora.com\/tr\/fransizca-ceviri\/","og_site_name":"Mirora Translation","article_modified_time":"2025-05-14T00:58:58+00:00","og_image":[{"url":"https:\/\/themeholy.com\/wordpress\/edura\/wp-content\/uploads\/2023\/07\/cta-icon1.png","type":"","width":"","height":""}],"twitter_card":"summary_large_image","twitter_misc":{"Tahmini okuma s\u00fcresi":"1 dakika"},"schema":{"@context":"https:\/\/schema.org","@graph":[{"@type":"WebPage","@id":"https:\/\/mirora.com\/fransizca-ceviri\/","url":"https:\/\/mirora.com\/fransizca-ceviri\/","name":"Frans\u0131zca \u00c7eviri - Mirora Translation","isPartOf":{"@id":"https:\/\/mirora.com\/#website"},"primaryImageOfPage":{"@id":"https:\/\/mirora.com\/fransizca-ceviri\/#primaryimage"},"image":{"@id":"https:\/\/mirora.com\/fransizca-ceviri\/#primaryimage"},"thumbnailUrl":"https:\/\/themeholy.com\/wordpress\/edura\/wp-content\/uploads\/2023\/07\/cta-icon1.png","datePublished":"2024-05-30T22:54:36+00:00","dateModified":"2025-05-14T00:58:58+00:00","description":"Frans\u0131zca, Hint-Avrupa dil ailesinin Romen dilleri alt biriminden, Fransa ve Frans\u0131z uygarl\u0131\u011f\u0131n\u0131 benimsemi\u015f ve eski Frans\u0131z s\u00f6m\u00fcrgesi \u00fclkelerde konu\u015fulan dildir.","inLanguage":"tr","potentialAction":[{"@type":"ReadAction","target":["https:\/\/mirora.com\/fransizca-ceviri\/"]}]},{"@type":"ImageObject","inLanguage":"tr","@id":"https:\/\/mirora.com\/fransizca-ceviri\/#primaryimage","url":"https:\/\/themeholy.com\/wordpress\/edura\/wp-content\/uploads\/2023\/07\/cta-icon1.png","contentUrl":"https:\/\/themeholy.com\/wordpress\/edura\/wp-content\/uploads\/2023\/07\/cta-icon1.png"},{"@type":"WebSite","@id":"https:\/\/mirora.com\/#website","url":"https:\/\/mirora.com\/","name":"Mirora Translation","description":"We Reflect Your Originals","publisher":{"@id":"https:\/\/mirora.com\/#organization"},"potentialAction":[{"@type":"SearchAction","target":{"@type":"EntryPoint","urlTemplate":"https:\/\/mirora.com\/?s={search_term_string}"},"query-input":{"@type":"PropertyValueSpecification","valueRequired":true,"valueName":"search_term_string"}}],"inLanguage":"tr"},{"@type":"Organization","@id":"https:\/\/mirora.com\/#organization","name":"Mirora","url":"https:\/\/mirora.com\/","logo":{"@type":"ImageObject","inLanguage":"tr","@id":"https:\/\/mirora.com\/#\/schema\/logo\/image\/","url":"https:\/\/mirora.com\/wp-content\/uploads\/2023\/07\/MiroraLogo2.webp","contentUrl":"https:\/\/mirora.com\/wp-content\/uploads\/2023\/07\/MiroraLogo2.webp","width":326,"height":108,"caption":"Mirora"},"image":{"@id":"https:\/\/mirora.com\/#\/schema\/logo\/image\/"}}]}},"_links":{"self":[{"href":"https:\/\/mirora.com\/tr\/wp-json\/wp\/v2\/pages\/6823","targetHints":{"allow":["GET"]}}],"collection":[{"href":"https:\/\/mirora.com\/tr\/wp-json\/wp\/v2\/pages"}],"about":[{"href":"https:\/\/mirora.com\/tr\/wp-json\/wp\/v2\/types\/page"}],"author":[{"embeddable":true,"href":"https:\/\/mirora.com\/tr\/wp-json\/wp\/v2\/users\/1"}],"replies":[{"embeddable":true,"href":"https:\/\/mirora.com\/tr\/wp-json\/wp\/v2\/comments?post=6823"}],"version-history":[{"count":13,"href":"https:\/\/mirora.com\/tr\/wp-json\/wp\/v2\/pages\/6823\/revisions"}],"predecessor-version":[{"id":22223,"href":"https:\/\/mirora.com\/tr\/wp-json\/wp\/v2\/pages\/6823\/revisions\/22223"}],"wp:attachment":[{"href":"https:\/\/mirora.com\/tr\/wp-json\/wp\/v2\/media?parent=6823"}],"curies":[{"name":"wp","href":"https:\/\/api.w.org\/{rel}","templated":true}]}}