

{"id":6828,"date":"2024-05-31T01:55:42","date_gmt":"2024-05-30T22:55:42","guid":{"rendered":"https:\/\/mirora.com\/?page_id=6828"},"modified":"2025-05-14T03:59:09","modified_gmt":"2025-05-14T00:59:09","slug":"hintce-ceviri","status":"publish","type":"page","link":"https:\/\/mirora.com\/tr\/hintce-ceviri\/","title":{"rendered":"Hint\u00e7e \u00c7eviri"},"content":{"rendered":"\t\t<div data-elementor-type=\"wp-page\" data-elementor-id=\"6828\" class=\"elementor elementor-6828\" data-elementor-post-type=\"page\">\n\t\t\t\t<div class=\"elementor-element elementor-element-41fbc6f e-flex e-con-boxed e-con e-parent\" data-id=\"41fbc6f\" data-element_type=\"container\" data-e-type=\"container\" data-settings=\"{&quot;background_background&quot;:&quot;classic&quot;}\">\n\t\t\t\t\t<div class=\"e-con-inner\">\n\t\t\t\t<div class=\"elementor-element elementor-element-8198512 elementor-widget elementor-widget-heading\" data-id=\"8198512\" data-element_type=\"widget\" data-e-type=\"widget\" data-widget_type=\"heading.default\">\n\t\t\t\t\t<h1 class=\"elementor-heading-title elementor-size-default\">Footer One<\/h1>\t\t\t\t<\/div>\n\t\t\t\t\t<\/div>\n\t\t\t\t<\/div>\n\t\t\t\t<section class=\"elementor-section elementor-top-section elementor-element elementor-element-7144dec elementor-section-full_width elementor-section-height-default elementor-section-height-default\" data-id=\"7144dec\" data-element_type=\"section\" data-e-type=\"section\">\n\t\t\t\t\t\t<div class=\"elementor-container elementor-column-gap-no\">\n\t\t\t\t\t<div class=\"elementor-column elementor-col-100 elementor-top-column elementor-element elementor-element-2ac3368\" data-id=\"2ac3368\" data-element_type=\"column\" data-e-type=\"column\">\n\t\t\t<div class=\"elementor-widget-wrap elementor-element-populated\">\n\t\t\t\t\t\t<section class=\"elementor-section elementor-inner-section elementor-element elementor-element-6cf5ae6 elementor-section-content-middle elementor-section-boxed elementor-section-height-default elementor-section-height-default\" data-id=\"6cf5ae6\" data-element_type=\"section\" data-e-type=\"section\">\n\t\t\t\t\t\t<div class=\"elementor-container elementor-column-gap-no\">\n\t\t\t\t\t<div class=\"elementor-column elementor-col-100 elementor-inner-column elementor-element elementor-element-309d6ce\" data-id=\"309d6ce\" data-element_type=\"column\" data-e-type=\"column\">\n\t\t\t<div class=\"elementor-widget-wrap elementor-element-populated\">\n\t\t\t\t\t\t<div class=\"elementor-element elementor-element-83a00e2 elementor-widget elementor-widget-text-editor\" data-id=\"83a00e2\" data-element_type=\"widget\" data-e-type=\"widget\" data-widget_type=\"text-editor.default\">\n\t\t\t\t\t\t\t\t\t<p>Hint-Avrupa dil ailesine ait bir dil olan\u00a0Hint\u00e7e, Pakistan\u2019\u0131n resmi dili olan Urduca ile beraber Hindustani dilinin iki standart yaz\u0131l\u0131 formundan birini olu\u015fturan Hint dilidir. Hindistan\u2019\u0131n kuzey, merkez ve bat\u0131s\u0131nda konu\u015fulan bu dil, \u0130ngilizcenin ve 22 di\u011fer yerel dilin yan\u0131 s\u0131ra, Hindistan\u2019da ya\u015fayan insanlar\u0131n pek \u00e7o\u011funun anadilidir. Hindistan\u2019da kullan\u0131lan yaz\u0131 sistemi Devan\u0101gar\u012b; Pakistan\u2019da ise Arap alfabesidir.<\/p><p>Hindistan ve G\u00fcney Asya\u2019da pek \u00e7ok eyalette ba\u015fka diller kullan\u0131lsa da \u0130ngilizce ve Hint\u00e7e \u00e7o\u011funlukla ge\u00e7erli dil olarak kabul edilir. Hindistan, \u015fu anda Hint\u00e7e kullan\u0131m\u0131n\u0131 yayg\u0131nla\u015ft\u0131rmak ve tek dil b\u00fct\u00fcnl\u00fc\u011f\u00fcn\u00fc olu\u015fturabilmeye \u00e7al\u0131\u015fmaktad\u0131r. Hint\u00e7e Hindistan d\u0131\u015f\u0131nda daha \u00e7ok Hint sinemas\u0131 (Bollywood) ile tan\u0131nm\u0131\u015f ve film m\u00fczikleri ile sevilmi\u015ftir.<\/p><p>Modern standart Hint\u00e7e, Delhi\u2019de konu\u015fulan leh\u00e7eyi esas alm\u0131\u015ft\u0131r. Bab\u00fcrl\u00fc h\u00e2kimiyetinin son y\u0131llar\u0131nda ise Urdu dili sayg\u0131nl\u0131k dili haline gelmeye ba\u015flam\u0131\u015ft\u0131r. Modern Hint\u00e7enin edebi kullan\u0131m\u0131 18. y\u00fczy\u0131l\u0131n sonlar\u0131nda olu\u015fmu\u015ftur. 19. y\u00fczy\u0131l\u0131n sonlar\u0131nda, Urducadan ayr\u0131 olarak Hint\u00e7eyi geli\u015ftirmek i\u00e7in bir hareket olu\u015ftu. 1881\u2019de Urducan\u0131n yerini alan tek resmi dil Hint\u00e7e olarak kabul edildi. Bu sayede Hint\u00e7eyi benimseyen ilk Hindistan devleti oldu. Devanagari yaz\u0131 sistemine sahip olan Hint\u00e7e, 1949 y\u0131l\u0131nda Hindistan\u2019\u0131n resmi dili oldu.<\/p><p>Mirora Hindistan\u2019daki kurumsal \u00e7eviri \u015firketleriyle uzun y\u0131llard\u0131r i\u015fbirli\u011fi sa\u011flam\u0131\u015ft\u0131r. Bu sayede Mirora, \u00f6zellikle \u0130ngilizceyi tampon dil olarak kullanarak, d\u00fcnyan\u0131n b\u00fct\u00fcn dillerinden Hindistan\u2019da konu\u015fulan y\u00fczlerce dile ve\u00a0Hint\u00e7eden d\u00fcnyan\u0131n t\u00fcm dillerine profesyonel \u00e7eviri\u00a0ekiplerince, kaliteli, h\u0131zl\u0131, g\u00fcvenilir ve rekabet\u00e7i fiyatlarla \u00e7eviri hizmeti vermektedir.<\/p><p>Devanagari Alfabesi<\/p><p>Devanagari alfabesi, Hindistan\u2019da kullan\u0131lan en yayg\u0131n alfabedir. Hint\u00e7e, Sanskrit\u00e7e, Marice, Nepalce, Ka\u015fmirce de dahil 500 milyon insandan fazla konu\u015ftu\u011fu yirmi sekiz farkl\u0131 dilin yaz\u0131m\u0131nda bu alfabe kullan\u0131l\u0131r.<\/p>\t\t\t\t\t\t\t\t<\/div>\n\t\t\t\t\t<\/div>\n\t\t<\/div>\n\t\t\t\t\t<\/div>\n\t\t<\/section>\n\t\t\t\t\t<\/div>\n\t\t<\/div>\n\t\t\t\t\t<\/div>\n\t\t<\/section>\n\t\t\t\t<section class=\"elementor-section elementor-top-section elementor-element elementor-element-91d946b elementor-section-full_width elementor-section-height-default elementor-section-height-default\" data-id=\"91d946b\" data-element_type=\"section\" data-e-type=\"section\">\n\t\t\t\t\t\t<div class=\"elementor-container elementor-column-gap-no\">\n\t\t\t\t\t<div class=\"elementor-column elementor-col-100 elementor-top-column elementor-element elementor-element-207c427\" data-id=\"207c427\" data-element_type=\"column\" data-e-type=\"column\">\n\t\t\t<div class=\"elementor-widget-wrap elementor-element-populated\">\n\t\t\t\t\t\t<div class=\"elementor-element elementor-element-b860bc1 elementor-widget elementor-widget-eduracta\" data-id=\"b860bc1\" data-element_type=\"widget\" data-e-type=\"widget\" data-widget_type=\"eduracta.default\">\n\t\t\t\t<div class=\"elementor-widget-container\">\n\t\t\t\t\t<div class=\"cta-area-1\" data-bg-src=\"https:\/\/themeholy.com\/wordpress\/edura\/wp-content\/uploads\/2023\/07\/cta-bg1.png\"><div class=\"container\"><div class=\"row align-items-center justify-content-between\"><div class=\"col-lg-8\"><div class=\"cta-wrap title-area mb-0\"><div class=\"cta-icon\"><img decoding=\"async\" src=\"https:\/\/themeholy.com\/wordpress\/edura\/wp-content\/uploads\/2023\/07\/cta-icon1.png\" alt=\"icon\"><\/div><div class=\"cta-content\"><h2 class=\"cta-title th-title sec-title\">Hemen Teklif Al<\/h2><p class=\"cta-text th-desc\">Markana de\u011fer katmak Mirora ile bir t\u0131k uza\u011f\u0131nda.<\/p><\/div><a href=\"https:\/\/mirora.com\/teklif-al\/\" class=\"th-btn th_btn style8\">Teklif Al!<i class=\"fa-regular fa-arrow-right ms-1\"><\/i><\/a><\/div><\/div><\/div><\/div><div class=\"cta-img-1\" data-overlay=\"title\" data-opacity=\"8\"><img decoding=\"async\" src=\"https:\/\/themeholy.com\/wordpress\/edura\/wp-content\/uploads\/2023\/07\/cta_1_1.png\" alt=\"Image\"><\/div><\/div>\t\t\t\t<\/div>\n\t\t\t\t<\/div>\n\t\t\t\t\t<\/div>\n\t\t<\/div>\n\t\t\t\t\t<\/div>\n\t\t<\/section>\n\t\t\t\t<\/div>\n\t\t","protected":false},"excerpt":{"rendered":"<p>Hint-Avrupa dil ailesine ait bir dil olan\u00a0Hint\u00e7e, Pakistan\u2019\u0131n resmi dili olan Urduca ile beraber Hindustani dilinin iki standart yaz\u0131l\u0131 formundan&#8230;<\/p>\n","protected":false},"author":1,"featured_media":0,"parent":0,"menu_order":0,"comment_status":"closed","ping_status":"closed","template":"template-builder.php","meta":{"_monsterinsights_skip_tracking":false,"_monsterinsights_sitenote_active":false,"_monsterinsights_sitenote_note":"","_monsterinsights_sitenote_category":0,"footnotes":""},"class_list":["post-6828","page","type-page","status-publish","hentry"],"yoast_head":"<!-- This site is optimized with the Yoast SEO plugin v27.3 - https:\/\/yoast.com\/product\/yoast-seo-wordpress\/ -->\n<title>Hint\u00e7e \u00c7eviri - Mirora Translation<\/title>\n<meta name=\"description\" content=\"Hint\u00e7e, Pakistan&#039;\u0131n resm\u00ee dili olan Urduca ile beraber Hindustani dilinin iki standart yaz\u0131l\u0131 formundan birini olu\u015fturan Hint dilidir.\" \/>\n<meta name=\"robots\" content=\"index, follow, max-snippet:-1, max-image-preview:large, max-video-preview:-1\" \/>\n<link rel=\"canonical\" href=\"https:\/\/mirora.com\/tr\/hintce-ceviri\/\" \/>\n<meta property=\"og:locale\" content=\"tr_TR\" \/>\n<meta property=\"og:type\" content=\"article\" \/>\n<meta property=\"og:title\" content=\"Hint\u00e7e \u00c7eviri - Mirora Translation\" \/>\n<meta property=\"og:description\" content=\"Hint\u00e7e, Pakistan&#039;\u0131n resm\u00ee dili olan Urduca ile beraber Hindustani dilinin iki standart yaz\u0131l\u0131 formundan birini olu\u015fturan Hint dilidir.\" \/>\n<meta property=\"og:url\" content=\"https:\/\/mirora.com\/tr\/hintce-ceviri\/\" \/>\n<meta property=\"og:site_name\" content=\"Mirora Translation\" \/>\n<meta property=\"article:modified_time\" content=\"2025-05-14T00:59:09+00:00\" \/>\n<meta property=\"og:image\" content=\"https:\/\/themeholy.com\/wordpress\/edura\/wp-content\/uploads\/2023\/07\/cta-icon1.png\" \/>\n<meta name=\"twitter:card\" content=\"summary_large_image\" \/>\n<meta name=\"twitter:label1\" content=\"Tahmini okuma s\u00fcresi\" \/>\n\t<meta name=\"twitter:data1\" content=\"1 dakika\" \/>\n<script type=\"application\/ld+json\" class=\"yoast-schema-graph\">{\"@context\":\"https:\\\/\\\/schema.org\",\"@graph\":[{\"@type\":\"WebPage\",\"@id\":\"https:\\\/\\\/mirora.com\\\/hintce-ceviri\\\/\",\"url\":\"https:\\\/\\\/mirora.com\\\/hintce-ceviri\\\/\",\"name\":\"Hint\u00e7e \u00c7eviri - Mirora Translation\",\"isPartOf\":{\"@id\":\"https:\\\/\\\/mirora.com\\\/#website\"},\"primaryImageOfPage\":{\"@id\":\"https:\\\/\\\/mirora.com\\\/hintce-ceviri\\\/#primaryimage\"},\"image\":{\"@id\":\"https:\\\/\\\/mirora.com\\\/hintce-ceviri\\\/#primaryimage\"},\"thumbnailUrl\":\"https:\\\/\\\/themeholy.com\\\/wordpress\\\/edura\\\/wp-content\\\/uploads\\\/2023\\\/07\\\/cta-icon1.png\",\"datePublished\":\"2024-05-30T22:55:42+00:00\",\"dateModified\":\"2025-05-14T00:59:09+00:00\",\"description\":\"Hint\u00e7e, Pakistan'\u0131n resm\u00ee dili olan Urduca ile beraber Hindustani dilinin iki standart yaz\u0131l\u0131 formundan birini olu\u015fturan Hint dilidir.\",\"inLanguage\":\"tr\",\"potentialAction\":[{\"@type\":\"ReadAction\",\"target\":[\"https:\\\/\\\/mirora.com\\\/hintce-ceviri\\\/\"]}]},{\"@type\":\"ImageObject\",\"inLanguage\":\"tr\",\"@id\":\"https:\\\/\\\/mirora.com\\\/hintce-ceviri\\\/#primaryimage\",\"url\":\"https:\\\/\\\/themeholy.com\\\/wordpress\\\/edura\\\/wp-content\\\/uploads\\\/2023\\\/07\\\/cta-icon1.png\",\"contentUrl\":\"https:\\\/\\\/themeholy.com\\\/wordpress\\\/edura\\\/wp-content\\\/uploads\\\/2023\\\/07\\\/cta-icon1.png\"},{\"@type\":\"WebSite\",\"@id\":\"https:\\\/\\\/mirora.com\\\/#website\",\"url\":\"https:\\\/\\\/mirora.com\\\/\",\"name\":\"Mirora Translation\",\"description\":\"We Reflect Your Originals\",\"publisher\":{\"@id\":\"https:\\\/\\\/mirora.com\\\/#organization\"},\"potentialAction\":[{\"@type\":\"SearchAction\",\"target\":{\"@type\":\"EntryPoint\",\"urlTemplate\":\"https:\\\/\\\/mirora.com\\\/?s={search_term_string}\"},\"query-input\":{\"@type\":\"PropertyValueSpecification\",\"valueRequired\":true,\"valueName\":\"search_term_string\"}}],\"inLanguage\":\"tr\"},{\"@type\":\"Organization\",\"@id\":\"https:\\\/\\\/mirora.com\\\/#organization\",\"name\":\"Mirora\",\"url\":\"https:\\\/\\\/mirora.com\\\/\",\"logo\":{\"@type\":\"ImageObject\",\"inLanguage\":\"tr\",\"@id\":\"https:\\\/\\\/mirora.com\\\/#\\\/schema\\\/logo\\\/image\\\/\",\"url\":\"https:\\\/\\\/mirora.com\\\/wp-content\\\/uploads\\\/2023\\\/07\\\/MiroraLogo2.webp\",\"contentUrl\":\"https:\\\/\\\/mirora.com\\\/wp-content\\\/uploads\\\/2023\\\/07\\\/MiroraLogo2.webp\",\"width\":326,\"height\":108,\"caption\":\"Mirora\"},\"image\":{\"@id\":\"https:\\\/\\\/mirora.com\\\/#\\\/schema\\\/logo\\\/image\\\/\"}}]}<\/script>\n<!-- \/ Yoast SEO plugin. -->","yoast_head_json":{"title":"Hint\u00e7e \u00c7eviri - Mirora Translation","description":"Hint\u00e7e, Pakistan'\u0131n resm\u00ee dili olan Urduca ile beraber Hindustani dilinin iki standart yaz\u0131l\u0131 formundan birini olu\u015fturan Hint dilidir.","robots":{"index":"index","follow":"follow","max-snippet":"max-snippet:-1","max-image-preview":"max-image-preview:large","max-video-preview":"max-video-preview:-1"},"canonical":"https:\/\/mirora.com\/tr\/hintce-ceviri\/","og_locale":"tr_TR","og_type":"article","og_title":"Hint\u00e7e \u00c7eviri - Mirora Translation","og_description":"Hint\u00e7e, Pakistan'\u0131n resm\u00ee dili olan Urduca ile beraber Hindustani dilinin iki standart yaz\u0131l\u0131 formundan birini olu\u015fturan Hint dilidir.","og_url":"https:\/\/mirora.com\/tr\/hintce-ceviri\/","og_site_name":"Mirora Translation","article_modified_time":"2025-05-14T00:59:09+00:00","og_image":[{"url":"https:\/\/themeholy.com\/wordpress\/edura\/wp-content\/uploads\/2023\/07\/cta-icon1.png","type":"","width":"","height":""}],"twitter_card":"summary_large_image","twitter_misc":{"Tahmini okuma s\u00fcresi":"1 dakika"},"schema":{"@context":"https:\/\/schema.org","@graph":[{"@type":"WebPage","@id":"https:\/\/mirora.com\/hintce-ceviri\/","url":"https:\/\/mirora.com\/hintce-ceviri\/","name":"Hint\u00e7e \u00c7eviri - Mirora Translation","isPartOf":{"@id":"https:\/\/mirora.com\/#website"},"primaryImageOfPage":{"@id":"https:\/\/mirora.com\/hintce-ceviri\/#primaryimage"},"image":{"@id":"https:\/\/mirora.com\/hintce-ceviri\/#primaryimage"},"thumbnailUrl":"https:\/\/themeholy.com\/wordpress\/edura\/wp-content\/uploads\/2023\/07\/cta-icon1.png","datePublished":"2024-05-30T22:55:42+00:00","dateModified":"2025-05-14T00:59:09+00:00","description":"Hint\u00e7e, Pakistan'\u0131n resm\u00ee dili olan Urduca ile beraber Hindustani dilinin iki standart yaz\u0131l\u0131 formundan birini olu\u015fturan Hint dilidir.","inLanguage":"tr","potentialAction":[{"@type":"ReadAction","target":["https:\/\/mirora.com\/hintce-ceviri\/"]}]},{"@type":"ImageObject","inLanguage":"tr","@id":"https:\/\/mirora.com\/hintce-ceviri\/#primaryimage","url":"https:\/\/themeholy.com\/wordpress\/edura\/wp-content\/uploads\/2023\/07\/cta-icon1.png","contentUrl":"https:\/\/themeholy.com\/wordpress\/edura\/wp-content\/uploads\/2023\/07\/cta-icon1.png"},{"@type":"WebSite","@id":"https:\/\/mirora.com\/#website","url":"https:\/\/mirora.com\/","name":"Mirora Translation","description":"We Reflect Your Originals","publisher":{"@id":"https:\/\/mirora.com\/#organization"},"potentialAction":[{"@type":"SearchAction","target":{"@type":"EntryPoint","urlTemplate":"https:\/\/mirora.com\/?s={search_term_string}"},"query-input":{"@type":"PropertyValueSpecification","valueRequired":true,"valueName":"search_term_string"}}],"inLanguage":"tr"},{"@type":"Organization","@id":"https:\/\/mirora.com\/#organization","name":"Mirora","url":"https:\/\/mirora.com\/","logo":{"@type":"ImageObject","inLanguage":"tr","@id":"https:\/\/mirora.com\/#\/schema\/logo\/image\/","url":"https:\/\/mirora.com\/wp-content\/uploads\/2023\/07\/MiroraLogo2.webp","contentUrl":"https:\/\/mirora.com\/wp-content\/uploads\/2023\/07\/MiroraLogo2.webp","width":326,"height":108,"caption":"Mirora"},"image":{"@id":"https:\/\/mirora.com\/#\/schema\/logo\/image\/"}}]}},"_links":{"self":[{"href":"https:\/\/mirora.com\/tr\/wp-json\/wp\/v2\/pages\/6828","targetHints":{"allow":["GET"]}}],"collection":[{"href":"https:\/\/mirora.com\/tr\/wp-json\/wp\/v2\/pages"}],"about":[{"href":"https:\/\/mirora.com\/tr\/wp-json\/wp\/v2\/types\/page"}],"author":[{"embeddable":true,"href":"https:\/\/mirora.com\/tr\/wp-json\/wp\/v2\/users\/1"}],"replies":[{"embeddable":true,"href":"https:\/\/mirora.com\/tr\/wp-json\/wp\/v2\/comments?post=6828"}],"version-history":[{"count":13,"href":"https:\/\/mirora.com\/tr\/wp-json\/wp\/v2\/pages\/6828\/revisions"}],"predecessor-version":[{"id":22226,"href":"https:\/\/mirora.com\/tr\/wp-json\/wp\/v2\/pages\/6828\/revisions\/22226"}],"wp:attachment":[{"href":"https:\/\/mirora.com\/tr\/wp-json\/wp\/v2\/media?parent=6828"}],"curies":[{"name":"wp","href":"https:\/\/api.w.org\/{rel}","templated":true}]}}