

{"id":6833,"date":"2024-05-31T01:56:29","date_gmt":"2024-05-30T22:56:29","guid":{"rendered":"https:\/\/mirora.com\/?page_id=6833"},"modified":"2025-05-14T03:59:22","modified_gmt":"2025-05-14T00:59:22","slug":"ibranice-ceviri","status":"publish","type":"page","link":"https:\/\/mirora.com\/tr\/ibranice-ceviri\/","title":{"rendered":"\u0130branice \u00c7eviri"},"content":{"rendered":"\t\t<div data-elementor-type=\"wp-page\" data-elementor-id=\"6833\" class=\"elementor elementor-6833\" data-elementor-post-type=\"page\">\n\t\t\t\t<div class=\"elementor-element elementor-element-4c8ff7e e-flex e-con-boxed e-con e-parent\" data-id=\"4c8ff7e\" data-element_type=\"container\" data-e-type=\"container\" data-settings=\"{&quot;background_background&quot;:&quot;classic&quot;}\">\n\t\t\t\t\t<div class=\"e-con-inner\">\n\t\t\t\t<div class=\"elementor-element elementor-element-e1feabc elementor-widget elementor-widget-heading\" data-id=\"e1feabc\" data-element_type=\"widget\" data-e-type=\"widget\" data-widget_type=\"heading.default\">\n\t\t\t\t\t<h1 class=\"elementor-heading-title elementor-size-default\">Footer One<\/h1>\t\t\t\t<\/div>\n\t\t\t\t\t<\/div>\n\t\t\t\t<\/div>\n\t\t\t\t<section class=\"elementor-section elementor-top-section elementor-element elementor-element-7144dec elementor-section-full_width elementor-section-height-default elementor-section-height-default\" data-id=\"7144dec\" data-element_type=\"section\" data-e-type=\"section\">\n\t\t\t\t\t\t<div class=\"elementor-container elementor-column-gap-no\">\n\t\t\t\t\t<div class=\"elementor-column elementor-col-100 elementor-top-column elementor-element elementor-element-2ac3368\" data-id=\"2ac3368\" data-element_type=\"column\" data-e-type=\"column\">\n\t\t\t<div class=\"elementor-widget-wrap elementor-element-populated\">\n\t\t\t\t\t\t<section class=\"elementor-section elementor-inner-section elementor-element elementor-element-6cf5ae6 elementor-section-content-middle elementor-section-boxed elementor-section-height-default elementor-section-height-default\" data-id=\"6cf5ae6\" data-element_type=\"section\" data-e-type=\"section\">\n\t\t\t\t\t\t<div class=\"elementor-container elementor-column-gap-no\">\n\t\t\t\t\t<div class=\"elementor-column elementor-col-100 elementor-inner-column elementor-element elementor-element-309d6ce\" data-id=\"309d6ce\" data-element_type=\"column\" data-e-type=\"column\">\n\t\t\t<div class=\"elementor-widget-wrap elementor-element-populated\">\n\t\t\t\t\t\t<div class=\"elementor-element elementor-element-83a00e2 elementor-widget elementor-widget-text-editor\" data-id=\"83a00e2\" data-element_type=\"widget\" data-e-type=\"widget\" data-widget_type=\"text-editor.default\">\n\t\t\t\t\t\t\t\t\t<p>\u0130branice,\u00a0Afro-Asyatik dil grubunun Kuzeybat\u0131 s\u0131n\u0131f\u0131ndaki, Kenan dilleri koluna ba\u011fl\u0131 ve \u0130srailo\u011fullar\u0131\u2019na \u00f6zg\u00fc olan Semitik bir dildir. Modern \u0130branice, 2013 istatistik verilerine g\u00f6re d\u00fcnya \u00e7ap\u0131nda dokuz milyondan fazla ki\u015fi taraf\u0131ndan konu\u015fulmaktad\u0131r. Ge\u00e7mi\u015fte bu dil, Tanah\u2019da \u201c\u0130branice\u201d ad\u0131yla an\u0131lmasa da, Yahudilerin ve atalar\u0131n\u0131n ulusal dili olarak kabul edilir. Paleo-\u0130branice\u2019nin ilk yaz\u0131l\u0131 \u00f6rnekleri M\u00d6 10. y\u00fczy\u0131ldan kalmaktad\u0131r.<\/p><p>\u0130srail\u2019in resm\u00ee dili olan \u0130branice, g\u00fcn\u00fcm\u00fczde h\u00e2l\u00e2 konu\u015fulan tek Kenan dili olma \u00f6zelli\u011fine sahiptir. \u0130srail d\u0131\u015f\u0131nda ya\u015fayan Yahudi az\u0131nl\u0131klar taraf\u0131ndan da konu\u015fulur ve Polonya\u2019da tan\u0131nm\u0131\u015f az\u0131nl\u0131k dilidir. \u0130branice, 22 harflik \u0130brani Alfabesinden olu\u015fur ve sa\u011fdan sola do\u011fru yaz\u0131l\u0131r. \u0130srail ve ABD ba\u015fta olmak \u00fczere Avustralya, Kanada, Almanya, Filistin, Panama ve Birle\u015fik Krall\u0131k\u2019ta konu\u015fulur. Bunun d\u0131\u015f\u0131nda Bat\u0131 \u015eeria\u2019da Yahudi olmayan bir az\u0131nl\u0131k ve d\u00fcnyan\u0131n pek \u00e7ok yerindeki Yahudi az\u0131nl\u0131klar taraf\u0131ndan dini dil olarak konu\u015fulur.<\/p><p>\u0130branice \u00c7eviri Hizmeti<\/p><p>Mirora \u0130srail\u2019deki kurumsal \u00e7eviri \u015firketleriyle uzun y\u0131llard\u0131r i\u015fbirli\u011fi sa\u011flam\u0131\u015ft\u0131r. Bu sayede Mirora \u00f6zellikle \u0130ngilizceyi tampon dil olarak kullanarak, d\u00fcnyan\u0131n b\u00fct\u00fcn dillerinden \u0130braniceye ve \u0130braniceden d\u00fcnyan\u0131n t\u00fcm dillerine profesyonel \u00e7eviri ekiplerince, kaliteli, h\u0131zl\u0131, g\u00fcvenilir ve rekabet\u00e7i fiyatlarla \u00e7eviri hizmeti vermektedir.<\/p>\t\t\t\t\t\t\t\t<\/div>\n\t\t\t\t\t<\/div>\n\t\t<\/div>\n\t\t\t\t\t<\/div>\n\t\t<\/section>\n\t\t\t\t\t<\/div>\n\t\t<\/div>\n\t\t\t\t\t<\/div>\n\t\t<\/section>\n\t\t<div class=\"elementor-element elementor-element-989c466 e-flex e-con-boxed e-con e-parent\" data-id=\"989c466\" data-element_type=\"container\" data-e-type=\"container\">\n\t\t\t\t\t<div class=\"e-con-inner\">\n\t\t\t\t<div class=\"elementor-element elementor-element-6252e7d elementor-widget elementor-widget-heading\" data-id=\"6252e7d\" data-element_type=\"widget\" data-e-type=\"widget\" data-widget_type=\"heading.default\">\n\t\t\t\t\t<h2 class=\"elementor-heading-title elementor-size-default\">Bu Yaz\u0131lar\u0131m\u0131z \u0130lginizi \u00c7ekebilir ! Hizmetimiz ile ilgili daha fazla bilgi edinin.<\/h2>\t\t\t\t<\/div>\n\t\t\t\t<div class=\"elementor-element elementor-element-db42b24 elementor-widget-divider--view-line elementor-widget elementor-widget-divider\" data-id=\"db42b24\" data-element_type=\"widget\" data-e-type=\"widget\" data-widget_type=\"divider.default\">\n\t\t\t\t\t\t\t<div class=\"elementor-divider\">\n\t\t\t<span class=\"elementor-divider-separator\">\n\t\t\t\t\t\t<\/span>\n\t\t<\/div>\n\t\t\t\t\t\t<\/div>\n\t\t\t\t\t<\/div>\n\t\t\t\t<\/div>\n\t\t<div class=\"elementor-element elementor-element-f99cbb4 e-flex e-con-boxed e-con e-parent\" data-id=\"f99cbb4\" data-element_type=\"container\" data-e-type=\"container\">\n\t\t\t\t\t<div class=\"e-con-inner\">\n\t\t<div class=\"elementor-element elementor-element-29bcf2a e-con-full e-flex e-con e-child\" data-id=\"29bcf2a\" data-element_type=\"container\" data-e-type=\"container\">\n\t\t\t\t<div class=\"elementor-element elementor-element-3fb251d premium-blog-align-left elementor-widget elementor-widget-premium-addon-blog\" data-id=\"3fb251d\" data-element_type=\"widget\" data-e-type=\"widget\" data-settings=\"{&quot;premium_blog_columns_number&quot;:&quot;100%&quot;,&quot;premium_blog_grid&quot;:&quot;yes&quot;,&quot;premium_blog_layout&quot;:&quot;even&quot;,&quot;premium_blog_columns_number_tablet&quot;:&quot;50%&quot;,&quot;premium_blog_columns_number_mobile&quot;:&quot;100%&quot;}\" data-widget_type=\"premium-addon-blog.default\">\n\t\t\t\t\t\n\t\t\n\n\t\t\t\t<div class=\"premium-blog-wrap  premium-blog-even\" data-page=\"6833\">\n\t\t\t\t\t\t\t\t\t<div class=\"premium-blog-post-outer-container\" data-total=\"1\">\n\t\t\t<div class=\"premium-blog-post-container premium-blog-skin-banner\">\n\t\t\t\t\t\t\t\t\t<div class=\"premium-blog-thumb-effect-wrapper\">\n\t\t\t\t\t\t<div class=\"premium-blog-thumbnail-container premium-blog-zoomin-effect\">\n\t\t\t\t\t\t\t<img fetchpriority=\"high\" decoding=\"async\" width=\"1024\" height=\"576\" src=\"https:\/\/mirora.com\/wp-content\/uploads\/2022\/04\/blog-Ibranice-min-1024x576-1.jpg\" class=\"attachment-full size-full wp-image-17234\" alt=\"\" srcset=\"https:\/\/mirora.com\/wp-content\/uploads\/2022\/04\/blog-Ibranice-min-1024x576-1.jpg 1024w, https:\/\/mirora.com\/wp-content\/uploads\/2022\/04\/blog-Ibranice-min-1024x576-1-300x169.jpg 300w, https:\/\/mirora.com\/wp-content\/uploads\/2022\/04\/blog-Ibranice-min-1024x576-1-768x432.jpg 768w, https:\/\/mirora.com\/wp-content\/uploads\/2022\/04\/blog-Ibranice-min-1024x576-1-18x10.jpg 18w\" sizes=\"(max-width: 1024px) 100vw, 1024px\" \/>\t\t\t\t\t\t<\/div>\n\t\t\t\t\t\t\t\t\t\t\t\t\t<div class=\"premium-blog-thumbnail-overlay\">\n\t\t\t\t\t\t\t\t<a class=\"elementor-icon\" href=\"https:\/\/mirora.com\/tr\/modern-ibranice-ve-ceviri\/\" target=\"_blank\"><\/a>\n\t\t\t\t\t\t\t<\/div>\n\n\t\t\t\t\t\t\t\t\t\t\t\t\t\t\t\t\t\t<\/div>\n\t\t\t\t\t\t\t\t\t\t\t\t<div class=\"premium-blog-content-wrapper \">\n\n\t\t\t\t\t<div class=\"premium-blog-inner-container\">\n\n\t\t\t\t\t\t\t\t\t\t\t\t\t\t<h2 class=\"premium-blog-entry-title\">\n\t\t\t<a href=\"https:\/\/mirora.com\/tr\/modern-ibranice-ve-ceviri\/\" target=\"_blank\">\n\t\t\t\tModern \u0130branice ve \u00c7eviri\t\t\t<\/a>\n\t\t<\/h2>\n\t\t\t\t<div class=\"premium-blog-entry-meta\">\n\t\t\t\n\t\t\t\n\t\t\t\n\t\t\t\t\t<\/div>\n\t\t\n\t\t\t\t\t<\/div>\n\n\t\t\t\t\t\t\t<div class=\"premium-blog-content-inner-wrapper\">\n\t\t<p class=\"premium-blog-post-content\">Ba\u015fl\u0131\u011f\u0131 okuyunca \u2018\u2019Modern \u0130branice nedir ki?\u2019\u2019 diye merak edebilirsiniz. \u00c7o\u011funlukla sadece \u0130branice olarak adland\u0131rd\u0131\u011f\u0131m\u0131z bu dilin tarihi asl\u0131nda olduk\u00e7a geriye...<\/p>\t\t<\/div>\n\t\t\t\t\t\t\t\n\t\t\t\t<\/div>\n\t\t\t<\/div>\n\t\t<\/div>\n\n\t\t\t\t\t\t\t<\/div>\n\n\t\t\n\t\t\n\t\t\t\t\t\t<\/div>\n\t\t\t\t<\/div>\n\t\t\t\t\t<\/div>\n\t\t\t\t<\/div>\n\t\t\t\t<section class=\"elementor-section elementor-top-section elementor-element elementor-element-91d946b elementor-section-full_width elementor-section-height-default elementor-section-height-default\" data-id=\"91d946b\" data-element_type=\"section\" data-e-type=\"section\">\n\t\t\t\t\t\t<div class=\"elementor-container elementor-column-gap-no\">\n\t\t\t\t\t<div class=\"elementor-column elementor-col-100 elementor-top-column elementor-element elementor-element-207c427\" data-id=\"207c427\" data-element_type=\"column\" data-e-type=\"column\">\n\t\t\t<div class=\"elementor-widget-wrap elementor-element-populated\">\n\t\t\t\t\t\t<div class=\"elementor-element elementor-element-b860bc1 elementor-widget elementor-widget-eduracta\" data-id=\"b860bc1\" data-element_type=\"widget\" data-e-type=\"widget\" data-widget_type=\"eduracta.default\">\n\t\t\t\t<div class=\"elementor-widget-container\">\n\t\t\t\t\t<div class=\"cta-area-1\" data-bg-src=\"https:\/\/themeholy.com\/wordpress\/edura\/wp-content\/uploads\/2023\/07\/cta-bg1.png\"><div class=\"container\"><div class=\"row align-items-center justify-content-between\"><div class=\"col-lg-8\"><div class=\"cta-wrap title-area mb-0\"><div class=\"cta-icon\"><img decoding=\"async\" src=\"https:\/\/themeholy.com\/wordpress\/edura\/wp-content\/uploads\/2023\/07\/cta-icon1.png\" alt=\"icon\"><\/div><div class=\"cta-content\"><h2 class=\"cta-title th-title sec-title\">Hemen Teklif Al<\/h2><p class=\"cta-text th-desc\">Markana de\u011fer katmak Mirora ile bir t\u0131k uza\u011f\u0131nda.<\/p><\/div><a href=\"https:\/\/mirora.com\/teklif-al\/\" class=\"th-btn th_btn style8\">Teklif Al!<i class=\"fa-regular fa-arrow-right ms-1\"><\/i><\/a><\/div><\/div><\/div><\/div><div class=\"cta-img-1\" data-overlay=\"title\" data-opacity=\"8\"><img decoding=\"async\" src=\"https:\/\/themeholy.com\/wordpress\/edura\/wp-content\/uploads\/2023\/07\/cta_1_1.png\" alt=\"Image\"><\/div><\/div>\t\t\t\t<\/div>\n\t\t\t\t<\/div>\n\t\t\t\t\t<\/div>\n\t\t<\/div>\n\t\t\t\t\t<\/div>\n\t\t<\/section>\n\t\t\t\t<\/div>\n\t\t","protected":false},"excerpt":{"rendered":"<p>\u0130branice,\u00a0Afro-Asyatik dil grubunun Kuzeybat\u0131 s\u0131n\u0131f\u0131ndaki, Kenan dilleri koluna ba\u011fl\u0131 ve \u0130srailo\u011fullar\u0131\u2019na \u00f6zg\u00fc olan Semitik bir dildir. Modern \u0130branice, 2013 istatistik&#8230;<\/p>\n","protected":false},"author":1,"featured_media":0,"parent":0,"menu_order":0,"comment_status":"closed","ping_status":"closed","template":"template-builder.php","meta":{"_monsterinsights_skip_tracking":false,"_monsterinsights_sitenote_active":false,"_monsterinsights_sitenote_note":"","_monsterinsights_sitenote_category":0,"footnotes":""},"class_list":["post-6833","page","type-page","status-publish","hentry","th-blog blog-single"],"yoast_head":"<!-- This site is optimized with the Yoast SEO plugin v27.4 - https:\/\/yoast.com\/product\/yoast-seo-wordpress\/ -->\n<title>\u0130branice \u00c7eviri - Mirora Translation<\/title>\n<meta name=\"description\" content=\"\u0130branice Afro-Asyatik dil grubunun Kuzeybat\u0131 s\u0131n\u0131f\u0131ndaki, Kenan dilleri koluna ba\u011fl\u0131 ve \u0130srailo\u011fullar\u0131&#039;na \u00f6zg\u00fc olan Semitik bir dildir.\" \/>\n<meta name=\"robots\" content=\"index, follow, max-snippet:-1, max-image-preview:large, max-video-preview:-1\" \/>\n<link rel=\"canonical\" href=\"https:\/\/mirora.com\/tr\/ibranice-ceviri\/\" \/>\n<meta property=\"og:locale\" content=\"tr_TR\" \/>\n<meta property=\"og:type\" content=\"article\" \/>\n<meta property=\"og:title\" content=\"\u0130branice \u00c7eviri - Mirora Translation\" \/>\n<meta property=\"og:description\" content=\"\u0130branice Afro-Asyatik dil grubunun Kuzeybat\u0131 s\u0131n\u0131f\u0131ndaki, Kenan dilleri koluna ba\u011fl\u0131 ve \u0130srailo\u011fullar\u0131&#039;na \u00f6zg\u00fc olan Semitik bir dildir.\" \/>\n<meta property=\"og:url\" content=\"https:\/\/mirora.com\/tr\/ibranice-ceviri\/\" \/>\n<meta property=\"og:site_name\" content=\"Mirora Translation\" \/>\n<meta property=\"article:modified_time\" content=\"2025-05-14T00:59:22+00:00\" \/>\n<meta property=\"og:image\" content=\"https:\/\/mirora.com\/wp-content\/uploads\/2022\/04\/blog-Ibranice-min-1024x576-1.jpg\" \/>\n<meta name=\"twitter:card\" content=\"summary_large_image\" \/>\n<meta name=\"twitter:label1\" content=\"Tahmini okuma s\u00fcresi\" \/>\n\t<meta name=\"twitter:data1\" content=\"1 dakika\" \/>\n<script type=\"application\/ld+json\" class=\"yoast-schema-graph\">{\"@context\":\"https:\\\/\\\/schema.org\",\"@graph\":[{\"@type\":\"WebPage\",\"@id\":\"https:\\\/\\\/mirora.com\\\/ibranice-ceviri\\\/\",\"url\":\"https:\\\/\\\/mirora.com\\\/ibranice-ceviri\\\/\",\"name\":\"\u0130branice \u00c7eviri - Mirora Translation\",\"isPartOf\":{\"@id\":\"https:\\\/\\\/mirora.com\\\/#website\"},\"primaryImageOfPage\":{\"@id\":\"https:\\\/\\\/mirora.com\\\/ibranice-ceviri\\\/#primaryimage\"},\"image\":{\"@id\":\"https:\\\/\\\/mirora.com\\\/ibranice-ceviri\\\/#primaryimage\"},\"thumbnailUrl\":\"https:\\\/\\\/mirora.com\\\/wp-content\\\/uploads\\\/2022\\\/04\\\/blog-Ibranice-min-1024x576-1.jpg\",\"datePublished\":\"2024-05-30T22:56:29+00:00\",\"dateModified\":\"2025-05-14T00:59:22+00:00\",\"description\":\"\u0130branice Afro-Asyatik dil grubunun Kuzeybat\u0131 s\u0131n\u0131f\u0131ndaki, Kenan dilleri koluna ba\u011fl\u0131 ve \u0130srailo\u011fullar\u0131'na \u00f6zg\u00fc olan Semitik bir dildir.\",\"inLanguage\":\"tr\",\"potentialAction\":[{\"@type\":\"ReadAction\",\"target\":[\"https:\\\/\\\/mirora.com\\\/ibranice-ceviri\\\/\"]}]},{\"@type\":\"ImageObject\",\"inLanguage\":\"tr\",\"@id\":\"https:\\\/\\\/mirora.com\\\/ibranice-ceviri\\\/#primaryimage\",\"url\":\"https:\\\/\\\/mirora.com\\\/wp-content\\\/uploads\\\/2022\\\/04\\\/blog-Ibranice-min-1024x576-1.jpg\",\"contentUrl\":\"https:\\\/\\\/mirora.com\\\/wp-content\\\/uploads\\\/2022\\\/04\\\/blog-Ibranice-min-1024x576-1.jpg\"},{\"@type\":\"WebSite\",\"@id\":\"https:\\\/\\\/mirora.com\\\/#website\",\"url\":\"https:\\\/\\\/mirora.com\\\/\",\"name\":\"Mirora Translation\",\"description\":\"We Reflect Your Originals\",\"publisher\":{\"@id\":\"https:\\\/\\\/mirora.com\\\/#organization\"},\"potentialAction\":[{\"@type\":\"SearchAction\",\"target\":{\"@type\":\"EntryPoint\",\"urlTemplate\":\"https:\\\/\\\/mirora.com\\\/?s={search_term_string}\"},\"query-input\":{\"@type\":\"PropertyValueSpecification\",\"valueRequired\":true,\"valueName\":\"search_term_string\"}}],\"inLanguage\":\"tr\"},{\"@type\":\"Organization\",\"@id\":\"https:\\\/\\\/mirora.com\\\/#organization\",\"name\":\"Mirora\",\"url\":\"https:\\\/\\\/mirora.com\\\/\",\"logo\":{\"@type\":\"ImageObject\",\"inLanguage\":\"tr\",\"@id\":\"https:\\\/\\\/mirora.com\\\/#\\\/schema\\\/logo\\\/image\\\/\",\"url\":\"https:\\\/\\\/mirora.com\\\/wp-content\\\/uploads\\\/2023\\\/07\\\/MiroraLogo2.webp\",\"contentUrl\":\"https:\\\/\\\/mirora.com\\\/wp-content\\\/uploads\\\/2023\\\/07\\\/MiroraLogo2.webp\",\"width\":326,\"height\":108,\"caption\":\"Mirora\"},\"image\":{\"@id\":\"https:\\\/\\\/mirora.com\\\/#\\\/schema\\\/logo\\\/image\\\/\"}}]}<\/script>\n<!-- \/ Yoast SEO plugin. -->","yoast_head_json":{"title":"\u0130branice \u00c7eviri - Mirora Translation","description":"\u0130branice Afro-Asyatik dil grubunun Kuzeybat\u0131 s\u0131n\u0131f\u0131ndaki, Kenan dilleri koluna ba\u011fl\u0131 ve \u0130srailo\u011fullar\u0131'na \u00f6zg\u00fc olan Semitik bir dildir.","robots":{"index":"index","follow":"follow","max-snippet":"max-snippet:-1","max-image-preview":"max-image-preview:large","max-video-preview":"max-video-preview:-1"},"canonical":"https:\/\/mirora.com\/tr\/ibranice-ceviri\/","og_locale":"tr_TR","og_type":"article","og_title":"\u0130branice \u00c7eviri - Mirora Translation","og_description":"\u0130branice Afro-Asyatik dil grubunun Kuzeybat\u0131 s\u0131n\u0131f\u0131ndaki, Kenan dilleri koluna ba\u011fl\u0131 ve \u0130srailo\u011fullar\u0131'na \u00f6zg\u00fc olan Semitik bir dildir.","og_url":"https:\/\/mirora.com\/tr\/ibranice-ceviri\/","og_site_name":"Mirora Translation","article_modified_time":"2025-05-14T00:59:22+00:00","og_image":[{"url":"https:\/\/mirora.com\/wp-content\/uploads\/2022\/04\/blog-Ibranice-min-1024x576-1.jpg","type":"","width":"","height":""}],"twitter_card":"summary_large_image","twitter_misc":{"Tahmini okuma s\u00fcresi":"1 dakika"},"schema":{"@context":"https:\/\/schema.org","@graph":[{"@type":"WebPage","@id":"https:\/\/mirora.com\/ibranice-ceviri\/","url":"https:\/\/mirora.com\/ibranice-ceviri\/","name":"\u0130branice \u00c7eviri - Mirora Translation","isPartOf":{"@id":"https:\/\/mirora.com\/#website"},"primaryImageOfPage":{"@id":"https:\/\/mirora.com\/ibranice-ceviri\/#primaryimage"},"image":{"@id":"https:\/\/mirora.com\/ibranice-ceviri\/#primaryimage"},"thumbnailUrl":"https:\/\/mirora.com\/wp-content\/uploads\/2022\/04\/blog-Ibranice-min-1024x576-1.jpg","datePublished":"2024-05-30T22:56:29+00:00","dateModified":"2025-05-14T00:59:22+00:00","description":"\u0130branice Afro-Asyatik dil grubunun Kuzeybat\u0131 s\u0131n\u0131f\u0131ndaki, Kenan dilleri koluna ba\u011fl\u0131 ve \u0130srailo\u011fullar\u0131'na \u00f6zg\u00fc olan Semitik bir dildir.","inLanguage":"tr","potentialAction":[{"@type":"ReadAction","target":["https:\/\/mirora.com\/ibranice-ceviri\/"]}]},{"@type":"ImageObject","inLanguage":"tr","@id":"https:\/\/mirora.com\/ibranice-ceviri\/#primaryimage","url":"https:\/\/mirora.com\/wp-content\/uploads\/2022\/04\/blog-Ibranice-min-1024x576-1.jpg","contentUrl":"https:\/\/mirora.com\/wp-content\/uploads\/2022\/04\/blog-Ibranice-min-1024x576-1.jpg"},{"@type":"WebSite","@id":"https:\/\/mirora.com\/#website","url":"https:\/\/mirora.com\/","name":"Mirora Translation","description":"We Reflect Your Originals","publisher":{"@id":"https:\/\/mirora.com\/#organization"},"potentialAction":[{"@type":"SearchAction","target":{"@type":"EntryPoint","urlTemplate":"https:\/\/mirora.com\/?s={search_term_string}"},"query-input":{"@type":"PropertyValueSpecification","valueRequired":true,"valueName":"search_term_string"}}],"inLanguage":"tr"},{"@type":"Organization","@id":"https:\/\/mirora.com\/#organization","name":"Mirora","url":"https:\/\/mirora.com\/","logo":{"@type":"ImageObject","inLanguage":"tr","@id":"https:\/\/mirora.com\/#\/schema\/logo\/image\/","url":"https:\/\/mirora.com\/wp-content\/uploads\/2023\/07\/MiroraLogo2.webp","contentUrl":"https:\/\/mirora.com\/wp-content\/uploads\/2023\/07\/MiroraLogo2.webp","width":326,"height":108,"caption":"Mirora"},"image":{"@id":"https:\/\/mirora.com\/#\/schema\/logo\/image\/"}}]}},"_links":{"self":[{"href":"https:\/\/mirora.com\/tr\/wp-json\/wp\/v2\/pages\/6833","targetHints":{"allow":["GET"]}}],"collection":[{"href":"https:\/\/mirora.com\/tr\/wp-json\/wp\/v2\/pages"}],"about":[{"href":"https:\/\/mirora.com\/tr\/wp-json\/wp\/v2\/types\/page"}],"author":[{"embeddable":true,"href":"https:\/\/mirora.com\/tr\/wp-json\/wp\/v2\/users\/1"}],"replies":[{"embeddable":true,"href":"https:\/\/mirora.com\/tr\/wp-json\/wp\/v2\/comments?post=6833"}],"version-history":[{"count":13,"href":"https:\/\/mirora.com\/tr\/wp-json\/wp\/v2\/pages\/6833\/revisions"}],"predecessor-version":[{"id":22229,"href":"https:\/\/mirora.com\/tr\/wp-json\/wp\/v2\/pages\/6833\/revisions\/22229"}],"wp:attachment":[{"href":"https:\/\/mirora.com\/tr\/wp-json\/wp\/v2\/media?parent=6833"}],"curies":[{"name":"wp","href":"https:\/\/api.w.org\/{rel}","templated":true}]}}