

{"id":6841,"date":"2024-05-31T02:50:48","date_gmt":"2024-05-30T23:50:48","guid":{"rendered":"https:\/\/mirora.com\/?page_id=6841"},"modified":"2025-05-14T03:59:33","modified_gmt":"2025-05-14T00:59:33","slug":"irlandaca-ceviri","status":"publish","type":"page","link":"https:\/\/mirora.com\/tr\/irlandaca-ceviri\/","title":{"rendered":"\u0130rlandaca \u00c7eviri"},"content":{"rendered":"\t\t<div data-elementor-type=\"wp-page\" data-elementor-id=\"6841\" class=\"elementor elementor-6841\" data-elementor-post-type=\"page\">\n\t\t\t\t<div class=\"elementor-element elementor-element-a99b7ca e-flex e-con-boxed e-con e-parent\" data-id=\"a99b7ca\" data-element_type=\"container\" data-e-type=\"container\" data-settings=\"{&quot;background_background&quot;:&quot;classic&quot;}\">\n\t\t\t\t\t<div class=\"e-con-inner\">\n\t\t\t\t<div class=\"elementor-element elementor-element-4266475 elementor-widget elementor-widget-heading\" data-id=\"4266475\" data-element_type=\"widget\" data-e-type=\"widget\" data-widget_type=\"heading.default\">\n\t\t\t\t\t<h1 class=\"elementor-heading-title elementor-size-default\">Footer One<\/h1>\t\t\t\t<\/div>\n\t\t\t\t\t<\/div>\n\t\t\t\t<\/div>\n\t\t\t\t<section class=\"elementor-section elementor-top-section elementor-element elementor-element-7144dec elementor-section-full_width elementor-section-height-default elementor-section-height-default\" data-id=\"7144dec\" data-element_type=\"section\" data-e-type=\"section\">\n\t\t\t\t\t\t<div class=\"elementor-container elementor-column-gap-no\">\n\t\t\t\t\t<div class=\"elementor-column elementor-col-100 elementor-top-column elementor-element elementor-element-2ac3368\" data-id=\"2ac3368\" data-element_type=\"column\" data-e-type=\"column\">\n\t\t\t<div class=\"elementor-widget-wrap elementor-element-populated\">\n\t\t\t\t\t\t<section class=\"elementor-section elementor-inner-section elementor-element elementor-element-6cf5ae6 elementor-section-content-middle elementor-section-boxed elementor-section-height-default elementor-section-height-default\" data-id=\"6cf5ae6\" data-element_type=\"section\" data-e-type=\"section\">\n\t\t\t\t\t\t<div class=\"elementor-container elementor-column-gap-no\">\n\t\t\t\t\t<div class=\"elementor-column elementor-col-100 elementor-inner-column elementor-element elementor-element-309d6ce\" data-id=\"309d6ce\" data-element_type=\"column\" data-e-type=\"column\">\n\t\t\t<div class=\"elementor-widget-wrap elementor-element-populated\">\n\t\t\t\t\t\t<div class=\"elementor-element elementor-element-83a00e2 elementor-widget elementor-widget-text-editor\" data-id=\"83a00e2\" data-element_type=\"widget\" data-e-type=\"widget\" data-widget_type=\"text-editor.default\">\n\t\t\t\t\t\t\t\t\t<p>\u0130rlandaca (Gaelige), Hint-Avrupa dil ailesinin Kelt dilleri koluna ait bir dildir. \u0130rlanda\u2019n\u0131n, Birle\u015fik Krall\u0131k\u2019a ba\u011fl\u0131 Kuzey \u0130rlanda\u2019n\u0131n ve Avrupa Birli\u011fi\u2019nin resm\u00ee dilidir. \u0130rlandaca, Bat\u0131 Avrupa\u2019da halk dili kullan\u0131larak yaz\u0131lm\u0131\u015f en eski edebiyata sahiptir. \u00c7a\u011fda\u015f \u0130ngiliz yaz\u0131n\u0131nda pek \u00e7ok tan\u0131nm\u0131\u015f \u0130rlandal\u0131 yazar bulunmaktad\u0131r. James Joyce, Samuel Beckett, W.B. Yeats, Bernard Shaw, Oscar Wilde, Jonathan Swift, Seamus Heaney ve di\u011fer \u00fcnl\u00fc \u0130rlandal\u0131 yazar \u0130ngiliz edebiyat\u0131n\u0131n simge isimlerine d\u00f6n\u00fc\u015fm\u00fc\u015flerdir.<\/p><p>\u0130rlanda\u2019da halk\u0131n %36\u2019s\u0131 \u0130rlandaca konu\u015fabildi\u011fini belirtmi\u015ftir. G\u00fcnl\u00fck dil olarak \u00fclkenin bat\u0131 k\u0131y\u0131lar\u0131ndaki baz\u0131 b\u00f6lgelerde yo\u011funla\u015fan \u0130rlandaca, \u0130rlanda\u2019n\u0131n pek \u00e7ok b\u00f6lgesinde ikinci dil olarak kullan\u0131lmaktad\u0131r. Genel halk\u0131n sadece %1,8\u2019i \u0130rlandacay\u0131 g\u00fcnl\u00fck konu\u015fmaktad\u0131r. Galway, Kerry, Cork ve Donegal, Waterford\u2019un k\u00fc\u00e7\u00fck bir k\u0131sm\u0131, Mayo ve Meath b\u00f6lgelerinde \u0130rlandaca anadili olarak ge\u00e7er.\u00a0<\/p><p>\u0130rlanda \u00c7eviri \u0130\u015flerinizde Mirora Yan\u0131n\u0131zda<\/p><p>\u0130rlandaca (Galce) \u00e7eviri i\u015fleriniz i\u00e7in Mirora\u2019ya g\u00fcvenebilirsiniz. Mirora 2006 y\u0131l\u0131nda Dublin\u2019de bir \u015fube a\u00e7arak \u0130rlanda\u2019daki pek \u00e7ok \u00e7eviri firmas\u0131na ve \u00e7evirmenler loncas\u0131na kay\u0131tl\u0131 serbest \u00e7evirmenle i\u015f birlikleri geli\u015ftirmi\u015ftir. Mirora, 2006 y\u0131l\u0131ndan itibaren \u00f6zellikle \u0130ngilizce tampon dil olarak kullan\u0131larak \u0130rlandacaya ve \u0130rlandacadan yine \u0130ngilizce tampon dil olarak kullan\u0131larak d\u00fcnyan\u0131n t\u00fcm dillerine, kaliteli, h\u0131zl\u0131, g\u00fcvenilir ve rekabet\u00e7i fiyatlarla\u00a0\u00e7eviri hizmeti\u00a0veriyor.<\/p>\t\t\t\t\t\t\t\t<\/div>\n\t\t\t\t\t<\/div>\n\t\t<\/div>\n\t\t\t\t\t<\/div>\n\t\t<\/section>\n\t\t\t\t\t<\/div>\n\t\t<\/div>\n\t\t\t\t\t<\/div>\n\t\t<\/section>\n\t\t\t\t<section class=\"elementor-section elementor-top-section elementor-element elementor-element-91d946b elementor-section-full_width elementor-section-height-default elementor-section-height-default\" data-id=\"91d946b\" data-element_type=\"section\" data-e-type=\"section\">\n\t\t\t\t\t\t<div class=\"elementor-container elementor-column-gap-no\">\n\t\t\t\t\t<div class=\"elementor-column elementor-col-100 elementor-top-column elementor-element elementor-element-207c427\" data-id=\"207c427\" data-element_type=\"column\" data-e-type=\"column\">\n\t\t\t<div class=\"elementor-widget-wrap elementor-element-populated\">\n\t\t\t\t\t\t<div class=\"elementor-element elementor-element-b860bc1 elementor-widget elementor-widget-eduracta\" data-id=\"b860bc1\" data-element_type=\"widget\" data-e-type=\"widget\" data-widget_type=\"eduracta.default\">\n\t\t\t\t<div class=\"elementor-widget-container\">\n\t\t\t\t\t<div class=\"cta-area-1\" data-bg-src=\"https:\/\/themeholy.com\/wordpress\/edura\/wp-content\/uploads\/2023\/07\/cta-bg1.png\"><div class=\"container\"><div class=\"row align-items-center justify-content-between\"><div class=\"col-lg-8\"><div class=\"cta-wrap title-area mb-0\"><div class=\"cta-icon\"><img decoding=\"async\" src=\"https:\/\/themeholy.com\/wordpress\/edura\/wp-content\/uploads\/2023\/07\/cta-icon1.png\" alt=\"icon\"><\/div><div class=\"cta-content\"><h2 class=\"cta-title th-title sec-title\">Hemen Teklif Al<\/h2><p class=\"cta-text th-desc\">Markana de\u011fer katmak Mirora ile bir t\u0131k uza\u011f\u0131nda.<\/p><\/div><a href=\"https:\/\/mirora.com\/teklif-al\/\" class=\"th-btn th_btn style8\">Teklif Al!<i class=\"fa-regular fa-arrow-right ms-1\"><\/i><\/a><\/div><\/div><\/div><\/div><div class=\"cta-img-1\" data-overlay=\"title\" data-opacity=\"8\"><img decoding=\"async\" src=\"https:\/\/themeholy.com\/wordpress\/edura\/wp-content\/uploads\/2023\/07\/cta_1_1.png\" alt=\"Image\"><\/div><\/div>\t\t\t\t<\/div>\n\t\t\t\t<\/div>\n\t\t\t\t\t<\/div>\n\t\t<\/div>\n\t\t\t\t\t<\/div>\n\t\t<\/section>\n\t\t\t\t<\/div>\n\t\t","protected":false},"excerpt":{"rendered":"<p>\u0130rlandaca (Gaelige), Hint-Avrupa dil ailesinin Kelt dilleri koluna ait bir dildir. \u0130rlanda\u2019n\u0131n, Birle\u015fik Krall\u0131k\u2019a ba\u011fl\u0131 Kuzey \u0130rlanda\u2019n\u0131n ve Avrupa Birli\u011fi\u2019nin&#8230;<\/p>\n","protected":false},"author":1,"featured_media":0,"parent":0,"menu_order":0,"comment_status":"closed","ping_status":"closed","template":"template-builder.php","meta":{"_monsterinsights_skip_tracking":false,"_monsterinsights_sitenote_active":false,"_monsterinsights_sitenote_note":"","_monsterinsights_sitenote_category":0,"footnotes":""},"class_list":["post-6841","page","type-page","status-publish","hentry"],"yoast_head":"<!-- This site is optimized with the Yoast SEO plugin v27.4 - https:\/\/yoast.com\/product\/yoast-seo-wordpress\/ -->\n<title>\u0130rlandaca \u00c7eviri - Mirora Translation<\/title>\n<meta name=\"description\" content=\"\u0130rlandaca, Hint-Avrupa dil ailesinin Kelt dilleri koluna ait bir dil. \u0130rlanda&#039;n\u0131n, Birle\u015fik Krall\u0131k&#039;a ba\u011fl\u0131 Kuzey \u0130rlanda&#039;n\u0131n ve Avrupa Birli\u011fi&#039;nin resm\u00ee dilidir.\" \/>\n<meta name=\"robots\" content=\"index, follow, max-snippet:-1, max-image-preview:large, max-video-preview:-1\" \/>\n<link rel=\"canonical\" href=\"https:\/\/mirora.com\/tr\/irlandaca-ceviri\/\" \/>\n<meta property=\"og:locale\" content=\"tr_TR\" \/>\n<meta property=\"og:type\" content=\"article\" \/>\n<meta property=\"og:title\" content=\"\u0130rlandaca \u00c7eviri - Mirora Translation\" \/>\n<meta property=\"og:description\" content=\"\u0130rlandaca, Hint-Avrupa dil ailesinin Kelt dilleri koluna ait bir dil. \u0130rlanda&#039;n\u0131n, Birle\u015fik Krall\u0131k&#039;a ba\u011fl\u0131 Kuzey \u0130rlanda&#039;n\u0131n ve Avrupa Birli\u011fi&#039;nin resm\u00ee dilidir.\" \/>\n<meta property=\"og:url\" content=\"https:\/\/mirora.com\/tr\/irlandaca-ceviri\/\" \/>\n<meta property=\"og:site_name\" content=\"Mirora Translation\" \/>\n<meta property=\"article:modified_time\" content=\"2025-05-14T00:59:33+00:00\" \/>\n<meta property=\"og:image\" content=\"https:\/\/themeholy.com\/wordpress\/edura\/wp-content\/uploads\/2023\/07\/cta-icon1.png\" \/>\n<meta name=\"twitter:card\" content=\"summary_large_image\" \/>\n<meta name=\"twitter:label1\" content=\"Tahmini okuma s\u00fcresi\" \/>\n\t<meta name=\"twitter:data1\" content=\"1 dakika\" \/>\n<script type=\"application\/ld+json\" class=\"yoast-schema-graph\">{\"@context\":\"https:\\\/\\\/schema.org\",\"@graph\":[{\"@type\":\"WebPage\",\"@id\":\"https:\\\/\\\/mirora.com\\\/irlandaca-ceviri\\\/\",\"url\":\"https:\\\/\\\/mirora.com\\\/irlandaca-ceviri\\\/\",\"name\":\"\u0130rlandaca \u00c7eviri - Mirora Translation\",\"isPartOf\":{\"@id\":\"https:\\\/\\\/mirora.com\\\/#website\"},\"primaryImageOfPage\":{\"@id\":\"https:\\\/\\\/mirora.com\\\/irlandaca-ceviri\\\/#primaryimage\"},\"image\":{\"@id\":\"https:\\\/\\\/mirora.com\\\/irlandaca-ceviri\\\/#primaryimage\"},\"thumbnailUrl\":\"https:\\\/\\\/themeholy.com\\\/wordpress\\\/edura\\\/wp-content\\\/uploads\\\/2023\\\/07\\\/cta-icon1.png\",\"datePublished\":\"2024-05-30T23:50:48+00:00\",\"dateModified\":\"2025-05-14T00:59:33+00:00\",\"description\":\"\u0130rlandaca, Hint-Avrupa dil ailesinin Kelt dilleri koluna ait bir dil. \u0130rlanda'n\u0131n, Birle\u015fik Krall\u0131k'a ba\u011fl\u0131 Kuzey \u0130rlanda'n\u0131n ve Avrupa Birli\u011fi'nin resm\u00ee dilidir.\",\"inLanguage\":\"tr\",\"potentialAction\":[{\"@type\":\"ReadAction\",\"target\":[\"https:\\\/\\\/mirora.com\\\/irlandaca-ceviri\\\/\"]}]},{\"@type\":\"ImageObject\",\"inLanguage\":\"tr\",\"@id\":\"https:\\\/\\\/mirora.com\\\/irlandaca-ceviri\\\/#primaryimage\",\"url\":\"https:\\\/\\\/themeholy.com\\\/wordpress\\\/edura\\\/wp-content\\\/uploads\\\/2023\\\/07\\\/cta-icon1.png\",\"contentUrl\":\"https:\\\/\\\/themeholy.com\\\/wordpress\\\/edura\\\/wp-content\\\/uploads\\\/2023\\\/07\\\/cta-icon1.png\"},{\"@type\":\"WebSite\",\"@id\":\"https:\\\/\\\/mirora.com\\\/#website\",\"url\":\"https:\\\/\\\/mirora.com\\\/\",\"name\":\"Mirora Translation\",\"description\":\"We Reflect Your Originals\",\"publisher\":{\"@id\":\"https:\\\/\\\/mirora.com\\\/#organization\"},\"potentialAction\":[{\"@type\":\"SearchAction\",\"target\":{\"@type\":\"EntryPoint\",\"urlTemplate\":\"https:\\\/\\\/mirora.com\\\/?s={search_term_string}\"},\"query-input\":{\"@type\":\"PropertyValueSpecification\",\"valueRequired\":true,\"valueName\":\"search_term_string\"}}],\"inLanguage\":\"tr\"},{\"@type\":\"Organization\",\"@id\":\"https:\\\/\\\/mirora.com\\\/#organization\",\"name\":\"Mirora\",\"url\":\"https:\\\/\\\/mirora.com\\\/\",\"logo\":{\"@type\":\"ImageObject\",\"inLanguage\":\"tr\",\"@id\":\"https:\\\/\\\/mirora.com\\\/#\\\/schema\\\/logo\\\/image\\\/\",\"url\":\"https:\\\/\\\/mirora.com\\\/wp-content\\\/uploads\\\/2023\\\/07\\\/MiroraLogo2.webp\",\"contentUrl\":\"https:\\\/\\\/mirora.com\\\/wp-content\\\/uploads\\\/2023\\\/07\\\/MiroraLogo2.webp\",\"width\":326,\"height\":108,\"caption\":\"Mirora\"},\"image\":{\"@id\":\"https:\\\/\\\/mirora.com\\\/#\\\/schema\\\/logo\\\/image\\\/\"}}]}<\/script>\n<!-- \/ Yoast SEO plugin. -->","yoast_head_json":{"title":"\u0130rlandaca \u00c7eviri - Mirora Translation","description":"\u0130rlandaca, Hint-Avrupa dil ailesinin Kelt dilleri koluna ait bir dil. \u0130rlanda'n\u0131n, Birle\u015fik Krall\u0131k'a ba\u011fl\u0131 Kuzey \u0130rlanda'n\u0131n ve Avrupa Birli\u011fi'nin resm\u00ee dilidir.","robots":{"index":"index","follow":"follow","max-snippet":"max-snippet:-1","max-image-preview":"max-image-preview:large","max-video-preview":"max-video-preview:-1"},"canonical":"https:\/\/mirora.com\/tr\/irlandaca-ceviri\/","og_locale":"tr_TR","og_type":"article","og_title":"\u0130rlandaca \u00c7eviri - Mirora Translation","og_description":"\u0130rlandaca, Hint-Avrupa dil ailesinin Kelt dilleri koluna ait bir dil. \u0130rlanda'n\u0131n, Birle\u015fik Krall\u0131k'a ba\u011fl\u0131 Kuzey \u0130rlanda'n\u0131n ve Avrupa Birli\u011fi'nin resm\u00ee dilidir.","og_url":"https:\/\/mirora.com\/tr\/irlandaca-ceviri\/","og_site_name":"Mirora Translation","article_modified_time":"2025-05-14T00:59:33+00:00","og_image":[{"url":"https:\/\/themeholy.com\/wordpress\/edura\/wp-content\/uploads\/2023\/07\/cta-icon1.png","type":"","width":"","height":""}],"twitter_card":"summary_large_image","twitter_misc":{"Tahmini okuma s\u00fcresi":"1 dakika"},"schema":{"@context":"https:\/\/schema.org","@graph":[{"@type":"WebPage","@id":"https:\/\/mirora.com\/irlandaca-ceviri\/","url":"https:\/\/mirora.com\/irlandaca-ceviri\/","name":"\u0130rlandaca \u00c7eviri - Mirora Translation","isPartOf":{"@id":"https:\/\/mirora.com\/#website"},"primaryImageOfPage":{"@id":"https:\/\/mirora.com\/irlandaca-ceviri\/#primaryimage"},"image":{"@id":"https:\/\/mirora.com\/irlandaca-ceviri\/#primaryimage"},"thumbnailUrl":"https:\/\/themeholy.com\/wordpress\/edura\/wp-content\/uploads\/2023\/07\/cta-icon1.png","datePublished":"2024-05-30T23:50:48+00:00","dateModified":"2025-05-14T00:59:33+00:00","description":"\u0130rlandaca, Hint-Avrupa dil ailesinin Kelt dilleri koluna ait bir dil. \u0130rlanda'n\u0131n, Birle\u015fik Krall\u0131k'a ba\u011fl\u0131 Kuzey \u0130rlanda'n\u0131n ve Avrupa Birli\u011fi'nin resm\u00ee dilidir.","inLanguage":"tr","potentialAction":[{"@type":"ReadAction","target":["https:\/\/mirora.com\/irlandaca-ceviri\/"]}]},{"@type":"ImageObject","inLanguage":"tr","@id":"https:\/\/mirora.com\/irlandaca-ceviri\/#primaryimage","url":"https:\/\/themeholy.com\/wordpress\/edura\/wp-content\/uploads\/2023\/07\/cta-icon1.png","contentUrl":"https:\/\/themeholy.com\/wordpress\/edura\/wp-content\/uploads\/2023\/07\/cta-icon1.png"},{"@type":"WebSite","@id":"https:\/\/mirora.com\/#website","url":"https:\/\/mirora.com\/","name":"Mirora Translation","description":"We Reflect Your Originals","publisher":{"@id":"https:\/\/mirora.com\/#organization"},"potentialAction":[{"@type":"SearchAction","target":{"@type":"EntryPoint","urlTemplate":"https:\/\/mirora.com\/?s={search_term_string}"},"query-input":{"@type":"PropertyValueSpecification","valueRequired":true,"valueName":"search_term_string"}}],"inLanguage":"tr"},{"@type":"Organization","@id":"https:\/\/mirora.com\/#organization","name":"Mirora","url":"https:\/\/mirora.com\/","logo":{"@type":"ImageObject","inLanguage":"tr","@id":"https:\/\/mirora.com\/#\/schema\/logo\/image\/","url":"https:\/\/mirora.com\/wp-content\/uploads\/2023\/07\/MiroraLogo2.webp","contentUrl":"https:\/\/mirora.com\/wp-content\/uploads\/2023\/07\/MiroraLogo2.webp","width":326,"height":108,"caption":"Mirora"},"image":{"@id":"https:\/\/mirora.com\/#\/schema\/logo\/image\/"}}]}},"_links":{"self":[{"href":"https:\/\/mirora.com\/tr\/wp-json\/wp\/v2\/pages\/6841","targetHints":{"allow":["GET"]}}],"collection":[{"href":"https:\/\/mirora.com\/tr\/wp-json\/wp\/v2\/pages"}],"about":[{"href":"https:\/\/mirora.com\/tr\/wp-json\/wp\/v2\/types\/page"}],"author":[{"embeddable":true,"href":"https:\/\/mirora.com\/tr\/wp-json\/wp\/v2\/users\/1"}],"replies":[{"embeddable":true,"href":"https:\/\/mirora.com\/tr\/wp-json\/wp\/v2\/comments?post=6841"}],"version-history":[{"count":13,"href":"https:\/\/mirora.com\/tr\/wp-json\/wp\/v2\/pages\/6841\/revisions"}],"predecessor-version":[{"id":22232,"href":"https:\/\/mirora.com\/tr\/wp-json\/wp\/v2\/pages\/6841\/revisions\/22232"}],"wp:attachment":[{"href":"https:\/\/mirora.com\/tr\/wp-json\/wp\/v2\/media?parent=6841"}],"curies":[{"name":"wp","href":"https:\/\/api.w.org\/{rel}","templated":true}]}}