

{"id":6843,"date":"2024-05-31T02:52:40","date_gmt":"2024-05-30T23:52:40","guid":{"rendered":"https:\/\/mirora.com\/?page_id=6843"},"modified":"2025-05-14T04:00:11","modified_gmt":"2025-05-14T01:00:11","slug":"italyanca-ceviri","status":"publish","type":"page","link":"https:\/\/mirora.com\/tr\/italyanca-ceviri\/","title":{"rendered":"\u0130talyanca \u00c7eviri"},"content":{"rendered":"\t\t<div data-elementor-type=\"wp-page\" data-elementor-id=\"6843\" class=\"elementor elementor-6843\" data-elementor-post-type=\"page\">\n\t\t\t\t<div class=\"elementor-element elementor-element-5dc3672 e-flex e-con-boxed e-con e-parent\" data-id=\"5dc3672\" data-element_type=\"container\" data-e-type=\"container\" data-settings=\"{&quot;background_background&quot;:&quot;classic&quot;}\">\n\t\t\t\t\t<div class=\"e-con-inner\">\n\t\t\t\t<div class=\"elementor-element elementor-element-f23f396 elementor-widget elementor-widget-heading\" data-id=\"f23f396\" data-element_type=\"widget\" data-e-type=\"widget\" data-widget_type=\"heading.default\">\n\t\t\t\t\t<h1 class=\"elementor-heading-title elementor-size-default\">Footer One<\/h1>\t\t\t\t<\/div>\n\t\t\t\t\t<\/div>\n\t\t\t\t<\/div>\n\t\t\t\t<section class=\"elementor-section elementor-top-section elementor-element elementor-element-7144dec elementor-section-full_width elementor-section-height-default elementor-section-height-default\" data-id=\"7144dec\" data-element_type=\"section\" data-e-type=\"section\">\n\t\t\t\t\t\t<div class=\"elementor-container elementor-column-gap-no\">\n\t\t\t\t\t<div class=\"elementor-column elementor-col-100 elementor-top-column elementor-element elementor-element-2ac3368\" data-id=\"2ac3368\" data-element_type=\"column\" data-e-type=\"column\">\n\t\t\t<div class=\"elementor-widget-wrap elementor-element-populated\">\n\t\t\t\t\t\t<section class=\"elementor-section elementor-inner-section elementor-element elementor-element-6cf5ae6 elementor-section-content-middle elementor-section-boxed elementor-section-height-default elementor-section-height-default\" data-id=\"6cf5ae6\" data-element_type=\"section\" data-e-type=\"section\">\n\t\t\t\t\t\t<div class=\"elementor-container elementor-column-gap-no\">\n\t\t\t\t\t<div class=\"elementor-column elementor-col-100 elementor-inner-column elementor-element elementor-element-309d6ce\" data-id=\"309d6ce\" data-element_type=\"column\" data-e-type=\"column\">\n\t\t\t<div class=\"elementor-widget-wrap elementor-element-populated\">\n\t\t\t\t\t\t<div class=\"elementor-element elementor-element-83a00e2 elementor-widget elementor-widget-text-editor\" data-id=\"83a00e2\" data-element_type=\"widget\" data-e-type=\"widget\" data-widget_type=\"text-editor.default\">\n\t\t\t\t\t\t\t\t\t<p>Hint-Avrupa dil ailesinin Romen dilleri kolundan olan\u00a0\u0130talyanca, \u00e7o\u011funlu\u011funun \u0130talya\u2019da ve \u0130svi\u00e7re\u2019nin g\u00fcneyinde ya\u015fayan yakla\u015f\u0131k 61 milyon ki\u015finin konu\u015ftu\u011fu bir dildir. \u0130talyan as\u0131ll\u0131 g\u00f6\u00e7menler taraf\u0131ndan Amerika Birle\u015fik Devletleri, Arjantin, Brezilya, Kanada ve Avustralya\u2019da da s\u0131k\u00e7a konu\u015fulur. Boccaccio, Dante Alighieri ve Petrarca gibi isimlerin Latince yerine Toskana a\u011fz\u0131n\u0131 kullanmalar\u0131n\u0131n \u0130talyancan\u0131n geli\u015fiminde b\u00fcy\u00fck etkisi olmu\u015ftur. \u0130talyan dilinde b\u00f6lgeden b\u00f6lgeye farkl\u0131l\u0131klar vard\u0131r. Bunun nedenlerinden biri b\u00f6lgede uzun zaman siyasi bir birli\u011fin tan\u0131mlanmam\u0131\u015f olmas\u0131d\u0131r. Her b\u00f6lgenin aralar\u0131nda anla\u015famayacaklar\u0131 derecede fark g\u00f6steren kendine \u00f6zg\u00fc \u015fivesi vard\u0131r.Romen dilleri i\u00e7erisinde Latinceye en sad\u0131k kalm\u0131\u015f olan dilin \u0130talyanca olmas\u0131, bu dilin \u201cModern Latince\u201d olarak da adland\u0131r\u0131lmas\u0131na neden olmu\u015ftur. \u0130talyancay\u0131 iyi bilen birisi, aralar\u0131nda b\u00fcy\u00fck benzerlikler ta\u015f\u0131yan Frans\u0131zca, \u0130spanyolca, Portekizce, Rumence, Katalanca gibi di\u011fer Romen dillerini \u00f6\u011frenmekte zorluk \u00e7ekmez.\u0130talyanca d\u00fcnyan\u0131n en g\u00fczel ve say\u0131l\u0131 melodik dillerinden biri olarak kabul edilir. Kelimelerin neredeyse tamam\u0131n\u0131n \u00fcnl\u00fc harf ile bitmesi ve kesif vurgular\u0131n\u0131n olmas\u0131 dile kendine \u00f6zg\u00fc bir melodi verir. R\u00f6nesans d\u00f6neminde zaman\u0131n ge\u00e7erli dili \u0130talyanca oldu\u011fundan pek \u00e7ok dili de etkilemi\u015ftir. \u00d6zellikle m\u00fczik alan\u0131nda terminoloji \u0130talyancad\u0131r.<\/p><p>\u0130talyanca Alfabesi<\/p><p>\u0130talyan alfabesinde 21 harf vard\u0131r. J, K, W, X ve Y harfleri sadece yabanc\u0131 k\u00f6kenli kelimelerde bulunan, \u0130talyanca da kullan\u0131lmayan harflerdir.<\/p><p>A B C D E F G H I L M N O P Q R S T U V Z a b c d e f g h i l m n o p q r s t u v z<\/p><p>\u0130talyanca \u00c7eviri Hizmeti<\/p><p>Mirora olarak \u0130talya\u2019da kurumsal \u00e7eviri kurumlar\u0131yla kurdu\u011fumuz ili\u015fkiler sayesinde d\u00fcnyan\u0131n b\u00fct\u00fcn dillerinden \u0130talyancaya ve \u0130talyancadan d\u00fcnyan\u0131n t\u00fcm dillerine anadili hedef dil olan \u00e7eviri ekiplerince, kaliteli, h\u0131zl\u0131 g\u00fcvenilir ve rekabet\u00e7i fiyatlarla \u00e7eviri hizmeti veriyoruz.<\/p>\t\t\t\t\t\t\t\t<\/div>\n\t\t\t\t\t<\/div>\n\t\t<\/div>\n\t\t\t\t\t<\/div>\n\t\t<\/section>\n\t\t\t\t\t<\/div>\n\t\t<\/div>\n\t\t\t\t\t<\/div>\n\t\t<\/section>\n\t\t<div class=\"elementor-element elementor-element-9ff97c9 e-flex e-con-boxed e-con e-parent\" data-id=\"9ff97c9\" data-element_type=\"container\" data-e-type=\"container\">\n\t\t\t\t\t<div class=\"e-con-inner\">\n\t\t\t\t<div class=\"elementor-element elementor-element-77d3e24 elementor-widget elementor-widget-heading\" data-id=\"77d3e24\" data-element_type=\"widget\" data-e-type=\"widget\" data-widget_type=\"heading.default\">\n\t\t\t\t\t<h2 class=\"elementor-heading-title elementor-size-default\">Bu Yaz\u0131lar\u0131m\u0131z \u0130lginizi \u00c7ekebilir ! Hizmetimiz ile ilgili daha fazla bilgi edinin.<\/h2>\t\t\t\t<\/div>\n\t\t\t\t<div class=\"elementor-element elementor-element-8ec68cc elementor-widget-divider--view-line elementor-widget elementor-widget-divider\" data-id=\"8ec68cc\" data-element_type=\"widget\" data-e-type=\"widget\" data-widget_type=\"divider.default\">\n\t\t\t\t\t\t\t<div class=\"elementor-divider\">\n\t\t\t<span class=\"elementor-divider-separator\">\n\t\t\t\t\t\t<\/span>\n\t\t<\/div>\n\t\t\t\t\t\t<\/div>\n\t\t\t\t\t<\/div>\n\t\t\t\t<\/div>\n\t\t<div class=\"elementor-element elementor-element-03041c0 e-flex e-con-boxed e-con e-parent\" data-id=\"03041c0\" data-element_type=\"container\" data-e-type=\"container\">\n\t\t\t\t\t<div class=\"e-con-inner\">\n\t\t<div class=\"elementor-element elementor-element-f77e4ef e-con-full e-flex e-con e-child\" data-id=\"f77e4ef\" data-element_type=\"container\" data-e-type=\"container\">\n\t\t\t\t<div class=\"elementor-element elementor-element-688c593 premium-blog-align-left elementor-widget elementor-widget-premium-addon-blog\" data-id=\"688c593\" data-element_type=\"widget\" data-e-type=\"widget\" data-settings=\"{&quot;premium_blog_columns_number&quot;:&quot;100%&quot;,&quot;premium_blog_grid&quot;:&quot;yes&quot;,&quot;premium_blog_layout&quot;:&quot;even&quot;,&quot;premium_blog_columns_number_tablet&quot;:&quot;50%&quot;,&quot;premium_blog_columns_number_mobile&quot;:&quot;100%&quot;}\" data-widget_type=\"premium-addon-blog.default\">\n\t\t\t\t\t\n\t\t\n\n\t\t\t\t<div class=\"premium-blog-wrap  premium-blog-even\" data-page=\"6843\">\n\t\t\t\t\t\t\t\t\t<div class=\"premium-blog-post-outer-container\" data-total=\"1\">\n\t\t\t<div class=\"premium-blog-post-container premium-blog-skin-banner\">\n\t\t\t\t\t\t\t\t\t<div class=\"premium-blog-thumb-effect-wrapper\">\n\t\t\t\t\t\t<div class=\"premium-blog-thumbnail-container premium-blog-zoomin-effect\">\n\t\t\t\t\t\t\t<img fetchpriority=\"high\" decoding=\"async\" width=\"850\" height=\"500\" src=\"https:\/\/mirora.com\/wp-content\/uploads\/2022\/12\/blog-English-Italian-Translation-Services-min.jpg\" class=\"attachment-full size-full wp-image-17170\" alt=\"\" srcset=\"https:\/\/mirora.com\/wp-content\/uploads\/2022\/12\/blog-English-Italian-Translation-Services-min.jpg 850w, https:\/\/mirora.com\/wp-content\/uploads\/2022\/12\/blog-English-Italian-Translation-Services-min-300x176.jpg 300w, https:\/\/mirora.com\/wp-content\/uploads\/2022\/12\/blog-English-Italian-Translation-Services-min-768x452.jpg 768w, https:\/\/mirora.com\/wp-content\/uploads\/2022\/12\/blog-English-Italian-Translation-Services-min-18x12.jpg 18w\" sizes=\"(max-width: 850px) 100vw, 850px\" \/>\t\t\t\t\t\t<\/div>\n\t\t\t\t\t\t\t\t\t\t\t\t\t<div class=\"premium-blog-thumbnail-overlay\">\n\t\t\t\t\t\t\t\t<a class=\"elementor-icon\" href=\"https:\/\/mirora.com\/tr\/ingilizce-italyanca-ceviri-hizmeti-almak-icin-3-neden\/\" target=\"_blank\"><\/a>\n\t\t\t\t\t\t\t<\/div>\n\n\t\t\t\t\t\t\t\t\t\t\t\t\t\t\t\t\t\t<\/div>\n\t\t\t\t\t\t\t\t\t\t\t\t<div class=\"premium-blog-content-wrapper \">\n\n\t\t\t\t\t<div class=\"premium-blog-inner-container\">\n\n\t\t\t\t\t\t\t\t\t\t\t\t\t\t<h2 class=\"premium-blog-entry-title\">\n\t\t\t<a href=\"https:\/\/mirora.com\/tr\/ingilizce-italyanca-ceviri-hizmeti-almak-icin-3-neden\/\" target=\"_blank\">\n\t\t\t\t\u0130ngilizce &#8211; \u0130talyanca \u00c7eviri Hizmeti Almak \u0130\u00e7in 3 Neden\t\t\t<\/a>\n\t\t<\/h2>\n\t\t\t\t<div class=\"premium-blog-entry-meta\">\n\t\t\t\n\t\t\t\n\t\t\t\n\t\t\t\t\t<\/div>\n\t\t\n\t\t\t\t\t<\/div>\n\n\t\t\t\t\t\t\t<div class=\"premium-blog-content-inner-wrapper\">\n\t\t<p class=\"premium-blog-post-content\">\u0130talyan pazar\u0131na girmek isteyen bir giri\u015fimciyseniz veya uluslararas\u0131 alanda i\u015fini b\u00fcy\u00fctmek isteyen bir \u0130talyan i\u015fletme sahibiyseniz, dilin b\u00fcy\u00fck bir engel...<\/p>\t\t<\/div>\n\t\t\t\t\t\t\t\n\t\t\t\t<\/div>\n\t\t\t<\/div>\n\t\t<\/div>\n\n\t\t\t\t\t\t\t<\/div>\n\n\t\t\n\t\t\n\t\t\t\t\t\t<\/div>\n\t\t\t\t<\/div>\n\t\t\t\t\t<\/div>\n\t\t\t\t<\/div>\n\t\t\t\t<section class=\"elementor-section elementor-top-section elementor-element elementor-element-91d946b elementor-section-full_width elementor-section-height-default elementor-section-height-default\" data-id=\"91d946b\" data-element_type=\"section\" data-e-type=\"section\">\n\t\t\t\t\t\t<div class=\"elementor-container elementor-column-gap-no\">\n\t\t\t\t\t<div class=\"elementor-column elementor-col-100 elementor-top-column elementor-element elementor-element-207c427\" data-id=\"207c427\" data-element_type=\"column\" data-e-type=\"column\">\n\t\t\t<div class=\"elementor-widget-wrap elementor-element-populated\">\n\t\t\t\t\t\t<div class=\"elementor-element elementor-element-b860bc1 elementor-widget elementor-widget-eduracta\" data-id=\"b860bc1\" data-element_type=\"widget\" data-e-type=\"widget\" data-widget_type=\"eduracta.default\">\n\t\t\t\t<div class=\"elementor-widget-container\">\n\t\t\t\t\t<div class=\"cta-area-1\" data-bg-src=\"https:\/\/themeholy.com\/wordpress\/edura\/wp-content\/uploads\/2023\/07\/cta-bg1.png\"><div class=\"container\"><div class=\"row align-items-center justify-content-between\"><div class=\"col-lg-8\"><div class=\"cta-wrap title-area mb-0\"><div class=\"cta-icon\"><img decoding=\"async\" src=\"https:\/\/themeholy.com\/wordpress\/edura\/wp-content\/uploads\/2023\/07\/cta-icon1.png\" alt=\"icon\"><\/div><div class=\"cta-content\"><h2 class=\"cta-title th-title sec-title\">Hemen Teklif Al<\/h2><p class=\"cta-text th-desc\">Markana de\u011fer katmak Mirora ile bir t\u0131k uza\u011f\u0131nda.<\/p><\/div><a href=\"https:\/\/mirora.com\/teklif-al\/\" class=\"th-btn th_btn style8\">Teklif Al!<i class=\"fa-regular fa-arrow-right ms-1\"><\/i><\/a><\/div><\/div><\/div><\/div><div class=\"cta-img-1\" data-overlay=\"title\" data-opacity=\"8\"><img decoding=\"async\" src=\"https:\/\/themeholy.com\/wordpress\/edura\/wp-content\/uploads\/2023\/07\/cta_1_1.png\" alt=\"Image\"><\/div><\/div>\t\t\t\t<\/div>\n\t\t\t\t<\/div>\n\t\t\t\t\t<\/div>\n\t\t<\/div>\n\t\t\t\t\t<\/div>\n\t\t<\/section>\n\t\t\t\t<\/div>\n\t\t","protected":false},"excerpt":{"rendered":"<p>Hint-Avrupa dil ailesinin Romen dilleri kolundan olan\u00a0\u0130talyanca, \u00e7o\u011funlu\u011funun \u0130talya\u2019da ve \u0130svi\u00e7re\u2019nin g\u00fcneyinde ya\u015fayan yakla\u015f\u0131k 61 milyon ki\u015finin konu\u015ftu\u011fu bir dildir&#8230;.<\/p>\n","protected":false},"author":1,"featured_media":0,"parent":0,"menu_order":0,"comment_status":"closed","ping_status":"closed","template":"template-builder.php","meta":{"_monsterinsights_skip_tracking":false,"_monsterinsights_sitenote_active":false,"_monsterinsights_sitenote_note":"","_monsterinsights_sitenote_category":0,"footnotes":""},"class_list":["post-6843","page","type-page","status-publish","hentry","th-blog blog-single"],"yoast_head":"<!-- This site is optimized with the Yoast SEO plugin v27.4 - https:\/\/yoast.com\/product\/yoast-seo-wordpress\/ -->\n<title>\u0130talyanca \u00c7eviri - Mirora Translation<\/title>\n<meta name=\"description\" content=\"\u0130talyanca, \u00e7o\u011funlu\u011fu \u0130talya ve \u0130svi\u00e7re&#039;nin g\u00fcneyindeki Ticino kantonunda ya\u015fayan 61 milyon ki\u015fi taraf\u0131ndan konu\u015fulan bir dildir.\" \/>\n<meta name=\"robots\" content=\"index, follow, max-snippet:-1, max-image-preview:large, max-video-preview:-1\" \/>\n<link rel=\"canonical\" href=\"https:\/\/mirora.com\/tr\/italyanca-ceviri\/\" \/>\n<meta property=\"og:locale\" content=\"tr_TR\" \/>\n<meta property=\"og:type\" content=\"article\" \/>\n<meta property=\"og:title\" content=\"\u0130talyanca \u00c7eviri - Mirora Translation\" \/>\n<meta property=\"og:description\" content=\"\u0130talyanca, \u00e7o\u011funlu\u011fu \u0130talya ve \u0130svi\u00e7re&#039;nin g\u00fcneyindeki Ticino kantonunda ya\u015fayan 61 milyon ki\u015fi taraf\u0131ndan konu\u015fulan bir dildir.\" \/>\n<meta property=\"og:url\" content=\"https:\/\/mirora.com\/tr\/italyanca-ceviri\/\" \/>\n<meta property=\"og:site_name\" content=\"Mirora Translation\" \/>\n<meta property=\"article:modified_time\" content=\"2025-05-14T01:00:11+00:00\" \/>\n<meta property=\"og:image\" content=\"https:\/\/mirora.com\/wp-content\/uploads\/2022\/12\/blog-English-Italian-Translation-Services-min.jpg\" \/>\n<meta name=\"twitter:card\" content=\"summary_large_image\" \/>\n<meta name=\"twitter:label1\" content=\"Tahmini okuma s\u00fcresi\" \/>\n\t<meta name=\"twitter:data1\" content=\"1 dakika\" \/>\n<script type=\"application\/ld+json\" class=\"yoast-schema-graph\">{\"@context\":\"https:\\\/\\\/schema.org\",\"@graph\":[{\"@type\":\"WebPage\",\"@id\":\"https:\\\/\\\/mirora.com\\\/italyanca-ceviri\\\/\",\"url\":\"https:\\\/\\\/mirora.com\\\/italyanca-ceviri\\\/\",\"name\":\"\u0130talyanca \u00c7eviri - Mirora Translation\",\"isPartOf\":{\"@id\":\"https:\\\/\\\/mirora.com\\\/#website\"},\"primaryImageOfPage\":{\"@id\":\"https:\\\/\\\/mirora.com\\\/italyanca-ceviri\\\/#primaryimage\"},\"image\":{\"@id\":\"https:\\\/\\\/mirora.com\\\/italyanca-ceviri\\\/#primaryimage\"},\"thumbnailUrl\":\"https:\\\/\\\/mirora.com\\\/wp-content\\\/uploads\\\/2022\\\/12\\\/blog-English-Italian-Translation-Services-min.jpg\",\"datePublished\":\"2024-05-30T23:52:40+00:00\",\"dateModified\":\"2025-05-14T01:00:11+00:00\",\"description\":\"\u0130talyanca, \u00e7o\u011funlu\u011fu \u0130talya ve \u0130svi\u00e7re'nin g\u00fcneyindeki Ticino kantonunda ya\u015fayan 61 milyon ki\u015fi taraf\u0131ndan konu\u015fulan bir dildir.\",\"inLanguage\":\"tr\",\"potentialAction\":[{\"@type\":\"ReadAction\",\"target\":[\"https:\\\/\\\/mirora.com\\\/italyanca-ceviri\\\/\"]}]},{\"@type\":\"ImageObject\",\"inLanguage\":\"tr\",\"@id\":\"https:\\\/\\\/mirora.com\\\/italyanca-ceviri\\\/#primaryimage\",\"url\":\"https:\\\/\\\/mirora.com\\\/wp-content\\\/uploads\\\/2022\\\/12\\\/blog-English-Italian-Translation-Services-min.jpg\",\"contentUrl\":\"https:\\\/\\\/mirora.com\\\/wp-content\\\/uploads\\\/2022\\\/12\\\/blog-English-Italian-Translation-Services-min.jpg\"},{\"@type\":\"WebSite\",\"@id\":\"https:\\\/\\\/mirora.com\\\/#website\",\"url\":\"https:\\\/\\\/mirora.com\\\/\",\"name\":\"Mirora Translation\",\"description\":\"We Reflect Your Originals\",\"publisher\":{\"@id\":\"https:\\\/\\\/mirora.com\\\/#organization\"},\"potentialAction\":[{\"@type\":\"SearchAction\",\"target\":{\"@type\":\"EntryPoint\",\"urlTemplate\":\"https:\\\/\\\/mirora.com\\\/?s={search_term_string}\"},\"query-input\":{\"@type\":\"PropertyValueSpecification\",\"valueRequired\":true,\"valueName\":\"search_term_string\"}}],\"inLanguage\":\"tr\"},{\"@type\":\"Organization\",\"@id\":\"https:\\\/\\\/mirora.com\\\/#organization\",\"name\":\"Mirora\",\"url\":\"https:\\\/\\\/mirora.com\\\/\",\"logo\":{\"@type\":\"ImageObject\",\"inLanguage\":\"tr\",\"@id\":\"https:\\\/\\\/mirora.com\\\/#\\\/schema\\\/logo\\\/image\\\/\",\"url\":\"https:\\\/\\\/mirora.com\\\/wp-content\\\/uploads\\\/2023\\\/07\\\/MiroraLogo2.webp\",\"contentUrl\":\"https:\\\/\\\/mirora.com\\\/wp-content\\\/uploads\\\/2023\\\/07\\\/MiroraLogo2.webp\",\"width\":326,\"height\":108,\"caption\":\"Mirora\"},\"image\":{\"@id\":\"https:\\\/\\\/mirora.com\\\/#\\\/schema\\\/logo\\\/image\\\/\"}}]}<\/script>\n<!-- \/ Yoast SEO plugin. -->","yoast_head_json":{"title":"\u0130talyanca \u00c7eviri - Mirora Translation","description":"\u0130talyanca, \u00e7o\u011funlu\u011fu \u0130talya ve \u0130svi\u00e7re'nin g\u00fcneyindeki Ticino kantonunda ya\u015fayan 61 milyon ki\u015fi taraf\u0131ndan konu\u015fulan bir dildir.","robots":{"index":"index","follow":"follow","max-snippet":"max-snippet:-1","max-image-preview":"max-image-preview:large","max-video-preview":"max-video-preview:-1"},"canonical":"https:\/\/mirora.com\/tr\/italyanca-ceviri\/","og_locale":"tr_TR","og_type":"article","og_title":"\u0130talyanca \u00c7eviri - Mirora Translation","og_description":"\u0130talyanca, \u00e7o\u011funlu\u011fu \u0130talya ve \u0130svi\u00e7re'nin g\u00fcneyindeki Ticino kantonunda ya\u015fayan 61 milyon ki\u015fi taraf\u0131ndan konu\u015fulan bir dildir.","og_url":"https:\/\/mirora.com\/tr\/italyanca-ceviri\/","og_site_name":"Mirora Translation","article_modified_time":"2025-05-14T01:00:11+00:00","og_image":[{"url":"https:\/\/mirora.com\/wp-content\/uploads\/2022\/12\/blog-English-Italian-Translation-Services-min.jpg","type":"","width":"","height":""}],"twitter_card":"summary_large_image","twitter_misc":{"Tahmini okuma s\u00fcresi":"1 dakika"},"schema":{"@context":"https:\/\/schema.org","@graph":[{"@type":"WebPage","@id":"https:\/\/mirora.com\/italyanca-ceviri\/","url":"https:\/\/mirora.com\/italyanca-ceviri\/","name":"\u0130talyanca \u00c7eviri - Mirora Translation","isPartOf":{"@id":"https:\/\/mirora.com\/#website"},"primaryImageOfPage":{"@id":"https:\/\/mirora.com\/italyanca-ceviri\/#primaryimage"},"image":{"@id":"https:\/\/mirora.com\/italyanca-ceviri\/#primaryimage"},"thumbnailUrl":"https:\/\/mirora.com\/wp-content\/uploads\/2022\/12\/blog-English-Italian-Translation-Services-min.jpg","datePublished":"2024-05-30T23:52:40+00:00","dateModified":"2025-05-14T01:00:11+00:00","description":"\u0130talyanca, \u00e7o\u011funlu\u011fu \u0130talya ve \u0130svi\u00e7re'nin g\u00fcneyindeki Ticino kantonunda ya\u015fayan 61 milyon ki\u015fi taraf\u0131ndan konu\u015fulan bir dildir.","inLanguage":"tr","potentialAction":[{"@type":"ReadAction","target":["https:\/\/mirora.com\/italyanca-ceviri\/"]}]},{"@type":"ImageObject","inLanguage":"tr","@id":"https:\/\/mirora.com\/italyanca-ceviri\/#primaryimage","url":"https:\/\/mirora.com\/wp-content\/uploads\/2022\/12\/blog-English-Italian-Translation-Services-min.jpg","contentUrl":"https:\/\/mirora.com\/wp-content\/uploads\/2022\/12\/blog-English-Italian-Translation-Services-min.jpg"},{"@type":"WebSite","@id":"https:\/\/mirora.com\/#website","url":"https:\/\/mirora.com\/","name":"Mirora Translation","description":"We Reflect Your Originals","publisher":{"@id":"https:\/\/mirora.com\/#organization"},"potentialAction":[{"@type":"SearchAction","target":{"@type":"EntryPoint","urlTemplate":"https:\/\/mirora.com\/?s={search_term_string}"},"query-input":{"@type":"PropertyValueSpecification","valueRequired":true,"valueName":"search_term_string"}}],"inLanguage":"tr"},{"@type":"Organization","@id":"https:\/\/mirora.com\/#organization","name":"Mirora","url":"https:\/\/mirora.com\/","logo":{"@type":"ImageObject","inLanguage":"tr","@id":"https:\/\/mirora.com\/#\/schema\/logo\/image\/","url":"https:\/\/mirora.com\/wp-content\/uploads\/2023\/07\/MiroraLogo2.webp","contentUrl":"https:\/\/mirora.com\/wp-content\/uploads\/2023\/07\/MiroraLogo2.webp","width":326,"height":108,"caption":"Mirora"},"image":{"@id":"https:\/\/mirora.com\/#\/schema\/logo\/image\/"}}]}},"_links":{"self":[{"href":"https:\/\/mirora.com\/tr\/wp-json\/wp\/v2\/pages\/6843","targetHints":{"allow":["GET"]}}],"collection":[{"href":"https:\/\/mirora.com\/tr\/wp-json\/wp\/v2\/pages"}],"about":[{"href":"https:\/\/mirora.com\/tr\/wp-json\/wp\/v2\/types\/page"}],"author":[{"embeddable":true,"href":"https:\/\/mirora.com\/tr\/wp-json\/wp\/v2\/users\/1"}],"replies":[{"embeddable":true,"href":"https:\/\/mirora.com\/tr\/wp-json\/wp\/v2\/comments?post=6843"}],"version-history":[{"count":13,"href":"https:\/\/mirora.com\/tr\/wp-json\/wp\/v2\/pages\/6843\/revisions"}],"predecessor-version":[{"id":22238,"href":"https:\/\/mirora.com\/tr\/wp-json\/wp\/v2\/pages\/6843\/revisions\/22238"}],"wp:attachment":[{"href":"https:\/\/mirora.com\/tr\/wp-json\/wp\/v2\/media?parent=6843"}],"curies":[{"name":"wp","href":"https:\/\/api.w.org\/{rel}","templated":true}]}}