

{"id":6845,"date":"2024-05-31T02:53:49","date_gmt":"2024-05-30T23:53:49","guid":{"rendered":"https:\/\/mirora.com\/?page_id=6845"},"modified":"2025-05-14T04:00:28","modified_gmt":"2025-05-14T01:00:28","slug":"korece-ceviri","status":"publish","type":"page","link":"https:\/\/mirora.com\/tr\/korece-ceviri\/","title":{"rendered":"Korece \u00c7eviri"},"content":{"rendered":"\t\t<div data-elementor-type=\"wp-page\" data-elementor-id=\"6845\" class=\"elementor elementor-6845\" data-elementor-post-type=\"page\">\n\t\t\t\t<div class=\"elementor-element elementor-element-470cac7 e-flex e-con-boxed e-con e-parent\" data-id=\"470cac7\" data-element_type=\"container\" data-e-type=\"container\" data-settings=\"{&quot;background_background&quot;:&quot;classic&quot;}\">\n\t\t\t\t\t<div class=\"e-con-inner\">\n\t\t\t\t<div class=\"elementor-element elementor-element-7475998 elementor-widget elementor-widget-heading\" data-id=\"7475998\" data-element_type=\"widget\" data-e-type=\"widget\" data-widget_type=\"heading.default\">\n\t\t\t\t\t<h1 class=\"elementor-heading-title elementor-size-default\">Footer One<\/h1>\t\t\t\t<\/div>\n\t\t\t\t\t<\/div>\n\t\t\t\t<\/div>\n\t\t\t\t<section class=\"elementor-section elementor-top-section elementor-element elementor-element-7144dec elementor-section-full_width elementor-section-height-default elementor-section-height-default\" data-id=\"7144dec\" data-element_type=\"section\" data-e-type=\"section\">\n\t\t\t\t\t\t<div class=\"elementor-container elementor-column-gap-no\">\n\t\t\t\t\t<div class=\"elementor-column elementor-col-100 elementor-top-column elementor-element elementor-element-2ac3368\" data-id=\"2ac3368\" data-element_type=\"column\" data-e-type=\"column\">\n\t\t\t<div class=\"elementor-widget-wrap elementor-element-populated\">\n\t\t\t\t\t\t<section class=\"elementor-section elementor-inner-section elementor-element elementor-element-6cf5ae6 elementor-section-content-middle elementor-section-boxed elementor-section-height-default elementor-section-height-default\" data-id=\"6cf5ae6\" data-element_type=\"section\" data-e-type=\"section\">\n\t\t\t\t\t\t<div class=\"elementor-container elementor-column-gap-no\">\n\t\t\t\t\t<div class=\"elementor-column elementor-col-100 elementor-inner-column elementor-element elementor-element-309d6ce\" data-id=\"309d6ce\" data-element_type=\"column\" data-e-type=\"column\">\n\t\t\t<div class=\"elementor-widget-wrap elementor-element-populated\">\n\t\t\t\t\t\t<div class=\"elementor-element elementor-element-83a00e2 elementor-widget elementor-widget-text-editor\" data-id=\"83a00e2\" data-element_type=\"widget\" data-e-type=\"widget\" data-widget_type=\"text-editor.default\">\n\t\t\t\t\t\t\t\t\t<p>Korece, Kore yar\u0131madas\u0131nda ve kom\u015fusu \u00c7in\u2019e ba\u011fl\u0131 Yanbian Kore \u00d6zerk \u0130li\u2019nde yayg\u0131n olarak kullan\u0131lan bir Kore dilidir. G\u00fcn\u00fcm\u00fczde Koreceyi anadili olarak konu\u015fan 77 milyondan fazla insan oldu\u011fu bilinmektedir. Hem Kuzey Kore hem de G\u00fcney Kore\u2019nin resm\u00ee dilidir. Dil, hece alfabesi olan Hang\u0131l veya \u00c7ince logogramlar olan Hanja ile yaz\u0131labilir. Korece, Jeju\u2019da konu\u015fulan Jejuca ile birlikte Kore dilleri i\u00e7erisinde yer al\u0131r.<\/p><p>Ayn\u0131 Japonca gibi izole dil olarak s\u0131n\u0131fland\u0131r\u0131lan Kore dillerini herhangi bir ba\u015fka dil ailesi i\u00e7erisine yerle\u015ftiren bir teori kabul g\u00f6rmemektedir. Tarihte Ural-Altay dil ailesi ve sonras\u0131nda Altay dilleri i\u00e7erisinde s\u0131n\u0131fland\u0131r\u0131lm\u0131\u015f olmas\u0131na ra\u011fmen 20. y\u00fczy\u0131ldan sonra bu savlar da akademik olarak ge\u00e7erlili\u011fini kaybetmi\u015ftir. Korecenin, s\u00f6z varl\u0131\u011f\u0131 ve gramer \u00f6zellikleri nedeniyle Japon dilleriyle akraba olabilece\u011fi de \u00f6ne s\u00fcr\u00fclen g\u00f6r\u00fc\u015fler aras\u0131ndad\u0131r.<\/p><p>Koreliler g\u00fcn\u00fcm\u00fczde Kore alfabesi Hangul\u2019dan faydalan\u0131r. Bu alfabe a\u011fz\u0131n ve dilin ald\u0131\u011f\u0131 \u015fekle g\u00f6re karakterize edilir. G\u00fcney Kore\u2019de ise \u00e7ocuklara halen \u00c7ince karakter \u00f6\u011fretilmektedir.<\/p><p>Korece \u00c7eviri Hizmeti<\/p><p>Mirora G\u00fcney Kore\u2019deki kurumsal \u00e7eviri \u015firketleriyle uzun y\u0131llard\u0131r i\u015fbirli\u011fi sa\u011flam\u0131\u015ft\u0131r. Bu sayede Mirora \u00f6zellikle \u0130ngilizceyi tampon dil olarak kullanarak, d\u00fcnyan\u0131n b\u00fct\u00fcn dillerinden Koreceye ve Koreceden d\u00fcnyan\u0131n t\u00fcm dillerine profesyonel \u00e7eviri ekiplerince, kaliteli, h\u0131zl\u0131, g\u00fcvenilir ve rekabet\u00e7i fiyatlarla \u00e7eviri hizmeti vermektedir.<\/p>\t\t\t\t\t\t\t\t<\/div>\n\t\t\t\t\t<\/div>\n\t\t<\/div>\n\t\t\t\t\t<\/div>\n\t\t<\/section>\n\t\t\t\t\t<\/div>\n\t\t<\/div>\n\t\t\t\t\t<\/div>\n\t\t<\/section>\n\t\t<div class=\"elementor-element elementor-element-850f730 e-flex e-con-boxed e-con e-parent\" data-id=\"850f730\" data-element_type=\"container\" data-e-type=\"container\">\n\t\t\t\t\t<div class=\"e-con-inner\">\n\t\t\t\t<div class=\"elementor-element elementor-element-b3ee4bc elementor-widget elementor-widget-heading\" data-id=\"b3ee4bc\" data-element_type=\"widget\" data-e-type=\"widget\" data-widget_type=\"heading.default\">\n\t\t\t\t\t<h2 class=\"elementor-heading-title elementor-size-default\">Bu Yaz\u0131lar\u0131m\u0131z \u0130lginizi \u00c7ekebilir ! Hizmetimiz ile ilgili daha fazla bilgi edinin.<\/h2>\t\t\t\t<\/div>\n\t\t\t\t<div class=\"elementor-element elementor-element-960d434 elementor-widget-divider--view-line elementor-widget elementor-widget-divider\" data-id=\"960d434\" data-element_type=\"widget\" data-e-type=\"widget\" data-widget_type=\"divider.default\">\n\t\t\t\t\t\t\t<div class=\"elementor-divider\">\n\t\t\t<span class=\"elementor-divider-separator\">\n\t\t\t\t\t\t<\/span>\n\t\t<\/div>\n\t\t\t\t\t\t<\/div>\n\t\t\t\t\t<\/div>\n\t\t\t\t<\/div>\n\t\t<div class=\"elementor-element elementor-element-e7b954a e-flex e-con-boxed e-con e-parent\" data-id=\"e7b954a\" data-element_type=\"container\" data-e-type=\"container\">\n\t\t\t\t\t<div class=\"e-con-inner\">\n\t\t<div class=\"elementor-element elementor-element-6454534 e-con-full e-flex e-con e-child\" data-id=\"6454534\" data-element_type=\"container\" data-e-type=\"container\">\n\t\t\t\t<div class=\"elementor-element elementor-element-a1ade64 premium-blog-align-left elementor-widget elementor-widget-premium-addon-blog\" data-id=\"a1ade64\" data-element_type=\"widget\" data-e-type=\"widget\" data-settings=\"{&quot;premium_blog_columns_number&quot;:&quot;100%&quot;,&quot;premium_blog_grid&quot;:&quot;yes&quot;,&quot;premium_blog_layout&quot;:&quot;even&quot;,&quot;premium_blog_columns_number_tablet&quot;:&quot;50%&quot;,&quot;premium_blog_columns_number_mobile&quot;:&quot;100%&quot;}\" data-widget_type=\"premium-addon-blog.default\">\n\t\t\t\t\t\n\t\t\n\n\t\t\t\t<div class=\"premium-blog-wrap  premium-blog-even\" data-page=\"6845\">\n\t\t\t\t\t\t\t\t\t<div class=\"premium-blog-post-outer-container\" data-total=\"1\">\n\t\t\t<div class=\"premium-blog-post-container premium-blog-skin-banner\">\n\t\t\t\t\t\t\t\t\t<div class=\"premium-blog-thumb-effect-wrapper\">\n\t\t\t\t\t\t<div class=\"premium-blog-thumbnail-container premium-blog-zoomin-effect\">\n\t\t\t\t\t\t\t<img fetchpriority=\"high\" decoding=\"async\" width=\"850\" height=\"500\" src=\"https:\/\/mirora.com\/wp-content\/uploads\/2022\/06\/korean-translation-1.jpg\" class=\"attachment-full size-full wp-image-17219\" alt=\"\" srcset=\"https:\/\/mirora.com\/wp-content\/uploads\/2022\/06\/korean-translation-1.jpg 850w, https:\/\/mirora.com\/wp-content\/uploads\/2022\/06\/korean-translation-1-300x176.jpg 300w, https:\/\/mirora.com\/wp-content\/uploads\/2022\/06\/korean-translation-1-768x452.jpg 768w, https:\/\/mirora.com\/wp-content\/uploads\/2022\/06\/korean-translation-1-18x12.jpg 18w\" sizes=\"(max-width: 850px) 100vw, 850px\" \/>\t\t\t\t\t\t<\/div>\n\t\t\t\t\t\t\t\t\t\t\t\t\t<div class=\"premium-blog-thumbnail-overlay\">\n\t\t\t\t\t\t\t\t<a class=\"elementor-icon\" href=\"https:\/\/mirora.com\/tr\/korece-ceviri-nedir\/\" target=\"_blank\"><\/a>\n\t\t\t\t\t\t\t<\/div>\n\n\t\t\t\t\t\t\t\t\t\t\t\t\t\t\t\t\t\t<\/div>\n\t\t\t\t\t\t\t\t\t\t\t\t<div class=\"premium-blog-content-wrapper \">\n\n\t\t\t\t\t<div class=\"premium-blog-inner-container\">\n\n\t\t\t\t\t\t\t\t\t\t\t\t\t\t<h2 class=\"premium-blog-entry-title\">\n\t\t\t<a href=\"https:\/\/mirora.com\/tr\/korece-ceviri-nedir\/\" target=\"_blank\">\n\t\t\t\tKorece \u00c7eviri Nedir\t\t\t<\/a>\n\t\t<\/h2>\n\t\t\t\t<div class=\"premium-blog-entry-meta\">\n\t\t\t\n\t\t\t\n\t\t\t\n\t\t\t\t\t<\/div>\n\t\t\n\t\t\t\t\t<\/div>\n\n\t\t\t\t\t\t\t<div class=\"premium-blog-content-inner-wrapper\">\n\t\t<p class=\"premium-blog-post-content\">Yabanc\u0131 Hizmet Enstit\u00fcs\u00fc&#8217;n\u00fcn (FSI), dilleri \u00f6\u011frenme g\u00fc\u00e7l\u00fc\u011f\u00fcne g\u00f6re s\u0131ralad\u0131\u011f\u0131 ve \u0130ngilizce konu\u015fan birinin harcamas\u0131 gereken yakla\u015f\u0131k s\u00fcreyi g\u00f6steren bir liste...<\/p>\t\t<\/div>\n\t\t\t\t\t\t\t\n\t\t\t\t<\/div>\n\t\t\t<\/div>\n\t\t<\/div>\n\n\t\t\t\t\t\t\t<\/div>\n\n\t\t\n\t\t\n\t\t\t\t\t\t<\/div>\n\t\t\t\t<\/div>\n\t\t<div class=\"elementor-element elementor-element-93fde8a e-con-full e-flex e-con e-child\" data-id=\"93fde8a\" data-element_type=\"container\" data-e-type=\"container\">\n\t\t\t\t<div class=\"elementor-element elementor-element-5af94cd premium-blog-align-left elementor-widget elementor-widget-premium-addon-blog\" data-id=\"5af94cd\" data-element_type=\"widget\" data-e-type=\"widget\" data-settings=\"{&quot;premium_blog_columns_number&quot;:&quot;100%&quot;,&quot;premium_blog_grid&quot;:&quot;yes&quot;,&quot;premium_blog_layout&quot;:&quot;even&quot;,&quot;premium_blog_columns_number_tablet&quot;:&quot;50%&quot;,&quot;premium_blog_columns_number_mobile&quot;:&quot;100%&quot;}\" data-widget_type=\"premium-addon-blog.default\">\n\t\t\t\t\t\n\t\t\n\n\t\t\t\t<div class=\"premium-blog-wrap  premium-blog-even\" data-page=\"6845\">\n\t\t\t\t\t\t\t\t\t<div class=\"premium-blog-post-outer-container\" data-total=\"1\">\n\t\t\t<div class=\"premium-blog-post-container premium-blog-skin-banner\">\n\t\t\t\t\t\t\t\t\t<div class=\"premium-blog-thumb-effect-wrapper\">\n\t\t\t\t\t\t<div class=\"premium-blog-thumbnail-container premium-blog-zoomin-effect\">\n\t\t\t\t\t\t\t<img decoding=\"async\" width=\"1650\" height=\"921\" src=\"https:\/\/mirora.com\/wp-content\/uploads\/2021\/07\/Kore-ceviri.jpg\" class=\"attachment-full size-full wp-image-9096\" alt=\"Kore ceviri\" srcset=\"https:\/\/mirora.com\/wp-content\/uploads\/2021\/07\/Kore-ceviri.jpg 1650w, https:\/\/mirora.com\/wp-content\/uploads\/2021\/07\/Kore-ceviri-300x167.jpg 300w, https:\/\/mirora.com\/wp-content\/uploads\/2021\/07\/Kore-ceviri-1024x572.jpg 1024w, https:\/\/mirora.com\/wp-content\/uploads\/2021\/07\/Kore-ceviri-768x429.jpg 768w, https:\/\/mirora.com\/wp-content\/uploads\/2021\/07\/Kore-ceviri-1536x857.jpg 1536w\" sizes=\"(max-width: 1650px) 100vw, 1650px\" \/>\t\t\t\t\t\t<\/div>\n\t\t\t\t\t\t\t\t\t\t\t\t\t<div class=\"premium-blog-thumbnail-overlay\">\n\t\t\t\t\t\t\t\t<a class=\"elementor-icon\" href=\"https:\/\/mirora.com\/tr\/korece-ceviri-yapmak\/\" target=\"_blank\"><\/a>\n\t\t\t\t\t\t\t<\/div>\n\n\t\t\t\t\t\t\t\t\t\t\t\t\t\t\t\t\t\t<\/div>\n\t\t\t\t\t\t\t\t\t\t\t\t<div class=\"premium-blog-content-wrapper \">\n\n\t\t\t\t\t<div class=\"premium-blog-inner-container\">\n\n\t\t\t\t\t\t\t\t\t\t\t\t\t\t<h2 class=\"premium-blog-entry-title\">\n\t\t\t<a href=\"https:\/\/mirora.com\/tr\/korece-ceviri-yapmak\/\" target=\"_blank\">\n\t\t\t\tKorece \u00c7eviri Yapmak\t\t\t<\/a>\n\t\t<\/h2>\n\t\t\t\t<div class=\"premium-blog-entry-meta\">\n\t\t\t\n\t\t\t\n\t\t\t\n\t\t\t\t\t<\/div>\n\t\t\n\t\t\t\t\t<\/div>\n\n\t\t\t\t\t\t\t<div class=\"premium-blog-content-inner-wrapper\">\n\t\t<p class=\"premium-blog-post-content\">G\u00fcn\u00fcm\u00fczde b\u00fcy\u00fck bir pop\u00fclariteye sahip olan Kore m\u00fczi\u011fi ve dizileri, Koreceye olan ilgiyi ve dolay\u0131s\u0131yla Korece \u00e7eviri hizmetine duyulan talebi...<\/p>\t\t<\/div>\n\t\t\t\t\t\t\t\n\t\t\t\t<\/div>\n\t\t\t<\/div>\n\t\t<\/div>\n\n\t\t\t\t\t\t\t<\/div>\n\n\t\t\n\t\t\n\t\t\t\t\t\t<\/div>\n\t\t\t\t<\/div>\n\t\t\t\t\t<\/div>\n\t\t\t\t<\/div>\n\t\t\t\t<section class=\"elementor-section elementor-top-section elementor-element elementor-element-91d946b elementor-section-full_width elementor-section-height-default elementor-section-height-default\" data-id=\"91d946b\" data-element_type=\"section\" data-e-type=\"section\">\n\t\t\t\t\t\t<div class=\"elementor-container elementor-column-gap-no\">\n\t\t\t\t\t<div class=\"elementor-column elementor-col-100 elementor-top-column elementor-element elementor-element-207c427\" data-id=\"207c427\" data-element_type=\"column\" data-e-type=\"column\">\n\t\t\t<div class=\"elementor-widget-wrap elementor-element-populated\">\n\t\t\t\t\t\t<div class=\"elementor-element elementor-element-b860bc1 elementor-widget elementor-widget-eduracta\" data-id=\"b860bc1\" data-element_type=\"widget\" data-e-type=\"widget\" data-widget_type=\"eduracta.default\">\n\t\t\t\t<div class=\"elementor-widget-container\">\n\t\t\t\t\t<div class=\"cta-area-1\" data-bg-src=\"https:\/\/themeholy.com\/wordpress\/edura\/wp-content\/uploads\/2023\/07\/cta-bg1.png\"><div class=\"container\"><div class=\"row align-items-center justify-content-between\"><div class=\"col-lg-8\"><div class=\"cta-wrap title-area mb-0\"><div class=\"cta-icon\"><img decoding=\"async\" src=\"https:\/\/themeholy.com\/wordpress\/edura\/wp-content\/uploads\/2023\/07\/cta-icon1.png\" alt=\"icon\"><\/div><div class=\"cta-content\"><h2 class=\"cta-title th-title sec-title\">Hemen Teklif Al<\/h2><p class=\"cta-text th-desc\">Markana de\u011fer katmak Mirora ile bir t\u0131k uza\u011f\u0131nda.<\/p><\/div><a href=\"https:\/\/mirora.com\/teklif-al\/\" class=\"th-btn th_btn style8\">Teklif Al!<i class=\"fa-regular fa-arrow-right ms-1\"><\/i><\/a><\/div><\/div><\/div><\/div><div class=\"cta-img-1\" data-overlay=\"title\" data-opacity=\"8\"><img decoding=\"async\" src=\"https:\/\/themeholy.com\/wordpress\/edura\/wp-content\/uploads\/2023\/07\/cta_1_1.png\" alt=\"Image\"><\/div><\/div>\t\t\t\t<\/div>\n\t\t\t\t<\/div>\n\t\t\t\t\t<\/div>\n\t\t<\/div>\n\t\t\t\t\t<\/div>\n\t\t<\/section>\n\t\t\t\t<\/div>\n\t\t","protected":false},"excerpt":{"rendered":"<p>Korece, Kore yar\u0131madas\u0131nda ve kom\u015fusu \u00c7in\u2019e ba\u011fl\u0131 Yanbian Kore \u00d6zerk \u0130li\u2019nde yayg\u0131n olarak kullan\u0131lan bir Kore dilidir. G\u00fcn\u00fcm\u00fczde Koreceyi anadili&#8230;<\/p>\n","protected":false},"author":1,"featured_media":0,"parent":0,"menu_order":0,"comment_status":"closed","ping_status":"closed","template":"template-builder.php","meta":{"_monsterinsights_skip_tracking":false,"_monsterinsights_sitenote_active":false,"_monsterinsights_sitenote_note":"","_monsterinsights_sitenote_category":0,"footnotes":""},"class_list":["post-6845","page","type-page","status-publish","hentry","th-blog blog-single"],"yoast_head":"<!-- This site is optimized with the Yoast SEO plugin v27.3 - https:\/\/yoast.com\/product\/yoast-seo-wordpress\/ -->\n<title>Korece \u00c7eviri - Mirora Translation<\/title>\n<meta name=\"description\" content=\"Korece Kore yar\u0131madas\u0131nda ve kom\u015fusu \u00c7in&#039;e ba\u011fl\u0131 Yanbian Kore \u00d6zerk \u0130li&#039;nde yayg\u0131n olarak kullan\u0131lan bir Kore dilidir.\" \/>\n<meta name=\"robots\" content=\"index, follow, max-snippet:-1, max-image-preview:large, max-video-preview:-1\" \/>\n<link rel=\"canonical\" href=\"https:\/\/mirora.com\/tr\/korece-ceviri\/\" \/>\n<meta property=\"og:locale\" content=\"tr_TR\" \/>\n<meta property=\"og:type\" content=\"article\" \/>\n<meta property=\"og:title\" content=\"Korece \u00c7eviri - Mirora Translation\" \/>\n<meta property=\"og:description\" content=\"Korece Kore yar\u0131madas\u0131nda ve kom\u015fusu \u00c7in&#039;e ba\u011fl\u0131 Yanbian Kore \u00d6zerk \u0130li&#039;nde yayg\u0131n olarak kullan\u0131lan bir Kore dilidir.\" \/>\n<meta property=\"og:url\" content=\"https:\/\/mirora.com\/tr\/korece-ceviri\/\" \/>\n<meta property=\"og:site_name\" content=\"Mirora Translation\" \/>\n<meta property=\"article:modified_time\" content=\"2025-05-14T01:00:28+00:00\" \/>\n<meta property=\"og:image\" content=\"https:\/\/mirora.com\/wp-content\/uploads\/2022\/06\/korean-translation-1.jpg\" \/>\n<meta name=\"twitter:card\" content=\"summary_large_image\" \/>\n<meta name=\"twitter:label1\" content=\"Tahmini okuma s\u00fcresi\" \/>\n\t<meta name=\"twitter:data1\" content=\"1 dakika\" \/>\n<script type=\"application\/ld+json\" class=\"yoast-schema-graph\">{\"@context\":\"https:\\\/\\\/schema.org\",\"@graph\":[{\"@type\":\"WebPage\",\"@id\":\"https:\\\/\\\/mirora.com\\\/korece-ceviri\\\/\",\"url\":\"https:\\\/\\\/mirora.com\\\/korece-ceviri\\\/\",\"name\":\"Korece \u00c7eviri - Mirora Translation\",\"isPartOf\":{\"@id\":\"https:\\\/\\\/mirora.com\\\/#website\"},\"primaryImageOfPage\":{\"@id\":\"https:\\\/\\\/mirora.com\\\/korece-ceviri\\\/#primaryimage\"},\"image\":{\"@id\":\"https:\\\/\\\/mirora.com\\\/korece-ceviri\\\/#primaryimage\"},\"thumbnailUrl\":\"https:\\\/\\\/mirora.com\\\/wp-content\\\/uploads\\\/2022\\\/06\\\/korean-translation-1.jpg\",\"datePublished\":\"2024-05-30T23:53:49+00:00\",\"dateModified\":\"2025-05-14T01:00:28+00:00\",\"description\":\"Korece Kore yar\u0131madas\u0131nda ve kom\u015fusu \u00c7in'e ba\u011fl\u0131 Yanbian Kore \u00d6zerk \u0130li'nde yayg\u0131n olarak kullan\u0131lan bir Kore dilidir.\",\"inLanguage\":\"tr\",\"potentialAction\":[{\"@type\":\"ReadAction\",\"target\":[\"https:\\\/\\\/mirora.com\\\/korece-ceviri\\\/\"]}]},{\"@type\":\"ImageObject\",\"inLanguage\":\"tr\",\"@id\":\"https:\\\/\\\/mirora.com\\\/korece-ceviri\\\/#primaryimage\",\"url\":\"https:\\\/\\\/mirora.com\\\/wp-content\\\/uploads\\\/2022\\\/06\\\/korean-translation-1.jpg\",\"contentUrl\":\"https:\\\/\\\/mirora.com\\\/wp-content\\\/uploads\\\/2022\\\/06\\\/korean-translation-1.jpg\"},{\"@type\":\"WebSite\",\"@id\":\"https:\\\/\\\/mirora.com\\\/#website\",\"url\":\"https:\\\/\\\/mirora.com\\\/\",\"name\":\"Mirora Translation\",\"description\":\"We Reflect Your Originals\",\"publisher\":{\"@id\":\"https:\\\/\\\/mirora.com\\\/#organization\"},\"potentialAction\":[{\"@type\":\"SearchAction\",\"target\":{\"@type\":\"EntryPoint\",\"urlTemplate\":\"https:\\\/\\\/mirora.com\\\/?s={search_term_string}\"},\"query-input\":{\"@type\":\"PropertyValueSpecification\",\"valueRequired\":true,\"valueName\":\"search_term_string\"}}],\"inLanguage\":\"tr\"},{\"@type\":\"Organization\",\"@id\":\"https:\\\/\\\/mirora.com\\\/#organization\",\"name\":\"Mirora\",\"url\":\"https:\\\/\\\/mirora.com\\\/\",\"logo\":{\"@type\":\"ImageObject\",\"inLanguage\":\"tr\",\"@id\":\"https:\\\/\\\/mirora.com\\\/#\\\/schema\\\/logo\\\/image\\\/\",\"url\":\"https:\\\/\\\/mirora.com\\\/wp-content\\\/uploads\\\/2023\\\/07\\\/MiroraLogo2.webp\",\"contentUrl\":\"https:\\\/\\\/mirora.com\\\/wp-content\\\/uploads\\\/2023\\\/07\\\/MiroraLogo2.webp\",\"width\":326,\"height\":108,\"caption\":\"Mirora\"},\"image\":{\"@id\":\"https:\\\/\\\/mirora.com\\\/#\\\/schema\\\/logo\\\/image\\\/\"}}]}<\/script>\n<!-- \/ Yoast SEO plugin. -->","yoast_head_json":{"title":"Korece \u00c7eviri - Mirora Translation","description":"Korece Kore yar\u0131madas\u0131nda ve kom\u015fusu \u00c7in'e ba\u011fl\u0131 Yanbian Kore \u00d6zerk \u0130li'nde yayg\u0131n olarak kullan\u0131lan bir Kore dilidir.","robots":{"index":"index","follow":"follow","max-snippet":"max-snippet:-1","max-image-preview":"max-image-preview:large","max-video-preview":"max-video-preview:-1"},"canonical":"https:\/\/mirora.com\/tr\/korece-ceviri\/","og_locale":"tr_TR","og_type":"article","og_title":"Korece \u00c7eviri - Mirora Translation","og_description":"Korece Kore yar\u0131madas\u0131nda ve kom\u015fusu \u00c7in'e ba\u011fl\u0131 Yanbian Kore \u00d6zerk \u0130li'nde yayg\u0131n olarak kullan\u0131lan bir Kore dilidir.","og_url":"https:\/\/mirora.com\/tr\/korece-ceviri\/","og_site_name":"Mirora Translation","article_modified_time":"2025-05-14T01:00:28+00:00","og_image":[{"url":"https:\/\/mirora.com\/wp-content\/uploads\/2022\/06\/korean-translation-1.jpg","type":"","width":"","height":""}],"twitter_card":"summary_large_image","twitter_misc":{"Tahmini okuma s\u00fcresi":"1 dakika"},"schema":{"@context":"https:\/\/schema.org","@graph":[{"@type":"WebPage","@id":"https:\/\/mirora.com\/korece-ceviri\/","url":"https:\/\/mirora.com\/korece-ceviri\/","name":"Korece \u00c7eviri - Mirora Translation","isPartOf":{"@id":"https:\/\/mirora.com\/#website"},"primaryImageOfPage":{"@id":"https:\/\/mirora.com\/korece-ceviri\/#primaryimage"},"image":{"@id":"https:\/\/mirora.com\/korece-ceviri\/#primaryimage"},"thumbnailUrl":"https:\/\/mirora.com\/wp-content\/uploads\/2022\/06\/korean-translation-1.jpg","datePublished":"2024-05-30T23:53:49+00:00","dateModified":"2025-05-14T01:00:28+00:00","description":"Korece Kore yar\u0131madas\u0131nda ve kom\u015fusu \u00c7in'e ba\u011fl\u0131 Yanbian Kore \u00d6zerk \u0130li'nde yayg\u0131n olarak kullan\u0131lan bir Kore dilidir.","inLanguage":"tr","potentialAction":[{"@type":"ReadAction","target":["https:\/\/mirora.com\/korece-ceviri\/"]}]},{"@type":"ImageObject","inLanguage":"tr","@id":"https:\/\/mirora.com\/korece-ceviri\/#primaryimage","url":"https:\/\/mirora.com\/wp-content\/uploads\/2022\/06\/korean-translation-1.jpg","contentUrl":"https:\/\/mirora.com\/wp-content\/uploads\/2022\/06\/korean-translation-1.jpg"},{"@type":"WebSite","@id":"https:\/\/mirora.com\/#website","url":"https:\/\/mirora.com\/","name":"Mirora Translation","description":"We Reflect Your Originals","publisher":{"@id":"https:\/\/mirora.com\/#organization"},"potentialAction":[{"@type":"SearchAction","target":{"@type":"EntryPoint","urlTemplate":"https:\/\/mirora.com\/?s={search_term_string}"},"query-input":{"@type":"PropertyValueSpecification","valueRequired":true,"valueName":"search_term_string"}}],"inLanguage":"tr"},{"@type":"Organization","@id":"https:\/\/mirora.com\/#organization","name":"Mirora","url":"https:\/\/mirora.com\/","logo":{"@type":"ImageObject","inLanguage":"tr","@id":"https:\/\/mirora.com\/#\/schema\/logo\/image\/","url":"https:\/\/mirora.com\/wp-content\/uploads\/2023\/07\/MiroraLogo2.webp","contentUrl":"https:\/\/mirora.com\/wp-content\/uploads\/2023\/07\/MiroraLogo2.webp","width":326,"height":108,"caption":"Mirora"},"image":{"@id":"https:\/\/mirora.com\/#\/schema\/logo\/image\/"}}]}},"_links":{"self":[{"href":"https:\/\/mirora.com\/tr\/wp-json\/wp\/v2\/pages\/6845","targetHints":{"allow":["GET"]}}],"collection":[{"href":"https:\/\/mirora.com\/tr\/wp-json\/wp\/v2\/pages"}],"about":[{"href":"https:\/\/mirora.com\/tr\/wp-json\/wp\/v2\/types\/page"}],"author":[{"embeddable":true,"href":"https:\/\/mirora.com\/tr\/wp-json\/wp\/v2\/users\/1"}],"replies":[{"embeddable":true,"href":"https:\/\/mirora.com\/tr\/wp-json\/wp\/v2\/comments?post=6845"}],"version-history":[{"count":13,"href":"https:\/\/mirora.com\/tr\/wp-json\/wp\/v2\/pages\/6845\/revisions"}],"predecessor-version":[{"id":22241,"href":"https:\/\/mirora.com\/tr\/wp-json\/wp\/v2\/pages\/6845\/revisions\/22241"}],"wp:attachment":[{"href":"https:\/\/mirora.com\/tr\/wp-json\/wp\/v2\/media?parent=6845"}],"curies":[{"name":"wp","href":"https:\/\/api.w.org\/{rel}","templated":true}]}}