

{"id":6873,"date":"2024-05-31T02:57:34","date_gmt":"2024-05-30T23:57:34","guid":{"rendered":"https:\/\/mirora.com\/?page_id=6873"},"modified":"2025-05-14T04:01:04","modified_gmt":"2025-05-14T01:01:04","slug":"macarca-ceviri","status":"publish","type":"page","link":"https:\/\/mirora.com\/tr\/macarca-ceviri\/","title":{"rendered":"Macarca \u00c7eviri"},"content":{"rendered":"\t\t<div data-elementor-type=\"wp-page\" data-elementor-id=\"6873\" class=\"elementor elementor-6873\" data-elementor-post-type=\"page\">\n\t\t\t\t<div class=\"elementor-element elementor-element-45f0b9d e-flex e-con-boxed e-con e-parent\" data-id=\"45f0b9d\" data-element_type=\"container\" data-e-type=\"container\" data-settings=\"{&quot;background_background&quot;:&quot;classic&quot;}\">\n\t\t\t\t\t<div class=\"e-con-inner\">\n\t\t\t\t<div class=\"elementor-element elementor-element-2a87a5b elementor-widget elementor-widget-heading\" data-id=\"2a87a5b\" data-element_type=\"widget\" data-e-type=\"widget\" data-widget_type=\"heading.default\">\n\t\t\t\t\t<h1 class=\"elementor-heading-title elementor-size-default\">Footer One<\/h1>\t\t\t\t<\/div>\n\t\t\t\t\t<\/div>\n\t\t\t\t<\/div>\n\t\t\t\t<section class=\"elementor-section elementor-top-section elementor-element elementor-element-7144dec elementor-section-full_width elementor-section-height-default elementor-section-height-default\" data-id=\"7144dec\" data-element_type=\"section\" data-e-type=\"section\">\n\t\t\t\t\t\t<div class=\"elementor-container elementor-column-gap-no\">\n\t\t\t\t\t<div class=\"elementor-column elementor-col-100 elementor-top-column elementor-element elementor-element-2ac3368\" data-id=\"2ac3368\" data-element_type=\"column\" data-e-type=\"column\">\n\t\t\t<div class=\"elementor-widget-wrap elementor-element-populated\">\n\t\t\t\t\t\t<section class=\"elementor-section elementor-inner-section elementor-element elementor-element-6cf5ae6 elementor-section-content-middle elementor-section-boxed elementor-section-height-default elementor-section-height-default\" data-id=\"6cf5ae6\" data-element_type=\"section\" data-e-type=\"section\">\n\t\t\t\t\t\t<div class=\"elementor-container elementor-column-gap-no\">\n\t\t\t\t\t<div class=\"elementor-column elementor-col-100 elementor-inner-column elementor-element elementor-element-309d6ce\" data-id=\"309d6ce\" data-element_type=\"column\" data-e-type=\"column\">\n\t\t\t<div class=\"elementor-widget-wrap elementor-element-populated\">\n\t\t\t\t\t\t<div class=\"elementor-element elementor-element-83a00e2 elementor-widget elementor-widget-text-editor\" data-id=\"83a00e2\" data-element_type=\"widget\" data-e-type=\"widget\" data-widget_type=\"text-editor.default\">\n\t\t\t\t\t\t\t\t\t<p>Macarca, Ural dil ailesi i\u00e7inde yer alan, Macaristan ve \u00e7evresindeki \u00fclkelerde konu\u015fulan bir dildir. Macarcay\u0131 anadili olarak konu\u015fan yakla\u015f\u0131k 14,5 milyon ki\u015fi vard\u0131r ve bunlar\u0131n 10 milyonu Macaristan\u2019da ya\u015far. Dilin en yo\u011fun kullan\u0131ld\u0131\u011f\u0131 ikinci b\u00f6lge 1,5 milyon konu\u015fan\u0131 ile kom\u015fu Romanya\u2019daki Transilvanya taraf\u0131ndad\u0131r.<\/p><p>Macarca Ural dil ailesine mensuptur. Bu aile i\u00e7erisinde ise Bat\u0131 Sibirya ile Kuzey Norve\u00e7 aras\u0131nda ya\u015fayan kavimlerin konu\u015ftuklar\u0131 Fin-Ugor dilleri grubunda yer al\u0131r. Fin-Ugor dillerinden birbirlerine en yak\u0131n akrabal\u0131k ili\u015fkisini g\u00f6sterenler Macarca, Hant\u0131ca ve Mansice Ugor dillerini olu\u015fturur.<\/p><p>Tarih boyunca di\u011fer k\u0131rk dilin de aralar\u0131nda bulundu\u011fu \u0130branice, Hunca, S\u00fcmerce, M\u0131s\u0131rca, Etr\u00fcsk\u00e7e, Bask\u00e7a, Fars\u00e7a, Pelasgce, Yunanca, \u00c7ince, Sanskrit\u00e7e, \u0130ngilizce, Tibet\u00e7e, Magarca, Ke\u00e7uva, Ermenice, Japonca ve pek \u00e7ok dil ile Macarcan\u0131n ili\u015fkili oldu\u011fu \u00f6ne s\u00fcr\u00fclm\u00fc\u015f olmas\u0131na ra\u011fmen, ana ak\u0131m dilbilimciler bu iddialar\u0131 s\u00f6zdebilimsel bulmaktad\u0131r. T\u00fcrk\u00e7eyle Macarca aras\u0131nda benzeyen s\u00f6zc\u00fcklerden baz\u0131lar\u0131: Macarca bicska (b\u0131\u00e7ak), boza (boza), koboz (kopuz),anya (ana\/anne) findzsa (fincan), doh\u00e1ny (duhan \/ t\u00fct\u00fcn), ibrik (ibrik), papucs (pabu\u00e7), csizma (\u00e7izme)<\/p><p>Resmi dil olarak konu\u015fuldu\u011fu b\u00f6lgeler ve uluslararas\u0131 topluluklar \u015funlard\u0131r: Macaristan, Voyvodina, Burgenland, Avrupa Birli\u011fi. Onaylanm\u0131\u015f az\u0131nl\u0131k dili olarak kabul edildi\u011fi \u00fclkeler; Ukrayna, H\u0131rvatistan, S\u0131rbistan, Slovakya, Slovenya, Avusturya ve Romanya\u2019d\u0131r.<\/p><p>Macarlar kendi dillerine \u00f6zg\u00fc alfabe kullanm\u0131\u015flard\u0131r. Bu alfabedeki harfler Orhun alfabesindeki harflere \u00e7ok benzer. Bu alfabe Hristiyanl\u0131\u011f\u0131n kabul edilmesiyle beraber yerini Latin alfabesine b\u0131rakm\u0131\u015ft\u0131r. Modern Macar alfabesi 42 harften meydana gelir.<\/p><p>Mirora Macarca \u00c7eviri Hizmeti<\/p><p>Mirora Macaristan\u2019daki kurumsal \u00e7eviri \u015firketleriyle uzun y\u0131llard\u0131r i\u015fbirli\u011fi sa\u011flam\u0131\u015ft\u0131r. Bu sayede Mirora \u00f6zellikle \u0130ngilizceyi tampon dil olarak kullanarak, d\u00fcnyan\u0131n b\u00fct\u00fcn dillerinden Macarcaya ve Macarcadan d\u00fcnyan\u0131n t\u00fcm dillerine profesyonel \u00e7eviri ekiplerince, kaliteli, h\u0131zl\u0131, g\u00fcvenilir ve rekabet\u00e7i fiyatlarla \u00e7eviri hizmeti vermektedir.<\/p>\t\t\t\t\t\t\t\t<\/div>\n\t\t\t\t\t<\/div>\n\t\t<\/div>\n\t\t\t\t\t<\/div>\n\t\t<\/section>\n\t\t\t\t\t<\/div>\n\t\t<\/div>\n\t\t\t\t\t<\/div>\n\t\t<\/section>\n\t\t\t\t<section class=\"elementor-section elementor-top-section elementor-element elementor-element-91d946b elementor-section-full_width elementor-section-height-default elementor-section-height-default\" data-id=\"91d946b\" data-element_type=\"section\" data-e-type=\"section\">\n\t\t\t\t\t\t<div class=\"elementor-container elementor-column-gap-no\">\n\t\t\t\t\t<div class=\"elementor-column elementor-col-100 elementor-top-column elementor-element elementor-element-207c427\" data-id=\"207c427\" data-element_type=\"column\" data-e-type=\"column\">\n\t\t\t<div class=\"elementor-widget-wrap elementor-element-populated\">\n\t\t\t\t\t\t<div class=\"elementor-element elementor-element-b860bc1 elementor-widget elementor-widget-eduracta\" data-id=\"b860bc1\" data-element_type=\"widget\" data-e-type=\"widget\" data-widget_type=\"eduracta.default\">\n\t\t\t\t<div class=\"elementor-widget-container\">\n\t\t\t\t\t<div class=\"cta-area-1\" data-bg-src=\"https:\/\/themeholy.com\/wordpress\/edura\/wp-content\/uploads\/2023\/07\/cta-bg1.png\"><div class=\"container\"><div class=\"row align-items-center justify-content-between\"><div class=\"col-lg-8\"><div class=\"cta-wrap title-area mb-0\"><div class=\"cta-icon\"><img decoding=\"async\" src=\"https:\/\/themeholy.com\/wordpress\/edura\/wp-content\/uploads\/2023\/07\/cta-icon1.png\" alt=\"icon\"><\/div><div class=\"cta-content\"><h2 class=\"cta-title th-title sec-title\">Hemen Teklif Al<\/h2><p class=\"cta-text th-desc\">Markana de\u011fer katmak Mirora ile bir t\u0131k uza\u011f\u0131nda.<\/p><\/div><a href=\"https:\/\/mirora.com\/teklif-al\/\" class=\"th-btn th_btn style8\">Teklif Al!<i class=\"fa-regular fa-arrow-right ms-1\"><\/i><\/a><\/div><\/div><\/div><\/div><div class=\"cta-img-1\" data-overlay=\"title\" data-opacity=\"8\"><img decoding=\"async\" src=\"https:\/\/themeholy.com\/wordpress\/edura\/wp-content\/uploads\/2023\/07\/cta_1_1.png\" alt=\"Image\"><\/div><\/div>\t\t\t\t<\/div>\n\t\t\t\t<\/div>\n\t\t\t\t\t<\/div>\n\t\t<\/div>\n\t\t\t\t\t<\/div>\n\t\t<\/section>\n\t\t\t\t<\/div>\n\t\t","protected":false},"excerpt":{"rendered":"<p>Macarca, Ural dil ailesi i\u00e7inde yer alan, Macaristan ve \u00e7evresindeki \u00fclkelerde konu\u015fulan bir dildir. Macarcay\u0131 anadili olarak konu\u015fan yakla\u015f\u0131k 14,5&#8230;<\/p>\n","protected":false},"author":1,"featured_media":0,"parent":0,"menu_order":0,"comment_status":"closed","ping_status":"closed","template":"template-builder.php","meta":{"_monsterinsights_skip_tracking":false,"_monsterinsights_sitenote_active":false,"_monsterinsights_sitenote_note":"","_monsterinsights_sitenote_category":0,"footnotes":""},"class_list":["post-6873","page","type-page","status-publish","hentry"],"yoast_head":"<!-- This site is optimized with the Yoast SEO plugin v27.4 - https:\/\/yoast.com\/product\/yoast-seo-wordpress\/ -->\n<title>Macarca \u00c7eviri - Mirora Translation<\/title>\n<meta name=\"description\" content=\"Macarca, Ural dil ailesi i\u00e7inde yer alan ve muhtemelen Ugor dilleri koluna ait, ba\u015fl\u0131ca Macaristan ve \u00e7evresindeki \u00fclkelerde konu\u015fulan bir dildir.\" \/>\n<meta name=\"robots\" content=\"index, follow, max-snippet:-1, max-image-preview:large, max-video-preview:-1\" \/>\n<link rel=\"canonical\" href=\"https:\/\/mirora.com\/tr\/macarca-ceviri\/\" \/>\n<meta property=\"og:locale\" content=\"tr_TR\" \/>\n<meta property=\"og:type\" content=\"article\" \/>\n<meta property=\"og:title\" content=\"Macarca \u00c7eviri - Mirora Translation\" \/>\n<meta property=\"og:description\" content=\"Macarca, Ural dil ailesi i\u00e7inde yer alan ve muhtemelen Ugor dilleri koluna ait, ba\u015fl\u0131ca Macaristan ve \u00e7evresindeki \u00fclkelerde konu\u015fulan bir dildir.\" \/>\n<meta property=\"og:url\" content=\"https:\/\/mirora.com\/tr\/macarca-ceviri\/\" \/>\n<meta property=\"og:site_name\" content=\"Mirora Translation\" \/>\n<meta property=\"article:modified_time\" content=\"2025-05-14T01:01:04+00:00\" \/>\n<meta property=\"og:image\" content=\"https:\/\/themeholy.com\/wordpress\/edura\/wp-content\/uploads\/2023\/07\/cta-icon1.png\" \/>\n<meta name=\"twitter:card\" content=\"summary_large_image\" \/>\n<meta name=\"twitter:label1\" content=\"Tahmini okuma s\u00fcresi\" \/>\n\t<meta name=\"twitter:data1\" content=\"1 dakika\" \/>\n<script type=\"application\/ld+json\" class=\"yoast-schema-graph\">{\"@context\":\"https:\\\/\\\/schema.org\",\"@graph\":[{\"@type\":\"WebPage\",\"@id\":\"https:\\\/\\\/mirora.com\\\/macarca-ceviri\\\/\",\"url\":\"https:\\\/\\\/mirora.com\\\/macarca-ceviri\\\/\",\"name\":\"Macarca \u00c7eviri - Mirora Translation\",\"isPartOf\":{\"@id\":\"https:\\\/\\\/mirora.com\\\/#website\"},\"primaryImageOfPage\":{\"@id\":\"https:\\\/\\\/mirora.com\\\/macarca-ceviri\\\/#primaryimage\"},\"image\":{\"@id\":\"https:\\\/\\\/mirora.com\\\/macarca-ceviri\\\/#primaryimage\"},\"thumbnailUrl\":\"https:\\\/\\\/themeholy.com\\\/wordpress\\\/edura\\\/wp-content\\\/uploads\\\/2023\\\/07\\\/cta-icon1.png\",\"datePublished\":\"2024-05-30T23:57:34+00:00\",\"dateModified\":\"2025-05-14T01:01:04+00:00\",\"description\":\"Macarca, Ural dil ailesi i\u00e7inde yer alan ve muhtemelen Ugor dilleri koluna ait, ba\u015fl\u0131ca Macaristan ve \u00e7evresindeki \u00fclkelerde konu\u015fulan bir dildir.\",\"inLanguage\":\"tr\",\"potentialAction\":[{\"@type\":\"ReadAction\",\"target\":[\"https:\\\/\\\/mirora.com\\\/macarca-ceviri\\\/\"]}]},{\"@type\":\"ImageObject\",\"inLanguage\":\"tr\",\"@id\":\"https:\\\/\\\/mirora.com\\\/macarca-ceviri\\\/#primaryimage\",\"url\":\"https:\\\/\\\/themeholy.com\\\/wordpress\\\/edura\\\/wp-content\\\/uploads\\\/2023\\\/07\\\/cta-icon1.png\",\"contentUrl\":\"https:\\\/\\\/themeholy.com\\\/wordpress\\\/edura\\\/wp-content\\\/uploads\\\/2023\\\/07\\\/cta-icon1.png\"},{\"@type\":\"WebSite\",\"@id\":\"https:\\\/\\\/mirora.com\\\/#website\",\"url\":\"https:\\\/\\\/mirora.com\\\/\",\"name\":\"Mirora Translation\",\"description\":\"We Reflect Your Originals\",\"publisher\":{\"@id\":\"https:\\\/\\\/mirora.com\\\/#organization\"},\"potentialAction\":[{\"@type\":\"SearchAction\",\"target\":{\"@type\":\"EntryPoint\",\"urlTemplate\":\"https:\\\/\\\/mirora.com\\\/?s={search_term_string}\"},\"query-input\":{\"@type\":\"PropertyValueSpecification\",\"valueRequired\":true,\"valueName\":\"search_term_string\"}}],\"inLanguage\":\"tr\"},{\"@type\":\"Organization\",\"@id\":\"https:\\\/\\\/mirora.com\\\/#organization\",\"name\":\"Mirora\",\"url\":\"https:\\\/\\\/mirora.com\\\/\",\"logo\":{\"@type\":\"ImageObject\",\"inLanguage\":\"tr\",\"@id\":\"https:\\\/\\\/mirora.com\\\/#\\\/schema\\\/logo\\\/image\\\/\",\"url\":\"https:\\\/\\\/mirora.com\\\/wp-content\\\/uploads\\\/2023\\\/07\\\/MiroraLogo2.webp\",\"contentUrl\":\"https:\\\/\\\/mirora.com\\\/wp-content\\\/uploads\\\/2023\\\/07\\\/MiroraLogo2.webp\",\"width\":326,\"height\":108,\"caption\":\"Mirora\"},\"image\":{\"@id\":\"https:\\\/\\\/mirora.com\\\/#\\\/schema\\\/logo\\\/image\\\/\"}}]}<\/script>\n<!-- \/ Yoast SEO plugin. -->","yoast_head_json":{"title":"Macarca \u00c7eviri - Mirora Translation","description":"Macarca, Ural dil ailesi i\u00e7inde yer alan ve muhtemelen Ugor dilleri koluna ait, ba\u015fl\u0131ca Macaristan ve \u00e7evresindeki \u00fclkelerde konu\u015fulan bir dildir.","robots":{"index":"index","follow":"follow","max-snippet":"max-snippet:-1","max-image-preview":"max-image-preview:large","max-video-preview":"max-video-preview:-1"},"canonical":"https:\/\/mirora.com\/tr\/macarca-ceviri\/","og_locale":"tr_TR","og_type":"article","og_title":"Macarca \u00c7eviri - Mirora Translation","og_description":"Macarca, Ural dil ailesi i\u00e7inde yer alan ve muhtemelen Ugor dilleri koluna ait, ba\u015fl\u0131ca Macaristan ve \u00e7evresindeki \u00fclkelerde konu\u015fulan bir dildir.","og_url":"https:\/\/mirora.com\/tr\/macarca-ceviri\/","og_site_name":"Mirora Translation","article_modified_time":"2025-05-14T01:01:04+00:00","og_image":[{"url":"https:\/\/themeholy.com\/wordpress\/edura\/wp-content\/uploads\/2023\/07\/cta-icon1.png","type":"","width":"","height":""}],"twitter_card":"summary_large_image","twitter_misc":{"Tahmini okuma s\u00fcresi":"1 dakika"},"schema":{"@context":"https:\/\/schema.org","@graph":[{"@type":"WebPage","@id":"https:\/\/mirora.com\/macarca-ceviri\/","url":"https:\/\/mirora.com\/macarca-ceviri\/","name":"Macarca \u00c7eviri - Mirora Translation","isPartOf":{"@id":"https:\/\/mirora.com\/#website"},"primaryImageOfPage":{"@id":"https:\/\/mirora.com\/macarca-ceviri\/#primaryimage"},"image":{"@id":"https:\/\/mirora.com\/macarca-ceviri\/#primaryimage"},"thumbnailUrl":"https:\/\/themeholy.com\/wordpress\/edura\/wp-content\/uploads\/2023\/07\/cta-icon1.png","datePublished":"2024-05-30T23:57:34+00:00","dateModified":"2025-05-14T01:01:04+00:00","description":"Macarca, Ural dil ailesi i\u00e7inde yer alan ve muhtemelen Ugor dilleri koluna ait, ba\u015fl\u0131ca Macaristan ve \u00e7evresindeki \u00fclkelerde konu\u015fulan bir dildir.","inLanguage":"tr","potentialAction":[{"@type":"ReadAction","target":["https:\/\/mirora.com\/macarca-ceviri\/"]}]},{"@type":"ImageObject","inLanguage":"tr","@id":"https:\/\/mirora.com\/macarca-ceviri\/#primaryimage","url":"https:\/\/themeholy.com\/wordpress\/edura\/wp-content\/uploads\/2023\/07\/cta-icon1.png","contentUrl":"https:\/\/themeholy.com\/wordpress\/edura\/wp-content\/uploads\/2023\/07\/cta-icon1.png"},{"@type":"WebSite","@id":"https:\/\/mirora.com\/#website","url":"https:\/\/mirora.com\/","name":"Mirora Translation","description":"We Reflect Your Originals","publisher":{"@id":"https:\/\/mirora.com\/#organization"},"potentialAction":[{"@type":"SearchAction","target":{"@type":"EntryPoint","urlTemplate":"https:\/\/mirora.com\/?s={search_term_string}"},"query-input":{"@type":"PropertyValueSpecification","valueRequired":true,"valueName":"search_term_string"}}],"inLanguage":"tr"},{"@type":"Organization","@id":"https:\/\/mirora.com\/#organization","name":"Mirora","url":"https:\/\/mirora.com\/","logo":{"@type":"ImageObject","inLanguage":"tr","@id":"https:\/\/mirora.com\/#\/schema\/logo\/image\/","url":"https:\/\/mirora.com\/wp-content\/uploads\/2023\/07\/MiroraLogo2.webp","contentUrl":"https:\/\/mirora.com\/wp-content\/uploads\/2023\/07\/MiroraLogo2.webp","width":326,"height":108,"caption":"Mirora"},"image":{"@id":"https:\/\/mirora.com\/#\/schema\/logo\/image\/"}}]}},"_links":{"self":[{"href":"https:\/\/mirora.com\/tr\/wp-json\/wp\/v2\/pages\/6873","targetHints":{"allow":["GET"]}}],"collection":[{"href":"https:\/\/mirora.com\/tr\/wp-json\/wp\/v2\/pages"}],"about":[{"href":"https:\/\/mirora.com\/tr\/wp-json\/wp\/v2\/types\/page"}],"author":[{"embeddable":true,"href":"https:\/\/mirora.com\/tr\/wp-json\/wp\/v2\/users\/1"}],"replies":[{"embeddable":true,"href":"https:\/\/mirora.com\/tr\/wp-json\/wp\/v2\/comments?post=6873"}],"version-history":[{"count":13,"href":"https:\/\/mirora.com\/tr\/wp-json\/wp\/v2\/pages\/6873\/revisions"}],"predecessor-version":[{"id":22250,"href":"https:\/\/mirora.com\/tr\/wp-json\/wp\/v2\/pages\/6873\/revisions\/22250"}],"wp:attachment":[{"href":"https:\/\/mirora.com\/tr\/wp-json\/wp\/v2\/media?parent=6873"}],"curies":[{"name":"wp","href":"https:\/\/api.w.org\/{rel}","templated":true}]}}