

{"id":6874,"date":"2024-05-31T02:58:08","date_gmt":"2024-05-30T23:58:08","guid":{"rendered":"https:\/\/mirora.com\/?page_id=6874"},"modified":"2025-05-14T04:01:38","modified_gmt":"2025-05-14T01:01:38","slug":"portekizce-ceviri","status":"publish","type":"page","link":"https:\/\/mirora.com\/tr\/portekizce-ceviri\/","title":{"rendered":"Portekizce \u00c7eviri"},"content":{"rendered":"\t\t<div data-elementor-type=\"wp-page\" data-elementor-id=\"6874\" class=\"elementor elementor-6874\" data-elementor-post-type=\"page\">\n\t\t\t\t<div class=\"elementor-element elementor-element-18a55cb e-flex e-con-boxed e-con e-parent\" data-id=\"18a55cb\" data-element_type=\"container\" data-e-type=\"container\" data-settings=\"{&quot;background_background&quot;:&quot;classic&quot;}\">\n\t\t\t\t\t<div class=\"e-con-inner\">\n\t\t\t\t<div class=\"elementor-element elementor-element-0f8ba68 elementor-widget elementor-widget-heading\" data-id=\"0f8ba68\" data-element_type=\"widget\" data-e-type=\"widget\" data-widget_type=\"heading.default\">\n\t\t\t\t\t<h1 class=\"elementor-heading-title elementor-size-default\">Footer One<\/h1>\t\t\t\t<\/div>\n\t\t\t\t\t<\/div>\n\t\t\t\t<\/div>\n\t\t\t\t<section class=\"elementor-section elementor-top-section elementor-element elementor-element-7144dec elementor-section-full_width elementor-section-height-default elementor-section-height-default\" data-id=\"7144dec\" data-element_type=\"section\" data-e-type=\"section\">\n\t\t\t\t\t\t<div class=\"elementor-container elementor-column-gap-no\">\n\t\t\t\t\t<div class=\"elementor-column elementor-col-100 elementor-top-column elementor-element elementor-element-2ac3368\" data-id=\"2ac3368\" data-element_type=\"column\" data-e-type=\"column\">\n\t\t\t<div class=\"elementor-widget-wrap elementor-element-populated\">\n\t\t\t\t\t\t<section class=\"elementor-section elementor-inner-section elementor-element elementor-element-6cf5ae6 elementor-section-content-middle elementor-section-boxed elementor-section-height-default elementor-section-height-default\" data-id=\"6cf5ae6\" data-element_type=\"section\" data-e-type=\"section\">\n\t\t\t\t\t\t<div class=\"elementor-container elementor-column-gap-no\">\n\t\t\t\t\t<div class=\"elementor-column elementor-col-100 elementor-inner-column elementor-element elementor-element-309d6ce\" data-id=\"309d6ce\" data-element_type=\"column\" data-e-type=\"column\">\n\t\t\t<div class=\"elementor-widget-wrap elementor-element-populated\">\n\t\t\t\t\t\t<div class=\"elementor-element elementor-element-83a00e2 elementor-widget elementor-widget-text-editor\" data-id=\"83a00e2\" data-element_type=\"widget\" data-e-type=\"widget\" data-widget_type=\"text-editor.default\">\n\t\t\t\t\t\t\t\t\t<p>Portekizce, iki y\u00fcz milyondan fazla ki\u015finin anadili olarak konu\u015ftu\u011fu bir dildir. D\u00fcnya \u00fczerinde en \u00e7ok konu\u015fulan alt\u0131nc\u0131 dildir. G\u00fcney Amerika\u2019da ve Latin Amerika\u2019da n\u00fcfusun neredeyse yar\u0131s\u0131 Portekizce konu\u015fur. Hint-Avrupa dil ailesinin \u0130talo-Keltik alt grubunun Romen dilleri koluna ba\u011fl\u0131 olan bu dil, \u0130spanyolcaya \u00e7ok benzer ancak \u0130spanyolcadan daha yumu\u015fak ve melodiktir. S\u00f6zc\u00fck haznelerinin \u00e7o\u011fu ortak olsa da, Portekizcede \u0130spanyolcada kullan\u0131lmayan burundan sesler \u00e7ok\u00e7a yer almaktad\u0131r. Portekizcenin yak\u0131n oldu\u011fu di\u011fer diller \u0130talyanca, Frans\u0131zca ve Rumence\u2019dir. Bu dil, 15. ve 16. y\u00fczy\u0131lda Portekiz\u2019in s\u00f6m\u00fcrgele\u015ftirme siyasetiyle d\u00fcnya \u00fczerinde daha h\u0131zl\u0131 yay\u0131lm\u0131\u015ft\u0131r. Brezilya ve Portekiz\u2019de sesletim a\u00e7\u0131s\u0131ndan farkl\u0131 \u015fiveler konu\u015fulmas\u0131na ra\u011fmen, iki \u00fclkede ya\u015fayanlar anla\u015fmakta zorluk \u00e7ekmez. Az say\u0131da da olsa baz\u0131 s\u00f6zc\u00fckler iki \u00fclkede farkl\u0131 s\u00f6ylenir. Portekiz\u2019de \u201cananas\u201d, Brezilya\u2019da \u201cabacaxi\u201ddir.<\/p><p>Portekizcenin Resmi Dil Oldu\u011fu \u00dclkeler<\/p><p>Resm\u00ee dil olarak kabul edildi\u011fi \u00fclkeler: Angola, Brezilya, Ye\u015fil Burun Adalar\u0131, Do\u011fu Timor, Gine-Bissau, Ekvator Ginesi, Mozambik, Portekiz, S\u00e3o Tom\u00e9 ve Pr\u00edncipe.<\/p><p>Portekizce sesli harflerinde ayr\u0131ca \u00e0, \u00e1, \u00e2, \u00e3, \u00e9, \u00ea, \u00ed, \u00f3, \u00f4, \u00fa i\u015faretlerini ve ch, lh, nh, rr, ss, qu, gu digraflar\u0131n\u0131 kullan\u0131r.<\/p><p>Mirora, Portekiz\u2019de ve Brezilya\u2019da profesyonel ve kurumsal \u00e7eviri \u015firketleriyle uzun y\u0131llard\u0131r i\u015fbirli\u011fi sa\u011flam\u0131\u015ft\u0131r. Bu sayede Mirora, d\u00fcnyan\u0131n b\u00fct\u00fcn dillerinden Portekizcenin t\u00fcm diyalektlerine ve Portekizceden d\u00fcnyan\u0131n t\u00fcm dillerine anadili hedef dil olan \u00e7eviri ekiplerince, kaliteli, h\u0131zl\u0131 g\u00fcvenilir ve rekabet\u00e7i fiyatlarla \u00e7eviri hizmeti vermektedir.<\/p>\t\t\t\t\t\t\t\t<\/div>\n\t\t\t\t\t<\/div>\n\t\t<\/div>\n\t\t\t\t\t<\/div>\n\t\t<\/section>\n\t\t\t\t\t<\/div>\n\t\t<\/div>\n\t\t\t\t\t<\/div>\n\t\t<\/section>\n\t\t\t\t<section class=\"elementor-section elementor-top-section elementor-element elementor-element-91d946b elementor-section-full_width elementor-section-height-default elementor-section-height-default\" data-id=\"91d946b\" data-element_type=\"section\" data-e-type=\"section\">\n\t\t\t\t\t\t<div class=\"elementor-container elementor-column-gap-no\">\n\t\t\t\t\t<div class=\"elementor-column elementor-col-100 elementor-top-column elementor-element elementor-element-207c427\" data-id=\"207c427\" data-element_type=\"column\" data-e-type=\"column\">\n\t\t\t<div class=\"elementor-widget-wrap elementor-element-populated\">\n\t\t\t\t\t\t<div class=\"elementor-element elementor-element-b860bc1 elementor-widget elementor-widget-eduracta\" data-id=\"b860bc1\" data-element_type=\"widget\" data-e-type=\"widget\" data-widget_type=\"eduracta.default\">\n\t\t\t\t<div class=\"elementor-widget-container\">\n\t\t\t\t\t<div class=\"cta-area-1\" data-bg-src=\"https:\/\/themeholy.com\/wordpress\/edura\/wp-content\/uploads\/2023\/07\/cta-bg1.png\"><div class=\"container\"><div class=\"row align-items-center justify-content-between\"><div class=\"col-lg-8\"><div class=\"cta-wrap title-area mb-0\"><div class=\"cta-icon\"><img decoding=\"async\" src=\"https:\/\/themeholy.com\/wordpress\/edura\/wp-content\/uploads\/2023\/07\/cta-icon1.png\" alt=\"icon\"><\/div><div class=\"cta-content\"><h2 class=\"cta-title th-title sec-title\">Hemen Teklif Al<\/h2><p class=\"cta-text th-desc\">Markana de\u011fer katmak Mirora ile bir t\u0131k uza\u011f\u0131nda.<\/p><\/div><a href=\"https:\/\/mirora.com\/teklif-al\/\" class=\"th-btn th_btn style8\">Teklif Al!<i class=\"fa-regular fa-arrow-right ms-1\"><\/i><\/a><\/div><\/div><\/div><\/div><div class=\"cta-img-1\" data-overlay=\"title\" data-opacity=\"8\"><img decoding=\"async\" src=\"https:\/\/themeholy.com\/wordpress\/edura\/wp-content\/uploads\/2023\/07\/cta_1_1.png\" alt=\"Image\"><\/div><\/div>\t\t\t\t<\/div>\n\t\t\t\t<\/div>\n\t\t\t\t\t<\/div>\n\t\t<\/div>\n\t\t\t\t\t<\/div>\n\t\t<\/section>\n\t\t\t\t<\/div>\n\t\t","protected":false},"excerpt":{"rendered":"<p>Portekizce, iki y\u00fcz milyondan fazla ki\u015finin anadili olarak konu\u015ftu\u011fu bir dildir. D\u00fcnya \u00fczerinde en \u00e7ok konu\u015fulan alt\u0131nc\u0131 dildir. G\u00fcney Amerika\u2019da&#8230;<\/p>\n","protected":false},"author":1,"featured_media":0,"parent":0,"menu_order":0,"comment_status":"closed","ping_status":"closed","template":"template-builder.php","meta":{"_monsterinsights_skip_tracking":false,"_monsterinsights_sitenote_active":false,"_monsterinsights_sitenote_note":"","_monsterinsights_sitenote_category":0,"footnotes":""},"class_list":["post-6874","page","type-page","status-publish","hentry"],"yoast_head":"<!-- This site is optimized with the Yoast SEO plugin v27.4 - https:\/\/yoast.com\/product\/yoast-seo-wordpress\/ -->\n<title>Portekizce \u00c7eviri - Mirora Translation<\/title>\n<meta name=\"description\" content=\"Portekizce, iki y\u00fcz milyon \u00fczerinde insan taraf\u0131ndan anadili olarak konu\u015fulmaktad\u0131r. D\u00fcnya \u00fczerinde en yayg\u0131n alt\u0131nc\u0131 dildir.\" \/>\n<meta name=\"robots\" content=\"index, follow, max-snippet:-1, max-image-preview:large, max-video-preview:-1\" \/>\n<link rel=\"canonical\" href=\"https:\/\/mirora.com\/tr\/portekizce-ceviri\/\" \/>\n<meta property=\"og:locale\" content=\"tr_TR\" \/>\n<meta property=\"og:type\" content=\"article\" \/>\n<meta property=\"og:title\" content=\"Portekizce \u00c7eviri - Mirora Translation\" \/>\n<meta property=\"og:description\" content=\"Portekizce, iki y\u00fcz milyon \u00fczerinde insan taraf\u0131ndan anadili olarak konu\u015fulmaktad\u0131r. D\u00fcnya \u00fczerinde en yayg\u0131n alt\u0131nc\u0131 dildir.\" \/>\n<meta property=\"og:url\" content=\"https:\/\/mirora.com\/tr\/portekizce-ceviri\/\" \/>\n<meta property=\"og:site_name\" content=\"Mirora Translation\" \/>\n<meta property=\"article:modified_time\" content=\"2025-05-14T01:01:38+00:00\" \/>\n<meta property=\"og:image\" content=\"https:\/\/themeholy.com\/wordpress\/edura\/wp-content\/uploads\/2023\/07\/cta-icon1.png\" \/>\n<meta name=\"twitter:card\" content=\"summary_large_image\" \/>\n<meta name=\"twitter:label1\" content=\"Tahmini okuma s\u00fcresi\" \/>\n\t<meta name=\"twitter:data1\" content=\"1 dakika\" \/>\n<script type=\"application\/ld+json\" class=\"yoast-schema-graph\">{\"@context\":\"https:\\\/\\\/schema.org\",\"@graph\":[{\"@type\":\"WebPage\",\"@id\":\"https:\\\/\\\/mirora.com\\\/portekizce-ceviri\\\/\",\"url\":\"https:\\\/\\\/mirora.com\\\/portekizce-ceviri\\\/\",\"name\":\"Portekizce \u00c7eviri - Mirora Translation\",\"isPartOf\":{\"@id\":\"https:\\\/\\\/mirora.com\\\/#website\"},\"primaryImageOfPage\":{\"@id\":\"https:\\\/\\\/mirora.com\\\/portekizce-ceviri\\\/#primaryimage\"},\"image\":{\"@id\":\"https:\\\/\\\/mirora.com\\\/portekizce-ceviri\\\/#primaryimage\"},\"thumbnailUrl\":\"https:\\\/\\\/themeholy.com\\\/wordpress\\\/edura\\\/wp-content\\\/uploads\\\/2023\\\/07\\\/cta-icon1.png\",\"datePublished\":\"2024-05-30T23:58:08+00:00\",\"dateModified\":\"2025-05-14T01:01:38+00:00\",\"description\":\"Portekizce, iki y\u00fcz milyon \u00fczerinde insan taraf\u0131ndan anadili olarak konu\u015fulmaktad\u0131r. D\u00fcnya \u00fczerinde en yayg\u0131n alt\u0131nc\u0131 dildir.\",\"inLanguage\":\"tr\",\"potentialAction\":[{\"@type\":\"ReadAction\",\"target\":[\"https:\\\/\\\/mirora.com\\\/portekizce-ceviri\\\/\"]}]},{\"@type\":\"ImageObject\",\"inLanguage\":\"tr\",\"@id\":\"https:\\\/\\\/mirora.com\\\/portekizce-ceviri\\\/#primaryimage\",\"url\":\"https:\\\/\\\/themeholy.com\\\/wordpress\\\/edura\\\/wp-content\\\/uploads\\\/2023\\\/07\\\/cta-icon1.png\",\"contentUrl\":\"https:\\\/\\\/themeholy.com\\\/wordpress\\\/edura\\\/wp-content\\\/uploads\\\/2023\\\/07\\\/cta-icon1.png\"},{\"@type\":\"WebSite\",\"@id\":\"https:\\\/\\\/mirora.com\\\/#website\",\"url\":\"https:\\\/\\\/mirora.com\\\/\",\"name\":\"Mirora Translation\",\"description\":\"We Reflect Your Originals\",\"publisher\":{\"@id\":\"https:\\\/\\\/mirora.com\\\/#organization\"},\"potentialAction\":[{\"@type\":\"SearchAction\",\"target\":{\"@type\":\"EntryPoint\",\"urlTemplate\":\"https:\\\/\\\/mirora.com\\\/?s={search_term_string}\"},\"query-input\":{\"@type\":\"PropertyValueSpecification\",\"valueRequired\":true,\"valueName\":\"search_term_string\"}}],\"inLanguage\":\"tr\"},{\"@type\":\"Organization\",\"@id\":\"https:\\\/\\\/mirora.com\\\/#organization\",\"name\":\"Mirora\",\"url\":\"https:\\\/\\\/mirora.com\\\/\",\"logo\":{\"@type\":\"ImageObject\",\"inLanguage\":\"tr\",\"@id\":\"https:\\\/\\\/mirora.com\\\/#\\\/schema\\\/logo\\\/image\\\/\",\"url\":\"https:\\\/\\\/mirora.com\\\/wp-content\\\/uploads\\\/2023\\\/07\\\/MiroraLogo2.webp\",\"contentUrl\":\"https:\\\/\\\/mirora.com\\\/wp-content\\\/uploads\\\/2023\\\/07\\\/MiroraLogo2.webp\",\"width\":326,\"height\":108,\"caption\":\"Mirora\"},\"image\":{\"@id\":\"https:\\\/\\\/mirora.com\\\/#\\\/schema\\\/logo\\\/image\\\/\"}}]}<\/script>\n<!-- \/ Yoast SEO plugin. -->","yoast_head_json":{"title":"Portekizce \u00c7eviri - Mirora Translation","description":"Portekizce, iki y\u00fcz milyon \u00fczerinde insan taraf\u0131ndan anadili olarak konu\u015fulmaktad\u0131r. D\u00fcnya \u00fczerinde en yayg\u0131n alt\u0131nc\u0131 dildir.","robots":{"index":"index","follow":"follow","max-snippet":"max-snippet:-1","max-image-preview":"max-image-preview:large","max-video-preview":"max-video-preview:-1"},"canonical":"https:\/\/mirora.com\/tr\/portekizce-ceviri\/","og_locale":"tr_TR","og_type":"article","og_title":"Portekizce \u00c7eviri - Mirora Translation","og_description":"Portekizce, iki y\u00fcz milyon \u00fczerinde insan taraf\u0131ndan anadili olarak konu\u015fulmaktad\u0131r. D\u00fcnya \u00fczerinde en yayg\u0131n alt\u0131nc\u0131 dildir.","og_url":"https:\/\/mirora.com\/tr\/portekizce-ceviri\/","og_site_name":"Mirora Translation","article_modified_time":"2025-05-14T01:01:38+00:00","og_image":[{"url":"https:\/\/themeholy.com\/wordpress\/edura\/wp-content\/uploads\/2023\/07\/cta-icon1.png","type":"","width":"","height":""}],"twitter_card":"summary_large_image","twitter_misc":{"Tahmini okuma s\u00fcresi":"1 dakika"},"schema":{"@context":"https:\/\/schema.org","@graph":[{"@type":"WebPage","@id":"https:\/\/mirora.com\/portekizce-ceviri\/","url":"https:\/\/mirora.com\/portekizce-ceviri\/","name":"Portekizce \u00c7eviri - Mirora Translation","isPartOf":{"@id":"https:\/\/mirora.com\/#website"},"primaryImageOfPage":{"@id":"https:\/\/mirora.com\/portekizce-ceviri\/#primaryimage"},"image":{"@id":"https:\/\/mirora.com\/portekizce-ceviri\/#primaryimage"},"thumbnailUrl":"https:\/\/themeholy.com\/wordpress\/edura\/wp-content\/uploads\/2023\/07\/cta-icon1.png","datePublished":"2024-05-30T23:58:08+00:00","dateModified":"2025-05-14T01:01:38+00:00","description":"Portekizce, iki y\u00fcz milyon \u00fczerinde insan taraf\u0131ndan anadili olarak konu\u015fulmaktad\u0131r. D\u00fcnya \u00fczerinde en yayg\u0131n alt\u0131nc\u0131 dildir.","inLanguage":"tr","potentialAction":[{"@type":"ReadAction","target":["https:\/\/mirora.com\/portekizce-ceviri\/"]}]},{"@type":"ImageObject","inLanguage":"tr","@id":"https:\/\/mirora.com\/portekizce-ceviri\/#primaryimage","url":"https:\/\/themeholy.com\/wordpress\/edura\/wp-content\/uploads\/2023\/07\/cta-icon1.png","contentUrl":"https:\/\/themeholy.com\/wordpress\/edura\/wp-content\/uploads\/2023\/07\/cta-icon1.png"},{"@type":"WebSite","@id":"https:\/\/mirora.com\/#website","url":"https:\/\/mirora.com\/","name":"Mirora Translation","description":"We Reflect Your Originals","publisher":{"@id":"https:\/\/mirora.com\/#organization"},"potentialAction":[{"@type":"SearchAction","target":{"@type":"EntryPoint","urlTemplate":"https:\/\/mirora.com\/?s={search_term_string}"},"query-input":{"@type":"PropertyValueSpecification","valueRequired":true,"valueName":"search_term_string"}}],"inLanguage":"tr"},{"@type":"Organization","@id":"https:\/\/mirora.com\/#organization","name":"Mirora","url":"https:\/\/mirora.com\/","logo":{"@type":"ImageObject","inLanguage":"tr","@id":"https:\/\/mirora.com\/#\/schema\/logo\/image\/","url":"https:\/\/mirora.com\/wp-content\/uploads\/2023\/07\/MiroraLogo2.webp","contentUrl":"https:\/\/mirora.com\/wp-content\/uploads\/2023\/07\/MiroraLogo2.webp","width":326,"height":108,"caption":"Mirora"},"image":{"@id":"https:\/\/mirora.com\/#\/schema\/logo\/image\/"}}]}},"_links":{"self":[{"href":"https:\/\/mirora.com\/tr\/wp-json\/wp\/v2\/pages\/6874","targetHints":{"allow":["GET"]}}],"collection":[{"href":"https:\/\/mirora.com\/tr\/wp-json\/wp\/v2\/pages"}],"about":[{"href":"https:\/\/mirora.com\/tr\/wp-json\/wp\/v2\/types\/page"}],"author":[{"embeddable":true,"href":"https:\/\/mirora.com\/tr\/wp-json\/wp\/v2\/users\/1"}],"replies":[{"embeddable":true,"href":"https:\/\/mirora.com\/tr\/wp-json\/wp\/v2\/comments?post=6874"}],"version-history":[{"count":13,"href":"https:\/\/mirora.com\/tr\/wp-json\/wp\/v2\/pages\/6874\/revisions"}],"predecessor-version":[{"id":22253,"href":"https:\/\/mirora.com\/tr\/wp-json\/wp\/v2\/pages\/6874\/revisions\/22253"}],"wp:attachment":[{"href":"https:\/\/mirora.com\/tr\/wp-json\/wp\/v2\/media?parent=6874"}],"curies":[{"name":"wp","href":"https:\/\/api.w.org\/{rel}","templated":true}]}}