

{"id":6875,"date":"2024-05-31T02:58:57","date_gmt":"2024-05-30T23:58:57","guid":{"rendered":"https:\/\/mirora.com\/?page_id=6875"},"modified":"2025-05-14T04:01:51","modified_gmt":"2025-05-14T01:01:51","slug":"rumence-ceviri","status":"publish","type":"page","link":"https:\/\/mirora.com\/tr\/rumence-ceviri\/","title":{"rendered":"Rumence \u00c7eviri"},"content":{"rendered":"\t\t<div data-elementor-type=\"wp-page\" data-elementor-id=\"6875\" class=\"elementor elementor-6875\" data-elementor-post-type=\"page\">\n\t\t\t\t<div class=\"elementor-element elementor-element-faedb64 e-flex e-con-boxed e-con e-parent\" data-id=\"faedb64\" data-element_type=\"container\" data-e-type=\"container\" data-settings=\"{&quot;background_background&quot;:&quot;classic&quot;}\">\n\t\t\t\t\t<div class=\"e-con-inner\">\n\t\t\t\t<div class=\"elementor-element elementor-element-12dd82d elementor-widget elementor-widget-heading\" data-id=\"12dd82d\" data-element_type=\"widget\" data-e-type=\"widget\" data-widget_type=\"heading.default\">\n\t\t\t\t\t<h1 class=\"elementor-heading-title elementor-size-default\">Footer One<\/h1>\t\t\t\t<\/div>\n\t\t\t\t\t<\/div>\n\t\t\t\t<\/div>\n\t\t\t\t<section class=\"elementor-section elementor-top-section elementor-element elementor-element-7144dec elementor-section-full_width elementor-section-height-default elementor-section-height-default\" data-id=\"7144dec\" data-element_type=\"section\" data-e-type=\"section\">\n\t\t\t\t\t\t<div class=\"elementor-container elementor-column-gap-no\">\n\t\t\t\t\t<div class=\"elementor-column elementor-col-100 elementor-top-column elementor-element elementor-element-2ac3368\" data-id=\"2ac3368\" data-element_type=\"column\" data-e-type=\"column\">\n\t\t\t<div class=\"elementor-widget-wrap elementor-element-populated\">\n\t\t\t\t\t\t<section class=\"elementor-section elementor-inner-section elementor-element elementor-element-6cf5ae6 elementor-section-content-middle elementor-section-boxed elementor-section-height-default elementor-section-height-default\" data-id=\"6cf5ae6\" data-element_type=\"section\" data-e-type=\"section\">\n\t\t\t\t\t\t<div class=\"elementor-container elementor-column-gap-no\">\n\t\t\t\t\t<div class=\"elementor-column elementor-col-100 elementor-inner-column elementor-element elementor-element-309d6ce\" data-id=\"309d6ce\" data-element_type=\"column\" data-e-type=\"column\">\n\t\t\t<div class=\"elementor-widget-wrap elementor-element-populated\">\n\t\t\t\t\t\t<div class=\"elementor-element elementor-element-83a00e2 elementor-widget elementor-widget-text-editor\" data-id=\"83a00e2\" data-element_type=\"widget\" data-e-type=\"widget\" data-widget_type=\"text-editor.default\">\n\t\t\t\t\t\t\t\t\t<p>Romen dillerinin do\u011fu koluna ba\u011fl\u0131 olan Rumence, Romanya\u2019n\u0131n resm\u00ee dilidir. Bu dili konu\u015fan yakla\u015f\u0131k 28 milyon ki\u015finin b\u00fcy\u00fck b\u00f6l\u00fcm\u00fc Romanya ve Moldova\u2019da ya\u015famaktad\u0131r. Moldova\u2019n\u0131n resm\u00ee dili olan Moldovaca, Rumence ile ayn\u0131d\u0131r. Ancak \u00fclkenin yasalar\u0131 gere\u011fi resm\u00ee dili Moldovaca olarak ge\u00e7er.<\/p><p>Rumencede Latincenin etkisi daha fazla g\u00f6r\u00fclmektedir; gramer ve kelime da\u011farc\u0131\u011f\u0131 olarak b\u00fcy\u00fck \u00f6l\u00e7\u00fcde benzerlikler vard\u0131r. Bunun nedeni Romanya\u2019n\u0131n g\u00fcn\u00fcm\u00fcze kadar di\u011fer \u00fclkelere nazaran daha az \u00e7evresel etkilere maruz kalm\u0131\u015f olmas\u0131d\u0131r.<\/p><p>MS 101 y\u0131l\u0131nda Roma \u0130mparatoru\u2019nun Da\u00e7ya topraklar\u0131n\u0131 i\u015fgal etmesiyle b\u00f6lgeye Latin etkisini getirmi\u015ftir. Tarihte daha sonra Da\u00e7ya\u2019n\u0131n Osmanl\u0131 \u0130mparatorlu\u011fu da d\u00e2hil olmak \u00fczere \u00e7e\u015fitli i\u015fgallere u\u011framas\u0131 Rumencenin T\u00fcrk\u00e7e ile de bir tak\u0131m ortak kelimelere sahip olmas\u0131na sebep olmu\u015ftur.<\/p><p>Uzun bir s\u00fcre SSCB\u2019nin etkisi alt\u0131nda idare edilmesine ra\u011fmen Kiril alfabesi kullan\u0131lmam\u0131\u015ft\u0131r. Rumen alfabesi Latin alfabesine \u00e7ok b\u00fcy\u00fck oranda benzer, sadece birka\u00e7 farkl\u0131 harf vard\u0131r.<\/p><p>Rumencenin Romanya d\u0131\u015f\u0131nda resm\u00ee dil olarak kabul edildi\u011fi yerler Moldova ve Voyvodina\u2019d\u0131r. Rumenceyi az\u0131nl\u0131k dili olarak kabul eden \u00fclkeler ise Macaristan, S\u0131rbistan ve Ukrayna\u2019d\u0131r.<\/p><p>Rumence \u00c7eviri Hizmeti<\/p><p>Rumence \u00e7eviri i\u015fleriniz i\u00e7in Mirora\u2019ya g\u00fcvenebilirsiniz. Romanya\u2019da kurumsal i\u015f ortaklar\u0131m\u0131z oldu\u011fundan uzun y\u0131llard\u0131r d\u00fcnyan\u0131n b\u00fct\u00fcn dillerinden Rumenceye ve Rumenceden d\u00fcnyan\u0131n t\u00fcm dillerine, anadili hedef dil olan \u00e7eviri ekiplerince, kaliteli, h\u0131zl\u0131, g\u00fcvenilir ve rekabet\u00e7i fiyatlarla \u00e7eviri hizmeti veriyoruz.<\/p>\t\t\t\t\t\t\t\t<\/div>\n\t\t\t\t\t<\/div>\n\t\t<\/div>\n\t\t\t\t\t<\/div>\n\t\t<\/section>\n\t\t\t\t\t<\/div>\n\t\t<\/div>\n\t\t\t\t\t<\/div>\n\t\t<\/section>\n\t\t\t\t<section class=\"elementor-section elementor-top-section elementor-element elementor-element-91d946b elementor-section-full_width elementor-section-height-default elementor-section-height-default\" data-id=\"91d946b\" data-element_type=\"section\" data-e-type=\"section\">\n\t\t\t\t\t\t<div class=\"elementor-container elementor-column-gap-no\">\n\t\t\t\t\t<div class=\"elementor-column elementor-col-100 elementor-top-column elementor-element elementor-element-207c427\" data-id=\"207c427\" data-element_type=\"column\" data-e-type=\"column\">\n\t\t\t<div class=\"elementor-widget-wrap elementor-element-populated\">\n\t\t\t\t\t\t<div class=\"elementor-element elementor-element-b860bc1 elementor-widget elementor-widget-eduracta\" data-id=\"b860bc1\" data-element_type=\"widget\" data-e-type=\"widget\" data-widget_type=\"eduracta.default\">\n\t\t\t\t<div class=\"elementor-widget-container\">\n\t\t\t\t\t<div class=\"cta-area-1\" data-bg-src=\"https:\/\/themeholy.com\/wordpress\/edura\/wp-content\/uploads\/2023\/07\/cta-bg1.png\"><div class=\"container\"><div class=\"row align-items-center justify-content-between\"><div class=\"col-lg-8\"><div class=\"cta-wrap title-area mb-0\"><div class=\"cta-icon\"><img decoding=\"async\" src=\"https:\/\/themeholy.com\/wordpress\/edura\/wp-content\/uploads\/2023\/07\/cta-icon1.png\" alt=\"icon\"><\/div><div class=\"cta-content\"><h2 class=\"cta-title th-title sec-title\">Hemen Teklif Al<\/h2><p class=\"cta-text th-desc\">Markana de\u011fer katmak Mirora ile bir t\u0131k uza\u011f\u0131nda.<\/p><\/div><a href=\"https:\/\/mirora.com\/teklif-al\/\" class=\"th-btn th_btn style8\">Teklif Al!<i class=\"fa-regular fa-arrow-right ms-1\"><\/i><\/a><\/div><\/div><\/div><\/div><div class=\"cta-img-1\" data-overlay=\"title\" data-opacity=\"8\"><img decoding=\"async\" src=\"https:\/\/themeholy.com\/wordpress\/edura\/wp-content\/uploads\/2023\/07\/cta_1_1.png\" alt=\"Image\"><\/div><\/div>\t\t\t\t<\/div>\n\t\t\t\t<\/div>\n\t\t\t\t\t<\/div>\n\t\t<\/div>\n\t\t\t\t\t<\/div>\n\t\t<\/section>\n\t\t\t\t<\/div>\n\t\t","protected":false},"excerpt":{"rendered":"<p>Romen dillerinin do\u011fu koluna ba\u011fl\u0131 olan Rumence, Romanya\u2019n\u0131n resm\u00ee dilidir. Bu dili konu\u015fan yakla\u015f\u0131k 28 milyon ki\u015finin b\u00fcy\u00fck b\u00f6l\u00fcm\u00fc Romanya&#8230;<\/p>\n","protected":false},"author":1,"featured_media":0,"parent":0,"menu_order":0,"comment_status":"closed","ping_status":"closed","template":"template-builder.php","meta":{"_monsterinsights_skip_tracking":false,"_monsterinsights_sitenote_active":false,"_monsterinsights_sitenote_note":"","_monsterinsights_sitenote_category":0,"footnotes":""},"class_list":["post-6875","page","type-page","status-publish","hentry"],"yoast_head":"<!-- This site is optimized with the Yoast SEO plugin v27.4 - https:\/\/yoast.com\/product\/yoast-seo-wordpress\/ -->\n<title>Rumence \u00c7eviri - Mirora Translation<\/title>\n<meta name=\"description\" content=\"Rumence, Romanya&#039;n\u0131n resm\u00ee dilidir ve Romen dillerinin do\u011fu koluna mensuptur. \u00c7o\u011funlu\u011fu Romanya ve Moldova&#039;da ya\u015fayan 28 milyon ki\u015fi taraf\u0131ndan konu\u015fulur.\" \/>\n<meta name=\"robots\" content=\"index, follow, max-snippet:-1, max-image-preview:large, max-video-preview:-1\" \/>\n<link rel=\"canonical\" href=\"https:\/\/mirora.com\/tr\/rumence-ceviri\/\" \/>\n<meta property=\"og:locale\" content=\"tr_TR\" \/>\n<meta property=\"og:type\" content=\"article\" \/>\n<meta property=\"og:title\" content=\"Rumence \u00c7eviri - Mirora Translation\" \/>\n<meta property=\"og:description\" content=\"Rumence, Romanya&#039;n\u0131n resm\u00ee dilidir ve Romen dillerinin do\u011fu koluna mensuptur. \u00c7o\u011funlu\u011fu Romanya ve Moldova&#039;da ya\u015fayan 28 milyon ki\u015fi taraf\u0131ndan konu\u015fulur.\" \/>\n<meta property=\"og:url\" content=\"https:\/\/mirora.com\/tr\/rumence-ceviri\/\" \/>\n<meta property=\"og:site_name\" content=\"Mirora Translation\" \/>\n<meta property=\"article:modified_time\" content=\"2025-05-14T01:01:51+00:00\" \/>\n<meta property=\"og:image\" content=\"https:\/\/themeholy.com\/wordpress\/edura\/wp-content\/uploads\/2023\/07\/cta-icon1.png\" \/>\n<meta name=\"twitter:card\" content=\"summary_large_image\" \/>\n<meta name=\"twitter:label1\" content=\"Tahmini okuma s\u00fcresi\" \/>\n\t<meta name=\"twitter:data1\" content=\"1 dakika\" \/>\n<script type=\"application\/ld+json\" class=\"yoast-schema-graph\">{\"@context\":\"https:\\\/\\\/schema.org\",\"@graph\":[{\"@type\":\"WebPage\",\"@id\":\"https:\\\/\\\/mirora.com\\\/rumence-ceviri\\\/\",\"url\":\"https:\\\/\\\/mirora.com\\\/rumence-ceviri\\\/\",\"name\":\"Rumence \u00c7eviri - Mirora Translation\",\"isPartOf\":{\"@id\":\"https:\\\/\\\/mirora.com\\\/#website\"},\"primaryImageOfPage\":{\"@id\":\"https:\\\/\\\/mirora.com\\\/rumence-ceviri\\\/#primaryimage\"},\"image\":{\"@id\":\"https:\\\/\\\/mirora.com\\\/rumence-ceviri\\\/#primaryimage\"},\"thumbnailUrl\":\"https:\\\/\\\/themeholy.com\\\/wordpress\\\/edura\\\/wp-content\\\/uploads\\\/2023\\\/07\\\/cta-icon1.png\",\"datePublished\":\"2024-05-30T23:58:57+00:00\",\"dateModified\":\"2025-05-14T01:01:51+00:00\",\"description\":\"Rumence, Romanya'n\u0131n resm\u00ee dilidir ve Romen dillerinin do\u011fu koluna mensuptur. \u00c7o\u011funlu\u011fu Romanya ve Moldova'da ya\u015fayan 28 milyon ki\u015fi taraf\u0131ndan konu\u015fulur.\",\"inLanguage\":\"tr\",\"potentialAction\":[{\"@type\":\"ReadAction\",\"target\":[\"https:\\\/\\\/mirora.com\\\/rumence-ceviri\\\/\"]}]},{\"@type\":\"ImageObject\",\"inLanguage\":\"tr\",\"@id\":\"https:\\\/\\\/mirora.com\\\/rumence-ceviri\\\/#primaryimage\",\"url\":\"https:\\\/\\\/themeholy.com\\\/wordpress\\\/edura\\\/wp-content\\\/uploads\\\/2023\\\/07\\\/cta-icon1.png\",\"contentUrl\":\"https:\\\/\\\/themeholy.com\\\/wordpress\\\/edura\\\/wp-content\\\/uploads\\\/2023\\\/07\\\/cta-icon1.png\"},{\"@type\":\"WebSite\",\"@id\":\"https:\\\/\\\/mirora.com\\\/#website\",\"url\":\"https:\\\/\\\/mirora.com\\\/\",\"name\":\"Mirora Translation\",\"description\":\"We Reflect Your Originals\",\"publisher\":{\"@id\":\"https:\\\/\\\/mirora.com\\\/#organization\"},\"potentialAction\":[{\"@type\":\"SearchAction\",\"target\":{\"@type\":\"EntryPoint\",\"urlTemplate\":\"https:\\\/\\\/mirora.com\\\/?s={search_term_string}\"},\"query-input\":{\"@type\":\"PropertyValueSpecification\",\"valueRequired\":true,\"valueName\":\"search_term_string\"}}],\"inLanguage\":\"tr\"},{\"@type\":\"Organization\",\"@id\":\"https:\\\/\\\/mirora.com\\\/#organization\",\"name\":\"Mirora\",\"url\":\"https:\\\/\\\/mirora.com\\\/\",\"logo\":{\"@type\":\"ImageObject\",\"inLanguage\":\"tr\",\"@id\":\"https:\\\/\\\/mirora.com\\\/#\\\/schema\\\/logo\\\/image\\\/\",\"url\":\"https:\\\/\\\/mirora.com\\\/wp-content\\\/uploads\\\/2023\\\/07\\\/MiroraLogo2.webp\",\"contentUrl\":\"https:\\\/\\\/mirora.com\\\/wp-content\\\/uploads\\\/2023\\\/07\\\/MiroraLogo2.webp\",\"width\":326,\"height\":108,\"caption\":\"Mirora\"},\"image\":{\"@id\":\"https:\\\/\\\/mirora.com\\\/#\\\/schema\\\/logo\\\/image\\\/\"}}]}<\/script>\n<!-- \/ Yoast SEO plugin. -->","yoast_head_json":{"title":"Rumence \u00c7eviri - Mirora Translation","description":"Rumence, Romanya'n\u0131n resm\u00ee dilidir ve Romen dillerinin do\u011fu koluna mensuptur. \u00c7o\u011funlu\u011fu Romanya ve Moldova'da ya\u015fayan 28 milyon ki\u015fi taraf\u0131ndan konu\u015fulur.","robots":{"index":"index","follow":"follow","max-snippet":"max-snippet:-1","max-image-preview":"max-image-preview:large","max-video-preview":"max-video-preview:-1"},"canonical":"https:\/\/mirora.com\/tr\/rumence-ceviri\/","og_locale":"tr_TR","og_type":"article","og_title":"Rumence \u00c7eviri - Mirora Translation","og_description":"Rumence, Romanya'n\u0131n resm\u00ee dilidir ve Romen dillerinin do\u011fu koluna mensuptur. \u00c7o\u011funlu\u011fu Romanya ve Moldova'da ya\u015fayan 28 milyon ki\u015fi taraf\u0131ndan konu\u015fulur.","og_url":"https:\/\/mirora.com\/tr\/rumence-ceviri\/","og_site_name":"Mirora Translation","article_modified_time":"2025-05-14T01:01:51+00:00","og_image":[{"url":"https:\/\/themeholy.com\/wordpress\/edura\/wp-content\/uploads\/2023\/07\/cta-icon1.png","type":"","width":"","height":""}],"twitter_card":"summary_large_image","twitter_misc":{"Tahmini okuma s\u00fcresi":"1 dakika"},"schema":{"@context":"https:\/\/schema.org","@graph":[{"@type":"WebPage","@id":"https:\/\/mirora.com\/rumence-ceviri\/","url":"https:\/\/mirora.com\/rumence-ceviri\/","name":"Rumence \u00c7eviri - Mirora Translation","isPartOf":{"@id":"https:\/\/mirora.com\/#website"},"primaryImageOfPage":{"@id":"https:\/\/mirora.com\/rumence-ceviri\/#primaryimage"},"image":{"@id":"https:\/\/mirora.com\/rumence-ceviri\/#primaryimage"},"thumbnailUrl":"https:\/\/themeholy.com\/wordpress\/edura\/wp-content\/uploads\/2023\/07\/cta-icon1.png","datePublished":"2024-05-30T23:58:57+00:00","dateModified":"2025-05-14T01:01:51+00:00","description":"Rumence, Romanya'n\u0131n resm\u00ee dilidir ve Romen dillerinin do\u011fu koluna mensuptur. \u00c7o\u011funlu\u011fu Romanya ve Moldova'da ya\u015fayan 28 milyon ki\u015fi taraf\u0131ndan konu\u015fulur.","inLanguage":"tr","potentialAction":[{"@type":"ReadAction","target":["https:\/\/mirora.com\/rumence-ceviri\/"]}]},{"@type":"ImageObject","inLanguage":"tr","@id":"https:\/\/mirora.com\/rumence-ceviri\/#primaryimage","url":"https:\/\/themeholy.com\/wordpress\/edura\/wp-content\/uploads\/2023\/07\/cta-icon1.png","contentUrl":"https:\/\/themeholy.com\/wordpress\/edura\/wp-content\/uploads\/2023\/07\/cta-icon1.png"},{"@type":"WebSite","@id":"https:\/\/mirora.com\/#website","url":"https:\/\/mirora.com\/","name":"Mirora Translation","description":"We Reflect Your Originals","publisher":{"@id":"https:\/\/mirora.com\/#organization"},"potentialAction":[{"@type":"SearchAction","target":{"@type":"EntryPoint","urlTemplate":"https:\/\/mirora.com\/?s={search_term_string}"},"query-input":{"@type":"PropertyValueSpecification","valueRequired":true,"valueName":"search_term_string"}}],"inLanguage":"tr"},{"@type":"Organization","@id":"https:\/\/mirora.com\/#organization","name":"Mirora","url":"https:\/\/mirora.com\/","logo":{"@type":"ImageObject","inLanguage":"tr","@id":"https:\/\/mirora.com\/#\/schema\/logo\/image\/","url":"https:\/\/mirora.com\/wp-content\/uploads\/2023\/07\/MiroraLogo2.webp","contentUrl":"https:\/\/mirora.com\/wp-content\/uploads\/2023\/07\/MiroraLogo2.webp","width":326,"height":108,"caption":"Mirora"},"image":{"@id":"https:\/\/mirora.com\/#\/schema\/logo\/image\/"}}]}},"_links":{"self":[{"href":"https:\/\/mirora.com\/tr\/wp-json\/wp\/v2\/pages\/6875","targetHints":{"allow":["GET"]}}],"collection":[{"href":"https:\/\/mirora.com\/tr\/wp-json\/wp\/v2\/pages"}],"about":[{"href":"https:\/\/mirora.com\/tr\/wp-json\/wp\/v2\/types\/page"}],"author":[{"embeddable":true,"href":"https:\/\/mirora.com\/tr\/wp-json\/wp\/v2\/users\/1"}],"replies":[{"embeddable":true,"href":"https:\/\/mirora.com\/tr\/wp-json\/wp\/v2\/comments?post=6875"}],"version-history":[{"count":13,"href":"https:\/\/mirora.com\/tr\/wp-json\/wp\/v2\/pages\/6875\/revisions"}],"predecessor-version":[{"id":22256,"href":"https:\/\/mirora.com\/tr\/wp-json\/wp\/v2\/pages\/6875\/revisions\/22256"}],"wp:attachment":[{"href":"https:\/\/mirora.com\/tr\/wp-json\/wp\/v2\/media?parent=6875"}],"curies":[{"name":"wp","href":"https:\/\/api.w.org\/{rel}","templated":true}]}}