

{"id":6876,"date":"2024-05-31T02:59:36","date_gmt":"2024-05-30T23:59:36","guid":{"rendered":"https:\/\/mirora.com\/?page_id=6876"},"modified":"2025-05-14T04:02:26","modified_gmt":"2025-05-14T01:02:26","slug":"rusca-ceviri","status":"publish","type":"page","link":"https:\/\/mirora.com\/tr\/rusca-ceviri\/","title":{"rendered":"Rus\u00e7a \u00c7eviri"},"content":{"rendered":"\t\t<div data-elementor-type=\"wp-page\" data-elementor-id=\"6876\" class=\"elementor elementor-6876\" data-elementor-post-type=\"page\">\n\t\t\t\t<div class=\"elementor-element elementor-element-b96ea34 e-flex e-con-boxed e-con e-parent\" data-id=\"b96ea34\" data-element_type=\"container\" data-e-type=\"container\" data-settings=\"{&quot;background_background&quot;:&quot;classic&quot;}\">\n\t\t\t\t\t<div class=\"e-con-inner\">\n\t\t\t\t<div class=\"elementor-element elementor-element-ecad49f elementor-widget elementor-widget-heading\" data-id=\"ecad49f\" data-element_type=\"widget\" data-e-type=\"widget\" data-widget_type=\"heading.default\">\n\t\t\t\t\t<h1 class=\"elementor-heading-title elementor-size-default\">Footer One<\/h1>\t\t\t\t<\/div>\n\t\t\t\t\t<\/div>\n\t\t\t\t<\/div>\n\t\t\t\t<section class=\"elementor-section elementor-top-section elementor-element elementor-element-7144dec elementor-section-full_width elementor-section-height-default elementor-section-height-default\" data-id=\"7144dec\" data-element_type=\"section\" data-e-type=\"section\">\n\t\t\t\t\t\t<div class=\"elementor-container elementor-column-gap-no\">\n\t\t\t\t\t<div class=\"elementor-column elementor-col-100 elementor-top-column elementor-element elementor-element-2ac3368\" data-id=\"2ac3368\" data-element_type=\"column\" data-e-type=\"column\">\n\t\t\t<div class=\"elementor-widget-wrap elementor-element-populated\">\n\t\t\t\t\t\t<section class=\"elementor-section elementor-inner-section elementor-element elementor-element-6cf5ae6 elementor-section-content-middle elementor-section-boxed elementor-section-height-default elementor-section-height-default\" data-id=\"6cf5ae6\" data-element_type=\"section\" data-e-type=\"section\">\n\t\t\t\t\t\t<div class=\"elementor-container elementor-column-gap-no\">\n\t\t\t\t\t<div class=\"elementor-column elementor-col-100 elementor-inner-column elementor-element elementor-element-309d6ce\" data-id=\"309d6ce\" data-element_type=\"column\" data-e-type=\"column\">\n\t\t\t<div class=\"elementor-widget-wrap elementor-element-populated\">\n\t\t\t\t\t\t<div class=\"elementor-element elementor-element-83a00e2 elementor-widget elementor-widget-text-editor\" data-id=\"83a00e2\" data-element_type=\"widget\" data-e-type=\"widget\" data-widget_type=\"text-editor.default\">\n\t\t\t\t\t\t\t\t\t<p>Slav Dillerine mensup olan Rus\u00e7a, Avrasya\u2019da en \u00e7ok konu\u015fulan dillerden biridir. Beyaz Rus\u00e7a ve Ukraynaca ile birlikte Hint-Avrupa dil ailesinin Slav Dilleri grubunun Do\u011fu Slav Dilleri alt grubuna girer. Rus\u00e7a, 20. y\u00fczy\u0131lda politik a\u00e7\u0131dan b\u00fcy\u00fck \u00f6neme sahip bir dildir. Birle\u015fmi\u015f Milletlerin resmi dillerinden biri olan Rus\u00e7a, d\u00fcnyada en fazla konu\u015fulan yedinci dildir. Rus\u00e7a Kiril alfabesini kullan\u0131r. S\u00f6zc\u00fcklerde yeri belli olmamas\u0131na ra\u011fmen, vurgu son derece \u00f6nemlidir. S\u00f6zc\u00fcklerin okunu\u015fu da vurguya g\u00f6re de\u011fi\u015fti\u011finden bu dili \u00f6\u011frenirken vurgu ve telaffuzu iyi \u00f6\u011frenmek \u015fartt\u0131r.<\/p><p>Rus\u00e7an\u0131n en fazla kullan\u0131ld\u0131\u011f\u0131 \u00fclkeler Rusya, Ukrayna, Kazakistan ve Beyaz Rusya\u2019d\u0131r. Eskisi kadar yayg\u0131n olmamakla beraber bir zaman Sovyetler Birli\u011fi\u2019ni olu\u015fturan \u00fclkelerde de kullan\u0131lmaktad\u0131r. Sovyetler Birli\u011fi d\u00f6neminde farkl\u0131 etnik gruplar\u0131n kulland\u0131\u011f\u0131 dillere y\u00f6nelik devlet politikas\u0131 s\u00fcrekli de\u011fi\u015fse de, b\u00fcy\u00fck \u00f6l\u00e7\u00fcde Rus\u00e7a konu\u015fulmaktayd\u0131.<\/p><p>Rus\u00e7a 1990 y\u0131l\u0131nda, birli\u011fin resmi dili olarak kabul g\u00f6rd\u00fc. Sonraki y\u0131llarda Sovyetler Birli\u011fi\u2019nin da\u011f\u0131lmas\u0131yla beraber, ba\u011f\u0131ms\u0131zl\u0131\u011f\u0131n\u0131 yeni kazanan devletlerin \u00e7o\u011fu kendi yerel dillerini desteklemelerine ra\u011fmen, Rus\u00e7a bu b\u00f6lgede her zaman \u00f6nemini korumu\u015ftur. Estonya\u2019n\u0131n n\u00fcfusunun yar\u0131s\u0131ndan fazlas\u0131n\u0131n Rus\u00e7a konu\u015fmas\u0131 ve Sovyetler Birli\u011fi\u2019nden da\u011f\u0131lan \u00fclkelerin b\u00fcy\u00fck kesiminde Rus\u00e7an\u0131n resm\u00ee dil olmas\u0131, bu dilin ne kadar etkili oldu\u011funun kan\u0131tlar\u0131ndand\u0131r. Resm\u00ee dil olmayan \u00fclkelerde bile okullarda Rus\u00e7a \u00f6\u011fretilmektedir. Kazakistan, Beyaz Rusya ve K\u0131rg\u0131zistan\u2019da h\u00e2l\u00e2 resmi dil olan Rus\u00e7a, Balt\u0131k \u00fclkelerinde de ya yabanc\u0131 dil olarak ya da ana dil olarak konu\u015fulmaktad\u0131r. Kuzey Kazakistan\u2019 da \u00e7o\u011funluk hala Rus\u00e7a konu\u015fmaktad\u0131r. Litvanya n\u00fcfusunun % 60\u2019\u0131 Rus\u00e7a bilmektedir. \u0130srail\u2019de yakla\u015f\u0131k 750.000 ki\u015fi taraf\u0131ndan Rus\u00e7a konu\u015fulmaktad\u0131r. Bunlar eski Sovyetler Birli\u011fi\u2019nden gelen Yahudi g\u00f6\u00e7menlerdir. Kazakistan, Beyaz Rusya, \u00d6zbekistan, Ukrayna, K\u0131rg\u0131zistan, Moldova, Azerbaycan, G\u00fcrcistan, Ermenistan ve Tacikistan\u2019da okullarda zorunlu Rus\u00e7a e\u011fitimi verilir.<\/p><p>Rus\u00e7a Alfabesi<\/p><p>Rus\u00e7a, 33 harften olu\u015fan ve Kiril alfabesinin Rus\u00e7aya uyarlanm\u0131\u015f \u015fekli olan bir alfabe kullan\u0131r.<\/p><p>Mirora Rusya\u2019da ve Ukrayna\u2019da kurumsal \u00e7eviri \u015firketleriyle uzun y\u0131llard\u0131r i\u015fbirli\u011fi sa\u011flam\u0131\u015ft\u0131r. Bu sayede Mirora, d\u00fcnyan\u0131n b\u00fct\u00fcn dillerinden Rus\u00e7aya ve Rus\u00e7adan d\u00fcnyan\u0131n t\u00fcm dillerine anadili hedef dil olan \u00e7eviri ekiplerince, kaliteli, h\u0131zl\u0131 g\u00fcvenilir ve rekabet\u00e7i fiyatlarla \u00e7eviri hizmeti vermektedir.<\/p>\t\t\t\t\t\t\t\t<\/div>\n\t\t\t\t\t<\/div>\n\t\t<\/div>\n\t\t\t\t\t<\/div>\n\t\t<\/section>\n\t\t\t\t\t<\/div>\n\t\t<\/div>\n\t\t\t\t\t<\/div>\n\t\t<\/section>\n\t\t<div class=\"elementor-element elementor-element-afcbef3 e-flex e-con-boxed e-con e-parent\" data-id=\"afcbef3\" data-element_type=\"container\" data-e-type=\"container\">\n\t\t\t\t\t<div class=\"e-con-inner\">\n\t\t\t\t<div class=\"elementor-element elementor-element-986bf16 elementor-widget elementor-widget-heading\" data-id=\"986bf16\" data-element_type=\"widget\" data-e-type=\"widget\" data-widget_type=\"heading.default\">\n\t\t\t\t\t<h2 class=\"elementor-heading-title elementor-size-default\">Bu Yaz\u0131lar\u0131m\u0131z \u0130lginizi \u00c7ekebilir ! Hizmetimiz ile ilgili daha fazla bilgi edinin.<\/h2>\t\t\t\t<\/div>\n\t\t\t\t<div class=\"elementor-element elementor-element-38e6c61 elementor-widget-divider--view-line elementor-widget elementor-widget-divider\" data-id=\"38e6c61\" data-element_type=\"widget\" data-e-type=\"widget\" data-widget_type=\"divider.default\">\n\t\t\t\t\t\t\t<div class=\"elementor-divider\">\n\t\t\t<span class=\"elementor-divider-separator\">\n\t\t\t\t\t\t<\/span>\n\t\t<\/div>\n\t\t\t\t\t\t<\/div>\n\t\t\t\t\t<\/div>\n\t\t\t\t<\/div>\n\t\t<div class=\"elementor-element elementor-element-61b5132 e-flex e-con-boxed e-con e-parent\" data-id=\"61b5132\" data-element_type=\"container\" data-e-type=\"container\">\n\t\t\t\t\t<div class=\"e-con-inner\">\n\t\t<div class=\"elementor-element elementor-element-7015a5b e-con-full e-flex e-con e-child\" data-id=\"7015a5b\" data-element_type=\"container\" data-e-type=\"container\">\n\t\t\t\t<div class=\"elementor-element elementor-element-4278d2a premium-blog-align-left elementor-widget elementor-widget-premium-addon-blog\" data-id=\"4278d2a\" data-element_type=\"widget\" data-e-type=\"widget\" data-settings=\"{&quot;premium_blog_columns_number&quot;:&quot;100%&quot;,&quot;premium_blog_grid&quot;:&quot;yes&quot;,&quot;premium_blog_layout&quot;:&quot;even&quot;,&quot;premium_blog_columns_number_tablet&quot;:&quot;50%&quot;,&quot;premium_blog_columns_number_mobile&quot;:&quot;100%&quot;}\" data-widget_type=\"premium-addon-blog.default\">\n\t\t\t\t\t\n\t\t\n\n\t\t\t\t<div class=\"premium-blog-wrap  premium-blog-even\" data-page=\"6876\">\n\t\t\t\t\t\t\t\t\t<div class=\"premium-blog-post-outer-container\" data-total=\"1\">\n\t\t\t<div class=\"premium-blog-post-container premium-blog-skin-banner\">\n\t\t\t\t\t\t\t\t\t<div class=\"premium-blog-thumb-effect-wrapper\">\n\t\t\t\t\t\t<div class=\"premium-blog-thumbnail-container premium-blog-zoomin-effect\">\n\t\t\t\t\t\t\t<img fetchpriority=\"high\" decoding=\"async\" width=\"1024\" height=\"576\" src=\"https:\/\/mirora.com\/wp-content\/uploads\/2021\/11\/Blog-Rusca-min-1024x576-1.jpg\" class=\"attachment-full size-full wp-image-17313\" alt=\"\" srcset=\"https:\/\/mirora.com\/wp-content\/uploads\/2021\/11\/Blog-Rusca-min-1024x576-1.jpg 1024w, https:\/\/mirora.com\/wp-content\/uploads\/2021\/11\/Blog-Rusca-min-1024x576-1-300x169.jpg 300w, https:\/\/mirora.com\/wp-content\/uploads\/2021\/11\/Blog-Rusca-min-1024x576-1-768x432.jpg 768w, https:\/\/mirora.com\/wp-content\/uploads\/2021\/11\/Blog-Rusca-min-1024x576-1-18x10.jpg 18w\" sizes=\"(max-width: 1024px) 100vw, 1024px\" \/>\t\t\t\t\t\t<\/div>\n\t\t\t\t\t\t\t\t\t\t\t\t\t<div class=\"premium-blog-thumbnail-overlay\">\n\t\t\t\t\t\t\t\t<a class=\"elementor-icon\" href=\"https:\/\/mirora.com\/tr\/rusca-ceviride-alfabenin-etkisi\/\" target=\"_blank\"><\/a>\n\t\t\t\t\t\t\t<\/div>\n\n\t\t\t\t\t\t\t\t\t\t\t\t\t\t\t\t\t\t<\/div>\n\t\t\t\t\t\t\t\t\t\t\t\t<div class=\"premium-blog-content-wrapper \">\n\n\t\t\t\t\t<div class=\"premium-blog-inner-container\">\n\n\t\t\t\t\t\t\t\t\t\t\t\t\t\t<h2 class=\"premium-blog-entry-title\">\n\t\t\t<a href=\"https:\/\/mirora.com\/tr\/rusca-ceviride-alfabenin-etkisi\/\" target=\"_blank\">\n\t\t\t\tRus\u00e7a \u00c7eviride Alfabenin Etkisi\t\t\t<\/a>\n\t\t<\/h2>\n\t\t\t\t<div class=\"premium-blog-entry-meta\">\n\t\t\t\n\t\t\t\n\t\t\t\n\t\t\t\t\t<\/div>\n\t\t\n\t\t\t\t\t<\/div>\n\n\t\t\t\t\t\t\t<div class=\"premium-blog-content-inner-wrapper\">\n\t\t<p class=\"premium-blog-post-content\">1989\u2019da Berlin Duvar\u0131n\u0131n y\u0131k\u0131lmas\u0131na ve Sovyetler Birli\u011fine ba\u011fl\u0131 \u00fclkelerin h\u0131zla da\u011f\u0131l\u0131p \u201cba\u011f\u0131ms\u0131zla\u015fmas\u0131na\u201d ra\u011fmen h\u00e2l\u00e2 d\u00fcnya genelinde 18 \u00fclkede, 250 milyondan...<\/p>\t\t<\/div>\n\t\t\t\t\t\t\t\n\t\t\t\t<\/div>\n\t\t\t<\/div>\n\t\t<\/div>\n\n\t\t\t\t\t\t\t<\/div>\n\n\t\t\n\t\t\n\t\t\t\t\t\t<\/div>\n\t\t\t\t<\/div>\n\t\t<div class=\"elementor-element elementor-element-6663e0a e-con-full e-flex e-con e-child\" data-id=\"6663e0a\" data-element_type=\"container\" data-e-type=\"container\">\n\t\t\t\t<div class=\"elementor-element elementor-element-610d388 premium-blog-align-left elementor-widget elementor-widget-premium-addon-blog\" data-id=\"610d388\" data-element_type=\"widget\" data-e-type=\"widget\" data-settings=\"{&quot;premium_blog_columns_number&quot;:&quot;100%&quot;,&quot;premium_blog_grid&quot;:&quot;yes&quot;,&quot;premium_blog_layout&quot;:&quot;even&quot;,&quot;premium_blog_columns_number_tablet&quot;:&quot;50%&quot;,&quot;premium_blog_columns_number_mobile&quot;:&quot;100%&quot;}\" data-widget_type=\"premium-addon-blog.default\">\n\t\t\t\t\t\n\t\t\n\n\t\t\t\t<div class=\"premium-blog-wrap  premium-blog-even\" data-page=\"6876\">\n\t\t\t\t\t\t\t\t\t<div class=\"premium-blog-post-outer-container\" data-total=\"1\">\n\t\t\t<div class=\"premium-blog-post-container premium-blog-skin-banner\">\n\t\t\t\t\t\t\t\t\t<div class=\"premium-blog-thumb-effect-wrapper\">\n\t\t\t\t\t\t<div class=\"premium-blog-thumbnail-container premium-blog-zoomin-effect\">\n\t\t\t\t\t\t\t<img decoding=\"async\" width=\"850\" height=\"500\" src=\"https:\/\/mirora.com\/wp-content\/uploads\/2022\/06\/blog-russian-english.jpg\" class=\"attachment-full size-full wp-image-17215\" alt=\"\" srcset=\"https:\/\/mirora.com\/wp-content\/uploads\/2022\/06\/blog-russian-english.jpg 850w, https:\/\/mirora.com\/wp-content\/uploads\/2022\/06\/blog-russian-english-300x176.jpg 300w, https:\/\/mirora.com\/wp-content\/uploads\/2022\/06\/blog-russian-english-768x452.jpg 768w, https:\/\/mirora.com\/wp-content\/uploads\/2022\/06\/blog-russian-english-18x12.jpg 18w\" sizes=\"(max-width: 850px) 100vw, 850px\" \/>\t\t\t\t\t\t<\/div>\n\t\t\t\t\t\t\t\t\t\t\t\t\t<div class=\"premium-blog-thumbnail-overlay\">\n\t\t\t\t\t\t\t\t<a class=\"elementor-icon\" href=\"https:\/\/mirora.com\/tr\/rusca-ingilizce-ceviri\/\" target=\"_blank\"><\/a>\n\t\t\t\t\t\t\t<\/div>\n\n\t\t\t\t\t\t\t\t\t\t\t\t\t\t\t\t\t\t<\/div>\n\t\t\t\t\t\t\t\t\t\t\t\t<div class=\"premium-blog-content-wrapper \">\n\n\t\t\t\t\t<div class=\"premium-blog-inner-container\">\n\n\t\t\t\t\t\t\t\t\t\t\t\t\t\t<h2 class=\"premium-blog-entry-title\">\n\t\t\t<a href=\"https:\/\/mirora.com\/tr\/rusca-ingilizce-ceviri\/\" target=\"_blank\">\n\t\t\t\tRus\u00e7a \u0130ngilizce \u00c7eviri\t\t\t<\/a>\n\t\t<\/h2>\n\t\t\t\t<div class=\"premium-blog-entry-meta\">\n\t\t\t\n\t\t\t\n\t\t\t\n\t\t\t\t\t<\/div>\n\t\t\n\t\t\t\t\t<\/div>\n\n\t\t\t\t\t\t\t<div class=\"premium-blog-content-inner-wrapper\">\n\t\t<p class=\"premium-blog-post-content\">Rusya-Ukrayna sava\u015f\u0131, b\u00fct\u00fcn d\u00fcnyay\u0131 derinden sarst\u0131. \u00c7ok tarafl\u0131 tart\u0131\u015fmalar h\u0131z kazand\u0131k\u00e7a, \u00e7eviri hizmetine olan talep artt\u0131. Bu trajik g\u00fcnlerde iki...<\/p>\t\t<\/div>\n\t\t\t\t\t\t\t\n\t\t\t\t<\/div>\n\t\t\t<\/div>\n\t\t<\/div>\n\n\t\t\t\t\t\t\t<\/div>\n\n\t\t\n\t\t\n\t\t\t\t\t\t<\/div>\n\t\t\t\t<\/div>\n\t\t\t\t\t<\/div>\n\t\t\t\t<\/div>\n\t\t\t\t<section class=\"elementor-section elementor-top-section elementor-element elementor-element-91d946b elementor-section-full_width elementor-section-height-default elementor-section-height-default\" data-id=\"91d946b\" data-element_type=\"section\" data-e-type=\"section\">\n\t\t\t\t\t\t<div class=\"elementor-container elementor-column-gap-no\">\n\t\t\t\t\t<div class=\"elementor-column elementor-col-100 elementor-top-column elementor-element elementor-element-207c427\" data-id=\"207c427\" data-element_type=\"column\" data-e-type=\"column\">\n\t\t\t<div class=\"elementor-widget-wrap elementor-element-populated\">\n\t\t\t\t\t\t<div class=\"elementor-element elementor-element-b860bc1 elementor-widget elementor-widget-eduracta\" data-id=\"b860bc1\" data-element_type=\"widget\" data-e-type=\"widget\" data-widget_type=\"eduracta.default\">\n\t\t\t\t<div class=\"elementor-widget-container\">\n\t\t\t\t\t<div class=\"cta-area-1\" data-bg-src=\"https:\/\/themeholy.com\/wordpress\/edura\/wp-content\/uploads\/2023\/07\/cta-bg1.png\"><div class=\"container\"><div class=\"row align-items-center justify-content-between\"><div class=\"col-lg-8\"><div class=\"cta-wrap title-area mb-0\"><div class=\"cta-icon\"><img decoding=\"async\" src=\"https:\/\/themeholy.com\/wordpress\/edura\/wp-content\/uploads\/2023\/07\/cta-icon1.png\" alt=\"icon\"><\/div><div class=\"cta-content\"><h2 class=\"cta-title th-title sec-title\">Hemen Teklif Al<\/h2><p class=\"cta-text th-desc\">Markana de\u011fer katmak Mirora ile bir t\u0131k uza\u011f\u0131nda.<\/p><\/div><a href=\"https:\/\/mirora.com\/teklif-al\/\" class=\"th-btn th_btn style8\">Teklif Al!<i class=\"fa-regular fa-arrow-right ms-1\"><\/i><\/a><\/div><\/div><\/div><\/div><div class=\"cta-img-1\" data-overlay=\"title\" data-opacity=\"8\"><img decoding=\"async\" src=\"https:\/\/themeholy.com\/wordpress\/edura\/wp-content\/uploads\/2023\/07\/cta_1_1.png\" alt=\"Image\"><\/div><\/div>\t\t\t\t<\/div>\n\t\t\t\t<\/div>\n\t\t\t\t\t<\/div>\n\t\t<\/div>\n\t\t\t\t\t<\/div>\n\t\t<\/section>\n\t\t\t\t<\/div>\n\t\t","protected":false},"excerpt":{"rendered":"<p>Slav Dillerine mensup olan Rus\u00e7a, Avrasya\u2019da en \u00e7ok konu\u015fulan dillerden biridir. Beyaz Rus\u00e7a ve Ukraynaca ile birlikte Hint-Avrupa dil ailesinin&#8230;<\/p>\n","protected":false},"author":1,"featured_media":0,"parent":0,"menu_order":0,"comment_status":"closed","ping_status":"closed","template":"template-builder.php","meta":{"_monsterinsights_skip_tracking":false,"_monsterinsights_sitenote_active":false,"_monsterinsights_sitenote_note":"","_monsterinsights_sitenote_category":0,"footnotes":""},"class_list":["post-6876","page","type-page","status-publish","hentry","th-blog blog-single"],"yoast_head":"<!-- This site is optimized with the Yoast SEO plugin v27.4 - https:\/\/yoast.com\/product\/yoast-seo-wordpress\/ -->\n<title>Rus\u00e7a \u00c7eviri - Mirora Translation<\/title>\n<meta name=\"description\" content=\"Rus\u00e7a, Beyaz Rus\u00e7a ve Ukraynaca ile birlikte Hint-Avrupa dil ailesinin Slav Dilleri grubunun Do\u011fu Slav Dilleri alt grubuna girer.\" \/>\n<meta name=\"robots\" content=\"index, follow, max-snippet:-1, max-image-preview:large, max-video-preview:-1\" \/>\n<link rel=\"canonical\" href=\"https:\/\/mirora.com\/tr\/rusca-ceviri\/\" \/>\n<meta property=\"og:locale\" content=\"tr_TR\" \/>\n<meta property=\"og:type\" content=\"article\" \/>\n<meta property=\"og:title\" content=\"Rus\u00e7a \u00c7eviri - Mirora Translation\" \/>\n<meta property=\"og:description\" content=\"Rus\u00e7a, Beyaz Rus\u00e7a ve Ukraynaca ile birlikte Hint-Avrupa dil ailesinin Slav Dilleri grubunun Do\u011fu Slav Dilleri alt grubuna girer.\" \/>\n<meta property=\"og:url\" content=\"https:\/\/mirora.com\/tr\/rusca-ceviri\/\" \/>\n<meta property=\"og:site_name\" content=\"Mirora Translation\" \/>\n<meta property=\"article:modified_time\" content=\"2025-05-14T01:02:26+00:00\" \/>\n<meta property=\"og:image\" content=\"https:\/\/mirora.com\/wp-content\/uploads\/2021\/11\/Blog-Rusca-min-1024x576-1.jpg\" \/>\n<meta name=\"twitter:card\" content=\"summary_large_image\" \/>\n<meta name=\"twitter:label1\" content=\"Tahmini okuma s\u00fcresi\" \/>\n\t<meta name=\"twitter:data1\" content=\"1 dakika\" \/>\n<script type=\"application\/ld+json\" class=\"yoast-schema-graph\">{\"@context\":\"https:\\\/\\\/schema.org\",\"@graph\":[{\"@type\":\"WebPage\",\"@id\":\"https:\\\/\\\/mirora.com\\\/rusca-ceviri\\\/\",\"url\":\"https:\\\/\\\/mirora.com\\\/rusca-ceviri\\\/\",\"name\":\"Rus\u00e7a \u00c7eviri - Mirora Translation\",\"isPartOf\":{\"@id\":\"https:\\\/\\\/mirora.com\\\/#website\"},\"primaryImageOfPage\":{\"@id\":\"https:\\\/\\\/mirora.com\\\/rusca-ceviri\\\/#primaryimage\"},\"image\":{\"@id\":\"https:\\\/\\\/mirora.com\\\/rusca-ceviri\\\/#primaryimage\"},\"thumbnailUrl\":\"https:\\\/\\\/mirora.com\\\/wp-content\\\/uploads\\\/2021\\\/11\\\/Blog-Rusca-min-1024x576-1.jpg\",\"datePublished\":\"2024-05-30T23:59:36+00:00\",\"dateModified\":\"2025-05-14T01:02:26+00:00\",\"description\":\"Rus\u00e7a, Beyaz Rus\u00e7a ve Ukraynaca ile birlikte Hint-Avrupa dil ailesinin Slav Dilleri grubunun Do\u011fu Slav Dilleri alt grubuna girer.\",\"inLanguage\":\"tr\",\"potentialAction\":[{\"@type\":\"ReadAction\",\"target\":[\"https:\\\/\\\/mirora.com\\\/rusca-ceviri\\\/\"]}]},{\"@type\":\"ImageObject\",\"inLanguage\":\"tr\",\"@id\":\"https:\\\/\\\/mirora.com\\\/rusca-ceviri\\\/#primaryimage\",\"url\":\"https:\\\/\\\/mirora.com\\\/wp-content\\\/uploads\\\/2021\\\/11\\\/Blog-Rusca-min-1024x576-1.jpg\",\"contentUrl\":\"https:\\\/\\\/mirora.com\\\/wp-content\\\/uploads\\\/2021\\\/11\\\/Blog-Rusca-min-1024x576-1.jpg\"},{\"@type\":\"WebSite\",\"@id\":\"https:\\\/\\\/mirora.com\\\/#website\",\"url\":\"https:\\\/\\\/mirora.com\\\/\",\"name\":\"Mirora Translation\",\"description\":\"We Reflect Your Originals\",\"publisher\":{\"@id\":\"https:\\\/\\\/mirora.com\\\/#organization\"},\"potentialAction\":[{\"@type\":\"SearchAction\",\"target\":{\"@type\":\"EntryPoint\",\"urlTemplate\":\"https:\\\/\\\/mirora.com\\\/?s={search_term_string}\"},\"query-input\":{\"@type\":\"PropertyValueSpecification\",\"valueRequired\":true,\"valueName\":\"search_term_string\"}}],\"inLanguage\":\"tr\"},{\"@type\":\"Organization\",\"@id\":\"https:\\\/\\\/mirora.com\\\/#organization\",\"name\":\"Mirora\",\"url\":\"https:\\\/\\\/mirora.com\\\/\",\"logo\":{\"@type\":\"ImageObject\",\"inLanguage\":\"tr\",\"@id\":\"https:\\\/\\\/mirora.com\\\/#\\\/schema\\\/logo\\\/image\\\/\",\"url\":\"https:\\\/\\\/mirora.com\\\/wp-content\\\/uploads\\\/2023\\\/07\\\/MiroraLogo2.webp\",\"contentUrl\":\"https:\\\/\\\/mirora.com\\\/wp-content\\\/uploads\\\/2023\\\/07\\\/MiroraLogo2.webp\",\"width\":326,\"height\":108,\"caption\":\"Mirora\"},\"image\":{\"@id\":\"https:\\\/\\\/mirora.com\\\/#\\\/schema\\\/logo\\\/image\\\/\"}}]}<\/script>\n<!-- \/ Yoast SEO plugin. -->","yoast_head_json":{"title":"Rus\u00e7a \u00c7eviri - Mirora Translation","description":"Rus\u00e7a, Beyaz Rus\u00e7a ve Ukraynaca ile birlikte Hint-Avrupa dil ailesinin Slav Dilleri grubunun Do\u011fu Slav Dilleri alt grubuna girer.","robots":{"index":"index","follow":"follow","max-snippet":"max-snippet:-1","max-image-preview":"max-image-preview:large","max-video-preview":"max-video-preview:-1"},"canonical":"https:\/\/mirora.com\/tr\/rusca-ceviri\/","og_locale":"tr_TR","og_type":"article","og_title":"Rus\u00e7a \u00c7eviri - Mirora Translation","og_description":"Rus\u00e7a, Beyaz Rus\u00e7a ve Ukraynaca ile birlikte Hint-Avrupa dil ailesinin Slav Dilleri grubunun Do\u011fu Slav Dilleri alt grubuna girer.","og_url":"https:\/\/mirora.com\/tr\/rusca-ceviri\/","og_site_name":"Mirora Translation","article_modified_time":"2025-05-14T01:02:26+00:00","og_image":[{"url":"https:\/\/mirora.com\/wp-content\/uploads\/2021\/11\/Blog-Rusca-min-1024x576-1.jpg","type":"","width":"","height":""}],"twitter_card":"summary_large_image","twitter_misc":{"Tahmini okuma s\u00fcresi":"1 dakika"},"schema":{"@context":"https:\/\/schema.org","@graph":[{"@type":"WebPage","@id":"https:\/\/mirora.com\/rusca-ceviri\/","url":"https:\/\/mirora.com\/rusca-ceviri\/","name":"Rus\u00e7a \u00c7eviri - Mirora Translation","isPartOf":{"@id":"https:\/\/mirora.com\/#website"},"primaryImageOfPage":{"@id":"https:\/\/mirora.com\/rusca-ceviri\/#primaryimage"},"image":{"@id":"https:\/\/mirora.com\/rusca-ceviri\/#primaryimage"},"thumbnailUrl":"https:\/\/mirora.com\/wp-content\/uploads\/2021\/11\/Blog-Rusca-min-1024x576-1.jpg","datePublished":"2024-05-30T23:59:36+00:00","dateModified":"2025-05-14T01:02:26+00:00","description":"Rus\u00e7a, Beyaz Rus\u00e7a ve Ukraynaca ile birlikte Hint-Avrupa dil ailesinin Slav Dilleri grubunun Do\u011fu Slav Dilleri alt grubuna girer.","inLanguage":"tr","potentialAction":[{"@type":"ReadAction","target":["https:\/\/mirora.com\/rusca-ceviri\/"]}]},{"@type":"ImageObject","inLanguage":"tr","@id":"https:\/\/mirora.com\/rusca-ceviri\/#primaryimage","url":"https:\/\/mirora.com\/wp-content\/uploads\/2021\/11\/Blog-Rusca-min-1024x576-1.jpg","contentUrl":"https:\/\/mirora.com\/wp-content\/uploads\/2021\/11\/Blog-Rusca-min-1024x576-1.jpg"},{"@type":"WebSite","@id":"https:\/\/mirora.com\/#website","url":"https:\/\/mirora.com\/","name":"Mirora Translation","description":"We Reflect Your Originals","publisher":{"@id":"https:\/\/mirora.com\/#organization"},"potentialAction":[{"@type":"SearchAction","target":{"@type":"EntryPoint","urlTemplate":"https:\/\/mirora.com\/?s={search_term_string}"},"query-input":{"@type":"PropertyValueSpecification","valueRequired":true,"valueName":"search_term_string"}}],"inLanguage":"tr"},{"@type":"Organization","@id":"https:\/\/mirora.com\/#organization","name":"Mirora","url":"https:\/\/mirora.com\/","logo":{"@type":"ImageObject","inLanguage":"tr","@id":"https:\/\/mirora.com\/#\/schema\/logo\/image\/","url":"https:\/\/mirora.com\/wp-content\/uploads\/2023\/07\/MiroraLogo2.webp","contentUrl":"https:\/\/mirora.com\/wp-content\/uploads\/2023\/07\/MiroraLogo2.webp","width":326,"height":108,"caption":"Mirora"},"image":{"@id":"https:\/\/mirora.com\/#\/schema\/logo\/image\/"}}]}},"_links":{"self":[{"href":"https:\/\/mirora.com\/tr\/wp-json\/wp\/v2\/pages\/6876","targetHints":{"allow":["GET"]}}],"collection":[{"href":"https:\/\/mirora.com\/tr\/wp-json\/wp\/v2\/pages"}],"about":[{"href":"https:\/\/mirora.com\/tr\/wp-json\/wp\/v2\/types\/page"}],"author":[{"embeddable":true,"href":"https:\/\/mirora.com\/tr\/wp-json\/wp\/v2\/users\/1"}],"replies":[{"embeddable":true,"href":"https:\/\/mirora.com\/tr\/wp-json\/wp\/v2\/comments?post=6876"}],"version-history":[{"count":13,"href":"https:\/\/mirora.com\/tr\/wp-json\/wp\/v2\/pages\/6876\/revisions"}],"predecessor-version":[{"id":22259,"href":"https:\/\/mirora.com\/tr\/wp-json\/wp\/v2\/pages\/6876\/revisions\/22259"}],"wp:attachment":[{"href":"https:\/\/mirora.com\/tr\/wp-json\/wp\/v2\/media?parent=6876"}],"curies":[{"name":"wp","href":"https:\/\/api.w.org\/{rel}","templated":true}]}}