

{"id":6877,"date":"2024-05-31T03:00:23","date_gmt":"2024-05-31T00:00:23","guid":{"rendered":"https:\/\/mirora.com\/?page_id=6877"},"modified":"2025-05-14T04:02:38","modified_gmt":"2025-05-14T01:02:38","slug":"tayca-ceviri","status":"publish","type":"page","link":"https:\/\/mirora.com\/tr\/tayca-ceviri\/","title":{"rendered":"Tayca \u00c7eviri"},"content":{"rendered":"\t\t<div data-elementor-type=\"wp-page\" data-elementor-id=\"6877\" class=\"elementor elementor-6877\" data-elementor-post-type=\"page\">\n\t\t\t\t<div class=\"elementor-element elementor-element-904633c e-flex e-con-boxed e-con e-parent\" data-id=\"904633c\" data-element_type=\"container\" data-e-type=\"container\" data-settings=\"{&quot;background_background&quot;:&quot;classic&quot;}\">\n\t\t\t\t\t<div class=\"e-con-inner\">\n\t\t\t\t<div class=\"elementor-element elementor-element-17c9cff elementor-widget elementor-widget-heading\" data-id=\"17c9cff\" data-element_type=\"widget\" data-e-type=\"widget\" data-widget_type=\"heading.default\">\n\t\t\t\t\t<h1 class=\"elementor-heading-title elementor-size-default\">Footer One<\/h1>\t\t\t\t<\/div>\n\t\t\t\t\t<\/div>\n\t\t\t\t<\/div>\n\t\t\t\t<section class=\"elementor-section elementor-top-section elementor-element elementor-element-7144dec elementor-section-full_width elementor-section-height-default elementor-section-height-default\" data-id=\"7144dec\" data-element_type=\"section\" data-e-type=\"section\">\n\t\t\t\t\t\t<div class=\"elementor-container elementor-column-gap-no\">\n\t\t\t\t\t<div class=\"elementor-column elementor-col-100 elementor-top-column elementor-element elementor-element-2ac3368\" data-id=\"2ac3368\" data-element_type=\"column\" data-e-type=\"column\">\n\t\t\t<div class=\"elementor-widget-wrap elementor-element-populated\">\n\t\t\t\t\t\t<section class=\"elementor-section elementor-inner-section elementor-element elementor-element-6cf5ae6 elementor-section-content-middle elementor-section-boxed elementor-section-height-default elementor-section-height-default\" data-id=\"6cf5ae6\" data-element_type=\"section\" data-e-type=\"section\">\n\t\t\t\t\t\t<div class=\"elementor-container elementor-column-gap-no\">\n\t\t\t\t\t<div class=\"elementor-column elementor-col-100 elementor-inner-column elementor-element elementor-element-309d6ce\" data-id=\"309d6ce\" data-element_type=\"column\" data-e-type=\"column\">\n\t\t\t<div class=\"elementor-widget-wrap elementor-element-populated\">\n\t\t\t\t\t\t<div class=\"elementor-element elementor-element-83a00e2 elementor-widget elementor-widget-text-editor\" data-id=\"83a00e2\" data-element_type=\"widget\" data-e-type=\"widget\" data-widget_type=\"text-editor.default\">\n\t\t\t\t\t\t\t\t\t<p>Taylar\u0131n anadili olan Tayca, Tayland\u2019\u0131n ulusal ve resm\u00ee dilidir. Tayca, k\u00f6keninin g\u00fcney \u00c7in\u2019de oldu\u011funa inan\u0131lan Tai-Kadai dil ailesinin Tay grubuna mensuptur. Baz\u0131 dilbilimciler Taycan\u0131n Avustroasyatik, Avustronezyan ve Sino-Tibet dil ailelerine ba\u011flant\u0131 oldu\u011funu \u00f6ne s\u00fcrm\u00fc\u015ft\u00fcr.<\/p><p>Tayca dilinde ses perdeli ve analitiktir. Ba\u011flant\u0131l\u0131 dil konu\u015fmayanlar i\u00e7in tonlamas\u0131, karma\u015f\u0131k yap\u0131s\u0131 ve belirgin fonolojisi ile \u00f6\u011frenilmesi olduk\u00e7a zor bir dildir.<\/p><p>Tay alfabesi, yani Tayca, 44 sessiz harften olu\u015fan bir hece yaz\u0131s\u0131d\u0131r. 18 \u00fcnl\u00fc ve 6 \u00e7ift sesli harf vard\u0131r. Harflerden sekizi, yaln\u0131zca Pali ve Sanskrit\u00e7e kaynakl\u0131 kelimeleri yazmak i\u00e7in kullan\u0131l\u0131r.<\/p><p>Tayca \u00c7eviri Hizmeti<\/p><p>Tayca \u00e7eviri i\u015fleriniz i\u00e7in Mirora\u2019ya g\u00fcvenebilirsiniz. Uzak Do\u011fu dillerinde uzmanla\u015fm\u0131\u015f kurumsal i\u015f ortaklar\u0131m\u0131z oldu\u011fundan \u00f6zellikle \u0130ngilizce tampon dil olarak kullan\u0131larak Taycaya ve Taycadan yine \u0130ngilizce tampon dil olarak kullan\u0131larak d\u00fcnyan\u0131n t\u00fcm dillerine, kaliteli, h\u0131zl\u0131, g\u00fcvenilir ve rekabet\u00e7i fiyatlarla \u00e7eviri hizmeti verebiliyoruz.<\/p>\t\t\t\t\t\t\t\t<\/div>\n\t\t\t\t\t<\/div>\n\t\t<\/div>\n\t\t\t\t\t<\/div>\n\t\t<\/section>\n\t\t\t\t\t<\/div>\n\t\t<\/div>\n\t\t\t\t\t<\/div>\n\t\t<\/section>\n\t\t<div class=\"elementor-element elementor-element-b62abf8 e-flex e-con-boxed e-con e-parent\" data-id=\"b62abf8\" data-element_type=\"container\" data-e-type=\"container\">\n\t\t\t\t\t<div class=\"e-con-inner\">\n\t\t\t\t<div class=\"elementor-element elementor-element-a3f2687 elementor-widget elementor-widget-heading\" data-id=\"a3f2687\" data-element_type=\"widget\" data-e-type=\"widget\" data-widget_type=\"heading.default\">\n\t\t\t\t\t<h2 class=\"elementor-heading-title elementor-size-default\">Bu Yaz\u0131lar\u0131m\u0131z \u0130lginizi \u00c7ekebilir ! Hizmetimiz ile ilgili daha fazla bilgi edinin.<\/h2>\t\t\t\t<\/div>\n\t\t\t\t<div class=\"elementor-element elementor-element-73f57cc elementor-widget-divider--view-line elementor-widget elementor-widget-divider\" data-id=\"73f57cc\" data-element_type=\"widget\" data-e-type=\"widget\" data-widget_type=\"divider.default\">\n\t\t\t\t\t\t\t<div class=\"elementor-divider\">\n\t\t\t<span class=\"elementor-divider-separator\">\n\t\t\t\t\t\t<\/span>\n\t\t<\/div>\n\t\t\t\t\t\t<\/div>\n\t\t\t\t\t<\/div>\n\t\t\t\t<\/div>\n\t\t<div class=\"elementor-element elementor-element-eb2302d e-flex e-con-boxed e-con e-parent\" data-id=\"eb2302d\" data-element_type=\"container\" data-e-type=\"container\">\n\t\t\t\t\t<div class=\"e-con-inner\">\n\t\t<div class=\"elementor-element elementor-element-8a9d1f2 e-con-full e-flex e-con e-child\" data-id=\"8a9d1f2\" data-element_type=\"container\" data-e-type=\"container\">\n\t\t\t\t<div class=\"elementor-element elementor-element-3afda2b premium-blog-align-left elementor-widget elementor-widget-premium-addon-blog\" data-id=\"3afda2b\" data-element_type=\"widget\" data-e-type=\"widget\" data-settings=\"{&quot;premium_blog_columns_number&quot;:&quot;100%&quot;,&quot;premium_blog_grid&quot;:&quot;yes&quot;,&quot;premium_blog_layout&quot;:&quot;even&quot;,&quot;premium_blog_columns_number_tablet&quot;:&quot;50%&quot;,&quot;premium_blog_columns_number_mobile&quot;:&quot;100%&quot;}\" data-widget_type=\"premium-addon-blog.default\">\n\t\t\t\t\t\n\t\t\n\n\t\t\t\t<div class=\"premium-blog-wrap  premium-blog-even\" data-page=\"6877\">\n\t\t\t\t\t\t\t\t\t<div class=\"premium-blog-post-outer-container\" data-total=\"1\">\n\t\t\t<div class=\"premium-blog-post-container premium-blog-skin-banner\">\n\t\t\t\t\t\t\t\t\t<div class=\"premium-blog-thumb-effect-wrapper\">\n\t\t\t\t\t\t<div class=\"premium-blog-thumbnail-container premium-blog-zoomin-effect\">\n\t\t\t\t\t\t\t<img fetchpriority=\"high\" decoding=\"async\" width=\"1648\" height=\"926\" src=\"https:\/\/mirora.com\/wp-content\/uploads\/2021\/07\/Tayca.jpg\" class=\"attachment-full size-full wp-image-9123\" alt=\"Tayca\" srcset=\"https:\/\/mirora.com\/wp-content\/uploads\/2021\/07\/Tayca.jpg 1648w, https:\/\/mirora.com\/wp-content\/uploads\/2021\/07\/Tayca-300x169.jpg 300w, https:\/\/mirora.com\/wp-content\/uploads\/2021\/07\/Tayca-1024x575.jpg 1024w, https:\/\/mirora.com\/wp-content\/uploads\/2021\/07\/Tayca-768x432.jpg 768w, https:\/\/mirora.com\/wp-content\/uploads\/2021\/07\/Tayca-1536x863.jpg 1536w\" sizes=\"(max-width: 1648px) 100vw, 1648px\" \/>\t\t\t\t\t\t<\/div>\n\t\t\t\t\t\t\t\t\t\t\t\t\t<div class=\"premium-blog-thumbnail-overlay\">\n\t\t\t\t\t\t\t\t<a class=\"elementor-icon\" href=\"https:\/\/mirora.com\/tr\/tayca-turkce-sesli-ceviri-neden-onemlidir\/\" target=\"_blank\"><\/a>\n\t\t\t\t\t\t\t<\/div>\n\n\t\t\t\t\t\t\t\t\t\t\t\t\t\t\t\t\t\t<\/div>\n\t\t\t\t\t\t\t\t\t\t\t\t<div class=\"premium-blog-content-wrapper \">\n\n\t\t\t\t\t<div class=\"premium-blog-inner-container\">\n\n\t\t\t\t\t\t\t\t\t\t\t\t\t\t<h2 class=\"premium-blog-entry-title\">\n\t\t\t<a href=\"https:\/\/mirora.com\/tr\/tayca-turkce-sesli-ceviri-neden-onemlidir\/\" target=\"_blank\">\n\t\t\t\tTayca T\u00fcrk\u00e7e Sesli \u00c7eviri Neden \u00d6nemlidir?\t\t\t<\/a>\n\t\t<\/h2>\n\t\t\t\t<div class=\"premium-blog-entry-meta\">\n\t\t\t\n\t\t\t\n\t\t\t\n\t\t\t\t\t<\/div>\n\t\t\n\t\t\t\t\t<\/div>\n\n\t\t\t\t\t\t\t<div class=\"premium-blog-content-inner-wrapper\">\n\t\t<p class=\"premium-blog-post-content\">Tayland\u2019\u0131n resmi dili olan Tayca, \u00fclkede konu\u015fulan 60\u2019tan fazla dil i\u00e7erisinde en yayg\u0131n olan\u0131d\u0131r. Tayca, sadece Tayland\u2019da de\u011fil, Singapur ve...<\/p>\t\t<\/div>\n\t\t\t\t\t\t\t\n\t\t\t\t<\/div>\n\t\t\t<\/div>\n\t\t<\/div>\n\n\t\t\t\t\t\t\t<\/div>\n\n\t\t\n\t\t\n\t\t\t\t\t\t<\/div>\n\t\t\t\t<\/div>\n\t\t<div class=\"elementor-element elementor-element-f878689 e-con-full e-flex e-con e-child\" data-id=\"f878689\" data-element_type=\"container\" data-e-type=\"container\">\n\t\t\t\t<div class=\"elementor-element elementor-element-ebf2b25 premium-blog-align-left elementor-widget elementor-widget-premium-addon-blog\" data-id=\"ebf2b25\" data-element_type=\"widget\" data-e-type=\"widget\" data-settings=\"{&quot;premium_blog_columns_number&quot;:&quot;100%&quot;,&quot;premium_blog_grid&quot;:&quot;yes&quot;,&quot;premium_blog_layout&quot;:&quot;even&quot;,&quot;premium_blog_columns_number_tablet&quot;:&quot;50%&quot;,&quot;premium_blog_columns_number_mobile&quot;:&quot;100%&quot;}\" data-widget_type=\"premium-addon-blog.default\">\n\t\t\t\t\t\n\t\t\n\n\t\t\t\t<div class=\"premium-blog-wrap  premium-blog-even\" data-page=\"6877\">\n\t\t\t\t\t\t\t\t\t<div class=\"premium-blog-post-outer-container\" data-total=\"1\">\n\t\t\t<div class=\"premium-blog-post-container premium-blog-skin-banner\">\n\t\t\t\t\t\t\t\t\t<div class=\"premium-blog-thumb-effect-wrapper\">\n\t\t\t\t\t\t<div class=\"premium-blog-thumbnail-container premium-blog-zoomin-effect\">\n\t\t\t\t\t\t\t<img decoding=\"async\" width=\"850\" height=\"500\" src=\"https:\/\/mirora.com\/wp-content\/uploads\/2023\/04\/blog-Bridging-the-Gap_-Translating-Thai-to-Turkish-2-min.jpg\" class=\"attachment-full size-full wp-image-17135\" alt=\"\" srcset=\"https:\/\/mirora.com\/wp-content\/uploads\/2023\/04\/blog-Bridging-the-Gap_-Translating-Thai-to-Turkish-2-min.jpg 850w, https:\/\/mirora.com\/wp-content\/uploads\/2023\/04\/blog-Bridging-the-Gap_-Translating-Thai-to-Turkish-2-min-300x176.jpg 300w, https:\/\/mirora.com\/wp-content\/uploads\/2023\/04\/blog-Bridging-the-Gap_-Translating-Thai-to-Turkish-2-min-768x452.jpg 768w, https:\/\/mirora.com\/wp-content\/uploads\/2023\/04\/blog-Bridging-the-Gap_-Translating-Thai-to-Turkish-2-min-18x12.jpg 18w\" sizes=\"(max-width: 850px) 100vw, 850px\" \/>\t\t\t\t\t\t<\/div>\n\t\t\t\t\t\t\t\t\t\t\t\t\t<div class=\"premium-blog-thumbnail-overlay\">\n\t\t\t\t\t\t\t\t<a class=\"elementor-icon\" href=\"https:\/\/mirora.com\/tr\/kulturler-arasi-kopru-kurma-tayca-turkce-ceviri\/\" target=\"_blank\"><\/a>\n\t\t\t\t\t\t\t<\/div>\n\n\t\t\t\t\t\t\t\t\t\t\t\t\t\t\t\t\t\t<\/div>\n\t\t\t\t\t\t\t\t\t\t\t\t<div class=\"premium-blog-content-wrapper \">\n\n\t\t\t\t\t<div class=\"premium-blog-inner-container\">\n\n\t\t\t\t\t\t\t\t\t\t\t\t\t\t<h2 class=\"premium-blog-entry-title\">\n\t\t\t<a href=\"https:\/\/mirora.com\/tr\/kulturler-arasi-kopru-kurma-tayca-turkce-ceviri\/\" target=\"_blank\">\n\t\t\t\tK\u00fclt\u00fcrler Aras\u0131 K\u00f6pr\u00fc Kurma: Tayca T\u00fcrk\u00e7e \u00c7eviri\t\t\t<\/a>\n\t\t<\/h2>\n\t\t\t\t<div class=\"premium-blog-entry-meta\">\n\t\t\t\n\t\t\t\n\t\t\t\n\t\t\t\t\t<\/div>\n\t\t\n\t\t\t\t\t<\/div>\n\n\t\t\t\t\t\t\t<div class=\"premium-blog-content-inner-wrapper\">\n\t\t<p class=\"premium-blog-post-content\">Uluslararas\u0131 ticaret ve k\u00fclt\u00fcrel al\u0131\u015fveri\u015fin geni\u015flemesi nedeniyle dil \u00e7evirisi hizmetleri art\u0131k her zamankinden daha b\u00fcy\u00fck bir \u00f6neme sahip. Tayca T\u00fcrk\u00e7e...<\/p>\t\t<\/div>\n\t\t\t\t\t\t\t\n\t\t\t\t<\/div>\n\t\t\t<\/div>\n\t\t<\/div>\n\n\t\t\t\t\t\t\t<\/div>\n\n\t\t\n\t\t\n\t\t\t\t\t\t<\/div>\n\t\t\t\t<\/div>\n\t\t\t\t\t<\/div>\n\t\t\t\t<\/div>\n\t\t\t\t<section class=\"elementor-section elementor-top-section elementor-element elementor-element-91d946b elementor-section-full_width elementor-section-height-default elementor-section-height-default\" data-id=\"91d946b\" data-element_type=\"section\" data-e-type=\"section\">\n\t\t\t\t\t\t<div class=\"elementor-container elementor-column-gap-no\">\n\t\t\t\t\t<div class=\"elementor-column elementor-col-100 elementor-top-column elementor-element elementor-element-207c427\" data-id=\"207c427\" data-element_type=\"column\" data-e-type=\"column\">\n\t\t\t<div class=\"elementor-widget-wrap elementor-element-populated\">\n\t\t\t\t\t\t<div class=\"elementor-element elementor-element-b860bc1 elementor-widget elementor-widget-eduracta\" data-id=\"b860bc1\" data-element_type=\"widget\" data-e-type=\"widget\" data-widget_type=\"eduracta.default\">\n\t\t\t\t<div class=\"elementor-widget-container\">\n\t\t\t\t\t<div class=\"cta-area-1\" data-bg-src=\"https:\/\/themeholy.com\/wordpress\/edura\/wp-content\/uploads\/2023\/07\/cta-bg1.png\"><div class=\"container\"><div class=\"row align-items-center justify-content-between\"><div class=\"col-lg-8\"><div class=\"cta-wrap title-area mb-0\"><div class=\"cta-icon\"><img decoding=\"async\" src=\"https:\/\/themeholy.com\/wordpress\/edura\/wp-content\/uploads\/2023\/07\/cta-icon1.png\" alt=\"icon\"><\/div><div class=\"cta-content\"><h2 class=\"cta-title th-title sec-title\">Hemen Teklif Al<\/h2><p class=\"cta-text th-desc\">Markana de\u011fer katmak Mirora ile bir t\u0131k uza\u011f\u0131nda.<\/p><\/div><a href=\"https:\/\/mirora.com\/teklif-al\/\" class=\"th-btn th_btn style8\">Teklif Al!<i class=\"fa-regular fa-arrow-right ms-1\"><\/i><\/a><\/div><\/div><\/div><\/div><div class=\"cta-img-1\" data-overlay=\"title\" data-opacity=\"8\"><img decoding=\"async\" src=\"https:\/\/themeholy.com\/wordpress\/edura\/wp-content\/uploads\/2023\/07\/cta_1_1.png\" alt=\"Image\"><\/div><\/div>\t\t\t\t<\/div>\n\t\t\t\t<\/div>\n\t\t\t\t\t<\/div>\n\t\t<\/div>\n\t\t\t\t\t<\/div>\n\t\t<\/section>\n\t\t\t\t<\/div>\n\t\t","protected":false},"excerpt":{"rendered":"<p>Taylar\u0131n anadili olan Tayca, Tayland\u2019\u0131n ulusal ve resm\u00ee dilidir. Tayca, k\u00f6keninin g\u00fcney \u00c7in\u2019de oldu\u011funa inan\u0131lan Tai-Kadai dil ailesinin Tay grubuna&#8230;<\/p>\n","protected":false},"author":1,"featured_media":0,"parent":0,"menu_order":0,"comment_status":"closed","ping_status":"closed","template":"template-builder.php","meta":{"_monsterinsights_skip_tracking":false,"_monsterinsights_sitenote_active":false,"_monsterinsights_sitenote_note":"","_monsterinsights_sitenote_category":0,"footnotes":""},"class_list":["post-6877","page","type-page","status-publish","hentry","th-blog blog-single"],"yoast_head":"<!-- This site is optimized with the Yoast SEO plugin v27.4 - https:\/\/yoast.com\/product\/yoast-seo-wordpress\/ -->\n<title>Tayca \u00c7eviri - Mirora Translation<\/title>\n<meta name=\"description\" content=\"Tayca Tayland&#039;\u0131n ulusal ve resm\u00ee olup, Tai-Kadai dil ailesinin Tay grubuna ait bir dildir.Tay-Kaday dillerinin k\u00f6keninin g\u00fcney \u00c7in&#039;de oldu\u011funu inan\u0131lmaktad\u0131r.\" \/>\n<meta name=\"robots\" content=\"index, follow, max-snippet:-1, max-image-preview:large, max-video-preview:-1\" \/>\n<link rel=\"canonical\" href=\"https:\/\/mirora.com\/tr\/tayca-ceviri\/\" \/>\n<meta property=\"og:locale\" content=\"tr_TR\" \/>\n<meta property=\"og:type\" content=\"article\" \/>\n<meta property=\"og:title\" content=\"Tayca \u00c7eviri - Mirora Translation\" \/>\n<meta property=\"og:description\" content=\"Tayca Tayland&#039;\u0131n ulusal ve resm\u00ee olup, Tai-Kadai dil ailesinin Tay grubuna ait bir dildir.Tay-Kaday dillerinin k\u00f6keninin g\u00fcney \u00c7in&#039;de oldu\u011funu inan\u0131lmaktad\u0131r.\" \/>\n<meta property=\"og:url\" content=\"https:\/\/mirora.com\/tr\/tayca-ceviri\/\" \/>\n<meta property=\"og:site_name\" content=\"Mirora Translation\" \/>\n<meta property=\"article:modified_time\" content=\"2025-05-14T01:02:38+00:00\" \/>\n<meta property=\"og:image\" content=\"https:\/\/mirora.com\/wp-content\/uploads\/2021\/07\/Tayca.jpg\" \/>\n<meta name=\"twitter:card\" content=\"summary_large_image\" \/>\n<meta name=\"twitter:label1\" content=\"Tahmini okuma s\u00fcresi\" \/>\n\t<meta name=\"twitter:data1\" content=\"1 dakika\" \/>\n<script type=\"application\/ld+json\" class=\"yoast-schema-graph\">{\"@context\":\"https:\\\/\\\/schema.org\",\"@graph\":[{\"@type\":\"WebPage\",\"@id\":\"https:\\\/\\\/mirora.com\\\/tayca-ceviri\\\/\",\"url\":\"https:\\\/\\\/mirora.com\\\/tayca-ceviri\\\/\",\"name\":\"Tayca \u00c7eviri - Mirora Translation\",\"isPartOf\":{\"@id\":\"https:\\\/\\\/mirora.com\\\/#website\"},\"primaryImageOfPage\":{\"@id\":\"https:\\\/\\\/mirora.com\\\/tayca-ceviri\\\/#primaryimage\"},\"image\":{\"@id\":\"https:\\\/\\\/mirora.com\\\/tayca-ceviri\\\/#primaryimage\"},\"thumbnailUrl\":\"https:\\\/\\\/mirora.com\\\/wp-content\\\/uploads\\\/2021\\\/07\\\/Tayca.jpg\",\"datePublished\":\"2024-05-31T00:00:23+00:00\",\"dateModified\":\"2025-05-14T01:02:38+00:00\",\"description\":\"Tayca Tayland'\u0131n ulusal ve resm\u00ee olup, Tai-Kadai dil ailesinin Tay grubuna ait bir dildir.Tay-Kaday dillerinin k\u00f6keninin g\u00fcney \u00c7in'de oldu\u011funu inan\u0131lmaktad\u0131r.\",\"inLanguage\":\"tr\",\"potentialAction\":[{\"@type\":\"ReadAction\",\"target\":[\"https:\\\/\\\/mirora.com\\\/tayca-ceviri\\\/\"]}]},{\"@type\":\"ImageObject\",\"inLanguage\":\"tr\",\"@id\":\"https:\\\/\\\/mirora.com\\\/tayca-ceviri\\\/#primaryimage\",\"url\":\"https:\\\/\\\/mirora.com\\\/wp-content\\\/uploads\\\/2021\\\/07\\\/Tayca.jpg\",\"contentUrl\":\"https:\\\/\\\/mirora.com\\\/wp-content\\\/uploads\\\/2021\\\/07\\\/Tayca.jpg\"},{\"@type\":\"WebSite\",\"@id\":\"https:\\\/\\\/mirora.com\\\/#website\",\"url\":\"https:\\\/\\\/mirora.com\\\/\",\"name\":\"Mirora Translation\",\"description\":\"We Reflect Your Originals\",\"publisher\":{\"@id\":\"https:\\\/\\\/mirora.com\\\/#organization\"},\"potentialAction\":[{\"@type\":\"SearchAction\",\"target\":{\"@type\":\"EntryPoint\",\"urlTemplate\":\"https:\\\/\\\/mirora.com\\\/?s={search_term_string}\"},\"query-input\":{\"@type\":\"PropertyValueSpecification\",\"valueRequired\":true,\"valueName\":\"search_term_string\"}}],\"inLanguage\":\"tr\"},{\"@type\":\"Organization\",\"@id\":\"https:\\\/\\\/mirora.com\\\/#organization\",\"name\":\"Mirora\",\"url\":\"https:\\\/\\\/mirora.com\\\/\",\"logo\":{\"@type\":\"ImageObject\",\"inLanguage\":\"tr\",\"@id\":\"https:\\\/\\\/mirora.com\\\/#\\\/schema\\\/logo\\\/image\\\/\",\"url\":\"https:\\\/\\\/mirora.com\\\/wp-content\\\/uploads\\\/2023\\\/07\\\/MiroraLogo2.webp\",\"contentUrl\":\"https:\\\/\\\/mirora.com\\\/wp-content\\\/uploads\\\/2023\\\/07\\\/MiroraLogo2.webp\",\"width\":326,\"height\":108,\"caption\":\"Mirora\"},\"image\":{\"@id\":\"https:\\\/\\\/mirora.com\\\/#\\\/schema\\\/logo\\\/image\\\/\"}}]}<\/script>\n<!-- \/ Yoast SEO plugin. -->","yoast_head_json":{"title":"Tayca \u00c7eviri - Mirora Translation","description":"Tayca Tayland'\u0131n ulusal ve resm\u00ee olup, Tai-Kadai dil ailesinin Tay grubuna ait bir dildir.Tay-Kaday dillerinin k\u00f6keninin g\u00fcney \u00c7in'de oldu\u011funu inan\u0131lmaktad\u0131r.","robots":{"index":"index","follow":"follow","max-snippet":"max-snippet:-1","max-image-preview":"max-image-preview:large","max-video-preview":"max-video-preview:-1"},"canonical":"https:\/\/mirora.com\/tr\/tayca-ceviri\/","og_locale":"tr_TR","og_type":"article","og_title":"Tayca \u00c7eviri - Mirora Translation","og_description":"Tayca Tayland'\u0131n ulusal ve resm\u00ee olup, Tai-Kadai dil ailesinin Tay grubuna ait bir dildir.Tay-Kaday dillerinin k\u00f6keninin g\u00fcney \u00c7in'de oldu\u011funu inan\u0131lmaktad\u0131r.","og_url":"https:\/\/mirora.com\/tr\/tayca-ceviri\/","og_site_name":"Mirora Translation","article_modified_time":"2025-05-14T01:02:38+00:00","og_image":[{"url":"https:\/\/mirora.com\/wp-content\/uploads\/2021\/07\/Tayca.jpg","type":"","width":"","height":""}],"twitter_card":"summary_large_image","twitter_misc":{"Tahmini okuma s\u00fcresi":"1 dakika"},"schema":{"@context":"https:\/\/schema.org","@graph":[{"@type":"WebPage","@id":"https:\/\/mirora.com\/tayca-ceviri\/","url":"https:\/\/mirora.com\/tayca-ceviri\/","name":"Tayca \u00c7eviri - Mirora Translation","isPartOf":{"@id":"https:\/\/mirora.com\/#website"},"primaryImageOfPage":{"@id":"https:\/\/mirora.com\/tayca-ceviri\/#primaryimage"},"image":{"@id":"https:\/\/mirora.com\/tayca-ceviri\/#primaryimage"},"thumbnailUrl":"https:\/\/mirora.com\/wp-content\/uploads\/2021\/07\/Tayca.jpg","datePublished":"2024-05-31T00:00:23+00:00","dateModified":"2025-05-14T01:02:38+00:00","description":"Tayca Tayland'\u0131n ulusal ve resm\u00ee olup, Tai-Kadai dil ailesinin Tay grubuna ait bir dildir.Tay-Kaday dillerinin k\u00f6keninin g\u00fcney \u00c7in'de oldu\u011funu inan\u0131lmaktad\u0131r.","inLanguage":"tr","potentialAction":[{"@type":"ReadAction","target":["https:\/\/mirora.com\/tayca-ceviri\/"]}]},{"@type":"ImageObject","inLanguage":"tr","@id":"https:\/\/mirora.com\/tayca-ceviri\/#primaryimage","url":"https:\/\/mirora.com\/wp-content\/uploads\/2021\/07\/Tayca.jpg","contentUrl":"https:\/\/mirora.com\/wp-content\/uploads\/2021\/07\/Tayca.jpg"},{"@type":"WebSite","@id":"https:\/\/mirora.com\/#website","url":"https:\/\/mirora.com\/","name":"Mirora Translation","description":"We Reflect Your Originals","publisher":{"@id":"https:\/\/mirora.com\/#organization"},"potentialAction":[{"@type":"SearchAction","target":{"@type":"EntryPoint","urlTemplate":"https:\/\/mirora.com\/?s={search_term_string}"},"query-input":{"@type":"PropertyValueSpecification","valueRequired":true,"valueName":"search_term_string"}}],"inLanguage":"tr"},{"@type":"Organization","@id":"https:\/\/mirora.com\/#organization","name":"Mirora","url":"https:\/\/mirora.com\/","logo":{"@type":"ImageObject","inLanguage":"tr","@id":"https:\/\/mirora.com\/#\/schema\/logo\/image\/","url":"https:\/\/mirora.com\/wp-content\/uploads\/2023\/07\/MiroraLogo2.webp","contentUrl":"https:\/\/mirora.com\/wp-content\/uploads\/2023\/07\/MiroraLogo2.webp","width":326,"height":108,"caption":"Mirora"},"image":{"@id":"https:\/\/mirora.com\/#\/schema\/logo\/image\/"}}]}},"_links":{"self":[{"href":"https:\/\/mirora.com\/tr\/wp-json\/wp\/v2\/pages\/6877","targetHints":{"allow":["GET"]}}],"collection":[{"href":"https:\/\/mirora.com\/tr\/wp-json\/wp\/v2\/pages"}],"about":[{"href":"https:\/\/mirora.com\/tr\/wp-json\/wp\/v2\/types\/page"}],"author":[{"embeddable":true,"href":"https:\/\/mirora.com\/tr\/wp-json\/wp\/v2\/users\/1"}],"replies":[{"embeddable":true,"href":"https:\/\/mirora.com\/tr\/wp-json\/wp\/v2\/comments?post=6877"}],"version-history":[{"count":13,"href":"https:\/\/mirora.com\/tr\/wp-json\/wp\/v2\/pages\/6877\/revisions"}],"predecessor-version":[{"id":22262,"href":"https:\/\/mirora.com\/tr\/wp-json\/wp\/v2\/pages\/6877\/revisions\/22262"}],"wp:attachment":[{"href":"https:\/\/mirora.com\/tr\/wp-json\/wp\/v2\/media?parent=6877"}],"curies":[{"name":"wp","href":"https:\/\/api.w.org\/{rel}","templated":true}]}}