

{"id":6881,"date":"2024-05-31T02:56:29","date_gmt":"2024-05-30T23:56:29","guid":{"rendered":"https:\/\/mirora.com\/?page_id=6881"},"modified":"2025-12-15T10:37:53","modified_gmt":"2025-12-15T07:37:53","slug":"diller","status":"publish","type":"page","link":"https:\/\/mirora.com\/tr\/diller\/","title":{"rendered":"Diller"},"content":{"rendered":"\t\t<div data-elementor-type=\"wp-page\" data-elementor-id=\"6881\" class=\"elementor elementor-6881\" data-elementor-post-type=\"page\">\n\t\t\t\t<div class=\"elementor-element elementor-element-f34c6d4 e-flex e-con-boxed e-con e-parent\" data-id=\"f34c6d4\" data-element_type=\"container\" data-e-type=\"container\" data-settings=\"{&quot;background_background&quot;:&quot;classic&quot;}\">\n\t\t\t\t\t<div class=\"e-con-inner\">\n\t\t\t\t<div class=\"elementor-element elementor-element-ca79b56 elementor-widget elementor-widget-heading\" data-id=\"ca79b56\" data-element_type=\"widget\" data-e-type=\"widget\" data-widget_type=\"heading.default\">\n\t\t\t\t\t<h1 class=\"elementor-heading-title elementor-size-default\">Footer One<\/h1>\t\t\t\t<\/div>\n\t\t\t\t\t<\/div>\n\t\t\t\t<\/div>\n\t\t\t\t<section class=\"elementor-section elementor-top-section elementor-element elementor-element-c3e09be elementor-section-full_width elementor-section-height-default elementor-section-height-default\" data-id=\"c3e09be\" data-element_type=\"section\" data-e-type=\"section\">\n\t\t\t\t\t\t<div class=\"elementor-container elementor-column-gap-no\">\n\t\t\t\t\t<div class=\"elementor-column elementor-col-100 elementor-top-column elementor-element elementor-element-483f55c\" data-id=\"483f55c\" data-element_type=\"column\" data-e-type=\"column\">\n\t\t\t<div class=\"elementor-widget-wrap elementor-element-populated\">\n\t\t\t\t\t\t<div class=\"elementor-element elementor-element-9e20f50 elementor-widget elementor-widget-text-editor\" data-id=\"9e20f50\" data-element_type=\"widget\" data-e-type=\"widget\" data-widget_type=\"text-editor.default\">\n\t\t\t\t\t\t\t\t\t<div class=\"shape-mockup why-shape-2\" data-bg-src=\"https:\/\/themeholy.com\/wordpress\/edura\/wp-content\/uploads\/2023\/07\/wcu_1_shape1.png\"><\/div>\t\t\t\t\t\t\t\t<\/div>\n\t\t\t\t<section class=\"elementor-section elementor-inner-section elementor-element elementor-element-29c73bc elementor-section-boxed elementor-section-height-default elementor-section-height-default\" data-id=\"29c73bc\" data-element_type=\"section\" data-e-type=\"section\">\n\t\t\t\t\t\t<div class=\"elementor-container elementor-column-gap-no\">\n\t\t\t\t\t<div class=\"elementor-column elementor-col-50 elementor-inner-column elementor-element elementor-element-418339e\" data-id=\"418339e\" data-element_type=\"column\" data-e-type=\"column\">\n\t\t\t<div class=\"elementor-widget-wrap elementor-element-populated\">\n\t\t\t\t\t\t<div class=\"elementor-element elementor-element-9b09e3e elementor-widget elementor-widget-eduragroupimage\" data-id=\"9b09e3e\" data-element_type=\"widget\" data-e-type=\"widget\" data-widget_type=\"eduragroupimage.default\">\n\t\t\t\t<div class=\"elementor-widget-container\">\n\t\t\t\t\t<div class=\"wcu-img-1\"><div class=\"img1\"><img decoding=\"async\" src=\"https:\/\/mirora.com\/wp-content\/uploads\/2024\/06\/anasa_diller-1.jpg\" alt=\"About\"><\/div><div class=\"student-count jump-reverse\"><h5 class=\"title\"><p><span class=\"text-theme\">50+<\/span> Dil\u00a0<\/p><\/h5><img decoding=\"async\" src=\"https:\/\/mirora.com\/wp-content\/uploads\/2024\/06\/dil-1.png\" alt=\"About\"><\/div><\/div>\t\t\t\t<\/div>\n\t\t\t\t<\/div>\n\t\t\t\t\t<\/div>\n\t\t<\/div>\n\t\t\t\t<div class=\"elementor-column elementor-col-50 elementor-inner-column elementor-element elementor-element-f9d4284\" data-id=\"f9d4284\" data-element_type=\"column\" data-e-type=\"column\">\n\t\t\t<div class=\"elementor-widget-wrap elementor-element-populated\">\n\t\t\t\t\t\t<div class=\"elementor-element elementor-element-e772c90 elementor-widget elementor-widget-edurasectiontitle\" data-id=\"e772c90\" data-element_type=\"widget\" data-e-type=\"widget\" data-widget_type=\"edurasectiontitle.default\">\n\t\t\t\t<div class=\"elementor-widget-container\">\n\t\t\t\t\t<div class=\"title-area mb-25\" ><span class=\"sub-title subtitle-selector\"><i class=\"fal fa-book me-2\"><\/i>G\u00fc\u00e7l\u00fc Oldu\u011fumuz ve Rekabet\u00e7i Fiyatlar \u00dcretti\u011fimiz Diller<\/span><p class=\"desc-selector\">S\u00fcrekli g\u00fcncelledi\u011fimiz dil listemizde arad\u0131\u011f\u0131n\u0131z\u0131 bulamazsan\u0131z, siz yine de bizi aray\u0131n; biz yard\u0131mc\u0131 olam\u0131yorsak i\u015finiz zor demektir!<\/p><\/div>\t\t\t\t<\/div>\n\t\t\t\t<\/div>\n\t\t<div class=\"elementor-element elementor-element-1eeb120 e-con-full e-flex e-con e-parent\" data-id=\"1eeb120\" data-element_type=\"container\" data-e-type=\"container\" data-no-translation=\"\">\n\t\t\t\t<div class=\"elementor-element elementor-element-c240fa7 elementor-widget elementor-widget-text-editor\" data-id=\"c240fa7\" data-element_type=\"widget\" data-e-type=\"widget\" data-widget_type=\"text-editor.default\">\n\t\t\t\t\t\t\t\t\t<p><a href=\"https:\/\/mirora.com\/turkce-ceviri\/\">T\u00fcrk\u00e7e<\/a><br \/><a href=\"https:\/\/mirora.com\/ingilizce-ceviri\/\">\u0130ngilizce<\/a><br \/><a href=\"https:\/\/mirora.com\/almanca-ceviri\/\">Almanca<\/a><br \/><a href=\"https:\/\/mirora.com\/arapca-ceviri\/\">Arap\u00e7a<\/a><br \/><a href=\"https:\/\/mirora.com\/arnavutca-ceviri\/\">Arnavut\u00e7a<\/a><br \/><a href=\"https:\/\/mirora.com\/azerice-ceviri\/\">Azerice<\/a><br \/><a href=\"https:\/\/mirora.com\/tr\/brezilya-portekizcesi-cevirisi\/\">Brezilya Portekizcesi<\/a><br \/><a href=\"https:\/\/mirora.com\/bulgarca-ceviri\/\">Bulgarca<\/a><br \/><a href=\"https:\/\/mirora.com\/cekce-ceviri\/\">\u00c7ek\u00e7e<\/a><br \/><a href=\"https:\/\/mirora.com\/cince-ceviri\/\">\u00c7ince<\/a><br \/><a href=\"https:\/\/mirora.com\/tr\/danca-ceviri\/\">Danca<\/a><br \/><a href=\"https:\/\/mirora.com\/tr\/endonezce-ceviri\/\">Endonezce<\/a><\/p>\t\t\t\t\t\t\t\t<\/div>\n\t\t\t\t<div class=\"elementor-element elementor-element-f5c5bc5 elementor-widget__width-initial elementor-widget-mobile__width-initial elementor-widget elementor-widget-text-editor\" data-id=\"f5c5bc5\" data-element_type=\"widget\" data-e-type=\"widget\" data-widget_type=\"text-editor.default\">\n\t\t\t\t\t\t\t\t\t<p><a href=\"https:\/\/mirora.com\/ermenice-ceviri\/\">Ermenice<\/a><br \/><a href=\"https:\/\/mirora.com\/farsca-ceviri\/\">Fars\u00e7a<\/a><br \/><a href=\"https:\/\/mirora.com\/felemenkce-ceviri\/\">Felemenk\u00e7e<\/a><br \/><a href=\"https:\/\/mirora.com\/tr\/fince-ceviri\">Fince<\/a><br \/><a href=\"https:\/\/mirora.com\/fransizca-ceviri\/\">Frans\u0131zca<\/a><br \/><a href=\"https:\/\/mirora.com\/hintce-ceviri\/\">Hint\u00e7e<\/a><br \/><a href=\"https:\/\/mirora.com\/tr\/gurcuce-ceviri\/\">G\u00fcrc\u00fcce<\/a><br \/><a href=\"https:\/\/mirora.com\/ibranice-ceviri\/\">\u0130branice<\/a><br \/><a href=\"https:\/\/mirora.com\/irlandaca-ceviri\/\">\u0130rlandaca<\/a><br \/><a href=\"https:\/\/mirora.com\/ispanyolca-ceviri\/\">\u0130spanyolca<\/a><br \/><a href=\"https:\/\/mirora.com\/ispanyolca-latin-amerika-ceviri\/\">\u0130spanyolca &#8211; Latin Amerika<\/a><\/p>\t\t\t\t\t\t\t\t<\/div>\n\t\t\t\t<div class=\"elementor-element elementor-element-b205bb0 elementor-widget elementor-widget-text-editor\" data-id=\"b205bb0\" data-element_type=\"widget\" data-e-type=\"widget\" data-widget_type=\"text-editor.default\">\n\t\t\t\t\t\t\t\t\t<p><a href=\"https:\/\/mirora.com\/isvecce-ceviri\/\">\u0130sve\u00e7\u00e7e<\/a><br \/><a href=\"https:\/\/mirora.com\/italyanca-ceviri\/\">\u0130talyanca<\/a><br \/><a href=\"https:\/\/mirora.com\/japonca-ceviri\/\">Japonca<\/a><br \/><a href=\"https:\/\/mirora.com\/korece-ceviri\/\">Korece<\/a><br \/><a href=\"https:\/\/mirora.com\/kurtce-ceviri\/\">K\u00fcrt\u00e7e<\/a><br \/><a href=\"https:\/\/mirora.com\/tr\/letonca-ceviri\/\">Letonca<\/a><br \/><a href=\"https:\/\/mirora.com\/tr\/litvanca-ceviri\/\">Litvanca<\/a><br \/><a href=\"https:\/\/mirora.com\/lehce-ceviri\/\">Leh\u00e7e<\/a><br \/><a href=\"https:\/\/mirora.com\/macarca-ceviri\/\">Macarca<\/a><br \/><a href=\"https:\/\/mirora.com\/tr\/malayca-ceviri\/\">Malayca<\/a><br \/><a href=\"https:\/\/mirora.com\/norvecce-ceviri\/\">Norve\u00e7\u00e7e<\/a><\/p>\t\t\t\t\t\t\t\t<\/div>\n\t\t\t\t<div class=\"elementor-element elementor-element-5c8faa3 elementor-widget elementor-widget-text-editor\" data-id=\"5c8faa3\" data-element_type=\"widget\" data-e-type=\"widget\" data-widget_type=\"text-editor.default\">\n\t\t\t\t\t\t\t\t\t<p><a href=\"https:\/\/mirora.com\/ozbekce-ceviri\/\">\u00d6zbek\u00e7e<\/a><br \/><a href=\"https:\/\/mirora.com\/portekizce-ceviri\/\">Portekizce<\/a><br \/><a href=\"https:\/\/mirora.com\/rumence-ceviri\/\">Rumence<\/a><br \/><a href=\"https:\/\/mirora.com\/rusca-ceviri\/\">Rus\u00e7a<\/a><br \/><a href=\"https:\/\/mirora.com\/sirpca-ceviri\/\">S\u0131rp\u00e7a<\/a><br \/><a href=\"https:\/\/mirora.com\/slovakca-ceviri\/\">Slovak\u00e7a<\/a><br \/><a href=\"https:\/\/mirora.com\/slovence-ceviri\/\">Slovence<\/a><br \/><a href=\"https:\/\/mirora.com\/tayca-ceviri\/\">Tayca<\/a><br \/><a href=\"https:\/\/mirora.com\/ukraynaca-ceviri\/\">Ukraynaca<\/a><br \/><a href=\"https:\/\/mirora.com\/urduca-ceviri\/\">Urduca<\/a><br \/><a href=\"https:\/\/mirora.com\/vietnamca-ceviri\/\">Vietnamca<\/a><br \/><a href=\"https:\/\/mirora.com\/yunanca-ceviri\/\">Yunanca<\/a><\/p>\t\t\t\t\t\t\t\t<\/div>\n\t\t\t\t<\/div>\n\t\t\t\t<div class=\"elementor-element elementor-element-b2d5a0b elementor-widget elementor-widget-edurabutton\" data-id=\"b2d5a0b\" data-element_type=\"widget\" data-e-type=\"widget\" data-widget_type=\"edurabutton.default\">\n\t\t\t\t<div class=\"elementor-widget-container\">\n\t\t\t\t\t<!-- Button --><div class=\"btn-wrapper center\"><a class=\"th-btn\" href=\"https:\/\/mirora.com\/teklif-al\/\">TEKL\u0130F AL<i class=\"fa-regular fa-arrow-right ms-2\"><\/i><\/a><\/div><!-- End Button -->\t\t\t\t<\/div>\n\t\t\t\t<\/div>\n\t\t\t\t\t<\/div>\n\t\t<\/div>\n\t\t\t\t\t<\/div>\n\t\t<\/section>\n\t\t\t\t\t<\/div>\n\t\t<\/div>\n\t\t\t\t\t<\/div>\n\t\t<\/section>\n\t\t\t\t<\/div>\n\t\t","protected":false},"excerpt":{"rendered":"<p>50+ Dil\u00a0 G\u00fc\u00e7l\u00fc Oldu\u011fumuz ve Rekabet\u00e7i Fiyatlar \u00dcretti\u011fimiz Diller S\u00fcrekli g\u00fcncelledi\u011fimiz dil listemizde arad\u0131\u011f\u0131n\u0131z\u0131 bulamazsan\u0131z, siz yine de bizi aray\u0131n;&#8230;<\/p>\n","protected":false},"author":1,"featured_media":0,"parent":0,"menu_order":0,"comment_status":"closed","ping_status":"closed","template":"template-builder.php","meta":{"_monsterinsights_skip_tracking":false,"_monsterinsights_sitenote_active":false,"_monsterinsights_sitenote_note":"","_monsterinsights_sitenote_category":0,"footnotes":""},"class_list":["post-6881","page","type-page","status-publish","hentry"],"yoast_head":"<!-- This site is optimized with the Yoast SEO plugin v27.3 - https:\/\/yoast.com\/product\/yoast-seo-wordpress\/ -->\n<title>Diller - Mirora Translation<\/title>\n<meta name=\"description\" content=\"Mirora.com 53 adet dilde \u00e7evirmenlik hizmeti sunuyor. Onlarca dil aras\u0131ndan en profesyonel \u015fekilde \u00e7evirmenlik hizmeti alabilirsiniz.\" \/>\n<meta name=\"robots\" content=\"index, follow, max-snippet:-1, max-image-preview:large, max-video-preview:-1\" \/>\n<link rel=\"canonical\" href=\"https:\/\/mirora.com\/tr\/diller\/\" \/>\n<meta property=\"og:locale\" content=\"tr_TR\" \/>\n<meta property=\"og:type\" content=\"article\" \/>\n<meta property=\"og:title\" content=\"Diller - Mirora Translation\" \/>\n<meta property=\"og:description\" content=\"Mirora.com 53 adet dilde \u00e7evirmenlik hizmeti sunuyor. Onlarca dil aras\u0131ndan en profesyonel \u015fekilde \u00e7evirmenlik hizmeti alabilirsiniz.\" \/>\n<meta property=\"og:url\" content=\"https:\/\/mirora.com\/tr\/diller\/\" \/>\n<meta property=\"og:site_name\" content=\"Mirora Translation\" \/>\n<meta property=\"article:modified_time\" content=\"2025-12-15T07:37:53+00:00\" \/>\n<meta property=\"og:image\" content=\"https:\/\/mirora.com\/wp-content\/uploads\/2024\/06\/anasa_diller-1.jpg\" \/>\n<meta name=\"twitter:card\" content=\"summary_large_image\" \/>\n<meta name=\"twitter:label1\" content=\"Tahmini okuma s\u00fcresi\" \/>\n\t<meta name=\"twitter:data1\" content=\"1 dakika\" \/>\n<script type=\"application\/ld+json\" class=\"yoast-schema-graph\">{\"@context\":\"https:\\\/\\\/schema.org\",\"@graph\":[{\"@type\":\"WebPage\",\"@id\":\"https:\\\/\\\/mirora.com\\\/diller\\\/\",\"url\":\"https:\\\/\\\/mirora.com\\\/diller\\\/\",\"name\":\"Diller - Mirora Translation\",\"isPartOf\":{\"@id\":\"https:\\\/\\\/mirora.com\\\/#website\"},\"primaryImageOfPage\":{\"@id\":\"https:\\\/\\\/mirora.com\\\/diller\\\/#primaryimage\"},\"image\":{\"@id\":\"https:\\\/\\\/mirora.com\\\/diller\\\/#primaryimage\"},\"thumbnailUrl\":\"https:\\\/\\\/mirora.com\\\/wp-content\\\/uploads\\\/2024\\\/06\\\/anasa_diller-1.jpg\",\"datePublished\":\"2024-05-30T23:56:29+00:00\",\"dateModified\":\"2025-12-15T07:37:53+00:00\",\"description\":\"Mirora.com 53 adet dilde \u00e7evirmenlik hizmeti sunuyor. Onlarca dil aras\u0131ndan en profesyonel \u015fekilde \u00e7evirmenlik hizmeti alabilirsiniz.\",\"inLanguage\":\"tr\",\"potentialAction\":[{\"@type\":\"ReadAction\",\"target\":[\"https:\\\/\\\/mirora.com\\\/diller\\\/\"]}]},{\"@type\":\"ImageObject\",\"inLanguage\":\"tr\",\"@id\":\"https:\\\/\\\/mirora.com\\\/diller\\\/#primaryimage\",\"url\":\"https:\\\/\\\/mirora.com\\\/wp-content\\\/uploads\\\/2024\\\/06\\\/anasa_diller-1.jpg\",\"contentUrl\":\"https:\\\/\\\/mirora.com\\\/wp-content\\\/uploads\\\/2024\\\/06\\\/anasa_diller-1.jpg\"},{\"@type\":\"WebSite\",\"@id\":\"https:\\\/\\\/mirora.com\\\/#website\",\"url\":\"https:\\\/\\\/mirora.com\\\/\",\"name\":\"Mirora Translation\",\"description\":\"We Reflect Your Originals\",\"publisher\":{\"@id\":\"https:\\\/\\\/mirora.com\\\/#organization\"},\"potentialAction\":[{\"@type\":\"SearchAction\",\"target\":{\"@type\":\"EntryPoint\",\"urlTemplate\":\"https:\\\/\\\/mirora.com\\\/?s={search_term_string}\"},\"query-input\":{\"@type\":\"PropertyValueSpecification\",\"valueRequired\":true,\"valueName\":\"search_term_string\"}}],\"inLanguage\":\"tr\"},{\"@type\":\"Organization\",\"@id\":\"https:\\\/\\\/mirora.com\\\/#organization\",\"name\":\"Mirora\",\"url\":\"https:\\\/\\\/mirora.com\\\/\",\"logo\":{\"@type\":\"ImageObject\",\"inLanguage\":\"tr\",\"@id\":\"https:\\\/\\\/mirora.com\\\/#\\\/schema\\\/logo\\\/image\\\/\",\"url\":\"https:\\\/\\\/mirora.com\\\/wp-content\\\/uploads\\\/2023\\\/07\\\/MiroraLogo2.webp\",\"contentUrl\":\"https:\\\/\\\/mirora.com\\\/wp-content\\\/uploads\\\/2023\\\/07\\\/MiroraLogo2.webp\",\"width\":326,\"height\":108,\"caption\":\"Mirora\"},\"image\":{\"@id\":\"https:\\\/\\\/mirora.com\\\/#\\\/schema\\\/logo\\\/image\\\/\"}}]}<\/script>\n<!-- \/ Yoast SEO plugin. -->","yoast_head_json":{"title":"Diller - Mirora Translation","description":"Mirora.com 53 adet dilde \u00e7evirmenlik hizmeti sunuyor. Onlarca dil aras\u0131ndan en profesyonel \u015fekilde \u00e7evirmenlik hizmeti alabilirsiniz.","robots":{"index":"index","follow":"follow","max-snippet":"max-snippet:-1","max-image-preview":"max-image-preview:large","max-video-preview":"max-video-preview:-1"},"canonical":"https:\/\/mirora.com\/tr\/diller\/","og_locale":"tr_TR","og_type":"article","og_title":"Diller - Mirora Translation","og_description":"Mirora.com 53 adet dilde \u00e7evirmenlik hizmeti sunuyor. Onlarca dil aras\u0131ndan en profesyonel \u015fekilde \u00e7evirmenlik hizmeti alabilirsiniz.","og_url":"https:\/\/mirora.com\/tr\/diller\/","og_site_name":"Mirora Translation","article_modified_time":"2025-12-15T07:37:53+00:00","og_image":[{"url":"https:\/\/mirora.com\/wp-content\/uploads\/2024\/06\/anasa_diller-1.jpg","type":"","width":"","height":""}],"twitter_card":"summary_large_image","twitter_misc":{"Tahmini okuma s\u00fcresi":"1 dakika"},"schema":{"@context":"https:\/\/schema.org","@graph":[{"@type":"WebPage","@id":"https:\/\/mirora.com\/diller\/","url":"https:\/\/mirora.com\/diller\/","name":"Diller - Mirora Translation","isPartOf":{"@id":"https:\/\/mirora.com\/#website"},"primaryImageOfPage":{"@id":"https:\/\/mirora.com\/diller\/#primaryimage"},"image":{"@id":"https:\/\/mirora.com\/diller\/#primaryimage"},"thumbnailUrl":"https:\/\/mirora.com\/wp-content\/uploads\/2024\/06\/anasa_diller-1.jpg","datePublished":"2024-05-30T23:56:29+00:00","dateModified":"2025-12-15T07:37:53+00:00","description":"Mirora.com 53 adet dilde \u00e7evirmenlik hizmeti sunuyor. Onlarca dil aras\u0131ndan en profesyonel \u015fekilde \u00e7evirmenlik hizmeti alabilirsiniz.","inLanguage":"tr","potentialAction":[{"@type":"ReadAction","target":["https:\/\/mirora.com\/diller\/"]}]},{"@type":"ImageObject","inLanguage":"tr","@id":"https:\/\/mirora.com\/diller\/#primaryimage","url":"https:\/\/mirora.com\/wp-content\/uploads\/2024\/06\/anasa_diller-1.jpg","contentUrl":"https:\/\/mirora.com\/wp-content\/uploads\/2024\/06\/anasa_diller-1.jpg"},{"@type":"WebSite","@id":"https:\/\/mirora.com\/#website","url":"https:\/\/mirora.com\/","name":"Mirora Translation","description":"We Reflect Your Originals","publisher":{"@id":"https:\/\/mirora.com\/#organization"},"potentialAction":[{"@type":"SearchAction","target":{"@type":"EntryPoint","urlTemplate":"https:\/\/mirora.com\/?s={search_term_string}"},"query-input":{"@type":"PropertyValueSpecification","valueRequired":true,"valueName":"search_term_string"}}],"inLanguage":"tr"},{"@type":"Organization","@id":"https:\/\/mirora.com\/#organization","name":"Mirora","url":"https:\/\/mirora.com\/","logo":{"@type":"ImageObject","inLanguage":"tr","@id":"https:\/\/mirora.com\/#\/schema\/logo\/image\/","url":"https:\/\/mirora.com\/wp-content\/uploads\/2023\/07\/MiroraLogo2.webp","contentUrl":"https:\/\/mirora.com\/wp-content\/uploads\/2023\/07\/MiroraLogo2.webp","width":326,"height":108,"caption":"Mirora"},"image":{"@id":"https:\/\/mirora.com\/#\/schema\/logo\/image\/"}}]}},"_links":{"self":[{"href":"https:\/\/mirora.com\/tr\/wp-json\/wp\/v2\/pages\/6881","targetHints":{"allow":["GET"]}}],"collection":[{"href":"https:\/\/mirora.com\/tr\/wp-json\/wp\/v2\/pages"}],"about":[{"href":"https:\/\/mirora.com\/tr\/wp-json\/wp\/v2\/types\/page"}],"author":[{"embeddable":true,"href":"https:\/\/mirora.com\/tr\/wp-json\/wp\/v2\/users\/1"}],"replies":[{"embeddable":true,"href":"https:\/\/mirora.com\/tr\/wp-json\/wp\/v2\/comments?post=6881"}],"version-history":[{"count":112,"href":"https:\/\/mirora.com\/tr\/wp-json\/wp\/v2\/pages\/6881\/revisions"}],"predecessor-version":[{"id":22830,"href":"https:\/\/mirora.com\/tr\/wp-json\/wp\/v2\/pages\/6881\/revisions\/22830"}],"wp:attachment":[{"href":"https:\/\/mirora.com\/tr\/wp-json\/wp\/v2\/media?parent=6881"}],"curies":[{"name":"wp","href":"https:\/\/api.w.org\/{rel}","templated":true}]}}